{"id":287112,"date":"2022-08-25T13:12:14","date_gmt":"2022-08-25T12:12:14","guid":{"rendered":"https:\/\/ecosupplements.be\/product\/curcuma-extra-fort-mykind-organics-60-comprimes-vegetaliens\/"},"modified":"2025-08-27T14:18:32","modified_gmt":"2025-08-27T13:18:32","slug":"curcuma-extra-fort-mykind-organics-60-comprimes-vegetaliens","status":"publish","type":"product","link":"https:\/\/ecosupplements.be\/fr\/produit\/curcuma-extra-fort-mykind-organics-60-comprimes-vegetaliens\/","title":{"rendered":"Curcuma Extra Fort Mykind Organics &#8211; 60 comprim\u00e9s v\u00e9g\u00e9taliens"},"content":{"rendered":"<h1>Mykind Organics Extra\u2064 Strength Turmeric \u200d- 60 \u2064comprim\u00e9s v\u00e9g\u00e9taliens<\/h1>\n<p>D\u00e9couvrez les bienfaits\u2063 de la nature \u200davec Mykind Organics Extra\u200c Strength \u200bTurmeric.\u200b Ces comprim\u00e9s v\u00e9g\u00e9taliens \u2062sont formul\u00e9s avec une dose puissante \u2062de curcuma biologique pour \u2062vous \u2063offrir \u2062un soutien \u2064optimal pour votre sant\u00e9 et votre bien-\u00eatre.<\/p>\n<h2>Caract\u00e9ristiques\u200b sp\u00e9ciales:<\/h2>\n<ul>\n<li>Formule v\u00e9g\u00e9talienne\u200b certifi\u00e9e biologique<\/li>\n<li>Contient une dose puissante de\u2064 curcuma biologique<\/li>\n<li>Sans ingr\u00e9dients artificiels\u200b ni additifs<\/li>\n<li>Facile \u00e0 dig\u00e9rer<\/li>\n<li>Convient aux v\u00e9g\u00e9taliens \u200bet \u200baux v\u00e9g\u00e9tariens<\/li>\n<\/ul>\n<h2>Ingr\u00e9dients cl\u00e9s:<\/h2>\n<p>Chaque comprim\u00e9 contient 500\u200d mg de curcuma \u2064biologique,\u200c qui est \u2064riche en curcumine, un puissant antioxydant qui peut aider \u00e0 r\u00e9duire l&#8217;inflammation\u2062 et\u2063 \u00e0 renforcer le syst\u00e8me immunitaire. Le \u2063curcuma est \u00e9galement connu \u200bpour ses propri\u00e9t\u00e9s anti-inflammatoires et peut aider \u00e0 soulager les douleurs articulaires et\u2064 musculaires.<\/p>\n<h2>Avantages uniques:<\/h2>\n<ul>\n<li>Renforce \u2063le\u200c syst\u00e8me immunitaire<\/li>\n<li>Peut aider \u00e0 \u2064r\u00e9duire l&#8217;inflammation<\/li>\n<li>Soutient la sant\u00e9 des articulations et des muscles<\/li>\n<li>Contribue \u00e0 une peau saine et\u2062 \u00e9clatante<\/li>\n<li>Am\u00e9liore la digestion<\/li>\n<\/ul>\n<h2>Mode d&#8217;emploi:<\/h2>\n<p>Prenez \u200d1 \u200ccomprim\u00e9 par jour avec de l&#8217;eau ou selon les \u200drecommandations d&#8217;un professionnel de \u200dla sant\u00e9. Pour de meilleurs r\u00e9sultats,\u2064 prenez avec un repas.<\/p>\n<h2>\u00c0 propos de la marque:<\/h2>\n<p>Garden of Life est une marque de confiance dans l&#8217;industrie des compl\u00e9ments alimentaires. \u200bTous leurs produits sont fabriqu\u00e9s \u00e0 partir \u200cd&#8217;ingr\u00e9dients biologiques de haute \u200cqualit\u00e9 et \u2062sont exempts d&#8217;ingr\u00e9dients artificiels et d&#8217;additifs. Leur mission est de promouvoir une vie saine\u2063 et \u200ddurable pour\u2064 tous.<\/p>\n<p>Offrez \u00e0 votre corps le\u200c soutien dont il a \u2063besoin avec Mykind Organics Extra Strength Turmeric. \u200bCommandez\u200c d\u00e8s maintenant et d\u00e9couvrez les \u2064bienfaits \u2064de la nature \u2063pour votre \u200dsant\u00e9 et votre bien-\u00eatre.<\/p>\n","protected":false},"excerpt":{"rendered":"<p>Mykind Organics Extra\u2064 Strength Turmeric \u200d- 60 \u2064comprim\u00e9s v\u00e9g\u00e9taliens D\u00e9couvrez les bienfaits\u2063 de la nature \u200davec Mykind Organics Extra\u200c Strength \u200bTurmeric.\u200b Ces comprim\u00e9s v\u00e9g\u00e9taliens \u2062sont formul\u00e9s avec une dose puissante \u2062de curcuma biologique pour \u2062vous \u2063offrir \u2062un soutien \u2064optimal pour votre sant\u00e9 et votre bien-\u00eatre. Caract\u00e9ristiques\u200b sp\u00e9ciales: Formule v\u00e9g\u00e9talienne\u200b certifi\u00e9e biologique Contient une dose puissante [&#8230;]\n","protected":false},"featured_media":260413,"comment_status":"open","ping_status":"open","template":"","meta":[],"product_brand":[4810],"product_cat":[5054,5055,5087,5052],"product_tag":[],"class_list":{"0":"post-287112","1":"product","2":"type-product","3":"status-publish","4":"has-post-thumbnail","6":"product_brand-garden-of-life-2","7":"product_cat-nourriture-saine","8":"product_cat-produits-vegetaliens","9":"product_cat-sante-digestive-fibres","10":"product_cat-sante-et-bien-etre","12":"first","13":"instock","14":"taxable","15":"shipping-taxable","16":"purchasable","17":"product-type-simple"},"yoast_head":"<!-- This site is optimized with the Yoast SEO Premium plugin v27.3 (Yoast SEO v27.3) - https:\/\/yoast.com\/product\/yoast-seo-premium-wordpress\/ -->\n<title>Curcuma Extra Fort Mykind Organics - 60 comprim\u00e9s v\u00e9g\u00e9taliens - ECO Supplements<\/title>\n<meta name=\"description\" content=\"Wij hebben een ruime keuze aan producten van Curcuma Extra Fort Mykind Organics - 60 comprim\u00e9s v\u00e9g\u00e9taliens . Winkel bij Eco Supplements altijd gratis verzending boven 100\u20ac\" \/>\n<meta name=\"robots\" content=\"index, follow, max-snippet:-1, max-image-preview:large, max-video-preview:-1\" \/>\n<link rel=\"canonical\" href=\"https:\/\/ecosupplements.be\/fr\/produit\/curcuma-extra-fort-mykind-organics-60-comprimes-vegetaliens\/\" \/>\n<meta property=\"og:locale\" content=\"fr_FR\" \/>\n<meta property=\"og:type\" content=\"article\" \/>\n<meta property=\"og:title\" content=\"Curcuma Extra Fort Mykind Organics - 60 comprim\u00e9s v\u00e9g\u00e9taliens\" \/>\n<meta property=\"og:description\" content=\"Wij hebben een ruime keuze aan producten van Curcuma Extra Fort Mykind Organics - 60 comprim\u00e9s v\u00e9g\u00e9taliens . Winkel bij Eco Supplements altijd gratis verzending boven 100\u20ac\" \/>\n<meta property=\"og:url\" content=\"https:\/\/ecosupplements.be\/fr\/produit\/curcuma-extra-fort-mykind-organics-60-comprimes-vegetaliens\/\" \/>\n<meta property=\"og:site_name\" content=\"ECO Supplements\" \/>\n<meta property=\"article:modified_time\" content=\"2025-08-27T13:18:32+00:00\" \/>\n<meta property=\"og:image\" content=\"https:\/\/ecosupplements.be\/wp-content\/uploads\/2025\/08\/Mykind-Organics-Extra-Strength-Turmeric-60-vegan-tabs-1.jpg\" \/>\n\t<meta property=\"og:image:width\" content=\"600\" \/>\n\t<meta property=\"og:image:height\" content=\"600\" \/>\n\t<meta property=\"og:image:type\" content=\"image\/jpeg\" \/>\n<meta name=\"twitter:card\" content=\"summary_large_image\" \/>\n<meta name=\"twitter:label1\" content=\"Prix\" \/>\n\t<meta name=\"twitter:data1\" content=\"47.03&nbsp;&euro;\" \/>\n\t<meta name=\"twitter:label2\" content=\"Disponibilit\u00e9\" \/>\n\t<meta name=\"twitter:data2\" content=\"En stock\" \/>\n<script type=\"application\/ld+json\" class=\"yoast-schema-graph\">{\"@context\":\"https:\\\/\\\/schema.org\",\"@graph\":[{\"@type\":[\"WebPage\",\"ItemPage\"],\"@id\":\"https:\\\/\\\/ecosupplements.be\\\/fr\\\/produit\\\/curcuma-extra-fort-mykind-organics-60-comprimes-vegetaliens\\\/\",\"url\":\"https:\\\/\\\/ecosupplements.be\\\/fr\\\/produit\\\/curcuma-extra-fort-mykind-organics-60-comprimes-vegetaliens\\\/\",\"name\":\"Curcuma Extra Fort Mykind Organics - 60 comprim\u00e9s v\u00e9g\u00e9taliens - ECO Supplements\",\"isPartOf\":{\"@id\":\"https:\\\/\\\/ecosupplements.be\\\/fr\\\/#website\"},\"primaryImageOfPage\":{\"@id\":\"https:\\\/\\\/ecosupplements.be\\\/fr\\\/produit\\\/curcuma-extra-fort-mykind-organics-60-comprimes-vegetaliens\\\/#primaryimage\"},\"image\":{\"@id\":\"https:\\\/\\\/ecosupplements.be\\\/fr\\\/produit\\\/curcuma-extra-fort-mykind-organics-60-comprimes-vegetaliens\\\/#primaryimage\"},\"thumbnailUrl\":\"https:\\\/\\\/ecosupplements.be\\\/wp-content\\\/uploads\\\/2025\\\/08\\\/Mykind-Organics-Extra-Strength-Turmeric-60-vegan-tabs.jpg\",\"datePublished\":\"2022-08-25T12:12:14+00:00\",\"dateModified\":\"2025-08-27T13:18:32+00:00\",\"description\":\"Wij hebben een ruime keuze aan producten van Curcuma Extra Fort Mykind Organics - 60 comprim\u00e9s v\u00e9g\u00e9taliens . Winkel bij Eco Supplements altijd gratis verzending boven 100\u20ac\",\"breadcrumb\":{\"@id\":\"https:\\\/\\\/ecosupplements.be\\\/fr\\\/produit\\\/curcuma-extra-fort-mykind-organics-60-comprimes-vegetaliens\\\/#breadcrumb\"},\"inLanguage\":\"fr-FR\",\"potentialAction\":[{\"@type\":\"ReadAction\",\"target\":[\"https:\\\/\\\/ecosupplements.be\\\/fr\\\/produit\\\/curcuma-extra-fort-mykind-organics-60-comprimes-vegetaliens\\\/\"]}]},{\"@type\":\"ImageObject\",\"inLanguage\":\"fr-FR\",\"@id\":\"https:\\\/\\\/ecosupplements.be\\\/fr\\\/produit\\\/curcuma-extra-fort-mykind-organics-60-comprimes-vegetaliens\\\/#primaryimage\",\"url\":\"https:\\\/\\\/ecosupplements.be\\\/wp-content\\\/uploads\\\/2025\\\/08\\\/Mykind-Organics-Extra-Strength-Turmeric-60-vegan-tabs.jpg\",\"contentUrl\":\"https:\\\/\\\/ecosupplements.be\\\/wp-content\\\/uploads\\\/2025\\\/08\\\/Mykind-Organics-Extra-Strength-Turmeric-60-vegan-tabs.jpg\",\"width\":600,\"height\":600},{\"@type\":\"BreadcrumbList\",\"@id\":\"https:\\\/\\\/ecosupplements.be\\\/fr\\\/produit\\\/curcuma-extra-fort-mykind-organics-60-comprimes-vegetaliens\\\/#breadcrumb\",\"itemListElement\":[{\"@type\":\"ListItem\",\"position\":1,\"name\":\"Home\",\"item\":\"https:\\\/\\\/ecosupplements.be\\\/fr\\\/\"},{\"@type\":\"ListItem\",\"position\":2,\"name\":\"Boutique\",\"item\":\"https:\\\/\\\/ecosupplements.be\\\/fr\\\/boutique\\\/\"},{\"@type\":\"ListItem\",\"position\":3,\"name\":\"Curcuma Extra Fort Mykind Organics &#8211; 60 comprim\u00e9s v\u00e9g\u00e9taliens\"}]},{\"@type\":\"WebSite\",\"@id\":\"https:\\\/\\\/ecosupplements.be\\\/fr\\\/#website\",\"url\":\"https:\\\/\\\/ecosupplements.be\\\/fr\\\/\",\"name\":\"ECO Supplements\",\"description\":\"Eco Supplements - Gezonde supplementen\",\"publisher\":{\"@id\":\"https:\\\/\\\/ecosupplements.be\\\/fr\\\/#organization\"},\"potentialAction\":[{\"@type\":\"SearchAction\",\"target\":{\"@type\":\"EntryPoint\",\"urlTemplate\":\"https:\\\/\\\/ecosupplements.be\\\/fr\\\/?s={search_term_string}\"},\"query-input\":{\"@type\":\"PropertyValueSpecification\",\"valueRequired\":true,\"valueName\":\"search_term_string\"}}],\"inLanguage\":\"fr-FR\"},{\"@type\":\"Organization\",\"@id\":\"https:\\\/\\\/ecosupplements.be\\\/fr\\\/#organization\",\"name\":\"Eco Supplements\",\"url\":\"https:\\\/\\\/ecosupplements.be\\\/fr\\\/\",\"logo\":{\"@type\":\"ImageObject\",\"inLanguage\":\"fr-FR\",\"@id\":\"https:\\\/\\\/ecosupplements.be\\\/fr\\\/#\\\/schema\\\/logo\\\/image\\\/\",\"url\":\"https:\\\/\\\/ecosupplements.be\\\/wp-content\\\/uploads\\\/2022\\\/06\\\/ecosupplement-family.png\",\"contentUrl\":\"https:\\\/\\\/ecosupplements.be\\\/wp-content\\\/uploads\\\/2022\\\/06\\\/ecosupplement-family.png\",\"width\":593,\"height\":374,\"caption\":\"Eco Supplements\"},\"image\":{\"@id\":\"https:\\\/\\\/ecosupplements.be\\\/fr\\\/#\\\/schema\\\/logo\\\/image\\\/\"}}]}<\/script>\n<meta property=\"product:brand\" content=\"Garden of Life\" \/>\n<meta property=\"product:price:amount\" content=\"47.03\" \/>\n<meta property=\"product:price:currency\" content=\"EUR\" \/>\n<meta property=\"og:availability\" content=\"instock\" \/>\n<meta property=\"product:availability\" content=\"instock\" \/>\n<meta property=\"product:retailer_item_id\" content=\"658010121903\" \/>\n<meta property=\"product:condition\" content=\"new\" \/>\n<!-- \/ Yoast SEO Premium plugin. -->","yoast_head_json":{"title":"Curcuma Extra Fort Mykind Organics - 60 comprim\u00e9s v\u00e9g\u00e9taliens - ECO Supplements","description":"Wij hebben een ruime keuze aan producten van Curcuma Extra Fort Mykind Organics - 60 comprim\u00e9s v\u00e9g\u00e9taliens . Winkel bij Eco Supplements altijd gratis verzending boven 100\u20ac","robots":{"index":"index","follow":"follow","max-snippet":"max-snippet:-1","max-image-preview":"max-image-preview:large","max-video-preview":"max-video-preview:-1"},"canonical":"https:\/\/ecosupplements.be\/fr\/produit\/curcuma-extra-fort-mykind-organics-60-comprimes-vegetaliens\/","og_locale":"fr_FR","og_type":"article","og_title":"Curcuma Extra Fort Mykind Organics - 60 comprim\u00e9s v\u00e9g\u00e9taliens","og_description":"Wij hebben een ruime keuze aan producten van Curcuma Extra Fort Mykind Organics - 60 comprim\u00e9s v\u00e9g\u00e9taliens . Winkel bij Eco Supplements altijd gratis verzending boven 100\u20ac","og_url":"https:\/\/ecosupplements.be\/fr\/produit\/curcuma-extra-fort-mykind-organics-60-comprimes-vegetaliens\/","og_site_name":"ECO Supplements","article_modified_time":"2025-08-27T13:18:32+00:00","og_image":[{"width":600,"height":600,"url":"https:\/\/ecosupplements.be\/wp-content\/uploads\/2025\/08\/Mykind-Organics-Extra-Strength-Turmeric-60-vegan-tabs-1.jpg","type":"image\/jpeg"}],"twitter_card":"summary_large_image","twitter_misc":{"Prix":"47.03&nbsp;&euro;","Disponibilit\u00e9":"En stock"},"schema":{"@context":"https:\/\/schema.org","@graph":[{"@type":["WebPage","ItemPage"],"@id":"https:\/\/ecosupplements.be\/fr\/produit\/curcuma-extra-fort-mykind-organics-60-comprimes-vegetaliens\/","url":"https:\/\/ecosupplements.be\/fr\/produit\/curcuma-extra-fort-mykind-organics-60-comprimes-vegetaliens\/","name":"Curcuma Extra Fort Mykind Organics - 60 comprim\u00e9s v\u00e9g\u00e9taliens - ECO Supplements","isPartOf":{"@id":"https:\/\/ecosupplements.be\/fr\/#website"},"primaryImageOfPage":{"@id":"https:\/\/ecosupplements.be\/fr\/produit\/curcuma-extra-fort-mykind-organics-60-comprimes-vegetaliens\/#primaryimage"},"image":{"@id":"https:\/\/ecosupplements.be\/fr\/produit\/curcuma-extra-fort-mykind-organics-60-comprimes-vegetaliens\/#primaryimage"},"thumbnailUrl":"https:\/\/ecosupplements.be\/wp-content\/uploads\/2025\/08\/Mykind-Organics-Extra-Strength-Turmeric-60-vegan-tabs.jpg","datePublished":"2022-08-25T12:12:14+00:00","dateModified":"2025-08-27T13:18:32+00:00","description":"Wij hebben een ruime keuze aan producten van Curcuma Extra Fort Mykind Organics - 60 comprim\u00e9s v\u00e9g\u00e9taliens . Winkel bij Eco Supplements altijd gratis verzending boven 100\u20ac","breadcrumb":{"@id":"https:\/\/ecosupplements.be\/fr\/produit\/curcuma-extra-fort-mykind-organics-60-comprimes-vegetaliens\/#breadcrumb"},"inLanguage":"fr-FR","potentialAction":[{"@type":"ReadAction","target":["https:\/\/ecosupplements.be\/fr\/produit\/curcuma-extra-fort-mykind-organics-60-comprimes-vegetaliens\/"]}]},{"@type":"ImageObject","inLanguage":"fr-FR","@id":"https:\/\/ecosupplements.be\/fr\/produit\/curcuma-extra-fort-mykind-organics-60-comprimes-vegetaliens\/#primaryimage","url":"https:\/\/ecosupplements.be\/wp-content\/uploads\/2025\/08\/Mykind-Organics-Extra-Strength-Turmeric-60-vegan-tabs.jpg","contentUrl":"https:\/\/ecosupplements.be\/wp-content\/uploads\/2025\/08\/Mykind-Organics-Extra-Strength-Turmeric-60-vegan-tabs.jpg","width":600,"height":600},{"@type":"BreadcrumbList","@id":"https:\/\/ecosupplements.be\/fr\/produit\/curcuma-extra-fort-mykind-organics-60-comprimes-vegetaliens\/#breadcrumb","itemListElement":[{"@type":"ListItem","position":1,"name":"Home","item":"https:\/\/ecosupplements.be\/fr\/"},{"@type":"ListItem","position":2,"name":"Boutique","item":"https:\/\/ecosupplements.be\/fr\/boutique\/"},{"@type":"ListItem","position":3,"name":"Curcuma Extra Fort Mykind Organics &#8211; 60 comprim\u00e9s v\u00e9g\u00e9taliens"}]},{"@type":"WebSite","@id":"https:\/\/ecosupplements.be\/fr\/#website","url":"https:\/\/ecosupplements.be\/fr\/","name":"ECO Supplements","description":"Eco Supplements - Gezonde supplementen","publisher":{"@id":"https:\/\/ecosupplements.be\/fr\/#organization"},"potentialAction":[{"@type":"SearchAction","target":{"@type":"EntryPoint","urlTemplate":"https:\/\/ecosupplements.be\/fr\/?s={search_term_string}"},"query-input":{"@type":"PropertyValueSpecification","valueRequired":true,"valueName":"search_term_string"}}],"inLanguage":"fr-FR"},{"@type":"Organization","@id":"https:\/\/ecosupplements.be\/fr\/#organization","name":"Eco Supplements","url":"https:\/\/ecosupplements.be\/fr\/","logo":{"@type":"ImageObject","inLanguage":"fr-FR","@id":"https:\/\/ecosupplements.be\/fr\/#\/schema\/logo\/image\/","url":"https:\/\/ecosupplements.be\/wp-content\/uploads\/2022\/06\/ecosupplement-family.png","contentUrl":"https:\/\/ecosupplements.be\/wp-content\/uploads\/2022\/06\/ecosupplement-family.png","width":593,"height":374,"caption":"Eco Supplements"},"image":{"@id":"https:\/\/ecosupplements.be\/fr\/#\/schema\/logo\/image\/"}}]},"product_brand":"Garden of Life","product_price_amount":"47.03","product_price_currency":"EUR","og_availability":"instock","product_availability":"instock","product_retailer_item_id":"658010121903","product_condition":"new"},"_links":{"self":[{"href":"https:\/\/ecosupplements.be\/fr\/wp-json\/wp\/v2\/product\/287112","targetHints":{"allow":["GET"]}}],"collection":[{"href":"https:\/\/ecosupplements.be\/fr\/wp-json\/wp\/v2\/product"}],"about":[{"href":"https:\/\/ecosupplements.be\/fr\/wp-json\/wp\/v2\/types\/product"}],"replies":[{"embeddable":true,"href":"https:\/\/ecosupplements.be\/fr\/wp-json\/wp\/v2\/comments?post=287112"}],"wp:featuredmedia":[{"embeddable":true,"href":"https:\/\/ecosupplements.be\/fr\/wp-json\/wp\/v2\/media\/260413"}],"wp:attachment":[{"href":"https:\/\/ecosupplements.be\/fr\/wp-json\/wp\/v2\/media?parent=287112"}],"wp:term":[{"taxonomy":"product_brand","embeddable":true,"href":"https:\/\/ecosupplements.be\/fr\/wp-json\/wp\/v2\/product_brand?post=287112"},{"taxonomy":"product_cat","embeddable":true,"href":"https:\/\/ecosupplements.be\/fr\/wp-json\/wp\/v2\/product_cat?post=287112"},{"taxonomy":"product_tag","embeddable":true,"href":"https:\/\/ecosupplements.be\/fr\/wp-json\/wp\/v2\/product_tag?post=287112"}],"curies":[{"name":"wp","href":"https:\/\/api.w.org\/{rel}","templated":true}]}}