{"id":287115,"date":"2022-08-25T13:12:14","date_gmt":"2022-08-25T12:12:14","guid":{"rendered":"https:\/\/ecosupplements.be\/product\/gummies-multivitamines-pour-enfants-mykind-organics-saveur-de-fruits-biologiques-120-oursons-gelifies-vegetaliens\/"},"modified":"2025-08-27T14:18:34","modified_gmt":"2025-08-27T13:18:34","slug":"gummies-multivitamines-pour-enfants-mykind-organics-saveur-de-fruits-biologiques-120-oursons-gelifies-vegetaliens","status":"publish","type":"product","link":"https:\/\/ecosupplements.be\/fr\/produit\/gummies-multivitamines-pour-enfants-mykind-organics-saveur-de-fruits-biologiques-120-oursons-gelifies-vegetaliens\/","title":{"rendered":"Gummies multivitamin\u00e9s pour enfants Mykind Organics, saveur de fruits biologiques &#8211; 120 oursons g\u00e9lifi\u00e9s v\u00e9g\u00e9taliens"},"content":{"rendered":"<h1>D\u00e9couvrez les multivitamines pour enfants \u200bMykind Organics Gummies<\/h1>\n<p>Les multivitamines pour enfants Mykind Organics Gummies sont \u200ddes compl\u00e9ments alimentaires \u00e0 base \u200cde fruits biologiques, \u2063sp\u00e9cialement con\u00e7us pour r\u00e9pondre aux \u200bbesoins nutritionnels des enfants. Ces\u200d d\u00e9licieuses\u200b gommes vegan \u200dsont formul\u00e9es avec des ingr\u00e9dients naturels et biologiques pour offrir une\u2062 solution saine et \u2064savoureuse \u200cpour les \u2062enfants.<\/p>\n<h2>Caract\u00e9ristiques sp\u00e9ciales<\/h2>\n<ul>\n<li>Formule \u00e0\u2063 base de\u2063 fruits biologiques<\/li>\n<li>120 gommes vegan par bouteille<\/li>\n<li>Sans colorants artificiels, ar\u00f4mes \u200cou \u00e9dulcorants<\/li>\n<li>Sans g\u00e9latine ni produits laitiers<\/li>\n<li>Certifi\u00e9 biologique par le d\u00e9partement de l&#8217;Agriculture des \u00c9tats-Unis \u200c(USDA)<\/li>\n<li>Sans gluten, soja ni OGM<\/li>\n<\/ul>\n<h2>Ingr\u00e9dients\u2063 cl\u00e9s<\/h2>\n<ul>\n<li>Vitamines A,\u200d C, D3, E,\u200d B6 et B12 pour soutenir la croissance \u200det le d\u00e9veloppement des enfants<\/li>\n<li>Zinc\u2062 pour renforcer le syst\u00e8me immunitaire<\/li>\n<li>Iode\u2062 pour soutenir la fonction thyro\u00efdienne<\/li>\n<li>Choline pour favoriser la sant\u00e9\u2064 c\u00e9r\u00e9brale\u2064 et\u200c le d\u00e9veloppement cognitif<\/li>\n<\/ul>\n<h2>Avantages uniques<\/h2>\n<p>Les multivitamines pour enfants Mykind \u2062Organics Gummies sont un moyen\u200b pratique et d\u00e9licieux de fournir \u200c\u00e0 vos enfants les nutriments essentiels dont ils ont besoin pour\u200b une croissance et\u2062 un d\u00e9veloppement \u200dsains. Les ingr\u00e9dients\u2062 biologiques et naturels garantissent\u200c une\u200c formule s\u00fbre et sans produits chimiques nocifs. De plus,\u200b ces gommes sont \u200cfaciles \u00e0 m\u00e2cher et ont un d\u00e9licieux go\u00fbt de \u2064fruits, ce qui les rend parfaites pour les enfants qui ont du mal \u00e0 avaler des comprim\u00e9s ou des capsules.<\/p>\n<h2>Conseils \u2064d&#8217;utilisation<\/h2>\n<p>Donnez \u00e0 votre enfant\u2064 2 gommes par jour,\u200b de pr\u00e9f\u00e9rence avec un repas. Les gommes peuvent \u00eatre m\u00e2ch\u00e9es ou aval\u00e9es \u200benti\u00e8res.<\/p>\n<h2>\u00c0 propos de la \u200bmarque<\/h2>\n<p>Garden of Life est une marque de confiance dans l&#8217;industrie des compl\u00e9ments alimentaires, qui\u2064 s&#8217;engage \u00e0 fournir des produits de qualit\u00e9 sup\u00e9rieure \u00e0 base d&#8217;ingr\u00e9dients naturels et biologiques. \u2062Tous leurs produits sont certifi\u00e9s biologiques par l&#8217;USDA et sont exempts de produits chimiques \u200cnocifs. Avec les multivitamines pour \u2064enfants Mykind Organics Gummies, vous pouvez \u00eatre s\u00fbr de donner \u00e0 votre\u200c enfant le meilleur de la\u200d nature pour une sant\u00e9 optimale. Commandez d\u00e8s maintenant et offrez \u00e0\u2064 votre enfant une nutrition compl\u00e8te et d\u00e9licieuse !<\/p>\n","protected":false},"excerpt":{"rendered":"<p>D\u00e9couvrez les multivitamines pour enfants \u200bMykind Organics Gummies Les multivitamines pour enfants Mykind Organics Gummies sont \u200ddes compl\u00e9ments alimentaires \u00e0 base \u200cde fruits biologiques, \u2063sp\u00e9cialement con\u00e7us pour r\u00e9pondre aux \u200bbesoins nutritionnels des enfants. Ces\u200d d\u00e9licieuses\u200b gommes vegan \u200dsont formul\u00e9es avec des ingr\u00e9dients naturels et biologiques pour offrir une\u2062 solution saine et \u2064savoureuse \u200cpour les \u2062enfants. [&#8230;]\n","protected":false},"featured_media":260419,"comment_status":"open","ping_status":"open","template":"","meta":[],"product_brand":[4810],"product_cat":[5052,5053],"product_tag":[],"class_list":{"0":"post-287115","1":"product","2":"type-product","3":"status-publish","4":"has-post-thumbnail","6":"product_brand-garden-of-life-2","7":"product_cat-sante-et-bien-etre","8":"product_cat-vitamines-et-mineraux","10":"first","11":"instock","12":"taxable","13":"shipping-taxable","14":"purchasable","15":"product-type-simple"},"yoast_head":"<!-- This site is optimized with the Yoast SEO Premium plugin v27.5 (Yoast SEO v27.5) - https:\/\/yoast.com\/product\/yoast-seo-premium-wordpress\/ -->\n<title>Gummies multivitamin\u00e9s pour enfants Mykind Organics, saveur de fruits biologiques - 120 oursons g\u00e9lifi\u00e9s v\u00e9g\u00e9taliens - ECO Supplements<\/title>\n<meta name=\"description\" content=\"Wij hebben een ruime keuze aan producten van Gummies multivitamin\u00e9s pour enfants Mykind Organics, saveur de fruits biologiques - 120 oursons g\u00e9lifi\u00e9s v\u00e9g\u00e9taliens . Winkel bij Eco Supplements altijd gratis verzending boven 100\u20ac\" \/>\n<meta name=\"robots\" content=\"index, follow, max-snippet:-1, max-image-preview:large, max-video-preview:-1\" \/>\n<link rel=\"canonical\" href=\"https:\/\/ecosupplements.be\/fr\/produit\/gummies-multivitamines-pour-enfants-mykind-organics-saveur-de-fruits-biologiques-120-oursons-gelifies-vegetaliens\/\" \/>\n<meta property=\"og:locale\" content=\"fr_FR\" \/>\n<meta property=\"og:type\" content=\"article\" \/>\n<meta property=\"og:title\" content=\"Gummies multivitamin\u00e9s pour enfants Mykind Organics, saveur de fruits biologiques - 120 oursons g\u00e9lifi\u00e9s v\u00e9g\u00e9taliens\" \/>\n<meta property=\"og:description\" content=\"Wij hebben een ruime keuze aan producten van Gummies multivitamin\u00e9s pour enfants Mykind Organics, saveur de fruits biologiques - 120 oursons g\u00e9lifi\u00e9s v\u00e9g\u00e9taliens . Winkel bij Eco Supplements altijd gratis verzending boven 100\u20ac\" \/>\n<meta property=\"og:url\" content=\"https:\/\/ecosupplements.be\/fr\/produit\/gummies-multivitamines-pour-enfants-mykind-organics-saveur-de-fruits-biologiques-120-oursons-gelifies-vegetaliens\/\" \/>\n<meta property=\"og:site_name\" content=\"ECO Supplements\" \/>\n<meta property=\"article:modified_time\" content=\"2025-08-27T13:18:34+00:00\" \/>\n<meta property=\"og:image\" content=\"https:\/\/ecosupplements.be\/wp-content\/uploads\/2025\/08\/Mykind-Organics-Kids-Multi-Gummies-Organic-Fruit-Flavor-120-vegan-gummy-bears-1.jpg\" \/>\n\t<meta property=\"og:image:width\" content=\"514\" \/>\n\t<meta property=\"og:image:height\" content=\"963\" \/>\n\t<meta property=\"og:image:type\" content=\"image\/jpeg\" \/>\n<meta name=\"twitter:card\" content=\"summary_large_image\" \/>\n<meta name=\"twitter:label1\" content=\"Prix\" \/>\n\t<meta name=\"twitter:data1\" content=\"54.03&nbsp;&euro;\" \/>\n\t<meta name=\"twitter:label2\" content=\"Disponibilit\u00e9\" \/>\n\t<meta name=\"twitter:data2\" content=\"En stock\" \/>\n<script type=\"application\/ld+json\" class=\"yoast-schema-graph\">{\"@context\":\"https:\\\/\\\/schema.org\",\"@graph\":[{\"@type\":[\"WebPage\",\"ItemPage\"],\"@id\":\"https:\\\/\\\/ecosupplements.be\\\/fr\\\/produit\\\/gummies-multivitamines-pour-enfants-mykind-organics-saveur-de-fruits-biologiques-120-oursons-gelifies-vegetaliens\\\/\",\"url\":\"https:\\\/\\\/ecosupplements.be\\\/fr\\\/produit\\\/gummies-multivitamines-pour-enfants-mykind-organics-saveur-de-fruits-biologiques-120-oursons-gelifies-vegetaliens\\\/\",\"name\":\"Gummies multivitamin\u00e9s pour enfants Mykind Organics, saveur de fruits biologiques - 120 oursons g\u00e9lifi\u00e9s v\u00e9g\u00e9taliens - ECO Supplements\",\"isPartOf\":{\"@id\":\"https:\\\/\\\/ecosupplements.be\\\/fr\\\/#website\"},\"primaryImageOfPage\":{\"@id\":\"https:\\\/\\\/ecosupplements.be\\\/fr\\\/produit\\\/gummies-multivitamines-pour-enfants-mykind-organics-saveur-de-fruits-biologiques-120-oursons-gelifies-vegetaliens\\\/#primaryimage\"},\"image\":{\"@id\":\"https:\\\/\\\/ecosupplements.be\\\/fr\\\/produit\\\/gummies-multivitamines-pour-enfants-mykind-organics-saveur-de-fruits-biologiques-120-oursons-gelifies-vegetaliens\\\/#primaryimage\"},\"thumbnailUrl\":\"https:\\\/\\\/ecosupplements.be\\\/wp-content\\\/uploads\\\/2025\\\/08\\\/Mykind-Organics-Kids-Multi-Gummies-Organic-Fruit-Flavor-120-vegan-gummy-bears.jpg\",\"datePublished\":\"2022-08-25T12:12:14+00:00\",\"dateModified\":\"2025-08-27T13:18:34+00:00\",\"description\":\"Wij hebben een ruime keuze aan producten van Gummies multivitamin\u00e9s pour enfants Mykind Organics, saveur de fruits biologiques - 120 oursons g\u00e9lifi\u00e9s v\u00e9g\u00e9taliens . Winkel bij Eco Supplements altijd gratis verzending boven 100\u20ac\",\"breadcrumb\":{\"@id\":\"https:\\\/\\\/ecosupplements.be\\\/fr\\\/produit\\\/gummies-multivitamines-pour-enfants-mykind-organics-saveur-de-fruits-biologiques-120-oursons-gelifies-vegetaliens\\\/#breadcrumb\"},\"inLanguage\":\"fr-FR\",\"potentialAction\":[{\"@type\":\"ReadAction\",\"target\":[\"https:\\\/\\\/ecosupplements.be\\\/fr\\\/produit\\\/gummies-multivitamines-pour-enfants-mykind-organics-saveur-de-fruits-biologiques-120-oursons-gelifies-vegetaliens\\\/\"]}]},{\"@type\":\"ImageObject\",\"inLanguage\":\"fr-FR\",\"@id\":\"https:\\\/\\\/ecosupplements.be\\\/fr\\\/produit\\\/gummies-multivitamines-pour-enfants-mykind-organics-saveur-de-fruits-biologiques-120-oursons-gelifies-vegetaliens\\\/#primaryimage\",\"url\":\"https:\\\/\\\/ecosupplements.be\\\/wp-content\\\/uploads\\\/2025\\\/08\\\/Mykind-Organics-Kids-Multi-Gummies-Organic-Fruit-Flavor-120-vegan-gummy-bears.jpg\",\"contentUrl\":\"https:\\\/\\\/ecosupplements.be\\\/wp-content\\\/uploads\\\/2025\\\/08\\\/Mykind-Organics-Kids-Multi-Gummies-Organic-Fruit-Flavor-120-vegan-gummy-bears.jpg\",\"width\":514,\"height\":963},{\"@type\":\"BreadcrumbList\",\"@id\":\"https:\\\/\\\/ecosupplements.be\\\/fr\\\/produit\\\/gummies-multivitamines-pour-enfants-mykind-organics-saveur-de-fruits-biologiques-120-oursons-gelifies-vegetaliens\\\/#breadcrumb\",\"itemListElement\":[{\"@type\":\"ListItem\",\"position\":1,\"name\":\"Home\",\"item\":\"https:\\\/\\\/ecosupplements.be\\\/fr\\\/\"},{\"@type\":\"ListItem\",\"position\":2,\"name\":\"Boutique\",\"item\":\"https:\\\/\\\/ecosupplements.be\\\/fr\\\/boutique\\\/\"},{\"@type\":\"ListItem\",\"position\":3,\"name\":\"Gummies multivitamin\u00e9s pour enfants Mykind Organics, saveur de fruits biologiques &#8211; 120 oursons g\u00e9lifi\u00e9s v\u00e9g\u00e9taliens\"}]},{\"@type\":\"WebSite\",\"@id\":\"https:\\\/\\\/ecosupplements.be\\\/fr\\\/#website\",\"url\":\"https:\\\/\\\/ecosupplements.be\\\/fr\\\/\",\"name\":\"ECO Supplements\",\"description\":\"Eco Supplements - Gezonde supplementen\",\"publisher\":{\"@id\":\"https:\\\/\\\/ecosupplements.be\\\/fr\\\/#organization\"},\"potentialAction\":[{\"@type\":\"SearchAction\",\"target\":{\"@type\":\"EntryPoint\",\"urlTemplate\":\"https:\\\/\\\/ecosupplements.be\\\/fr\\\/?s={search_term_string}\"},\"query-input\":{\"@type\":\"PropertyValueSpecification\",\"valueRequired\":true,\"valueName\":\"search_term_string\"}}],\"inLanguage\":\"fr-FR\"},{\"@type\":\"Organization\",\"@id\":\"https:\\\/\\\/ecosupplements.be\\\/fr\\\/#organization\",\"name\":\"Eco Supplements\",\"url\":\"https:\\\/\\\/ecosupplements.be\\\/fr\\\/\",\"logo\":{\"@type\":\"ImageObject\",\"inLanguage\":\"fr-FR\",\"@id\":\"https:\\\/\\\/ecosupplements.be\\\/fr\\\/#\\\/schema\\\/logo\\\/image\\\/\",\"url\":\"https:\\\/\\\/ecosupplements.be\\\/wp-content\\\/uploads\\\/2022\\\/06\\\/ecosupplement-family.png\",\"contentUrl\":\"https:\\\/\\\/ecosupplements.be\\\/wp-content\\\/uploads\\\/2022\\\/06\\\/ecosupplement-family.png\",\"width\":593,\"height\":374,\"caption\":\"Eco Supplements\"},\"image\":{\"@id\":\"https:\\\/\\\/ecosupplements.be\\\/fr\\\/#\\\/schema\\\/logo\\\/image\\\/\"}}]}<\/script>\n<meta property=\"product:brand\" content=\"Garden of Life\" \/>\n<meta property=\"product:price:amount\" content=\"54.03\" \/>\n<meta property=\"product:price:currency\" content=\"EUR\" \/>\n<meta property=\"og:availability\" content=\"instock\" \/>\n<meta property=\"product:availability\" content=\"instock\" \/>\n<meta property=\"product:retailer_item_id\" content=\"658010120272\" \/>\n<meta property=\"product:condition\" content=\"new\" \/>\n<!-- \/ Yoast SEO Premium plugin. -->","yoast_head_json":{"title":"Gummies multivitamin\u00e9s pour enfants Mykind Organics, saveur de fruits biologiques - 120 oursons g\u00e9lifi\u00e9s v\u00e9g\u00e9taliens - ECO Supplements","description":"Wij hebben een ruime keuze aan producten van Gummies multivitamin\u00e9s pour enfants Mykind Organics, saveur de fruits biologiques - 120 oursons g\u00e9lifi\u00e9s v\u00e9g\u00e9taliens . Winkel bij Eco Supplements altijd gratis verzending boven 100\u20ac","robots":{"index":"index","follow":"follow","max-snippet":"max-snippet:-1","max-image-preview":"max-image-preview:large","max-video-preview":"max-video-preview:-1"},"canonical":"https:\/\/ecosupplements.be\/fr\/produit\/gummies-multivitamines-pour-enfants-mykind-organics-saveur-de-fruits-biologiques-120-oursons-gelifies-vegetaliens\/","og_locale":"fr_FR","og_type":"article","og_title":"Gummies multivitamin\u00e9s pour enfants Mykind Organics, saveur de fruits biologiques - 120 oursons g\u00e9lifi\u00e9s v\u00e9g\u00e9taliens","og_description":"Wij hebben een ruime keuze aan producten van Gummies multivitamin\u00e9s pour enfants Mykind Organics, saveur de fruits biologiques - 120 oursons g\u00e9lifi\u00e9s v\u00e9g\u00e9taliens . Winkel bij Eco Supplements altijd gratis verzending boven 100\u20ac","og_url":"https:\/\/ecosupplements.be\/fr\/produit\/gummies-multivitamines-pour-enfants-mykind-organics-saveur-de-fruits-biologiques-120-oursons-gelifies-vegetaliens\/","og_site_name":"ECO Supplements","article_modified_time":"2025-08-27T13:18:34+00:00","og_image":[{"width":514,"height":963,"url":"https:\/\/ecosupplements.be\/wp-content\/uploads\/2025\/08\/Mykind-Organics-Kids-Multi-Gummies-Organic-Fruit-Flavor-120-vegan-gummy-bears-1.jpg","type":"image\/jpeg"}],"twitter_card":"summary_large_image","twitter_misc":{"Prix":"54.03&nbsp;&euro;","Disponibilit\u00e9":"En stock"},"schema":{"@context":"https:\/\/schema.org","@graph":[{"@type":["WebPage","ItemPage"],"@id":"https:\/\/ecosupplements.be\/fr\/produit\/gummies-multivitamines-pour-enfants-mykind-organics-saveur-de-fruits-biologiques-120-oursons-gelifies-vegetaliens\/","url":"https:\/\/ecosupplements.be\/fr\/produit\/gummies-multivitamines-pour-enfants-mykind-organics-saveur-de-fruits-biologiques-120-oursons-gelifies-vegetaliens\/","name":"Gummies multivitamin\u00e9s pour enfants Mykind Organics, saveur de fruits biologiques - 120 oursons g\u00e9lifi\u00e9s v\u00e9g\u00e9taliens - ECO Supplements","isPartOf":{"@id":"https:\/\/ecosupplements.be\/fr\/#website"},"primaryImageOfPage":{"@id":"https:\/\/ecosupplements.be\/fr\/produit\/gummies-multivitamines-pour-enfants-mykind-organics-saveur-de-fruits-biologiques-120-oursons-gelifies-vegetaliens\/#primaryimage"},"image":{"@id":"https:\/\/ecosupplements.be\/fr\/produit\/gummies-multivitamines-pour-enfants-mykind-organics-saveur-de-fruits-biologiques-120-oursons-gelifies-vegetaliens\/#primaryimage"},"thumbnailUrl":"https:\/\/ecosupplements.be\/wp-content\/uploads\/2025\/08\/Mykind-Organics-Kids-Multi-Gummies-Organic-Fruit-Flavor-120-vegan-gummy-bears.jpg","datePublished":"2022-08-25T12:12:14+00:00","dateModified":"2025-08-27T13:18:34+00:00","description":"Wij hebben een ruime keuze aan producten van Gummies multivitamin\u00e9s pour enfants Mykind Organics, saveur de fruits biologiques - 120 oursons g\u00e9lifi\u00e9s v\u00e9g\u00e9taliens . Winkel bij Eco Supplements altijd gratis verzending boven 100\u20ac","breadcrumb":{"@id":"https:\/\/ecosupplements.be\/fr\/produit\/gummies-multivitamines-pour-enfants-mykind-organics-saveur-de-fruits-biologiques-120-oursons-gelifies-vegetaliens\/#breadcrumb"},"inLanguage":"fr-FR","potentialAction":[{"@type":"ReadAction","target":["https:\/\/ecosupplements.be\/fr\/produit\/gummies-multivitamines-pour-enfants-mykind-organics-saveur-de-fruits-biologiques-120-oursons-gelifies-vegetaliens\/"]}]},{"@type":"ImageObject","inLanguage":"fr-FR","@id":"https:\/\/ecosupplements.be\/fr\/produit\/gummies-multivitamines-pour-enfants-mykind-organics-saveur-de-fruits-biologiques-120-oursons-gelifies-vegetaliens\/#primaryimage","url":"https:\/\/ecosupplements.be\/wp-content\/uploads\/2025\/08\/Mykind-Organics-Kids-Multi-Gummies-Organic-Fruit-Flavor-120-vegan-gummy-bears.jpg","contentUrl":"https:\/\/ecosupplements.be\/wp-content\/uploads\/2025\/08\/Mykind-Organics-Kids-Multi-Gummies-Organic-Fruit-Flavor-120-vegan-gummy-bears.jpg","width":514,"height":963},{"@type":"BreadcrumbList","@id":"https:\/\/ecosupplements.be\/fr\/produit\/gummies-multivitamines-pour-enfants-mykind-organics-saveur-de-fruits-biologiques-120-oursons-gelifies-vegetaliens\/#breadcrumb","itemListElement":[{"@type":"ListItem","position":1,"name":"Home","item":"https:\/\/ecosupplements.be\/fr\/"},{"@type":"ListItem","position":2,"name":"Boutique","item":"https:\/\/ecosupplements.be\/fr\/boutique\/"},{"@type":"ListItem","position":3,"name":"Gummies multivitamin\u00e9s pour enfants Mykind Organics, saveur de fruits biologiques &#8211; 120 oursons g\u00e9lifi\u00e9s v\u00e9g\u00e9taliens"}]},{"@type":"WebSite","@id":"https:\/\/ecosupplements.be\/fr\/#website","url":"https:\/\/ecosupplements.be\/fr\/","name":"ECO Supplements","description":"Eco Supplements - Gezonde supplementen","publisher":{"@id":"https:\/\/ecosupplements.be\/fr\/#organization"},"potentialAction":[{"@type":"SearchAction","target":{"@type":"EntryPoint","urlTemplate":"https:\/\/ecosupplements.be\/fr\/?s={search_term_string}"},"query-input":{"@type":"PropertyValueSpecification","valueRequired":true,"valueName":"search_term_string"}}],"inLanguage":"fr-FR"},{"@type":"Organization","@id":"https:\/\/ecosupplements.be\/fr\/#organization","name":"Eco Supplements","url":"https:\/\/ecosupplements.be\/fr\/","logo":{"@type":"ImageObject","inLanguage":"fr-FR","@id":"https:\/\/ecosupplements.be\/fr\/#\/schema\/logo\/image\/","url":"https:\/\/ecosupplements.be\/wp-content\/uploads\/2022\/06\/ecosupplement-family.png","contentUrl":"https:\/\/ecosupplements.be\/wp-content\/uploads\/2022\/06\/ecosupplement-family.png","width":593,"height":374,"caption":"Eco Supplements"},"image":{"@id":"https:\/\/ecosupplements.be\/fr\/#\/schema\/logo\/image\/"}}]},"product_brand":"Garden of Life","product_price_amount":"54.03","product_price_currency":"EUR","og_availability":"instock","product_availability":"instock","product_retailer_item_id":"658010120272","product_condition":"new"},"_links":{"self":[{"href":"https:\/\/ecosupplements.be\/fr\/wp-json\/wp\/v2\/product\/287115","targetHints":{"allow":["GET"]}}],"collection":[{"href":"https:\/\/ecosupplements.be\/fr\/wp-json\/wp\/v2\/product"}],"about":[{"href":"https:\/\/ecosupplements.be\/fr\/wp-json\/wp\/v2\/types\/product"}],"replies":[{"embeddable":true,"href":"https:\/\/ecosupplements.be\/fr\/wp-json\/wp\/v2\/comments?post=287115"}],"wp:featuredmedia":[{"embeddable":true,"href":"https:\/\/ecosupplements.be\/fr\/wp-json\/wp\/v2\/media\/260419"}],"wp:attachment":[{"href":"https:\/\/ecosupplements.be\/fr\/wp-json\/wp\/v2\/media?parent=287115"}],"wp:term":[{"taxonomy":"product_brand","embeddable":true,"href":"https:\/\/ecosupplements.be\/fr\/wp-json\/wp\/v2\/product_brand?post=287115"},{"taxonomy":"product_cat","embeddable":true,"href":"https:\/\/ecosupplements.be\/fr\/wp-json\/wp\/v2\/product_cat?post=287115"},{"taxonomy":"product_tag","embeddable":true,"href":"https:\/\/ecosupplements.be\/fr\/wp-json\/wp\/v2\/product_tag?post=287115"}],"curies":[{"name":"wp","href":"https:\/\/api.w.org\/{rel}","templated":true}]}}