{"id":287124,"date":"2023-01-18T22:27:10","date_gmt":"2023-01-18T21:27:10","guid":{"rendered":"https:\/\/ecosupplements.be\/product\/multi-vitamines-pour-hommes-de-plus-de-40-ans-mykind-organics-120-comprimes-vegetaliens\/"},"modified":"2025-08-27T14:18:42","modified_gmt":"2025-08-27T13:18:42","slug":"multi-vitamines-pour-hommes-de-plus-de-40-ans-mykind-organics-120-comprimes-vegetaliens","status":"publish","type":"product","link":"https:\/\/ecosupplements.be\/fr\/produit\/multi-vitamines-pour-hommes-de-plus-de-40-ans-mykind-organics-120-comprimes-vegetaliens\/","title":{"rendered":"Multi-vitamines pour hommes de plus de 40 ans Mykind Organics &#8211; 120 comprim\u00e9s v\u00e9g\u00e9taliens"},"content":{"rendered":"<h1>Mykind Organics Men&#8217;s Multi 40+ &#8211; 120 vegan tablets<\/h1>\n<p>Garden of Life est fier de pr\u00e9senter Mykind Organics Men&#8217;s Multi 40+, une\u200d formule compl\u00e8te de vitamines\u200b et de \u2062min\u00e9raux\u2063 sp\u00e9cialement con\u00e7ue pour r\u00e9pondre aux besoins nutritionnels \u200bdes hommes de plus de 40 ans. Ces comprim\u00e9s v\u00e9g\u00e9taliens \u200dsont fabriqu\u00e9s \u00e0 partir d&#8217;ingr\u00e9dients biologiques certifi\u00e9s, sans \u2064OGM et sans gluten, pour\u2063 une sant\u00e9 optimale et une tranquillit\u00e9 d&#8217;esprit.<\/p>\n<h2>Caract\u00e9ristiques sp\u00e9ciales:<\/h2>\n<ul>\n<li>Formule compl\u00e8te de vitamines et de min\u00e9raux pour\u200d les hommes de plus de 40 ans<\/li>\n<li>Fabriqu\u00e9 \u00e0 partir\u2062 d&#8217;ingr\u00e9dients biologiques certifi\u00e9s<\/li>\n<li>V\u00e9g\u00e9talien, sans OGM et sans gluten<\/li>\n<li>Contient des nutriments essentiels pour la\u200d sant\u00e9 \u200dmasculine, tels que la vitamine D, le zinc et le \u2062s\u00e9l\u00e9nium<\/li>\n<li>Comprim\u00e9s faciles \u00e0 avaler<\/li>\n<\/ul>\n<h2>Ingr\u00e9dients cl\u00e9s:<\/h2>\n<p>Mykind Organics Men&#8217;s Multi 40+ contient une vari\u00e9t\u00e9 d&#8217;ingr\u00e9dients \u2063biologiques \u200dcertifi\u00e9s pour soutenir la sant\u00e9 globale \u200bdes hommes de plus de 40 ans. Certains des ingr\u00e9dients cl\u00e9s \u200cinclus sont:<\/p>\n<ul>\n<li>Vitamine D: essentielle pour\u200c la sant\u00e9 des os et des muscles, ainsi que pour \u200ble syst\u00e8me immunitaire<\/li>\n<li>Zinc: important pour la sant\u00e9 de la \u2062prostate et la fonction immunitaire<\/li>\n<li>S\u00e9l\u00e9nium: un antioxydant puissant qui peut aider \u00e0 prot\u00e9ger contre les dommages cellulaires<\/li>\n<li>Vitamine B-12: n\u00e9cessaire pour la production d&#8217;\u00e9nergie et la sant\u00e9 du syst\u00e8me nerveux<\/li>\n<li>Vitamine C: un antioxydant qui \u200cpeut aider \u00e0 renforcer le syst\u00e8me immunitaire et \u00e0 prot\u00e9ger contre les maladies<\/li>\n<\/ul>\n<h2>Avantages uniques:<\/h2>\n<p>Mykind Organics\u2063 Men&#8217;s Multi 40+ est plus qu&#8217;un \u2063simple compl\u00e9ment multivitamin\u00e9. Il est sp\u00e9cialement formul\u00e9\u2063 pour\u200b r\u00e9pondre aux besoins nutritionnels sp\u00e9cifiques\u200d des hommes de plus de 40 ans, en utilisant des ingr\u00e9dients biologiques de haute\u2062 qualit\u00e9 pour une absorption optimale. De \u200dplus, ces comprim\u00e9s sont v\u00e9g\u00e9taliens, sans OGM et sans gluten, ce qui en fait un choix id\u00e9al pour les personnes soucieuses de leur \u200dsant\u00e9 et de l&#8217;environnement.<\/p>\n<h2>Principales caract\u00e9ristiques:<\/h2>\n<ul>\n<li>120 comprim\u00e9s par\u200c bouteille<\/li>\n<li>Formule compl\u00e8te de \u200dvitamines\u200d et de min\u00e9raux pour les hommes de plus de 40 ans<\/li>\n<li>Fabriqu\u00e9 \u00e0 partir \u2063d&#8217;ingr\u00e9dients biologiques certifi\u00e9s<\/li>\n<li>V\u00e9g\u00e9talien, sans OGM et sans gluten<\/li>\n<li>Comprim\u00e9s faciles \u00e0 avaler<\/li>\n<\/ul>\n<p>Prenez \u200bsoin de votre sant\u00e9 avec\u200c Mykind Organics Men&#8217;s Multi 40+ de\u200c Garden \u200cof Life. Avec \u200csa formule compl\u00e8te de vitamines et de min\u00e9raux, ses ingr\u00e9dients biologiques certifi\u00e9s et ses avantages uniques \u2063pour la sant\u00e9 masculine, ce compl\u00e9ment est un choix id\u00e9al \u2063pour les hommes de plus de 40 ans \u200dqui cherchent\u200d \u00e0 maintenir une sant\u00e9 optimale.<\/p>\n","protected":false},"excerpt":{"rendered":"<p>Mykind Organics Men&#8217;s Multi 40+ &#8211; 120 vegan tablets Garden of Life est fier de pr\u00e9senter Mykind Organics Men&#8217;s Multi 40+, une\u200d formule compl\u00e8te de vitamines\u200b et de \u2062min\u00e9raux\u2063 sp\u00e9cialement con\u00e7ue pour r\u00e9pondre aux besoins nutritionnels \u200bdes hommes de plus de 40 ans. Ces comprim\u00e9s v\u00e9g\u00e9taliens \u200dsont fabriqu\u00e9s \u00e0 partir d&#8217;ingr\u00e9dients biologiques certifi\u00e9s, sans \u2064OGM [&#8230;]\n","protected":false},"featured_media":262013,"comment_status":"open","ping_status":"open","template":"","meta":[],"product_brand":[4810],"product_cat":[5052,5122,5053],"product_tag":[],"class_list":{"0":"post-287124","1":"product","2":"type-product","3":"status-publish","4":"has-post-thumbnail","6":"product_brand-garden-of-life-2","7":"product_cat-sante-et-bien-etre","8":"product_cat-sante-sexuelle","9":"product_cat-vitamines-et-mineraux","11":"first","12":"instock","13":"taxable","14":"shipping-taxable","15":"purchasable","16":"product-type-simple"},"yoast_head":"<!-- This site is optimized with the Yoast SEO Premium plugin v27.3 (Yoast SEO v27.3) - https:\/\/yoast.com\/product\/yoast-seo-premium-wordpress\/ -->\n<title>Multi-vitamines pour hommes de plus de 40 ans Mykind Organics - 120 comprim\u00e9s v\u00e9g\u00e9taliens - ECO Supplements<\/title>\n<meta name=\"description\" content=\"Wij hebben een ruime keuze aan producten van Multi-vitamines pour hommes de plus de 40 ans Mykind Organics - 120 comprim\u00e9s v\u00e9g\u00e9taliens . Winkel bij Eco Supplements altijd gratis verzending boven 100\u20ac\" \/>\n<meta name=\"robots\" content=\"index, follow, max-snippet:-1, max-image-preview:large, max-video-preview:-1\" \/>\n<link rel=\"canonical\" href=\"https:\/\/ecosupplements.be\/fr\/produit\/multi-vitamines-pour-hommes-de-plus-de-40-ans-mykind-organics-120-comprimes-vegetaliens\/\" \/>\n<meta property=\"og:locale\" content=\"fr_FR\" \/>\n<meta property=\"og:type\" content=\"article\" \/>\n<meta property=\"og:title\" content=\"Multi-vitamines pour hommes de plus de 40 ans Mykind Organics - 120 comprim\u00e9s v\u00e9g\u00e9taliens\" \/>\n<meta property=\"og:description\" content=\"Wij hebben een ruime keuze aan producten van Multi-vitamines pour hommes de plus de 40 ans Mykind Organics - 120 comprim\u00e9s v\u00e9g\u00e9taliens . Winkel bij Eco Supplements altijd gratis verzending boven 100\u20ac\" \/>\n<meta property=\"og:url\" content=\"https:\/\/ecosupplements.be\/fr\/produit\/multi-vitamines-pour-hommes-de-plus-de-40-ans-mykind-organics-120-comprimes-vegetaliens\/\" \/>\n<meta property=\"og:site_name\" content=\"ECO Supplements\" \/>\n<meta property=\"article:modified_time\" content=\"2025-08-27T13:18:42+00:00\" \/>\n<meta property=\"og:image\" content=\"https:\/\/ecosupplements.be\/wp-content\/uploads\/2025\/08\/Mykind-Organics-Mens-Multi-40-120-vegan-tabs-1.jpg\" \/>\n\t<meta property=\"og:image:width\" content=\"335\" \/>\n\t<meta property=\"og:image:height\" content=\"525\" \/>\n\t<meta property=\"og:image:type\" content=\"image\/jpeg\" \/>\n<meta name=\"twitter:card\" content=\"summary_large_image\" \/>\n<meta name=\"twitter:label1\" content=\"Prix\" \/>\n\t<meta name=\"twitter:data1\" content=\"101.22&nbsp;&euro;\" \/>\n\t<meta name=\"twitter:label2\" content=\"Disponibilit\u00e9\" \/>\n\t<meta name=\"twitter:data2\" content=\"En stock\" \/>\n<script type=\"application\/ld+json\" class=\"yoast-schema-graph\">{\"@context\":\"https:\\\/\\\/schema.org\",\"@graph\":[{\"@type\":[\"WebPage\",\"ItemPage\"],\"@id\":\"https:\\\/\\\/ecosupplements.be\\\/fr\\\/produit\\\/multi-vitamines-pour-hommes-de-plus-de-40-ans-mykind-organics-120-comprimes-vegetaliens\\\/\",\"url\":\"https:\\\/\\\/ecosupplements.be\\\/fr\\\/produit\\\/multi-vitamines-pour-hommes-de-plus-de-40-ans-mykind-organics-120-comprimes-vegetaliens\\\/\",\"name\":\"Multi-vitamines pour hommes de plus de 40 ans Mykind Organics - 120 comprim\u00e9s v\u00e9g\u00e9taliens - ECO Supplements\",\"isPartOf\":{\"@id\":\"https:\\\/\\\/ecosupplements.be\\\/fr\\\/#website\"},\"primaryImageOfPage\":{\"@id\":\"https:\\\/\\\/ecosupplements.be\\\/fr\\\/produit\\\/multi-vitamines-pour-hommes-de-plus-de-40-ans-mykind-organics-120-comprimes-vegetaliens\\\/#primaryimage\"},\"image\":{\"@id\":\"https:\\\/\\\/ecosupplements.be\\\/fr\\\/produit\\\/multi-vitamines-pour-hommes-de-plus-de-40-ans-mykind-organics-120-comprimes-vegetaliens\\\/#primaryimage\"},\"thumbnailUrl\":\"https:\\\/\\\/ecosupplements.be\\\/wp-content\\\/uploads\\\/2025\\\/08\\\/Mykind-Organics-Mens-Multi-40-120-vegan-tabs.jpg\",\"datePublished\":\"2023-01-18T21:27:10+00:00\",\"dateModified\":\"2025-08-27T13:18:42+00:00\",\"description\":\"Wij hebben een ruime keuze aan producten van Multi-vitamines pour hommes de plus de 40 ans Mykind Organics - 120 comprim\u00e9s v\u00e9g\u00e9taliens . Winkel bij Eco Supplements altijd gratis verzending boven 100\u20ac\",\"breadcrumb\":{\"@id\":\"https:\\\/\\\/ecosupplements.be\\\/fr\\\/produit\\\/multi-vitamines-pour-hommes-de-plus-de-40-ans-mykind-organics-120-comprimes-vegetaliens\\\/#breadcrumb\"},\"inLanguage\":\"fr-FR\",\"potentialAction\":[{\"@type\":\"ReadAction\",\"target\":[\"https:\\\/\\\/ecosupplements.be\\\/fr\\\/produit\\\/multi-vitamines-pour-hommes-de-plus-de-40-ans-mykind-organics-120-comprimes-vegetaliens\\\/\"]}]},{\"@type\":\"ImageObject\",\"inLanguage\":\"fr-FR\",\"@id\":\"https:\\\/\\\/ecosupplements.be\\\/fr\\\/produit\\\/multi-vitamines-pour-hommes-de-plus-de-40-ans-mykind-organics-120-comprimes-vegetaliens\\\/#primaryimage\",\"url\":\"https:\\\/\\\/ecosupplements.be\\\/wp-content\\\/uploads\\\/2025\\\/08\\\/Mykind-Organics-Mens-Multi-40-120-vegan-tabs.jpg\",\"contentUrl\":\"https:\\\/\\\/ecosupplements.be\\\/wp-content\\\/uploads\\\/2025\\\/08\\\/Mykind-Organics-Mens-Multi-40-120-vegan-tabs.jpg\",\"width\":335,\"height\":525},{\"@type\":\"BreadcrumbList\",\"@id\":\"https:\\\/\\\/ecosupplements.be\\\/fr\\\/produit\\\/multi-vitamines-pour-hommes-de-plus-de-40-ans-mykind-organics-120-comprimes-vegetaliens\\\/#breadcrumb\",\"itemListElement\":[{\"@type\":\"ListItem\",\"position\":1,\"name\":\"Home\",\"item\":\"https:\\\/\\\/ecosupplements.be\\\/fr\\\/\"},{\"@type\":\"ListItem\",\"position\":2,\"name\":\"Boutique\",\"item\":\"https:\\\/\\\/ecosupplements.be\\\/fr\\\/boutique\\\/\"},{\"@type\":\"ListItem\",\"position\":3,\"name\":\"Multi-vitamines pour hommes de plus de 40 ans Mykind Organics &#8211; 120 comprim\u00e9s v\u00e9g\u00e9taliens\"}]},{\"@type\":\"WebSite\",\"@id\":\"https:\\\/\\\/ecosupplements.be\\\/fr\\\/#website\",\"url\":\"https:\\\/\\\/ecosupplements.be\\\/fr\\\/\",\"name\":\"ECO Supplements\",\"description\":\"Eco Supplements - Gezonde supplementen\",\"publisher\":{\"@id\":\"https:\\\/\\\/ecosupplements.be\\\/fr\\\/#organization\"},\"potentialAction\":[{\"@type\":\"SearchAction\",\"target\":{\"@type\":\"EntryPoint\",\"urlTemplate\":\"https:\\\/\\\/ecosupplements.be\\\/fr\\\/?s={search_term_string}\"},\"query-input\":{\"@type\":\"PropertyValueSpecification\",\"valueRequired\":true,\"valueName\":\"search_term_string\"}}],\"inLanguage\":\"fr-FR\"},{\"@type\":\"Organization\",\"@id\":\"https:\\\/\\\/ecosupplements.be\\\/fr\\\/#organization\",\"name\":\"Eco Supplements\",\"url\":\"https:\\\/\\\/ecosupplements.be\\\/fr\\\/\",\"logo\":{\"@type\":\"ImageObject\",\"inLanguage\":\"fr-FR\",\"@id\":\"https:\\\/\\\/ecosupplements.be\\\/fr\\\/#\\\/schema\\\/logo\\\/image\\\/\",\"url\":\"https:\\\/\\\/ecosupplements.be\\\/wp-content\\\/uploads\\\/2022\\\/06\\\/ecosupplement-family.png\",\"contentUrl\":\"https:\\\/\\\/ecosupplements.be\\\/wp-content\\\/uploads\\\/2022\\\/06\\\/ecosupplement-family.png\",\"width\":593,\"height\":374,\"caption\":\"Eco Supplements\"},\"image\":{\"@id\":\"https:\\\/\\\/ecosupplements.be\\\/fr\\\/#\\\/schema\\\/logo\\\/image\\\/\"}}]}<\/script>\n<meta property=\"product:brand\" content=\"Garden of Life\" \/>\n<meta property=\"product:price:amount\" content=\"101.22\" \/>\n<meta property=\"product:price:currency\" content=\"EUR\" \/>\n<meta property=\"og:availability\" content=\"instock\" \/>\n<meta property=\"product:availability\" content=\"instock\" \/>\n<meta property=\"product:retailer_item_id\" content=\"658010117692\" \/>\n<meta property=\"product:condition\" content=\"new\" \/>\n<!-- \/ Yoast SEO Premium plugin. -->","yoast_head_json":{"title":"Multi-vitamines pour hommes de plus de 40 ans Mykind Organics - 120 comprim\u00e9s v\u00e9g\u00e9taliens - ECO Supplements","description":"Wij hebben een ruime keuze aan producten van Multi-vitamines pour hommes de plus de 40 ans Mykind Organics - 120 comprim\u00e9s v\u00e9g\u00e9taliens . Winkel bij Eco Supplements altijd gratis verzending boven 100\u20ac","robots":{"index":"index","follow":"follow","max-snippet":"max-snippet:-1","max-image-preview":"max-image-preview:large","max-video-preview":"max-video-preview:-1"},"canonical":"https:\/\/ecosupplements.be\/fr\/produit\/multi-vitamines-pour-hommes-de-plus-de-40-ans-mykind-organics-120-comprimes-vegetaliens\/","og_locale":"fr_FR","og_type":"article","og_title":"Multi-vitamines pour hommes de plus de 40 ans Mykind Organics - 120 comprim\u00e9s v\u00e9g\u00e9taliens","og_description":"Wij hebben een ruime keuze aan producten van Multi-vitamines pour hommes de plus de 40 ans Mykind Organics - 120 comprim\u00e9s v\u00e9g\u00e9taliens . Winkel bij Eco Supplements altijd gratis verzending boven 100\u20ac","og_url":"https:\/\/ecosupplements.be\/fr\/produit\/multi-vitamines-pour-hommes-de-plus-de-40-ans-mykind-organics-120-comprimes-vegetaliens\/","og_site_name":"ECO Supplements","article_modified_time":"2025-08-27T13:18:42+00:00","og_image":[{"width":335,"height":525,"url":"https:\/\/ecosupplements.be\/wp-content\/uploads\/2025\/08\/Mykind-Organics-Mens-Multi-40-120-vegan-tabs-1.jpg","type":"image\/jpeg"}],"twitter_card":"summary_large_image","twitter_misc":{"Prix":"101.22&nbsp;&euro;","Disponibilit\u00e9":"En stock"},"schema":{"@context":"https:\/\/schema.org","@graph":[{"@type":["WebPage","ItemPage"],"@id":"https:\/\/ecosupplements.be\/fr\/produit\/multi-vitamines-pour-hommes-de-plus-de-40-ans-mykind-organics-120-comprimes-vegetaliens\/","url":"https:\/\/ecosupplements.be\/fr\/produit\/multi-vitamines-pour-hommes-de-plus-de-40-ans-mykind-organics-120-comprimes-vegetaliens\/","name":"Multi-vitamines pour hommes de plus de 40 ans Mykind Organics - 120 comprim\u00e9s v\u00e9g\u00e9taliens - ECO Supplements","isPartOf":{"@id":"https:\/\/ecosupplements.be\/fr\/#website"},"primaryImageOfPage":{"@id":"https:\/\/ecosupplements.be\/fr\/produit\/multi-vitamines-pour-hommes-de-plus-de-40-ans-mykind-organics-120-comprimes-vegetaliens\/#primaryimage"},"image":{"@id":"https:\/\/ecosupplements.be\/fr\/produit\/multi-vitamines-pour-hommes-de-plus-de-40-ans-mykind-organics-120-comprimes-vegetaliens\/#primaryimage"},"thumbnailUrl":"https:\/\/ecosupplements.be\/wp-content\/uploads\/2025\/08\/Mykind-Organics-Mens-Multi-40-120-vegan-tabs.jpg","datePublished":"2023-01-18T21:27:10+00:00","dateModified":"2025-08-27T13:18:42+00:00","description":"Wij hebben een ruime keuze aan producten van Multi-vitamines pour hommes de plus de 40 ans Mykind Organics - 120 comprim\u00e9s v\u00e9g\u00e9taliens . Winkel bij Eco Supplements altijd gratis verzending boven 100\u20ac","breadcrumb":{"@id":"https:\/\/ecosupplements.be\/fr\/produit\/multi-vitamines-pour-hommes-de-plus-de-40-ans-mykind-organics-120-comprimes-vegetaliens\/#breadcrumb"},"inLanguage":"fr-FR","potentialAction":[{"@type":"ReadAction","target":["https:\/\/ecosupplements.be\/fr\/produit\/multi-vitamines-pour-hommes-de-plus-de-40-ans-mykind-organics-120-comprimes-vegetaliens\/"]}]},{"@type":"ImageObject","inLanguage":"fr-FR","@id":"https:\/\/ecosupplements.be\/fr\/produit\/multi-vitamines-pour-hommes-de-plus-de-40-ans-mykind-organics-120-comprimes-vegetaliens\/#primaryimage","url":"https:\/\/ecosupplements.be\/wp-content\/uploads\/2025\/08\/Mykind-Organics-Mens-Multi-40-120-vegan-tabs.jpg","contentUrl":"https:\/\/ecosupplements.be\/wp-content\/uploads\/2025\/08\/Mykind-Organics-Mens-Multi-40-120-vegan-tabs.jpg","width":335,"height":525},{"@type":"BreadcrumbList","@id":"https:\/\/ecosupplements.be\/fr\/produit\/multi-vitamines-pour-hommes-de-plus-de-40-ans-mykind-organics-120-comprimes-vegetaliens\/#breadcrumb","itemListElement":[{"@type":"ListItem","position":1,"name":"Home","item":"https:\/\/ecosupplements.be\/fr\/"},{"@type":"ListItem","position":2,"name":"Boutique","item":"https:\/\/ecosupplements.be\/fr\/boutique\/"},{"@type":"ListItem","position":3,"name":"Multi-vitamines pour hommes de plus de 40 ans Mykind Organics &#8211; 120 comprim\u00e9s v\u00e9g\u00e9taliens"}]},{"@type":"WebSite","@id":"https:\/\/ecosupplements.be\/fr\/#website","url":"https:\/\/ecosupplements.be\/fr\/","name":"ECO Supplements","description":"Eco Supplements - Gezonde supplementen","publisher":{"@id":"https:\/\/ecosupplements.be\/fr\/#organization"},"potentialAction":[{"@type":"SearchAction","target":{"@type":"EntryPoint","urlTemplate":"https:\/\/ecosupplements.be\/fr\/?s={search_term_string}"},"query-input":{"@type":"PropertyValueSpecification","valueRequired":true,"valueName":"search_term_string"}}],"inLanguage":"fr-FR"},{"@type":"Organization","@id":"https:\/\/ecosupplements.be\/fr\/#organization","name":"Eco Supplements","url":"https:\/\/ecosupplements.be\/fr\/","logo":{"@type":"ImageObject","inLanguage":"fr-FR","@id":"https:\/\/ecosupplements.be\/fr\/#\/schema\/logo\/image\/","url":"https:\/\/ecosupplements.be\/wp-content\/uploads\/2022\/06\/ecosupplement-family.png","contentUrl":"https:\/\/ecosupplements.be\/wp-content\/uploads\/2022\/06\/ecosupplement-family.png","width":593,"height":374,"caption":"Eco Supplements"},"image":{"@id":"https:\/\/ecosupplements.be\/fr\/#\/schema\/logo\/image\/"}}]},"product_brand":"Garden of Life","product_price_amount":"101.22","product_price_currency":"EUR","og_availability":"instock","product_availability":"instock","product_retailer_item_id":"658010117692","product_condition":"new"},"_links":{"self":[{"href":"https:\/\/ecosupplements.be\/fr\/wp-json\/wp\/v2\/product\/287124","targetHints":{"allow":["GET"]}}],"collection":[{"href":"https:\/\/ecosupplements.be\/fr\/wp-json\/wp\/v2\/product"}],"about":[{"href":"https:\/\/ecosupplements.be\/fr\/wp-json\/wp\/v2\/types\/product"}],"replies":[{"embeddable":true,"href":"https:\/\/ecosupplements.be\/fr\/wp-json\/wp\/v2\/comments?post=287124"}],"wp:featuredmedia":[{"embeddable":true,"href":"https:\/\/ecosupplements.be\/fr\/wp-json\/wp\/v2\/media\/262013"}],"wp:attachment":[{"href":"https:\/\/ecosupplements.be\/fr\/wp-json\/wp\/v2\/media?parent=287124"}],"wp:term":[{"taxonomy":"product_brand","embeddable":true,"href":"https:\/\/ecosupplements.be\/fr\/wp-json\/wp\/v2\/product_brand?post=287124"},{"taxonomy":"product_cat","embeddable":true,"href":"https:\/\/ecosupplements.be\/fr\/wp-json\/wp\/v2\/product_cat?post=287124"},{"taxonomy":"product_tag","embeddable":true,"href":"https:\/\/ecosupplements.be\/fr\/wp-json\/wp\/v2\/product_tag?post=287124"}],"curies":[{"name":"wp","href":"https:\/\/api.w.org\/{rel}","templated":true}]}}