{"id":287136,"date":"2023-01-18T22:27:10","date_gmt":"2023-01-18T21:27:10","guid":{"rendered":"https:\/\/ecosupplements.be\/product\/mykind-organics-hommes-une-fois-par-jour-30-comprimes-vegetaliens\/"},"modified":"2025-08-27T14:18:52","modified_gmt":"2025-08-27T13:18:52","slug":"mykind-organics-hommes-une-fois-par-jour-30-comprimes-vegetaliens","status":"publish","type":"product","link":"https:\/\/ecosupplements.be\/fr\/produit\/mykind-organics-hommes-une-fois-par-jour-30-comprimes-vegetaliens\/","title":{"rendered":"Mykind Organics Hommes Une Fois par Jour &#8211; 30 comprim\u00e9s v\u00e9g\u00e9taliens"},"content":{"rendered":"<h1>Mykind Organics Men&#8217;s \u2064Once Daily -\u2064 30\u200d comprim\u00e9s \u200cv\u00e9g\u00e9taliens<\/h1>\n<p>Garden\u2064 of Life est \u200cfier de pr\u00e9senter Mykind Organics Men&#8217;s Once Daily, un \u200dcompl\u00e9ment alimentaire complet sp\u00e9cialement con\u00e7u pour r\u00e9pondre aux besoins nutritionnels des hommes. Ces comprim\u00e9s v\u00e9g\u00e9taliens sont fabriqu\u00e9s\u2062 \u00e0 \u2062partir d&#8217;ingr\u00e9dients biologiques certifi\u00e9s, sans \u200dOGM et sans gluten,\u200d pour\u2064 une \u2063formule\u200b naturelle et saine.<\/p>\n<h2>Caract\u00e9ristiques sp\u00e9ciales:<\/h2>\n<ul>\n<li>Formule compl\u00e8te \u200dpour r\u00e9pondre \u2064aux besoins nutritionnels des hommes<\/li>\n<li>Fabriqu\u00e9 \u00e0 partir d&#8217;ingr\u00e9dients biologiques certifi\u00e9s<\/li>\n<li>Sans OGM et sans gluten<\/li>\n<li>Comprim\u00e9s v\u00e9g\u00e9taliens faciles \u00e0 avaler<\/li>\n<li>Contient des vitamines, des min\u00e9raux et des antioxydants essentiels<\/li>\n<\/ul>\n<h2>Ingr\u00e9dients cl\u00e9s:<\/h2>\n<p>Mykind Organics Men&#8217;s Once\u2063 Daily contient une vari\u00e9t\u00e9 d&#8217;ingr\u00e9dients naturels et biologiques pour \u2063r\u00e9pondre\u200d aux besoins nutritionnels des hommes. Voici quelques-uns des ingr\u00e9dients \u200bcl\u00e9s:<\/p>\n<ul>\n<li>Vitamine B-12: essentielle \u2064pour\u2064 la sant\u00e9 du syst\u00e8me nerveux et la production d&#8217;\u00e9nergie<\/li>\n<li>Vitamine D: importante pour \u2063la\u2063 sant\u00e9 \u200bdes os et \u2063du syst\u00e8me immunitaire<\/li>\n<li>Vitamine C: un antioxydant\u200c puissant pour soutenir la \u200dsant\u00e9\u200b globale<\/li>\n<li>Zinc: essentiel pour la sant\u00e9 \u2062de \u200dla \u200cprostate et la fonction immunitaire<\/li>\n<li>M\u00e9lange de\u2064 fruits et \u2064l\u00e9gumes biologiques: pour fournir\u200d des antioxydants et des nutriments essentiels<\/li>\n<\/ul>\n<h2>Avantages uniques:<\/h2>\n<p>Mykind Organics \u200dMen&#8217;s Once Daily offre une formule compl\u00e8te pour r\u00e9pondre aux besoins nutritionnels sp\u00e9cifiques \u200ddes \u2063hommes. En utilisant des ingr\u00e9dients biologiques certifi\u00e9s, sans OGM\u2062 et\u2062 sans gluten, ce compl\u00e9ment\u2064 alimentaire offre une\u2064 option saine et naturelle pour\u200c soutenir la sant\u00e9 globale\u200d des hommes.<\/p>\n<h2>Mode d&#8217;emploi:<\/h2>\n<p>Prenez un comprim\u00e9 par jour\u2063 avec de la\u200c nourriture. Pour\u200b de\u2062 meilleurs r\u00e9sultats, utilisez r\u00e9guli\u00e8rement.<\/p>\n<p>Offrez \u2063\u00e0 votre corps les nutriments dont il a besoin avec Mykind Organics \u2064Men&#8217;s Once\u2063 Daily \u2064de Garden of Life. \u200bCommandez\u200d d\u00e8s maintenant et profitez d&#8217;une\u2062 sant\u00e9 optimale!<\/p>\n","protected":false},"excerpt":{"rendered":"<p>Mykind Organics Men&#8217;s \u2064Once Daily -\u2064 30\u200d comprim\u00e9s \u200cv\u00e9g\u00e9taliens Garden\u2064 of Life est \u200cfier de pr\u00e9senter Mykind Organics Men&#8217;s Once Daily, un \u200dcompl\u00e9ment alimentaire complet sp\u00e9cialement con\u00e7u pour r\u00e9pondre aux besoins nutritionnels des hommes. Ces comprim\u00e9s v\u00e9g\u00e9taliens sont fabriqu\u00e9s\u2062 \u00e0 \u2062partir d&#8217;ingr\u00e9dients biologiques certifi\u00e9s, sans \u200dOGM et sans gluten,\u200d pour\u2064 une \u2063formule\u200b naturelle et saine. [&#8230;]\n","protected":false},"featured_media":262019,"comment_status":"open","ping_status":"open","template":"","meta":[],"product_brand":[4810],"product_cat":[5052,5053,5161],"product_tag":[],"class_list":{"0":"post-287136","1":"product","2":"type-product","3":"status-publish","4":"has-post-thumbnail","6":"product_brand-garden-of-life-2","7":"product_cat-sante-et-bien-etre","8":"product_cat-vitamines-et-mineraux","9":"product_cat-vitamines-pour-hommes","11":"first","12":"instock","13":"sale","14":"taxable","15":"shipping-taxable","16":"purchasable","17":"product-type-simple"},"yoast_head":"<!-- This site is optimized with the Yoast SEO Premium plugin v27.5 (Yoast SEO v27.5) - https:\/\/yoast.com\/product\/yoast-seo-premium-wordpress\/ -->\n<title>Mykind Organics Hommes Une Fois par Jour - 30 comprim\u00e9s v\u00e9g\u00e9taliens - ECO Supplements<\/title>\n<meta name=\"description\" content=\"Wij hebben een ruime keuze aan producten van Mykind Organics Hommes Une Fois par Jour - 30 comprim\u00e9s v\u00e9g\u00e9taliens . Winkel bij Eco Supplements altijd gratis verzending boven 100\u20ac\" \/>\n<meta name=\"robots\" content=\"index, follow, max-snippet:-1, max-image-preview:large, max-video-preview:-1\" \/>\n<link rel=\"canonical\" href=\"https:\/\/ecosupplements.be\/fr\/produit\/mykind-organics-hommes-une-fois-par-jour-30-comprimes-vegetaliens\/\" \/>\n<meta property=\"og:locale\" content=\"fr_FR\" \/>\n<meta property=\"og:type\" content=\"article\" \/>\n<meta property=\"og:title\" content=\"Mykind Organics Hommes Une Fois par Jour - 30 comprim\u00e9s v\u00e9g\u00e9taliens\" \/>\n<meta property=\"og:description\" content=\"Wij hebben een ruime keuze aan producten van Mykind Organics Hommes Une Fois par Jour - 30 comprim\u00e9s v\u00e9g\u00e9taliens . Winkel bij Eco Supplements altijd gratis verzending boven 100\u20ac\" \/>\n<meta property=\"og:url\" content=\"https:\/\/ecosupplements.be\/fr\/produit\/mykind-organics-hommes-une-fois-par-jour-30-comprimes-vegetaliens\/\" \/>\n<meta property=\"og:site_name\" content=\"ECO Supplements\" \/>\n<meta property=\"article:modified_time\" content=\"2025-08-27T13:18:52+00:00\" \/>\n<meta property=\"og:image\" content=\"https:\/\/ecosupplements.be\/wp-content\/uploads\/2025\/08\/Mykind-Organics-Mens-Once-Daily-30-vegan-tabs-1.jpg\" \/>\n\t<meta property=\"og:image:width\" content=\"768\" \/>\n\t<meta property=\"og:image:height\" content=\"768\" \/>\n\t<meta property=\"og:image:type\" content=\"image\/jpeg\" \/>\n<meta name=\"twitter:card\" content=\"summary_large_image\" \/>\n<meta name=\"twitter:label1\" content=\"Prix\" \/>\n\t<meta name=\"twitter:data1\" content=\"28.62&nbsp;&euro;\" \/>\n\t<meta name=\"twitter:label2\" content=\"Disponibilit\u00e9\" \/>\n\t<meta name=\"twitter:data2\" content=\"En stock\" \/>\n<script type=\"application\/ld+json\" class=\"yoast-schema-graph\">{\"@context\":\"https:\\\/\\\/schema.org\",\"@graph\":[{\"@type\":[\"WebPage\",\"ItemPage\"],\"@id\":\"https:\\\/\\\/ecosupplements.be\\\/fr\\\/produit\\\/mykind-organics-hommes-une-fois-par-jour-30-comprimes-vegetaliens\\\/\",\"url\":\"https:\\\/\\\/ecosupplements.be\\\/fr\\\/produit\\\/mykind-organics-hommes-une-fois-par-jour-30-comprimes-vegetaliens\\\/\",\"name\":\"Mykind Organics Hommes Une Fois par Jour - 30 comprim\u00e9s v\u00e9g\u00e9taliens - ECO Supplements\",\"isPartOf\":{\"@id\":\"https:\\\/\\\/ecosupplements.be\\\/fr\\\/#website\"},\"primaryImageOfPage\":{\"@id\":\"https:\\\/\\\/ecosupplements.be\\\/fr\\\/produit\\\/mykind-organics-hommes-une-fois-par-jour-30-comprimes-vegetaliens\\\/#primaryimage\"},\"image\":{\"@id\":\"https:\\\/\\\/ecosupplements.be\\\/fr\\\/produit\\\/mykind-organics-hommes-une-fois-par-jour-30-comprimes-vegetaliens\\\/#primaryimage\"},\"thumbnailUrl\":\"https:\\\/\\\/ecosupplements.be\\\/wp-content\\\/uploads\\\/2025\\\/08\\\/Mykind-Organics-Mens-Once-Daily-30-vegan-tabs.jpg\",\"datePublished\":\"2023-01-18T21:27:10+00:00\",\"dateModified\":\"2025-08-27T13:18:52+00:00\",\"description\":\"Wij hebben een ruime keuze aan producten van Mykind Organics Hommes Une Fois par Jour - 30 comprim\u00e9s v\u00e9g\u00e9taliens . Winkel bij Eco Supplements altijd gratis verzending boven 100\u20ac\",\"breadcrumb\":{\"@id\":\"https:\\\/\\\/ecosupplements.be\\\/fr\\\/produit\\\/mykind-organics-hommes-une-fois-par-jour-30-comprimes-vegetaliens\\\/#breadcrumb\"},\"inLanguage\":\"fr-FR\",\"potentialAction\":[{\"@type\":\"ReadAction\",\"target\":[\"https:\\\/\\\/ecosupplements.be\\\/fr\\\/produit\\\/mykind-organics-hommes-une-fois-par-jour-30-comprimes-vegetaliens\\\/\"]}]},{\"@type\":\"ImageObject\",\"inLanguage\":\"fr-FR\",\"@id\":\"https:\\\/\\\/ecosupplements.be\\\/fr\\\/produit\\\/mykind-organics-hommes-une-fois-par-jour-30-comprimes-vegetaliens\\\/#primaryimage\",\"url\":\"https:\\\/\\\/ecosupplements.be\\\/wp-content\\\/uploads\\\/2025\\\/08\\\/Mykind-Organics-Mens-Once-Daily-30-vegan-tabs.jpg\",\"contentUrl\":\"https:\\\/\\\/ecosupplements.be\\\/wp-content\\\/uploads\\\/2025\\\/08\\\/Mykind-Organics-Mens-Once-Daily-30-vegan-tabs.jpg\",\"width\":768,\"height\":768},{\"@type\":\"BreadcrumbList\",\"@id\":\"https:\\\/\\\/ecosupplements.be\\\/fr\\\/produit\\\/mykind-organics-hommes-une-fois-par-jour-30-comprimes-vegetaliens\\\/#breadcrumb\",\"itemListElement\":[{\"@type\":\"ListItem\",\"position\":1,\"name\":\"Home\",\"item\":\"https:\\\/\\\/ecosupplements.be\\\/fr\\\/\"},{\"@type\":\"ListItem\",\"position\":2,\"name\":\"Boutique\",\"item\":\"https:\\\/\\\/ecosupplements.be\\\/fr\\\/boutique\\\/\"},{\"@type\":\"ListItem\",\"position\":3,\"name\":\"Mykind Organics Hommes Une Fois par Jour &#8211; 30 comprim\u00e9s v\u00e9g\u00e9taliens\"}]},{\"@type\":\"WebSite\",\"@id\":\"https:\\\/\\\/ecosupplements.be\\\/fr\\\/#website\",\"url\":\"https:\\\/\\\/ecosupplements.be\\\/fr\\\/\",\"name\":\"ECO Supplements\",\"description\":\"Eco Supplements - Gezonde supplementen\",\"publisher\":{\"@id\":\"https:\\\/\\\/ecosupplements.be\\\/fr\\\/#organization\"},\"potentialAction\":[{\"@type\":\"SearchAction\",\"target\":{\"@type\":\"EntryPoint\",\"urlTemplate\":\"https:\\\/\\\/ecosupplements.be\\\/fr\\\/?s={search_term_string}\"},\"query-input\":{\"@type\":\"PropertyValueSpecification\",\"valueRequired\":true,\"valueName\":\"search_term_string\"}}],\"inLanguage\":\"fr-FR\"},{\"@type\":\"Organization\",\"@id\":\"https:\\\/\\\/ecosupplements.be\\\/fr\\\/#organization\",\"name\":\"Eco Supplements\",\"url\":\"https:\\\/\\\/ecosupplements.be\\\/fr\\\/\",\"logo\":{\"@type\":\"ImageObject\",\"inLanguage\":\"fr-FR\",\"@id\":\"https:\\\/\\\/ecosupplements.be\\\/fr\\\/#\\\/schema\\\/logo\\\/image\\\/\",\"url\":\"https:\\\/\\\/ecosupplements.be\\\/wp-content\\\/uploads\\\/2022\\\/06\\\/ecosupplement-family.png\",\"contentUrl\":\"https:\\\/\\\/ecosupplements.be\\\/wp-content\\\/uploads\\\/2022\\\/06\\\/ecosupplement-family.png\",\"width\":593,\"height\":374,\"caption\":\"Eco Supplements\"},\"image\":{\"@id\":\"https:\\\/\\\/ecosupplements.be\\\/fr\\\/#\\\/schema\\\/logo\\\/image\\\/\"}}]}<\/script>\n<meta property=\"product:brand\" content=\"Garden of Life\" \/>\n<meta property=\"product:price:amount\" content=\"28.62\" \/>\n<meta property=\"product:price:currency\" content=\"EUR\" \/>\n<meta property=\"og:availability\" content=\"instock\" \/>\n<meta property=\"product:availability\" content=\"instock\" \/>\n<meta property=\"product:retailer_item_id\" content=\"658010117661\" \/>\n<meta property=\"product:condition\" content=\"new\" \/>\n<!-- \/ Yoast SEO Premium plugin. -->","yoast_head_json":{"title":"Mykind Organics Hommes Une Fois par Jour - 30 comprim\u00e9s v\u00e9g\u00e9taliens - ECO Supplements","description":"Wij hebben een ruime keuze aan producten van Mykind Organics Hommes Une Fois par Jour - 30 comprim\u00e9s v\u00e9g\u00e9taliens . Winkel bij Eco Supplements altijd gratis verzending boven 100\u20ac","robots":{"index":"index","follow":"follow","max-snippet":"max-snippet:-1","max-image-preview":"max-image-preview:large","max-video-preview":"max-video-preview:-1"},"canonical":"https:\/\/ecosupplements.be\/fr\/produit\/mykind-organics-hommes-une-fois-par-jour-30-comprimes-vegetaliens\/","og_locale":"fr_FR","og_type":"article","og_title":"Mykind Organics Hommes Une Fois par Jour - 30 comprim\u00e9s v\u00e9g\u00e9taliens","og_description":"Wij hebben een ruime keuze aan producten van Mykind Organics Hommes Une Fois par Jour - 30 comprim\u00e9s v\u00e9g\u00e9taliens . Winkel bij Eco Supplements altijd gratis verzending boven 100\u20ac","og_url":"https:\/\/ecosupplements.be\/fr\/produit\/mykind-organics-hommes-une-fois-par-jour-30-comprimes-vegetaliens\/","og_site_name":"ECO Supplements","article_modified_time":"2025-08-27T13:18:52+00:00","og_image":[{"width":768,"height":768,"url":"https:\/\/ecosupplements.be\/wp-content\/uploads\/2025\/08\/Mykind-Organics-Mens-Once-Daily-30-vegan-tabs-1.jpg","type":"image\/jpeg"}],"twitter_card":"summary_large_image","twitter_misc":{"Prix":"28.62&nbsp;&euro;","Disponibilit\u00e9":"En stock"},"schema":{"@context":"https:\/\/schema.org","@graph":[{"@type":["WebPage","ItemPage"],"@id":"https:\/\/ecosupplements.be\/fr\/produit\/mykind-organics-hommes-une-fois-par-jour-30-comprimes-vegetaliens\/","url":"https:\/\/ecosupplements.be\/fr\/produit\/mykind-organics-hommes-une-fois-par-jour-30-comprimes-vegetaliens\/","name":"Mykind Organics Hommes Une Fois par Jour - 30 comprim\u00e9s v\u00e9g\u00e9taliens - ECO Supplements","isPartOf":{"@id":"https:\/\/ecosupplements.be\/fr\/#website"},"primaryImageOfPage":{"@id":"https:\/\/ecosupplements.be\/fr\/produit\/mykind-organics-hommes-une-fois-par-jour-30-comprimes-vegetaliens\/#primaryimage"},"image":{"@id":"https:\/\/ecosupplements.be\/fr\/produit\/mykind-organics-hommes-une-fois-par-jour-30-comprimes-vegetaliens\/#primaryimage"},"thumbnailUrl":"https:\/\/ecosupplements.be\/wp-content\/uploads\/2025\/08\/Mykind-Organics-Mens-Once-Daily-30-vegan-tabs.jpg","datePublished":"2023-01-18T21:27:10+00:00","dateModified":"2025-08-27T13:18:52+00:00","description":"Wij hebben een ruime keuze aan producten van Mykind Organics Hommes Une Fois par Jour - 30 comprim\u00e9s v\u00e9g\u00e9taliens . Winkel bij Eco Supplements altijd gratis verzending boven 100\u20ac","breadcrumb":{"@id":"https:\/\/ecosupplements.be\/fr\/produit\/mykind-organics-hommes-une-fois-par-jour-30-comprimes-vegetaliens\/#breadcrumb"},"inLanguage":"fr-FR","potentialAction":[{"@type":"ReadAction","target":["https:\/\/ecosupplements.be\/fr\/produit\/mykind-organics-hommes-une-fois-par-jour-30-comprimes-vegetaliens\/"]}]},{"@type":"ImageObject","inLanguage":"fr-FR","@id":"https:\/\/ecosupplements.be\/fr\/produit\/mykind-organics-hommes-une-fois-par-jour-30-comprimes-vegetaliens\/#primaryimage","url":"https:\/\/ecosupplements.be\/wp-content\/uploads\/2025\/08\/Mykind-Organics-Mens-Once-Daily-30-vegan-tabs.jpg","contentUrl":"https:\/\/ecosupplements.be\/wp-content\/uploads\/2025\/08\/Mykind-Organics-Mens-Once-Daily-30-vegan-tabs.jpg","width":768,"height":768},{"@type":"BreadcrumbList","@id":"https:\/\/ecosupplements.be\/fr\/produit\/mykind-organics-hommes-une-fois-par-jour-30-comprimes-vegetaliens\/#breadcrumb","itemListElement":[{"@type":"ListItem","position":1,"name":"Home","item":"https:\/\/ecosupplements.be\/fr\/"},{"@type":"ListItem","position":2,"name":"Boutique","item":"https:\/\/ecosupplements.be\/fr\/boutique\/"},{"@type":"ListItem","position":3,"name":"Mykind Organics Hommes Une Fois par Jour &#8211; 30 comprim\u00e9s v\u00e9g\u00e9taliens"}]},{"@type":"WebSite","@id":"https:\/\/ecosupplements.be\/fr\/#website","url":"https:\/\/ecosupplements.be\/fr\/","name":"ECO Supplements","description":"Eco Supplements - Gezonde supplementen","publisher":{"@id":"https:\/\/ecosupplements.be\/fr\/#organization"},"potentialAction":[{"@type":"SearchAction","target":{"@type":"EntryPoint","urlTemplate":"https:\/\/ecosupplements.be\/fr\/?s={search_term_string}"},"query-input":{"@type":"PropertyValueSpecification","valueRequired":true,"valueName":"search_term_string"}}],"inLanguage":"fr-FR"},{"@type":"Organization","@id":"https:\/\/ecosupplements.be\/fr\/#organization","name":"Eco Supplements","url":"https:\/\/ecosupplements.be\/fr\/","logo":{"@type":"ImageObject","inLanguage":"fr-FR","@id":"https:\/\/ecosupplements.be\/fr\/#\/schema\/logo\/image\/","url":"https:\/\/ecosupplements.be\/wp-content\/uploads\/2022\/06\/ecosupplement-family.png","contentUrl":"https:\/\/ecosupplements.be\/wp-content\/uploads\/2022\/06\/ecosupplement-family.png","width":593,"height":374,"caption":"Eco Supplements"},"image":{"@id":"https:\/\/ecosupplements.be\/fr\/#\/schema\/logo\/image\/"}}]},"product_brand":"Garden of Life","product_price_amount":"28.62","product_price_currency":"EUR","og_availability":"instock","product_availability":"instock","product_retailer_item_id":"658010117661","product_condition":"new"},"_links":{"self":[{"href":"https:\/\/ecosupplements.be\/fr\/wp-json\/wp\/v2\/product\/287136","targetHints":{"allow":["GET"]}}],"collection":[{"href":"https:\/\/ecosupplements.be\/fr\/wp-json\/wp\/v2\/product"}],"about":[{"href":"https:\/\/ecosupplements.be\/fr\/wp-json\/wp\/v2\/types\/product"}],"replies":[{"embeddable":true,"href":"https:\/\/ecosupplements.be\/fr\/wp-json\/wp\/v2\/comments?post=287136"}],"wp:featuredmedia":[{"embeddable":true,"href":"https:\/\/ecosupplements.be\/fr\/wp-json\/wp\/v2\/media\/262019"}],"wp:attachment":[{"href":"https:\/\/ecosupplements.be\/fr\/wp-json\/wp\/v2\/media?parent=287136"}],"wp:term":[{"taxonomy":"product_brand","embeddable":true,"href":"https:\/\/ecosupplements.be\/fr\/wp-json\/wp\/v2\/product_brand?post=287136"},{"taxonomy":"product_cat","embeddable":true,"href":"https:\/\/ecosupplements.be\/fr\/wp-json\/wp\/v2\/product_cat?post=287136"},{"taxonomy":"product_tag","embeddable":true,"href":"https:\/\/ecosupplements.be\/fr\/wp-json\/wp\/v2\/product_tag?post=287136"}],"curies":[{"name":"wp","href":"https:\/\/api.w.org\/{rel}","templated":true}]}}