{"id":287139,"date":"2022-09-22T12:57:56","date_gmt":"2022-09-22T11:57:56","guid":{"rendered":"https:\/\/ecosupplements.be\/product\/mykind-organics-hommes-une-fois-par-jour-60-comprimes-vegetaliens\/"},"modified":"2025-08-27T14:18:58","modified_gmt":"2025-08-27T13:18:58","slug":"mykind-organics-hommes-une-fois-par-jour-60-comprimes-vegetaliens","status":"publish","type":"product","link":"https:\/\/ecosupplements.be\/fr\/produit\/mykind-organics-hommes-une-fois-par-jour-60-comprimes-vegetaliens\/","title":{"rendered":"Mykind Organics Hommes Une Fois par Jour &#8211; 60 comprim\u00e9s v\u00e9g\u00e9taliens"},"content":{"rendered":"<h1>Mykind Organics Men&#8217;s Once Daily -\u2062 60 vegan\u2063 tablets<\/h1>\n<p>Garden of Life \u2064est\u2062 fier de pr\u00e9senter Mykind Organics\u2063 Men&#8217;s Once Daily, un compl\u00e9ment alimentaire sp\u00e9cialement con\u00e7u pour r\u00e9pondre aux besoins \u2062nutritionnels des hommes. Ces comprim\u00e9s v\u00e9g\u00e9taliens sont fabriqu\u00e9s \u00e0 partir d&#8217;ingr\u00e9dients biologiques certifi\u00e9s, sans OGM et sans gluten, \u2062pour une formule \u200cnaturelle et saine.<\/p>\n<h2>Caract\u00e9ristiques \u2064sp\u00e9ciales:<\/h2>\n<ul>\n<li>Formule compl\u00e8te \u2064pour r\u00e9pondre\u2062 aux \u200bbesoins nutritionnels des hommes<\/li>\n<li>Fabriqu\u00e9 \u00e0 partir \u2063d&#8217;ingr\u00e9dients biologiques certifi\u00e9s<\/li>\n<li>Sans OGM et sans gluten<\/li>\n<li>Comprim\u00e9s \u2063v\u00e9g\u00e9taliens faciles \u00e0 avaler<\/li>\n<li>Contient des\u200d vitamines, des min\u00e9raux et des \u2064antioxydants\u2063 essentiels<\/li>\n<\/ul>\n<h2>Ingr\u00e9dients cl\u00e9s:<\/h2>\n<p>Chaque comprim\u00e9 contient un m\u00e9lange de fruits et l\u00e9gumes biologiques, ainsi que \u2063des vitamines et des min\u00e9raux essentiels pour la sant\u00e9 des hommes. \u2064Les ingr\u00e9dients cl\u00e9s comprennent:<\/p>\n<ul>\n<li>Vitamine B12 pour soutenir la sant\u00e9 du syst\u00e8me nerveux\u200b et la production d&#8217;\u00e9nergie<\/li>\n<li>Vitamine D \u2063pour renforcer les os et\u200b les muscles<\/li>\n<li>Vitamine C pour renforcer le syst\u00e8me immunitaire<\/li>\n<li>Zinc pour soutenir\u2064 la sant\u00e9 de la prostate<\/li>\n<li>Extrait de baies d&#8217;a\u00e7a\u00ef pour ses propri\u00e9t\u00e9s antioxydantes<\/li>\n<\/ul>\n<h2>Avantages uniques:<\/h2>\n<p>Mykind Organics Men&#8217;s Once Daily offre une\u2063 formule compl\u00e8te pour r\u00e9pondre aux besoins nutritionnels sp\u00e9cifiques des hommes. Les ingr\u00e9dients biologiques certifi\u00e9s et\u2063 la formule sans OGM et sans\u200d gluten\u200c en font un\u2062 choix sain et naturel pour soutenir la \u2062sant\u00e9 globale des hommes. Les\u2062 comprim\u00e9s v\u00e9g\u00e9taliens faciles \u00e0\u2063 avaler \u200den font\u2063 \u00e9galement un choix pratique pour une suppl\u00e9mentation quotidienne.<\/p>\n<h2>Mode d&#8217;emploi:<\/h2>\n<p>Prenez\u2062 un comprim\u00e9 par jour avec de la nourriture.\u200c Pour de meilleurs r\u00e9sultats, utilisez r\u00e9guli\u00e8rement.<\/p>\n<p>Ne pas d\u00e9passer la\u200d dose recommand\u00e9e. Consultez votre professionnel de \u200cla sant\u00e9 avant\u200b d&#8217;utiliser ce produit si vous \u00eates enceinte,\u2064 allaitez, prenez des m\u00e9dicaments ou si vous avez \u2063un\u2064 probl\u00e8me de sant\u00e9.<\/p>\n<p>Conservez dans un endroit frais et\u200b sec. Tenir hors\u2064 de port\u00e9e des enfants.<\/p>\n<p>Donnez \u00e0 votre corps les \u200cnutriments dont\u200b il a besoin avec Mykind \u2064Organics Men&#8217;s Once Daily \u2062de \u200bGarden of Life. Commandez d\u00e8s\u2064 maintenant\u200c et profitez d&#8217;une sant\u00e9 optimale pour les\u2063 hommes.<\/p>\n","protected":false},"excerpt":{"rendered":"<p>Mykind Organics Men&#8217;s Once Daily -\u2062 60 vegan\u2063 tablets Garden of Life \u2064est\u2062 fier de pr\u00e9senter Mykind Organics\u2063 Men&#8217;s Once Daily, un compl\u00e9ment alimentaire sp\u00e9cialement con\u00e7u pour r\u00e9pondre aux besoins \u2062nutritionnels des hommes. Ces comprim\u00e9s v\u00e9g\u00e9taliens sont fabriqu\u00e9s \u00e0 partir d&#8217;ingr\u00e9dients biologiques certifi\u00e9s, sans OGM et sans gluten, \u2062pour une formule \u200cnaturelle et saine. Caract\u00e9ristiques [&#8230;]\n","protected":false},"featured_media":260830,"comment_status":"open","ping_status":"open","template":"","meta":[],"product_brand":[4810],"product_cat":[5052,5053,5161],"product_tag":[],"class_list":{"0":"post-287139","1":"product","2":"type-product","3":"status-publish","4":"has-post-thumbnail","6":"product_brand-garden-of-life-2","7":"product_cat-sante-et-bien-etre","8":"product_cat-vitamines-et-mineraux","9":"product_cat-vitamines-pour-hommes","11":"first","12":"instock","13":"taxable","14":"shipping-taxable","15":"purchasable","16":"product-type-simple"},"yoast_head":"<!-- This site is optimized with the Yoast SEO Premium plugin v27.3 (Yoast SEO v27.3) - https:\/\/yoast.com\/product\/yoast-seo-premium-wordpress\/ -->\n<title>Mykind Organics Hommes Une Fois par Jour - 60 comprim\u00e9s v\u00e9g\u00e9taliens - ECO Supplements<\/title>\n<meta name=\"description\" content=\"Wij hebben een ruime keuze aan producten van Mykind Organics Hommes Une Fois par Jour - 60 comprim\u00e9s v\u00e9g\u00e9taliens . Winkel bij Eco Supplements altijd gratis verzending boven 100\u20ac\" \/>\n<meta name=\"robots\" content=\"index, follow, max-snippet:-1, max-image-preview:large, max-video-preview:-1\" \/>\n<link rel=\"canonical\" href=\"https:\/\/ecosupplements.be\/fr\/produit\/mykind-organics-hommes-une-fois-par-jour-60-comprimes-vegetaliens\/\" \/>\n<meta property=\"og:locale\" content=\"fr_FR\" \/>\n<meta property=\"og:type\" content=\"article\" \/>\n<meta property=\"og:title\" content=\"Mykind Organics Hommes Une Fois par Jour - 60 comprim\u00e9s v\u00e9g\u00e9taliens\" \/>\n<meta property=\"og:description\" content=\"Wij hebben een ruime keuze aan producten van Mykind Organics Hommes Une Fois par Jour - 60 comprim\u00e9s v\u00e9g\u00e9taliens . Winkel bij Eco Supplements altijd gratis verzending boven 100\u20ac\" \/>\n<meta property=\"og:url\" content=\"https:\/\/ecosupplements.be\/fr\/produit\/mykind-organics-hommes-une-fois-par-jour-60-comprimes-vegetaliens\/\" \/>\n<meta property=\"og:site_name\" content=\"ECO Supplements\" \/>\n<meta property=\"article:modified_time\" content=\"2025-08-27T13:18:58+00:00\" \/>\n<meta property=\"og:image\" content=\"https:\/\/ecosupplements.be\/wp-content\/uploads\/2025\/08\/Mykind-Organics-Mens-Once-Daily-60-vegan-tabs-1.jpg\" \/>\n\t<meta property=\"og:image:width\" content=\"625\" \/>\n\t<meta property=\"og:image:height\" content=\"625\" \/>\n\t<meta property=\"og:image:type\" content=\"image\/jpeg\" \/>\n<meta name=\"twitter:card\" content=\"summary_large_image\" \/>\n<meta name=\"twitter:label1\" content=\"Prix\" \/>\n\t<meta name=\"twitter:data1\" content=\"58.70&nbsp;&euro;\" \/>\n\t<meta name=\"twitter:label2\" content=\"Disponibilit\u00e9\" \/>\n\t<meta name=\"twitter:data2\" content=\"En stock\" \/>\n<script type=\"application\/ld+json\" class=\"yoast-schema-graph\">{\"@context\":\"https:\\\/\\\/schema.org\",\"@graph\":[{\"@type\":[\"WebPage\",\"ItemPage\"],\"@id\":\"https:\\\/\\\/ecosupplements.be\\\/fr\\\/produit\\\/mykind-organics-hommes-une-fois-par-jour-60-comprimes-vegetaliens\\\/\",\"url\":\"https:\\\/\\\/ecosupplements.be\\\/fr\\\/produit\\\/mykind-organics-hommes-une-fois-par-jour-60-comprimes-vegetaliens\\\/\",\"name\":\"Mykind Organics Hommes Une Fois par Jour - 60 comprim\u00e9s v\u00e9g\u00e9taliens - ECO Supplements\",\"isPartOf\":{\"@id\":\"https:\\\/\\\/ecosupplements.be\\\/fr\\\/#website\"},\"primaryImageOfPage\":{\"@id\":\"https:\\\/\\\/ecosupplements.be\\\/fr\\\/produit\\\/mykind-organics-hommes-une-fois-par-jour-60-comprimes-vegetaliens\\\/#primaryimage\"},\"image\":{\"@id\":\"https:\\\/\\\/ecosupplements.be\\\/fr\\\/produit\\\/mykind-organics-hommes-une-fois-par-jour-60-comprimes-vegetaliens\\\/#primaryimage\"},\"thumbnailUrl\":\"https:\\\/\\\/ecosupplements.be\\\/wp-content\\\/uploads\\\/2025\\\/08\\\/Mykind-Organics-Mens-Once-Daily-60-vegan-tabs.jpg\",\"datePublished\":\"2022-09-22T11:57:56+00:00\",\"dateModified\":\"2025-08-27T13:18:58+00:00\",\"description\":\"Wij hebben een ruime keuze aan producten van Mykind Organics Hommes Une Fois par Jour - 60 comprim\u00e9s v\u00e9g\u00e9taliens . Winkel bij Eco Supplements altijd gratis verzending boven 100\u20ac\",\"breadcrumb\":{\"@id\":\"https:\\\/\\\/ecosupplements.be\\\/fr\\\/produit\\\/mykind-organics-hommes-une-fois-par-jour-60-comprimes-vegetaliens\\\/#breadcrumb\"},\"inLanguage\":\"fr-FR\",\"potentialAction\":[{\"@type\":\"ReadAction\",\"target\":[\"https:\\\/\\\/ecosupplements.be\\\/fr\\\/produit\\\/mykind-organics-hommes-une-fois-par-jour-60-comprimes-vegetaliens\\\/\"]}]},{\"@type\":\"ImageObject\",\"inLanguage\":\"fr-FR\",\"@id\":\"https:\\\/\\\/ecosupplements.be\\\/fr\\\/produit\\\/mykind-organics-hommes-une-fois-par-jour-60-comprimes-vegetaliens\\\/#primaryimage\",\"url\":\"https:\\\/\\\/ecosupplements.be\\\/wp-content\\\/uploads\\\/2025\\\/08\\\/Mykind-Organics-Mens-Once-Daily-60-vegan-tabs.jpg\",\"contentUrl\":\"https:\\\/\\\/ecosupplements.be\\\/wp-content\\\/uploads\\\/2025\\\/08\\\/Mykind-Organics-Mens-Once-Daily-60-vegan-tabs.jpg\",\"width\":625,\"height\":625},{\"@type\":\"BreadcrumbList\",\"@id\":\"https:\\\/\\\/ecosupplements.be\\\/fr\\\/produit\\\/mykind-organics-hommes-une-fois-par-jour-60-comprimes-vegetaliens\\\/#breadcrumb\",\"itemListElement\":[{\"@type\":\"ListItem\",\"position\":1,\"name\":\"Home\",\"item\":\"https:\\\/\\\/ecosupplements.be\\\/fr\\\/\"},{\"@type\":\"ListItem\",\"position\":2,\"name\":\"Boutique\",\"item\":\"https:\\\/\\\/ecosupplements.be\\\/fr\\\/boutique\\\/\"},{\"@type\":\"ListItem\",\"position\":3,\"name\":\"Mykind Organics Hommes Une Fois par Jour &#8211; 60 comprim\u00e9s v\u00e9g\u00e9taliens\"}]},{\"@type\":\"WebSite\",\"@id\":\"https:\\\/\\\/ecosupplements.be\\\/fr\\\/#website\",\"url\":\"https:\\\/\\\/ecosupplements.be\\\/fr\\\/\",\"name\":\"ECO Supplements\",\"description\":\"Eco Supplements - Gezonde supplementen\",\"publisher\":{\"@id\":\"https:\\\/\\\/ecosupplements.be\\\/fr\\\/#organization\"},\"potentialAction\":[{\"@type\":\"SearchAction\",\"target\":{\"@type\":\"EntryPoint\",\"urlTemplate\":\"https:\\\/\\\/ecosupplements.be\\\/fr\\\/?s={search_term_string}\"},\"query-input\":{\"@type\":\"PropertyValueSpecification\",\"valueRequired\":true,\"valueName\":\"search_term_string\"}}],\"inLanguage\":\"fr-FR\"},{\"@type\":\"Organization\",\"@id\":\"https:\\\/\\\/ecosupplements.be\\\/fr\\\/#organization\",\"name\":\"Eco Supplements\",\"url\":\"https:\\\/\\\/ecosupplements.be\\\/fr\\\/\",\"logo\":{\"@type\":\"ImageObject\",\"inLanguage\":\"fr-FR\",\"@id\":\"https:\\\/\\\/ecosupplements.be\\\/fr\\\/#\\\/schema\\\/logo\\\/image\\\/\",\"url\":\"https:\\\/\\\/ecosupplements.be\\\/wp-content\\\/uploads\\\/2022\\\/06\\\/ecosupplement-family.png\",\"contentUrl\":\"https:\\\/\\\/ecosupplements.be\\\/wp-content\\\/uploads\\\/2022\\\/06\\\/ecosupplement-family.png\",\"width\":593,\"height\":374,\"caption\":\"Eco Supplements\"},\"image\":{\"@id\":\"https:\\\/\\\/ecosupplements.be\\\/fr\\\/#\\\/schema\\\/logo\\\/image\\\/\"}}]}<\/script>\n<meta property=\"product:brand\" content=\"Garden of Life\" \/>\n<meta property=\"product:price:amount\" content=\"58.70\" \/>\n<meta property=\"product:price:currency\" content=\"EUR\" \/>\n<meta property=\"og:availability\" content=\"instock\" \/>\n<meta property=\"product:availability\" content=\"instock\" \/>\n<meta property=\"product:retailer_item_id\" content=\"658010117678\" \/>\n<meta property=\"product:condition\" content=\"new\" \/>\n<!-- \/ Yoast SEO Premium plugin. -->","yoast_head_json":{"title":"Mykind Organics Hommes Une Fois par Jour - 60 comprim\u00e9s v\u00e9g\u00e9taliens - ECO Supplements","description":"Wij hebben een ruime keuze aan producten van Mykind Organics Hommes Une Fois par Jour - 60 comprim\u00e9s v\u00e9g\u00e9taliens . Winkel bij Eco Supplements altijd gratis verzending boven 100\u20ac","robots":{"index":"index","follow":"follow","max-snippet":"max-snippet:-1","max-image-preview":"max-image-preview:large","max-video-preview":"max-video-preview:-1"},"canonical":"https:\/\/ecosupplements.be\/fr\/produit\/mykind-organics-hommes-une-fois-par-jour-60-comprimes-vegetaliens\/","og_locale":"fr_FR","og_type":"article","og_title":"Mykind Organics Hommes Une Fois par Jour - 60 comprim\u00e9s v\u00e9g\u00e9taliens","og_description":"Wij hebben een ruime keuze aan producten van Mykind Organics Hommes Une Fois par Jour - 60 comprim\u00e9s v\u00e9g\u00e9taliens . Winkel bij Eco Supplements altijd gratis verzending boven 100\u20ac","og_url":"https:\/\/ecosupplements.be\/fr\/produit\/mykind-organics-hommes-une-fois-par-jour-60-comprimes-vegetaliens\/","og_site_name":"ECO Supplements","article_modified_time":"2025-08-27T13:18:58+00:00","og_image":[{"width":625,"height":625,"url":"https:\/\/ecosupplements.be\/wp-content\/uploads\/2025\/08\/Mykind-Organics-Mens-Once-Daily-60-vegan-tabs-1.jpg","type":"image\/jpeg"}],"twitter_card":"summary_large_image","twitter_misc":{"Prix":"58.70&nbsp;&euro;","Disponibilit\u00e9":"En stock"},"schema":{"@context":"https:\/\/schema.org","@graph":[{"@type":["WebPage","ItemPage"],"@id":"https:\/\/ecosupplements.be\/fr\/produit\/mykind-organics-hommes-une-fois-par-jour-60-comprimes-vegetaliens\/","url":"https:\/\/ecosupplements.be\/fr\/produit\/mykind-organics-hommes-une-fois-par-jour-60-comprimes-vegetaliens\/","name":"Mykind Organics Hommes Une Fois par Jour - 60 comprim\u00e9s v\u00e9g\u00e9taliens - ECO Supplements","isPartOf":{"@id":"https:\/\/ecosupplements.be\/fr\/#website"},"primaryImageOfPage":{"@id":"https:\/\/ecosupplements.be\/fr\/produit\/mykind-organics-hommes-une-fois-par-jour-60-comprimes-vegetaliens\/#primaryimage"},"image":{"@id":"https:\/\/ecosupplements.be\/fr\/produit\/mykind-organics-hommes-une-fois-par-jour-60-comprimes-vegetaliens\/#primaryimage"},"thumbnailUrl":"https:\/\/ecosupplements.be\/wp-content\/uploads\/2025\/08\/Mykind-Organics-Mens-Once-Daily-60-vegan-tabs.jpg","datePublished":"2022-09-22T11:57:56+00:00","dateModified":"2025-08-27T13:18:58+00:00","description":"Wij hebben een ruime keuze aan producten van Mykind Organics Hommes Une Fois par Jour - 60 comprim\u00e9s v\u00e9g\u00e9taliens . Winkel bij Eco Supplements altijd gratis verzending boven 100\u20ac","breadcrumb":{"@id":"https:\/\/ecosupplements.be\/fr\/produit\/mykind-organics-hommes-une-fois-par-jour-60-comprimes-vegetaliens\/#breadcrumb"},"inLanguage":"fr-FR","potentialAction":[{"@type":"ReadAction","target":["https:\/\/ecosupplements.be\/fr\/produit\/mykind-organics-hommes-une-fois-par-jour-60-comprimes-vegetaliens\/"]}]},{"@type":"ImageObject","inLanguage":"fr-FR","@id":"https:\/\/ecosupplements.be\/fr\/produit\/mykind-organics-hommes-une-fois-par-jour-60-comprimes-vegetaliens\/#primaryimage","url":"https:\/\/ecosupplements.be\/wp-content\/uploads\/2025\/08\/Mykind-Organics-Mens-Once-Daily-60-vegan-tabs.jpg","contentUrl":"https:\/\/ecosupplements.be\/wp-content\/uploads\/2025\/08\/Mykind-Organics-Mens-Once-Daily-60-vegan-tabs.jpg","width":625,"height":625},{"@type":"BreadcrumbList","@id":"https:\/\/ecosupplements.be\/fr\/produit\/mykind-organics-hommes-une-fois-par-jour-60-comprimes-vegetaliens\/#breadcrumb","itemListElement":[{"@type":"ListItem","position":1,"name":"Home","item":"https:\/\/ecosupplements.be\/fr\/"},{"@type":"ListItem","position":2,"name":"Boutique","item":"https:\/\/ecosupplements.be\/fr\/boutique\/"},{"@type":"ListItem","position":3,"name":"Mykind Organics Hommes Une Fois par Jour &#8211; 60 comprim\u00e9s v\u00e9g\u00e9taliens"}]},{"@type":"WebSite","@id":"https:\/\/ecosupplements.be\/fr\/#website","url":"https:\/\/ecosupplements.be\/fr\/","name":"ECO Supplements","description":"Eco Supplements - Gezonde supplementen","publisher":{"@id":"https:\/\/ecosupplements.be\/fr\/#organization"},"potentialAction":[{"@type":"SearchAction","target":{"@type":"EntryPoint","urlTemplate":"https:\/\/ecosupplements.be\/fr\/?s={search_term_string}"},"query-input":{"@type":"PropertyValueSpecification","valueRequired":true,"valueName":"search_term_string"}}],"inLanguage":"fr-FR"},{"@type":"Organization","@id":"https:\/\/ecosupplements.be\/fr\/#organization","name":"Eco Supplements","url":"https:\/\/ecosupplements.be\/fr\/","logo":{"@type":"ImageObject","inLanguage":"fr-FR","@id":"https:\/\/ecosupplements.be\/fr\/#\/schema\/logo\/image\/","url":"https:\/\/ecosupplements.be\/wp-content\/uploads\/2022\/06\/ecosupplement-family.png","contentUrl":"https:\/\/ecosupplements.be\/wp-content\/uploads\/2022\/06\/ecosupplement-family.png","width":593,"height":374,"caption":"Eco Supplements"},"image":{"@id":"https:\/\/ecosupplements.be\/fr\/#\/schema\/logo\/image\/"}}]},"product_brand":"Garden of Life","product_price_amount":"58.70","product_price_currency":"EUR","og_availability":"instock","product_availability":"instock","product_retailer_item_id":"658010117678","product_condition":"new"},"_links":{"self":[{"href":"https:\/\/ecosupplements.be\/fr\/wp-json\/wp\/v2\/product\/287139","targetHints":{"allow":["GET"]}}],"collection":[{"href":"https:\/\/ecosupplements.be\/fr\/wp-json\/wp\/v2\/product"}],"about":[{"href":"https:\/\/ecosupplements.be\/fr\/wp-json\/wp\/v2\/types\/product"}],"replies":[{"embeddable":true,"href":"https:\/\/ecosupplements.be\/fr\/wp-json\/wp\/v2\/comments?post=287139"}],"wp:featuredmedia":[{"embeddable":true,"href":"https:\/\/ecosupplements.be\/fr\/wp-json\/wp\/v2\/media\/260830"}],"wp:attachment":[{"href":"https:\/\/ecosupplements.be\/fr\/wp-json\/wp\/v2\/media?parent=287139"}],"wp:term":[{"taxonomy":"product_brand","embeddable":true,"href":"https:\/\/ecosupplements.be\/fr\/wp-json\/wp\/v2\/product_brand?post=287139"},{"taxonomy":"product_cat","embeddable":true,"href":"https:\/\/ecosupplements.be\/fr\/wp-json\/wp\/v2\/product_cat?post=287139"},{"taxonomy":"product_tag","embeddable":true,"href":"https:\/\/ecosupplements.be\/fr\/wp-json\/wp\/v2\/product_tag?post=287139"}],"curies":[{"name":"wp","href":"https:\/\/api.w.org\/{rel}","templated":true}]}}