{"id":287145,"date":"2022-08-25T13:12:14","date_gmt":"2022-08-25T12:12:14","guid":{"rendered":"https:\/\/ecosupplements.be\/product\/gummies-prenatales-mykind-organics-baies-biologiques-120-gouttes-gelifiees-vegetaliennes\/"},"modified":"2025-08-27T14:19:04","modified_gmt":"2025-08-27T13:19:04","slug":"gummies-prenatales-mykind-organics-baies-biologiques-120-gouttes-gelifiees-vegetaliennes","status":"publish","type":"product","link":"https:\/\/ecosupplements.be\/fr\/produit\/gummies-prenatales-mykind-organics-baies-biologiques-120-gouttes-gelifiees-vegetaliennes\/","title":{"rendered":"Gummies pr\u00e9natales Mykind Organics, baies biologiques &#8211; 120 gouttes g\u00e9lifi\u00e9es v\u00e9g\u00e9taliennes"},"content":{"rendered":"<h1>Mykind Organics \u2064Prenatal Multi Gummies, Organic Berry &#8211; 120 vegan \u200dgummy\u200d drops<\/h1>\n<p>Les gummies pr\u00e9natales\u2062 Mykind Organics sont sp\u00e9cialement con\u00e7ues pour les femmes enceintes et allaitantes. Ces d\u00e9licieuses gommes \u00e0 m\u00e2cher biologiques sont formul\u00e9es \u00e0 partir d&#8217;ingr\u00e9dients naturels et biologiques pour fournir \u00e0 votre \u2063corps les\u200c nutriments essentiels dont il a besoin pendant cette p\u00e9riode importante \u2064de votre \u200cvie.<\/p>\n<h2>Caract\u00e9ristiques\u2064 sp\u00e9ciales<\/h2>\n<ul>\n<li>Formule sp\u00e9cialement con\u00e7ue pour les femmes enceintes et allaitantes<\/li>\n<li>Fabriqu\u00e9 \u00e0 partir d&#8217;ingr\u00e9dients naturels et \u200cbiologiques<\/li>\n<li>Sans g\u00e9latine, sans gluten et sans produits laitiers<\/li>\n<li>Contient des vitamines et min\u00e9raux essentiels pour la sant\u00e9\u200d de la m\u00e8re et du b\u00e9b\u00e9<\/li>\n<li>Saveur de \u200cbaies biologiques d\u00e9licieuse<\/li>\n<\/ul>\n<h2>Ingr\u00e9dients cl\u00e9s<\/h2>\n<ul>\n<li>Vitamine B12: essentielle\u2062 pour le \u200dd\u00e9veloppement du syst\u00e8me nerveux du b\u00e9b\u00e9<\/li>\n<li>Acide folique: important pour \u200cla \u200bcroissance et le d\u00e9veloppement du f\u0153tus<\/li>\n<li>Vitamine D3: favorise la sant\u00e9\u2062 osseuse et immunitaire de la \u2063m\u00e8re et du b\u00e9b\u00e9<\/li>\n<li>Fer: \u200daide \u00e0 pr\u00e9venir l&#8217;an\u00e9mie pendant la grossesse<\/li>\n<li>Gingembre biologique: \u200caide \u00e0 soulager les naus\u00e9es matinales<\/li>\n<\/ul>\n<h2>Avantages uniques<\/h2>\n<p>Les gummies pr\u00e9natales Mykind Organics sont un moyen \u200dpratique et d\u00e9licieux de prendre soin de votre sant\u00e9 et\u2064 de celle de\u200b votre b\u00e9b\u00e9 pendant la grossesse et l&#8217;allaitement. \u200dFabriqu\u00e9es \u00e0 partir d&#8217;ingr\u00e9dients biologiques de \u2063haute qualit\u00e9, ces gommes \u00e0 m\u00e2cher fournissent des nutriments essentiels pour soutenir la croissance et le d\u00e9veloppement du b\u00e9b\u00e9, ainsi que pour maintenir la sant\u00e9 de la m\u00e8re.<\/p>\n<h2>Principales caract\u00e9ristiques<\/h2>\n<ul>\n<li>120 gummies v\u00e9g\u00e9taliens par bouteille<\/li>\n<li>Saveur de baies biologiques<\/li>\n<li>Sans\u200d g\u00e9latine, sans \u2064gluten \u200bet sans produits laitiers<\/li>\n<li>Formul\u00e9 sp\u00e9cialement pour les femmes enceintes et \u200dallaitantes<\/li>\n<li>Fabriqu\u00e9 \u00e0 partir d&#8217;ingr\u00e9dients naturels et \u200cbiologiques<\/li>\n<\/ul>\n<p>Prenez soin de vous et de votre b\u00e9b\u00e9 avec les gummies pr\u00e9natales\u2064 Mykind Organics, \u2064une formule compl\u00e8te et naturelle pour une grossesse en sant\u00e9.<\/p>\n","protected":false},"excerpt":{"rendered":"<p>Mykind Organics \u2064Prenatal Multi Gummies, Organic Berry &#8211; 120 vegan \u200dgummy\u200d drops Les gummies pr\u00e9natales\u2062 Mykind Organics sont sp\u00e9cialement con\u00e7ues pour les femmes enceintes et allaitantes. Ces d\u00e9licieuses gommes \u00e0 m\u00e2cher biologiques sont formul\u00e9es \u00e0 partir d&#8217;ingr\u00e9dients naturels et biologiques pour fournir \u00e0 votre \u2063corps les\u200c nutriments essentiels dont il a besoin pendant cette p\u00e9riode [&#8230;]\n","protected":false},"featured_media":260434,"comment_status":"open","ping_status":"open","template":"","meta":[],"product_brand":[4810],"product_cat":[5054,5055,5052,5053],"product_tag":[],"class_list":{"0":"post-287145","1":"product","2":"type-product","3":"status-publish","4":"has-post-thumbnail","6":"product_brand-garden-of-life-2","7":"product_cat-nourriture-saine","8":"product_cat-produits-vegetaliens","9":"product_cat-sante-et-bien-etre","10":"product_cat-vitamines-et-mineraux","12":"first","13":"instock","14":"sale","15":"taxable","16":"shipping-taxable","17":"purchasable","18":"product-type-simple"},"yoast_head":"<!-- This site is optimized with the Yoast SEO Premium plugin v27.3 (Yoast SEO v27.3) - https:\/\/yoast.com\/product\/yoast-seo-premium-wordpress\/ -->\n<title>Gummies pr\u00e9natales Mykind Organics, baies biologiques - 120 gouttes g\u00e9lifi\u00e9es v\u00e9g\u00e9taliennes - ECO Supplements<\/title>\n<meta name=\"description\" content=\"Wij hebben een ruime keuze aan producten van Gummies pr\u00e9natales Mykind Organics, baies biologiques - 120 gouttes g\u00e9lifi\u00e9es v\u00e9g\u00e9taliennes . Winkel bij Eco Supplements altijd gratis verzending boven 100\u20ac\" \/>\n<meta name=\"robots\" content=\"index, follow, max-snippet:-1, max-image-preview:large, max-video-preview:-1\" \/>\n<link rel=\"canonical\" href=\"https:\/\/ecosupplements.be\/fr\/produit\/gummies-prenatales-mykind-organics-baies-biologiques-120-gouttes-gelifiees-vegetaliennes\/\" \/>\n<meta property=\"og:locale\" content=\"fr_FR\" \/>\n<meta property=\"og:type\" content=\"article\" \/>\n<meta property=\"og:title\" content=\"Gummies pr\u00e9natales Mykind Organics, baies biologiques - 120 gouttes g\u00e9lifi\u00e9es v\u00e9g\u00e9taliennes\" \/>\n<meta property=\"og:description\" content=\"Wij hebben een ruime keuze aan producten van Gummies pr\u00e9natales Mykind Organics, baies biologiques - 120 gouttes g\u00e9lifi\u00e9es v\u00e9g\u00e9taliennes . Winkel bij Eco Supplements altijd gratis verzending boven 100\u20ac\" \/>\n<meta property=\"og:url\" content=\"https:\/\/ecosupplements.be\/fr\/produit\/gummies-prenatales-mykind-organics-baies-biologiques-120-gouttes-gelifiees-vegetaliennes\/\" \/>\n<meta property=\"og:site_name\" content=\"ECO Supplements\" \/>\n<meta property=\"article:modified_time\" content=\"2025-08-27T13:19:04+00:00\" \/>\n<meta property=\"og:image\" content=\"https:\/\/ecosupplements.be\/wp-content\/uploads\/2025\/08\/Mykind-Organics-Prenatal-Multi-Gummies-Organic-Berry-120-vegan-gummy-drops-1.jpg\" \/>\n\t<meta property=\"og:image:width\" content=\"418\" \/>\n\t<meta property=\"og:image:height\" content=\"778\" \/>\n\t<meta property=\"og:image:type\" content=\"image\/jpeg\" \/>\n<meta name=\"twitter:card\" content=\"summary_large_image\" \/>\n<meta name=\"twitter:label1\" content=\"Prix\" \/>\n\t<meta name=\"twitter:data1\" content=\"40.96&nbsp;&euro;\" \/>\n\t<meta name=\"twitter:label2\" content=\"Disponibilit\u00e9\" \/>\n\t<meta name=\"twitter:data2\" content=\"En stock\" \/>\n<script type=\"application\/ld+json\" class=\"yoast-schema-graph\">{\"@context\":\"https:\\\/\\\/schema.org\",\"@graph\":[{\"@type\":[\"WebPage\",\"ItemPage\"],\"@id\":\"https:\\\/\\\/ecosupplements.be\\\/fr\\\/produit\\\/gummies-prenatales-mykind-organics-baies-biologiques-120-gouttes-gelifiees-vegetaliennes\\\/\",\"url\":\"https:\\\/\\\/ecosupplements.be\\\/fr\\\/produit\\\/gummies-prenatales-mykind-organics-baies-biologiques-120-gouttes-gelifiees-vegetaliennes\\\/\",\"name\":\"Gummies pr\u00e9natales Mykind Organics, baies biologiques - 120 gouttes g\u00e9lifi\u00e9es v\u00e9g\u00e9taliennes - ECO Supplements\",\"isPartOf\":{\"@id\":\"https:\\\/\\\/ecosupplements.be\\\/fr\\\/#website\"},\"primaryImageOfPage\":{\"@id\":\"https:\\\/\\\/ecosupplements.be\\\/fr\\\/produit\\\/gummies-prenatales-mykind-organics-baies-biologiques-120-gouttes-gelifiees-vegetaliennes\\\/#primaryimage\"},\"image\":{\"@id\":\"https:\\\/\\\/ecosupplements.be\\\/fr\\\/produit\\\/gummies-prenatales-mykind-organics-baies-biologiques-120-gouttes-gelifiees-vegetaliennes\\\/#primaryimage\"},\"thumbnailUrl\":\"https:\\\/\\\/ecosupplements.be\\\/wp-content\\\/uploads\\\/2025\\\/08\\\/Mykind-Organics-Prenatal-Multi-Gummies-Organic-Berry-120-vegan-gummy-drops.jpg\",\"datePublished\":\"2022-08-25T12:12:14+00:00\",\"dateModified\":\"2025-08-27T13:19:04+00:00\",\"description\":\"Wij hebben een ruime keuze aan producten van Gummies pr\u00e9natales Mykind Organics, baies biologiques - 120 gouttes g\u00e9lifi\u00e9es v\u00e9g\u00e9taliennes . Winkel bij Eco Supplements altijd gratis verzending boven 100\u20ac\",\"breadcrumb\":{\"@id\":\"https:\\\/\\\/ecosupplements.be\\\/fr\\\/produit\\\/gummies-prenatales-mykind-organics-baies-biologiques-120-gouttes-gelifiees-vegetaliennes\\\/#breadcrumb\"},\"inLanguage\":\"fr-FR\",\"potentialAction\":[{\"@type\":\"ReadAction\",\"target\":[\"https:\\\/\\\/ecosupplements.be\\\/fr\\\/produit\\\/gummies-prenatales-mykind-organics-baies-biologiques-120-gouttes-gelifiees-vegetaliennes\\\/\"]}]},{\"@type\":\"ImageObject\",\"inLanguage\":\"fr-FR\",\"@id\":\"https:\\\/\\\/ecosupplements.be\\\/fr\\\/produit\\\/gummies-prenatales-mykind-organics-baies-biologiques-120-gouttes-gelifiees-vegetaliennes\\\/#primaryimage\",\"url\":\"https:\\\/\\\/ecosupplements.be\\\/wp-content\\\/uploads\\\/2025\\\/08\\\/Mykind-Organics-Prenatal-Multi-Gummies-Organic-Berry-120-vegan-gummy-drops.jpg\",\"contentUrl\":\"https:\\\/\\\/ecosupplements.be\\\/wp-content\\\/uploads\\\/2025\\\/08\\\/Mykind-Organics-Prenatal-Multi-Gummies-Organic-Berry-120-vegan-gummy-drops.jpg\",\"width\":418,\"height\":778},{\"@type\":\"BreadcrumbList\",\"@id\":\"https:\\\/\\\/ecosupplements.be\\\/fr\\\/produit\\\/gummies-prenatales-mykind-organics-baies-biologiques-120-gouttes-gelifiees-vegetaliennes\\\/#breadcrumb\",\"itemListElement\":[{\"@type\":\"ListItem\",\"position\":1,\"name\":\"Home\",\"item\":\"https:\\\/\\\/ecosupplements.be\\\/fr\\\/\"},{\"@type\":\"ListItem\",\"position\":2,\"name\":\"Boutique\",\"item\":\"https:\\\/\\\/ecosupplements.be\\\/fr\\\/boutique\\\/\"},{\"@type\":\"ListItem\",\"position\":3,\"name\":\"Gummies pr\u00e9natales Mykind Organics, baies biologiques &#8211; 120 gouttes g\u00e9lifi\u00e9es v\u00e9g\u00e9taliennes\"}]},{\"@type\":\"WebSite\",\"@id\":\"https:\\\/\\\/ecosupplements.be\\\/fr\\\/#website\",\"url\":\"https:\\\/\\\/ecosupplements.be\\\/fr\\\/\",\"name\":\"ECO Supplements\",\"description\":\"Eco Supplements - Gezonde supplementen\",\"publisher\":{\"@id\":\"https:\\\/\\\/ecosupplements.be\\\/fr\\\/#organization\"},\"potentialAction\":[{\"@type\":\"SearchAction\",\"target\":{\"@type\":\"EntryPoint\",\"urlTemplate\":\"https:\\\/\\\/ecosupplements.be\\\/fr\\\/?s={search_term_string}\"},\"query-input\":{\"@type\":\"PropertyValueSpecification\",\"valueRequired\":true,\"valueName\":\"search_term_string\"}}],\"inLanguage\":\"fr-FR\"},{\"@type\":\"Organization\",\"@id\":\"https:\\\/\\\/ecosupplements.be\\\/fr\\\/#organization\",\"name\":\"Eco Supplements\",\"url\":\"https:\\\/\\\/ecosupplements.be\\\/fr\\\/\",\"logo\":{\"@type\":\"ImageObject\",\"inLanguage\":\"fr-FR\",\"@id\":\"https:\\\/\\\/ecosupplements.be\\\/fr\\\/#\\\/schema\\\/logo\\\/image\\\/\",\"url\":\"https:\\\/\\\/ecosupplements.be\\\/wp-content\\\/uploads\\\/2022\\\/06\\\/ecosupplement-family.png\",\"contentUrl\":\"https:\\\/\\\/ecosupplements.be\\\/wp-content\\\/uploads\\\/2022\\\/06\\\/ecosupplement-family.png\",\"width\":593,\"height\":374,\"caption\":\"Eco Supplements\"},\"image\":{\"@id\":\"https:\\\/\\\/ecosupplements.be\\\/fr\\\/#\\\/schema\\\/logo\\\/image\\\/\"}}]}<\/script>\n<meta property=\"product:brand\" content=\"Garden of Life\" \/>\n<meta property=\"product:price:amount\" content=\"40.96\" \/>\n<meta property=\"product:price:currency\" content=\"EUR\" \/>\n<meta property=\"og:availability\" content=\"instock\" \/>\n<meta property=\"product:availability\" content=\"instock\" \/>\n<meta property=\"product:retailer_item_id\" content=\"658010120302\" \/>\n<meta property=\"product:condition\" content=\"new\" \/>\n<!-- \/ Yoast SEO Premium plugin. -->","yoast_head_json":{"title":"Gummies pr\u00e9natales Mykind Organics, baies biologiques - 120 gouttes g\u00e9lifi\u00e9es v\u00e9g\u00e9taliennes - ECO Supplements","description":"Wij hebben een ruime keuze aan producten van Gummies pr\u00e9natales Mykind Organics, baies biologiques - 120 gouttes g\u00e9lifi\u00e9es v\u00e9g\u00e9taliennes . Winkel bij Eco Supplements altijd gratis verzending boven 100\u20ac","robots":{"index":"index","follow":"follow","max-snippet":"max-snippet:-1","max-image-preview":"max-image-preview:large","max-video-preview":"max-video-preview:-1"},"canonical":"https:\/\/ecosupplements.be\/fr\/produit\/gummies-prenatales-mykind-organics-baies-biologiques-120-gouttes-gelifiees-vegetaliennes\/","og_locale":"fr_FR","og_type":"article","og_title":"Gummies pr\u00e9natales Mykind Organics, baies biologiques - 120 gouttes g\u00e9lifi\u00e9es v\u00e9g\u00e9taliennes","og_description":"Wij hebben een ruime keuze aan producten van Gummies pr\u00e9natales Mykind Organics, baies biologiques - 120 gouttes g\u00e9lifi\u00e9es v\u00e9g\u00e9taliennes . Winkel bij Eco Supplements altijd gratis verzending boven 100\u20ac","og_url":"https:\/\/ecosupplements.be\/fr\/produit\/gummies-prenatales-mykind-organics-baies-biologiques-120-gouttes-gelifiees-vegetaliennes\/","og_site_name":"ECO Supplements","article_modified_time":"2025-08-27T13:19:04+00:00","og_image":[{"width":418,"height":778,"url":"https:\/\/ecosupplements.be\/wp-content\/uploads\/2025\/08\/Mykind-Organics-Prenatal-Multi-Gummies-Organic-Berry-120-vegan-gummy-drops-1.jpg","type":"image\/jpeg"}],"twitter_card":"summary_large_image","twitter_misc":{"Prix":"40.96&nbsp;&euro;","Disponibilit\u00e9":"En stock"},"schema":{"@context":"https:\/\/schema.org","@graph":[{"@type":["WebPage","ItemPage"],"@id":"https:\/\/ecosupplements.be\/fr\/produit\/gummies-prenatales-mykind-organics-baies-biologiques-120-gouttes-gelifiees-vegetaliennes\/","url":"https:\/\/ecosupplements.be\/fr\/produit\/gummies-prenatales-mykind-organics-baies-biologiques-120-gouttes-gelifiees-vegetaliennes\/","name":"Gummies pr\u00e9natales Mykind Organics, baies biologiques - 120 gouttes g\u00e9lifi\u00e9es v\u00e9g\u00e9taliennes - ECO Supplements","isPartOf":{"@id":"https:\/\/ecosupplements.be\/fr\/#website"},"primaryImageOfPage":{"@id":"https:\/\/ecosupplements.be\/fr\/produit\/gummies-prenatales-mykind-organics-baies-biologiques-120-gouttes-gelifiees-vegetaliennes\/#primaryimage"},"image":{"@id":"https:\/\/ecosupplements.be\/fr\/produit\/gummies-prenatales-mykind-organics-baies-biologiques-120-gouttes-gelifiees-vegetaliennes\/#primaryimage"},"thumbnailUrl":"https:\/\/ecosupplements.be\/wp-content\/uploads\/2025\/08\/Mykind-Organics-Prenatal-Multi-Gummies-Organic-Berry-120-vegan-gummy-drops.jpg","datePublished":"2022-08-25T12:12:14+00:00","dateModified":"2025-08-27T13:19:04+00:00","description":"Wij hebben een ruime keuze aan producten van Gummies pr\u00e9natales Mykind Organics, baies biologiques - 120 gouttes g\u00e9lifi\u00e9es v\u00e9g\u00e9taliennes . Winkel bij Eco Supplements altijd gratis verzending boven 100\u20ac","breadcrumb":{"@id":"https:\/\/ecosupplements.be\/fr\/produit\/gummies-prenatales-mykind-organics-baies-biologiques-120-gouttes-gelifiees-vegetaliennes\/#breadcrumb"},"inLanguage":"fr-FR","potentialAction":[{"@type":"ReadAction","target":["https:\/\/ecosupplements.be\/fr\/produit\/gummies-prenatales-mykind-organics-baies-biologiques-120-gouttes-gelifiees-vegetaliennes\/"]}]},{"@type":"ImageObject","inLanguage":"fr-FR","@id":"https:\/\/ecosupplements.be\/fr\/produit\/gummies-prenatales-mykind-organics-baies-biologiques-120-gouttes-gelifiees-vegetaliennes\/#primaryimage","url":"https:\/\/ecosupplements.be\/wp-content\/uploads\/2025\/08\/Mykind-Organics-Prenatal-Multi-Gummies-Organic-Berry-120-vegan-gummy-drops.jpg","contentUrl":"https:\/\/ecosupplements.be\/wp-content\/uploads\/2025\/08\/Mykind-Organics-Prenatal-Multi-Gummies-Organic-Berry-120-vegan-gummy-drops.jpg","width":418,"height":778},{"@type":"BreadcrumbList","@id":"https:\/\/ecosupplements.be\/fr\/produit\/gummies-prenatales-mykind-organics-baies-biologiques-120-gouttes-gelifiees-vegetaliennes\/#breadcrumb","itemListElement":[{"@type":"ListItem","position":1,"name":"Home","item":"https:\/\/ecosupplements.be\/fr\/"},{"@type":"ListItem","position":2,"name":"Boutique","item":"https:\/\/ecosupplements.be\/fr\/boutique\/"},{"@type":"ListItem","position":3,"name":"Gummies pr\u00e9natales Mykind Organics, baies biologiques &#8211; 120 gouttes g\u00e9lifi\u00e9es v\u00e9g\u00e9taliennes"}]},{"@type":"WebSite","@id":"https:\/\/ecosupplements.be\/fr\/#website","url":"https:\/\/ecosupplements.be\/fr\/","name":"ECO Supplements","description":"Eco Supplements - Gezonde supplementen","publisher":{"@id":"https:\/\/ecosupplements.be\/fr\/#organization"},"potentialAction":[{"@type":"SearchAction","target":{"@type":"EntryPoint","urlTemplate":"https:\/\/ecosupplements.be\/fr\/?s={search_term_string}"},"query-input":{"@type":"PropertyValueSpecification","valueRequired":true,"valueName":"search_term_string"}}],"inLanguage":"fr-FR"},{"@type":"Organization","@id":"https:\/\/ecosupplements.be\/fr\/#organization","name":"Eco Supplements","url":"https:\/\/ecosupplements.be\/fr\/","logo":{"@type":"ImageObject","inLanguage":"fr-FR","@id":"https:\/\/ecosupplements.be\/fr\/#\/schema\/logo\/image\/","url":"https:\/\/ecosupplements.be\/wp-content\/uploads\/2022\/06\/ecosupplement-family.png","contentUrl":"https:\/\/ecosupplements.be\/wp-content\/uploads\/2022\/06\/ecosupplement-family.png","width":593,"height":374,"caption":"Eco Supplements"},"image":{"@id":"https:\/\/ecosupplements.be\/fr\/#\/schema\/logo\/image\/"}}]},"product_brand":"Garden of Life","product_price_amount":"40.96","product_price_currency":"EUR","og_availability":"instock","product_availability":"instock","product_retailer_item_id":"658010120302","product_condition":"new"},"_links":{"self":[{"href":"https:\/\/ecosupplements.be\/fr\/wp-json\/wp\/v2\/product\/287145","targetHints":{"allow":["GET"]}}],"collection":[{"href":"https:\/\/ecosupplements.be\/fr\/wp-json\/wp\/v2\/product"}],"about":[{"href":"https:\/\/ecosupplements.be\/fr\/wp-json\/wp\/v2\/types\/product"}],"replies":[{"embeddable":true,"href":"https:\/\/ecosupplements.be\/fr\/wp-json\/wp\/v2\/comments?post=287145"}],"wp:featuredmedia":[{"embeddable":true,"href":"https:\/\/ecosupplements.be\/fr\/wp-json\/wp\/v2\/media\/260434"}],"wp:attachment":[{"href":"https:\/\/ecosupplements.be\/fr\/wp-json\/wp\/v2\/media?parent=287145"}],"wp:term":[{"taxonomy":"product_brand","embeddable":true,"href":"https:\/\/ecosupplements.be\/fr\/wp-json\/wp\/v2\/product_brand?post=287145"},{"taxonomy":"product_cat","embeddable":true,"href":"https:\/\/ecosupplements.be\/fr\/wp-json\/wp\/v2\/product_cat?post=287145"},{"taxonomy":"product_tag","embeddable":true,"href":"https:\/\/ecosupplements.be\/fr\/wp-json\/wp\/v2\/product_tag?post=287145"}],"curies":[{"name":"wp","href":"https:\/\/api.w.org\/{rel}","templated":true}]}}