{"id":287148,"date":"2023-01-19T22:16:39","date_gmt":"2023-01-19T21:16:39","guid":{"rendered":"https:\/\/ecosupplements.be\/product\/mykind-organics-prenatal-une-fois-par-jour-30-comprimes-vegetaliens\/"},"modified":"2025-08-27T14:19:06","modified_gmt":"2025-08-27T13:19:06","slug":"mykind-organics-prenatal-une-fois-par-jour-30-comprimes-vegetaliens","status":"publish","type":"product","link":"https:\/\/ecosupplements.be\/fr\/produit\/mykind-organics-prenatal-une-fois-par-jour-30-comprimes-vegetaliens\/","title":{"rendered":"Mykind Organics Prenatal Une fois par jour &#8211; 30 comprim\u00e9s v\u00e9g\u00e9taliens"},"content":{"rendered":"<h1>Mykind Organics Prenatal Once Daily\u2062 &#8211; 30 comprim\u00e9s v\u00e9g\u00e9taliens<\/h1>\n<p>Pr\u00e9parez-vous \u00e0 une grossesse en toute sant\u00e9 avec les comprim\u00e9s v\u00e9g\u00e9taliens Mykind Organics Prenatal Once Daily. Cette formule unique est sp\u00e9cialement con\u00e7ue pour les femmes enceintes et allaitantes, \u2063offrant une nutrition compl\u00e8te\u200c et \u00e9quilibr\u00e9e pour soutenir la sant\u00e9 de la m\u00e8re et du b\u00e9b\u00e9.<\/p>\n<h2>Caract\u00e9ristiques sp\u00e9ciales:<\/h2>\n<ul>\n<li>Formule v\u00e9g\u00e9talienne certifi\u00e9e biologique<\/li>\n<li>Contient\u200b des vitamines \u200cet min\u00e9raux essentiels pour la grossesse et l&#8217;allaitement<\/li>\n<li>Comprim\u00e9 facile \u00e0 avaler une fois par jour<\/li>\n<li>Ne contient pas de colorants, d&#8217;ar\u00f4mes ou de conservateurs artificiels<\/li>\n<li>Facilement digestible et sans naus\u00e9e<\/li>\n<\/ul>\n<h2>Ingr\u00e9dients cl\u00e9s:<\/h2>\n<p>Les comprim\u00e9s v\u00e9g\u00e9taliens Mykind Organics Prenatal Once Daily \u200dsont formul\u00e9s \u2062avec des ingr\u00e9dients biologiques de haute qualit\u00e9, soigneusement s\u00e9lectionn\u00e9s pour soutenir la sant\u00e9 de la m\u00e8re et du\u200b b\u00e9b\u00e9. Les ingr\u00e9dients cl\u00e9s comprennent:<\/p>\n<ul>\n<li>Fer: essentiel pour la production de globules rouges et le d\u00e9veloppement du cerveau du \u2063b\u00e9b\u00e9<\/li>\n<li>Folate: important pour la croissance et \u200dle d\u00e9veloppement du b\u00e9b\u00e9<\/li>\n<li>Vitamine D3: aide \u00e0 l&#8217;absorption \u200cdu calcium \u200bpour \u2064la sant\u00e9 des os\u2063 de la m\u00e8re et du b\u00e9b\u00e9<\/li>\n<li>Vitamine B12: soutient la sant\u00e9 du \u200csyst\u00e8me \u200bnerveux et la production d&#8217;\u00e9nergie<\/li>\n<li>Probiotiques: favorisent une digestion saine\u2063 et un syst\u00e8me immunitaire fort<\/li>\n<\/ul>\n<h2>Avantages uniques:<\/h2>\n<p>Les comprim\u00e9s v\u00e9g\u00e9taliens Mykind Organics Prenatal Once \u200cDaily offrent une\u2063 nutrition compl\u00e8te \u2062et \u00e9quilibr\u00e9e pour soutenir la sant\u00e9 de la \u2064m\u00e8re et du b\u00e9b\u00e9\u2064 pendant\u2063 la grossesse et \u200dl&#8217;allaitement. Cette formule \u200cunique est certifi\u00e9e biologique,\u200d facile \u00e0 dig\u00e9rer et ne contient aucun ingr\u00e9dient artificiel, ce qui en fait un choix s\u00fbr et sain \u2062pour les femmes\u2064 enceintes et allaitantes.<\/p>\n<h2>Mode d&#8217;emploi:<\/h2>\n<p>Prenez un comprim\u00e9 par jour avec de la nourriture. Pour de meilleurs r\u00e9sultats, prenez-le avec un repas contenant \u200cdes mati\u00e8res grasses pour une absorption optimale\u200c des nutriments.<\/p>\n<p>Pr\u00e9parez-vous \u00e0\u2062 une grossesse en toute sant\u00e9 avec les comprim\u00e9s\u2062 v\u00e9g\u00e9taliens Mykind \u200bOrganics Prenatal Once Daily. Commandez d\u00e8s maintenant et offrez \u2063\u00e0 vous et \u00e0 votre b\u00e9b\u00e9 les nutriments dont vous avez besoin \u2063pour une grossesse\u2064 en toute \u200bs\u00e9r\u00e9nit\u00e9.<\/p>\n","protected":false},"excerpt":{"rendered":"<p>Mykind Organics Prenatal Once Daily\u2062 &#8211; 30 comprim\u00e9s v\u00e9g\u00e9taliens Pr\u00e9parez-vous \u00e0 une grossesse en toute sant\u00e9 avec les comprim\u00e9s v\u00e9g\u00e9taliens Mykind Organics Prenatal Once Daily. Cette formule unique est sp\u00e9cialement con\u00e7ue pour les femmes enceintes et allaitantes, \u2063offrant une nutrition compl\u00e8te\u200c et \u00e9quilibr\u00e9e pour soutenir la sant\u00e9 de la m\u00e8re et du b\u00e9b\u00e9. Caract\u00e9ristiques sp\u00e9ciales: [&#8230;]\n","protected":false},"featured_media":262172,"comment_status":"open","ping_status":"open","template":"","meta":[],"product_brand":[4810],"product_cat":[5054,5055,5052,5053],"product_tag":[],"class_list":{"0":"post-287148","1":"product","2":"type-product","3":"status-publish","4":"has-post-thumbnail","6":"product_brand-garden-of-life-2","7":"product_cat-nourriture-saine","8":"product_cat-produits-vegetaliens","9":"product_cat-sante-et-bien-etre","10":"product_cat-vitamines-et-mineraux","12":"first","13":"instock","14":"sale","15":"taxable","16":"shipping-taxable","17":"purchasable","18":"product-type-simple"},"yoast_head":"<!-- This site is optimized with the Yoast SEO Premium plugin v27.3 (Yoast SEO v27.3) - https:\/\/yoast.com\/product\/yoast-seo-premium-wordpress\/ -->\n<title>Mykind Organics Prenatal Une fois par jour - 30 comprim\u00e9s v\u00e9g\u00e9taliens - ECO Supplements<\/title>\n<meta name=\"description\" content=\"Wij hebben een ruime keuze aan producten van Mykind Organics Prenatal Une fois par jour - 30 comprim\u00e9s v\u00e9g\u00e9taliens . Winkel bij Eco Supplements altijd gratis verzending boven 100\u20ac\" \/>\n<meta name=\"robots\" content=\"index, follow, max-snippet:-1, max-image-preview:large, max-video-preview:-1\" \/>\n<link rel=\"canonical\" href=\"https:\/\/ecosupplements.be\/fr\/produit\/mykind-organics-prenatal-une-fois-par-jour-30-comprimes-vegetaliens\/\" \/>\n<meta property=\"og:locale\" content=\"fr_FR\" \/>\n<meta property=\"og:type\" content=\"article\" \/>\n<meta property=\"og:title\" content=\"Mykind Organics Prenatal Une fois par jour - 30 comprim\u00e9s v\u00e9g\u00e9taliens\" \/>\n<meta property=\"og:description\" content=\"Wij hebben een ruime keuze aan producten van Mykind Organics Prenatal Une fois par jour - 30 comprim\u00e9s v\u00e9g\u00e9taliens . Winkel bij Eco Supplements altijd gratis verzending boven 100\u20ac\" \/>\n<meta property=\"og:url\" content=\"https:\/\/ecosupplements.be\/fr\/produit\/mykind-organics-prenatal-une-fois-par-jour-30-comprimes-vegetaliens\/\" \/>\n<meta property=\"og:site_name\" content=\"ECO Supplements\" \/>\n<meta property=\"article:modified_time\" content=\"2025-08-27T13:19:06+00:00\" \/>\n<meta property=\"og:image\" content=\"https:\/\/ecosupplements.be\/wp-content\/uploads\/2025\/08\/Mykind-Organics-Prenatal-Once-Daily-30-vegan-tabs-1.jpg\" \/>\n\t<meta property=\"og:image:width\" content=\"282\" \/>\n\t<meta property=\"og:image:height\" content=\"500\" \/>\n\t<meta property=\"og:image:type\" content=\"image\/jpeg\" \/>\n<meta name=\"twitter:card\" content=\"summary_large_image\" \/>\n<meta name=\"twitter:label1\" content=\"Prix\" \/>\n\t<meta name=\"twitter:data1\" content=\"39.08&nbsp;&euro;\" \/>\n\t<meta name=\"twitter:label2\" content=\"Disponibilit\u00e9\" \/>\n\t<meta name=\"twitter:data2\" content=\"En stock\" \/>\n<script type=\"application\/ld+json\" class=\"yoast-schema-graph\">{\"@context\":\"https:\\\/\\\/schema.org\",\"@graph\":[{\"@type\":[\"WebPage\",\"ItemPage\"],\"@id\":\"https:\\\/\\\/ecosupplements.be\\\/fr\\\/produit\\\/mykind-organics-prenatal-une-fois-par-jour-30-comprimes-vegetaliens\\\/\",\"url\":\"https:\\\/\\\/ecosupplements.be\\\/fr\\\/produit\\\/mykind-organics-prenatal-une-fois-par-jour-30-comprimes-vegetaliens\\\/\",\"name\":\"Mykind Organics Prenatal Une fois par jour - 30 comprim\u00e9s v\u00e9g\u00e9taliens - ECO Supplements\",\"isPartOf\":{\"@id\":\"https:\\\/\\\/ecosupplements.be\\\/fr\\\/#website\"},\"primaryImageOfPage\":{\"@id\":\"https:\\\/\\\/ecosupplements.be\\\/fr\\\/produit\\\/mykind-organics-prenatal-une-fois-par-jour-30-comprimes-vegetaliens\\\/#primaryimage\"},\"image\":{\"@id\":\"https:\\\/\\\/ecosupplements.be\\\/fr\\\/produit\\\/mykind-organics-prenatal-une-fois-par-jour-30-comprimes-vegetaliens\\\/#primaryimage\"},\"thumbnailUrl\":\"https:\\\/\\\/ecosupplements.be\\\/wp-content\\\/uploads\\\/2025\\\/08\\\/Mykind-Organics-Prenatal-Once-Daily-30-vegan-tabs.jpg\",\"datePublished\":\"2023-01-19T21:16:39+00:00\",\"dateModified\":\"2025-08-27T13:19:06+00:00\",\"description\":\"Wij hebben een ruime keuze aan producten van Mykind Organics Prenatal Une fois par jour - 30 comprim\u00e9s v\u00e9g\u00e9taliens . Winkel bij Eco Supplements altijd gratis verzending boven 100\u20ac\",\"breadcrumb\":{\"@id\":\"https:\\\/\\\/ecosupplements.be\\\/fr\\\/produit\\\/mykind-organics-prenatal-une-fois-par-jour-30-comprimes-vegetaliens\\\/#breadcrumb\"},\"inLanguage\":\"fr-FR\",\"potentialAction\":[{\"@type\":\"ReadAction\",\"target\":[\"https:\\\/\\\/ecosupplements.be\\\/fr\\\/produit\\\/mykind-organics-prenatal-une-fois-par-jour-30-comprimes-vegetaliens\\\/\"]}]},{\"@type\":\"ImageObject\",\"inLanguage\":\"fr-FR\",\"@id\":\"https:\\\/\\\/ecosupplements.be\\\/fr\\\/produit\\\/mykind-organics-prenatal-une-fois-par-jour-30-comprimes-vegetaliens\\\/#primaryimage\",\"url\":\"https:\\\/\\\/ecosupplements.be\\\/wp-content\\\/uploads\\\/2025\\\/08\\\/Mykind-Organics-Prenatal-Once-Daily-30-vegan-tabs.jpg\",\"contentUrl\":\"https:\\\/\\\/ecosupplements.be\\\/wp-content\\\/uploads\\\/2025\\\/08\\\/Mykind-Organics-Prenatal-Once-Daily-30-vegan-tabs.jpg\",\"width\":282,\"height\":500},{\"@type\":\"BreadcrumbList\",\"@id\":\"https:\\\/\\\/ecosupplements.be\\\/fr\\\/produit\\\/mykind-organics-prenatal-une-fois-par-jour-30-comprimes-vegetaliens\\\/#breadcrumb\",\"itemListElement\":[{\"@type\":\"ListItem\",\"position\":1,\"name\":\"Home\",\"item\":\"https:\\\/\\\/ecosupplements.be\\\/fr\\\/\"},{\"@type\":\"ListItem\",\"position\":2,\"name\":\"Boutique\",\"item\":\"https:\\\/\\\/ecosupplements.be\\\/fr\\\/boutique\\\/\"},{\"@type\":\"ListItem\",\"position\":3,\"name\":\"Mykind Organics Prenatal Une fois par jour &#8211; 30 comprim\u00e9s v\u00e9g\u00e9taliens\"}]},{\"@type\":\"WebSite\",\"@id\":\"https:\\\/\\\/ecosupplements.be\\\/fr\\\/#website\",\"url\":\"https:\\\/\\\/ecosupplements.be\\\/fr\\\/\",\"name\":\"ECO Supplements\",\"description\":\"Eco Supplements - Gezonde supplementen\",\"publisher\":{\"@id\":\"https:\\\/\\\/ecosupplements.be\\\/fr\\\/#organization\"},\"potentialAction\":[{\"@type\":\"SearchAction\",\"target\":{\"@type\":\"EntryPoint\",\"urlTemplate\":\"https:\\\/\\\/ecosupplements.be\\\/fr\\\/?s={search_term_string}\"},\"query-input\":{\"@type\":\"PropertyValueSpecification\",\"valueRequired\":true,\"valueName\":\"search_term_string\"}}],\"inLanguage\":\"fr-FR\"},{\"@type\":\"Organization\",\"@id\":\"https:\\\/\\\/ecosupplements.be\\\/fr\\\/#organization\",\"name\":\"Eco Supplements\",\"url\":\"https:\\\/\\\/ecosupplements.be\\\/fr\\\/\",\"logo\":{\"@type\":\"ImageObject\",\"inLanguage\":\"fr-FR\",\"@id\":\"https:\\\/\\\/ecosupplements.be\\\/fr\\\/#\\\/schema\\\/logo\\\/image\\\/\",\"url\":\"https:\\\/\\\/ecosupplements.be\\\/wp-content\\\/uploads\\\/2022\\\/06\\\/ecosupplement-family.png\",\"contentUrl\":\"https:\\\/\\\/ecosupplements.be\\\/wp-content\\\/uploads\\\/2022\\\/06\\\/ecosupplement-family.png\",\"width\":593,\"height\":374,\"caption\":\"Eco Supplements\"},\"image\":{\"@id\":\"https:\\\/\\\/ecosupplements.be\\\/fr\\\/#\\\/schema\\\/logo\\\/image\\\/\"}}]}<\/script>\n<meta property=\"product:brand\" content=\"Garden of Life\" \/>\n<meta property=\"product:price:amount\" content=\"39.08\" \/>\n<meta property=\"product:price:currency\" content=\"EUR\" \/>\n<meta property=\"og:availability\" content=\"instock\" \/>\n<meta property=\"product:availability\" content=\"instock\" \/>\n<meta property=\"product:retailer_item_id\" content=\"658010118569\" \/>\n<meta property=\"product:condition\" content=\"new\" \/>\n<!-- \/ Yoast SEO Premium plugin. -->","yoast_head_json":{"title":"Mykind Organics Prenatal Une fois par jour - 30 comprim\u00e9s v\u00e9g\u00e9taliens - ECO Supplements","description":"Wij hebben een ruime keuze aan producten van Mykind Organics Prenatal Une fois par jour - 30 comprim\u00e9s v\u00e9g\u00e9taliens . Winkel bij Eco Supplements altijd gratis verzending boven 100\u20ac","robots":{"index":"index","follow":"follow","max-snippet":"max-snippet:-1","max-image-preview":"max-image-preview:large","max-video-preview":"max-video-preview:-1"},"canonical":"https:\/\/ecosupplements.be\/fr\/produit\/mykind-organics-prenatal-une-fois-par-jour-30-comprimes-vegetaliens\/","og_locale":"fr_FR","og_type":"article","og_title":"Mykind Organics Prenatal Une fois par jour - 30 comprim\u00e9s v\u00e9g\u00e9taliens","og_description":"Wij hebben een ruime keuze aan producten van Mykind Organics Prenatal Une fois par jour - 30 comprim\u00e9s v\u00e9g\u00e9taliens . Winkel bij Eco Supplements altijd gratis verzending boven 100\u20ac","og_url":"https:\/\/ecosupplements.be\/fr\/produit\/mykind-organics-prenatal-une-fois-par-jour-30-comprimes-vegetaliens\/","og_site_name":"ECO Supplements","article_modified_time":"2025-08-27T13:19:06+00:00","og_image":[{"width":282,"height":500,"url":"https:\/\/ecosupplements.be\/wp-content\/uploads\/2025\/08\/Mykind-Organics-Prenatal-Once-Daily-30-vegan-tabs-1.jpg","type":"image\/jpeg"}],"twitter_card":"summary_large_image","twitter_misc":{"Prix":"39.08&nbsp;&euro;","Disponibilit\u00e9":"En stock"},"schema":{"@context":"https:\/\/schema.org","@graph":[{"@type":["WebPage","ItemPage"],"@id":"https:\/\/ecosupplements.be\/fr\/produit\/mykind-organics-prenatal-une-fois-par-jour-30-comprimes-vegetaliens\/","url":"https:\/\/ecosupplements.be\/fr\/produit\/mykind-organics-prenatal-une-fois-par-jour-30-comprimes-vegetaliens\/","name":"Mykind Organics Prenatal Une fois par jour - 30 comprim\u00e9s v\u00e9g\u00e9taliens - ECO Supplements","isPartOf":{"@id":"https:\/\/ecosupplements.be\/fr\/#website"},"primaryImageOfPage":{"@id":"https:\/\/ecosupplements.be\/fr\/produit\/mykind-organics-prenatal-une-fois-par-jour-30-comprimes-vegetaliens\/#primaryimage"},"image":{"@id":"https:\/\/ecosupplements.be\/fr\/produit\/mykind-organics-prenatal-une-fois-par-jour-30-comprimes-vegetaliens\/#primaryimage"},"thumbnailUrl":"https:\/\/ecosupplements.be\/wp-content\/uploads\/2025\/08\/Mykind-Organics-Prenatal-Once-Daily-30-vegan-tabs.jpg","datePublished":"2023-01-19T21:16:39+00:00","dateModified":"2025-08-27T13:19:06+00:00","description":"Wij hebben een ruime keuze aan producten van Mykind Organics Prenatal Une fois par jour - 30 comprim\u00e9s v\u00e9g\u00e9taliens . Winkel bij Eco Supplements altijd gratis verzending boven 100\u20ac","breadcrumb":{"@id":"https:\/\/ecosupplements.be\/fr\/produit\/mykind-organics-prenatal-une-fois-par-jour-30-comprimes-vegetaliens\/#breadcrumb"},"inLanguage":"fr-FR","potentialAction":[{"@type":"ReadAction","target":["https:\/\/ecosupplements.be\/fr\/produit\/mykind-organics-prenatal-une-fois-par-jour-30-comprimes-vegetaliens\/"]}]},{"@type":"ImageObject","inLanguage":"fr-FR","@id":"https:\/\/ecosupplements.be\/fr\/produit\/mykind-organics-prenatal-une-fois-par-jour-30-comprimes-vegetaliens\/#primaryimage","url":"https:\/\/ecosupplements.be\/wp-content\/uploads\/2025\/08\/Mykind-Organics-Prenatal-Once-Daily-30-vegan-tabs.jpg","contentUrl":"https:\/\/ecosupplements.be\/wp-content\/uploads\/2025\/08\/Mykind-Organics-Prenatal-Once-Daily-30-vegan-tabs.jpg","width":282,"height":500},{"@type":"BreadcrumbList","@id":"https:\/\/ecosupplements.be\/fr\/produit\/mykind-organics-prenatal-une-fois-par-jour-30-comprimes-vegetaliens\/#breadcrumb","itemListElement":[{"@type":"ListItem","position":1,"name":"Home","item":"https:\/\/ecosupplements.be\/fr\/"},{"@type":"ListItem","position":2,"name":"Boutique","item":"https:\/\/ecosupplements.be\/fr\/boutique\/"},{"@type":"ListItem","position":3,"name":"Mykind Organics Prenatal Une fois par jour &#8211; 30 comprim\u00e9s v\u00e9g\u00e9taliens"}]},{"@type":"WebSite","@id":"https:\/\/ecosupplements.be\/fr\/#website","url":"https:\/\/ecosupplements.be\/fr\/","name":"ECO Supplements","description":"Eco Supplements - Gezonde supplementen","publisher":{"@id":"https:\/\/ecosupplements.be\/fr\/#organization"},"potentialAction":[{"@type":"SearchAction","target":{"@type":"EntryPoint","urlTemplate":"https:\/\/ecosupplements.be\/fr\/?s={search_term_string}"},"query-input":{"@type":"PropertyValueSpecification","valueRequired":true,"valueName":"search_term_string"}}],"inLanguage":"fr-FR"},{"@type":"Organization","@id":"https:\/\/ecosupplements.be\/fr\/#organization","name":"Eco Supplements","url":"https:\/\/ecosupplements.be\/fr\/","logo":{"@type":"ImageObject","inLanguage":"fr-FR","@id":"https:\/\/ecosupplements.be\/fr\/#\/schema\/logo\/image\/","url":"https:\/\/ecosupplements.be\/wp-content\/uploads\/2022\/06\/ecosupplement-family.png","contentUrl":"https:\/\/ecosupplements.be\/wp-content\/uploads\/2022\/06\/ecosupplement-family.png","width":593,"height":374,"caption":"Eco Supplements"},"image":{"@id":"https:\/\/ecosupplements.be\/fr\/#\/schema\/logo\/image\/"}}]},"product_brand":"Garden of Life","product_price_amount":"39.08","product_price_currency":"EUR","og_availability":"instock","product_availability":"instock","product_retailer_item_id":"658010118569","product_condition":"new"},"_links":{"self":[{"href":"https:\/\/ecosupplements.be\/fr\/wp-json\/wp\/v2\/product\/287148","targetHints":{"allow":["GET"]}}],"collection":[{"href":"https:\/\/ecosupplements.be\/fr\/wp-json\/wp\/v2\/product"}],"about":[{"href":"https:\/\/ecosupplements.be\/fr\/wp-json\/wp\/v2\/types\/product"}],"replies":[{"embeddable":true,"href":"https:\/\/ecosupplements.be\/fr\/wp-json\/wp\/v2\/comments?post=287148"}],"wp:featuredmedia":[{"embeddable":true,"href":"https:\/\/ecosupplements.be\/fr\/wp-json\/wp\/v2\/media\/262172"}],"wp:attachment":[{"href":"https:\/\/ecosupplements.be\/fr\/wp-json\/wp\/v2\/media?parent=287148"}],"wp:term":[{"taxonomy":"product_brand","embeddable":true,"href":"https:\/\/ecosupplements.be\/fr\/wp-json\/wp\/v2\/product_brand?post=287148"},{"taxonomy":"product_cat","embeddable":true,"href":"https:\/\/ecosupplements.be\/fr\/wp-json\/wp\/v2\/product_cat?post=287148"},{"taxonomy":"product_tag","embeddable":true,"href":"https:\/\/ecosupplements.be\/fr\/wp-json\/wp\/v2\/product_tag?post=287148"}],"curies":[{"name":"wp","href":"https:\/\/api.w.org\/{rel}","templated":true}]}}