{"id":287163,"date":"2023-01-18T22:27:33","date_gmt":"2023-01-18T21:27:33","guid":{"rendered":"https:\/\/ecosupplements.be\/product\/multi-vitamines-pour-femmes-de-plus-de-40-ans-mykind-organics-120-comprimes-vegetaliens\/"},"modified":"2025-08-27T14:19:21","modified_gmt":"2025-08-27T13:19:21","slug":"multi-vitamines-pour-femmes-de-plus-de-40-ans-mykind-organics-120-comprimes-vegetaliens","status":"publish","type":"product","link":"https:\/\/ecosupplements.be\/fr\/produit\/multi-vitamines-pour-femmes-de-plus-de-40-ans-mykind-organics-120-comprimes-vegetaliens\/","title":{"rendered":"Multi-vitamines pour femmes de plus de 40 ans Mykind Organics &#8211; 120 comprim\u00e9s v\u00e9g\u00e9taliens"},"content":{"rendered":"<h1>Mykind Organics Women&#8217;s Multi 40+ &#8211; 120 vegan tablets<\/h1>\n<p>Garden of Life est fier de pr\u00e9senter sa derni\u00e8re innovation en \u2062mati\u00e8re de \u2062suppl\u00e9ments \u2062nutritionnels : Mykind Organics Women&#8217;s \u2063Multi 40+ &#8211; 120 vegan tablets. Cette formule unique a \u00e9t\u00e9 sp\u00e9cialement con\u00e7ue pour r\u00e9pondre aux \u200bbesoins nutritionnels des femmes de plus de 40 ans, \u2062en utilisant uniquement des ingr\u00e9dients naturels et biologiques.<\/p>\n<h2>Caract\u00e9ristiques sp\u00e9ciales :<\/h2>\n<ul>\n<li>Formule \u200bsp\u00e9cialement con\u00e7ue pour \u200dles femmes de plus \u2064de 40 ans<\/li>\n<li>Contient uniquement\u2064 des ingr\u00e9dients naturels et biologiques<\/li>\n<li>120 comprim\u00e9s\u200c v\u00e9g\u00e9taliens par bouteille<\/li>\n<li>Facile \u00e0 dig\u00e9rer et \u2063\u00e0 absorber<\/li>\n<li>Ne contient aucun ingr\u00e9dient\u2062 artificiel ou synth\u00e9tique<\/li>\n<\/ul>\n<h2>Ingr\u00e9dients cl\u00e9s\u2062 :<\/h2>\n<p>Ce suppl\u00e9ment contient un m\u00e9lange unique de vitamines, de min\u00e9raux et d&#8217;extraits de plantes\u200c pour r\u00e9pondre aux besoins sp\u00e9cifiques des femmes de plus de 40 \u2062ans. Parmi les ingr\u00e9dients cl\u00e9s, on retrouve :<\/p>\n<ul>\n<li>Vitamine B12 : essentielle pour la sant\u00e9 du syst\u00e8me nerveux et \u200bla production d&#8217;\u00e9nergie<\/li>\n<li>Vitamine \u2062D3 : importante pour la sant\u00e9 \u2062des os et du syst\u00e8me immunitaire<\/li>\n<li>Extrait de \u2064myrtille : riche en antioxydants pour prot\u00e9ger contre les dommages des radicaux libres<\/li>\n<li>Extrait de th\u00e9 vert : favorise la sant\u00e9 cardiovasculaire \u2064et la perte \u2062de poids<\/li>\n<li>Extrait de curcuma : anti-inflammatoire naturel \u2062pour soutenir la\u2062 sant\u00e9 des articulations<\/li>\n<\/ul>\n<h2>Avantages uniques :<\/h2>\n<p>En plus \u200bde fournir des nutriments essentiels pour la sant\u00e9 globale, Mykind\u200b Organics Women&#8217;s Multi 40+ offre \u00e9galement des avantages uniques \u2062pour les femmes de plus de 40 ans :<\/p>\n<ul>\n<li>Soutient la sant\u00e9 hormonale et la m\u00e9nopause<\/li>\n<li>Am\u00e9liore la \u200csant\u00e9 de la peau, des cheveux et des ongles<\/li>\n<li>Renforce l&#8217;immunit\u00e9 et \u200dla r\u00e9sistance aux maladies<\/li>\n<li>Am\u00e9liore la m\u00e9moire et la concentration<\/li>\n<li>Augmente les niveaux d&#8217;\u00e9nergie et de vitalit\u00e9<\/li>\n<\/ul>\n<h2>Utilisation sugg\u00e9r\u00e9e :<\/h2>\n<p>Prenez 4 comprim\u00e9s par \u200djour \u200davec de la nourriture. Pour de \u2064meilleurs r\u00e9sultats, prenez 2 comprim\u00e9s le matin et 2 comprim\u00e9s le soir.<\/p>\n<p>Ne contenant aucun ingr\u00e9dient artificiel ou synth\u00e9tique, Mykind Organics Women&#8217;s \u200cMulti 40+ est un choix s\u00fbr et naturel pour \u2062r\u00e9pondre \u2063aux besoins nutritionnels des femmes de plus de 40 ans. Commandez d\u00e8s maintenant et d\u00e9couvrez les bienfaits\u2063 de ce suppl\u00e9ment\u2063 de qualit\u00e9\u2064 sup\u00e9rieure pour votre sant\u00e9\u2062 et votre bien-\u00eatre.<\/p>\n","protected":false},"excerpt":{"rendered":"<p>Mykind Organics Women&#8217;s Multi 40+ &#8211; 120 vegan tablets Garden of Life est fier de pr\u00e9senter sa derni\u00e8re innovation en \u2062mati\u00e8re de \u2062suppl\u00e9ments \u2062nutritionnels : Mykind Organics Women&#8217;s \u2063Multi 40+ &#8211; 120 vegan tablets. Cette formule unique a \u00e9t\u00e9 sp\u00e9cialement con\u00e7ue pour r\u00e9pondre aux \u200bbesoins nutritionnels des femmes de plus de 40 ans, \u2062en utilisant [&#8230;]\n","protected":false},"featured_media":262034,"comment_status":"open","ping_status":"open","template":"","meta":[],"product_brand":[4810],"product_cat":[5089,5052,5053],"product_tag":[],"class_list":{"0":"post-287163","1":"product","2":"type-product","3":"status-publish","4":"has-post-thumbnail","6":"product_brand-garden-of-life-2","7":"product_cat-complements-alimentaires-pour-femmes","8":"product_cat-sante-et-bien-etre","9":"product_cat-vitamines-et-mineraux","11":"first","12":"instock","13":"taxable","14":"shipping-taxable","15":"purchasable","16":"product-type-simple"},"yoast_head":"<!-- This site is optimized with the Yoast SEO Premium plugin v27.3 (Yoast SEO v27.3) - https:\/\/yoast.com\/product\/yoast-seo-premium-wordpress\/ -->\n<title>Multi-vitamines pour femmes de plus de 40 ans Mykind Organics - 120 comprim\u00e9s v\u00e9g\u00e9taliens - ECO Supplements<\/title>\n<meta name=\"description\" content=\"Wij hebben een ruime keuze aan producten van Multi-vitamines pour femmes de plus de 40 ans Mykind Organics - 120 comprim\u00e9s v\u00e9g\u00e9taliens . Winkel bij Eco Supplements altijd gratis verzending boven 100\u20ac\" \/>\n<meta name=\"robots\" content=\"index, follow, max-snippet:-1, max-image-preview:large, max-video-preview:-1\" \/>\n<link rel=\"canonical\" href=\"https:\/\/ecosupplements.be\/fr\/produit\/multi-vitamines-pour-femmes-de-plus-de-40-ans-mykind-organics-120-comprimes-vegetaliens\/\" \/>\n<meta property=\"og:locale\" content=\"fr_FR\" \/>\n<meta property=\"og:type\" content=\"article\" \/>\n<meta property=\"og:title\" content=\"Multi-vitamines pour femmes de plus de 40 ans Mykind Organics - 120 comprim\u00e9s v\u00e9g\u00e9taliens\" \/>\n<meta property=\"og:description\" content=\"Wij hebben een ruime keuze aan producten van Multi-vitamines pour femmes de plus de 40 ans Mykind Organics - 120 comprim\u00e9s v\u00e9g\u00e9taliens . Winkel bij Eco Supplements altijd gratis verzending boven 100\u20ac\" \/>\n<meta property=\"og:url\" content=\"https:\/\/ecosupplements.be\/fr\/produit\/multi-vitamines-pour-femmes-de-plus-de-40-ans-mykind-organics-120-comprimes-vegetaliens\/\" \/>\n<meta property=\"og:site_name\" content=\"ECO Supplements\" \/>\n<meta property=\"article:modified_time\" content=\"2025-08-27T13:19:21+00:00\" \/>\n<meta property=\"og:image\" content=\"https:\/\/ecosupplements.be\/wp-content\/uploads\/2025\/08\/Mykind-Organics-Womens-Multi-40-120-vegan-tabs-1.jpg\" \/>\n\t<meta property=\"og:image:width\" content=\"1100\" \/>\n\t<meta property=\"og:image:height\" content=\"1042\" \/>\n\t<meta property=\"og:image:type\" content=\"image\/jpeg\" \/>\n<meta name=\"twitter:card\" content=\"summary_large_image\" \/>\n<meta name=\"twitter:label1\" content=\"Prix\" \/>\n\t<meta name=\"twitter:data1\" content=\"95.15&nbsp;&euro;\" \/>\n\t<meta name=\"twitter:label2\" content=\"Disponibilit\u00e9\" \/>\n\t<meta name=\"twitter:data2\" content=\"En stock\" \/>\n<script type=\"application\/ld+json\" class=\"yoast-schema-graph\">{\"@context\":\"https:\\\/\\\/schema.org\",\"@graph\":[{\"@type\":[\"WebPage\",\"ItemPage\"],\"@id\":\"https:\\\/\\\/ecosupplements.be\\\/fr\\\/produit\\\/multi-vitamines-pour-femmes-de-plus-de-40-ans-mykind-organics-120-comprimes-vegetaliens\\\/\",\"url\":\"https:\\\/\\\/ecosupplements.be\\\/fr\\\/produit\\\/multi-vitamines-pour-femmes-de-plus-de-40-ans-mykind-organics-120-comprimes-vegetaliens\\\/\",\"name\":\"Multi-vitamines pour femmes de plus de 40 ans Mykind Organics - 120 comprim\u00e9s v\u00e9g\u00e9taliens - ECO Supplements\",\"isPartOf\":{\"@id\":\"https:\\\/\\\/ecosupplements.be\\\/fr\\\/#website\"},\"primaryImageOfPage\":{\"@id\":\"https:\\\/\\\/ecosupplements.be\\\/fr\\\/produit\\\/multi-vitamines-pour-femmes-de-plus-de-40-ans-mykind-organics-120-comprimes-vegetaliens\\\/#primaryimage\"},\"image\":{\"@id\":\"https:\\\/\\\/ecosupplements.be\\\/fr\\\/produit\\\/multi-vitamines-pour-femmes-de-plus-de-40-ans-mykind-organics-120-comprimes-vegetaliens\\\/#primaryimage\"},\"thumbnailUrl\":\"https:\\\/\\\/ecosupplements.be\\\/wp-content\\\/uploads\\\/2025\\\/08\\\/Mykind-Organics-Womens-Multi-40-120-vegan-tabs.jpg\",\"datePublished\":\"2023-01-18T21:27:33+00:00\",\"dateModified\":\"2025-08-27T13:19:21+00:00\",\"description\":\"Wij hebben een ruime keuze aan producten van Multi-vitamines pour femmes de plus de 40 ans Mykind Organics - 120 comprim\u00e9s v\u00e9g\u00e9taliens . Winkel bij Eco Supplements altijd gratis verzending boven 100\u20ac\",\"breadcrumb\":{\"@id\":\"https:\\\/\\\/ecosupplements.be\\\/fr\\\/produit\\\/multi-vitamines-pour-femmes-de-plus-de-40-ans-mykind-organics-120-comprimes-vegetaliens\\\/#breadcrumb\"},\"inLanguage\":\"fr-FR\",\"potentialAction\":[{\"@type\":\"ReadAction\",\"target\":[\"https:\\\/\\\/ecosupplements.be\\\/fr\\\/produit\\\/multi-vitamines-pour-femmes-de-plus-de-40-ans-mykind-organics-120-comprimes-vegetaliens\\\/\"]}]},{\"@type\":\"ImageObject\",\"inLanguage\":\"fr-FR\",\"@id\":\"https:\\\/\\\/ecosupplements.be\\\/fr\\\/produit\\\/multi-vitamines-pour-femmes-de-plus-de-40-ans-mykind-organics-120-comprimes-vegetaliens\\\/#primaryimage\",\"url\":\"https:\\\/\\\/ecosupplements.be\\\/wp-content\\\/uploads\\\/2025\\\/08\\\/Mykind-Organics-Womens-Multi-40-120-vegan-tabs.jpg\",\"contentUrl\":\"https:\\\/\\\/ecosupplements.be\\\/wp-content\\\/uploads\\\/2025\\\/08\\\/Mykind-Organics-Womens-Multi-40-120-vegan-tabs.jpg\",\"width\":1100,\"height\":1042},{\"@type\":\"BreadcrumbList\",\"@id\":\"https:\\\/\\\/ecosupplements.be\\\/fr\\\/produit\\\/multi-vitamines-pour-femmes-de-plus-de-40-ans-mykind-organics-120-comprimes-vegetaliens\\\/#breadcrumb\",\"itemListElement\":[{\"@type\":\"ListItem\",\"position\":1,\"name\":\"Home\",\"item\":\"https:\\\/\\\/ecosupplements.be\\\/fr\\\/\"},{\"@type\":\"ListItem\",\"position\":2,\"name\":\"Boutique\",\"item\":\"https:\\\/\\\/ecosupplements.be\\\/fr\\\/boutique\\\/\"},{\"@type\":\"ListItem\",\"position\":3,\"name\":\"Multi-vitamines pour femmes de plus de 40 ans Mykind Organics &#8211; 120 comprim\u00e9s v\u00e9g\u00e9taliens\"}]},{\"@type\":\"WebSite\",\"@id\":\"https:\\\/\\\/ecosupplements.be\\\/fr\\\/#website\",\"url\":\"https:\\\/\\\/ecosupplements.be\\\/fr\\\/\",\"name\":\"ECO Supplements\",\"description\":\"Eco Supplements - Gezonde supplementen\",\"publisher\":{\"@id\":\"https:\\\/\\\/ecosupplements.be\\\/fr\\\/#organization\"},\"potentialAction\":[{\"@type\":\"SearchAction\",\"target\":{\"@type\":\"EntryPoint\",\"urlTemplate\":\"https:\\\/\\\/ecosupplements.be\\\/fr\\\/?s={search_term_string}\"},\"query-input\":{\"@type\":\"PropertyValueSpecification\",\"valueRequired\":true,\"valueName\":\"search_term_string\"}}],\"inLanguage\":\"fr-FR\"},{\"@type\":\"Organization\",\"@id\":\"https:\\\/\\\/ecosupplements.be\\\/fr\\\/#organization\",\"name\":\"Eco Supplements\",\"url\":\"https:\\\/\\\/ecosupplements.be\\\/fr\\\/\",\"logo\":{\"@type\":\"ImageObject\",\"inLanguage\":\"fr-FR\",\"@id\":\"https:\\\/\\\/ecosupplements.be\\\/fr\\\/#\\\/schema\\\/logo\\\/image\\\/\",\"url\":\"https:\\\/\\\/ecosupplements.be\\\/wp-content\\\/uploads\\\/2022\\\/06\\\/ecosupplement-family.png\",\"contentUrl\":\"https:\\\/\\\/ecosupplements.be\\\/wp-content\\\/uploads\\\/2022\\\/06\\\/ecosupplement-family.png\",\"width\":593,\"height\":374,\"caption\":\"Eco Supplements\"},\"image\":{\"@id\":\"https:\\\/\\\/ecosupplements.be\\\/fr\\\/#\\\/schema\\\/logo\\\/image\\\/\"}}]}<\/script>\n<meta property=\"product:brand\" content=\"Garden of Life\" \/>\n<meta property=\"product:price:amount\" content=\"95.15\" \/>\n<meta property=\"product:price:currency\" content=\"EUR\" \/>\n<meta property=\"og:availability\" content=\"instock\" \/>\n<meta property=\"product:availability\" content=\"instock\" \/>\n<meta property=\"product:retailer_item_id\" content=\"658010117784\" \/>\n<meta property=\"product:condition\" content=\"new\" \/>\n<!-- \/ Yoast SEO Premium plugin. -->","yoast_head_json":{"title":"Multi-vitamines pour femmes de plus de 40 ans Mykind Organics - 120 comprim\u00e9s v\u00e9g\u00e9taliens - ECO Supplements","description":"Wij hebben een ruime keuze aan producten van Multi-vitamines pour femmes de plus de 40 ans Mykind Organics - 120 comprim\u00e9s v\u00e9g\u00e9taliens . Winkel bij Eco Supplements altijd gratis verzending boven 100\u20ac","robots":{"index":"index","follow":"follow","max-snippet":"max-snippet:-1","max-image-preview":"max-image-preview:large","max-video-preview":"max-video-preview:-1"},"canonical":"https:\/\/ecosupplements.be\/fr\/produit\/multi-vitamines-pour-femmes-de-plus-de-40-ans-mykind-organics-120-comprimes-vegetaliens\/","og_locale":"fr_FR","og_type":"article","og_title":"Multi-vitamines pour femmes de plus de 40 ans Mykind Organics - 120 comprim\u00e9s v\u00e9g\u00e9taliens","og_description":"Wij hebben een ruime keuze aan producten van Multi-vitamines pour femmes de plus de 40 ans Mykind Organics - 120 comprim\u00e9s v\u00e9g\u00e9taliens . Winkel bij Eco Supplements altijd gratis verzending boven 100\u20ac","og_url":"https:\/\/ecosupplements.be\/fr\/produit\/multi-vitamines-pour-femmes-de-plus-de-40-ans-mykind-organics-120-comprimes-vegetaliens\/","og_site_name":"ECO Supplements","article_modified_time":"2025-08-27T13:19:21+00:00","og_image":[{"width":1100,"height":1042,"url":"https:\/\/ecosupplements.be\/wp-content\/uploads\/2025\/08\/Mykind-Organics-Womens-Multi-40-120-vegan-tabs-1.jpg","type":"image\/jpeg"}],"twitter_card":"summary_large_image","twitter_misc":{"Prix":"95.15&nbsp;&euro;","Disponibilit\u00e9":"En stock"},"schema":{"@context":"https:\/\/schema.org","@graph":[{"@type":["WebPage","ItemPage"],"@id":"https:\/\/ecosupplements.be\/fr\/produit\/multi-vitamines-pour-femmes-de-plus-de-40-ans-mykind-organics-120-comprimes-vegetaliens\/","url":"https:\/\/ecosupplements.be\/fr\/produit\/multi-vitamines-pour-femmes-de-plus-de-40-ans-mykind-organics-120-comprimes-vegetaliens\/","name":"Multi-vitamines pour femmes de plus de 40 ans Mykind Organics - 120 comprim\u00e9s v\u00e9g\u00e9taliens - ECO Supplements","isPartOf":{"@id":"https:\/\/ecosupplements.be\/fr\/#website"},"primaryImageOfPage":{"@id":"https:\/\/ecosupplements.be\/fr\/produit\/multi-vitamines-pour-femmes-de-plus-de-40-ans-mykind-organics-120-comprimes-vegetaliens\/#primaryimage"},"image":{"@id":"https:\/\/ecosupplements.be\/fr\/produit\/multi-vitamines-pour-femmes-de-plus-de-40-ans-mykind-organics-120-comprimes-vegetaliens\/#primaryimage"},"thumbnailUrl":"https:\/\/ecosupplements.be\/wp-content\/uploads\/2025\/08\/Mykind-Organics-Womens-Multi-40-120-vegan-tabs.jpg","datePublished":"2023-01-18T21:27:33+00:00","dateModified":"2025-08-27T13:19:21+00:00","description":"Wij hebben een ruime keuze aan producten van Multi-vitamines pour femmes de plus de 40 ans Mykind Organics - 120 comprim\u00e9s v\u00e9g\u00e9taliens . Winkel bij Eco Supplements altijd gratis verzending boven 100\u20ac","breadcrumb":{"@id":"https:\/\/ecosupplements.be\/fr\/produit\/multi-vitamines-pour-femmes-de-plus-de-40-ans-mykind-organics-120-comprimes-vegetaliens\/#breadcrumb"},"inLanguage":"fr-FR","potentialAction":[{"@type":"ReadAction","target":["https:\/\/ecosupplements.be\/fr\/produit\/multi-vitamines-pour-femmes-de-plus-de-40-ans-mykind-organics-120-comprimes-vegetaliens\/"]}]},{"@type":"ImageObject","inLanguage":"fr-FR","@id":"https:\/\/ecosupplements.be\/fr\/produit\/multi-vitamines-pour-femmes-de-plus-de-40-ans-mykind-organics-120-comprimes-vegetaliens\/#primaryimage","url":"https:\/\/ecosupplements.be\/wp-content\/uploads\/2025\/08\/Mykind-Organics-Womens-Multi-40-120-vegan-tabs.jpg","contentUrl":"https:\/\/ecosupplements.be\/wp-content\/uploads\/2025\/08\/Mykind-Organics-Womens-Multi-40-120-vegan-tabs.jpg","width":1100,"height":1042},{"@type":"BreadcrumbList","@id":"https:\/\/ecosupplements.be\/fr\/produit\/multi-vitamines-pour-femmes-de-plus-de-40-ans-mykind-organics-120-comprimes-vegetaliens\/#breadcrumb","itemListElement":[{"@type":"ListItem","position":1,"name":"Home","item":"https:\/\/ecosupplements.be\/fr\/"},{"@type":"ListItem","position":2,"name":"Boutique","item":"https:\/\/ecosupplements.be\/fr\/boutique\/"},{"@type":"ListItem","position":3,"name":"Multi-vitamines pour femmes de plus de 40 ans Mykind Organics &#8211; 120 comprim\u00e9s v\u00e9g\u00e9taliens"}]},{"@type":"WebSite","@id":"https:\/\/ecosupplements.be\/fr\/#website","url":"https:\/\/ecosupplements.be\/fr\/","name":"ECO Supplements","description":"Eco Supplements - Gezonde supplementen","publisher":{"@id":"https:\/\/ecosupplements.be\/fr\/#organization"},"potentialAction":[{"@type":"SearchAction","target":{"@type":"EntryPoint","urlTemplate":"https:\/\/ecosupplements.be\/fr\/?s={search_term_string}"},"query-input":{"@type":"PropertyValueSpecification","valueRequired":true,"valueName":"search_term_string"}}],"inLanguage":"fr-FR"},{"@type":"Organization","@id":"https:\/\/ecosupplements.be\/fr\/#organization","name":"Eco Supplements","url":"https:\/\/ecosupplements.be\/fr\/","logo":{"@type":"ImageObject","inLanguage":"fr-FR","@id":"https:\/\/ecosupplements.be\/fr\/#\/schema\/logo\/image\/","url":"https:\/\/ecosupplements.be\/wp-content\/uploads\/2022\/06\/ecosupplement-family.png","contentUrl":"https:\/\/ecosupplements.be\/wp-content\/uploads\/2022\/06\/ecosupplement-family.png","width":593,"height":374,"caption":"Eco Supplements"},"image":{"@id":"https:\/\/ecosupplements.be\/fr\/#\/schema\/logo\/image\/"}}]},"product_brand":"Garden of Life","product_price_amount":"95.15","product_price_currency":"EUR","og_availability":"instock","product_availability":"instock","product_retailer_item_id":"658010117784","product_condition":"new"},"_links":{"self":[{"href":"https:\/\/ecosupplements.be\/fr\/wp-json\/wp\/v2\/product\/287163","targetHints":{"allow":["GET"]}}],"collection":[{"href":"https:\/\/ecosupplements.be\/fr\/wp-json\/wp\/v2\/product"}],"about":[{"href":"https:\/\/ecosupplements.be\/fr\/wp-json\/wp\/v2\/types\/product"}],"replies":[{"embeddable":true,"href":"https:\/\/ecosupplements.be\/fr\/wp-json\/wp\/v2\/comments?post=287163"}],"wp:featuredmedia":[{"embeddable":true,"href":"https:\/\/ecosupplements.be\/fr\/wp-json\/wp\/v2\/media\/262034"}],"wp:attachment":[{"href":"https:\/\/ecosupplements.be\/fr\/wp-json\/wp\/v2\/media?parent=287163"}],"wp:term":[{"taxonomy":"product_brand","embeddable":true,"href":"https:\/\/ecosupplements.be\/fr\/wp-json\/wp\/v2\/product_brand?post=287163"},{"taxonomy":"product_cat","embeddable":true,"href":"https:\/\/ecosupplements.be\/fr\/wp-json\/wp\/v2\/product_cat?post=287163"},{"taxonomy":"product_tag","embeddable":true,"href":"https:\/\/ecosupplements.be\/fr\/wp-json\/wp\/v2\/product_tag?post=287163"}],"curies":[{"name":"wp","href":"https:\/\/api.w.org\/{rel}","templated":true}]}}