{"id":287220,"date":"2022-12-03T15:17:15","date_gmt":"2022-12-03T14:17:15","guid":{"rendered":"https:\/\/ecosupplements.be\/product\/defense-primale-ultra-formule-probiotique-ultime-90-gelules\/"},"modified":"2025-08-27T14:20:17","modified_gmt":"2025-08-27T13:20:17","slug":"defense-primale-ultra-formule-probiotique-ultime-90-gelules","status":"publish","type":"product","link":"https:\/\/ecosupplements.be\/fr\/produit\/defense-primale-ultra-formule-probiotique-ultime-90-gelules\/","title":{"rendered":"D\u00e9fense Primale Ultra, Formule Probiotique Ultime &#8211; 90 g\u00e9lules"},"content":{"rendered":"<h1> Primal Defense Ultra, Ultimate Probiotic Formula &#8211; 90 vcaps <\/h1>\n<p>  Primal Defense Ultra est une formule probiotique ultime qui contient une combinaison unique de\u200b bact\u00e9ries b\u00e9n\u00e9fiques pour soutenir la sant\u00e9 digestive et immunitaire. Cette formule est con\u00e7ue pour fournir un soutien maximal en utilisant des souches de \u2064probiotiques cliniquement \u00e9tudi\u00e9es et une technologie de fermentation unique. <\/p>\n<h2>  Caract\u00e9ristiques sp\u00e9ciales: <\/h2>\n<ul>\n<li>  Contient 13 souches de probiotiques cliniquement\u2062 \u00e9tudi\u00e9es <\/li>\n<li>  Formule \u00e0 base de plantes pour une\u2064 digestion saine <\/li>\n<li>  \u200b Technologie de fermentation\u2063 unique pour une biodisponibilit\u00e9 maximale <\/li>\n<li>  Sans\u200d gluten, sans produits laitiers, sans OGM \u200b <\/li>\n<\/ul>\n<h2>  Ingr\u00e9dients cl\u00e9s: <\/h2>\n<ul>\n<li>  Lactobacillus acidophilus <\/li>\n<li>  \u200bBifidobacterium\u200b lactis <\/li>\n<li>  Lactobacillus plantarum <\/li>\n<li>  Lactobacillus brevis \u2063 <\/li>\n<li>  Bifidobacterium bifidum \u2064 <\/li>\n<li>  Bifidobacterium breve <\/li>\n<li>  Bifidobacterium longum <\/li>\n<li>  Lactobacillus \u2062paracasei <\/li>\n<li>  Lactobacillus\u2062 salivarius \u200d <\/li>\n<li>  Lactobacillus rhamnosus <\/li>\n<li>  \u200b Streptococcus thermophilus <\/li>\n<li>  Lactobacillus casei <\/li>\n<li>  \u2062Lactobacillus bulgaricus <\/li>\n<\/ul>\n<h2>  Avantages uniques: <\/h2>\n<ul>\n<li>  Favorise une digestion saine \u2063 <\/li>\n<li>  Soutient la sant\u00e9 immunitaire <\/li>\n<li>  Aide \u00e0 maintenir un \u00e9quilibre sain de la flore intestinale <\/li>\n<li>  Am\u00e9liore l&#8217;absorption\u2063 des\u200b nutriments \u2062 <\/li>\n<li>  Contribue \u00e0 la sant\u00e9 globale du corps <\/li>\n<\/ul>\n<h2>  Principales caract\u00e9ristiques: <\/h2>\n<ul>\n<li>  90 capsules v\u00e9g\u00e9tales par \u2064bouteille <\/li>\n<li>  Dosage recommand\u00e9: 3 capsules par \u200bjour <\/li>\n<li>  Convient aux v\u00e9g\u00e9tariens et v\u00e9g\u00e9taliens <\/li>\n<li>  Sans colorants\u2063 artificiels ni conservateurs <\/li>\n<li>  Fabriqu\u00e9 aux \u00c9tats-Unis\u200c <\/li>\n<\/ul>\n<p>  Prenez soin de votre\u200c sant\u00e9 digestive et immunitaire avec Primal Defense Ultra, la formule probiotique ultime pour une\u200d sant\u00e9 optimale. Commandez \u200dd\u00e8s maintenant et ressentez la diff\u00e9rence! <\/p>\n","protected":false},"excerpt":{"rendered":"<p>Primal Defense Ultra, Ultimate Probiotic Formula &#8211; 90 vcaps Primal Defense Ultra est une formule probiotique ultime qui contient une combinaison unique de\u200b bact\u00e9ries b\u00e9n\u00e9fiques pour soutenir la sant\u00e9 digestive et immunitaire. Cette formule est con\u00e7ue pour fournir un soutien maximal en utilisant des souches de \u2064probiotiques cliniquement \u00e9tudi\u00e9es et une technologie de fermentation unique. [&#8230;]\n","protected":false},"featured_media":261310,"comment_status":"open","ping_status":"open","template":"","meta":[],"product_brand":[4810],"product_cat":[5052,5123],"product_tag":[],"class_list":{"0":"post-287220","1":"product","2":"type-product","3":"status-publish","4":"has-post-thumbnail","6":"product_brand-garden-of-life-2","7":"product_cat-sante-et-bien-etre","8":"product_cat-soutien-du-systeme-immunitaire","10":"first","11":"instock","12":"sale","13":"taxable","14":"shipping-taxable","15":"purchasable","16":"product-type-simple"},"yoast_head":"<!-- This site is optimized with the Yoast SEO Premium plugin v27.5 (Yoast SEO v27.5) - https:\/\/yoast.com\/product\/yoast-seo-premium-wordpress\/ -->\n<title>D\u00e9fense Primale Ultra, Formule Probiotique Ultime - 90 g\u00e9lules - ECO Supplements<\/title>\n<meta name=\"description\" content=\"Wij hebben een ruime keuze aan producten van D\u00e9fense Primale Ultra, Formule Probiotique Ultime - 90 g\u00e9lules . Winkel bij Eco Supplements altijd gratis verzending boven 100\u20ac\" \/>\n<meta name=\"robots\" content=\"index, follow, max-snippet:-1, max-image-preview:large, max-video-preview:-1\" \/>\n<link rel=\"canonical\" href=\"https:\/\/ecosupplements.be\/fr\/produit\/defense-primale-ultra-formule-probiotique-ultime-90-gelules\/\" \/>\n<meta property=\"og:locale\" content=\"fr_FR\" \/>\n<meta property=\"og:type\" content=\"article\" \/>\n<meta property=\"og:title\" content=\"D\u00e9fense Primale Ultra, Formule Probiotique Ultime - 90 g\u00e9lules\" \/>\n<meta property=\"og:description\" content=\"Wij hebben een ruime keuze aan producten van D\u00e9fense Primale Ultra, Formule Probiotique Ultime - 90 g\u00e9lules . Winkel bij Eco Supplements altijd gratis verzending boven 100\u20ac\" \/>\n<meta property=\"og:url\" content=\"https:\/\/ecosupplements.be\/fr\/produit\/defense-primale-ultra-formule-probiotique-ultime-90-gelules\/\" \/>\n<meta property=\"og:site_name\" content=\"ECO Supplements\" \/>\n<meta property=\"article:modified_time\" content=\"2025-08-27T13:20:17+00:00\" \/>\n<meta property=\"og:image\" content=\"https:\/\/ecosupplements.be\/wp-content\/uploads\/2025\/08\/Primal-Defense-Ultra-Ultimate-Probiotic-Formula-90-vcaps-1.jpg\" \/>\n\t<meta property=\"og:image:width\" content=\"560\" \/>\n\t<meta property=\"og:image:height\" content=\"984\" \/>\n\t<meta property=\"og:image:type\" content=\"image\/jpeg\" \/>\n<meta name=\"twitter:card\" content=\"summary_large_image\" \/>\n<meta name=\"twitter:label1\" content=\"Prix\" \/>\n\t<meta name=\"twitter:data1\" content=\"50.59&nbsp;&euro;\" \/>\n\t<meta name=\"twitter:label2\" content=\"Disponibilit\u00e9\" \/>\n\t<meta name=\"twitter:data2\" content=\"En stock\" \/>\n<script type=\"application\/ld+json\" class=\"yoast-schema-graph\">{\"@context\":\"https:\\\/\\\/schema.org\",\"@graph\":[{\"@type\":[\"WebPage\",\"ItemPage\"],\"@id\":\"https:\\\/\\\/ecosupplements.be\\\/fr\\\/produit\\\/defense-primale-ultra-formule-probiotique-ultime-90-gelules\\\/\",\"url\":\"https:\\\/\\\/ecosupplements.be\\\/fr\\\/produit\\\/defense-primale-ultra-formule-probiotique-ultime-90-gelules\\\/\",\"name\":\"D\u00e9fense Primale Ultra, Formule Probiotique Ultime - 90 g\u00e9lules - ECO Supplements\",\"isPartOf\":{\"@id\":\"https:\\\/\\\/ecosupplements.be\\\/fr\\\/#website\"},\"primaryImageOfPage\":{\"@id\":\"https:\\\/\\\/ecosupplements.be\\\/fr\\\/produit\\\/defense-primale-ultra-formule-probiotique-ultime-90-gelules\\\/#primaryimage\"},\"image\":{\"@id\":\"https:\\\/\\\/ecosupplements.be\\\/fr\\\/produit\\\/defense-primale-ultra-formule-probiotique-ultime-90-gelules\\\/#primaryimage\"},\"thumbnailUrl\":\"https:\\\/\\\/ecosupplements.be\\\/wp-content\\\/uploads\\\/2025\\\/08\\\/Primal-Defense-Ultra-Ultimate-Probiotic-Formula-90-vcaps.jpg\",\"datePublished\":\"2022-12-03T14:17:15+00:00\",\"dateModified\":\"2025-08-27T13:20:17+00:00\",\"description\":\"Wij hebben een ruime keuze aan producten van D\u00e9fense Primale Ultra, Formule Probiotique Ultime - 90 g\u00e9lules . Winkel bij Eco Supplements altijd gratis verzending boven 100\u20ac\",\"breadcrumb\":{\"@id\":\"https:\\\/\\\/ecosupplements.be\\\/fr\\\/produit\\\/defense-primale-ultra-formule-probiotique-ultime-90-gelules\\\/#breadcrumb\"},\"inLanguage\":\"fr-FR\",\"potentialAction\":[{\"@type\":\"ReadAction\",\"target\":[\"https:\\\/\\\/ecosupplements.be\\\/fr\\\/produit\\\/defense-primale-ultra-formule-probiotique-ultime-90-gelules\\\/\"]}]},{\"@type\":\"ImageObject\",\"inLanguage\":\"fr-FR\",\"@id\":\"https:\\\/\\\/ecosupplements.be\\\/fr\\\/produit\\\/defense-primale-ultra-formule-probiotique-ultime-90-gelules\\\/#primaryimage\",\"url\":\"https:\\\/\\\/ecosupplements.be\\\/wp-content\\\/uploads\\\/2025\\\/08\\\/Primal-Defense-Ultra-Ultimate-Probiotic-Formula-90-vcaps.jpg\",\"contentUrl\":\"https:\\\/\\\/ecosupplements.be\\\/wp-content\\\/uploads\\\/2025\\\/08\\\/Primal-Defense-Ultra-Ultimate-Probiotic-Formula-90-vcaps.jpg\",\"width\":560,\"height\":984},{\"@type\":\"BreadcrumbList\",\"@id\":\"https:\\\/\\\/ecosupplements.be\\\/fr\\\/produit\\\/defense-primale-ultra-formule-probiotique-ultime-90-gelules\\\/#breadcrumb\",\"itemListElement\":[{\"@type\":\"ListItem\",\"position\":1,\"name\":\"Home\",\"item\":\"https:\\\/\\\/ecosupplements.be\\\/fr\\\/\"},{\"@type\":\"ListItem\",\"position\":2,\"name\":\"Boutique\",\"item\":\"https:\\\/\\\/ecosupplements.be\\\/fr\\\/boutique\\\/\"},{\"@type\":\"ListItem\",\"position\":3,\"name\":\"D\u00e9fense Primale Ultra, Formule Probiotique Ultime &#8211; 90 g\u00e9lules\"}]},{\"@type\":\"WebSite\",\"@id\":\"https:\\\/\\\/ecosupplements.be\\\/fr\\\/#website\",\"url\":\"https:\\\/\\\/ecosupplements.be\\\/fr\\\/\",\"name\":\"ECO Supplements\",\"description\":\"Eco Supplements - Gezonde supplementen\",\"publisher\":{\"@id\":\"https:\\\/\\\/ecosupplements.be\\\/fr\\\/#organization\"},\"potentialAction\":[{\"@type\":\"SearchAction\",\"target\":{\"@type\":\"EntryPoint\",\"urlTemplate\":\"https:\\\/\\\/ecosupplements.be\\\/fr\\\/?s={search_term_string}\"},\"query-input\":{\"@type\":\"PropertyValueSpecification\",\"valueRequired\":true,\"valueName\":\"search_term_string\"}}],\"inLanguage\":\"fr-FR\"},{\"@type\":\"Organization\",\"@id\":\"https:\\\/\\\/ecosupplements.be\\\/fr\\\/#organization\",\"name\":\"Eco Supplements\",\"url\":\"https:\\\/\\\/ecosupplements.be\\\/fr\\\/\",\"logo\":{\"@type\":\"ImageObject\",\"inLanguage\":\"fr-FR\",\"@id\":\"https:\\\/\\\/ecosupplements.be\\\/fr\\\/#\\\/schema\\\/logo\\\/image\\\/\",\"url\":\"https:\\\/\\\/ecosupplements.be\\\/wp-content\\\/uploads\\\/2022\\\/06\\\/ecosupplement-family.png\",\"contentUrl\":\"https:\\\/\\\/ecosupplements.be\\\/wp-content\\\/uploads\\\/2022\\\/06\\\/ecosupplement-family.png\",\"width\":593,\"height\":374,\"caption\":\"Eco Supplements\"},\"image\":{\"@id\":\"https:\\\/\\\/ecosupplements.be\\\/fr\\\/#\\\/schema\\\/logo\\\/image\\\/\"}}]}<\/script>\n<meta property=\"product:brand\" content=\"Garden of Life\" \/>\n<meta property=\"product:price:amount\" content=\"50.59\" \/>\n<meta property=\"product:price:currency\" content=\"EUR\" \/>\n<meta property=\"og:availability\" content=\"instock\" \/>\n<meta property=\"product:availability\" content=\"instock\" \/>\n<meta property=\"product:retailer_item_id\" content=\"658010112352\" \/>\n<meta property=\"product:condition\" content=\"new\" \/>\n<!-- \/ Yoast SEO Premium plugin. -->","yoast_head_json":{"title":"D\u00e9fense Primale Ultra, Formule Probiotique Ultime - 90 g\u00e9lules - ECO Supplements","description":"Wij hebben een ruime keuze aan producten van D\u00e9fense Primale Ultra, Formule Probiotique Ultime - 90 g\u00e9lules . Winkel bij Eco Supplements altijd gratis verzending boven 100\u20ac","robots":{"index":"index","follow":"follow","max-snippet":"max-snippet:-1","max-image-preview":"max-image-preview:large","max-video-preview":"max-video-preview:-1"},"canonical":"https:\/\/ecosupplements.be\/fr\/produit\/defense-primale-ultra-formule-probiotique-ultime-90-gelules\/","og_locale":"fr_FR","og_type":"article","og_title":"D\u00e9fense Primale Ultra, Formule Probiotique Ultime - 90 g\u00e9lules","og_description":"Wij hebben een ruime keuze aan producten van D\u00e9fense Primale Ultra, Formule Probiotique Ultime - 90 g\u00e9lules . Winkel bij Eco Supplements altijd gratis verzending boven 100\u20ac","og_url":"https:\/\/ecosupplements.be\/fr\/produit\/defense-primale-ultra-formule-probiotique-ultime-90-gelules\/","og_site_name":"ECO Supplements","article_modified_time":"2025-08-27T13:20:17+00:00","og_image":[{"width":560,"height":984,"url":"https:\/\/ecosupplements.be\/wp-content\/uploads\/2025\/08\/Primal-Defense-Ultra-Ultimate-Probiotic-Formula-90-vcaps-1.jpg","type":"image\/jpeg"}],"twitter_card":"summary_large_image","twitter_misc":{"Prix":"50.59&nbsp;&euro;","Disponibilit\u00e9":"En stock"},"schema":{"@context":"https:\/\/schema.org","@graph":[{"@type":["WebPage","ItemPage"],"@id":"https:\/\/ecosupplements.be\/fr\/produit\/defense-primale-ultra-formule-probiotique-ultime-90-gelules\/","url":"https:\/\/ecosupplements.be\/fr\/produit\/defense-primale-ultra-formule-probiotique-ultime-90-gelules\/","name":"D\u00e9fense Primale Ultra, Formule Probiotique Ultime - 90 g\u00e9lules - ECO Supplements","isPartOf":{"@id":"https:\/\/ecosupplements.be\/fr\/#website"},"primaryImageOfPage":{"@id":"https:\/\/ecosupplements.be\/fr\/produit\/defense-primale-ultra-formule-probiotique-ultime-90-gelules\/#primaryimage"},"image":{"@id":"https:\/\/ecosupplements.be\/fr\/produit\/defense-primale-ultra-formule-probiotique-ultime-90-gelules\/#primaryimage"},"thumbnailUrl":"https:\/\/ecosupplements.be\/wp-content\/uploads\/2025\/08\/Primal-Defense-Ultra-Ultimate-Probiotic-Formula-90-vcaps.jpg","datePublished":"2022-12-03T14:17:15+00:00","dateModified":"2025-08-27T13:20:17+00:00","description":"Wij hebben een ruime keuze aan producten van D\u00e9fense Primale Ultra, Formule Probiotique Ultime - 90 g\u00e9lules . Winkel bij Eco Supplements altijd gratis verzending boven 100\u20ac","breadcrumb":{"@id":"https:\/\/ecosupplements.be\/fr\/produit\/defense-primale-ultra-formule-probiotique-ultime-90-gelules\/#breadcrumb"},"inLanguage":"fr-FR","potentialAction":[{"@type":"ReadAction","target":["https:\/\/ecosupplements.be\/fr\/produit\/defense-primale-ultra-formule-probiotique-ultime-90-gelules\/"]}]},{"@type":"ImageObject","inLanguage":"fr-FR","@id":"https:\/\/ecosupplements.be\/fr\/produit\/defense-primale-ultra-formule-probiotique-ultime-90-gelules\/#primaryimage","url":"https:\/\/ecosupplements.be\/wp-content\/uploads\/2025\/08\/Primal-Defense-Ultra-Ultimate-Probiotic-Formula-90-vcaps.jpg","contentUrl":"https:\/\/ecosupplements.be\/wp-content\/uploads\/2025\/08\/Primal-Defense-Ultra-Ultimate-Probiotic-Formula-90-vcaps.jpg","width":560,"height":984},{"@type":"BreadcrumbList","@id":"https:\/\/ecosupplements.be\/fr\/produit\/defense-primale-ultra-formule-probiotique-ultime-90-gelules\/#breadcrumb","itemListElement":[{"@type":"ListItem","position":1,"name":"Home","item":"https:\/\/ecosupplements.be\/fr\/"},{"@type":"ListItem","position":2,"name":"Boutique","item":"https:\/\/ecosupplements.be\/fr\/boutique\/"},{"@type":"ListItem","position":3,"name":"D\u00e9fense Primale Ultra, Formule Probiotique Ultime &#8211; 90 g\u00e9lules"}]},{"@type":"WebSite","@id":"https:\/\/ecosupplements.be\/fr\/#website","url":"https:\/\/ecosupplements.be\/fr\/","name":"ECO Supplements","description":"Eco Supplements - Gezonde supplementen","publisher":{"@id":"https:\/\/ecosupplements.be\/fr\/#organization"},"potentialAction":[{"@type":"SearchAction","target":{"@type":"EntryPoint","urlTemplate":"https:\/\/ecosupplements.be\/fr\/?s={search_term_string}"},"query-input":{"@type":"PropertyValueSpecification","valueRequired":true,"valueName":"search_term_string"}}],"inLanguage":"fr-FR"},{"@type":"Organization","@id":"https:\/\/ecosupplements.be\/fr\/#organization","name":"Eco Supplements","url":"https:\/\/ecosupplements.be\/fr\/","logo":{"@type":"ImageObject","inLanguage":"fr-FR","@id":"https:\/\/ecosupplements.be\/fr\/#\/schema\/logo\/image\/","url":"https:\/\/ecosupplements.be\/wp-content\/uploads\/2022\/06\/ecosupplement-family.png","contentUrl":"https:\/\/ecosupplements.be\/wp-content\/uploads\/2022\/06\/ecosupplement-family.png","width":593,"height":374,"caption":"Eco Supplements"},"image":{"@id":"https:\/\/ecosupplements.be\/fr\/#\/schema\/logo\/image\/"}}]},"product_brand":"Garden of Life","product_price_amount":"50.59","product_price_currency":"EUR","og_availability":"instock","product_availability":"instock","product_retailer_item_id":"658010112352","product_condition":"new"},"_links":{"self":[{"href":"https:\/\/ecosupplements.be\/fr\/wp-json\/wp\/v2\/product\/287220","targetHints":{"allow":["GET"]}}],"collection":[{"href":"https:\/\/ecosupplements.be\/fr\/wp-json\/wp\/v2\/product"}],"about":[{"href":"https:\/\/ecosupplements.be\/fr\/wp-json\/wp\/v2\/types\/product"}],"replies":[{"embeddable":true,"href":"https:\/\/ecosupplements.be\/fr\/wp-json\/wp\/v2\/comments?post=287220"}],"wp:featuredmedia":[{"embeddable":true,"href":"https:\/\/ecosupplements.be\/fr\/wp-json\/wp\/v2\/media\/261310"}],"wp:attachment":[{"href":"https:\/\/ecosupplements.be\/fr\/wp-json\/wp\/v2\/media?parent=287220"}],"wp:term":[{"taxonomy":"product_brand","embeddable":true,"href":"https:\/\/ecosupplements.be\/fr\/wp-json\/wp\/v2\/product_brand?post=287220"},{"taxonomy":"product_cat","embeddable":true,"href":"https:\/\/ecosupplements.be\/fr\/wp-json\/wp\/v2\/product_cat?post=287220"},{"taxonomy":"product_tag","embeddable":true,"href":"https:\/\/ecosupplements.be\/fr\/wp-json\/wp\/v2\/product_tag?post=287220"}],"curies":[{"name":"wp","href":"https:\/\/api.w.org\/{rel}","templated":true}]}}