{"id":287286,"date":"2023-01-18T22:28:10","date_gmt":"2023-01-18T21:28:10","guid":{"rendered":"https:\/\/ecosupplements.be\/product\/proteine-biologique-brute-non-aromatisee-560g\/"},"modified":"2025-08-27T14:21:27","modified_gmt":"2025-08-27T13:21:27","slug":"proteine-biologique-brute-non-aromatisee-560g","status":"publish","type":"product","link":"https:\/\/ecosupplements.be\/fr\/produit\/proteine-biologique-brute-non-aromatisee-560g\/","title":{"rendered":"Prot\u00e9ine biologique brute, non aromatis\u00e9e &#8211; 560g"},"content":{"rendered":"<h1>Raw Organic Protein, Unflavored &#8211; 560g<\/h1>\n<p>Le Raw Organic Protein de Garden of Life est un compl\u00e9ment alimentaire en poudre \u00e0 base de prot\u00e9ines \u200bv\u00e9g\u00e9tales \u2062biologiques. Cette \u2062formule est sp\u00e9cialement con\u00e7ue pour\u200b les personnes soucieuses de leur sant\u00e9 et\u200c de leur bien-\u00eatre, ainsi que pour\u200d les athl\u00e8tes et les \u2063sportifs \u00e0 \u200bla recherche \u200dd&#8217;une source de prot\u00e9ines naturelle\u2063 et \u2062de qualit\u00e9 sup\u00e9rieure.<\/p>\n<h2>Caract\u00e9ristiques \u200bsp\u00e9ciales:<\/h2>\n<ul>\n<li>Prot\u00e9ines v\u00e9g\u00e9tales \u2064biologiques<\/li>\n<li>Non aromatis\u00e9<\/li>\n<li>560g de poudre par pot<\/li>\n<li>20g de prot\u00e9ines par portion<\/li>\n<li>Sans\u2062 gluten, sans \u2064soja, sans produits laitiers<\/li>\n<li>Certifi\u00e9 bio et casher<\/li>\n<\/ul>\n<h2>Ingr\u00e9dients:<\/h2>\n<p>Ce\u200d compl\u00e9ment alimentaire est compos\u00e9 d&#8217;un m\u00e9lange \u200cde prot\u00e9ines\u200c v\u00e9g\u00e9tales biologiques,\u200c notamment de pois, de riz brun, de chia, de quinoa \u2062et d&#8217;amandes.\u200d Ces ingr\u00e9dients sont soigneusement s\u00e9lectionn\u00e9s pour fournir une source compl\u00e8te de prot\u00e9ines, ainsi\u2064 que des acides amin\u00e9s essentiels et des nutriments b\u00e9n\u00e9fiques pour la sant\u00e9.<\/p>\n<h2>Avantages uniques:<\/h2>\n<p>Le\u200d Raw Organic Protein de Garden of\u2062 Life est une source\u2064 de prot\u00e9ines v\u00e9g\u00e9tales de qualit\u00e9 \u200dsup\u00e9rieure,\u2062 id\u00e9ale pour les personnes suivant un r\u00e9gime v\u00e9g\u00e9tarien ou\u2062 v\u00e9g\u00e9talien. Cette\u2062 formule est \u00e9galement sans gluten, sans soja et \u2063sans produits laitiers, ce qui \u200bla rend adapt\u00e9e aux\u2062 personnes ayant des allergies ou des \u200dintol\u00e9rances alimentaires. De plus, elle est certifi\u00e9e\u200d bio et casher, garantissant ainsi la qualit\u00e9 et la puret\u00e9 \u2063des ingr\u00e9dients utilis\u00e9s.<\/p>\n<h2>Principales caract\u00e9ristiques:<\/h2>\n<ul>\n<li>20g\u2062 de prot\u00e9ines par\u2062 portion<\/li>\n<li>Source\u200c compl\u00e8te de prot\u00e9ines v\u00e9g\u00e9tales<\/li>\n<li>Contient des\u200d acides amin\u00e9s essentiels et des nutriments b\u00e9n\u00e9fiques pour\u200b la\u2064 sant\u00e9<\/li>\n<li>Convient \u2063aux \u2064r\u00e9gimes \u2063v\u00e9g\u00e9tariens\u200c et v\u00e9g\u00e9taliens<\/li>\n<li>Sans gluten, sans soja, sans produits laitiers<\/li>\n<li>Certifi\u00e9 bio et casher<\/li>\n<\/ul>\n<p>Ajoutez le Raw Organic Protein de Garden of\u2062 Life\u2064 \u00e0 \u2064votre alimentation pour b\u00e9n\u00e9ficier d&#8217;une \u2064source de\u200b prot\u00e9ines naturelle et de qualit\u00e9 sup\u00e9rieure. Id\u00e9al \u2064pour les shakes prot\u00e9in\u00e9s,\u2063 les smoothies ou les recettes de p\u00e2tisseries, ce compl\u00e9ment alimentaire vous aidera \u00e0 atteindre vos \u200bobjectifs \u2062de sant\u00e9 et \u2063de bien-\u00eatre.<\/p>\n","protected":false},"excerpt":{"rendered":"<p>Raw Organic Protein, Unflavored &#8211; 560g Le Raw Organic Protein de Garden of Life est un compl\u00e9ment alimentaire en poudre \u00e0 base de prot\u00e9ines \u200bv\u00e9g\u00e9tales \u2062biologiques. Cette \u2062formule est sp\u00e9cialement con\u00e7ue pour\u200b les personnes soucieuses de leur sant\u00e9 et\u200c de leur bien-\u00eatre, ainsi que pour\u200d les athl\u00e8tes et les \u2063sportifs \u00e0 \u200bla recherche \u200dd&#8217;une source [&#8230;]\n","protected":false},"featured_media":262079,"comment_status":"open","ping_status":"open","template":"","meta":[],"product_brand":[4810],"product_cat":[5056,5052],"product_tag":[],"class_list":{"0":"post-287286","1":"product","2":"type-product","3":"status-publish","4":"has-post-thumbnail","6":"product_brand-garden-of-life-2","7":"product_cat-proteine","8":"product_cat-sante-et-bien-etre","10":"first","11":"instock","12":"taxable","13":"shipping-taxable","14":"purchasable","15":"product-type-simple"},"yoast_head":"<!-- This site is optimized with the Yoast SEO Premium plugin v27.3 (Yoast SEO v27.3) - https:\/\/yoast.com\/product\/yoast-seo-premium-wordpress\/ -->\n<title>Prot\u00e9ine biologique brute, non aromatis\u00e9e - 560g - ECO Supplements<\/title>\n<meta name=\"description\" content=\"Wij hebben een ruime keuze aan producten van Prot\u00e9ine biologique brute, non aromatis\u00e9e - 560g . Winkel bij Eco Supplements altijd gratis verzending boven 100\u20ac\" \/>\n<meta name=\"robots\" content=\"index, follow, max-snippet:-1, max-image-preview:large, max-video-preview:-1\" \/>\n<link rel=\"canonical\" href=\"https:\/\/ecosupplements.be\/fr\/produit\/proteine-biologique-brute-non-aromatisee-560g\/\" \/>\n<meta property=\"og:locale\" content=\"fr_FR\" \/>\n<meta property=\"og:type\" content=\"article\" \/>\n<meta property=\"og:title\" content=\"Prot\u00e9ine biologique brute, non aromatis\u00e9e - 560g\" \/>\n<meta property=\"og:description\" content=\"Wij hebben een ruime keuze aan producten van Prot\u00e9ine biologique brute, non aromatis\u00e9e - 560g . Winkel bij Eco Supplements altijd gratis verzending boven 100\u20ac\" \/>\n<meta property=\"og:url\" content=\"https:\/\/ecosupplements.be\/fr\/produit\/proteine-biologique-brute-non-aromatisee-560g\/\" \/>\n<meta property=\"og:site_name\" content=\"ECO Supplements\" \/>\n<meta property=\"article:modified_time\" content=\"2025-08-27T13:21:27+00:00\" \/>\n<meta property=\"og:image\" content=\"https:\/\/ecosupplements.be\/wp-content\/uploads\/2025\/08\/Raw-Organic-Protein-Unflavored-560g-1.jpg\" \/>\n\t<meta property=\"og:image:width\" content=\"640\" \/>\n\t<meta property=\"og:image:height\" content=\"640\" \/>\n\t<meta property=\"og:image:type\" content=\"image\/jpeg\" \/>\n<meta name=\"twitter:card\" content=\"summary_large_image\" \/>\n<meta name=\"twitter:label1\" content=\"Prix\" \/>\n\t<meta name=\"twitter:data1\" content=\"74.85&nbsp;&euro;\" \/>\n\t<meta name=\"twitter:label2\" content=\"Disponibilit\u00e9\" \/>\n\t<meta name=\"twitter:data2\" content=\"En stock\" \/>\n<script type=\"application\/ld+json\" class=\"yoast-schema-graph\">{\"@context\":\"https:\\\/\\\/schema.org\",\"@graph\":[{\"@type\":[\"WebPage\",\"ItemPage\"],\"@id\":\"https:\\\/\\\/ecosupplements.be\\\/fr\\\/produit\\\/proteine-biologique-brute-non-aromatisee-560g\\\/\",\"url\":\"https:\\\/\\\/ecosupplements.be\\\/fr\\\/produit\\\/proteine-biologique-brute-non-aromatisee-560g\\\/\",\"name\":\"Prot\u00e9ine biologique brute, non aromatis\u00e9e - 560g - ECO Supplements\",\"isPartOf\":{\"@id\":\"https:\\\/\\\/ecosupplements.be\\\/fr\\\/#website\"},\"primaryImageOfPage\":{\"@id\":\"https:\\\/\\\/ecosupplements.be\\\/fr\\\/produit\\\/proteine-biologique-brute-non-aromatisee-560g\\\/#primaryimage\"},\"image\":{\"@id\":\"https:\\\/\\\/ecosupplements.be\\\/fr\\\/produit\\\/proteine-biologique-brute-non-aromatisee-560g\\\/#primaryimage\"},\"thumbnailUrl\":\"https:\\\/\\\/ecosupplements.be\\\/wp-content\\\/uploads\\\/2025\\\/08\\\/Raw-Organic-Protein-Unflavored-560g.jpg\",\"datePublished\":\"2023-01-18T21:28:10+00:00\",\"dateModified\":\"2025-08-27T13:21:27+00:00\",\"description\":\"Wij hebben een ruime keuze aan producten van Prot\u00e9ine biologique brute, non aromatis\u00e9e - 560g . Winkel bij Eco Supplements altijd gratis verzending boven 100\u20ac\",\"breadcrumb\":{\"@id\":\"https:\\\/\\\/ecosupplements.be\\\/fr\\\/produit\\\/proteine-biologique-brute-non-aromatisee-560g\\\/#breadcrumb\"},\"inLanguage\":\"fr-FR\",\"potentialAction\":[{\"@type\":\"ReadAction\",\"target\":[\"https:\\\/\\\/ecosupplements.be\\\/fr\\\/produit\\\/proteine-biologique-brute-non-aromatisee-560g\\\/\"]}]},{\"@type\":\"ImageObject\",\"inLanguage\":\"fr-FR\",\"@id\":\"https:\\\/\\\/ecosupplements.be\\\/fr\\\/produit\\\/proteine-biologique-brute-non-aromatisee-560g\\\/#primaryimage\",\"url\":\"https:\\\/\\\/ecosupplements.be\\\/wp-content\\\/uploads\\\/2025\\\/08\\\/Raw-Organic-Protein-Unflavored-560g.jpg\",\"contentUrl\":\"https:\\\/\\\/ecosupplements.be\\\/wp-content\\\/uploads\\\/2025\\\/08\\\/Raw-Organic-Protein-Unflavored-560g.jpg\",\"width\":640,\"height\":640},{\"@type\":\"BreadcrumbList\",\"@id\":\"https:\\\/\\\/ecosupplements.be\\\/fr\\\/produit\\\/proteine-biologique-brute-non-aromatisee-560g\\\/#breadcrumb\",\"itemListElement\":[{\"@type\":\"ListItem\",\"position\":1,\"name\":\"Home\",\"item\":\"https:\\\/\\\/ecosupplements.be\\\/fr\\\/\"},{\"@type\":\"ListItem\",\"position\":2,\"name\":\"Boutique\",\"item\":\"https:\\\/\\\/ecosupplements.be\\\/fr\\\/boutique\\\/\"},{\"@type\":\"ListItem\",\"position\":3,\"name\":\"Prot\u00e9ine biologique brute, non aromatis\u00e9e &#8211; 560g\"}]},{\"@type\":\"WebSite\",\"@id\":\"https:\\\/\\\/ecosupplements.be\\\/fr\\\/#website\",\"url\":\"https:\\\/\\\/ecosupplements.be\\\/fr\\\/\",\"name\":\"ECO Supplements\",\"description\":\"Eco Supplements - Gezonde supplementen\",\"publisher\":{\"@id\":\"https:\\\/\\\/ecosupplements.be\\\/fr\\\/#organization\"},\"potentialAction\":[{\"@type\":\"SearchAction\",\"target\":{\"@type\":\"EntryPoint\",\"urlTemplate\":\"https:\\\/\\\/ecosupplements.be\\\/fr\\\/?s={search_term_string}\"},\"query-input\":{\"@type\":\"PropertyValueSpecification\",\"valueRequired\":true,\"valueName\":\"search_term_string\"}}],\"inLanguage\":\"fr-FR\"},{\"@type\":\"Organization\",\"@id\":\"https:\\\/\\\/ecosupplements.be\\\/fr\\\/#organization\",\"name\":\"Eco Supplements\",\"url\":\"https:\\\/\\\/ecosupplements.be\\\/fr\\\/\",\"logo\":{\"@type\":\"ImageObject\",\"inLanguage\":\"fr-FR\",\"@id\":\"https:\\\/\\\/ecosupplements.be\\\/fr\\\/#\\\/schema\\\/logo\\\/image\\\/\",\"url\":\"https:\\\/\\\/ecosupplements.be\\\/wp-content\\\/uploads\\\/2022\\\/06\\\/ecosupplement-family.png\",\"contentUrl\":\"https:\\\/\\\/ecosupplements.be\\\/wp-content\\\/uploads\\\/2022\\\/06\\\/ecosupplement-family.png\",\"width\":593,\"height\":374,\"caption\":\"Eco Supplements\"},\"image\":{\"@id\":\"https:\\\/\\\/ecosupplements.be\\\/fr\\\/#\\\/schema\\\/logo\\\/image\\\/\"}}]}<\/script>\n<meta property=\"product:brand\" content=\"Garden of Life\" \/>\n<meta property=\"product:price:amount\" content=\"74.85\" \/>\n<meta property=\"product:price:currency\" content=\"EUR\" \/>\n<meta property=\"og:availability\" content=\"instock\" \/>\n<meta property=\"product:availability\" content=\"instock\" \/>\n<meta property=\"product:retailer_item_id\" content=\"658010114158\" \/>\n<meta property=\"product:condition\" content=\"new\" \/>\n<!-- \/ Yoast SEO Premium plugin. -->","yoast_head_json":{"title":"Prot\u00e9ine biologique brute, non aromatis\u00e9e - 560g - ECO Supplements","description":"Wij hebben een ruime keuze aan producten van Prot\u00e9ine biologique brute, non aromatis\u00e9e - 560g . Winkel bij Eco Supplements altijd gratis verzending boven 100\u20ac","robots":{"index":"index","follow":"follow","max-snippet":"max-snippet:-1","max-image-preview":"max-image-preview:large","max-video-preview":"max-video-preview:-1"},"canonical":"https:\/\/ecosupplements.be\/fr\/produit\/proteine-biologique-brute-non-aromatisee-560g\/","og_locale":"fr_FR","og_type":"article","og_title":"Prot\u00e9ine biologique brute, non aromatis\u00e9e - 560g","og_description":"Wij hebben een ruime keuze aan producten van Prot\u00e9ine biologique brute, non aromatis\u00e9e - 560g . Winkel bij Eco Supplements altijd gratis verzending boven 100\u20ac","og_url":"https:\/\/ecosupplements.be\/fr\/produit\/proteine-biologique-brute-non-aromatisee-560g\/","og_site_name":"ECO Supplements","article_modified_time":"2025-08-27T13:21:27+00:00","og_image":[{"width":640,"height":640,"url":"https:\/\/ecosupplements.be\/wp-content\/uploads\/2025\/08\/Raw-Organic-Protein-Unflavored-560g-1.jpg","type":"image\/jpeg"}],"twitter_card":"summary_large_image","twitter_misc":{"Prix":"74.85&nbsp;&euro;","Disponibilit\u00e9":"En stock"},"schema":{"@context":"https:\/\/schema.org","@graph":[{"@type":["WebPage","ItemPage"],"@id":"https:\/\/ecosupplements.be\/fr\/produit\/proteine-biologique-brute-non-aromatisee-560g\/","url":"https:\/\/ecosupplements.be\/fr\/produit\/proteine-biologique-brute-non-aromatisee-560g\/","name":"Prot\u00e9ine biologique brute, non aromatis\u00e9e - 560g - ECO Supplements","isPartOf":{"@id":"https:\/\/ecosupplements.be\/fr\/#website"},"primaryImageOfPage":{"@id":"https:\/\/ecosupplements.be\/fr\/produit\/proteine-biologique-brute-non-aromatisee-560g\/#primaryimage"},"image":{"@id":"https:\/\/ecosupplements.be\/fr\/produit\/proteine-biologique-brute-non-aromatisee-560g\/#primaryimage"},"thumbnailUrl":"https:\/\/ecosupplements.be\/wp-content\/uploads\/2025\/08\/Raw-Organic-Protein-Unflavored-560g.jpg","datePublished":"2023-01-18T21:28:10+00:00","dateModified":"2025-08-27T13:21:27+00:00","description":"Wij hebben een ruime keuze aan producten van Prot\u00e9ine biologique brute, non aromatis\u00e9e - 560g . Winkel bij Eco Supplements altijd gratis verzending boven 100\u20ac","breadcrumb":{"@id":"https:\/\/ecosupplements.be\/fr\/produit\/proteine-biologique-brute-non-aromatisee-560g\/#breadcrumb"},"inLanguage":"fr-FR","potentialAction":[{"@type":"ReadAction","target":["https:\/\/ecosupplements.be\/fr\/produit\/proteine-biologique-brute-non-aromatisee-560g\/"]}]},{"@type":"ImageObject","inLanguage":"fr-FR","@id":"https:\/\/ecosupplements.be\/fr\/produit\/proteine-biologique-brute-non-aromatisee-560g\/#primaryimage","url":"https:\/\/ecosupplements.be\/wp-content\/uploads\/2025\/08\/Raw-Organic-Protein-Unflavored-560g.jpg","contentUrl":"https:\/\/ecosupplements.be\/wp-content\/uploads\/2025\/08\/Raw-Organic-Protein-Unflavored-560g.jpg","width":640,"height":640},{"@type":"BreadcrumbList","@id":"https:\/\/ecosupplements.be\/fr\/produit\/proteine-biologique-brute-non-aromatisee-560g\/#breadcrumb","itemListElement":[{"@type":"ListItem","position":1,"name":"Home","item":"https:\/\/ecosupplements.be\/fr\/"},{"@type":"ListItem","position":2,"name":"Boutique","item":"https:\/\/ecosupplements.be\/fr\/boutique\/"},{"@type":"ListItem","position":3,"name":"Prot\u00e9ine biologique brute, non aromatis\u00e9e &#8211; 560g"}]},{"@type":"WebSite","@id":"https:\/\/ecosupplements.be\/fr\/#website","url":"https:\/\/ecosupplements.be\/fr\/","name":"ECO Supplements","description":"Eco Supplements - Gezonde supplementen","publisher":{"@id":"https:\/\/ecosupplements.be\/fr\/#organization"},"potentialAction":[{"@type":"SearchAction","target":{"@type":"EntryPoint","urlTemplate":"https:\/\/ecosupplements.be\/fr\/?s={search_term_string}"},"query-input":{"@type":"PropertyValueSpecification","valueRequired":true,"valueName":"search_term_string"}}],"inLanguage":"fr-FR"},{"@type":"Organization","@id":"https:\/\/ecosupplements.be\/fr\/#organization","name":"Eco Supplements","url":"https:\/\/ecosupplements.be\/fr\/","logo":{"@type":"ImageObject","inLanguage":"fr-FR","@id":"https:\/\/ecosupplements.be\/fr\/#\/schema\/logo\/image\/","url":"https:\/\/ecosupplements.be\/wp-content\/uploads\/2022\/06\/ecosupplement-family.png","contentUrl":"https:\/\/ecosupplements.be\/wp-content\/uploads\/2022\/06\/ecosupplement-family.png","width":593,"height":374,"caption":"Eco Supplements"},"image":{"@id":"https:\/\/ecosupplements.be\/fr\/#\/schema\/logo\/image\/"}}]},"product_brand":"Garden of Life","product_price_amount":"74.85","product_price_currency":"EUR","og_availability":"instock","product_availability":"instock","product_retailer_item_id":"658010114158","product_condition":"new"},"_links":{"self":[{"href":"https:\/\/ecosupplements.be\/fr\/wp-json\/wp\/v2\/product\/287286","targetHints":{"allow":["GET"]}}],"collection":[{"href":"https:\/\/ecosupplements.be\/fr\/wp-json\/wp\/v2\/product"}],"about":[{"href":"https:\/\/ecosupplements.be\/fr\/wp-json\/wp\/v2\/types\/product"}],"replies":[{"embeddable":true,"href":"https:\/\/ecosupplements.be\/fr\/wp-json\/wp\/v2\/comments?post=287286"}],"wp:featuredmedia":[{"embeddable":true,"href":"https:\/\/ecosupplements.be\/fr\/wp-json\/wp\/v2\/media\/262079"}],"wp:attachment":[{"href":"https:\/\/ecosupplements.be\/fr\/wp-json\/wp\/v2\/media?parent=287286"}],"wp:term":[{"taxonomy":"product_brand","embeddable":true,"href":"https:\/\/ecosupplements.be\/fr\/wp-json\/wp\/v2\/product_brand?post=287286"},{"taxonomy":"product_cat","embeddable":true,"href":"https:\/\/ecosupplements.be\/fr\/wp-json\/wp\/v2\/product_cat?post=287286"},{"taxonomy":"product_tag","embeddable":true,"href":"https:\/\/ecosupplements.be\/fr\/wp-json\/wp\/v2\/product_tag?post=287286"}],"curies":[{"name":"wp","href":"https:\/\/api.w.org\/{rel}","templated":true}]}}