{"id":287289,"date":"2023-01-18T22:28:10","date_gmt":"2023-01-18T21:28:10","guid":{"rendered":"https:\/\/ecosupplements.be\/product\/proteine-biologique-crue-vanille-620g\/"},"modified":"2025-08-27T14:21:30","modified_gmt":"2025-08-27T13:21:30","slug":"proteine-biologique-crue-vanille-620g","status":"publish","type":"product","link":"https:\/\/ecosupplements.be\/fr\/produit\/proteine-biologique-crue-vanille-620g\/","title":{"rendered":"Prot\u00e9ine biologique crue, vanille &#8211; 620g"},"content":{"rendered":"<h1>Raw\u2063 Organic Protein, Vanilla &#8211; \u2062620g<\/h1>\n<p>Le\u200b Raw Organic Protein de \u2062Garden\u200d of Life est une\u200b poudre de prot\u00e9ines v\u00e9g\u00e9tales biologiques \u2062de\u2063 haute qualit\u00e9, id\u00e9ale pour les personnes soucieuses de leur sant\u00e9 \u200cet de leur bien-\u00eatre. Cette formule unique\u2062 est sp\u00e9cialement con\u00e7ue pour fournir une source de prot\u00e9ines compl\u00e8te et \u00e9quilibr\u00e9e, sans ingr\u00e9dients \u2064artificiels ni additifs nocifs.<\/p>\n<h2>Caract\u00e9ristiques sp\u00e9ciales:<\/h2>\n<ul>\n<li>Prot\u00e9ines v\u00e9g\u00e9tales \u200bbiologiques de haute qualit\u00e9<\/li>\n<li>Formule compl\u00e8te et \u00e9quilibr\u00e9e<\/li>\n<li>Sans\u200c ingr\u00e9dients artificiels ni additifs \u2064nocifs<\/li>\n<li>Saveur d\u00e9licieuse\u200d de \u2063vanille<\/li>\n<li>Convient aux r\u00e9gimes v\u00e9g\u00e9tariens et v\u00e9g\u00e9taliens<\/li>\n<li>Facile \u00e0\u2064 dig\u00e9rer<\/li>\n<\/ul>\n<h2>Ingr\u00e9dients:<\/h2>\n<p>Cette poudre de\u200b prot\u00e9ines\u200b est compos\u00e9e d&#8217;un m\u00e9lange de prot\u00e9ines v\u00e9g\u00e9tales\u200b biologiques, notamment des \u200bprot\u00e9ines de pois, de riz brun et de graines\u2064 de chia. Elle contient \u00e9galement des enzymes digestives pour une meilleure absorption \u2063des \u2062nutriments.<\/p>\n<h2>Avantages uniques:<\/h2>\n<ul>\n<li>Source de prot\u00e9ines\u200c compl\u00e8te et \u00e9quilibr\u00e9e<\/li>\n<li>Contribue au maintien \u200det au d\u00e9veloppement de la masse musculaire<\/li>\n<li>Renforce le \u2064syst\u00e8me immunitaire<\/li>\n<li>Am\u00e9liore \u2062la digestion et l&#8217;absorption des nutriments<\/li>\n<li>Id\u00e9al pour les personnes soucieuses de leur sant\u00e9 et de leur\u2063 bien-\u00eatre<\/li>\n<\/ul>\n<h2>Principales caract\u00e9ristiques:<\/h2>\n<ul>\n<li>Contient 20g de prot\u00e9ines par portion<\/li>\n<li>Sans gluten, sans produits laitiers, sans soja<\/li>\n<li>Non-OGM et certifi\u00e9\u2063 biologique<\/li>\n<li>Facile \u00e0 m\u00e9langer et \u00e0 dig\u00e9rer<\/li>\n<li>Convient aux r\u00e9gimes v\u00e9g\u00e9tariens et v\u00e9g\u00e9taliens<\/li>\n<\/ul>\n<p>Ajoutez une\u2062 dose de Raw Organic \u2062Protein de Garden \u200cof \u2064Life\u2063 \u00e0 votre smoothie ou\u2062 \u00e0 \u200dvotre boisson pr\u00e9f\u00e9r\u00e9e pour un apport en prot\u00e9ines sain et d\u00e9licieux. Avec sa saveur \u2062de\u2062 vanille d\u00e9licieuse et sa formule compl\u00e8te et \u00e9quilibr\u00e9e, cette poudre\u200c de\u2062 prot\u00e9ines\u2062 est un excellent choix pour\u2064 tous ceux qui cherchent \u00e0 am\u00e9liorer leur alimentation et leur sant\u00e9 globale.<\/p>\n","protected":false},"excerpt":{"rendered":"<p>Raw\u2063 Organic Protein, Vanilla &#8211; \u2062620g Le\u200b Raw Organic Protein de \u2062Garden\u200d of Life est une\u200b poudre de prot\u00e9ines v\u00e9g\u00e9tales biologiques \u2062de\u2063 haute qualit\u00e9, id\u00e9ale pour les personnes soucieuses de leur sant\u00e9 \u200cet de leur bien-\u00eatre. Cette formule unique\u2062 est sp\u00e9cialement con\u00e7ue pour fournir une source de prot\u00e9ines compl\u00e8te et \u00e9quilibr\u00e9e, sans ingr\u00e9dients \u2064artificiels ni [&#8230;]\n","protected":false},"featured_media":262082,"comment_status":"open","ping_status":"open","template":"","meta":[],"product_brand":[4810],"product_cat":[5056,5052],"product_tag":[],"class_list":{"0":"post-287289","1":"product","2":"type-product","3":"status-publish","4":"has-post-thumbnail","6":"product_brand-garden-of-life-2","7":"product_cat-proteine","8":"product_cat-sante-et-bien-etre","10":"first","11":"instock","12":"taxable","13":"shipping-taxable","14":"purchasable","15":"product-type-simple"},"yoast_head":"<!-- This site is optimized with the Yoast SEO Premium plugin v27.3 (Yoast SEO v27.3) - https:\/\/yoast.com\/product\/yoast-seo-premium-wordpress\/ -->\n<title>Prot\u00e9ine biologique crue, vanille - 620g - ECO Supplements<\/title>\n<meta name=\"description\" content=\"Wij hebben een ruime keuze aan producten van Prot\u00e9ine biologique crue, vanille - 620g . Winkel bij Eco Supplements altijd gratis verzending boven 100\u20ac\" \/>\n<meta name=\"robots\" content=\"index, follow, max-snippet:-1, max-image-preview:large, max-video-preview:-1\" \/>\n<link rel=\"canonical\" href=\"https:\/\/ecosupplements.be\/fr\/produit\/proteine-biologique-crue-vanille-620g\/\" \/>\n<meta property=\"og:locale\" content=\"fr_FR\" \/>\n<meta property=\"og:type\" content=\"article\" \/>\n<meta property=\"og:title\" content=\"Prot\u00e9ine biologique crue, vanille - 620g\" \/>\n<meta property=\"og:description\" content=\"Wij hebben een ruime keuze aan producten van Prot\u00e9ine biologique crue, vanille - 620g . Winkel bij Eco Supplements altijd gratis verzending boven 100\u20ac\" \/>\n<meta property=\"og:url\" content=\"https:\/\/ecosupplements.be\/fr\/produit\/proteine-biologique-crue-vanille-620g\/\" \/>\n<meta property=\"og:site_name\" content=\"ECO Supplements\" \/>\n<meta property=\"article:modified_time\" content=\"2025-08-27T13:21:30+00:00\" \/>\n<meta property=\"og:image\" content=\"https:\/\/ecosupplements.be\/wp-content\/uploads\/2025\/08\/Raw-Organic-Protein-Vanilla-620g-1.jpg\" \/>\n\t<meta property=\"og:image:width\" content=\"640\" \/>\n\t<meta property=\"og:image:height\" content=\"640\" \/>\n\t<meta property=\"og:image:type\" content=\"image\/jpeg\" \/>\n<meta name=\"twitter:card\" content=\"summary_large_image\" \/>\n<meta name=\"twitter:label1\" content=\"Prix\" \/>\n\t<meta name=\"twitter:data1\" content=\"74.85&nbsp;&euro;\" \/>\n\t<meta name=\"twitter:label2\" content=\"Disponibilit\u00e9\" \/>\n\t<meta name=\"twitter:data2\" content=\"En stock\" \/>\n<script type=\"application\/ld+json\" class=\"yoast-schema-graph\">{\"@context\":\"https:\\\/\\\/schema.org\",\"@graph\":[{\"@type\":[\"WebPage\",\"ItemPage\"],\"@id\":\"https:\\\/\\\/ecosupplements.be\\\/fr\\\/produit\\\/proteine-biologique-crue-vanille-620g\\\/\",\"url\":\"https:\\\/\\\/ecosupplements.be\\\/fr\\\/produit\\\/proteine-biologique-crue-vanille-620g\\\/\",\"name\":\"Prot\u00e9ine biologique crue, vanille - 620g - ECO Supplements\",\"isPartOf\":{\"@id\":\"https:\\\/\\\/ecosupplements.be\\\/fr\\\/#website\"},\"primaryImageOfPage\":{\"@id\":\"https:\\\/\\\/ecosupplements.be\\\/fr\\\/produit\\\/proteine-biologique-crue-vanille-620g\\\/#primaryimage\"},\"image\":{\"@id\":\"https:\\\/\\\/ecosupplements.be\\\/fr\\\/produit\\\/proteine-biologique-crue-vanille-620g\\\/#primaryimage\"},\"thumbnailUrl\":\"https:\\\/\\\/ecosupplements.be\\\/wp-content\\\/uploads\\\/2025\\\/08\\\/Raw-Organic-Protein-Vanilla-620g.jpg\",\"datePublished\":\"2023-01-18T21:28:10+00:00\",\"dateModified\":\"2025-08-27T13:21:30+00:00\",\"description\":\"Wij hebben een ruime keuze aan producten van Prot\u00e9ine biologique crue, vanille - 620g . Winkel bij Eco Supplements altijd gratis verzending boven 100\u20ac\",\"breadcrumb\":{\"@id\":\"https:\\\/\\\/ecosupplements.be\\\/fr\\\/produit\\\/proteine-biologique-crue-vanille-620g\\\/#breadcrumb\"},\"inLanguage\":\"fr-FR\",\"potentialAction\":[{\"@type\":\"ReadAction\",\"target\":[\"https:\\\/\\\/ecosupplements.be\\\/fr\\\/produit\\\/proteine-biologique-crue-vanille-620g\\\/\"]}]},{\"@type\":\"ImageObject\",\"inLanguage\":\"fr-FR\",\"@id\":\"https:\\\/\\\/ecosupplements.be\\\/fr\\\/produit\\\/proteine-biologique-crue-vanille-620g\\\/#primaryimage\",\"url\":\"https:\\\/\\\/ecosupplements.be\\\/wp-content\\\/uploads\\\/2025\\\/08\\\/Raw-Organic-Protein-Vanilla-620g.jpg\",\"contentUrl\":\"https:\\\/\\\/ecosupplements.be\\\/wp-content\\\/uploads\\\/2025\\\/08\\\/Raw-Organic-Protein-Vanilla-620g.jpg\",\"width\":640,\"height\":640},{\"@type\":\"BreadcrumbList\",\"@id\":\"https:\\\/\\\/ecosupplements.be\\\/fr\\\/produit\\\/proteine-biologique-crue-vanille-620g\\\/#breadcrumb\",\"itemListElement\":[{\"@type\":\"ListItem\",\"position\":1,\"name\":\"Home\",\"item\":\"https:\\\/\\\/ecosupplements.be\\\/fr\\\/\"},{\"@type\":\"ListItem\",\"position\":2,\"name\":\"Boutique\",\"item\":\"https:\\\/\\\/ecosupplements.be\\\/fr\\\/boutique\\\/\"},{\"@type\":\"ListItem\",\"position\":3,\"name\":\"Prot\u00e9ine biologique crue, vanille &#8211; 620g\"}]},{\"@type\":\"WebSite\",\"@id\":\"https:\\\/\\\/ecosupplements.be\\\/fr\\\/#website\",\"url\":\"https:\\\/\\\/ecosupplements.be\\\/fr\\\/\",\"name\":\"ECO Supplements\",\"description\":\"Eco Supplements - Gezonde supplementen\",\"publisher\":{\"@id\":\"https:\\\/\\\/ecosupplements.be\\\/fr\\\/#organization\"},\"potentialAction\":[{\"@type\":\"SearchAction\",\"target\":{\"@type\":\"EntryPoint\",\"urlTemplate\":\"https:\\\/\\\/ecosupplements.be\\\/fr\\\/?s={search_term_string}\"},\"query-input\":{\"@type\":\"PropertyValueSpecification\",\"valueRequired\":true,\"valueName\":\"search_term_string\"}}],\"inLanguage\":\"fr-FR\"},{\"@type\":\"Organization\",\"@id\":\"https:\\\/\\\/ecosupplements.be\\\/fr\\\/#organization\",\"name\":\"Eco Supplements\",\"url\":\"https:\\\/\\\/ecosupplements.be\\\/fr\\\/\",\"logo\":{\"@type\":\"ImageObject\",\"inLanguage\":\"fr-FR\",\"@id\":\"https:\\\/\\\/ecosupplements.be\\\/fr\\\/#\\\/schema\\\/logo\\\/image\\\/\",\"url\":\"https:\\\/\\\/ecosupplements.be\\\/wp-content\\\/uploads\\\/2022\\\/06\\\/ecosupplement-family.png\",\"contentUrl\":\"https:\\\/\\\/ecosupplements.be\\\/wp-content\\\/uploads\\\/2022\\\/06\\\/ecosupplement-family.png\",\"width\":593,\"height\":374,\"caption\":\"Eco Supplements\"},\"image\":{\"@id\":\"https:\\\/\\\/ecosupplements.be\\\/fr\\\/#\\\/schema\\\/logo\\\/image\\\/\"}}]}<\/script>\n<meta property=\"product:brand\" content=\"Garden of Life\" \/>\n<meta property=\"product:price:amount\" content=\"74.85\" \/>\n<meta property=\"product:price:currency\" content=\"EUR\" \/>\n<meta property=\"og:availability\" content=\"instock\" \/>\n<meta property=\"product:availability\" content=\"instock\" \/>\n<meta property=\"product:retailer_item_id\" content=\"658010116039\" \/>\n<meta property=\"product:condition\" content=\"new\" \/>\n<!-- \/ Yoast SEO Premium plugin. -->","yoast_head_json":{"title":"Prot\u00e9ine biologique crue, vanille - 620g - ECO Supplements","description":"Wij hebben een ruime keuze aan producten van Prot\u00e9ine biologique crue, vanille - 620g . Winkel bij Eco Supplements altijd gratis verzending boven 100\u20ac","robots":{"index":"index","follow":"follow","max-snippet":"max-snippet:-1","max-image-preview":"max-image-preview:large","max-video-preview":"max-video-preview:-1"},"canonical":"https:\/\/ecosupplements.be\/fr\/produit\/proteine-biologique-crue-vanille-620g\/","og_locale":"fr_FR","og_type":"article","og_title":"Prot\u00e9ine biologique crue, vanille - 620g","og_description":"Wij hebben een ruime keuze aan producten van Prot\u00e9ine biologique crue, vanille - 620g . Winkel bij Eco Supplements altijd gratis verzending boven 100\u20ac","og_url":"https:\/\/ecosupplements.be\/fr\/produit\/proteine-biologique-crue-vanille-620g\/","og_site_name":"ECO Supplements","article_modified_time":"2025-08-27T13:21:30+00:00","og_image":[{"width":640,"height":640,"url":"https:\/\/ecosupplements.be\/wp-content\/uploads\/2025\/08\/Raw-Organic-Protein-Vanilla-620g-1.jpg","type":"image\/jpeg"}],"twitter_card":"summary_large_image","twitter_misc":{"Prix":"74.85&nbsp;&euro;","Disponibilit\u00e9":"En stock"},"schema":{"@context":"https:\/\/schema.org","@graph":[{"@type":["WebPage","ItemPage"],"@id":"https:\/\/ecosupplements.be\/fr\/produit\/proteine-biologique-crue-vanille-620g\/","url":"https:\/\/ecosupplements.be\/fr\/produit\/proteine-biologique-crue-vanille-620g\/","name":"Prot\u00e9ine biologique crue, vanille - 620g - ECO Supplements","isPartOf":{"@id":"https:\/\/ecosupplements.be\/fr\/#website"},"primaryImageOfPage":{"@id":"https:\/\/ecosupplements.be\/fr\/produit\/proteine-biologique-crue-vanille-620g\/#primaryimage"},"image":{"@id":"https:\/\/ecosupplements.be\/fr\/produit\/proteine-biologique-crue-vanille-620g\/#primaryimage"},"thumbnailUrl":"https:\/\/ecosupplements.be\/wp-content\/uploads\/2025\/08\/Raw-Organic-Protein-Vanilla-620g.jpg","datePublished":"2023-01-18T21:28:10+00:00","dateModified":"2025-08-27T13:21:30+00:00","description":"Wij hebben een ruime keuze aan producten van Prot\u00e9ine biologique crue, vanille - 620g . Winkel bij Eco Supplements altijd gratis verzending boven 100\u20ac","breadcrumb":{"@id":"https:\/\/ecosupplements.be\/fr\/produit\/proteine-biologique-crue-vanille-620g\/#breadcrumb"},"inLanguage":"fr-FR","potentialAction":[{"@type":"ReadAction","target":["https:\/\/ecosupplements.be\/fr\/produit\/proteine-biologique-crue-vanille-620g\/"]}]},{"@type":"ImageObject","inLanguage":"fr-FR","@id":"https:\/\/ecosupplements.be\/fr\/produit\/proteine-biologique-crue-vanille-620g\/#primaryimage","url":"https:\/\/ecosupplements.be\/wp-content\/uploads\/2025\/08\/Raw-Organic-Protein-Vanilla-620g.jpg","contentUrl":"https:\/\/ecosupplements.be\/wp-content\/uploads\/2025\/08\/Raw-Organic-Protein-Vanilla-620g.jpg","width":640,"height":640},{"@type":"BreadcrumbList","@id":"https:\/\/ecosupplements.be\/fr\/produit\/proteine-biologique-crue-vanille-620g\/#breadcrumb","itemListElement":[{"@type":"ListItem","position":1,"name":"Home","item":"https:\/\/ecosupplements.be\/fr\/"},{"@type":"ListItem","position":2,"name":"Boutique","item":"https:\/\/ecosupplements.be\/fr\/boutique\/"},{"@type":"ListItem","position":3,"name":"Prot\u00e9ine biologique crue, vanille &#8211; 620g"}]},{"@type":"WebSite","@id":"https:\/\/ecosupplements.be\/fr\/#website","url":"https:\/\/ecosupplements.be\/fr\/","name":"ECO Supplements","description":"Eco Supplements - Gezonde supplementen","publisher":{"@id":"https:\/\/ecosupplements.be\/fr\/#organization"},"potentialAction":[{"@type":"SearchAction","target":{"@type":"EntryPoint","urlTemplate":"https:\/\/ecosupplements.be\/fr\/?s={search_term_string}"},"query-input":{"@type":"PropertyValueSpecification","valueRequired":true,"valueName":"search_term_string"}}],"inLanguage":"fr-FR"},{"@type":"Organization","@id":"https:\/\/ecosupplements.be\/fr\/#organization","name":"Eco Supplements","url":"https:\/\/ecosupplements.be\/fr\/","logo":{"@type":"ImageObject","inLanguage":"fr-FR","@id":"https:\/\/ecosupplements.be\/fr\/#\/schema\/logo\/image\/","url":"https:\/\/ecosupplements.be\/wp-content\/uploads\/2022\/06\/ecosupplement-family.png","contentUrl":"https:\/\/ecosupplements.be\/wp-content\/uploads\/2022\/06\/ecosupplement-family.png","width":593,"height":374,"caption":"Eco Supplements"},"image":{"@id":"https:\/\/ecosupplements.be\/fr\/#\/schema\/logo\/image\/"}}]},"product_brand":"Garden of Life","product_price_amount":"74.85","product_price_currency":"EUR","og_availability":"instock","product_availability":"instock","product_retailer_item_id":"658010116039","product_condition":"new"},"_links":{"self":[{"href":"https:\/\/ecosupplements.be\/fr\/wp-json\/wp\/v2\/product\/287289","targetHints":{"allow":["GET"]}}],"collection":[{"href":"https:\/\/ecosupplements.be\/fr\/wp-json\/wp\/v2\/product"}],"about":[{"href":"https:\/\/ecosupplements.be\/fr\/wp-json\/wp\/v2\/types\/product"}],"replies":[{"embeddable":true,"href":"https:\/\/ecosupplements.be\/fr\/wp-json\/wp\/v2\/comments?post=287289"}],"wp:featuredmedia":[{"embeddable":true,"href":"https:\/\/ecosupplements.be\/fr\/wp-json\/wp\/v2\/media\/262082"}],"wp:attachment":[{"href":"https:\/\/ecosupplements.be\/fr\/wp-json\/wp\/v2\/media?parent=287289"}],"wp:term":[{"taxonomy":"product_brand","embeddable":true,"href":"https:\/\/ecosupplements.be\/fr\/wp-json\/wp\/v2\/product_brand?post=287289"},{"taxonomy":"product_cat","embeddable":true,"href":"https:\/\/ecosupplements.be\/fr\/wp-json\/wp\/v2\/product_cat?post=287289"},{"taxonomy":"product_tag","embeddable":true,"href":"https:\/\/ecosupplements.be\/fr\/wp-json\/wp\/v2\/product_tag?post=287289"}],"curies":[{"name":"wp","href":"https:\/\/api.w.org\/{rel}","templated":true}]}}