{"id":287322,"date":"2022-08-25T13:14:40","date_gmt":"2022-08-25T12:14:40","guid":{"rendered":"https:\/\/ecosupplements.be\/product\/vitamines-code-enfants-multivitamines-a-base-daliments-entiers-a-croquer-pour-enfants-cerise-baies-30-ours-a-croquer\/"},"modified":"2025-08-27T14:22:04","modified_gmt":"2025-08-27T13:22:04","slug":"vitamines-code-enfants-multivitamines-a-base-daliments-entiers-a-croquer-pour-enfants-cerise-baies-30-ours-a-croquer","status":"publish","type":"product","link":"https:\/\/ecosupplements.be\/fr\/produit\/vitamines-code-enfants-multivitamines-a-base-daliments-entiers-a-croquer-pour-enfants-cerise-baies-30-ours-a-croquer\/","title":{"rendered":"Vitamines Code Enfants (Multivitamines \u00e0 base d&#8217;aliments entiers \u00e0 croquer pour enfants), Cerise Baies &#8211; 30 ours \u00e0 croquer"},"content":{"rendered":"<h1>Description du produit:<\/h1>\n<p>Les enfants ont besoin d&#8217;une alimentation \u00e9quilibr\u00e9e pour \u200bgrandir et se d\u00e9velopper en bonne sant\u00e9.\u2062 Cependant, il peut \u00eatre difficile de leur faire manger suffisamment de fruits et l\u00e9gumes pour obtenir tous \u200bles nutriments dont ils ont besoin.\u2062 C&#8217;est pourquoi Garden of Life a cr\u00e9\u00e9 Vitamin Code Kids, un \u200bmultivitamine \u00e0 croquer \u00e0 base d&#8217;aliments entiers pour les enfants.<\/p>\n<p>Chaque \u2062ourson \u00e0 croquer contient un m\u00e9lange de vitamines et de\u200b min\u00e9raux \u200bprovenant de\u2064 fruits et l\u00e9gumes biologiques, tels \u200cque les fraises, les myrtilles et les \u2063\u00e9pinards. Ces\u200d ingr\u00e9dients sont\u2062 soigneusement s\u00e9lectionn\u00e9s pour\u200c fournir \u00e0 votre enfant \u200cune source naturelle de\u2063 nutriments essentiels pour sa \u200ccroissance et \u2063son d\u00e9veloppement.<\/p>\n<p>Les oursons \u00e0 croquer Vitamin Code Kids sont\u2063 \u00e9galement enrichis en \u2062probiotiques et enzymes pour soutenir la sant\u00e9 digestive de votre enfant. Ces \u200cingr\u00e9dients aident \u00e0 maintenir un \u00e9quilibre sain de la flore\u200c intestinale et \u00e0 \u2064favoriser une meilleure absorption\u2064 des nutriments.<\/p>\n<p>En plus de\u200d fournir des \u2064nutriments essentiels, Vitamin \u2064Code Kids est \u00e9galement \u2064formul\u00e9 pour soutenir \u200cla sant\u00e9 immunitaire de votre enfant. Les\u2064 vitamines C et D, ainsi que le\u2063 zinc, aident \u200d\u00e0 renforcer le syst\u00e8me immunitaire et \u00e0 prot\u00e9ger contre les maladies et les infections.<\/p>\n<p>Les \u200doursons \u00e0 \u200dcroquer Vitamin\u2064 Code Kids\u200b ont un d\u00e9licieux go\u00fbt de cerise et de baies, ce\u2063 qui les rend faciles \u00e0 prendre pour les enfants. Ils sont \u00e9galement sans sucre ajout\u00e9\u200b et sans colorants artificiels,\u200b ce qui en\u200d fait un\u2064 choix sain pour votre enfant.<\/p>\n<p>Donnez \u00e0 votre enfant les nutriments dont\u200c il a besoin pour grandir en bonne \u200dsant\u00e9 avec Vitamin Code Kids de Garden of Life. Chaque flacon contient 30 oursons \u00e0 croquer, suffisamment pour un mois d&#8217;utilisation. \u200cFaites\u200b confiance \u00e0 Garden of Life pour fournir des produits \u2063de qualit\u00e9 \u00e0 base d&#8217;aliments entiers pour\u200d toute la famille.<\/p>\n","protected":false},"excerpt":{"rendered":"<p>Description du produit: Les enfants ont besoin d&#8217;une alimentation \u00e9quilibr\u00e9e pour \u200bgrandir et se d\u00e9velopper en bonne sant\u00e9.\u2062 Cependant, il peut \u00eatre difficile de leur faire manger suffisamment de fruits et l\u00e9gumes pour obtenir tous \u200bles nutriments dont ils ont besoin.\u2062 C&#8217;est pourquoi Garden of Life a cr\u00e9\u00e9 Vitamin Code Kids, un \u200bmultivitamine \u00e0 croquer [&#8230;]\n","protected":false},"featured_media":260590,"comment_status":"open","ping_status":"open","template":"","meta":[],"product_brand":[4810],"product_cat":[5116,5052],"product_tag":[],"class_list":{"0":"post-287322","1":"product","2":"type-product","3":"status-publish","4":"has-post-thumbnail","6":"product_brand-garden-of-life-2","7":"product_cat-sante-des-enfants","8":"product_cat-sante-et-bien-etre","10":"first","11":"instock","12":"taxable","13":"shipping-taxable","14":"purchasable","15":"product-type-simple"},"yoast_head":"<!-- This site is optimized with the Yoast SEO Premium plugin v27.5 (Yoast SEO v27.5) - https:\/\/yoast.com\/product\/yoast-seo-premium-wordpress\/ -->\n<title>Vitamines Code Enfants (Multivitamines \u00e0 base d&#039;aliments entiers \u00e0 croquer pour enfants), Cerise Baies - 30 ours \u00e0 croquer - ECO Supplements<\/title>\n<meta name=\"description\" content=\"Wij hebben een ruime keuze aan producten van Vitamines Code Enfants (Multivitamines \u00e0 base d&#039;aliments entiers \u00e0 croquer pour enfants), Cerise Baies - 30 ours \u00e0 croquer . Winkel bij Eco Supplements altijd gratis verzending boven 100\u20ac\" \/>\n<meta name=\"robots\" content=\"index, follow, max-snippet:-1, max-image-preview:large, max-video-preview:-1\" \/>\n<link rel=\"canonical\" href=\"https:\/\/ecosupplements.be\/fr\/produit\/vitamines-code-enfants-multivitamines-a-base-daliments-entiers-a-croquer-pour-enfants-cerise-baies-30-ours-a-croquer\/\" \/>\n<meta property=\"og:locale\" content=\"fr_FR\" \/>\n<meta property=\"og:type\" content=\"article\" \/>\n<meta property=\"og:title\" content=\"Vitamines Code Enfants (Multivitamines \u00e0 base d&#039;aliments entiers \u00e0 croquer pour enfants), Cerise Baies - 30 ours \u00e0 croquer\" \/>\n<meta property=\"og:description\" content=\"Wij hebben een ruime keuze aan producten van Vitamines Code Enfants (Multivitamines \u00e0 base d&#039;aliments entiers \u00e0 croquer pour enfants), Cerise Baies - 30 ours \u00e0 croquer . Winkel bij Eco Supplements altijd gratis verzending boven 100\u20ac\" \/>\n<meta property=\"og:url\" content=\"https:\/\/ecosupplements.be\/fr\/produit\/vitamines-code-enfants-multivitamines-a-base-daliments-entiers-a-croquer-pour-enfants-cerise-baies-30-ours-a-croquer\/\" \/>\n<meta property=\"og:site_name\" content=\"ECO Supplements\" \/>\n<meta property=\"article:modified_time\" content=\"2025-08-27T13:22:04+00:00\" \/>\n<meta property=\"og:image\" content=\"https:\/\/ecosupplements.be\/wp-content\/uploads\/2025\/08\/Vitamin-Code-Kids-Chewable-Whole-Food-Multivitamin-For-Kids-Cherry-Berry-30-chewable-bears-1.jpg\" \/>\n\t<meta property=\"og:image:width\" content=\"600\" \/>\n\t<meta property=\"og:image:height\" content=\"600\" \/>\n\t<meta property=\"og:image:type\" content=\"image\/jpeg\" \/>\n<meta name=\"twitter:card\" content=\"summary_large_image\" \/>\n<meta name=\"twitter:label1\" content=\"Prix\" \/>\n\t<meta name=\"twitter:data1\" content=\"21.42&nbsp;&euro;\" \/>\n\t<meta name=\"twitter:label2\" content=\"Disponibilit\u00e9\" \/>\n\t<meta name=\"twitter:data2\" content=\"En stock\" \/>\n<script type=\"application\/ld+json\" class=\"yoast-schema-graph\">{\"@context\":\"https:\\\/\\\/schema.org\",\"@graph\":[{\"@type\":[\"WebPage\",\"ItemPage\"],\"@id\":\"https:\\\/\\\/ecosupplements.be\\\/fr\\\/produit\\\/vitamines-code-enfants-multivitamines-a-base-daliments-entiers-a-croquer-pour-enfants-cerise-baies-30-ours-a-croquer\\\/\",\"url\":\"https:\\\/\\\/ecosupplements.be\\\/fr\\\/produit\\\/vitamines-code-enfants-multivitamines-a-base-daliments-entiers-a-croquer-pour-enfants-cerise-baies-30-ours-a-croquer\\\/\",\"name\":\"Vitamines Code Enfants (Multivitamines \u00e0 base d'aliments entiers \u00e0 croquer pour enfants), Cerise Baies - 30 ours \u00e0 croquer - ECO Supplements\",\"isPartOf\":{\"@id\":\"https:\\\/\\\/ecosupplements.be\\\/fr\\\/#website\"},\"primaryImageOfPage\":{\"@id\":\"https:\\\/\\\/ecosupplements.be\\\/fr\\\/produit\\\/vitamines-code-enfants-multivitamines-a-base-daliments-entiers-a-croquer-pour-enfants-cerise-baies-30-ours-a-croquer\\\/#primaryimage\"},\"image\":{\"@id\":\"https:\\\/\\\/ecosupplements.be\\\/fr\\\/produit\\\/vitamines-code-enfants-multivitamines-a-base-daliments-entiers-a-croquer-pour-enfants-cerise-baies-30-ours-a-croquer\\\/#primaryimage\"},\"thumbnailUrl\":\"https:\\\/\\\/ecosupplements.be\\\/wp-content\\\/uploads\\\/2025\\\/08\\\/Vitamin-Code-Kids-Chewable-Whole-Food-Multivitamin-For-Kids-Cherry-Berry-30-chewable-bears.jpg\",\"datePublished\":\"2022-08-25T12:14:40+00:00\",\"dateModified\":\"2025-08-27T13:22:04+00:00\",\"description\":\"Wij hebben een ruime keuze aan producten van Vitamines Code Enfants (Multivitamines \u00e0 base d'aliments entiers \u00e0 croquer pour enfants), Cerise Baies - 30 ours \u00e0 croquer . Winkel bij Eco Supplements altijd gratis verzending boven 100\u20ac\",\"breadcrumb\":{\"@id\":\"https:\\\/\\\/ecosupplements.be\\\/fr\\\/produit\\\/vitamines-code-enfants-multivitamines-a-base-daliments-entiers-a-croquer-pour-enfants-cerise-baies-30-ours-a-croquer\\\/#breadcrumb\"},\"inLanguage\":\"fr-FR\",\"potentialAction\":[{\"@type\":\"ReadAction\",\"target\":[\"https:\\\/\\\/ecosupplements.be\\\/fr\\\/produit\\\/vitamines-code-enfants-multivitamines-a-base-daliments-entiers-a-croquer-pour-enfants-cerise-baies-30-ours-a-croquer\\\/\"]}]},{\"@type\":\"ImageObject\",\"inLanguage\":\"fr-FR\",\"@id\":\"https:\\\/\\\/ecosupplements.be\\\/fr\\\/produit\\\/vitamines-code-enfants-multivitamines-a-base-daliments-entiers-a-croquer-pour-enfants-cerise-baies-30-ours-a-croquer\\\/#primaryimage\",\"url\":\"https:\\\/\\\/ecosupplements.be\\\/wp-content\\\/uploads\\\/2025\\\/08\\\/Vitamin-Code-Kids-Chewable-Whole-Food-Multivitamin-For-Kids-Cherry-Berry-30-chewable-bears.jpg\",\"contentUrl\":\"https:\\\/\\\/ecosupplements.be\\\/wp-content\\\/uploads\\\/2025\\\/08\\\/Vitamin-Code-Kids-Chewable-Whole-Food-Multivitamin-For-Kids-Cherry-Berry-30-chewable-bears.jpg\",\"width\":600,\"height\":600},{\"@type\":\"BreadcrumbList\",\"@id\":\"https:\\\/\\\/ecosupplements.be\\\/fr\\\/produit\\\/vitamines-code-enfants-multivitamines-a-base-daliments-entiers-a-croquer-pour-enfants-cerise-baies-30-ours-a-croquer\\\/#breadcrumb\",\"itemListElement\":[{\"@type\":\"ListItem\",\"position\":1,\"name\":\"Home\",\"item\":\"https:\\\/\\\/ecosupplements.be\\\/fr\\\/\"},{\"@type\":\"ListItem\",\"position\":2,\"name\":\"Boutique\",\"item\":\"https:\\\/\\\/ecosupplements.be\\\/fr\\\/boutique\\\/\"},{\"@type\":\"ListItem\",\"position\":3,\"name\":\"Vitamines Code Enfants (Multivitamines \u00e0 base d&#8217;aliments entiers \u00e0 croquer pour enfants), Cerise Baies &#8211; 30 ours \u00e0 croquer\"}]},{\"@type\":\"WebSite\",\"@id\":\"https:\\\/\\\/ecosupplements.be\\\/fr\\\/#website\",\"url\":\"https:\\\/\\\/ecosupplements.be\\\/fr\\\/\",\"name\":\"ECO Supplements\",\"description\":\"Eco Supplements - Gezonde supplementen\",\"publisher\":{\"@id\":\"https:\\\/\\\/ecosupplements.be\\\/fr\\\/#organization\"},\"potentialAction\":[{\"@type\":\"SearchAction\",\"target\":{\"@type\":\"EntryPoint\",\"urlTemplate\":\"https:\\\/\\\/ecosupplements.be\\\/fr\\\/?s={search_term_string}\"},\"query-input\":{\"@type\":\"PropertyValueSpecification\",\"valueRequired\":true,\"valueName\":\"search_term_string\"}}],\"inLanguage\":\"fr-FR\"},{\"@type\":\"Organization\",\"@id\":\"https:\\\/\\\/ecosupplements.be\\\/fr\\\/#organization\",\"name\":\"Eco Supplements\",\"url\":\"https:\\\/\\\/ecosupplements.be\\\/fr\\\/\",\"logo\":{\"@type\":\"ImageObject\",\"inLanguage\":\"fr-FR\",\"@id\":\"https:\\\/\\\/ecosupplements.be\\\/fr\\\/#\\\/schema\\\/logo\\\/image\\\/\",\"url\":\"https:\\\/\\\/ecosupplements.be\\\/wp-content\\\/uploads\\\/2022\\\/06\\\/ecosupplement-family.png\",\"contentUrl\":\"https:\\\/\\\/ecosupplements.be\\\/wp-content\\\/uploads\\\/2022\\\/06\\\/ecosupplement-family.png\",\"width\":593,\"height\":374,\"caption\":\"Eco Supplements\"},\"image\":{\"@id\":\"https:\\\/\\\/ecosupplements.be\\\/fr\\\/#\\\/schema\\\/logo\\\/image\\\/\"}}]}<\/script>\n<meta property=\"product:brand\" content=\"Garden of Life\" \/>\n<meta property=\"product:price:amount\" content=\"21.42\" \/>\n<meta property=\"product:price:currency\" content=\"EUR\" \/>\n<meta property=\"og:availability\" content=\"instock\" \/>\n<meta property=\"product:availability\" content=\"instock\" \/>\n<meta property=\"product:retailer_item_id\" content=\"658010114394\" \/>\n<meta property=\"product:condition\" content=\"new\" \/>\n<!-- \/ Yoast SEO Premium plugin. -->","yoast_head_json":{"title":"Vitamines Code Enfants (Multivitamines \u00e0 base d'aliments entiers \u00e0 croquer pour enfants), Cerise Baies - 30 ours \u00e0 croquer - ECO Supplements","description":"Wij hebben een ruime keuze aan producten van Vitamines Code Enfants (Multivitamines \u00e0 base d'aliments entiers \u00e0 croquer pour enfants), Cerise Baies - 30 ours \u00e0 croquer . Winkel bij Eco Supplements altijd gratis verzending boven 100\u20ac","robots":{"index":"index","follow":"follow","max-snippet":"max-snippet:-1","max-image-preview":"max-image-preview:large","max-video-preview":"max-video-preview:-1"},"canonical":"https:\/\/ecosupplements.be\/fr\/produit\/vitamines-code-enfants-multivitamines-a-base-daliments-entiers-a-croquer-pour-enfants-cerise-baies-30-ours-a-croquer\/","og_locale":"fr_FR","og_type":"article","og_title":"Vitamines Code Enfants (Multivitamines \u00e0 base d'aliments entiers \u00e0 croquer pour enfants), Cerise Baies - 30 ours \u00e0 croquer","og_description":"Wij hebben een ruime keuze aan producten van Vitamines Code Enfants (Multivitamines \u00e0 base d'aliments entiers \u00e0 croquer pour enfants), Cerise Baies - 30 ours \u00e0 croquer . Winkel bij Eco Supplements altijd gratis verzending boven 100\u20ac","og_url":"https:\/\/ecosupplements.be\/fr\/produit\/vitamines-code-enfants-multivitamines-a-base-daliments-entiers-a-croquer-pour-enfants-cerise-baies-30-ours-a-croquer\/","og_site_name":"ECO Supplements","article_modified_time":"2025-08-27T13:22:04+00:00","og_image":[{"width":600,"height":600,"url":"https:\/\/ecosupplements.be\/wp-content\/uploads\/2025\/08\/Vitamin-Code-Kids-Chewable-Whole-Food-Multivitamin-For-Kids-Cherry-Berry-30-chewable-bears-1.jpg","type":"image\/jpeg"}],"twitter_card":"summary_large_image","twitter_misc":{"Prix":"21.42&nbsp;&euro;","Disponibilit\u00e9":"En stock"},"schema":{"@context":"https:\/\/schema.org","@graph":[{"@type":["WebPage","ItemPage"],"@id":"https:\/\/ecosupplements.be\/fr\/produit\/vitamines-code-enfants-multivitamines-a-base-daliments-entiers-a-croquer-pour-enfants-cerise-baies-30-ours-a-croquer\/","url":"https:\/\/ecosupplements.be\/fr\/produit\/vitamines-code-enfants-multivitamines-a-base-daliments-entiers-a-croquer-pour-enfants-cerise-baies-30-ours-a-croquer\/","name":"Vitamines Code Enfants (Multivitamines \u00e0 base d'aliments entiers \u00e0 croquer pour enfants), Cerise Baies - 30 ours \u00e0 croquer - ECO Supplements","isPartOf":{"@id":"https:\/\/ecosupplements.be\/fr\/#website"},"primaryImageOfPage":{"@id":"https:\/\/ecosupplements.be\/fr\/produit\/vitamines-code-enfants-multivitamines-a-base-daliments-entiers-a-croquer-pour-enfants-cerise-baies-30-ours-a-croquer\/#primaryimage"},"image":{"@id":"https:\/\/ecosupplements.be\/fr\/produit\/vitamines-code-enfants-multivitamines-a-base-daliments-entiers-a-croquer-pour-enfants-cerise-baies-30-ours-a-croquer\/#primaryimage"},"thumbnailUrl":"https:\/\/ecosupplements.be\/wp-content\/uploads\/2025\/08\/Vitamin-Code-Kids-Chewable-Whole-Food-Multivitamin-For-Kids-Cherry-Berry-30-chewable-bears.jpg","datePublished":"2022-08-25T12:14:40+00:00","dateModified":"2025-08-27T13:22:04+00:00","description":"Wij hebben een ruime keuze aan producten van Vitamines Code Enfants (Multivitamines \u00e0 base d'aliments entiers \u00e0 croquer pour enfants), Cerise Baies - 30 ours \u00e0 croquer . Winkel bij Eco Supplements altijd gratis verzending boven 100\u20ac","breadcrumb":{"@id":"https:\/\/ecosupplements.be\/fr\/produit\/vitamines-code-enfants-multivitamines-a-base-daliments-entiers-a-croquer-pour-enfants-cerise-baies-30-ours-a-croquer\/#breadcrumb"},"inLanguage":"fr-FR","potentialAction":[{"@type":"ReadAction","target":["https:\/\/ecosupplements.be\/fr\/produit\/vitamines-code-enfants-multivitamines-a-base-daliments-entiers-a-croquer-pour-enfants-cerise-baies-30-ours-a-croquer\/"]}]},{"@type":"ImageObject","inLanguage":"fr-FR","@id":"https:\/\/ecosupplements.be\/fr\/produit\/vitamines-code-enfants-multivitamines-a-base-daliments-entiers-a-croquer-pour-enfants-cerise-baies-30-ours-a-croquer\/#primaryimage","url":"https:\/\/ecosupplements.be\/wp-content\/uploads\/2025\/08\/Vitamin-Code-Kids-Chewable-Whole-Food-Multivitamin-For-Kids-Cherry-Berry-30-chewable-bears.jpg","contentUrl":"https:\/\/ecosupplements.be\/wp-content\/uploads\/2025\/08\/Vitamin-Code-Kids-Chewable-Whole-Food-Multivitamin-For-Kids-Cherry-Berry-30-chewable-bears.jpg","width":600,"height":600},{"@type":"BreadcrumbList","@id":"https:\/\/ecosupplements.be\/fr\/produit\/vitamines-code-enfants-multivitamines-a-base-daliments-entiers-a-croquer-pour-enfants-cerise-baies-30-ours-a-croquer\/#breadcrumb","itemListElement":[{"@type":"ListItem","position":1,"name":"Home","item":"https:\/\/ecosupplements.be\/fr\/"},{"@type":"ListItem","position":2,"name":"Boutique","item":"https:\/\/ecosupplements.be\/fr\/boutique\/"},{"@type":"ListItem","position":3,"name":"Vitamines Code Enfants (Multivitamines \u00e0 base d&#8217;aliments entiers \u00e0 croquer pour enfants), Cerise Baies &#8211; 30 ours \u00e0 croquer"}]},{"@type":"WebSite","@id":"https:\/\/ecosupplements.be\/fr\/#website","url":"https:\/\/ecosupplements.be\/fr\/","name":"ECO Supplements","description":"Eco Supplements - Gezonde supplementen","publisher":{"@id":"https:\/\/ecosupplements.be\/fr\/#organization"},"potentialAction":[{"@type":"SearchAction","target":{"@type":"EntryPoint","urlTemplate":"https:\/\/ecosupplements.be\/fr\/?s={search_term_string}"},"query-input":{"@type":"PropertyValueSpecification","valueRequired":true,"valueName":"search_term_string"}}],"inLanguage":"fr-FR"},{"@type":"Organization","@id":"https:\/\/ecosupplements.be\/fr\/#organization","name":"Eco Supplements","url":"https:\/\/ecosupplements.be\/fr\/","logo":{"@type":"ImageObject","inLanguage":"fr-FR","@id":"https:\/\/ecosupplements.be\/fr\/#\/schema\/logo\/image\/","url":"https:\/\/ecosupplements.be\/wp-content\/uploads\/2022\/06\/ecosupplement-family.png","contentUrl":"https:\/\/ecosupplements.be\/wp-content\/uploads\/2022\/06\/ecosupplement-family.png","width":593,"height":374,"caption":"Eco Supplements"},"image":{"@id":"https:\/\/ecosupplements.be\/fr\/#\/schema\/logo\/image\/"}}]},"product_brand":"Garden of Life","product_price_amount":"21.42","product_price_currency":"EUR","og_availability":"instock","product_availability":"instock","product_retailer_item_id":"658010114394","product_condition":"new"},"_links":{"self":[{"href":"https:\/\/ecosupplements.be\/fr\/wp-json\/wp\/v2\/product\/287322","targetHints":{"allow":["GET"]}}],"collection":[{"href":"https:\/\/ecosupplements.be\/fr\/wp-json\/wp\/v2\/product"}],"about":[{"href":"https:\/\/ecosupplements.be\/fr\/wp-json\/wp\/v2\/types\/product"}],"replies":[{"embeddable":true,"href":"https:\/\/ecosupplements.be\/fr\/wp-json\/wp\/v2\/comments?post=287322"}],"wp:featuredmedia":[{"embeddable":true,"href":"https:\/\/ecosupplements.be\/fr\/wp-json\/wp\/v2\/media\/260590"}],"wp:attachment":[{"href":"https:\/\/ecosupplements.be\/fr\/wp-json\/wp\/v2\/media?parent=287322"}],"wp:term":[{"taxonomy":"product_brand","embeddable":true,"href":"https:\/\/ecosupplements.be\/fr\/wp-json\/wp\/v2\/product_brand?post=287322"},{"taxonomy":"product_cat","embeddable":true,"href":"https:\/\/ecosupplements.be\/fr\/wp-json\/wp\/v2\/product_cat?post=287322"},{"taxonomy":"product_tag","embeddable":true,"href":"https:\/\/ecosupplements.be\/fr\/wp-json\/wp\/v2\/product_tag?post=287322"}],"curies":[{"name":"wp","href":"https:\/\/api.w.org\/{rel}","templated":true}]}}