{"id":287358,"date":"2022-08-25T13:15:39","date_gmt":"2022-08-25T12:15:39","guid":{"rendered":"https:\/\/ecosupplements.be\/product\/vitamine-code-raw-one-pour-hommes-30-gelules-vegetales\/"},"modified":"2025-08-27T14:22:38","modified_gmt":"2025-08-27T13:22:38","slug":"vitamine-code-raw-one-pour-hommes-30-gelules-vegetales","status":"publish","type":"product","link":"https:\/\/ecosupplements.be\/fr\/produit\/vitamine-code-raw-one-pour-hommes-30-gelules-vegetales\/","title":{"rendered":"Vitamine Code Raw One pour Hommes &#8211; 30 g\u00e9lules v\u00e9g\u00e9tales"},"content":{"rendered":"<h1>Description du produit:<\/h1>\n<p>Les hommes ont des besoins\u2062 nutritionnels sp\u00e9cifiques pour maintenir leur sant\u00e9 et\u200b leur bien-\u00eatre. C&#8217;est pourquoi Garden of Life a cr\u00e9\u00e9 Vitamin Code \u200cRaw One for Men, une formule compl\u00e8te de vitamines et de min\u00e9raux sp\u00e9cialement\u2062 con\u00e7ue pour\u2064 r\u00e9pondre aux besoins des hommes.<\/p>\n<p>Chaque capsule \u2063contient des ingr\u00e9dients\u200b de qualit\u00e9 sup\u00e9rieure, soigneusement s\u00e9lectionn\u00e9s pour fournir un\u200b soutien optimal\u2062 \u00e0\u2064 la sant\u00e9 masculine. Les vitamines et les min\u00e9raux sont d\u00e9riv\u00e9s de sources alimentaires\u2062 crues, ce qui les rend plus facilement absorbables par le corps.<\/p>\n<p>Les \u2062ingr\u00e9dients cl\u00e9s de cette formule comprennent des vitamines B complexes\u200d pour soutenir l&#8217;\u00e9nergie et le m\u00e9tabolisme, de la vitamine D pour la sant\u00e9 \u200bdes os\u200b et des dents, \u200bet\u2063 du zinc pour soutenir \u2062la fonction immunitaire et la sant\u00e9 reproductive masculine.<\/p>\n<p>En plus\u200c de ces vitamines et min\u00e9raux essentiels, Vitamin Code Raw One for Men contient \u00e9galement un m\u00e9lange exclusif de probiotiques et d&#8217;enzymes\u2062 pour une digestion et une\u2062 absorption optimales des nutriments.<\/p>\n<p>Cette formule est \u2062\u00e9galement exempte\u2063 de \u2062tout ingr\u00e9dient\u200d artificiel, \u2062de \u200dcharges, de liants ou d&#8217;excipients, ce\u2063 qui en fait un choix s\u00fbr \u200bet naturel pour les hommes soucieux de leur sant\u00e9.<\/p>\n<p>Les avantages uniques\u200c de Vitamin Code Raw One \u2064for Men incluent:<\/p>\n<ul>\n<li>Une formule compl\u00e8te de vitamines et \u2063de min\u00e9raux sp\u00e9cialement con\u00e7ue\u2063 pour r\u00e9pondre aux \u200dbesoins des hommes<\/li>\n<li>Des ingr\u00e9dients d\u00e9riv\u00e9s de sources \u200dalimentaires crues pour\u200b une meilleure absorption<\/li>\n<li>Un m\u00e9lange exclusif de probiotiques et d&#8217;enzymes pour une digestion et une\u200b absorption optimales<\/li>\n<li>Exempt de tout ingr\u00e9dient artificiel, de charges, de liants ou d&#8217;excipients<\/li>\n<\/ul>\n<p>Prenez soin de votre\u2062 sant\u00e9 masculine avec Vitamin Code Raw One for Men de Garden of Life. Chaque bo\u00eete contient\u2063 30 \u2062capsules v\u00e9g\u00e9tales,\u2063 ce \u2063qui en fait un\u200b choix\u2063 pratique pour une utilisation quotidienne. Commandez d\u00e8s maintenant et ressentez la diff\u00e9rence que\u2064 peut faire une formule de qualit\u00e9 sup\u00e9rieure\u2062 pour\u2062 votre sant\u00e9 et votre bien-\u00eatre.<\/p>\n","protected":false},"excerpt":{"rendered":"<p>Description du produit: Les hommes ont des besoins\u2062 nutritionnels sp\u00e9cifiques pour maintenir leur sant\u00e9 et\u200b leur bien-\u00eatre. C&#8217;est pourquoi Garden of Life a cr\u00e9\u00e9 Vitamin Code \u200cRaw One for Men, une formule compl\u00e8te de vitamines et de min\u00e9raux sp\u00e9cialement\u2062 con\u00e7ue pour\u2064 r\u00e9pondre aux besoins des hommes. Chaque capsule \u2063contient des ingr\u00e9dients\u200b de qualit\u00e9 sup\u00e9rieure, soigneusement [&#8230;]\n","protected":false},"featured_media":260638,"comment_status":"open","ping_status":"open","template":"","meta":[],"product_brand":[4810],"product_cat":[5052,5053,5161],"product_tag":[],"class_list":{"0":"post-287358","1":"product","2":"type-product","3":"status-publish","4":"has-post-thumbnail","6":"product_brand-garden-of-life-2","7":"product_cat-sante-et-bien-etre","8":"product_cat-vitamines-et-mineraux","9":"product_cat-vitamines-pour-hommes","11":"first","12":"instock","13":"sale","14":"taxable","15":"shipping-taxable","16":"purchasable","17":"product-type-simple"},"yoast_head":"<!-- This site is optimized with the Yoast SEO Premium plugin v27.3 (Yoast SEO v27.3) - https:\/\/yoast.com\/product\/yoast-seo-premium-wordpress\/ -->\n<title>Vitamine Code Raw One pour Hommes - 30 g\u00e9lules v\u00e9g\u00e9tales - ECO Supplements<\/title>\n<meta name=\"description\" content=\"Wij hebben een ruime keuze aan producten van Vitamine Code Raw One pour Hommes - 30 g\u00e9lules v\u00e9g\u00e9tales . Winkel bij Eco Supplements altijd gratis verzending boven 100\u20ac\" \/>\n<meta name=\"robots\" content=\"index, follow, max-snippet:-1, max-image-preview:large, max-video-preview:-1\" \/>\n<link rel=\"canonical\" href=\"https:\/\/ecosupplements.be\/fr\/produit\/vitamine-code-raw-one-pour-hommes-30-gelules-vegetales\/\" \/>\n<meta property=\"og:locale\" content=\"fr_FR\" \/>\n<meta property=\"og:type\" content=\"article\" \/>\n<meta property=\"og:title\" content=\"Vitamine Code Raw One pour Hommes - 30 g\u00e9lules v\u00e9g\u00e9tales\" \/>\n<meta property=\"og:description\" content=\"Wij hebben een ruime keuze aan producten van Vitamine Code Raw One pour Hommes - 30 g\u00e9lules v\u00e9g\u00e9tales . Winkel bij Eco Supplements altijd gratis verzending boven 100\u20ac\" \/>\n<meta property=\"og:url\" content=\"https:\/\/ecosupplements.be\/fr\/produit\/vitamine-code-raw-one-pour-hommes-30-gelules-vegetales\/\" \/>\n<meta property=\"og:site_name\" content=\"ECO Supplements\" \/>\n<meta property=\"article:modified_time\" content=\"2025-08-27T13:22:38+00:00\" \/>\n<meta property=\"og:image\" content=\"https:\/\/ecosupplements.be\/wp-content\/uploads\/2025\/08\/Vitamin-Code-Raw-One-for-Men-30-vcaps-1.jpg\" \/>\n\t<meta property=\"og:image:width\" content=\"600\" \/>\n\t<meta property=\"og:image:height\" content=\"600\" \/>\n\t<meta property=\"og:image:type\" content=\"image\/jpeg\" \/>\n<meta name=\"twitter:card\" content=\"summary_large_image\" \/>\n<meta name=\"twitter:label1\" content=\"Prix\" \/>\n\t<meta name=\"twitter:data1\" content=\"24.33&nbsp;&euro;\" \/>\n\t<meta name=\"twitter:label2\" content=\"Disponibilit\u00e9\" \/>\n\t<meta name=\"twitter:data2\" content=\"En stock\" \/>\n<script type=\"application\/ld+json\" class=\"yoast-schema-graph\">{\"@context\":\"https:\\\/\\\/schema.org\",\"@graph\":[{\"@type\":[\"WebPage\",\"ItemPage\"],\"@id\":\"https:\\\/\\\/ecosupplements.be\\\/fr\\\/produit\\\/vitamine-code-raw-one-pour-hommes-30-gelules-vegetales\\\/\",\"url\":\"https:\\\/\\\/ecosupplements.be\\\/fr\\\/produit\\\/vitamine-code-raw-one-pour-hommes-30-gelules-vegetales\\\/\",\"name\":\"Vitamine Code Raw One pour Hommes - 30 g\u00e9lules v\u00e9g\u00e9tales - ECO Supplements\",\"isPartOf\":{\"@id\":\"https:\\\/\\\/ecosupplements.be\\\/fr\\\/#website\"},\"primaryImageOfPage\":{\"@id\":\"https:\\\/\\\/ecosupplements.be\\\/fr\\\/produit\\\/vitamine-code-raw-one-pour-hommes-30-gelules-vegetales\\\/#primaryimage\"},\"image\":{\"@id\":\"https:\\\/\\\/ecosupplements.be\\\/fr\\\/produit\\\/vitamine-code-raw-one-pour-hommes-30-gelules-vegetales\\\/#primaryimage\"},\"thumbnailUrl\":\"https:\\\/\\\/ecosupplements.be\\\/wp-content\\\/uploads\\\/2025\\\/08\\\/Vitamin-Code-Raw-One-for-Men-30-vcaps.jpg\",\"datePublished\":\"2022-08-25T12:15:39+00:00\",\"dateModified\":\"2025-08-27T13:22:38+00:00\",\"description\":\"Wij hebben een ruime keuze aan producten van Vitamine Code Raw One pour Hommes - 30 g\u00e9lules v\u00e9g\u00e9tales . Winkel bij Eco Supplements altijd gratis verzending boven 100\u20ac\",\"breadcrumb\":{\"@id\":\"https:\\\/\\\/ecosupplements.be\\\/fr\\\/produit\\\/vitamine-code-raw-one-pour-hommes-30-gelules-vegetales\\\/#breadcrumb\"},\"inLanguage\":\"fr-FR\",\"potentialAction\":[{\"@type\":\"ReadAction\",\"target\":[\"https:\\\/\\\/ecosupplements.be\\\/fr\\\/produit\\\/vitamine-code-raw-one-pour-hommes-30-gelules-vegetales\\\/\"]}]},{\"@type\":\"ImageObject\",\"inLanguage\":\"fr-FR\",\"@id\":\"https:\\\/\\\/ecosupplements.be\\\/fr\\\/produit\\\/vitamine-code-raw-one-pour-hommes-30-gelules-vegetales\\\/#primaryimage\",\"url\":\"https:\\\/\\\/ecosupplements.be\\\/wp-content\\\/uploads\\\/2025\\\/08\\\/Vitamin-Code-Raw-One-for-Men-30-vcaps.jpg\",\"contentUrl\":\"https:\\\/\\\/ecosupplements.be\\\/wp-content\\\/uploads\\\/2025\\\/08\\\/Vitamin-Code-Raw-One-for-Men-30-vcaps.jpg\",\"width\":600,\"height\":600},{\"@type\":\"BreadcrumbList\",\"@id\":\"https:\\\/\\\/ecosupplements.be\\\/fr\\\/produit\\\/vitamine-code-raw-one-pour-hommes-30-gelules-vegetales\\\/#breadcrumb\",\"itemListElement\":[{\"@type\":\"ListItem\",\"position\":1,\"name\":\"Home\",\"item\":\"https:\\\/\\\/ecosupplements.be\\\/fr\\\/\"},{\"@type\":\"ListItem\",\"position\":2,\"name\":\"Boutique\",\"item\":\"https:\\\/\\\/ecosupplements.be\\\/fr\\\/boutique\\\/\"},{\"@type\":\"ListItem\",\"position\":3,\"name\":\"Vitamine Code Raw One pour Hommes &#8211; 30 g\u00e9lules v\u00e9g\u00e9tales\"}]},{\"@type\":\"WebSite\",\"@id\":\"https:\\\/\\\/ecosupplements.be\\\/fr\\\/#website\",\"url\":\"https:\\\/\\\/ecosupplements.be\\\/fr\\\/\",\"name\":\"ECO Supplements\",\"description\":\"Eco Supplements - Gezonde supplementen\",\"publisher\":{\"@id\":\"https:\\\/\\\/ecosupplements.be\\\/fr\\\/#organization\"},\"potentialAction\":[{\"@type\":\"SearchAction\",\"target\":{\"@type\":\"EntryPoint\",\"urlTemplate\":\"https:\\\/\\\/ecosupplements.be\\\/fr\\\/?s={search_term_string}\"},\"query-input\":{\"@type\":\"PropertyValueSpecification\",\"valueRequired\":true,\"valueName\":\"search_term_string\"}}],\"inLanguage\":\"fr-FR\"},{\"@type\":\"Organization\",\"@id\":\"https:\\\/\\\/ecosupplements.be\\\/fr\\\/#organization\",\"name\":\"Eco Supplements\",\"url\":\"https:\\\/\\\/ecosupplements.be\\\/fr\\\/\",\"logo\":{\"@type\":\"ImageObject\",\"inLanguage\":\"fr-FR\",\"@id\":\"https:\\\/\\\/ecosupplements.be\\\/fr\\\/#\\\/schema\\\/logo\\\/image\\\/\",\"url\":\"https:\\\/\\\/ecosupplements.be\\\/wp-content\\\/uploads\\\/2022\\\/06\\\/ecosupplement-family.png\",\"contentUrl\":\"https:\\\/\\\/ecosupplements.be\\\/wp-content\\\/uploads\\\/2022\\\/06\\\/ecosupplement-family.png\",\"width\":593,\"height\":374,\"caption\":\"Eco Supplements\"},\"image\":{\"@id\":\"https:\\\/\\\/ecosupplements.be\\\/fr\\\/#\\\/schema\\\/logo\\\/image\\\/\"}}]}<\/script>\n<meta property=\"product:brand\" content=\"Garden of Life\" \/>\n<meta property=\"product:price:amount\" content=\"24.33\" \/>\n<meta property=\"product:price:currency\" content=\"EUR\" \/>\n<meta property=\"og:availability\" content=\"instock\" \/>\n<meta property=\"product:availability\" content=\"instock\" \/>\n<meta property=\"product:retailer_item_id\" content=\"658010114493\" \/>\n<meta property=\"product:condition\" content=\"new\" \/>\n<!-- \/ Yoast SEO Premium plugin. -->","yoast_head_json":{"title":"Vitamine Code Raw One pour Hommes - 30 g\u00e9lules v\u00e9g\u00e9tales - ECO Supplements","description":"Wij hebben een ruime keuze aan producten van Vitamine Code Raw One pour Hommes - 30 g\u00e9lules v\u00e9g\u00e9tales . Winkel bij Eco Supplements altijd gratis verzending boven 100\u20ac","robots":{"index":"index","follow":"follow","max-snippet":"max-snippet:-1","max-image-preview":"max-image-preview:large","max-video-preview":"max-video-preview:-1"},"canonical":"https:\/\/ecosupplements.be\/fr\/produit\/vitamine-code-raw-one-pour-hommes-30-gelules-vegetales\/","og_locale":"fr_FR","og_type":"article","og_title":"Vitamine Code Raw One pour Hommes - 30 g\u00e9lules v\u00e9g\u00e9tales","og_description":"Wij hebben een ruime keuze aan producten van Vitamine Code Raw One pour Hommes - 30 g\u00e9lules v\u00e9g\u00e9tales . Winkel bij Eco Supplements altijd gratis verzending boven 100\u20ac","og_url":"https:\/\/ecosupplements.be\/fr\/produit\/vitamine-code-raw-one-pour-hommes-30-gelules-vegetales\/","og_site_name":"ECO Supplements","article_modified_time":"2025-08-27T13:22:38+00:00","og_image":[{"width":600,"height":600,"url":"https:\/\/ecosupplements.be\/wp-content\/uploads\/2025\/08\/Vitamin-Code-Raw-One-for-Men-30-vcaps-1.jpg","type":"image\/jpeg"}],"twitter_card":"summary_large_image","twitter_misc":{"Prix":"24.33&nbsp;&euro;","Disponibilit\u00e9":"En stock"},"schema":{"@context":"https:\/\/schema.org","@graph":[{"@type":["WebPage","ItemPage"],"@id":"https:\/\/ecosupplements.be\/fr\/produit\/vitamine-code-raw-one-pour-hommes-30-gelules-vegetales\/","url":"https:\/\/ecosupplements.be\/fr\/produit\/vitamine-code-raw-one-pour-hommes-30-gelules-vegetales\/","name":"Vitamine Code Raw One pour Hommes - 30 g\u00e9lules v\u00e9g\u00e9tales - ECO Supplements","isPartOf":{"@id":"https:\/\/ecosupplements.be\/fr\/#website"},"primaryImageOfPage":{"@id":"https:\/\/ecosupplements.be\/fr\/produit\/vitamine-code-raw-one-pour-hommes-30-gelules-vegetales\/#primaryimage"},"image":{"@id":"https:\/\/ecosupplements.be\/fr\/produit\/vitamine-code-raw-one-pour-hommes-30-gelules-vegetales\/#primaryimage"},"thumbnailUrl":"https:\/\/ecosupplements.be\/wp-content\/uploads\/2025\/08\/Vitamin-Code-Raw-One-for-Men-30-vcaps.jpg","datePublished":"2022-08-25T12:15:39+00:00","dateModified":"2025-08-27T13:22:38+00:00","description":"Wij hebben een ruime keuze aan producten van Vitamine Code Raw One pour Hommes - 30 g\u00e9lules v\u00e9g\u00e9tales . Winkel bij Eco Supplements altijd gratis verzending boven 100\u20ac","breadcrumb":{"@id":"https:\/\/ecosupplements.be\/fr\/produit\/vitamine-code-raw-one-pour-hommes-30-gelules-vegetales\/#breadcrumb"},"inLanguage":"fr-FR","potentialAction":[{"@type":"ReadAction","target":["https:\/\/ecosupplements.be\/fr\/produit\/vitamine-code-raw-one-pour-hommes-30-gelules-vegetales\/"]}]},{"@type":"ImageObject","inLanguage":"fr-FR","@id":"https:\/\/ecosupplements.be\/fr\/produit\/vitamine-code-raw-one-pour-hommes-30-gelules-vegetales\/#primaryimage","url":"https:\/\/ecosupplements.be\/wp-content\/uploads\/2025\/08\/Vitamin-Code-Raw-One-for-Men-30-vcaps.jpg","contentUrl":"https:\/\/ecosupplements.be\/wp-content\/uploads\/2025\/08\/Vitamin-Code-Raw-One-for-Men-30-vcaps.jpg","width":600,"height":600},{"@type":"BreadcrumbList","@id":"https:\/\/ecosupplements.be\/fr\/produit\/vitamine-code-raw-one-pour-hommes-30-gelules-vegetales\/#breadcrumb","itemListElement":[{"@type":"ListItem","position":1,"name":"Home","item":"https:\/\/ecosupplements.be\/fr\/"},{"@type":"ListItem","position":2,"name":"Boutique","item":"https:\/\/ecosupplements.be\/fr\/boutique\/"},{"@type":"ListItem","position":3,"name":"Vitamine Code Raw One pour Hommes &#8211; 30 g\u00e9lules v\u00e9g\u00e9tales"}]},{"@type":"WebSite","@id":"https:\/\/ecosupplements.be\/fr\/#website","url":"https:\/\/ecosupplements.be\/fr\/","name":"ECO Supplements","description":"Eco Supplements - Gezonde supplementen","publisher":{"@id":"https:\/\/ecosupplements.be\/fr\/#organization"},"potentialAction":[{"@type":"SearchAction","target":{"@type":"EntryPoint","urlTemplate":"https:\/\/ecosupplements.be\/fr\/?s={search_term_string}"},"query-input":{"@type":"PropertyValueSpecification","valueRequired":true,"valueName":"search_term_string"}}],"inLanguage":"fr-FR"},{"@type":"Organization","@id":"https:\/\/ecosupplements.be\/fr\/#organization","name":"Eco Supplements","url":"https:\/\/ecosupplements.be\/fr\/","logo":{"@type":"ImageObject","inLanguage":"fr-FR","@id":"https:\/\/ecosupplements.be\/fr\/#\/schema\/logo\/image\/","url":"https:\/\/ecosupplements.be\/wp-content\/uploads\/2022\/06\/ecosupplement-family.png","contentUrl":"https:\/\/ecosupplements.be\/wp-content\/uploads\/2022\/06\/ecosupplement-family.png","width":593,"height":374,"caption":"Eco Supplements"},"image":{"@id":"https:\/\/ecosupplements.be\/fr\/#\/schema\/logo\/image\/"}}]},"product_brand":"Garden of Life","product_price_amount":"24.33","product_price_currency":"EUR","og_availability":"instock","product_availability":"instock","product_retailer_item_id":"658010114493","product_condition":"new"},"_links":{"self":[{"href":"https:\/\/ecosupplements.be\/fr\/wp-json\/wp\/v2\/product\/287358","targetHints":{"allow":["GET"]}}],"collection":[{"href":"https:\/\/ecosupplements.be\/fr\/wp-json\/wp\/v2\/product"}],"about":[{"href":"https:\/\/ecosupplements.be\/fr\/wp-json\/wp\/v2\/types\/product"}],"replies":[{"embeddable":true,"href":"https:\/\/ecosupplements.be\/fr\/wp-json\/wp\/v2\/comments?post=287358"}],"wp:featuredmedia":[{"embeddable":true,"href":"https:\/\/ecosupplements.be\/fr\/wp-json\/wp\/v2\/media\/260638"}],"wp:attachment":[{"href":"https:\/\/ecosupplements.be\/fr\/wp-json\/wp\/v2\/media?parent=287358"}],"wp:term":[{"taxonomy":"product_brand","embeddable":true,"href":"https:\/\/ecosupplements.be\/fr\/wp-json\/wp\/v2\/product_brand?post=287358"},{"taxonomy":"product_cat","embeddable":true,"href":"https:\/\/ecosupplements.be\/fr\/wp-json\/wp\/v2\/product_cat?post=287358"},{"taxonomy":"product_tag","embeddable":true,"href":"https:\/\/ecosupplements.be\/fr\/wp-json\/wp\/v2\/product_tag?post=287358"}],"curies":[{"name":"wp","href":"https:\/\/api.w.org\/{rel}","templated":true}]}}