{"id":287361,"date":"2022-12-03T15:19:09","date_gmt":"2022-12-03T14:19:09","guid":{"rendered":"https:\/\/ecosupplements.be\/product\/vitamine-code-raw-un-pour-hommes-75-gelules-vegetales\/"},"modified":"2025-08-27T14:22:40","modified_gmt":"2025-08-27T13:22:40","slug":"vitamine-code-raw-un-pour-hommes-75-gelules-vegetales","status":"publish","type":"product","link":"https:\/\/ecosupplements.be\/fr\/produit\/vitamine-code-raw-un-pour-hommes-75-gelules-vegetales\/","title":{"rendered":"Vitamine Code RAW UN pour Hommes &#8211; 75 g\u00e9lules v\u00e9g\u00e9tales"},"content":{"rendered":"<h1>Vitamin Code RAW\u2062 ONE for Men &#8211; 75 vcaps<\/h1>\n<p>Garden of Life pr\u00e9sente Vitamin Code \u200dRAW \u200cONE \u2062for Men, une formule \u2063compl\u00e8te de vitamines et de min\u00e9raux sp\u00e9cialement con\u00e7ue pour \u2063r\u00e9pondre aux besoins\u2064 nutritionnels des hommes. Ces capsules v\u00e9g\u00e9tales sont fabriqu\u00e9es \u00e0 partir d&#8217;ingr\u00e9dients crus \u2062et\u200b non transform\u00e9s, pour une absorption\u2062 optimale\u2063 et \u200cune efficacit\u00e9 maximale.<\/p>\n<h2>Caract\u00e9ristiques \u2064sp\u00e9ciales:<\/h2>\n<ul>\n<li>Formule compl\u00e8te de \u200bvitamines et de \u2063min\u00e9raux\u2063 pour les hommes<\/li>\n<li>Fabriqu\u00e9 \u00e0 partir d&#8217;ingr\u00e9dients crus et\u2063 non\u2064 transform\u00e9s<\/li>\n<li>Capsules\u2064 v\u00e9g\u00e9tales pour une absorption optimale<\/li>\n<li>Contient des probiotiques et des enzymes pour une\u2063 digestion \u2064am\u00e9lior\u00e9e<\/li>\n<li>Ne \u2064contient aucun ingr\u00e9dient artificiel,\u200d colorant ou conservateur<\/li>\n<\/ul>\n<h2>Ingr\u00e9dients \u200bcl\u00e9s:<\/h2>\n<p>Cette formule contient une vari\u00e9t\u00e9 \u2062de vitamines et de min\u00e9raux essentiels pour la sant\u00e9 des hommes,\u2064 notamment:<\/p>\n<ul>\n<li>Vitamine\u2063 A pour la sant\u00e9 des \u200dyeux et \u2062du syst\u00e8me immunitaire<\/li>\n<li>Vitamine D pour la sant\u00e9 des\u2064 os\u200b et des \u200cmuscles<\/li>\n<li>Vitamine E pour \u2062la sant\u00e9 cardiovasculaire et \u2063la peau<\/li>\n<li>Vitamine B \u200dpour l&#8217;\u00e9nergie et la sant\u00e9 \u200cdu\u2064 syst\u00e8me nerveux<\/li>\n<li>Vitamine C pour la sant\u00e9 immunitaire et la lutte contre les\u2064 radicaux libres<\/li>\n<li>Zinc pour \u200dla sant\u00e9 de la prostate et la \u2062fonction sexuelle<\/li>\n<li>S\u00e9l\u00e9nium \u200cpour la sant\u00e9 \u2062de la thyro\u00efde et \u200bla lutte contre les \u2063radicaux libres<\/li>\n<\/ul>\n<h2>Avantages uniques:<\/h2>\n<p>En plus \u200bde fournir \u200ddes vitamines et \u2064des min\u00e9raux essentiels, Vitamin\u200c Code RAW ONE for Men contient\u2063 \u00e9galement des \u2063probiotiques \u200cet des enzymes pour une \u2064digestion am\u00e9lior\u00e9e \u2062et une meilleure absorption des nutriments. Cette\u2064 formule\u2064 est \u00e9galement exempte d&#8217;ingr\u00e9dients artificiels, de colorants et de conservateurs, pour une suppl\u00e9mentation naturelle et saine.<\/p>\n<h2>Principales caract\u00e9ristiques:<\/h2>\n<ul>\n<li>Formule compl\u00e8te de\u200d vitamines et de min\u00e9raux pour les \u2064hommes<\/li>\n<li>Fabriqu\u00e9\u200d \u00e0 partir d&#8217;ingr\u00e9dients crus et non transform\u00e9s<\/li>\n<li>Capsules v\u00e9g\u00e9tales pour une \u2062absorption\u200d optimale<\/li>\n<li>Contient des probiotiques et des\u200d enzymes pour une digestion am\u00e9lior\u00e9e<\/li>\n<li>Exempt d&#8217;ingr\u00e9dients artificiels, de \u200dcolorants et de conservateurs<\/li>\n<\/ul>\n<p>Prenez soin de votre sant\u00e9 \u200bavec Vitamin Code\u2063 RAW ONE for Men\u2063 de Garden of \u2064Life. Commandez d\u00e8s maintenant et ressentez la diff\u00e9rence d&#8217;une suppl\u00e9mentation\u2064 naturelle et compl\u00e8te.<\/p>\n","protected":false},"excerpt":{"rendered":"<p>Vitamin Code RAW\u2062 ONE for Men &#8211; 75 vcaps Garden of Life pr\u00e9sente Vitamin Code \u200dRAW \u200cONE \u2062for Men, une formule \u2063compl\u00e8te de vitamines et de min\u00e9raux sp\u00e9cialement con\u00e7ue pour \u2063r\u00e9pondre aux besoins\u2064 nutritionnels des hommes. Ces capsules v\u00e9g\u00e9tales sont fabriqu\u00e9es \u00e0 partir d&#8217;ingr\u00e9dients crus \u2062et\u200b non transform\u00e9s, pour une absorption\u2062 optimale\u2063 et \u200cune efficacit\u00e9 [&#8230;]\n","protected":false},"featured_media":261336,"comment_status":"open","ping_status":"open","template":"","meta":[],"product_brand":[4810],"product_cat":[5052,5053,5161],"product_tag":[],"class_list":{"0":"post-287361","1":"product","2":"type-product","3":"status-publish","4":"has-post-thumbnail","6":"product_brand-garden-of-life-2","7":"product_cat-sante-et-bien-etre","8":"product_cat-vitamines-et-mineraux","9":"product_cat-vitamines-pour-hommes","11":"first","12":"instock","13":"taxable","14":"shipping-taxable","15":"purchasable","16":"product-type-simple"},"yoast_head":"<!-- This site is optimized with the Yoast SEO Premium plugin v27.3 (Yoast SEO v27.3) - https:\/\/yoast.com\/product\/yoast-seo-premium-wordpress\/ -->\n<title>Vitamine Code RAW UN pour Hommes - 75 g\u00e9lules v\u00e9g\u00e9tales - ECO Supplements<\/title>\n<meta name=\"description\" content=\"Wij hebben een ruime keuze aan producten van Vitamine Code RAW UN pour Hommes - 75 g\u00e9lules v\u00e9g\u00e9tales . Winkel bij Eco Supplements altijd gratis verzending boven 100\u20ac\" \/>\n<meta name=\"robots\" content=\"index, follow, max-snippet:-1, max-image-preview:large, max-video-preview:-1\" \/>\n<link rel=\"canonical\" href=\"https:\/\/ecosupplements.be\/fr\/produit\/vitamine-code-raw-un-pour-hommes-75-gelules-vegetales\/\" \/>\n<meta property=\"og:locale\" content=\"fr_FR\" \/>\n<meta property=\"og:type\" content=\"article\" \/>\n<meta property=\"og:title\" content=\"Vitamine Code RAW UN pour Hommes - 75 g\u00e9lules v\u00e9g\u00e9tales\" \/>\n<meta property=\"og:description\" content=\"Wij hebben een ruime keuze aan producten van Vitamine Code RAW UN pour Hommes - 75 g\u00e9lules v\u00e9g\u00e9tales . Winkel bij Eco Supplements altijd gratis verzending boven 100\u20ac\" \/>\n<meta property=\"og:url\" content=\"https:\/\/ecosupplements.be\/fr\/produit\/vitamine-code-raw-un-pour-hommes-75-gelules-vegetales\/\" \/>\n<meta property=\"og:site_name\" content=\"ECO Supplements\" \/>\n<meta property=\"article:modified_time\" content=\"2025-08-27T13:22:40+00:00\" \/>\n<meta property=\"og:image\" content=\"https:\/\/ecosupplements.be\/wp-content\/uploads\/2025\/08\/Vitamin-Code-RAW-ONE-for-Men-75-vcaps-1.jpg\" \/>\n\t<meta property=\"og:image:width\" content=\"485\" \/>\n\t<meta property=\"og:image:height\" content=\"800\" \/>\n\t<meta property=\"og:image:type\" content=\"image\/jpeg\" \/>\n<meta name=\"twitter:card\" content=\"summary_large_image\" \/>\n<meta name=\"twitter:label1\" content=\"Prix\" \/>\n\t<meta name=\"twitter:data1\" content=\"42.12&nbsp;&euro;\" \/>\n\t<meta name=\"twitter:label2\" content=\"Disponibilit\u00e9\" \/>\n\t<meta name=\"twitter:data2\" content=\"En stock\" \/>\n<script type=\"application\/ld+json\" class=\"yoast-schema-graph\">{\"@context\":\"https:\\\/\\\/schema.org\",\"@graph\":[{\"@type\":[\"WebPage\",\"ItemPage\"],\"@id\":\"https:\\\/\\\/ecosupplements.be\\\/fr\\\/produit\\\/vitamine-code-raw-un-pour-hommes-75-gelules-vegetales\\\/\",\"url\":\"https:\\\/\\\/ecosupplements.be\\\/fr\\\/produit\\\/vitamine-code-raw-un-pour-hommes-75-gelules-vegetales\\\/\",\"name\":\"Vitamine Code RAW UN pour Hommes - 75 g\u00e9lules v\u00e9g\u00e9tales - ECO Supplements\",\"isPartOf\":{\"@id\":\"https:\\\/\\\/ecosupplements.be\\\/fr\\\/#website\"},\"primaryImageOfPage\":{\"@id\":\"https:\\\/\\\/ecosupplements.be\\\/fr\\\/produit\\\/vitamine-code-raw-un-pour-hommes-75-gelules-vegetales\\\/#primaryimage\"},\"image\":{\"@id\":\"https:\\\/\\\/ecosupplements.be\\\/fr\\\/produit\\\/vitamine-code-raw-un-pour-hommes-75-gelules-vegetales\\\/#primaryimage\"},\"thumbnailUrl\":\"https:\\\/\\\/ecosupplements.be\\\/wp-content\\\/uploads\\\/2025\\\/08\\\/Vitamin-Code-RAW-ONE-for-Men-75-vcaps.jpg\",\"datePublished\":\"2022-12-03T14:19:09+00:00\",\"dateModified\":\"2025-08-27T13:22:40+00:00\",\"description\":\"Wij hebben een ruime keuze aan producten van Vitamine Code RAW UN pour Hommes - 75 g\u00e9lules v\u00e9g\u00e9tales . Winkel bij Eco Supplements altijd gratis verzending boven 100\u20ac\",\"breadcrumb\":{\"@id\":\"https:\\\/\\\/ecosupplements.be\\\/fr\\\/produit\\\/vitamine-code-raw-un-pour-hommes-75-gelules-vegetales\\\/#breadcrumb\"},\"inLanguage\":\"fr-FR\",\"potentialAction\":[{\"@type\":\"ReadAction\",\"target\":[\"https:\\\/\\\/ecosupplements.be\\\/fr\\\/produit\\\/vitamine-code-raw-un-pour-hommes-75-gelules-vegetales\\\/\"]}]},{\"@type\":\"ImageObject\",\"inLanguage\":\"fr-FR\",\"@id\":\"https:\\\/\\\/ecosupplements.be\\\/fr\\\/produit\\\/vitamine-code-raw-un-pour-hommes-75-gelules-vegetales\\\/#primaryimage\",\"url\":\"https:\\\/\\\/ecosupplements.be\\\/wp-content\\\/uploads\\\/2025\\\/08\\\/Vitamin-Code-RAW-ONE-for-Men-75-vcaps.jpg\",\"contentUrl\":\"https:\\\/\\\/ecosupplements.be\\\/wp-content\\\/uploads\\\/2025\\\/08\\\/Vitamin-Code-RAW-ONE-for-Men-75-vcaps.jpg\",\"width\":485,\"height\":800},{\"@type\":\"BreadcrumbList\",\"@id\":\"https:\\\/\\\/ecosupplements.be\\\/fr\\\/produit\\\/vitamine-code-raw-un-pour-hommes-75-gelules-vegetales\\\/#breadcrumb\",\"itemListElement\":[{\"@type\":\"ListItem\",\"position\":1,\"name\":\"Home\",\"item\":\"https:\\\/\\\/ecosupplements.be\\\/fr\\\/\"},{\"@type\":\"ListItem\",\"position\":2,\"name\":\"Boutique\",\"item\":\"https:\\\/\\\/ecosupplements.be\\\/fr\\\/boutique\\\/\"},{\"@type\":\"ListItem\",\"position\":3,\"name\":\"Vitamine Code RAW UN pour Hommes &#8211; 75 g\u00e9lules v\u00e9g\u00e9tales\"}]},{\"@type\":\"WebSite\",\"@id\":\"https:\\\/\\\/ecosupplements.be\\\/fr\\\/#website\",\"url\":\"https:\\\/\\\/ecosupplements.be\\\/fr\\\/\",\"name\":\"ECO Supplements\",\"description\":\"Eco Supplements - Gezonde supplementen\",\"publisher\":{\"@id\":\"https:\\\/\\\/ecosupplements.be\\\/fr\\\/#organization\"},\"potentialAction\":[{\"@type\":\"SearchAction\",\"target\":{\"@type\":\"EntryPoint\",\"urlTemplate\":\"https:\\\/\\\/ecosupplements.be\\\/fr\\\/?s={search_term_string}\"},\"query-input\":{\"@type\":\"PropertyValueSpecification\",\"valueRequired\":true,\"valueName\":\"search_term_string\"}}],\"inLanguage\":\"fr-FR\"},{\"@type\":\"Organization\",\"@id\":\"https:\\\/\\\/ecosupplements.be\\\/fr\\\/#organization\",\"name\":\"Eco Supplements\",\"url\":\"https:\\\/\\\/ecosupplements.be\\\/fr\\\/\",\"logo\":{\"@type\":\"ImageObject\",\"inLanguage\":\"fr-FR\",\"@id\":\"https:\\\/\\\/ecosupplements.be\\\/fr\\\/#\\\/schema\\\/logo\\\/image\\\/\",\"url\":\"https:\\\/\\\/ecosupplements.be\\\/wp-content\\\/uploads\\\/2022\\\/06\\\/ecosupplement-family.png\",\"contentUrl\":\"https:\\\/\\\/ecosupplements.be\\\/wp-content\\\/uploads\\\/2022\\\/06\\\/ecosupplement-family.png\",\"width\":593,\"height\":374,\"caption\":\"Eco Supplements\"},\"image\":{\"@id\":\"https:\\\/\\\/ecosupplements.be\\\/fr\\\/#\\\/schema\\\/logo\\\/image\\\/\"}}]}<\/script>\n<meta property=\"product:brand\" content=\"Garden of Life\" \/>\n<meta property=\"product:price:amount\" content=\"42.12\" \/>\n<meta property=\"product:price:currency\" content=\"EUR\" \/>\n<meta property=\"og:availability\" content=\"instock\" \/>\n<meta property=\"product:availability\" content=\"instock\" \/>\n<meta property=\"product:retailer_item_id\" content=\"658010114028\" \/>\n<meta property=\"product:condition\" content=\"new\" \/>\n<!-- \/ Yoast SEO Premium plugin. -->","yoast_head_json":{"title":"Vitamine Code RAW UN pour Hommes - 75 g\u00e9lules v\u00e9g\u00e9tales - ECO Supplements","description":"Wij hebben een ruime keuze aan producten van Vitamine Code RAW UN pour Hommes - 75 g\u00e9lules v\u00e9g\u00e9tales . Winkel bij Eco Supplements altijd gratis verzending boven 100\u20ac","robots":{"index":"index","follow":"follow","max-snippet":"max-snippet:-1","max-image-preview":"max-image-preview:large","max-video-preview":"max-video-preview:-1"},"canonical":"https:\/\/ecosupplements.be\/fr\/produit\/vitamine-code-raw-un-pour-hommes-75-gelules-vegetales\/","og_locale":"fr_FR","og_type":"article","og_title":"Vitamine Code RAW UN pour Hommes - 75 g\u00e9lules v\u00e9g\u00e9tales","og_description":"Wij hebben een ruime keuze aan producten van Vitamine Code RAW UN pour Hommes - 75 g\u00e9lules v\u00e9g\u00e9tales . Winkel bij Eco Supplements altijd gratis verzending boven 100\u20ac","og_url":"https:\/\/ecosupplements.be\/fr\/produit\/vitamine-code-raw-un-pour-hommes-75-gelules-vegetales\/","og_site_name":"ECO Supplements","article_modified_time":"2025-08-27T13:22:40+00:00","og_image":[{"width":485,"height":800,"url":"https:\/\/ecosupplements.be\/wp-content\/uploads\/2025\/08\/Vitamin-Code-RAW-ONE-for-Men-75-vcaps-1.jpg","type":"image\/jpeg"}],"twitter_card":"summary_large_image","twitter_misc":{"Prix":"42.12&nbsp;&euro;","Disponibilit\u00e9":"En stock"},"schema":{"@context":"https:\/\/schema.org","@graph":[{"@type":["WebPage","ItemPage"],"@id":"https:\/\/ecosupplements.be\/fr\/produit\/vitamine-code-raw-un-pour-hommes-75-gelules-vegetales\/","url":"https:\/\/ecosupplements.be\/fr\/produit\/vitamine-code-raw-un-pour-hommes-75-gelules-vegetales\/","name":"Vitamine Code RAW UN pour Hommes - 75 g\u00e9lules v\u00e9g\u00e9tales - ECO Supplements","isPartOf":{"@id":"https:\/\/ecosupplements.be\/fr\/#website"},"primaryImageOfPage":{"@id":"https:\/\/ecosupplements.be\/fr\/produit\/vitamine-code-raw-un-pour-hommes-75-gelules-vegetales\/#primaryimage"},"image":{"@id":"https:\/\/ecosupplements.be\/fr\/produit\/vitamine-code-raw-un-pour-hommes-75-gelules-vegetales\/#primaryimage"},"thumbnailUrl":"https:\/\/ecosupplements.be\/wp-content\/uploads\/2025\/08\/Vitamin-Code-RAW-ONE-for-Men-75-vcaps.jpg","datePublished":"2022-12-03T14:19:09+00:00","dateModified":"2025-08-27T13:22:40+00:00","description":"Wij hebben een ruime keuze aan producten van Vitamine Code RAW UN pour Hommes - 75 g\u00e9lules v\u00e9g\u00e9tales . Winkel bij Eco Supplements altijd gratis verzending boven 100\u20ac","breadcrumb":{"@id":"https:\/\/ecosupplements.be\/fr\/produit\/vitamine-code-raw-un-pour-hommes-75-gelules-vegetales\/#breadcrumb"},"inLanguage":"fr-FR","potentialAction":[{"@type":"ReadAction","target":["https:\/\/ecosupplements.be\/fr\/produit\/vitamine-code-raw-un-pour-hommes-75-gelules-vegetales\/"]}]},{"@type":"ImageObject","inLanguage":"fr-FR","@id":"https:\/\/ecosupplements.be\/fr\/produit\/vitamine-code-raw-un-pour-hommes-75-gelules-vegetales\/#primaryimage","url":"https:\/\/ecosupplements.be\/wp-content\/uploads\/2025\/08\/Vitamin-Code-RAW-ONE-for-Men-75-vcaps.jpg","contentUrl":"https:\/\/ecosupplements.be\/wp-content\/uploads\/2025\/08\/Vitamin-Code-RAW-ONE-for-Men-75-vcaps.jpg","width":485,"height":800},{"@type":"BreadcrumbList","@id":"https:\/\/ecosupplements.be\/fr\/produit\/vitamine-code-raw-un-pour-hommes-75-gelules-vegetales\/#breadcrumb","itemListElement":[{"@type":"ListItem","position":1,"name":"Home","item":"https:\/\/ecosupplements.be\/fr\/"},{"@type":"ListItem","position":2,"name":"Boutique","item":"https:\/\/ecosupplements.be\/fr\/boutique\/"},{"@type":"ListItem","position":3,"name":"Vitamine Code RAW UN pour Hommes &#8211; 75 g\u00e9lules v\u00e9g\u00e9tales"}]},{"@type":"WebSite","@id":"https:\/\/ecosupplements.be\/fr\/#website","url":"https:\/\/ecosupplements.be\/fr\/","name":"ECO Supplements","description":"Eco Supplements - Gezonde supplementen","publisher":{"@id":"https:\/\/ecosupplements.be\/fr\/#organization"},"potentialAction":[{"@type":"SearchAction","target":{"@type":"EntryPoint","urlTemplate":"https:\/\/ecosupplements.be\/fr\/?s={search_term_string}"},"query-input":{"@type":"PropertyValueSpecification","valueRequired":true,"valueName":"search_term_string"}}],"inLanguage":"fr-FR"},{"@type":"Organization","@id":"https:\/\/ecosupplements.be\/fr\/#organization","name":"Eco Supplements","url":"https:\/\/ecosupplements.be\/fr\/","logo":{"@type":"ImageObject","inLanguage":"fr-FR","@id":"https:\/\/ecosupplements.be\/fr\/#\/schema\/logo\/image\/","url":"https:\/\/ecosupplements.be\/wp-content\/uploads\/2022\/06\/ecosupplement-family.png","contentUrl":"https:\/\/ecosupplements.be\/wp-content\/uploads\/2022\/06\/ecosupplement-family.png","width":593,"height":374,"caption":"Eco Supplements"},"image":{"@id":"https:\/\/ecosupplements.be\/fr\/#\/schema\/logo\/image\/"}}]},"product_brand":"Garden of Life","product_price_amount":"42.12","product_price_currency":"EUR","og_availability":"instock","product_availability":"instock","product_retailer_item_id":"658010114028","product_condition":"new"},"_links":{"self":[{"href":"https:\/\/ecosupplements.be\/fr\/wp-json\/wp\/v2\/product\/287361","targetHints":{"allow":["GET"]}}],"collection":[{"href":"https:\/\/ecosupplements.be\/fr\/wp-json\/wp\/v2\/product"}],"about":[{"href":"https:\/\/ecosupplements.be\/fr\/wp-json\/wp\/v2\/types\/product"}],"replies":[{"embeddable":true,"href":"https:\/\/ecosupplements.be\/fr\/wp-json\/wp\/v2\/comments?post=287361"}],"wp:featuredmedia":[{"embeddable":true,"href":"https:\/\/ecosupplements.be\/fr\/wp-json\/wp\/v2\/media\/261336"}],"wp:attachment":[{"href":"https:\/\/ecosupplements.be\/fr\/wp-json\/wp\/v2\/media?parent=287361"}],"wp:term":[{"taxonomy":"product_brand","embeddable":true,"href":"https:\/\/ecosupplements.be\/fr\/wp-json\/wp\/v2\/product_brand?post=287361"},{"taxonomy":"product_cat","embeddable":true,"href":"https:\/\/ecosupplements.be\/fr\/wp-json\/wp\/v2\/product_cat?post=287361"},{"taxonomy":"product_tag","embeddable":true,"href":"https:\/\/ecosupplements.be\/fr\/wp-json\/wp\/v2\/product_tag?post=287361"}],"curies":[{"name":"wp","href":"https:\/\/api.w.org\/{rel}","templated":true}]}}