{"id":287367,"date":"2022-12-03T15:19:09","date_gmt":"2022-12-03T14:19:09","guid":{"rendered":"https:\/\/ecosupplements.be\/product\/vitamine-code-raw-un-pour-femmes-75-gelules-vegetales\/"},"modified":"2025-08-27T14:22:46","modified_gmt":"2025-08-27T13:22:46","slug":"vitamine-code-raw-un-pour-femmes-75-gelules-vegetales","status":"publish","type":"product","link":"https:\/\/ecosupplements.be\/fr\/produit\/vitamine-code-raw-un-pour-femmes-75-gelules-vegetales\/","title":{"rendered":"Vitamine Code RAW UN pour Femmes &#8211; 75 g\u00e9lules v\u00e9g\u00e9tales"},"content":{"rendered":"<h1>Vitamin Code RAW ONE \u200bfor Women &#8211; 75 vcaps<\/h1>\n<p>Garden of Life \u2062pr\u00e9sente Vitamin\u200c Code RAW\u2064 ONE for Women, une formule compl\u00e8te \u200dde vitamines et de min\u00e9raux\u200c sp\u00e9cialement con\u00e7ue pour r\u00e9pondre aux besoins nutritionnels\u200b des femmes. Ces capsules v\u00e9g\u00e9tales sont \u200bfabriqu\u00e9es \u00e0 partir d&#8217;ingr\u00e9dients crus \u2064et non transform\u00e9s, pour une absorption optimale des nutriments.<\/p>\n<h2>Caract\u00e9ristiques sp\u00e9ciales:<\/h2>\n<ul>\n<li>Formule compl\u00e8te de vitamines et de min\u00e9raux pour les\u200b femmes<\/li>\n<li>Capsules\u2063 v\u00e9g\u00e9tales \u00e0 base d&#8217;ingr\u00e9dients crus et non transform\u00e9s<\/li>\n<li>Absorption optimale des nutriments<\/li>\n<li>Contient\u2063 des probiotiques et des enzymes pour une digestion saine<\/li>\n<li>Formule sans gluten, sans\u200d produits laitiers et sans OGM<\/li>\n<\/ul>\n<h2>Ingr\u00e9dients cl\u00e9s:<\/h2>\n<p>Cette formule contient une vari\u00e9t\u00e9 de vitamines et de min\u00e9raux essentiels pour la sant\u00e9 des\u2063 femmes, notamment:<\/p>\n<ul>\n<li>Vitamine A \u200cpour la sant\u00e9 \u200ddes yeux \u2063et de la peau<\/li>\n<li>Vitamine D pour \u200dla sant\u00e9 des \u2064os et des dents<\/li>\n<li>Vitamine C pour le\u200b syst\u00e8me immunitaire<\/li>\n<li>Vitamine E pour\u2064 la sant\u00e9 cardiovasculaire<\/li>\n<li>Calcium pour \u200cla sant\u00e9 des os<\/li>\n<li>Magn\u00e9sium pour la sant\u00e9 musculaire\u2062 et \u200cnerveuse<\/li>\n<li>Zinc pour la sant\u00e9 de la peau et des ongles<\/li>\n<li>Acide\u200b folique\u2064 pour la sant\u00e9 reproductive<\/li>\n<\/ul>\n<h2>Avantages uniques:<\/h2>\n<p>En plus \u2064de fournir des vitamines et des min\u00e9raux essentiels, Vitamin Code\u200d RAW ONE for Women contient \u00e9galement des \u200bprobiotiques et des enzymes\u200c pour\u2064 une digestion\u2064 saine. Ces ingr\u00e9dients aident\u2062 \u00e0 maintenir un \u00e9quilibre sain de la flore intestinale et \u200c\u00e0 faciliter l&#8217;absorption des nutriments.<\/p>\n<h2>Principales caract\u00e9ristiques:<\/h2>\n<ul>\n<li>75 capsules v\u00e9g\u00e9tales par bouteille<\/li>\n<li>Dose quotidienne recommand\u00e9e d&#8217;une capsule par jour<\/li>\n<li>Formule compl\u00e8te pour r\u00e9pondre aux besoins nutritionnels des femmes<\/li>\n<li>Facile \u00e0 dig\u00e9rer et \u2064\u00e0 absorber<\/li>\n<li>Formule sans gluten, sans \u200cproduits laitiers et sans OGM<\/li>\n<\/ul>\n<p>Prenez soin \u2062de votre sant\u00e9 avec \u2062Vitamin Code RAW ONE for Women de Garden of Life. Avec sa formule compl\u00e8te de vitamines et de min\u00e9raux, ses \u2064ingr\u00e9dients crus et ses probiotiques, cette formule \u2063est con\u00e7ue pour r\u00e9pondre\u200c aux besoins nutritionnels sp\u00e9cifiques \u200ddes femmes. Commandez d\u00e8s maintenant \u200bet ressentez la diff\u00e9rence que peut faire une nutrition de qualit\u00e9 pour\u2064 votre corps.<\/p>\n","protected":false},"excerpt":{"rendered":"<p>Vitamin Code RAW ONE \u200bfor Women &#8211; 75 vcaps Garden of Life \u2062pr\u00e9sente Vitamin\u200c Code RAW\u2064 ONE for Women, une formule compl\u00e8te \u200dde vitamines et de min\u00e9raux\u200c sp\u00e9cialement con\u00e7ue pour r\u00e9pondre aux besoins nutritionnels\u200b des femmes. Ces capsules v\u00e9g\u00e9tales sont \u200bfabriqu\u00e9es \u00e0 partir d&#8217;ingr\u00e9dients crus \u2064et non transform\u00e9s, pour une absorption optimale des nutriments. Caract\u00e9ristiques [&#8230;]\n","protected":false},"featured_media":261342,"comment_status":"open","ping_status":"open","template":"","meta":[],"product_brand":[4810],"product_cat":[5052,5053,5175],"product_tag":[],"class_list":{"0":"post-287367","1":"product","2":"type-product","3":"status-publish","4":"has-post-thumbnail","6":"product_brand-garden-of-life-2","7":"product_cat-sante-et-bien-etre","8":"product_cat-vitamines-et-mineraux","9":"product_cat-vitamines-pour-femmes","11":"first","12":"instock","13":"taxable","14":"shipping-taxable","15":"purchasable","16":"product-type-simple"},"yoast_head":"<!-- This site is optimized with the Yoast SEO Premium plugin v27.3 (Yoast SEO v27.3) - https:\/\/yoast.com\/product\/yoast-seo-premium-wordpress\/ -->\n<title>Vitamine Code RAW UN pour Femmes - 75 g\u00e9lules v\u00e9g\u00e9tales - ECO Supplements<\/title>\n<meta name=\"description\" content=\"Wij hebben een ruime keuze aan producten van Vitamine Code RAW UN pour Femmes - 75 g\u00e9lules v\u00e9g\u00e9tales . Winkel bij Eco Supplements altijd gratis verzending boven 100\u20ac\" \/>\n<meta name=\"robots\" content=\"index, follow, max-snippet:-1, max-image-preview:large, max-video-preview:-1\" \/>\n<link rel=\"canonical\" href=\"https:\/\/ecosupplements.be\/fr\/produit\/vitamine-code-raw-un-pour-femmes-75-gelules-vegetales\/\" \/>\n<meta property=\"og:locale\" content=\"fr_FR\" \/>\n<meta property=\"og:type\" content=\"article\" \/>\n<meta property=\"og:title\" content=\"Vitamine Code RAW UN pour Femmes - 75 g\u00e9lules v\u00e9g\u00e9tales\" \/>\n<meta property=\"og:description\" content=\"Wij hebben een ruime keuze aan producten van Vitamine Code RAW UN pour Femmes - 75 g\u00e9lules v\u00e9g\u00e9tales . Winkel bij Eco Supplements altijd gratis verzending boven 100\u20ac\" \/>\n<meta property=\"og:url\" content=\"https:\/\/ecosupplements.be\/fr\/produit\/vitamine-code-raw-un-pour-femmes-75-gelules-vegetales\/\" \/>\n<meta property=\"og:site_name\" content=\"ECO Supplements\" \/>\n<meta property=\"article:modified_time\" content=\"2025-08-27T13:22:46+00:00\" \/>\n<meta property=\"og:image\" content=\"https:\/\/ecosupplements.be\/wp-content\/uploads\/2025\/08\/Vitamin-Code-RAW-ONE-for-Women-75-vcaps-1.jpg\" \/>\n\t<meta property=\"og:image:width\" content=\"600\" \/>\n\t<meta property=\"og:image:height\" content=\"600\" \/>\n\t<meta property=\"og:image:type\" content=\"image\/jpeg\" \/>\n<meta name=\"twitter:card\" content=\"summary_large_image\" \/>\n<meta name=\"twitter:label1\" content=\"Prix\" \/>\n\t<meta name=\"twitter:data1\" content=\"42.29&nbsp;&euro;\" \/>\n\t<meta name=\"twitter:label2\" content=\"Disponibilit\u00e9\" \/>\n\t<meta name=\"twitter:data2\" content=\"En stock\" \/>\n<script type=\"application\/ld+json\" class=\"yoast-schema-graph\">{\"@context\":\"https:\\\/\\\/schema.org\",\"@graph\":[{\"@type\":[\"WebPage\",\"ItemPage\"],\"@id\":\"https:\\\/\\\/ecosupplements.be\\\/fr\\\/produit\\\/vitamine-code-raw-un-pour-femmes-75-gelules-vegetales\\\/\",\"url\":\"https:\\\/\\\/ecosupplements.be\\\/fr\\\/produit\\\/vitamine-code-raw-un-pour-femmes-75-gelules-vegetales\\\/\",\"name\":\"Vitamine Code RAW UN pour Femmes - 75 g\u00e9lules v\u00e9g\u00e9tales - ECO Supplements\",\"isPartOf\":{\"@id\":\"https:\\\/\\\/ecosupplements.be\\\/fr\\\/#website\"},\"primaryImageOfPage\":{\"@id\":\"https:\\\/\\\/ecosupplements.be\\\/fr\\\/produit\\\/vitamine-code-raw-un-pour-femmes-75-gelules-vegetales\\\/#primaryimage\"},\"image\":{\"@id\":\"https:\\\/\\\/ecosupplements.be\\\/fr\\\/produit\\\/vitamine-code-raw-un-pour-femmes-75-gelules-vegetales\\\/#primaryimage\"},\"thumbnailUrl\":\"https:\\\/\\\/ecosupplements.be\\\/wp-content\\\/uploads\\\/2025\\\/08\\\/Vitamin-Code-RAW-ONE-for-Women-75-vcaps.jpg\",\"datePublished\":\"2022-12-03T14:19:09+00:00\",\"dateModified\":\"2025-08-27T13:22:46+00:00\",\"description\":\"Wij hebben een ruime keuze aan producten van Vitamine Code RAW UN pour Femmes - 75 g\u00e9lules v\u00e9g\u00e9tales . Winkel bij Eco Supplements altijd gratis verzending boven 100\u20ac\",\"breadcrumb\":{\"@id\":\"https:\\\/\\\/ecosupplements.be\\\/fr\\\/produit\\\/vitamine-code-raw-un-pour-femmes-75-gelules-vegetales\\\/#breadcrumb\"},\"inLanguage\":\"fr-FR\",\"potentialAction\":[{\"@type\":\"ReadAction\",\"target\":[\"https:\\\/\\\/ecosupplements.be\\\/fr\\\/produit\\\/vitamine-code-raw-un-pour-femmes-75-gelules-vegetales\\\/\"]}]},{\"@type\":\"ImageObject\",\"inLanguage\":\"fr-FR\",\"@id\":\"https:\\\/\\\/ecosupplements.be\\\/fr\\\/produit\\\/vitamine-code-raw-un-pour-femmes-75-gelules-vegetales\\\/#primaryimage\",\"url\":\"https:\\\/\\\/ecosupplements.be\\\/wp-content\\\/uploads\\\/2025\\\/08\\\/Vitamin-Code-RAW-ONE-for-Women-75-vcaps.jpg\",\"contentUrl\":\"https:\\\/\\\/ecosupplements.be\\\/wp-content\\\/uploads\\\/2025\\\/08\\\/Vitamin-Code-RAW-ONE-for-Women-75-vcaps.jpg\",\"width\":600,\"height\":600},{\"@type\":\"BreadcrumbList\",\"@id\":\"https:\\\/\\\/ecosupplements.be\\\/fr\\\/produit\\\/vitamine-code-raw-un-pour-femmes-75-gelules-vegetales\\\/#breadcrumb\",\"itemListElement\":[{\"@type\":\"ListItem\",\"position\":1,\"name\":\"Home\",\"item\":\"https:\\\/\\\/ecosupplements.be\\\/fr\\\/\"},{\"@type\":\"ListItem\",\"position\":2,\"name\":\"Boutique\",\"item\":\"https:\\\/\\\/ecosupplements.be\\\/fr\\\/boutique\\\/\"},{\"@type\":\"ListItem\",\"position\":3,\"name\":\"Vitamine Code RAW UN pour Femmes &#8211; 75 g\u00e9lules v\u00e9g\u00e9tales\"}]},{\"@type\":\"WebSite\",\"@id\":\"https:\\\/\\\/ecosupplements.be\\\/fr\\\/#website\",\"url\":\"https:\\\/\\\/ecosupplements.be\\\/fr\\\/\",\"name\":\"ECO Supplements\",\"description\":\"Eco Supplements - Gezonde supplementen\",\"publisher\":{\"@id\":\"https:\\\/\\\/ecosupplements.be\\\/fr\\\/#organization\"},\"potentialAction\":[{\"@type\":\"SearchAction\",\"target\":{\"@type\":\"EntryPoint\",\"urlTemplate\":\"https:\\\/\\\/ecosupplements.be\\\/fr\\\/?s={search_term_string}\"},\"query-input\":{\"@type\":\"PropertyValueSpecification\",\"valueRequired\":true,\"valueName\":\"search_term_string\"}}],\"inLanguage\":\"fr-FR\"},{\"@type\":\"Organization\",\"@id\":\"https:\\\/\\\/ecosupplements.be\\\/fr\\\/#organization\",\"name\":\"Eco Supplements\",\"url\":\"https:\\\/\\\/ecosupplements.be\\\/fr\\\/\",\"logo\":{\"@type\":\"ImageObject\",\"inLanguage\":\"fr-FR\",\"@id\":\"https:\\\/\\\/ecosupplements.be\\\/fr\\\/#\\\/schema\\\/logo\\\/image\\\/\",\"url\":\"https:\\\/\\\/ecosupplements.be\\\/wp-content\\\/uploads\\\/2022\\\/06\\\/ecosupplement-family.png\",\"contentUrl\":\"https:\\\/\\\/ecosupplements.be\\\/wp-content\\\/uploads\\\/2022\\\/06\\\/ecosupplement-family.png\",\"width\":593,\"height\":374,\"caption\":\"Eco Supplements\"},\"image\":{\"@id\":\"https:\\\/\\\/ecosupplements.be\\\/fr\\\/#\\\/schema\\\/logo\\\/image\\\/\"}}]}<\/script>\n<meta property=\"product:brand\" content=\"Garden of Life\" \/>\n<meta property=\"product:price:amount\" content=\"42.29\" \/>\n<meta property=\"product:price:currency\" content=\"EUR\" \/>\n<meta property=\"og:availability\" content=\"instock\" \/>\n<meta property=\"product:availability\" content=\"instock\" \/>\n<meta property=\"product:retailer_item_id\" content=\"658010114035\" \/>\n<meta property=\"product:condition\" content=\"new\" \/>\n<!-- \/ Yoast SEO Premium plugin. -->","yoast_head_json":{"title":"Vitamine Code RAW UN pour Femmes - 75 g\u00e9lules v\u00e9g\u00e9tales - ECO Supplements","description":"Wij hebben een ruime keuze aan producten van Vitamine Code RAW UN pour Femmes - 75 g\u00e9lules v\u00e9g\u00e9tales . Winkel bij Eco Supplements altijd gratis verzending boven 100\u20ac","robots":{"index":"index","follow":"follow","max-snippet":"max-snippet:-1","max-image-preview":"max-image-preview:large","max-video-preview":"max-video-preview:-1"},"canonical":"https:\/\/ecosupplements.be\/fr\/produit\/vitamine-code-raw-un-pour-femmes-75-gelules-vegetales\/","og_locale":"fr_FR","og_type":"article","og_title":"Vitamine Code RAW UN pour Femmes - 75 g\u00e9lules v\u00e9g\u00e9tales","og_description":"Wij hebben een ruime keuze aan producten van Vitamine Code RAW UN pour Femmes - 75 g\u00e9lules v\u00e9g\u00e9tales . Winkel bij Eco Supplements altijd gratis verzending boven 100\u20ac","og_url":"https:\/\/ecosupplements.be\/fr\/produit\/vitamine-code-raw-un-pour-femmes-75-gelules-vegetales\/","og_site_name":"ECO Supplements","article_modified_time":"2025-08-27T13:22:46+00:00","og_image":[{"width":600,"height":600,"url":"https:\/\/ecosupplements.be\/wp-content\/uploads\/2025\/08\/Vitamin-Code-RAW-ONE-for-Women-75-vcaps-1.jpg","type":"image\/jpeg"}],"twitter_card":"summary_large_image","twitter_misc":{"Prix":"42.29&nbsp;&euro;","Disponibilit\u00e9":"En stock"},"schema":{"@context":"https:\/\/schema.org","@graph":[{"@type":["WebPage","ItemPage"],"@id":"https:\/\/ecosupplements.be\/fr\/produit\/vitamine-code-raw-un-pour-femmes-75-gelules-vegetales\/","url":"https:\/\/ecosupplements.be\/fr\/produit\/vitamine-code-raw-un-pour-femmes-75-gelules-vegetales\/","name":"Vitamine Code RAW UN pour Femmes - 75 g\u00e9lules v\u00e9g\u00e9tales - ECO Supplements","isPartOf":{"@id":"https:\/\/ecosupplements.be\/fr\/#website"},"primaryImageOfPage":{"@id":"https:\/\/ecosupplements.be\/fr\/produit\/vitamine-code-raw-un-pour-femmes-75-gelules-vegetales\/#primaryimage"},"image":{"@id":"https:\/\/ecosupplements.be\/fr\/produit\/vitamine-code-raw-un-pour-femmes-75-gelules-vegetales\/#primaryimage"},"thumbnailUrl":"https:\/\/ecosupplements.be\/wp-content\/uploads\/2025\/08\/Vitamin-Code-RAW-ONE-for-Women-75-vcaps.jpg","datePublished":"2022-12-03T14:19:09+00:00","dateModified":"2025-08-27T13:22:46+00:00","description":"Wij hebben een ruime keuze aan producten van Vitamine Code RAW UN pour Femmes - 75 g\u00e9lules v\u00e9g\u00e9tales . Winkel bij Eco Supplements altijd gratis verzending boven 100\u20ac","breadcrumb":{"@id":"https:\/\/ecosupplements.be\/fr\/produit\/vitamine-code-raw-un-pour-femmes-75-gelules-vegetales\/#breadcrumb"},"inLanguage":"fr-FR","potentialAction":[{"@type":"ReadAction","target":["https:\/\/ecosupplements.be\/fr\/produit\/vitamine-code-raw-un-pour-femmes-75-gelules-vegetales\/"]}]},{"@type":"ImageObject","inLanguage":"fr-FR","@id":"https:\/\/ecosupplements.be\/fr\/produit\/vitamine-code-raw-un-pour-femmes-75-gelules-vegetales\/#primaryimage","url":"https:\/\/ecosupplements.be\/wp-content\/uploads\/2025\/08\/Vitamin-Code-RAW-ONE-for-Women-75-vcaps.jpg","contentUrl":"https:\/\/ecosupplements.be\/wp-content\/uploads\/2025\/08\/Vitamin-Code-RAW-ONE-for-Women-75-vcaps.jpg","width":600,"height":600},{"@type":"BreadcrumbList","@id":"https:\/\/ecosupplements.be\/fr\/produit\/vitamine-code-raw-un-pour-femmes-75-gelules-vegetales\/#breadcrumb","itemListElement":[{"@type":"ListItem","position":1,"name":"Home","item":"https:\/\/ecosupplements.be\/fr\/"},{"@type":"ListItem","position":2,"name":"Boutique","item":"https:\/\/ecosupplements.be\/fr\/boutique\/"},{"@type":"ListItem","position":3,"name":"Vitamine Code RAW UN pour Femmes &#8211; 75 g\u00e9lules v\u00e9g\u00e9tales"}]},{"@type":"WebSite","@id":"https:\/\/ecosupplements.be\/fr\/#website","url":"https:\/\/ecosupplements.be\/fr\/","name":"ECO Supplements","description":"Eco Supplements - Gezonde supplementen","publisher":{"@id":"https:\/\/ecosupplements.be\/fr\/#organization"},"potentialAction":[{"@type":"SearchAction","target":{"@type":"EntryPoint","urlTemplate":"https:\/\/ecosupplements.be\/fr\/?s={search_term_string}"},"query-input":{"@type":"PropertyValueSpecification","valueRequired":true,"valueName":"search_term_string"}}],"inLanguage":"fr-FR"},{"@type":"Organization","@id":"https:\/\/ecosupplements.be\/fr\/#organization","name":"Eco Supplements","url":"https:\/\/ecosupplements.be\/fr\/","logo":{"@type":"ImageObject","inLanguage":"fr-FR","@id":"https:\/\/ecosupplements.be\/fr\/#\/schema\/logo\/image\/","url":"https:\/\/ecosupplements.be\/wp-content\/uploads\/2022\/06\/ecosupplement-family.png","contentUrl":"https:\/\/ecosupplements.be\/wp-content\/uploads\/2022\/06\/ecosupplement-family.png","width":593,"height":374,"caption":"Eco Supplements"},"image":{"@id":"https:\/\/ecosupplements.be\/fr\/#\/schema\/logo\/image\/"}}]},"product_brand":"Garden of Life","product_price_amount":"42.29","product_price_currency":"EUR","og_availability":"instock","product_availability":"instock","product_retailer_item_id":"658010114035","product_condition":"new"},"_links":{"self":[{"href":"https:\/\/ecosupplements.be\/fr\/wp-json\/wp\/v2\/product\/287367","targetHints":{"allow":["GET"]}}],"collection":[{"href":"https:\/\/ecosupplements.be\/fr\/wp-json\/wp\/v2\/product"}],"about":[{"href":"https:\/\/ecosupplements.be\/fr\/wp-json\/wp\/v2\/types\/product"}],"replies":[{"embeddable":true,"href":"https:\/\/ecosupplements.be\/fr\/wp-json\/wp\/v2\/comments?post=287367"}],"wp:featuredmedia":[{"embeddable":true,"href":"https:\/\/ecosupplements.be\/fr\/wp-json\/wp\/v2\/media\/261342"}],"wp:attachment":[{"href":"https:\/\/ecosupplements.be\/fr\/wp-json\/wp\/v2\/media?parent=287367"}],"wp:term":[{"taxonomy":"product_brand","embeddable":true,"href":"https:\/\/ecosupplements.be\/fr\/wp-json\/wp\/v2\/product_brand?post=287367"},{"taxonomy":"product_cat","embeddable":true,"href":"https:\/\/ecosupplements.be\/fr\/wp-json\/wp\/v2\/product_cat?post=287367"},{"taxonomy":"product_tag","embeddable":true,"href":"https:\/\/ecosupplements.be\/fr\/wp-json\/wp\/v2\/product_tag?post=287367"}],"curies":[{"name":"wp","href":"https:\/\/api.w.org\/{rel}","templated":true}]}}