{"id":287373,"date":"2022-08-25T13:15:39","date_gmt":"2022-08-25T12:15:39","guid":{"rendered":"https:\/\/ecosupplements.be\/product\/vitamine-code-vitamine-c-brute-60-capsules-vegetaliennes\/"},"modified":"2025-08-27T14:22:51","modified_gmt":"2025-08-27T13:22:51","slug":"vitamine-code-vitamine-c-brute-60-capsules-vegetaliennes","status":"publish","type":"product","link":"https:\/\/ecosupplements.be\/fr\/produit\/vitamine-code-vitamine-c-brute-60-capsules-vegetaliennes\/","title":{"rendered":"Vitamine Code Vitamine C brute &#8211; 60 capsules v\u00e9g\u00e9taliennes"},"content":{"rendered":"<h1>Vitamin Code Raw \u2063Vitamin C\u2063 &#8211; 60 vegan caps<\/h1>\n<p>Garden of Life pr\u00e9sente sa formule de vitamine\u200b C crue, Vitamin Code Raw Vitamin C. Cette formule unique est con\u00e7ue \u2063pour fournir une dose puissante de \u2062vitamine C \u200cnaturelle et non transform\u00e9e, provenant \u2063de fruits et de l\u00e9gumes biologiques.<\/p>\n<h2>Caract\u00e9ristiques sp\u00e9ciales:<\/h2>\n<ul>\n<li>Formule crue \u2064et v\u00e9g\u00e9talienne<\/li>\n<li>Provenant de fruits et de l\u00e9gumes biologiques<\/li>\n<li>Non\u2063 transform\u00e9e et sans additifs artificiels<\/li>\n<li>Contient des bioflavono\u00efdes pour une meilleure absorption<\/li>\n<li>Facile \u00e0 dig\u00e9rer et \u00e0 absorber<\/li>\n<\/ul>\n<h2>Ingr\u00e9dients cl\u00e9s:<\/h2>\n<p>Cette formule contient une \u200bvari\u00e9t\u00e9 de \u200bfruits et de\u2063 l\u00e9gumes biologiques,\u2062 tels que l&#8217;orange, \u200bla fraise, le brocoli et le poivron rouge, qui fournissent une source naturelle de vitamine\u2062 C. Elle\u200b contient \u00e9galement des bioflavono\u00efdes provenant de\u200c fruits et de plantes, qui aident \u00e0 am\u00e9liorer l&#8217;absorption de la vitamine C.<\/p>\n<h2>Avantages uniques:<\/h2>\n<ul>\n<li>Renforce \u2064le\u200d syst\u00e8me \u200dimmunitaire<\/li>\n<li>Prot\u00e8ge contre les radicaux libres et le stress oxydatif<\/li>\n<li>Contribue \u00e0 la sant\u00e9 de la peau,\u2062 des os et\u2062 des dents<\/li>\n<li>Am\u00e9liore l&#8217;absorption du fer<\/li>\n<li>Peut aider \u00e0 r\u00e9duire la dur\u00e9e et la gravit\u00e9 des rhumes et des infections<\/li>\n<\/ul>\n<h2>Conseils \u2064d&#8217;utilisation:<\/h2>\n<p>Prenez 2\u200c capsules par jour avec de\u200d l&#8217;eau ou du jus,\u200b de pr\u00e9f\u00e9rence avec un repas.<\/p>\n<p>Ne \u2062pas d\u00e9passer la dose recommand\u00e9e. Consultez\u200b votre professionnel \u2062de\u200b sant\u00e9\u200d avant de prendre ce produit si vous \u00eates enceinte, allaitez\u2064 ou si vous prenez \u2063des m\u00e9dicaments.<\/p>\n<p>Conservez dans un endroit frais \u200det sec, \u00e0 l&#8217;abri de la lumi\u00e8re directe du\u2062 soleil.<\/p>\n<p>Donnez \u00e0 \u2062votre corps une dose puissante de vitamine C naturelle avec Vitamin Code Raw Vitamin C de Garden of Life. Commandez d\u00e8s\u200c maintenant et profitez d&#8217;une sant\u00e9 \u200doptimale !<\/p>\n","protected":false},"excerpt":{"rendered":"<p>Vitamin Code Raw \u2063Vitamin C\u2063 &#8211; 60 vegan caps Garden of Life pr\u00e9sente sa formule de vitamine\u200b C crue, Vitamin Code Raw Vitamin C. Cette formule unique est con\u00e7ue \u2063pour fournir une dose puissante de \u2062vitamine C \u200cnaturelle et non transform\u00e9e, provenant \u2063de fruits et de l\u00e9gumes biologiques. Caract\u00e9ristiques sp\u00e9ciales: Formule crue \u2064et v\u00e9g\u00e9talienne Provenant [&#8230;]\n","protected":false},"featured_media":260650,"comment_status":"open","ping_status":"open","template":"","meta":[],"product_brand":[4810],"product_cat":[5054,5055,5052,5053],"product_tag":[],"class_list":{"0":"post-287373","1":"product","2":"type-product","3":"status-publish","4":"has-post-thumbnail","6":"product_brand-garden-of-life-2","7":"product_cat-nourriture-saine","8":"product_cat-produits-vegetaliens","9":"product_cat-sante-et-bien-etre","10":"product_cat-vitamines-et-mineraux","12":"first","13":"instock","14":"taxable","15":"shipping-taxable","16":"purchasable","17":"product-type-simple"},"yoast_head":"<!-- This site is optimized with the Yoast SEO Premium plugin v27.5 (Yoast SEO v27.5) - https:\/\/yoast.com\/product\/yoast-seo-premium-wordpress\/ -->\n<title>Vitamine Code Vitamine C brute - 60 capsules v\u00e9g\u00e9taliennes - ECO Supplements<\/title>\n<meta name=\"description\" content=\"Wij hebben een ruime keuze aan producten van Vitamine Code Vitamine C brute - 60 capsules v\u00e9g\u00e9taliennes . Winkel bij Eco Supplements altijd gratis verzending boven 100\u20ac\" \/>\n<meta name=\"robots\" content=\"index, follow, max-snippet:-1, max-image-preview:large, max-video-preview:-1\" \/>\n<link rel=\"canonical\" href=\"https:\/\/ecosupplements.be\/fr\/produit\/vitamine-code-vitamine-c-brute-60-capsules-vegetaliennes\/\" \/>\n<meta property=\"og:locale\" content=\"fr_FR\" \/>\n<meta property=\"og:type\" content=\"article\" \/>\n<meta property=\"og:title\" content=\"Vitamine Code Vitamine C brute - 60 capsules v\u00e9g\u00e9taliennes\" \/>\n<meta property=\"og:description\" content=\"Wij hebben een ruime keuze aan producten van Vitamine Code Vitamine C brute - 60 capsules v\u00e9g\u00e9taliennes . Winkel bij Eco Supplements altijd gratis verzending boven 100\u20ac\" \/>\n<meta property=\"og:url\" content=\"https:\/\/ecosupplements.be\/fr\/produit\/vitamine-code-vitamine-c-brute-60-capsules-vegetaliennes\/\" \/>\n<meta property=\"og:site_name\" content=\"ECO Supplements\" \/>\n<meta property=\"article:modified_time\" content=\"2025-08-27T13:22:51+00:00\" \/>\n<meta property=\"og:image\" content=\"https:\/\/ecosupplements.be\/wp-content\/uploads\/2025\/08\/Vitamin-Code-Raw-Vitamin-C-60-vegan-caps-1.jpg\" \/>\n\t<meta property=\"og:image:width\" content=\"600\" \/>\n\t<meta property=\"og:image:height\" content=\"600\" \/>\n\t<meta property=\"og:image:type\" content=\"image\/jpeg\" \/>\n<meta name=\"twitter:card\" content=\"summary_large_image\" \/>\n<meta name=\"twitter:label1\" content=\"Prix\" \/>\n\t<meta name=\"twitter:data1\" content=\"23.49&nbsp;&euro;\" \/>\n\t<meta name=\"twitter:label2\" content=\"Disponibilit\u00e9\" \/>\n\t<meta name=\"twitter:data2\" content=\"En stock\" \/>\n<script type=\"application\/ld+json\" class=\"yoast-schema-graph\">{\"@context\":\"https:\\\/\\\/schema.org\",\"@graph\":[{\"@type\":[\"WebPage\",\"ItemPage\"],\"@id\":\"https:\\\/\\\/ecosupplements.be\\\/fr\\\/produit\\\/vitamine-code-vitamine-c-brute-60-capsules-vegetaliennes\\\/\",\"url\":\"https:\\\/\\\/ecosupplements.be\\\/fr\\\/produit\\\/vitamine-code-vitamine-c-brute-60-capsules-vegetaliennes\\\/\",\"name\":\"Vitamine Code Vitamine C brute - 60 capsules v\u00e9g\u00e9taliennes - ECO Supplements\",\"isPartOf\":{\"@id\":\"https:\\\/\\\/ecosupplements.be\\\/fr\\\/#website\"},\"primaryImageOfPage\":{\"@id\":\"https:\\\/\\\/ecosupplements.be\\\/fr\\\/produit\\\/vitamine-code-vitamine-c-brute-60-capsules-vegetaliennes\\\/#primaryimage\"},\"image\":{\"@id\":\"https:\\\/\\\/ecosupplements.be\\\/fr\\\/produit\\\/vitamine-code-vitamine-c-brute-60-capsules-vegetaliennes\\\/#primaryimage\"},\"thumbnailUrl\":\"https:\\\/\\\/ecosupplements.be\\\/wp-content\\\/uploads\\\/2025\\\/08\\\/Vitamin-Code-Raw-Vitamin-C-60-vegan-caps.jpg\",\"datePublished\":\"2022-08-25T12:15:39+00:00\",\"dateModified\":\"2025-08-27T13:22:51+00:00\",\"description\":\"Wij hebben een ruime keuze aan producten van Vitamine Code Vitamine C brute - 60 capsules v\u00e9g\u00e9taliennes . Winkel bij Eco Supplements altijd gratis verzending boven 100\u20ac\",\"breadcrumb\":{\"@id\":\"https:\\\/\\\/ecosupplements.be\\\/fr\\\/produit\\\/vitamine-code-vitamine-c-brute-60-capsules-vegetaliennes\\\/#breadcrumb\"},\"inLanguage\":\"fr-FR\",\"potentialAction\":[{\"@type\":\"ReadAction\",\"target\":[\"https:\\\/\\\/ecosupplements.be\\\/fr\\\/produit\\\/vitamine-code-vitamine-c-brute-60-capsules-vegetaliennes\\\/\"]}]},{\"@type\":\"ImageObject\",\"inLanguage\":\"fr-FR\",\"@id\":\"https:\\\/\\\/ecosupplements.be\\\/fr\\\/produit\\\/vitamine-code-vitamine-c-brute-60-capsules-vegetaliennes\\\/#primaryimage\",\"url\":\"https:\\\/\\\/ecosupplements.be\\\/wp-content\\\/uploads\\\/2025\\\/08\\\/Vitamin-Code-Raw-Vitamin-C-60-vegan-caps.jpg\",\"contentUrl\":\"https:\\\/\\\/ecosupplements.be\\\/wp-content\\\/uploads\\\/2025\\\/08\\\/Vitamin-Code-Raw-Vitamin-C-60-vegan-caps.jpg\",\"width\":600,\"height\":600},{\"@type\":\"BreadcrumbList\",\"@id\":\"https:\\\/\\\/ecosupplements.be\\\/fr\\\/produit\\\/vitamine-code-vitamine-c-brute-60-capsules-vegetaliennes\\\/#breadcrumb\",\"itemListElement\":[{\"@type\":\"ListItem\",\"position\":1,\"name\":\"Home\",\"item\":\"https:\\\/\\\/ecosupplements.be\\\/fr\\\/\"},{\"@type\":\"ListItem\",\"position\":2,\"name\":\"Boutique\",\"item\":\"https:\\\/\\\/ecosupplements.be\\\/fr\\\/boutique\\\/\"},{\"@type\":\"ListItem\",\"position\":3,\"name\":\"Vitamine Code Vitamine C brute &#8211; 60 capsules v\u00e9g\u00e9taliennes\"}]},{\"@type\":\"WebSite\",\"@id\":\"https:\\\/\\\/ecosupplements.be\\\/fr\\\/#website\",\"url\":\"https:\\\/\\\/ecosupplements.be\\\/fr\\\/\",\"name\":\"ECO Supplements\",\"description\":\"Eco Supplements - Gezonde supplementen\",\"publisher\":{\"@id\":\"https:\\\/\\\/ecosupplements.be\\\/fr\\\/#organization\"},\"potentialAction\":[{\"@type\":\"SearchAction\",\"target\":{\"@type\":\"EntryPoint\",\"urlTemplate\":\"https:\\\/\\\/ecosupplements.be\\\/fr\\\/?s={search_term_string}\"},\"query-input\":{\"@type\":\"PropertyValueSpecification\",\"valueRequired\":true,\"valueName\":\"search_term_string\"}}],\"inLanguage\":\"fr-FR\"},{\"@type\":\"Organization\",\"@id\":\"https:\\\/\\\/ecosupplements.be\\\/fr\\\/#organization\",\"name\":\"Eco Supplements\",\"url\":\"https:\\\/\\\/ecosupplements.be\\\/fr\\\/\",\"logo\":{\"@type\":\"ImageObject\",\"inLanguage\":\"fr-FR\",\"@id\":\"https:\\\/\\\/ecosupplements.be\\\/fr\\\/#\\\/schema\\\/logo\\\/image\\\/\",\"url\":\"https:\\\/\\\/ecosupplements.be\\\/wp-content\\\/uploads\\\/2022\\\/06\\\/ecosupplement-family.png\",\"contentUrl\":\"https:\\\/\\\/ecosupplements.be\\\/wp-content\\\/uploads\\\/2022\\\/06\\\/ecosupplement-family.png\",\"width\":593,\"height\":374,\"caption\":\"Eco Supplements\"},\"image\":{\"@id\":\"https:\\\/\\\/ecosupplements.be\\\/fr\\\/#\\\/schema\\\/logo\\\/image\\\/\"}}]}<\/script>\n<meta property=\"product:brand\" content=\"Garden of Life\" \/>\n<meta property=\"product:price:amount\" content=\"23.49\" \/>\n<meta property=\"product:price:currency\" content=\"EUR\" \/>\n<meta property=\"og:availability\" content=\"instock\" \/>\n<meta property=\"product:availability\" content=\"instock\" \/>\n<meta property=\"product:retailer_item_id\" content=\"658010113816\" \/>\n<meta property=\"product:condition\" content=\"new\" \/>\n<!-- \/ Yoast SEO Premium plugin. -->","yoast_head_json":{"title":"Vitamine Code Vitamine C brute - 60 capsules v\u00e9g\u00e9taliennes - ECO Supplements","description":"Wij hebben een ruime keuze aan producten van Vitamine Code Vitamine C brute - 60 capsules v\u00e9g\u00e9taliennes . Winkel bij Eco Supplements altijd gratis verzending boven 100\u20ac","robots":{"index":"index","follow":"follow","max-snippet":"max-snippet:-1","max-image-preview":"max-image-preview:large","max-video-preview":"max-video-preview:-1"},"canonical":"https:\/\/ecosupplements.be\/fr\/produit\/vitamine-code-vitamine-c-brute-60-capsules-vegetaliennes\/","og_locale":"fr_FR","og_type":"article","og_title":"Vitamine Code Vitamine C brute - 60 capsules v\u00e9g\u00e9taliennes","og_description":"Wij hebben een ruime keuze aan producten van Vitamine Code Vitamine C brute - 60 capsules v\u00e9g\u00e9taliennes . Winkel bij Eco Supplements altijd gratis verzending boven 100\u20ac","og_url":"https:\/\/ecosupplements.be\/fr\/produit\/vitamine-code-vitamine-c-brute-60-capsules-vegetaliennes\/","og_site_name":"ECO Supplements","article_modified_time":"2025-08-27T13:22:51+00:00","og_image":[{"width":600,"height":600,"url":"https:\/\/ecosupplements.be\/wp-content\/uploads\/2025\/08\/Vitamin-Code-Raw-Vitamin-C-60-vegan-caps-1.jpg","type":"image\/jpeg"}],"twitter_card":"summary_large_image","twitter_misc":{"Prix":"23.49&nbsp;&euro;","Disponibilit\u00e9":"En stock"},"schema":{"@context":"https:\/\/schema.org","@graph":[{"@type":["WebPage","ItemPage"],"@id":"https:\/\/ecosupplements.be\/fr\/produit\/vitamine-code-vitamine-c-brute-60-capsules-vegetaliennes\/","url":"https:\/\/ecosupplements.be\/fr\/produit\/vitamine-code-vitamine-c-brute-60-capsules-vegetaliennes\/","name":"Vitamine Code Vitamine C brute - 60 capsules v\u00e9g\u00e9taliennes - ECO Supplements","isPartOf":{"@id":"https:\/\/ecosupplements.be\/fr\/#website"},"primaryImageOfPage":{"@id":"https:\/\/ecosupplements.be\/fr\/produit\/vitamine-code-vitamine-c-brute-60-capsules-vegetaliennes\/#primaryimage"},"image":{"@id":"https:\/\/ecosupplements.be\/fr\/produit\/vitamine-code-vitamine-c-brute-60-capsules-vegetaliennes\/#primaryimage"},"thumbnailUrl":"https:\/\/ecosupplements.be\/wp-content\/uploads\/2025\/08\/Vitamin-Code-Raw-Vitamin-C-60-vegan-caps.jpg","datePublished":"2022-08-25T12:15:39+00:00","dateModified":"2025-08-27T13:22:51+00:00","description":"Wij hebben een ruime keuze aan producten van Vitamine Code Vitamine C brute - 60 capsules v\u00e9g\u00e9taliennes . Winkel bij Eco Supplements altijd gratis verzending boven 100\u20ac","breadcrumb":{"@id":"https:\/\/ecosupplements.be\/fr\/produit\/vitamine-code-vitamine-c-brute-60-capsules-vegetaliennes\/#breadcrumb"},"inLanguage":"fr-FR","potentialAction":[{"@type":"ReadAction","target":["https:\/\/ecosupplements.be\/fr\/produit\/vitamine-code-vitamine-c-brute-60-capsules-vegetaliennes\/"]}]},{"@type":"ImageObject","inLanguage":"fr-FR","@id":"https:\/\/ecosupplements.be\/fr\/produit\/vitamine-code-vitamine-c-brute-60-capsules-vegetaliennes\/#primaryimage","url":"https:\/\/ecosupplements.be\/wp-content\/uploads\/2025\/08\/Vitamin-Code-Raw-Vitamin-C-60-vegan-caps.jpg","contentUrl":"https:\/\/ecosupplements.be\/wp-content\/uploads\/2025\/08\/Vitamin-Code-Raw-Vitamin-C-60-vegan-caps.jpg","width":600,"height":600},{"@type":"BreadcrumbList","@id":"https:\/\/ecosupplements.be\/fr\/produit\/vitamine-code-vitamine-c-brute-60-capsules-vegetaliennes\/#breadcrumb","itemListElement":[{"@type":"ListItem","position":1,"name":"Home","item":"https:\/\/ecosupplements.be\/fr\/"},{"@type":"ListItem","position":2,"name":"Boutique","item":"https:\/\/ecosupplements.be\/fr\/boutique\/"},{"@type":"ListItem","position":3,"name":"Vitamine Code Vitamine C brute &#8211; 60 capsules v\u00e9g\u00e9taliennes"}]},{"@type":"WebSite","@id":"https:\/\/ecosupplements.be\/fr\/#website","url":"https:\/\/ecosupplements.be\/fr\/","name":"ECO Supplements","description":"Eco Supplements - Gezonde supplementen","publisher":{"@id":"https:\/\/ecosupplements.be\/fr\/#organization"},"potentialAction":[{"@type":"SearchAction","target":{"@type":"EntryPoint","urlTemplate":"https:\/\/ecosupplements.be\/fr\/?s={search_term_string}"},"query-input":{"@type":"PropertyValueSpecification","valueRequired":true,"valueName":"search_term_string"}}],"inLanguage":"fr-FR"},{"@type":"Organization","@id":"https:\/\/ecosupplements.be\/fr\/#organization","name":"Eco Supplements","url":"https:\/\/ecosupplements.be\/fr\/","logo":{"@type":"ImageObject","inLanguage":"fr-FR","@id":"https:\/\/ecosupplements.be\/fr\/#\/schema\/logo\/image\/","url":"https:\/\/ecosupplements.be\/wp-content\/uploads\/2022\/06\/ecosupplement-family.png","contentUrl":"https:\/\/ecosupplements.be\/wp-content\/uploads\/2022\/06\/ecosupplement-family.png","width":593,"height":374,"caption":"Eco Supplements"},"image":{"@id":"https:\/\/ecosupplements.be\/fr\/#\/schema\/logo\/image\/"}}]},"product_brand":"Garden of Life","product_price_amount":"23.49","product_price_currency":"EUR","og_availability":"instock","product_availability":"instock","product_retailer_item_id":"658010113816","product_condition":"new"},"_links":{"self":[{"href":"https:\/\/ecosupplements.be\/fr\/wp-json\/wp\/v2\/product\/287373","targetHints":{"allow":["GET"]}}],"collection":[{"href":"https:\/\/ecosupplements.be\/fr\/wp-json\/wp\/v2\/product"}],"about":[{"href":"https:\/\/ecosupplements.be\/fr\/wp-json\/wp\/v2\/types\/product"}],"replies":[{"embeddable":true,"href":"https:\/\/ecosupplements.be\/fr\/wp-json\/wp\/v2\/comments?post=287373"}],"wp:featuredmedia":[{"embeddable":true,"href":"https:\/\/ecosupplements.be\/fr\/wp-json\/wp\/v2\/media\/260650"}],"wp:attachment":[{"href":"https:\/\/ecosupplements.be\/fr\/wp-json\/wp\/v2\/media?parent=287373"}],"wp:term":[{"taxonomy":"product_brand","embeddable":true,"href":"https:\/\/ecosupplements.be\/fr\/wp-json\/wp\/v2\/product_brand?post=287373"},{"taxonomy":"product_cat","embeddable":true,"href":"https:\/\/ecosupplements.be\/fr\/wp-json\/wp\/v2\/product_cat?post=287373"},{"taxonomy":"product_tag","embeddable":true,"href":"https:\/\/ecosupplements.be\/fr\/wp-json\/wp\/v2\/product_tag?post=287373"}],"curies":[{"name":"wp","href":"https:\/\/api.w.org\/{rel}","templated":true}]}}