{"id":287397,"date":"2022-11-08T13:59:45","date_gmt":"2022-11-08T12:59:45","guid":{"rendered":"https:\/\/ecosupplements.be\/product\/creme-pour-les-pieds-75g\/"},"modified":"2025-08-27T14:23:17","modified_gmt":"2025-08-27T13:23:17","slug":"creme-pour-les-pieds-75g","status":"publish","type":"product","link":"https:\/\/ecosupplements.be\/fr\/produit\/creme-pour-les-pieds-75g\/","title":{"rendered":"Cr\u00e8me pour les pieds &#8211; 75g"},"content":{"rendered":"<h1>Himalaya Foot Care Cream &#8211; 75g<\/h1>\n<p>Prenez soin de vos pieds avec la cr\u00e8me pour les \u200bpieds Himalaya. Cette cr\u00e8me nourrissante et\u2062 hydratante\u200c est sp\u00e9cialement formul\u00e9e pour prendre soin \u2063de vos pieds fatigu\u00e9s et\u200b secs. \u200cElle est enrichie en ingr\u00e9dients naturels tels \u200cque le beurre de karit\u00e9, l&#8217;huile\u200c de noix\u2064 de coco \u200det l&#8217;huile de\u2062 neem pour nourrir et adoucir la peau rugueuse des pieds.<\/p>\n<h2>Caract\u00e9ristiques sp\u00e9ciales:<\/h2>\n<ul>\n<li>Formule \u00e0 base d&#8217;ingr\u00e9dients naturels<\/li>\n<li>Hydrate et nourrit la peau des pieds<\/li>\n<li>Adoucit\u200c la peau rugueuse<\/li>\n<li>Pr\u00e9vient \u200bla s\u00e9cheresse et les fissures<\/li>\n<li>Parfum rafra\u00eechissant<\/li>\n<\/ul>\n<h2>Ingr\u00e9dients cl\u00e9s:<\/h2>\n<ul>\n<li>Beurre \u2063de karit\u00e9: riche en acides gras et en vitamines, il nourrit et hydrate la peau en profondeur<\/li>\n<li>Huile de noix de coco: aide \u00e0 adoucir la peau\u200b et \u00e0 pr\u00e9venir la s\u00e9cheresse<\/li>\n<li>Huile \u200dde neem: poss\u00e8de des propri\u00e9t\u00e9s \u200dantibact\u00e9riennes et antifongiques pour prot\u00e9ger la \u200bpeau des infections<\/li>\n<\/ul>\n<h2>Avantages uniques:<\/h2>\n<ul>\n<li>Formule non grasse et facilement absorb\u00e9e<\/li>\n<li>Convient \u00e0 tous les types de peau<\/li>\n<li>Id\u00e9al pour une utilisation quotidienne<\/li>\n<li>Test\u00e9 dermatologiquement<\/li>\n<\/ul>\n<p>Offrez \u00e0 vos pieds\u2063 le soin qu&#8217;ils \u2064m\u00e9ritent avec la cr\u00e8me pour les pieds Himalaya. Utilisez-la r\u00e9guli\u00e8rement pour des pieds doux, lisses et en bonne sant\u00e9.<\/p>\n","protected":false},"excerpt":{"rendered":"<p>Himalaya Foot Care Cream &#8211; 75g Prenez soin de vos pieds avec la cr\u00e8me pour les \u200bpieds Himalaya. Cette cr\u00e8me nourrissante et\u2062 hydratante\u200c est sp\u00e9cialement formul\u00e9e pour prendre soin \u2063de vos pieds fatigu\u00e9s et\u200b secs. \u200cElle est enrichie en ingr\u00e9dients naturels tels \u200cque le beurre de karit\u00e9, l&#8217;huile\u200c de noix\u2064 de coco \u200det l&#8217;huile de\u2062 [&#8230;]\n","protected":false},"featured_media":261146,"comment_status":"open","ping_status":"open","template":"","meta":[],"product_brand":[4715],"product_cat":[5114,5052],"product_tag":[],"class_list":{"0":"post-287397","1":"product","2":"type-product","3":"status-publish","4":"has-post-thumbnail","6":"product_brand-himalaya-2","7":"product_cat-beaute","8":"product_cat-sante-et-bien-etre","10":"first","11":"instock","12":"taxable","13":"shipping-taxable","14":"purchasable","15":"product-type-simple"},"yoast_head":"<!-- This site is optimized with the Yoast SEO Premium plugin v27.3 (Yoast SEO v27.3) - https:\/\/yoast.com\/product\/yoast-seo-premium-wordpress\/ -->\n<title>Cr\u00e8me pour les pieds - 75g - ECO Supplements<\/title>\n<meta name=\"description\" content=\"Wij hebben een ruime keuze aan producten van Cr\u00e8me pour les pieds - 75g . Winkel bij Eco Supplements altijd gratis verzending boven 100\u20ac\" \/>\n<meta name=\"robots\" content=\"index, follow, max-snippet:-1, max-image-preview:large, max-video-preview:-1\" \/>\n<link rel=\"canonical\" href=\"https:\/\/ecosupplements.be\/fr\/produit\/creme-pour-les-pieds-75g\/\" \/>\n<meta property=\"og:locale\" content=\"fr_FR\" \/>\n<meta property=\"og:type\" content=\"article\" \/>\n<meta property=\"og:title\" content=\"Cr\u00e8me pour les pieds - 75g\" \/>\n<meta property=\"og:description\" content=\"Wij hebben een ruime keuze aan producten van Cr\u00e8me pour les pieds - 75g . Winkel bij Eco Supplements altijd gratis verzending boven 100\u20ac\" \/>\n<meta property=\"og:url\" content=\"https:\/\/ecosupplements.be\/fr\/produit\/creme-pour-les-pieds-75g\/\" \/>\n<meta property=\"og:site_name\" content=\"ECO Supplements\" \/>\n<meta property=\"article:modified_time\" content=\"2025-08-27T13:23:17+00:00\" \/>\n<meta property=\"og:image\" content=\"https:\/\/ecosupplements.be\/wp-content\/uploads\/2025\/08\/Foot-Care-Cream-75g-1.jpg\" \/>\n\t<meta property=\"og:image:width\" content=\"475\" \/>\n\t<meta property=\"og:image:height\" content=\"694\" \/>\n\t<meta property=\"og:image:type\" content=\"image\/jpeg\" \/>\n<meta name=\"twitter:card\" content=\"summary_large_image\" \/>\n<meta name=\"twitter:label1\" content=\"Prix\" \/>\n\t<meta name=\"twitter:data1\" content=\"10.36&nbsp;&euro;\" \/>\n\t<meta name=\"twitter:label2\" content=\"Disponibilit\u00e9\" \/>\n\t<meta name=\"twitter:data2\" content=\"En stock\" \/>\n<script type=\"application\/ld+json\" class=\"yoast-schema-graph\">{\"@context\":\"https:\\\/\\\/schema.org\",\"@graph\":[{\"@type\":[\"WebPage\",\"ItemPage\"],\"@id\":\"https:\\\/\\\/ecosupplements.be\\\/fr\\\/produit\\\/creme-pour-les-pieds-75g\\\/\",\"url\":\"https:\\\/\\\/ecosupplements.be\\\/fr\\\/produit\\\/creme-pour-les-pieds-75g\\\/\",\"name\":\"Cr\u00e8me pour les pieds - 75g - ECO Supplements\",\"isPartOf\":{\"@id\":\"https:\\\/\\\/ecosupplements.be\\\/fr\\\/#website\"},\"primaryImageOfPage\":{\"@id\":\"https:\\\/\\\/ecosupplements.be\\\/fr\\\/produit\\\/creme-pour-les-pieds-75g\\\/#primaryimage\"},\"image\":{\"@id\":\"https:\\\/\\\/ecosupplements.be\\\/fr\\\/produit\\\/creme-pour-les-pieds-75g\\\/#primaryimage\"},\"thumbnailUrl\":\"https:\\\/\\\/ecosupplements.be\\\/wp-content\\\/uploads\\\/2025\\\/08\\\/Foot-Care-Cream-75g.jpg\",\"datePublished\":\"2022-11-08T12:59:45+00:00\",\"dateModified\":\"2025-08-27T13:23:17+00:00\",\"description\":\"Wij hebben een ruime keuze aan producten van Cr\u00e8me pour les pieds - 75g . Winkel bij Eco Supplements altijd gratis verzending boven 100\u20ac\",\"breadcrumb\":{\"@id\":\"https:\\\/\\\/ecosupplements.be\\\/fr\\\/produit\\\/creme-pour-les-pieds-75g\\\/#breadcrumb\"},\"inLanguage\":\"fr-FR\",\"potentialAction\":[{\"@type\":\"ReadAction\",\"target\":[\"https:\\\/\\\/ecosupplements.be\\\/fr\\\/produit\\\/creme-pour-les-pieds-75g\\\/\"]}]},{\"@type\":\"ImageObject\",\"inLanguage\":\"fr-FR\",\"@id\":\"https:\\\/\\\/ecosupplements.be\\\/fr\\\/produit\\\/creme-pour-les-pieds-75g\\\/#primaryimage\",\"url\":\"https:\\\/\\\/ecosupplements.be\\\/wp-content\\\/uploads\\\/2025\\\/08\\\/Foot-Care-Cream-75g.jpg\",\"contentUrl\":\"https:\\\/\\\/ecosupplements.be\\\/wp-content\\\/uploads\\\/2025\\\/08\\\/Foot-Care-Cream-75g.jpg\",\"width\":475,\"height\":694},{\"@type\":\"BreadcrumbList\",\"@id\":\"https:\\\/\\\/ecosupplements.be\\\/fr\\\/produit\\\/creme-pour-les-pieds-75g\\\/#breadcrumb\",\"itemListElement\":[{\"@type\":\"ListItem\",\"position\":1,\"name\":\"Home\",\"item\":\"https:\\\/\\\/ecosupplements.be\\\/fr\\\/\"},{\"@type\":\"ListItem\",\"position\":2,\"name\":\"Boutique\",\"item\":\"https:\\\/\\\/ecosupplements.be\\\/fr\\\/boutique\\\/\"},{\"@type\":\"ListItem\",\"position\":3,\"name\":\"Cr\u00e8me pour les pieds &#8211; 75g\"}]},{\"@type\":\"WebSite\",\"@id\":\"https:\\\/\\\/ecosupplements.be\\\/fr\\\/#website\",\"url\":\"https:\\\/\\\/ecosupplements.be\\\/fr\\\/\",\"name\":\"ECO Supplements\",\"description\":\"Eco Supplements - Gezonde supplementen\",\"publisher\":{\"@id\":\"https:\\\/\\\/ecosupplements.be\\\/fr\\\/#organization\"},\"potentialAction\":[{\"@type\":\"SearchAction\",\"target\":{\"@type\":\"EntryPoint\",\"urlTemplate\":\"https:\\\/\\\/ecosupplements.be\\\/fr\\\/?s={search_term_string}\"},\"query-input\":{\"@type\":\"PropertyValueSpecification\",\"valueRequired\":true,\"valueName\":\"search_term_string\"}}],\"inLanguage\":\"fr-FR\"},{\"@type\":\"Organization\",\"@id\":\"https:\\\/\\\/ecosupplements.be\\\/fr\\\/#organization\",\"name\":\"Eco Supplements\",\"url\":\"https:\\\/\\\/ecosupplements.be\\\/fr\\\/\",\"logo\":{\"@type\":\"ImageObject\",\"inLanguage\":\"fr-FR\",\"@id\":\"https:\\\/\\\/ecosupplements.be\\\/fr\\\/#\\\/schema\\\/logo\\\/image\\\/\",\"url\":\"https:\\\/\\\/ecosupplements.be\\\/wp-content\\\/uploads\\\/2022\\\/06\\\/ecosupplement-family.png\",\"contentUrl\":\"https:\\\/\\\/ecosupplements.be\\\/wp-content\\\/uploads\\\/2022\\\/06\\\/ecosupplement-family.png\",\"width\":593,\"height\":374,\"caption\":\"Eco Supplements\"},\"image\":{\"@id\":\"https:\\\/\\\/ecosupplements.be\\\/fr\\\/#\\\/schema\\\/logo\\\/image\\\/\"}}]}<\/script>\n<meta property=\"product:brand\" content=\"Himalaya\" \/>\n<meta property=\"product:price:amount\" content=\"10.36\" \/>\n<meta property=\"product:price:currency\" content=\"EUR\" \/>\n<meta property=\"og:availability\" content=\"instock\" \/>\n<meta property=\"product:availability\" content=\"instock\" \/>\n<meta property=\"product:retailer_item_id\" content=\"8901138500481\" \/>\n<meta property=\"product:condition\" content=\"new\" \/>\n<!-- \/ Yoast SEO Premium plugin. -->","yoast_head_json":{"title":"Cr\u00e8me pour les pieds - 75g - ECO Supplements","description":"Wij hebben een ruime keuze aan producten van Cr\u00e8me pour les pieds - 75g . Winkel bij Eco Supplements altijd gratis verzending boven 100\u20ac","robots":{"index":"index","follow":"follow","max-snippet":"max-snippet:-1","max-image-preview":"max-image-preview:large","max-video-preview":"max-video-preview:-1"},"canonical":"https:\/\/ecosupplements.be\/fr\/produit\/creme-pour-les-pieds-75g\/","og_locale":"fr_FR","og_type":"article","og_title":"Cr\u00e8me pour les pieds - 75g","og_description":"Wij hebben een ruime keuze aan producten van Cr\u00e8me pour les pieds - 75g . Winkel bij Eco Supplements altijd gratis verzending boven 100\u20ac","og_url":"https:\/\/ecosupplements.be\/fr\/produit\/creme-pour-les-pieds-75g\/","og_site_name":"ECO Supplements","article_modified_time":"2025-08-27T13:23:17+00:00","og_image":[{"width":475,"height":694,"url":"https:\/\/ecosupplements.be\/wp-content\/uploads\/2025\/08\/Foot-Care-Cream-75g-1.jpg","type":"image\/jpeg"}],"twitter_card":"summary_large_image","twitter_misc":{"Prix":"10.36&nbsp;&euro;","Disponibilit\u00e9":"En stock"},"schema":{"@context":"https:\/\/schema.org","@graph":[{"@type":["WebPage","ItemPage"],"@id":"https:\/\/ecosupplements.be\/fr\/produit\/creme-pour-les-pieds-75g\/","url":"https:\/\/ecosupplements.be\/fr\/produit\/creme-pour-les-pieds-75g\/","name":"Cr\u00e8me pour les pieds - 75g - ECO Supplements","isPartOf":{"@id":"https:\/\/ecosupplements.be\/fr\/#website"},"primaryImageOfPage":{"@id":"https:\/\/ecosupplements.be\/fr\/produit\/creme-pour-les-pieds-75g\/#primaryimage"},"image":{"@id":"https:\/\/ecosupplements.be\/fr\/produit\/creme-pour-les-pieds-75g\/#primaryimage"},"thumbnailUrl":"https:\/\/ecosupplements.be\/wp-content\/uploads\/2025\/08\/Foot-Care-Cream-75g.jpg","datePublished":"2022-11-08T12:59:45+00:00","dateModified":"2025-08-27T13:23:17+00:00","description":"Wij hebben een ruime keuze aan producten van Cr\u00e8me pour les pieds - 75g . Winkel bij Eco Supplements altijd gratis verzending boven 100\u20ac","breadcrumb":{"@id":"https:\/\/ecosupplements.be\/fr\/produit\/creme-pour-les-pieds-75g\/#breadcrumb"},"inLanguage":"fr-FR","potentialAction":[{"@type":"ReadAction","target":["https:\/\/ecosupplements.be\/fr\/produit\/creme-pour-les-pieds-75g\/"]}]},{"@type":"ImageObject","inLanguage":"fr-FR","@id":"https:\/\/ecosupplements.be\/fr\/produit\/creme-pour-les-pieds-75g\/#primaryimage","url":"https:\/\/ecosupplements.be\/wp-content\/uploads\/2025\/08\/Foot-Care-Cream-75g.jpg","contentUrl":"https:\/\/ecosupplements.be\/wp-content\/uploads\/2025\/08\/Foot-Care-Cream-75g.jpg","width":475,"height":694},{"@type":"BreadcrumbList","@id":"https:\/\/ecosupplements.be\/fr\/produit\/creme-pour-les-pieds-75g\/#breadcrumb","itemListElement":[{"@type":"ListItem","position":1,"name":"Home","item":"https:\/\/ecosupplements.be\/fr\/"},{"@type":"ListItem","position":2,"name":"Boutique","item":"https:\/\/ecosupplements.be\/fr\/boutique\/"},{"@type":"ListItem","position":3,"name":"Cr\u00e8me pour les pieds &#8211; 75g"}]},{"@type":"WebSite","@id":"https:\/\/ecosupplements.be\/fr\/#website","url":"https:\/\/ecosupplements.be\/fr\/","name":"ECO Supplements","description":"Eco Supplements - Gezonde supplementen","publisher":{"@id":"https:\/\/ecosupplements.be\/fr\/#organization"},"potentialAction":[{"@type":"SearchAction","target":{"@type":"EntryPoint","urlTemplate":"https:\/\/ecosupplements.be\/fr\/?s={search_term_string}"},"query-input":{"@type":"PropertyValueSpecification","valueRequired":true,"valueName":"search_term_string"}}],"inLanguage":"fr-FR"},{"@type":"Organization","@id":"https:\/\/ecosupplements.be\/fr\/#organization","name":"Eco Supplements","url":"https:\/\/ecosupplements.be\/fr\/","logo":{"@type":"ImageObject","inLanguage":"fr-FR","@id":"https:\/\/ecosupplements.be\/fr\/#\/schema\/logo\/image\/","url":"https:\/\/ecosupplements.be\/wp-content\/uploads\/2022\/06\/ecosupplement-family.png","contentUrl":"https:\/\/ecosupplements.be\/wp-content\/uploads\/2022\/06\/ecosupplement-family.png","width":593,"height":374,"caption":"Eco Supplements"},"image":{"@id":"https:\/\/ecosupplements.be\/fr\/#\/schema\/logo\/image\/"}}]},"product_brand":"Himalaya","product_price_amount":"10.36","product_price_currency":"EUR","og_availability":"instock","product_availability":"instock","product_retailer_item_id":"8901138500481","product_condition":"new"},"_links":{"self":[{"href":"https:\/\/ecosupplements.be\/fr\/wp-json\/wp\/v2\/product\/287397","targetHints":{"allow":["GET"]}}],"collection":[{"href":"https:\/\/ecosupplements.be\/fr\/wp-json\/wp\/v2\/product"}],"about":[{"href":"https:\/\/ecosupplements.be\/fr\/wp-json\/wp\/v2\/types\/product"}],"replies":[{"embeddable":true,"href":"https:\/\/ecosupplements.be\/fr\/wp-json\/wp\/v2\/comments?post=287397"}],"wp:featuredmedia":[{"embeddable":true,"href":"https:\/\/ecosupplements.be\/fr\/wp-json\/wp\/v2\/media\/261146"}],"wp:attachment":[{"href":"https:\/\/ecosupplements.be\/fr\/wp-json\/wp\/v2\/media?parent=287397"}],"wp:term":[{"taxonomy":"product_brand","embeddable":true,"href":"https:\/\/ecosupplements.be\/fr\/wp-json\/wp\/v2\/product_brand?post=287397"},{"taxonomy":"product_cat","embeddable":true,"href":"https:\/\/ecosupplements.be\/fr\/wp-json\/wp\/v2\/product_cat?post=287397"},{"taxonomy":"product_tag","embeddable":true,"href":"https:\/\/ecosupplements.be\/fr\/wp-json\/wp\/v2\/product_tag?post=287397"}],"curies":[{"name":"wp","href":"https:\/\/api.w.org\/{rel}","templated":true}]}}