{"id":287430,"date":"2024-03-07T19:31:05","date_gmt":"2024-03-07T18:31:05","guid":{"rendered":"https:\/\/ecosupplements.be\/product\/gel-rumalaya-50g\/"},"modified":"2025-08-27T14:23:48","modified_gmt":"2025-08-27T13:23:48","slug":"gel-rumalaya-50g","status":"publish","type":"product","link":"https:\/\/ecosupplements.be\/fr\/produit\/gel-rumalaya-50g\/","title":{"rendered":"Gel Rumalaya &#8211; 50g"},"content":{"rendered":"<h1>Rumalaya Gel &#8211; 50g<\/h1>\n<p>Le gel Rumalaya \u200dest un\u200d produit de la\u200d marque\u200c Himalaya, originaire d&#8217;Inde.\u200d Il s&#8217;agit d&#8217;un gel \u00e0 usage topique con\u00e7u pour \u200csoulager les douleurs articulaires et musculaires. Sa formule unique\u2063 \u00e0\u200d base d&#8217;herbes naturelles en fait un produit efficace et s\u00fbr pour traiter les douleurs et les inflammations.<\/p>\n<h2>Caract\u00e9ristiques sp\u00e9ciales<\/h2>\n<ul>\n<li>Gel \u00e0\u2064 usage topique pour soulager \u200dles douleurs articulaires et musculaires<\/li>\n<li>Formule \u00e0 base d&#8217;herbes \u200dnaturelles<\/li>\n<li>Efficace et s\u00fbr<\/li>\n<\/ul>\n<h2>Ingr\u00e9dients<\/h2>\n<p>Le gel Rumalaya contient un m\u00e9lange d&#8217;herbes naturelles telles que\u2064 le guggulu, le camphre, le \u2063menthol \u200cet le thym. Ces ingr\u00e9dients \u2063ont des propri\u00e9t\u00e9s anti-inflammatoires et analg\u00e9siques qui aident \u00e0 soulager la douleur \u2064et\u2064 l&#8217;inflammation.<\/p>\n<h2>Avantages uniques<\/h2>\n<ul>\n<li>Soulage efficacement les \u200cdouleurs \u2064articulaires et musculaires<\/li>\n<li>Formule \u00e0 base d&#8217;herbes naturelles, sans effets secondaires nocifs<\/li>\n<li>Facile \u200d\u00e0 appliquer\u2063 et \u00e0 absorber par la peau<\/li>\n<li>Convient pour une utilisation quotidienne<\/li>\n<\/ul>\n<h2>Principales caract\u00e9ristiques<\/h2>\n<ul>\n<li>Contient 50g de gel<\/li>\n<li>Convient\u200d pour une utilisation externe uniquement<\/li>\n<li>Ne pas utiliser sur des plaies ouvertes ou des peaux irrit\u00e9es<\/li>\n<li>Conserver dans un endroit frais\u200c et \u200csec, \u00e0 l&#8217;abri \u2063de la lumi\u00e8re directe du\u2063 soleil<\/li>\n<\/ul>\n<p>En r\u00e9sum\u00e9,\u2064 le gel Rumalaya est un produit efficace\u2062 et s\u00fbr pour soulager les\u2064 douleurs articulaires\u2062 et musculaires. Sa formule \u2062\u00e0 base d&#8217;herbes\u200c naturelles en \u2063fait un choix id\u00e9al pour ceux qui\u2062 pr\u00e9f\u00e8rent \u200dles\u2062 produits naturels pour traiter\u2064 leurs douleurs.\u200c Essayez-le d\u00e8s aujourd&#8217;hui et ressentez un \u200csoulagement \u200drapide et durable.<\/p>\n","protected":false},"excerpt":{"rendered":"<p>Rumalaya Gel &#8211; 50g Le gel Rumalaya \u200dest un\u200d produit de la\u200d marque\u200c Himalaya, originaire d&#8217;Inde.\u200d Il s&#8217;agit d&#8217;un gel \u00e0 usage topique con\u00e7u pour \u200csoulager les douleurs articulaires et musculaires. Sa formule unique\u2063 \u00e0\u200d base d&#8217;herbes naturelles en fait un produit efficace et s\u00fbr pour traiter les douleurs et les inflammations. Caract\u00e9ristiques sp\u00e9ciales Gel [&#8230;]\n","protected":false},"featured_media":263951,"comment_status":"open","ping_status":"open","template":"","meta":[],"product_brand":[4715],"product_cat":[5155,5084],"product_tag":[],"class_list":{"0":"post-287430","1":"product","2":"type-product","3":"status-publish","4":"has-post-thumbnail","6":"product_brand-himalaya-2","7":"product_cat-cosmetiques","8":"product_cat-soutien-conjoint","10":"first","11":"instock","12":"taxable","13":"shipping-taxable","14":"purchasable","15":"product-type-simple"},"yoast_head":"<!-- This site is optimized with the Yoast SEO Premium plugin v27.3 (Yoast SEO v27.3) - https:\/\/yoast.com\/product\/yoast-seo-premium-wordpress\/ -->\n<title>Gel Rumalaya - 50g - ECO Supplements<\/title>\n<meta name=\"description\" content=\"Wij hebben een ruime keuze aan producten van Gel Rumalaya - 50g . Winkel bij Eco Supplements altijd gratis verzending boven 100\u20ac\" \/>\n<meta name=\"robots\" content=\"index, follow, max-snippet:-1, max-image-preview:large, max-video-preview:-1\" \/>\n<link rel=\"canonical\" href=\"https:\/\/ecosupplements.be\/fr\/produit\/gel-rumalaya-50g\/\" \/>\n<meta property=\"og:locale\" content=\"fr_FR\" \/>\n<meta property=\"og:type\" content=\"article\" \/>\n<meta property=\"og:title\" content=\"Gel Rumalaya - 50g\" \/>\n<meta property=\"og:description\" content=\"Wij hebben een ruime keuze aan producten van Gel Rumalaya - 50g . Winkel bij Eco Supplements altijd gratis verzending boven 100\u20ac\" \/>\n<meta property=\"og:url\" content=\"https:\/\/ecosupplements.be\/fr\/produit\/gel-rumalaya-50g\/\" \/>\n<meta property=\"og:site_name\" content=\"ECO Supplements\" \/>\n<meta property=\"article:modified_time\" content=\"2025-08-27T13:23:48+00:00\" \/>\n<meta property=\"og:image\" content=\"https:\/\/ecosupplements.be\/wp-content\/uploads\/2025\/08\/Rumalaya-Gel-50g-1.jpg\" \/>\n\t<meta property=\"og:image:width\" content=\"715\" \/>\n\t<meta property=\"og:image:height\" content=\"475\" \/>\n\t<meta property=\"og:image:type\" content=\"image\/jpeg\" \/>\n<meta name=\"twitter:card\" content=\"summary_large_image\" \/>\n<meta name=\"twitter:label1\" content=\"Prix\" \/>\n\t<meta name=\"twitter:data1\" content=\"4.31&nbsp;&euro;\" \/>\n\t<meta name=\"twitter:label2\" content=\"Disponibilit\u00e9\" \/>\n\t<meta name=\"twitter:data2\" content=\"En stock\" \/>\n<script type=\"application\/ld+json\" class=\"yoast-schema-graph\">{\"@context\":\"https:\\\/\\\/schema.org\",\"@graph\":[{\"@type\":[\"WebPage\",\"ItemPage\"],\"@id\":\"https:\\\/\\\/ecosupplements.be\\\/fr\\\/produit\\\/gel-rumalaya-50g\\\/\",\"url\":\"https:\\\/\\\/ecosupplements.be\\\/fr\\\/produit\\\/gel-rumalaya-50g\\\/\",\"name\":\"Gel Rumalaya - 50g - ECO Supplements\",\"isPartOf\":{\"@id\":\"https:\\\/\\\/ecosupplements.be\\\/fr\\\/#website\"},\"primaryImageOfPage\":{\"@id\":\"https:\\\/\\\/ecosupplements.be\\\/fr\\\/produit\\\/gel-rumalaya-50g\\\/#primaryimage\"},\"image\":{\"@id\":\"https:\\\/\\\/ecosupplements.be\\\/fr\\\/produit\\\/gel-rumalaya-50g\\\/#primaryimage\"},\"thumbnailUrl\":\"https:\\\/\\\/ecosupplements.be\\\/wp-content\\\/uploads\\\/2025\\\/08\\\/Rumalaya-Gel-50g.jpg\",\"datePublished\":\"2024-03-07T18:31:05+00:00\",\"dateModified\":\"2025-08-27T13:23:48+00:00\",\"description\":\"Wij hebben een ruime keuze aan producten van Gel Rumalaya - 50g . Winkel bij Eco Supplements altijd gratis verzending boven 100\u20ac\",\"breadcrumb\":{\"@id\":\"https:\\\/\\\/ecosupplements.be\\\/fr\\\/produit\\\/gel-rumalaya-50g\\\/#breadcrumb\"},\"inLanguage\":\"fr-FR\",\"potentialAction\":[{\"@type\":\"ReadAction\",\"target\":[\"https:\\\/\\\/ecosupplements.be\\\/fr\\\/produit\\\/gel-rumalaya-50g\\\/\"]}]},{\"@type\":\"ImageObject\",\"inLanguage\":\"fr-FR\",\"@id\":\"https:\\\/\\\/ecosupplements.be\\\/fr\\\/produit\\\/gel-rumalaya-50g\\\/#primaryimage\",\"url\":\"https:\\\/\\\/ecosupplements.be\\\/wp-content\\\/uploads\\\/2025\\\/08\\\/Rumalaya-Gel-50g.jpg\",\"contentUrl\":\"https:\\\/\\\/ecosupplements.be\\\/wp-content\\\/uploads\\\/2025\\\/08\\\/Rumalaya-Gel-50g.jpg\",\"width\":715,\"height\":475},{\"@type\":\"BreadcrumbList\",\"@id\":\"https:\\\/\\\/ecosupplements.be\\\/fr\\\/produit\\\/gel-rumalaya-50g\\\/#breadcrumb\",\"itemListElement\":[{\"@type\":\"ListItem\",\"position\":1,\"name\":\"Home\",\"item\":\"https:\\\/\\\/ecosupplements.be\\\/fr\\\/\"},{\"@type\":\"ListItem\",\"position\":2,\"name\":\"Boutique\",\"item\":\"https:\\\/\\\/ecosupplements.be\\\/fr\\\/boutique\\\/\"},{\"@type\":\"ListItem\",\"position\":3,\"name\":\"Gel Rumalaya &#8211; 50g\"}]},{\"@type\":\"WebSite\",\"@id\":\"https:\\\/\\\/ecosupplements.be\\\/fr\\\/#website\",\"url\":\"https:\\\/\\\/ecosupplements.be\\\/fr\\\/\",\"name\":\"ECO Supplements\",\"description\":\"Eco Supplements - Gezonde supplementen\",\"publisher\":{\"@id\":\"https:\\\/\\\/ecosupplements.be\\\/fr\\\/#organization\"},\"potentialAction\":[{\"@type\":\"SearchAction\",\"target\":{\"@type\":\"EntryPoint\",\"urlTemplate\":\"https:\\\/\\\/ecosupplements.be\\\/fr\\\/?s={search_term_string}\"},\"query-input\":{\"@type\":\"PropertyValueSpecification\",\"valueRequired\":true,\"valueName\":\"search_term_string\"}}],\"inLanguage\":\"fr-FR\"},{\"@type\":\"Organization\",\"@id\":\"https:\\\/\\\/ecosupplements.be\\\/fr\\\/#organization\",\"name\":\"Eco Supplements\",\"url\":\"https:\\\/\\\/ecosupplements.be\\\/fr\\\/\",\"logo\":{\"@type\":\"ImageObject\",\"inLanguage\":\"fr-FR\",\"@id\":\"https:\\\/\\\/ecosupplements.be\\\/fr\\\/#\\\/schema\\\/logo\\\/image\\\/\",\"url\":\"https:\\\/\\\/ecosupplements.be\\\/wp-content\\\/uploads\\\/2022\\\/06\\\/ecosupplement-family.png\",\"contentUrl\":\"https:\\\/\\\/ecosupplements.be\\\/wp-content\\\/uploads\\\/2022\\\/06\\\/ecosupplement-family.png\",\"width\":593,\"height\":374,\"caption\":\"Eco Supplements\"},\"image\":{\"@id\":\"https:\\\/\\\/ecosupplements.be\\\/fr\\\/#\\\/schema\\\/logo\\\/image\\\/\"}}]}<\/script>\n<meta property=\"product:brand\" content=\"Himalaya\" \/>\n<meta property=\"product:price:amount\" content=\"4.31\" \/>\n<meta property=\"product:price:currency\" content=\"EUR\" \/>\n<meta property=\"og:availability\" content=\"instock\" \/>\n<meta property=\"product:availability\" content=\"instock\" \/>\n<meta property=\"product:retailer_item_id\" content=\"4751015929508\" \/>\n<meta property=\"product:condition\" content=\"new\" \/>\n<!-- \/ Yoast SEO Premium plugin. -->","yoast_head_json":{"title":"Gel Rumalaya - 50g - ECO Supplements","description":"Wij hebben een ruime keuze aan producten van Gel Rumalaya - 50g . Winkel bij Eco Supplements altijd gratis verzending boven 100\u20ac","robots":{"index":"index","follow":"follow","max-snippet":"max-snippet:-1","max-image-preview":"max-image-preview:large","max-video-preview":"max-video-preview:-1"},"canonical":"https:\/\/ecosupplements.be\/fr\/produit\/gel-rumalaya-50g\/","og_locale":"fr_FR","og_type":"article","og_title":"Gel Rumalaya - 50g","og_description":"Wij hebben een ruime keuze aan producten van Gel Rumalaya - 50g . Winkel bij Eco Supplements altijd gratis verzending boven 100\u20ac","og_url":"https:\/\/ecosupplements.be\/fr\/produit\/gel-rumalaya-50g\/","og_site_name":"ECO Supplements","article_modified_time":"2025-08-27T13:23:48+00:00","og_image":[{"width":715,"height":475,"url":"https:\/\/ecosupplements.be\/wp-content\/uploads\/2025\/08\/Rumalaya-Gel-50g-1.jpg","type":"image\/jpeg"}],"twitter_card":"summary_large_image","twitter_misc":{"Prix":"4.31&nbsp;&euro;","Disponibilit\u00e9":"En stock"},"schema":{"@context":"https:\/\/schema.org","@graph":[{"@type":["WebPage","ItemPage"],"@id":"https:\/\/ecosupplements.be\/fr\/produit\/gel-rumalaya-50g\/","url":"https:\/\/ecosupplements.be\/fr\/produit\/gel-rumalaya-50g\/","name":"Gel Rumalaya - 50g - ECO Supplements","isPartOf":{"@id":"https:\/\/ecosupplements.be\/fr\/#website"},"primaryImageOfPage":{"@id":"https:\/\/ecosupplements.be\/fr\/produit\/gel-rumalaya-50g\/#primaryimage"},"image":{"@id":"https:\/\/ecosupplements.be\/fr\/produit\/gel-rumalaya-50g\/#primaryimage"},"thumbnailUrl":"https:\/\/ecosupplements.be\/wp-content\/uploads\/2025\/08\/Rumalaya-Gel-50g.jpg","datePublished":"2024-03-07T18:31:05+00:00","dateModified":"2025-08-27T13:23:48+00:00","description":"Wij hebben een ruime keuze aan producten van Gel Rumalaya - 50g . Winkel bij Eco Supplements altijd gratis verzending boven 100\u20ac","breadcrumb":{"@id":"https:\/\/ecosupplements.be\/fr\/produit\/gel-rumalaya-50g\/#breadcrumb"},"inLanguage":"fr-FR","potentialAction":[{"@type":"ReadAction","target":["https:\/\/ecosupplements.be\/fr\/produit\/gel-rumalaya-50g\/"]}]},{"@type":"ImageObject","inLanguage":"fr-FR","@id":"https:\/\/ecosupplements.be\/fr\/produit\/gel-rumalaya-50g\/#primaryimage","url":"https:\/\/ecosupplements.be\/wp-content\/uploads\/2025\/08\/Rumalaya-Gel-50g.jpg","contentUrl":"https:\/\/ecosupplements.be\/wp-content\/uploads\/2025\/08\/Rumalaya-Gel-50g.jpg","width":715,"height":475},{"@type":"BreadcrumbList","@id":"https:\/\/ecosupplements.be\/fr\/produit\/gel-rumalaya-50g\/#breadcrumb","itemListElement":[{"@type":"ListItem","position":1,"name":"Home","item":"https:\/\/ecosupplements.be\/fr\/"},{"@type":"ListItem","position":2,"name":"Boutique","item":"https:\/\/ecosupplements.be\/fr\/boutique\/"},{"@type":"ListItem","position":3,"name":"Gel Rumalaya &#8211; 50g"}]},{"@type":"WebSite","@id":"https:\/\/ecosupplements.be\/fr\/#website","url":"https:\/\/ecosupplements.be\/fr\/","name":"ECO Supplements","description":"Eco Supplements - Gezonde supplementen","publisher":{"@id":"https:\/\/ecosupplements.be\/fr\/#organization"},"potentialAction":[{"@type":"SearchAction","target":{"@type":"EntryPoint","urlTemplate":"https:\/\/ecosupplements.be\/fr\/?s={search_term_string}"},"query-input":{"@type":"PropertyValueSpecification","valueRequired":true,"valueName":"search_term_string"}}],"inLanguage":"fr-FR"},{"@type":"Organization","@id":"https:\/\/ecosupplements.be\/fr\/#organization","name":"Eco Supplements","url":"https:\/\/ecosupplements.be\/fr\/","logo":{"@type":"ImageObject","inLanguage":"fr-FR","@id":"https:\/\/ecosupplements.be\/fr\/#\/schema\/logo\/image\/","url":"https:\/\/ecosupplements.be\/wp-content\/uploads\/2022\/06\/ecosupplement-family.png","contentUrl":"https:\/\/ecosupplements.be\/wp-content\/uploads\/2022\/06\/ecosupplement-family.png","width":593,"height":374,"caption":"Eco Supplements"},"image":{"@id":"https:\/\/ecosupplements.be\/fr\/#\/schema\/logo\/image\/"}}]},"product_brand":"Himalaya","product_price_amount":"4.31","product_price_currency":"EUR","og_availability":"instock","product_availability":"instock","product_retailer_item_id":"4751015929508","product_condition":"new"},"_links":{"self":[{"href":"https:\/\/ecosupplements.be\/fr\/wp-json\/wp\/v2\/product\/287430","targetHints":{"allow":["GET"]}}],"collection":[{"href":"https:\/\/ecosupplements.be\/fr\/wp-json\/wp\/v2\/product"}],"about":[{"href":"https:\/\/ecosupplements.be\/fr\/wp-json\/wp\/v2\/types\/product"}],"replies":[{"embeddable":true,"href":"https:\/\/ecosupplements.be\/fr\/wp-json\/wp\/v2\/comments?post=287430"}],"wp:featuredmedia":[{"embeddable":true,"href":"https:\/\/ecosupplements.be\/fr\/wp-json\/wp\/v2\/media\/263951"}],"wp:attachment":[{"href":"https:\/\/ecosupplements.be\/fr\/wp-json\/wp\/v2\/media?parent=287430"}],"wp:term":[{"taxonomy":"product_brand","embeddable":true,"href":"https:\/\/ecosupplements.be\/fr\/wp-json\/wp\/v2\/product_brand?post=287430"},{"taxonomy":"product_cat","embeddable":true,"href":"https:\/\/ecosupplements.be\/fr\/wp-json\/wp\/v2\/product_cat?post=287430"},{"taxonomy":"product_tag","embeddable":true,"href":"https:\/\/ecosupplements.be\/fr\/wp-json\/wp\/v2\/product_tag?post=287430"}],"curies":[{"name":"wp","href":"https:\/\/api.w.org\/{rel}","templated":true}]}}