{"id":287436,"date":"2024-03-07T19:40:18","date_gmt":"2024-03-07T18:40:18","guid":{"rendered":"https:\/\/ecosupplements.be\/product\/baume-a-levres-brillant-a-la-fraise-10g\/"},"modified":"2025-08-27T14:23:53","modified_gmt":"2025-08-27T13:23:53","slug":"baume-a-levres-brillant-a-la-fraise-10g","status":"publish","type":"product","link":"https:\/\/ecosupplements.be\/fr\/produit\/baume-a-levres-brillant-a-la-fraise-10g\/","title":{"rendered":"Baume \u00e0 l\u00e8vres brillant \u00e0 la fraise &#8211; 10g"},"content":{"rendered":"<h1>D\u00e9couvrez le Strawberry Gloss Lip Balm de la marque Himalaya<\/h1>\n<p>Offrez \u00e0 vos l\u00e8vres un soin hydratant et gourmand \u200davec le Strawberry Gloss Lip Balm de la marque Himalaya. Ce\u200b baume\u2062 \u00e0 l\u00e8vres est sp\u00e9cialement con\u00e7u pour nourrir \u200det prot\u00e9ger vos l\u00e8vres tout en leur\u200c donnant un fini brillant et d\u00e9licatement parfum\u00e9 \u00e0 la fraise.<\/p>\n<h2>Des ingr\u00e9dients naturels pour des l\u00e8vres douces et lisses<\/h2>\n<p>Le \u200cStrawberry Gloss \u200bLip Balm est \u2064formul\u00e9 \u200c\u00e0 base d&#8217;ingr\u00e9dients naturels \u2062tels\u200b que\u2063 l&#8217;huile d&#8217;amande douce, le beurre \u200dde cacao et la cire d&#8217;abeille. Ces ingr\u00e9dients riches en nutriments aident \u2063\u00e0 hydrater en profondeur, \u00e0 \u2062adoucir et \u00e0 lisser\u2063 vos l\u00e8vres\u2063 pour\u2063 un confort optimal \u200dtout au long de la journ\u00e9e.<\/p>\n<h2>Un parfum irr\u00e9sistible de fraise<\/h2>\n<p>En plus \u200cde ses bienfaits pour vos l\u00e8vres, ce baume \u00e0 l\u00e8vres d\u00e9gage\u2064 un parfum d\u00e9licieusement sucr\u00e9 \u2063de fraise qui \u200dvous fera \u200dcraquer. Son odeur gourmande vous \u200caccompagnera \u2064tout au \u2064long \u2062de la journ\u00e9e pour une \u200csensation de fra\u00eecheur et de douceur.<\/p>\n<h2>Un fini brillant pour des l\u00e8vres sublim\u00e9es<\/h2>\n<p>Gr\u00e2ce \u00e0 sa texture\u2063 l\u00e9g\u00e8re et non collante,\u2062 le \u200bStrawberry Gloss Lip Balm glisse facilement sur vos l\u00e8vres\u200d pour un fini brillant et lumineux. Il peut \u00eatre port\u00e9 seul pour un look naturel ou en \u2063compl\u00e9ment d&#8217;un\u2063 rouge \u00e0 l\u00e8vres\u200d pour un effet glossy irr\u00e9sistible.<\/p>\n<h2>Un format pratique \u00e0 emporter partout<\/h2>\n<p>Avec son \u2062format de\u2062 10g, ce baume\u200b \u00e0 l\u00e8vres se glisse facilement dans votre sac \u00e0\u2063 main ou votre\u200d poche\u200b pour une hydratation et une \u200ctouche de brillance \u00e0 tout moment de la \u200bjourn\u00e9e.\u200b Son packaging color\u00e9 et\u2064 ludique en fait \u00e9galement un accessoire tendance \u00e0 sortir en \u200dtoutes\u2064 occasions.<\/p>\n<h2>Adoptez\u2063 le Strawberry Gloss Lip Balm pour \u2063des \u200bl\u00e8vres irr\u00e9sistiblement douces \u2062et parfum\u00e9es<\/h2>\n<p>En r\u00e9sum\u00e9, le Strawberry Gloss Lip Balm de la marque Himalaya est un produit \u2064incontournable pour prendre soin \u200cde vos l\u00e8vres au quotidien. Avec \u200dses ingr\u00e9dients naturels, son\u200c parfum gourmand\u200c et son fini brillant, il saura vous s\u00e9duire et devenir votre alli\u00e9 pour des l\u00e8vres \u200cdouces et sublim\u00e9es en toutes circonstances.<\/p>\n","protected":false},"excerpt":{"rendered":"<p>D\u00e9couvrez le Strawberry Gloss Lip Balm de la marque Himalaya Offrez \u00e0 vos l\u00e8vres un soin hydratant et gourmand \u200davec le Strawberry Gloss Lip Balm de la marque Himalaya. Ce\u200b baume\u2062 \u00e0 l\u00e8vres est sp\u00e9cialement con\u00e7u pour nourrir \u200det prot\u00e9ger vos l\u00e8vres tout en leur\u200c donnant un fini brillant et d\u00e9licatement parfum\u00e9 \u00e0 la fraise. [&#8230;]\n","protected":false},"featured_media":263954,"comment_status":"open","ping_status":"open","template":"","meta":[],"product_brand":[4715],"product_cat":[5114,5155,5052,5183,5185],"product_tag":[],"class_list":{"0":"post-287436","1":"product","2":"type-product","3":"status-publish","4":"has-post-thumbnail","6":"product_brand-himalaya-2","7":"product_cat-beaute","8":"product_cat-cosmetiques","9":"product_cat-sante-et-bien-etre","10":"product_cat-soin-du-visage","11":"product_cat-une-peau-saine","13":"first","14":"instock","15":"taxable","16":"shipping-taxable","17":"purchasable","18":"product-type-simple"},"yoast_head":"<!-- This site is optimized with the Yoast SEO Premium plugin v27.3 (Yoast SEO v27.3) - https:\/\/yoast.com\/product\/yoast-seo-premium-wordpress\/ -->\n<title>Baume \u00e0 l\u00e8vres brillant \u00e0 la fraise - 10g - ECO Supplements<\/title>\n<meta name=\"description\" content=\"Wij hebben een ruime keuze aan producten van Baume \u00e0 l\u00e8vres brillant \u00e0 la fraise - 10g . Winkel bij Eco Supplements altijd gratis verzending boven 100\u20ac\" \/>\n<meta name=\"robots\" content=\"index, follow, max-snippet:-1, max-image-preview:large, max-video-preview:-1\" \/>\n<link rel=\"canonical\" href=\"https:\/\/ecosupplements.be\/fr\/produit\/baume-a-levres-brillant-a-la-fraise-10g\/\" \/>\n<meta property=\"og:locale\" content=\"fr_FR\" \/>\n<meta property=\"og:type\" content=\"article\" \/>\n<meta property=\"og:title\" content=\"Baume \u00e0 l\u00e8vres brillant \u00e0 la fraise - 10g\" \/>\n<meta property=\"og:description\" content=\"Wij hebben een ruime keuze aan producten van Baume \u00e0 l\u00e8vres brillant \u00e0 la fraise - 10g . Winkel bij Eco Supplements altijd gratis verzending boven 100\u20ac\" \/>\n<meta property=\"og:url\" content=\"https:\/\/ecosupplements.be\/fr\/produit\/baume-a-levres-brillant-a-la-fraise-10g\/\" \/>\n<meta property=\"og:site_name\" content=\"ECO Supplements\" \/>\n<meta property=\"article:modified_time\" content=\"2025-08-27T13:23:53+00:00\" \/>\n<meta property=\"og:image\" content=\"https:\/\/ecosupplements.be\/wp-content\/uploads\/2025\/08\/Strawberry-Gloss-Lip-Balm-10g-1.jpg\" \/>\n\t<meta property=\"og:image:width\" content=\"717\" \/>\n\t<meta property=\"og:image:height\" content=\"717\" \/>\n\t<meta property=\"og:image:type\" content=\"image\/jpeg\" \/>\n<meta name=\"twitter:card\" content=\"summary_large_image\" \/>\n<meta name=\"twitter:label1\" content=\"Prix\" \/>\n\t<meta name=\"twitter:data1\" content=\"3.66&nbsp;&euro;\" \/>\n\t<meta name=\"twitter:label2\" content=\"Disponibilit\u00e9\" \/>\n\t<meta name=\"twitter:data2\" content=\"En stock\" \/>\n<script type=\"application\/ld+json\" class=\"yoast-schema-graph\">{\"@context\":\"https:\\\/\\\/schema.org\",\"@graph\":[{\"@type\":[\"WebPage\",\"ItemPage\"],\"@id\":\"https:\\\/\\\/ecosupplements.be\\\/fr\\\/produit\\\/baume-a-levres-brillant-a-la-fraise-10g\\\/\",\"url\":\"https:\\\/\\\/ecosupplements.be\\\/fr\\\/produit\\\/baume-a-levres-brillant-a-la-fraise-10g\\\/\",\"name\":\"Baume \u00e0 l\u00e8vres brillant \u00e0 la fraise - 10g - ECO Supplements\",\"isPartOf\":{\"@id\":\"https:\\\/\\\/ecosupplements.be\\\/fr\\\/#website\"},\"primaryImageOfPage\":{\"@id\":\"https:\\\/\\\/ecosupplements.be\\\/fr\\\/produit\\\/baume-a-levres-brillant-a-la-fraise-10g\\\/#primaryimage\"},\"image\":{\"@id\":\"https:\\\/\\\/ecosupplements.be\\\/fr\\\/produit\\\/baume-a-levres-brillant-a-la-fraise-10g\\\/#primaryimage\"},\"thumbnailUrl\":\"https:\\\/\\\/ecosupplements.be\\\/wp-content\\\/uploads\\\/2025\\\/08\\\/Strawberry-Gloss-Lip-Balm-10g.jpg\",\"datePublished\":\"2024-03-07T18:40:18+00:00\",\"dateModified\":\"2025-08-27T13:23:53+00:00\",\"description\":\"Wij hebben een ruime keuze aan producten van Baume \u00e0 l\u00e8vres brillant \u00e0 la fraise - 10g . Winkel bij Eco Supplements altijd gratis verzending boven 100\u20ac\",\"breadcrumb\":{\"@id\":\"https:\\\/\\\/ecosupplements.be\\\/fr\\\/produit\\\/baume-a-levres-brillant-a-la-fraise-10g\\\/#breadcrumb\"},\"inLanguage\":\"fr-FR\",\"potentialAction\":[{\"@type\":\"ReadAction\",\"target\":[\"https:\\\/\\\/ecosupplements.be\\\/fr\\\/produit\\\/baume-a-levres-brillant-a-la-fraise-10g\\\/\"]}]},{\"@type\":\"ImageObject\",\"inLanguage\":\"fr-FR\",\"@id\":\"https:\\\/\\\/ecosupplements.be\\\/fr\\\/produit\\\/baume-a-levres-brillant-a-la-fraise-10g\\\/#primaryimage\",\"url\":\"https:\\\/\\\/ecosupplements.be\\\/wp-content\\\/uploads\\\/2025\\\/08\\\/Strawberry-Gloss-Lip-Balm-10g.jpg\",\"contentUrl\":\"https:\\\/\\\/ecosupplements.be\\\/wp-content\\\/uploads\\\/2025\\\/08\\\/Strawberry-Gloss-Lip-Balm-10g.jpg\",\"width\":717,\"height\":717},{\"@type\":\"BreadcrumbList\",\"@id\":\"https:\\\/\\\/ecosupplements.be\\\/fr\\\/produit\\\/baume-a-levres-brillant-a-la-fraise-10g\\\/#breadcrumb\",\"itemListElement\":[{\"@type\":\"ListItem\",\"position\":1,\"name\":\"Home\",\"item\":\"https:\\\/\\\/ecosupplements.be\\\/fr\\\/\"},{\"@type\":\"ListItem\",\"position\":2,\"name\":\"Boutique\",\"item\":\"https:\\\/\\\/ecosupplements.be\\\/fr\\\/boutique\\\/\"},{\"@type\":\"ListItem\",\"position\":3,\"name\":\"Baume \u00e0 l\u00e8vres brillant \u00e0 la fraise &#8211; 10g\"}]},{\"@type\":\"WebSite\",\"@id\":\"https:\\\/\\\/ecosupplements.be\\\/fr\\\/#website\",\"url\":\"https:\\\/\\\/ecosupplements.be\\\/fr\\\/\",\"name\":\"ECO Supplements\",\"description\":\"Eco Supplements - Gezonde supplementen\",\"publisher\":{\"@id\":\"https:\\\/\\\/ecosupplements.be\\\/fr\\\/#organization\"},\"potentialAction\":[{\"@type\":\"SearchAction\",\"target\":{\"@type\":\"EntryPoint\",\"urlTemplate\":\"https:\\\/\\\/ecosupplements.be\\\/fr\\\/?s={search_term_string}\"},\"query-input\":{\"@type\":\"PropertyValueSpecification\",\"valueRequired\":true,\"valueName\":\"search_term_string\"}}],\"inLanguage\":\"fr-FR\"},{\"@type\":\"Organization\",\"@id\":\"https:\\\/\\\/ecosupplements.be\\\/fr\\\/#organization\",\"name\":\"Eco Supplements\",\"url\":\"https:\\\/\\\/ecosupplements.be\\\/fr\\\/\",\"logo\":{\"@type\":\"ImageObject\",\"inLanguage\":\"fr-FR\",\"@id\":\"https:\\\/\\\/ecosupplements.be\\\/fr\\\/#\\\/schema\\\/logo\\\/image\\\/\",\"url\":\"https:\\\/\\\/ecosupplements.be\\\/wp-content\\\/uploads\\\/2022\\\/06\\\/ecosupplement-family.png\",\"contentUrl\":\"https:\\\/\\\/ecosupplements.be\\\/wp-content\\\/uploads\\\/2022\\\/06\\\/ecosupplement-family.png\",\"width\":593,\"height\":374,\"caption\":\"Eco Supplements\"},\"image\":{\"@id\":\"https:\\\/\\\/ecosupplements.be\\\/fr\\\/#\\\/schema\\\/logo\\\/image\\\/\"}}]}<\/script>\n<meta property=\"product:brand\" content=\"Himalaya\" \/>\n<meta property=\"product:price:amount\" content=\"3.66\" \/>\n<meta property=\"product:price:currency\" content=\"EUR\" \/>\n<meta property=\"og:availability\" content=\"instock\" \/>\n<meta property=\"product:availability\" content=\"instock\" \/>\n<meta property=\"product:retailer_item_id\" content=\"6291107222240\" \/>\n<meta property=\"product:condition\" content=\"new\" \/>\n<!-- \/ Yoast SEO Premium plugin. -->","yoast_head_json":{"title":"Baume \u00e0 l\u00e8vres brillant \u00e0 la fraise - 10g - ECO Supplements","description":"Wij hebben een ruime keuze aan producten van Baume \u00e0 l\u00e8vres brillant \u00e0 la fraise - 10g . Winkel bij Eco Supplements altijd gratis verzending boven 100\u20ac","robots":{"index":"index","follow":"follow","max-snippet":"max-snippet:-1","max-image-preview":"max-image-preview:large","max-video-preview":"max-video-preview:-1"},"canonical":"https:\/\/ecosupplements.be\/fr\/produit\/baume-a-levres-brillant-a-la-fraise-10g\/","og_locale":"fr_FR","og_type":"article","og_title":"Baume \u00e0 l\u00e8vres brillant \u00e0 la fraise - 10g","og_description":"Wij hebben een ruime keuze aan producten van Baume \u00e0 l\u00e8vres brillant \u00e0 la fraise - 10g . Winkel bij Eco Supplements altijd gratis verzending boven 100\u20ac","og_url":"https:\/\/ecosupplements.be\/fr\/produit\/baume-a-levres-brillant-a-la-fraise-10g\/","og_site_name":"ECO Supplements","article_modified_time":"2025-08-27T13:23:53+00:00","og_image":[{"width":717,"height":717,"url":"https:\/\/ecosupplements.be\/wp-content\/uploads\/2025\/08\/Strawberry-Gloss-Lip-Balm-10g-1.jpg","type":"image\/jpeg"}],"twitter_card":"summary_large_image","twitter_misc":{"Prix":"3.66&nbsp;&euro;","Disponibilit\u00e9":"En stock"},"schema":{"@context":"https:\/\/schema.org","@graph":[{"@type":["WebPage","ItemPage"],"@id":"https:\/\/ecosupplements.be\/fr\/produit\/baume-a-levres-brillant-a-la-fraise-10g\/","url":"https:\/\/ecosupplements.be\/fr\/produit\/baume-a-levres-brillant-a-la-fraise-10g\/","name":"Baume \u00e0 l\u00e8vres brillant \u00e0 la fraise - 10g - ECO Supplements","isPartOf":{"@id":"https:\/\/ecosupplements.be\/fr\/#website"},"primaryImageOfPage":{"@id":"https:\/\/ecosupplements.be\/fr\/produit\/baume-a-levres-brillant-a-la-fraise-10g\/#primaryimage"},"image":{"@id":"https:\/\/ecosupplements.be\/fr\/produit\/baume-a-levres-brillant-a-la-fraise-10g\/#primaryimage"},"thumbnailUrl":"https:\/\/ecosupplements.be\/wp-content\/uploads\/2025\/08\/Strawberry-Gloss-Lip-Balm-10g.jpg","datePublished":"2024-03-07T18:40:18+00:00","dateModified":"2025-08-27T13:23:53+00:00","description":"Wij hebben een ruime keuze aan producten van Baume \u00e0 l\u00e8vres brillant \u00e0 la fraise - 10g . Winkel bij Eco Supplements altijd gratis verzending boven 100\u20ac","breadcrumb":{"@id":"https:\/\/ecosupplements.be\/fr\/produit\/baume-a-levres-brillant-a-la-fraise-10g\/#breadcrumb"},"inLanguage":"fr-FR","potentialAction":[{"@type":"ReadAction","target":["https:\/\/ecosupplements.be\/fr\/produit\/baume-a-levres-brillant-a-la-fraise-10g\/"]}]},{"@type":"ImageObject","inLanguage":"fr-FR","@id":"https:\/\/ecosupplements.be\/fr\/produit\/baume-a-levres-brillant-a-la-fraise-10g\/#primaryimage","url":"https:\/\/ecosupplements.be\/wp-content\/uploads\/2025\/08\/Strawberry-Gloss-Lip-Balm-10g.jpg","contentUrl":"https:\/\/ecosupplements.be\/wp-content\/uploads\/2025\/08\/Strawberry-Gloss-Lip-Balm-10g.jpg","width":717,"height":717},{"@type":"BreadcrumbList","@id":"https:\/\/ecosupplements.be\/fr\/produit\/baume-a-levres-brillant-a-la-fraise-10g\/#breadcrumb","itemListElement":[{"@type":"ListItem","position":1,"name":"Home","item":"https:\/\/ecosupplements.be\/fr\/"},{"@type":"ListItem","position":2,"name":"Boutique","item":"https:\/\/ecosupplements.be\/fr\/boutique\/"},{"@type":"ListItem","position":3,"name":"Baume \u00e0 l\u00e8vres brillant \u00e0 la fraise &#8211; 10g"}]},{"@type":"WebSite","@id":"https:\/\/ecosupplements.be\/fr\/#website","url":"https:\/\/ecosupplements.be\/fr\/","name":"ECO Supplements","description":"Eco Supplements - Gezonde supplementen","publisher":{"@id":"https:\/\/ecosupplements.be\/fr\/#organization"},"potentialAction":[{"@type":"SearchAction","target":{"@type":"EntryPoint","urlTemplate":"https:\/\/ecosupplements.be\/fr\/?s={search_term_string}"},"query-input":{"@type":"PropertyValueSpecification","valueRequired":true,"valueName":"search_term_string"}}],"inLanguage":"fr-FR"},{"@type":"Organization","@id":"https:\/\/ecosupplements.be\/fr\/#organization","name":"Eco Supplements","url":"https:\/\/ecosupplements.be\/fr\/","logo":{"@type":"ImageObject","inLanguage":"fr-FR","@id":"https:\/\/ecosupplements.be\/fr\/#\/schema\/logo\/image\/","url":"https:\/\/ecosupplements.be\/wp-content\/uploads\/2022\/06\/ecosupplement-family.png","contentUrl":"https:\/\/ecosupplements.be\/wp-content\/uploads\/2022\/06\/ecosupplement-family.png","width":593,"height":374,"caption":"Eco Supplements"},"image":{"@id":"https:\/\/ecosupplements.be\/fr\/#\/schema\/logo\/image\/"}}]},"product_brand":"Himalaya","product_price_amount":"3.66","product_price_currency":"EUR","og_availability":"instock","product_availability":"instock","product_retailer_item_id":"6291107222240","product_condition":"new"},"_links":{"self":[{"href":"https:\/\/ecosupplements.be\/fr\/wp-json\/wp\/v2\/product\/287436","targetHints":{"allow":["GET"]}}],"collection":[{"href":"https:\/\/ecosupplements.be\/fr\/wp-json\/wp\/v2\/product"}],"about":[{"href":"https:\/\/ecosupplements.be\/fr\/wp-json\/wp\/v2\/types\/product"}],"replies":[{"embeddable":true,"href":"https:\/\/ecosupplements.be\/fr\/wp-json\/wp\/v2\/comments?post=287436"}],"wp:featuredmedia":[{"embeddable":true,"href":"https:\/\/ecosupplements.be\/fr\/wp-json\/wp\/v2\/media\/263954"}],"wp:attachment":[{"href":"https:\/\/ecosupplements.be\/fr\/wp-json\/wp\/v2\/media?parent=287436"}],"wp:term":[{"taxonomy":"product_brand","embeddable":true,"href":"https:\/\/ecosupplements.be\/fr\/wp-json\/wp\/v2\/product_brand?post=287436"},{"taxonomy":"product_cat","embeddable":true,"href":"https:\/\/ecosupplements.be\/fr\/wp-json\/wp\/v2\/product_cat?post=287436"},{"taxonomy":"product_tag","embeddable":true,"href":"https:\/\/ecosupplements.be\/fr\/wp-json\/wp\/v2\/product_tag?post=287436"}],"curies":[{"name":"wp","href":"https:\/\/api.w.org\/{rel}","templated":true}]}}