{"id":287448,"date":"2024-03-07T20:00:31","date_gmt":"2024-03-07T19:00:31","guid":{"rendered":"https:\/\/ecosupplements.be\/product\/dentifrice-herbal-ultra-blanchissant-75-ml\/"},"modified":"2025-08-27T14:24:05","modified_gmt":"2025-08-27T13:24:05","slug":"dentifrice-herbal-ultra-blanchissant-75-ml","status":"publish","type":"product","link":"https:\/\/ecosupplements.be\/fr\/produit\/dentifrice-herbal-ultra-blanchissant-75-ml\/","title":{"rendered":"Dentifrice Herbal Ultra Blanchissant &#8211; 75 ml"},"content":{"rendered":"<h1>Ultra Whitening Herbal Toothpaste &#8211; 75 ml.<\/h1>\n<p>Offrez \u00e0 votre sourire un \u00e9clat \u00e9blouissant avec\u200c le dentifrice Ultra Whitening Herbal\u200c de la marque\u2063 Himalaya.\u2063 Ce dentifrice est sp\u00e9cialement formul\u00e9 avec\u2062 des ingr\u00e9dients naturels pour \u00e9liminer les taches et blanchir vos dents en douceur.<\/p>\n<h2>Caract\u00e9ristiques sp\u00e9ciales:<\/h2>\n<ul>\n<li>Formule \u00e0 base d&#8217;herbes \u200cnaturelles pour un nettoyage en profondeur et un blanchiment efficace<\/li>\n<li>Contient de l&#8217;extrait de\u2062 papaye pour \u00e9liminer les taches et \u200br\u00e9v\u00e9ler un sourire plus \u00e9clatant<\/li>\n<li>Enrichi en neem et\u200b en menthe pour une haleine fra\u00eeche \u2063et une protection contre les bact\u00e9ries<\/li>\n<li>Ne contient pas de fluor ni de parab\u00e8nes\u2062 pour une utilisation en toute s\u00e9curit\u00e9<\/li>\n<\/ul>\n<h2>Ingr\u00e9dients cl\u00e9s:<\/h2>\n<p>Le dentifrice Ultra Whitening Herbal contient\u2062 des ingr\u00e9dients naturels soigneusement s\u00e9lectionn\u00e9s pour offrir\u200c des\u200d r\u00e9sultats efficaces et\u2064 s\u00fbrs:<\/p>\n<ul>\n<li>Extrait de papaye: riche en enzymes naturelles, il \u200caide \u00e0 \u00e9liminer les taches \u2063et \u00e0 blanchir les \u200cdents en douceur<\/li>\n<li>Neem: connu pour ses propri\u00e9t\u00e9s\u2064 antibact\u00e9riennes, il aide \u00e0 pr\u00e9venir \u200bles caries et \u00e0 prot\u00e9ger les \u2064gencives<\/li>\n<li>Menthe: rafra\u00eechit l&#8217;haleine et laisse une \u2063sensation de propret\u00e9 dans la bouche<\/li>\n<\/ul>\n<h2>Avantages\u2063 uniques:<\/h2>\n<p>En plus de blanchir \u200cles dents, le dentifrice Ultra Whitening Herbal offre d&#8217;autres avantages\u2064 pour une bouche saine et un sourire \u00e9clatant:<\/p>\n<ul>\n<li>\u00c9limine les taches caus\u00e9es par le caf\u00e9, le th\u00e9, le tabac et d&#8217;autres aliments\u2063 et boissons<\/li>\n<li>Pr\u00e9vient la formation \u200cde plaque dentaire et \u200bde\u2063 tartre<\/li>\n<li>Renforce l&#8217;\u00e9mail des dents pour une protection contre les caries<\/li>\n<li>Procure \u200cune sensation de fra\u00eecheur durable<\/li>\n<\/ul>\n<h2>Conseils d&#8217;utilisation:<\/h2>\n<p>Pour\u2063 de meilleurs r\u00e9sultats, utilisez le dentifrice Ultra Whitening Herbal deux fois par jour, matin et soir. Brossez-vous les dents \u200bpendant au moins \u2064deux minutes en effectuant des\u200b mouvements circulaires doux. Pour une\u200c bouche encore plus propre, utilisez en compl\u00e9ment un bain \u200bde bouche Himalaya.<\/p>\n<p>Offrez \u2062\u00e0 votre sourire un \u00e9clat naturel \u2064avec le dentifrice \u2064Ultra Whitening Herbal\u2063 de Himalaya. Essayez-le d\u00e8s aujourd&#8217;hui\u2063 et\u200b d\u00e9couvrez \u200dune nouvelle fa\u00e7on de prendre soin de vos dents et de\u200d votre bouche.<\/p>\n","protected":false},"excerpt":{"rendered":"<p>Ultra Whitening Herbal Toothpaste &#8211; 75 ml. Offrez \u00e0 votre sourire un \u00e9clat \u00e9blouissant avec\u200c le dentifrice Ultra Whitening Herbal\u200c de la marque\u2063 Himalaya.\u2063 Ce dentifrice est sp\u00e9cialement formul\u00e9 avec\u2062 des ingr\u00e9dients naturels pour \u00e9liminer les taches et blanchir vos dents en douceur. Caract\u00e9ristiques sp\u00e9ciales: Formule \u00e0 base d&#8217;herbes \u200cnaturelles pour un nettoyage en profondeur [&#8230;]\n","protected":false},"featured_media":263960,"comment_status":"open","ping_status":"open","template":"","meta":[],"product_brand":[4715],"product_cat":[5155,5181,5054,5055,5052],"product_tag":[],"class_list":{"0":"post-287448","1":"product","2":"type-product","3":"status-publish","4":"has-post-thumbnail","6":"product_brand-himalaya-2","7":"product_cat-cosmetiques","8":"product_cat-dentifrice","9":"product_cat-nourriture-saine","10":"product_cat-produits-vegetaliens","11":"product_cat-sante-et-bien-etre","13":"first","14":"instock","15":"taxable","16":"shipping-taxable","17":"purchasable","18":"product-type-simple"},"yoast_head":"<!-- This site is optimized with the Yoast SEO Premium plugin v27.3 (Yoast SEO v27.3) - https:\/\/yoast.com\/product\/yoast-seo-premium-wordpress\/ -->\n<title>Dentifrice Herbal Ultra Blanchissant - 75 ml - ECO Supplements<\/title>\n<meta name=\"description\" content=\"Wij hebben een ruime keuze aan producten van Dentifrice Herbal Ultra Blanchissant - 75 ml . Winkel bij Eco Supplements altijd gratis verzending boven 100\u20ac\" \/>\n<meta name=\"robots\" content=\"index, follow, max-snippet:-1, max-image-preview:large, max-video-preview:-1\" \/>\n<link rel=\"canonical\" href=\"https:\/\/ecosupplements.be\/fr\/produit\/dentifrice-herbal-ultra-blanchissant-75-ml\/\" \/>\n<meta property=\"og:locale\" content=\"fr_FR\" \/>\n<meta property=\"og:type\" content=\"article\" \/>\n<meta property=\"og:title\" content=\"Dentifrice Herbal Ultra Blanchissant - 75 ml\" \/>\n<meta property=\"og:description\" content=\"Wij hebben een ruime keuze aan producten van Dentifrice Herbal Ultra Blanchissant - 75 ml . Winkel bij Eco Supplements altijd gratis verzending boven 100\u20ac\" \/>\n<meta property=\"og:url\" content=\"https:\/\/ecosupplements.be\/fr\/produit\/dentifrice-herbal-ultra-blanchissant-75-ml\/\" \/>\n<meta property=\"og:site_name\" content=\"ECO Supplements\" \/>\n<meta property=\"article:modified_time\" content=\"2025-08-27T13:24:05+00:00\" \/>\n<meta property=\"og:image\" content=\"https:\/\/ecosupplements.be\/wp-content\/uploads\/2025\/08\/Ultra-Whitening-Herbal-Toothpaste-75-ml-1.jpg\" \/>\n\t<meta property=\"og:image:width\" content=\"1260\" \/>\n\t<meta property=\"og:image:height\" content=\"592\" \/>\n\t<meta property=\"og:image:type\" content=\"image\/jpeg\" \/>\n<meta name=\"twitter:card\" content=\"summary_large_image\" \/>\n<meta name=\"twitter:label1\" content=\"Prix\" \/>\n\t<meta name=\"twitter:data1\" content=\"4.17&nbsp;&euro;\" \/>\n\t<meta name=\"twitter:label2\" content=\"Disponibilit\u00e9\" \/>\n\t<meta name=\"twitter:data2\" content=\"En stock\" \/>\n<script type=\"application\/ld+json\" class=\"yoast-schema-graph\">{\"@context\":\"https:\\\/\\\/schema.org\",\"@graph\":[{\"@type\":[\"WebPage\",\"ItemPage\"],\"@id\":\"https:\\\/\\\/ecosupplements.be\\\/fr\\\/produit\\\/dentifrice-herbal-ultra-blanchissant-75-ml\\\/\",\"url\":\"https:\\\/\\\/ecosupplements.be\\\/fr\\\/produit\\\/dentifrice-herbal-ultra-blanchissant-75-ml\\\/\",\"name\":\"Dentifrice Herbal Ultra Blanchissant - 75 ml - ECO Supplements\",\"isPartOf\":{\"@id\":\"https:\\\/\\\/ecosupplements.be\\\/fr\\\/#website\"},\"primaryImageOfPage\":{\"@id\":\"https:\\\/\\\/ecosupplements.be\\\/fr\\\/produit\\\/dentifrice-herbal-ultra-blanchissant-75-ml\\\/#primaryimage\"},\"image\":{\"@id\":\"https:\\\/\\\/ecosupplements.be\\\/fr\\\/produit\\\/dentifrice-herbal-ultra-blanchissant-75-ml\\\/#primaryimage\"},\"thumbnailUrl\":\"https:\\\/\\\/ecosupplements.be\\\/wp-content\\\/uploads\\\/2025\\\/08\\\/Ultra-Whitening-Herbal-Toothpaste-75-ml.jpg\",\"datePublished\":\"2024-03-07T19:00:31+00:00\",\"dateModified\":\"2025-08-27T13:24:05+00:00\",\"description\":\"Wij hebben een ruime keuze aan producten van Dentifrice Herbal Ultra Blanchissant - 75 ml . Winkel bij Eco Supplements altijd gratis verzending boven 100\u20ac\",\"breadcrumb\":{\"@id\":\"https:\\\/\\\/ecosupplements.be\\\/fr\\\/produit\\\/dentifrice-herbal-ultra-blanchissant-75-ml\\\/#breadcrumb\"},\"inLanguage\":\"fr-FR\",\"potentialAction\":[{\"@type\":\"ReadAction\",\"target\":[\"https:\\\/\\\/ecosupplements.be\\\/fr\\\/produit\\\/dentifrice-herbal-ultra-blanchissant-75-ml\\\/\"]}]},{\"@type\":\"ImageObject\",\"inLanguage\":\"fr-FR\",\"@id\":\"https:\\\/\\\/ecosupplements.be\\\/fr\\\/produit\\\/dentifrice-herbal-ultra-blanchissant-75-ml\\\/#primaryimage\",\"url\":\"https:\\\/\\\/ecosupplements.be\\\/wp-content\\\/uploads\\\/2025\\\/08\\\/Ultra-Whitening-Herbal-Toothpaste-75-ml.jpg\",\"contentUrl\":\"https:\\\/\\\/ecosupplements.be\\\/wp-content\\\/uploads\\\/2025\\\/08\\\/Ultra-Whitening-Herbal-Toothpaste-75-ml.jpg\",\"width\":1260,\"height\":592},{\"@type\":\"BreadcrumbList\",\"@id\":\"https:\\\/\\\/ecosupplements.be\\\/fr\\\/produit\\\/dentifrice-herbal-ultra-blanchissant-75-ml\\\/#breadcrumb\",\"itemListElement\":[{\"@type\":\"ListItem\",\"position\":1,\"name\":\"Home\",\"item\":\"https:\\\/\\\/ecosupplements.be\\\/fr\\\/\"},{\"@type\":\"ListItem\",\"position\":2,\"name\":\"Boutique\",\"item\":\"https:\\\/\\\/ecosupplements.be\\\/fr\\\/boutique\\\/\"},{\"@type\":\"ListItem\",\"position\":3,\"name\":\"Dentifrice Herbal Ultra Blanchissant &#8211; 75 ml\"}]},{\"@type\":\"WebSite\",\"@id\":\"https:\\\/\\\/ecosupplements.be\\\/fr\\\/#website\",\"url\":\"https:\\\/\\\/ecosupplements.be\\\/fr\\\/\",\"name\":\"ECO Supplements\",\"description\":\"Eco Supplements - Gezonde supplementen\",\"publisher\":{\"@id\":\"https:\\\/\\\/ecosupplements.be\\\/fr\\\/#organization\"},\"potentialAction\":[{\"@type\":\"SearchAction\",\"target\":{\"@type\":\"EntryPoint\",\"urlTemplate\":\"https:\\\/\\\/ecosupplements.be\\\/fr\\\/?s={search_term_string}\"},\"query-input\":{\"@type\":\"PropertyValueSpecification\",\"valueRequired\":true,\"valueName\":\"search_term_string\"}}],\"inLanguage\":\"fr-FR\"},{\"@type\":\"Organization\",\"@id\":\"https:\\\/\\\/ecosupplements.be\\\/fr\\\/#organization\",\"name\":\"Eco Supplements\",\"url\":\"https:\\\/\\\/ecosupplements.be\\\/fr\\\/\",\"logo\":{\"@type\":\"ImageObject\",\"inLanguage\":\"fr-FR\",\"@id\":\"https:\\\/\\\/ecosupplements.be\\\/fr\\\/#\\\/schema\\\/logo\\\/image\\\/\",\"url\":\"https:\\\/\\\/ecosupplements.be\\\/wp-content\\\/uploads\\\/2022\\\/06\\\/ecosupplement-family.png\",\"contentUrl\":\"https:\\\/\\\/ecosupplements.be\\\/wp-content\\\/uploads\\\/2022\\\/06\\\/ecosupplement-family.png\",\"width\":593,\"height\":374,\"caption\":\"Eco Supplements\"},\"image\":{\"@id\":\"https:\\\/\\\/ecosupplements.be\\\/fr\\\/#\\\/schema\\\/logo\\\/image\\\/\"}}]}<\/script>\n<meta property=\"product:brand\" content=\"Himalaya\" \/>\n<meta property=\"product:price:amount\" content=\"4.17\" \/>\n<meta property=\"product:price:currency\" content=\"EUR\" \/>\n<meta property=\"og:availability\" content=\"instock\" \/>\n<meta property=\"product:availability\" content=\"instock\" \/>\n<meta property=\"product:retailer_item_id\" content=\"6291107225104\" \/>\n<meta property=\"product:condition\" content=\"new\" \/>\n<!-- \/ Yoast SEO Premium plugin. -->","yoast_head_json":{"title":"Dentifrice Herbal Ultra Blanchissant - 75 ml - ECO Supplements","description":"Wij hebben een ruime keuze aan producten van Dentifrice Herbal Ultra Blanchissant - 75 ml . Winkel bij Eco Supplements altijd gratis verzending boven 100\u20ac","robots":{"index":"index","follow":"follow","max-snippet":"max-snippet:-1","max-image-preview":"max-image-preview:large","max-video-preview":"max-video-preview:-1"},"canonical":"https:\/\/ecosupplements.be\/fr\/produit\/dentifrice-herbal-ultra-blanchissant-75-ml\/","og_locale":"fr_FR","og_type":"article","og_title":"Dentifrice Herbal Ultra Blanchissant - 75 ml","og_description":"Wij hebben een ruime keuze aan producten van Dentifrice Herbal Ultra Blanchissant - 75 ml . Winkel bij Eco Supplements altijd gratis verzending boven 100\u20ac","og_url":"https:\/\/ecosupplements.be\/fr\/produit\/dentifrice-herbal-ultra-blanchissant-75-ml\/","og_site_name":"ECO Supplements","article_modified_time":"2025-08-27T13:24:05+00:00","og_image":[{"width":1260,"height":592,"url":"https:\/\/ecosupplements.be\/wp-content\/uploads\/2025\/08\/Ultra-Whitening-Herbal-Toothpaste-75-ml-1.jpg","type":"image\/jpeg"}],"twitter_card":"summary_large_image","twitter_misc":{"Prix":"4.17&nbsp;&euro;","Disponibilit\u00e9":"En stock"},"schema":{"@context":"https:\/\/schema.org","@graph":[{"@type":["WebPage","ItemPage"],"@id":"https:\/\/ecosupplements.be\/fr\/produit\/dentifrice-herbal-ultra-blanchissant-75-ml\/","url":"https:\/\/ecosupplements.be\/fr\/produit\/dentifrice-herbal-ultra-blanchissant-75-ml\/","name":"Dentifrice Herbal Ultra Blanchissant - 75 ml - ECO Supplements","isPartOf":{"@id":"https:\/\/ecosupplements.be\/fr\/#website"},"primaryImageOfPage":{"@id":"https:\/\/ecosupplements.be\/fr\/produit\/dentifrice-herbal-ultra-blanchissant-75-ml\/#primaryimage"},"image":{"@id":"https:\/\/ecosupplements.be\/fr\/produit\/dentifrice-herbal-ultra-blanchissant-75-ml\/#primaryimage"},"thumbnailUrl":"https:\/\/ecosupplements.be\/wp-content\/uploads\/2025\/08\/Ultra-Whitening-Herbal-Toothpaste-75-ml.jpg","datePublished":"2024-03-07T19:00:31+00:00","dateModified":"2025-08-27T13:24:05+00:00","description":"Wij hebben een ruime keuze aan producten van Dentifrice Herbal Ultra Blanchissant - 75 ml . Winkel bij Eco Supplements altijd gratis verzending boven 100\u20ac","breadcrumb":{"@id":"https:\/\/ecosupplements.be\/fr\/produit\/dentifrice-herbal-ultra-blanchissant-75-ml\/#breadcrumb"},"inLanguage":"fr-FR","potentialAction":[{"@type":"ReadAction","target":["https:\/\/ecosupplements.be\/fr\/produit\/dentifrice-herbal-ultra-blanchissant-75-ml\/"]}]},{"@type":"ImageObject","inLanguage":"fr-FR","@id":"https:\/\/ecosupplements.be\/fr\/produit\/dentifrice-herbal-ultra-blanchissant-75-ml\/#primaryimage","url":"https:\/\/ecosupplements.be\/wp-content\/uploads\/2025\/08\/Ultra-Whitening-Herbal-Toothpaste-75-ml.jpg","contentUrl":"https:\/\/ecosupplements.be\/wp-content\/uploads\/2025\/08\/Ultra-Whitening-Herbal-Toothpaste-75-ml.jpg","width":1260,"height":592},{"@type":"BreadcrumbList","@id":"https:\/\/ecosupplements.be\/fr\/produit\/dentifrice-herbal-ultra-blanchissant-75-ml\/#breadcrumb","itemListElement":[{"@type":"ListItem","position":1,"name":"Home","item":"https:\/\/ecosupplements.be\/fr\/"},{"@type":"ListItem","position":2,"name":"Boutique","item":"https:\/\/ecosupplements.be\/fr\/boutique\/"},{"@type":"ListItem","position":3,"name":"Dentifrice Herbal Ultra Blanchissant &#8211; 75 ml"}]},{"@type":"WebSite","@id":"https:\/\/ecosupplements.be\/fr\/#website","url":"https:\/\/ecosupplements.be\/fr\/","name":"ECO Supplements","description":"Eco Supplements - Gezonde supplementen","publisher":{"@id":"https:\/\/ecosupplements.be\/fr\/#organization"},"potentialAction":[{"@type":"SearchAction","target":{"@type":"EntryPoint","urlTemplate":"https:\/\/ecosupplements.be\/fr\/?s={search_term_string}"},"query-input":{"@type":"PropertyValueSpecification","valueRequired":true,"valueName":"search_term_string"}}],"inLanguage":"fr-FR"},{"@type":"Organization","@id":"https:\/\/ecosupplements.be\/fr\/#organization","name":"Eco Supplements","url":"https:\/\/ecosupplements.be\/fr\/","logo":{"@type":"ImageObject","inLanguage":"fr-FR","@id":"https:\/\/ecosupplements.be\/fr\/#\/schema\/logo\/image\/","url":"https:\/\/ecosupplements.be\/wp-content\/uploads\/2022\/06\/ecosupplement-family.png","contentUrl":"https:\/\/ecosupplements.be\/wp-content\/uploads\/2022\/06\/ecosupplement-family.png","width":593,"height":374,"caption":"Eco Supplements"},"image":{"@id":"https:\/\/ecosupplements.be\/fr\/#\/schema\/logo\/image\/"}}]},"product_brand":"Himalaya","product_price_amount":"4.17","product_price_currency":"EUR","og_availability":"instock","product_availability":"instock","product_retailer_item_id":"6291107225104","product_condition":"new"},"_links":{"self":[{"href":"https:\/\/ecosupplements.be\/fr\/wp-json\/wp\/v2\/product\/287448","targetHints":{"allow":["GET"]}}],"collection":[{"href":"https:\/\/ecosupplements.be\/fr\/wp-json\/wp\/v2\/product"}],"about":[{"href":"https:\/\/ecosupplements.be\/fr\/wp-json\/wp\/v2\/types\/product"}],"replies":[{"embeddable":true,"href":"https:\/\/ecosupplements.be\/fr\/wp-json\/wp\/v2\/comments?post=287448"}],"wp:featuredmedia":[{"embeddable":true,"href":"https:\/\/ecosupplements.be\/fr\/wp-json\/wp\/v2\/media\/263960"}],"wp:attachment":[{"href":"https:\/\/ecosupplements.be\/fr\/wp-json\/wp\/v2\/media?parent=287448"}],"wp:term":[{"taxonomy":"product_brand","embeddable":true,"href":"https:\/\/ecosupplements.be\/fr\/wp-json\/wp\/v2\/product_brand?post=287448"},{"taxonomy":"product_cat","embeddable":true,"href":"https:\/\/ecosupplements.be\/fr\/wp-json\/wp\/v2\/product_cat?post=287448"},{"taxonomy":"product_tag","embeddable":true,"href":"https:\/\/ecosupplements.be\/fr\/wp-json\/wp\/v2\/product_tag?post=287448"}],"curies":[{"name":"wp","href":"https:\/\/api.w.org\/{rel}","templated":true}]}}