{"id":287466,"date":"2022-08-05T18:06:54","date_gmt":"2022-08-05T17:06:54","guid":{"rendered":"https:\/\/ecosupplements.be\/product\/vinaigre-de-cidre-de-pomme-300mg-400-comprimes\/"},"modified":"2025-08-27T14:24:20","modified_gmt":"2025-08-27T13:24:20","slug":"vinaigre-de-cidre-de-pomme-300mg-400-comprimes","status":"publish","type":"product","link":"https:\/\/ecosupplements.be\/fr\/produit\/vinaigre-de-cidre-de-pomme-300mg-400-comprimes\/","title":{"rendered":"Vinaigre de cidre de pomme, 300mg &#8211; 400 comprim\u00e9s"},"content":{"rendered":"<h1>Apple Cider Vinegar, 300mg &#8211; 400 tabs<\/h1>\n<p>D\u00e9couvrez les bienfaits \u200bde l&#8217;Apple Cider Vinegar\u200d avec ces comprim\u00e9s pratiques de 300mg. Fabriqu\u00e9s par la marque r\u00e9put\u00e9e Holland\u2063 &#038; Barrett, ces comprim\u00e9s sont un moyen facile \u200cet\u2064 efficace de profiter des avantages de l&#8217;Apple Cider Vinegar sans avoir \u00e0 supporter son go\u00fbt acide.<\/p>\n<h2>Caract\u00e9ristiques sp\u00e9ciales<\/h2>\n<ul>\n<li>Contient \u200c300mg d&#8217;Apple Cider Vinegar par comprim\u00e9<\/li>\n<li>400 comprim\u00e9s par bouteille<\/li>\n<li>Fabriqu\u00e9 par la marque r\u00e9put\u00e9e Holland &#038; Barrett<\/li>\n<li>Facile \u00e0 \u200bprendre et\u200c sans le go\u00fbt \u2062acide de l&#8217;Apple Cider\u200d Vinegar<\/li>\n<\/ul>\n<h2>Ingr\u00e9dients<\/h2>\n<p>Chaque comprim\u00e9 contient 300mg d&#8217;Apple Cider Vinegar. Les autres ingr\u00e9dients comprennent du st\u00e9arate de \u200bmagn\u00e9sium, du dioxyde de silicium et du phosphate dicalcique.<\/p>\n<h2>Avantages uniques<\/h2>\n<p>L&#8217;Apple Cider Vinegar est connu pour ses nombreux bienfaits pour la sant\u00e9, notamment pour aider \u00e0 la digestion, \u00e0 la perte de poids et \u00e0 la\u2063 r\u00e9gulation du taux de sucre dans le sang. \u200bEn prenant ces comprim\u00e9s pratiques, vous \u200dpouvez facilement int\u00e9grer l&#8217;Apple Cider Vinegar\u2063 \u00e0\u200c votre routine\u200d quotidienne et profiter de ses avantages sans\u200b avoir \u00e0\u200c supporter \u2062son go\u00fbt acide.<\/p>\n<h2>Principales caract\u00e9ristiques<\/h2>\n<ul>\n<li>Facile \u00e0 \u2063prendre<\/li>\n<li>Contient 300mg d&#8217;Apple Cider Vinegar \u2063par comprim\u00e9<\/li>\n<li>400 comprim\u00e9s par\u2064 bouteille<\/li>\n<li>Aide \u200c\u00e0 \u200cla digestion, \u00e0 la perte de \u2062poids et \u00e0\u200c la r\u00e9gulation du taux\u2063 de sucre dans le sang<\/li>\n<li>Sans le go\u00fbt acide de l&#8217;Apple Cider\u2064 Vinegar<\/li>\n<\/ul>\n<p>Profitez des bienfaits de l&#8217;Apple Cider Vinegar avec ces comprim\u00e9s pratiques \u200dde 300mg de la marque \u2062Holland &#038; Barrett. Faciles \u00e0 prendre\u2063 et sans\u2062 le go\u00fbt acide, ces comprim\u00e9s sont un moyen pratique\u2064 d&#8217;int\u00e9grer l&#8217;Apple Cider Vinegar \u00e0 votre routine quotidienne pour une meilleure sant\u00e9 et un bien-\u00eatre g\u00e9n\u00e9ral.<\/p>\n","protected":false},"excerpt":{"rendered":"<p>Apple Cider Vinegar, 300mg &#8211; 400 tabs D\u00e9couvrez les bienfaits \u200bde l&#8217;Apple Cider Vinegar\u200d avec ces comprim\u00e9s pratiques de 300mg. Fabriqu\u00e9s par la marque r\u00e9put\u00e9e Holland\u2063 &#038; Barrett, ces comprim\u00e9s sont un moyen facile \u200cet\u2064 efficace de profiter des avantages de l&#8217;Apple Cider Vinegar sans avoir \u00e0 supporter son go\u00fbt acide. Caract\u00e9ristiques sp\u00e9ciales Contient \u200c300mg [&#8230;]\n","protected":false},"featured_media":260085,"comment_status":"open","ping_status":"open","template":"","meta":[],"product_brand":[4819],"product_cat":[5087,5052],"product_tag":[],"class_list":{"0":"post-287466","1":"product","2":"type-product","3":"status-publish","4":"has-post-thumbnail","6":"product_brand-holland-barrett-2","7":"product_cat-sante-digestive-fibres","8":"product_cat-sante-et-bien-etre","10":"first","11":"instock","12":"sale","13":"taxable","14":"shipping-taxable","15":"purchasable","16":"product-type-simple"},"yoast_head":"<!-- This site is optimized with the Yoast SEO Premium plugin v27.3 (Yoast SEO v27.3) - https:\/\/yoast.com\/product\/yoast-seo-premium-wordpress\/ -->\n<title>Vinaigre de cidre de pomme, 300mg - 400 comprim\u00e9s - ECO Supplements<\/title>\n<meta name=\"description\" content=\"Wij hebben een ruime keuze aan producten van Vinaigre de cidre de pomme, 300mg - 400 comprim\u00e9s . Winkel bij Eco Supplements altijd gratis verzending boven 100\u20ac\" \/>\n<meta name=\"robots\" content=\"index, follow, max-snippet:-1, max-image-preview:large, max-video-preview:-1\" \/>\n<link rel=\"canonical\" href=\"https:\/\/ecosupplements.be\/fr\/produit\/vinaigre-de-cidre-de-pomme-300mg-400-comprimes\/\" \/>\n<meta property=\"og:locale\" content=\"fr_FR\" \/>\n<meta property=\"og:type\" content=\"article\" \/>\n<meta property=\"og:title\" content=\"Vinaigre de cidre de pomme, 300mg - 400 comprim\u00e9s\" \/>\n<meta property=\"og:description\" content=\"Wij hebben een ruime keuze aan producten van Vinaigre de cidre de pomme, 300mg - 400 comprim\u00e9s . Winkel bij Eco Supplements altijd gratis verzending boven 100\u20ac\" \/>\n<meta property=\"og:url\" content=\"https:\/\/ecosupplements.be\/fr\/produit\/vinaigre-de-cidre-de-pomme-300mg-400-comprimes\/\" \/>\n<meta property=\"og:site_name\" content=\"ECO Supplements\" \/>\n<meta property=\"article:modified_time\" content=\"2025-08-27T13:24:20+00:00\" \/>\n<meta property=\"og:image\" content=\"https:\/\/ecosupplements.be\/wp-content\/uploads\/2025\/08\/Apple-Cider-Vinegar-300mg-400-tablets-1.jpg\" \/>\n\t<meta property=\"og:image:width\" content=\"328\" \/>\n\t<meta property=\"og:image:height\" content=\"598\" \/>\n\t<meta property=\"og:image:type\" content=\"image\/jpeg\" \/>\n<meta name=\"twitter:card\" content=\"summary_large_image\" \/>\n<meta name=\"twitter:label1\" content=\"Prix\" \/>\n\t<meta name=\"twitter:data1\" content=\"10.25&nbsp;&euro;\" \/>\n\t<meta name=\"twitter:label2\" content=\"Disponibilit\u00e9\" \/>\n\t<meta name=\"twitter:data2\" content=\"En stock\" \/>\n<script type=\"application\/ld+json\" class=\"yoast-schema-graph\">{\"@context\":\"https:\\\/\\\/schema.org\",\"@graph\":[{\"@type\":[\"WebPage\",\"ItemPage\"],\"@id\":\"https:\\\/\\\/ecosupplements.be\\\/fr\\\/produit\\\/vinaigre-de-cidre-de-pomme-300mg-400-comprimes\\\/\",\"url\":\"https:\\\/\\\/ecosupplements.be\\\/fr\\\/produit\\\/vinaigre-de-cidre-de-pomme-300mg-400-comprimes\\\/\",\"name\":\"Vinaigre de cidre de pomme, 300mg - 400 comprim\u00e9s - ECO Supplements\",\"isPartOf\":{\"@id\":\"https:\\\/\\\/ecosupplements.be\\\/fr\\\/#website\"},\"primaryImageOfPage\":{\"@id\":\"https:\\\/\\\/ecosupplements.be\\\/fr\\\/produit\\\/vinaigre-de-cidre-de-pomme-300mg-400-comprimes\\\/#primaryimage\"},\"image\":{\"@id\":\"https:\\\/\\\/ecosupplements.be\\\/fr\\\/produit\\\/vinaigre-de-cidre-de-pomme-300mg-400-comprimes\\\/#primaryimage\"},\"thumbnailUrl\":\"https:\\\/\\\/ecosupplements.be\\\/wp-content\\\/uploads\\\/2025\\\/08\\\/Apple-Cider-Vinegar-300mg-400-tablets.jpg\",\"datePublished\":\"2022-08-05T17:06:54+00:00\",\"dateModified\":\"2025-08-27T13:24:20+00:00\",\"description\":\"Wij hebben een ruime keuze aan producten van Vinaigre de cidre de pomme, 300mg - 400 comprim\u00e9s . Winkel bij Eco Supplements altijd gratis verzending boven 100\u20ac\",\"breadcrumb\":{\"@id\":\"https:\\\/\\\/ecosupplements.be\\\/fr\\\/produit\\\/vinaigre-de-cidre-de-pomme-300mg-400-comprimes\\\/#breadcrumb\"},\"inLanguage\":\"fr-FR\",\"potentialAction\":[{\"@type\":\"ReadAction\",\"target\":[\"https:\\\/\\\/ecosupplements.be\\\/fr\\\/produit\\\/vinaigre-de-cidre-de-pomme-300mg-400-comprimes\\\/\"]}]},{\"@type\":\"ImageObject\",\"inLanguage\":\"fr-FR\",\"@id\":\"https:\\\/\\\/ecosupplements.be\\\/fr\\\/produit\\\/vinaigre-de-cidre-de-pomme-300mg-400-comprimes\\\/#primaryimage\",\"url\":\"https:\\\/\\\/ecosupplements.be\\\/wp-content\\\/uploads\\\/2025\\\/08\\\/Apple-Cider-Vinegar-300mg-400-tablets.jpg\",\"contentUrl\":\"https:\\\/\\\/ecosupplements.be\\\/wp-content\\\/uploads\\\/2025\\\/08\\\/Apple-Cider-Vinegar-300mg-400-tablets.jpg\",\"width\":328,\"height\":598},{\"@type\":\"BreadcrumbList\",\"@id\":\"https:\\\/\\\/ecosupplements.be\\\/fr\\\/produit\\\/vinaigre-de-cidre-de-pomme-300mg-400-comprimes\\\/#breadcrumb\",\"itemListElement\":[{\"@type\":\"ListItem\",\"position\":1,\"name\":\"Home\",\"item\":\"https:\\\/\\\/ecosupplements.be\\\/fr\\\/\"},{\"@type\":\"ListItem\",\"position\":2,\"name\":\"Boutique\",\"item\":\"https:\\\/\\\/ecosupplements.be\\\/fr\\\/boutique\\\/\"},{\"@type\":\"ListItem\",\"position\":3,\"name\":\"Vinaigre de cidre de pomme, 300mg &#8211; 400 comprim\u00e9s\"}]},{\"@type\":\"WebSite\",\"@id\":\"https:\\\/\\\/ecosupplements.be\\\/fr\\\/#website\",\"url\":\"https:\\\/\\\/ecosupplements.be\\\/fr\\\/\",\"name\":\"ECO Supplements\",\"description\":\"Eco Supplements - Gezonde supplementen\",\"publisher\":{\"@id\":\"https:\\\/\\\/ecosupplements.be\\\/fr\\\/#organization\"},\"potentialAction\":[{\"@type\":\"SearchAction\",\"target\":{\"@type\":\"EntryPoint\",\"urlTemplate\":\"https:\\\/\\\/ecosupplements.be\\\/fr\\\/?s={search_term_string}\"},\"query-input\":{\"@type\":\"PropertyValueSpecification\",\"valueRequired\":true,\"valueName\":\"search_term_string\"}}],\"inLanguage\":\"fr-FR\"},{\"@type\":\"Organization\",\"@id\":\"https:\\\/\\\/ecosupplements.be\\\/fr\\\/#organization\",\"name\":\"Eco Supplements\",\"url\":\"https:\\\/\\\/ecosupplements.be\\\/fr\\\/\",\"logo\":{\"@type\":\"ImageObject\",\"inLanguage\":\"fr-FR\",\"@id\":\"https:\\\/\\\/ecosupplements.be\\\/fr\\\/#\\\/schema\\\/logo\\\/image\\\/\",\"url\":\"https:\\\/\\\/ecosupplements.be\\\/wp-content\\\/uploads\\\/2022\\\/06\\\/ecosupplement-family.png\",\"contentUrl\":\"https:\\\/\\\/ecosupplements.be\\\/wp-content\\\/uploads\\\/2022\\\/06\\\/ecosupplement-family.png\",\"width\":593,\"height\":374,\"caption\":\"Eco Supplements\"},\"image\":{\"@id\":\"https:\\\/\\\/ecosupplements.be\\\/fr\\\/#\\\/schema\\\/logo\\\/image\\\/\"}}]}<\/script>\n<meta property=\"product:brand\" content=\"Holland &amp; Barrett\" \/>\n<meta property=\"product:price:amount\" content=\"10.25\" \/>\n<meta property=\"product:price:currency\" content=\"EUR\" \/>\n<meta property=\"og:availability\" content=\"instock\" \/>\n<meta property=\"product:availability\" content=\"instock\" \/>\n<meta property=\"product:retailer_item_id\" content=\"5017174029428\" \/>\n<meta property=\"product:condition\" content=\"new\" \/>\n<!-- \/ Yoast SEO Premium plugin. -->","yoast_head_json":{"title":"Vinaigre de cidre de pomme, 300mg - 400 comprim\u00e9s - ECO Supplements","description":"Wij hebben een ruime keuze aan producten van Vinaigre de cidre de pomme, 300mg - 400 comprim\u00e9s . Winkel bij Eco Supplements altijd gratis verzending boven 100\u20ac","robots":{"index":"index","follow":"follow","max-snippet":"max-snippet:-1","max-image-preview":"max-image-preview:large","max-video-preview":"max-video-preview:-1"},"canonical":"https:\/\/ecosupplements.be\/fr\/produit\/vinaigre-de-cidre-de-pomme-300mg-400-comprimes\/","og_locale":"fr_FR","og_type":"article","og_title":"Vinaigre de cidre de pomme, 300mg - 400 comprim\u00e9s","og_description":"Wij hebben een ruime keuze aan producten van Vinaigre de cidre de pomme, 300mg - 400 comprim\u00e9s . Winkel bij Eco Supplements altijd gratis verzending boven 100\u20ac","og_url":"https:\/\/ecosupplements.be\/fr\/produit\/vinaigre-de-cidre-de-pomme-300mg-400-comprimes\/","og_site_name":"ECO Supplements","article_modified_time":"2025-08-27T13:24:20+00:00","og_image":[{"width":328,"height":598,"url":"https:\/\/ecosupplements.be\/wp-content\/uploads\/2025\/08\/Apple-Cider-Vinegar-300mg-400-tablets-1.jpg","type":"image\/jpeg"}],"twitter_card":"summary_large_image","twitter_misc":{"Prix":"10.25&nbsp;&euro;","Disponibilit\u00e9":"En stock"},"schema":{"@context":"https:\/\/schema.org","@graph":[{"@type":["WebPage","ItemPage"],"@id":"https:\/\/ecosupplements.be\/fr\/produit\/vinaigre-de-cidre-de-pomme-300mg-400-comprimes\/","url":"https:\/\/ecosupplements.be\/fr\/produit\/vinaigre-de-cidre-de-pomme-300mg-400-comprimes\/","name":"Vinaigre de cidre de pomme, 300mg - 400 comprim\u00e9s - ECO Supplements","isPartOf":{"@id":"https:\/\/ecosupplements.be\/fr\/#website"},"primaryImageOfPage":{"@id":"https:\/\/ecosupplements.be\/fr\/produit\/vinaigre-de-cidre-de-pomme-300mg-400-comprimes\/#primaryimage"},"image":{"@id":"https:\/\/ecosupplements.be\/fr\/produit\/vinaigre-de-cidre-de-pomme-300mg-400-comprimes\/#primaryimage"},"thumbnailUrl":"https:\/\/ecosupplements.be\/wp-content\/uploads\/2025\/08\/Apple-Cider-Vinegar-300mg-400-tablets.jpg","datePublished":"2022-08-05T17:06:54+00:00","dateModified":"2025-08-27T13:24:20+00:00","description":"Wij hebben een ruime keuze aan producten van Vinaigre de cidre de pomme, 300mg - 400 comprim\u00e9s . Winkel bij Eco Supplements altijd gratis verzending boven 100\u20ac","breadcrumb":{"@id":"https:\/\/ecosupplements.be\/fr\/produit\/vinaigre-de-cidre-de-pomme-300mg-400-comprimes\/#breadcrumb"},"inLanguage":"fr-FR","potentialAction":[{"@type":"ReadAction","target":["https:\/\/ecosupplements.be\/fr\/produit\/vinaigre-de-cidre-de-pomme-300mg-400-comprimes\/"]}]},{"@type":"ImageObject","inLanguage":"fr-FR","@id":"https:\/\/ecosupplements.be\/fr\/produit\/vinaigre-de-cidre-de-pomme-300mg-400-comprimes\/#primaryimage","url":"https:\/\/ecosupplements.be\/wp-content\/uploads\/2025\/08\/Apple-Cider-Vinegar-300mg-400-tablets.jpg","contentUrl":"https:\/\/ecosupplements.be\/wp-content\/uploads\/2025\/08\/Apple-Cider-Vinegar-300mg-400-tablets.jpg","width":328,"height":598},{"@type":"BreadcrumbList","@id":"https:\/\/ecosupplements.be\/fr\/produit\/vinaigre-de-cidre-de-pomme-300mg-400-comprimes\/#breadcrumb","itemListElement":[{"@type":"ListItem","position":1,"name":"Home","item":"https:\/\/ecosupplements.be\/fr\/"},{"@type":"ListItem","position":2,"name":"Boutique","item":"https:\/\/ecosupplements.be\/fr\/boutique\/"},{"@type":"ListItem","position":3,"name":"Vinaigre de cidre de pomme, 300mg &#8211; 400 comprim\u00e9s"}]},{"@type":"WebSite","@id":"https:\/\/ecosupplements.be\/fr\/#website","url":"https:\/\/ecosupplements.be\/fr\/","name":"ECO Supplements","description":"Eco Supplements - Gezonde supplementen","publisher":{"@id":"https:\/\/ecosupplements.be\/fr\/#organization"},"potentialAction":[{"@type":"SearchAction","target":{"@type":"EntryPoint","urlTemplate":"https:\/\/ecosupplements.be\/fr\/?s={search_term_string}"},"query-input":{"@type":"PropertyValueSpecification","valueRequired":true,"valueName":"search_term_string"}}],"inLanguage":"fr-FR"},{"@type":"Organization","@id":"https:\/\/ecosupplements.be\/fr\/#organization","name":"Eco Supplements","url":"https:\/\/ecosupplements.be\/fr\/","logo":{"@type":"ImageObject","inLanguage":"fr-FR","@id":"https:\/\/ecosupplements.be\/fr\/#\/schema\/logo\/image\/","url":"https:\/\/ecosupplements.be\/wp-content\/uploads\/2022\/06\/ecosupplement-family.png","contentUrl":"https:\/\/ecosupplements.be\/wp-content\/uploads\/2022\/06\/ecosupplement-family.png","width":593,"height":374,"caption":"Eco Supplements"},"image":{"@id":"https:\/\/ecosupplements.be\/fr\/#\/schema\/logo\/image\/"}}]},"product_brand":"Holland &amp; Barrett","product_price_amount":"10.25","product_price_currency":"EUR","og_availability":"instock","product_availability":"instock","product_retailer_item_id":"5017174029428","product_condition":"new"},"_links":{"self":[{"href":"https:\/\/ecosupplements.be\/fr\/wp-json\/wp\/v2\/product\/287466","targetHints":{"allow":["GET"]}}],"collection":[{"href":"https:\/\/ecosupplements.be\/fr\/wp-json\/wp\/v2\/product"}],"about":[{"href":"https:\/\/ecosupplements.be\/fr\/wp-json\/wp\/v2\/types\/product"}],"replies":[{"embeddable":true,"href":"https:\/\/ecosupplements.be\/fr\/wp-json\/wp\/v2\/comments?post=287466"}],"wp:featuredmedia":[{"embeddable":true,"href":"https:\/\/ecosupplements.be\/fr\/wp-json\/wp\/v2\/media\/260085"}],"wp:attachment":[{"href":"https:\/\/ecosupplements.be\/fr\/wp-json\/wp\/v2\/media?parent=287466"}],"wp:term":[{"taxonomy":"product_brand","embeddable":true,"href":"https:\/\/ecosupplements.be\/fr\/wp-json\/wp\/v2\/product_brand?post=287466"},{"taxonomy":"product_cat","embeddable":true,"href":"https:\/\/ecosupplements.be\/fr\/wp-json\/wp\/v2\/product_cat?post=287466"},{"taxonomy":"product_tag","embeddable":true,"href":"https:\/\/ecosupplements.be\/fr\/wp-json\/wp\/v2\/product_tag?post=287466"}],"curies":[{"name":"wp","href":"https:\/\/api.w.org\/{rel}","templated":true}]}}