{"id":287475,"date":"2022-06-28T10:12:43","date_gmt":"2022-06-28T09:12:43","guid":{"rendered":"https:\/\/ecosupplements.be\/product\/biotine-1000mcg-120-comprimes\/"},"modified":"2025-08-27T14:24:28","modified_gmt":"2025-08-27T13:24:28","slug":"biotine-1000mcg-120-comprimes","status":"publish","type":"product","link":"https:\/\/ecosupplements.be\/fr\/produit\/biotine-1000mcg-120-comprimes\/","title":{"rendered":"Biotine, 1000mcg &#8211; 120 comprim\u00e9s"},"content":{"rendered":"<h1>Biotin, 1000mcg &#8211; 120 tablets<\/h1>\n<p>Obtenez des\u200c cheveux, \u2063des ongles et une peau \u200dsains \u2064avec les comprim\u00e9s de\u200d biotine\u2064 de Holland &#038; Barrett. Chaque comprim\u00e9 contient\u2064 1000mcg de biotine, \u00e9galement connue sous le nom de vitamine B7,\u200d qui est \u2063essentielle pour la sant\u00e9 de nos cheveux, de nos ongles\u200b et de notre\u2064 peau.<\/p>\n<h2>Caract\u00e9ristiques sp\u00e9ciales:<\/h2>\n<ul>\n<li>Chaque comprim\u00e9 contient\u2063 1000mcg de biotine<\/li>\n<li>Essentielle pour la sant\u00e9 des cheveux, des ongles et de la peau<\/li>\n<li>Convient aux v\u00e9g\u00e9tariens et v\u00e9g\u00e9taliens<\/li>\n<li>Ne\u200c contient pas \u200cde colorants artificiels, de saveurs \u200bou de conservateurs<\/li>\n<li>120 comprim\u00e9s par bouteille<\/li>\n<\/ul>\n<h2>Ingr\u00e9dients:<\/h2>\n<p>Chaque comprim\u00e9 contient 1000mcg \u200dde \u2064biotine, ainsi que des ingr\u00e9dients inactifs tels que le phosphate dicalcique, la\u2064 cellulose microcristalline et le st\u00e9arate de magn\u00e9sium.<\/p>\n<h2>Avantages uniques:<\/h2>\n<p>La biotine est une vitamine essentielle pour la sant\u00e9 de nos cheveux, de nos ongles et de notre\u200c peau. \u2062Elle aide \u00e0 renforcer les \u2063cheveux et les ongles, \u00e0 pr\u00e9venir la chute des\u2063 cheveux\u2063 et \u00e0 am\u00e9liorer la texture et l&#8217;apparence de la peau. Elle peut \u00e9galement\u200c aider \u00e0 maintenir un m\u00e9tabolisme \u2063sain et\u2063 \u00e0 r\u00e9guler la glyc\u00e9mie.<\/p>\n<h2>Principales caract\u00e9ristiques:<\/h2>\n<ul>\n<li>Renforce les cheveux et les ongles<\/li>\n<li>Am\u00e9liore la texture et l&#8217;apparence de la peau<\/li>\n<li>Peut aider \u00e0\u2063 maintenir \u200dun m\u00e9tabolisme sain<\/li>\n<li>Convient aux v\u00e9g\u00e9tariens et\u2063 v\u00e9g\u00e9taliens<\/li>\n<li>Facile \u00e0 prendre avec 120 comprim\u00e9s par bouteille<\/li>\n<\/ul>\n<p>Prenez soin de votre beaut\u00e9 int\u00e9rieure\u200c avec les comprim\u00e9s de biotine de Holland &#038; Barrett. Ajoutez-les \u00e0 votre routine quotidienne pour des \u2063cheveux, des ongles et une \u200bpeau\u200d sains et \u00e9clatants.<\/p>\n","protected":false},"excerpt":{"rendered":"<p>Biotin, 1000mcg &#8211; 120 tablets Obtenez des\u200c cheveux, \u2063des ongles et une peau \u200dsains \u2064avec les comprim\u00e9s de\u200d biotine\u2064 de Holland &#038; Barrett. Chaque comprim\u00e9 contient\u2064 1000mcg de biotine, \u00e9galement connue sous le nom de vitamine B7,\u200d qui est \u2063essentielle pour la sant\u00e9 de nos cheveux, de nos ongles\u200b et de notre\u2064 peau. Caract\u00e9ristiques sp\u00e9ciales: [&#8230;]\n","protected":false},"featured_media":245172,"comment_status":"open","ping_status":"open","template":"","meta":[],"product_brand":[4819],"product_cat":[5054,5055,5052],"product_tag":[],"class_list":{"0":"post-287475","1":"product","2":"type-product","3":"status-publish","4":"has-post-thumbnail","6":"product_brand-holland-barrett-2","7":"product_cat-nourriture-saine","8":"product_cat-produits-vegetaliens","9":"product_cat-sante-et-bien-etre","11":"first","12":"instock","13":"taxable","14":"shipping-taxable","15":"purchasable","16":"product-type-simple"},"yoast_head":"<!-- This site is optimized with the Yoast SEO Premium plugin v27.3 (Yoast SEO v27.3) - https:\/\/yoast.com\/product\/yoast-seo-premium-wordpress\/ -->\n<title>Biotine, 1000mcg - 120 comprim\u00e9s - ECO Supplements<\/title>\n<meta name=\"description\" content=\"Wij hebben een ruime keuze aan producten van Biotine, 1000mcg - 120 comprim\u00e9s . Winkel bij Eco Supplements altijd gratis verzending boven 100\u20ac\" \/>\n<meta name=\"robots\" content=\"index, follow, max-snippet:-1, max-image-preview:large, max-video-preview:-1\" \/>\n<link rel=\"canonical\" href=\"https:\/\/ecosupplements.be\/fr\/produit\/biotine-1000mcg-120-comprimes\/\" \/>\n<meta property=\"og:locale\" content=\"fr_FR\" \/>\n<meta property=\"og:type\" content=\"article\" \/>\n<meta property=\"og:title\" content=\"Biotine, 1000mcg - 120 comprim\u00e9s\" \/>\n<meta property=\"og:description\" content=\"Wij hebben een ruime keuze aan producten van Biotine, 1000mcg - 120 comprim\u00e9s . Winkel bij Eco Supplements altijd gratis verzending boven 100\u20ac\" \/>\n<meta property=\"og:url\" content=\"https:\/\/ecosupplements.be\/fr\/produit\/biotine-1000mcg-120-comprimes\/\" \/>\n<meta property=\"og:site_name\" content=\"ECO Supplements\" \/>\n<meta property=\"article:modified_time\" content=\"2025-08-27T13:24:28+00:00\" \/>\n<meta property=\"og:image\" content=\"https:\/\/ecosupplements.be\/wp-content\/uploads\/2025\/08\/Biotin-1000mcg-120-tablets-1.jpg\" \/>\n\t<meta property=\"og:image:width\" content=\"335\" \/>\n\t<meta property=\"og:image:height\" content=\"490\" \/>\n\t<meta property=\"og:image:type\" content=\"image\/jpeg\" \/>\n<meta name=\"twitter:card\" content=\"summary_large_image\" \/>\n<meta name=\"twitter:label1\" content=\"Prix\" \/>\n\t<meta name=\"twitter:data1\" content=\"2.16&nbsp;&euro;\" \/>\n\t<meta name=\"twitter:label2\" content=\"Disponibilit\u00e9\" \/>\n\t<meta name=\"twitter:data2\" content=\"En stock\" \/>\n<script type=\"application\/ld+json\" class=\"yoast-schema-graph\">{\"@context\":\"https:\\\/\\\/schema.org\",\"@graph\":[{\"@type\":[\"WebPage\",\"ItemPage\"],\"@id\":\"https:\\\/\\\/ecosupplements.be\\\/fr\\\/produit\\\/biotine-1000mcg-120-comprimes\\\/\",\"url\":\"https:\\\/\\\/ecosupplements.be\\\/fr\\\/produit\\\/biotine-1000mcg-120-comprimes\\\/\",\"name\":\"Biotine, 1000mcg - 120 comprim\u00e9s - ECO Supplements\",\"isPartOf\":{\"@id\":\"https:\\\/\\\/ecosupplements.be\\\/fr\\\/#website\"},\"primaryImageOfPage\":{\"@id\":\"https:\\\/\\\/ecosupplements.be\\\/fr\\\/produit\\\/biotine-1000mcg-120-comprimes\\\/#primaryimage\"},\"image\":{\"@id\":\"https:\\\/\\\/ecosupplements.be\\\/fr\\\/produit\\\/biotine-1000mcg-120-comprimes\\\/#primaryimage\"},\"thumbnailUrl\":\"https:\\\/\\\/ecosupplements.be\\\/wp-content\\\/uploads\\\/2025\\\/08\\\/Biotin-1000mcg-120-tablets.jpg\",\"datePublished\":\"2022-06-28T09:12:43+00:00\",\"dateModified\":\"2025-08-27T13:24:28+00:00\",\"description\":\"Wij hebben een ruime keuze aan producten van Biotine, 1000mcg - 120 comprim\u00e9s . Winkel bij Eco Supplements altijd gratis verzending boven 100\u20ac\",\"breadcrumb\":{\"@id\":\"https:\\\/\\\/ecosupplements.be\\\/fr\\\/produit\\\/biotine-1000mcg-120-comprimes\\\/#breadcrumb\"},\"inLanguage\":\"fr-FR\",\"potentialAction\":[{\"@type\":\"ReadAction\",\"target\":[\"https:\\\/\\\/ecosupplements.be\\\/fr\\\/produit\\\/biotine-1000mcg-120-comprimes\\\/\"]}]},{\"@type\":\"ImageObject\",\"inLanguage\":\"fr-FR\",\"@id\":\"https:\\\/\\\/ecosupplements.be\\\/fr\\\/produit\\\/biotine-1000mcg-120-comprimes\\\/#primaryimage\",\"url\":\"https:\\\/\\\/ecosupplements.be\\\/wp-content\\\/uploads\\\/2025\\\/08\\\/Biotin-1000mcg-120-tablets.jpg\",\"contentUrl\":\"https:\\\/\\\/ecosupplements.be\\\/wp-content\\\/uploads\\\/2025\\\/08\\\/Biotin-1000mcg-120-tablets.jpg\",\"width\":335,\"height\":490},{\"@type\":\"BreadcrumbList\",\"@id\":\"https:\\\/\\\/ecosupplements.be\\\/fr\\\/produit\\\/biotine-1000mcg-120-comprimes\\\/#breadcrumb\",\"itemListElement\":[{\"@type\":\"ListItem\",\"position\":1,\"name\":\"Home\",\"item\":\"https:\\\/\\\/ecosupplements.be\\\/fr\\\/\"},{\"@type\":\"ListItem\",\"position\":2,\"name\":\"Boutique\",\"item\":\"https:\\\/\\\/ecosupplements.be\\\/fr\\\/boutique\\\/\"},{\"@type\":\"ListItem\",\"position\":3,\"name\":\"Biotine, 1000mcg &#8211; 120 comprim\u00e9s\"}]},{\"@type\":\"WebSite\",\"@id\":\"https:\\\/\\\/ecosupplements.be\\\/fr\\\/#website\",\"url\":\"https:\\\/\\\/ecosupplements.be\\\/fr\\\/\",\"name\":\"ECO Supplements\",\"description\":\"Eco Supplements - Gezonde supplementen\",\"publisher\":{\"@id\":\"https:\\\/\\\/ecosupplements.be\\\/fr\\\/#organization\"},\"potentialAction\":[{\"@type\":\"SearchAction\",\"target\":{\"@type\":\"EntryPoint\",\"urlTemplate\":\"https:\\\/\\\/ecosupplements.be\\\/fr\\\/?s={search_term_string}\"},\"query-input\":{\"@type\":\"PropertyValueSpecification\",\"valueRequired\":true,\"valueName\":\"search_term_string\"}}],\"inLanguage\":\"fr-FR\"},{\"@type\":\"Organization\",\"@id\":\"https:\\\/\\\/ecosupplements.be\\\/fr\\\/#organization\",\"name\":\"Eco Supplements\",\"url\":\"https:\\\/\\\/ecosupplements.be\\\/fr\\\/\",\"logo\":{\"@type\":\"ImageObject\",\"inLanguage\":\"fr-FR\",\"@id\":\"https:\\\/\\\/ecosupplements.be\\\/fr\\\/#\\\/schema\\\/logo\\\/image\\\/\",\"url\":\"https:\\\/\\\/ecosupplements.be\\\/wp-content\\\/uploads\\\/2022\\\/06\\\/ecosupplement-family.png\",\"contentUrl\":\"https:\\\/\\\/ecosupplements.be\\\/wp-content\\\/uploads\\\/2022\\\/06\\\/ecosupplement-family.png\",\"width\":593,\"height\":374,\"caption\":\"Eco Supplements\"},\"image\":{\"@id\":\"https:\\\/\\\/ecosupplements.be\\\/fr\\\/#\\\/schema\\\/logo\\\/image\\\/\"}}]}<\/script>\n<meta property=\"product:brand\" content=\"Holland &amp; Barrett\" \/>\n<meta property=\"product:price:amount\" content=\"2.16\" \/>\n<meta property=\"product:price:currency\" content=\"EUR\" \/>\n<meta property=\"og:availability\" content=\"instock\" \/>\n<meta property=\"product:availability\" content=\"instock\" \/>\n<meta property=\"product:retailer_item_id\" content=\"5059604471124\" \/>\n<meta property=\"product:condition\" content=\"new\" \/>\n<!-- \/ Yoast SEO Premium plugin. -->","yoast_head_json":{"title":"Biotine, 1000mcg - 120 comprim\u00e9s - ECO Supplements","description":"Wij hebben een ruime keuze aan producten van Biotine, 1000mcg - 120 comprim\u00e9s . Winkel bij Eco Supplements altijd gratis verzending boven 100\u20ac","robots":{"index":"index","follow":"follow","max-snippet":"max-snippet:-1","max-image-preview":"max-image-preview:large","max-video-preview":"max-video-preview:-1"},"canonical":"https:\/\/ecosupplements.be\/fr\/produit\/biotine-1000mcg-120-comprimes\/","og_locale":"fr_FR","og_type":"article","og_title":"Biotine, 1000mcg - 120 comprim\u00e9s","og_description":"Wij hebben een ruime keuze aan producten van Biotine, 1000mcg - 120 comprim\u00e9s . Winkel bij Eco Supplements altijd gratis verzending boven 100\u20ac","og_url":"https:\/\/ecosupplements.be\/fr\/produit\/biotine-1000mcg-120-comprimes\/","og_site_name":"ECO Supplements","article_modified_time":"2025-08-27T13:24:28+00:00","og_image":[{"width":335,"height":490,"url":"https:\/\/ecosupplements.be\/wp-content\/uploads\/2025\/08\/Biotin-1000mcg-120-tablets-1.jpg","type":"image\/jpeg"}],"twitter_card":"summary_large_image","twitter_misc":{"Prix":"2.16&nbsp;&euro;","Disponibilit\u00e9":"En stock"},"schema":{"@context":"https:\/\/schema.org","@graph":[{"@type":["WebPage","ItemPage"],"@id":"https:\/\/ecosupplements.be\/fr\/produit\/biotine-1000mcg-120-comprimes\/","url":"https:\/\/ecosupplements.be\/fr\/produit\/biotine-1000mcg-120-comprimes\/","name":"Biotine, 1000mcg - 120 comprim\u00e9s - ECO Supplements","isPartOf":{"@id":"https:\/\/ecosupplements.be\/fr\/#website"},"primaryImageOfPage":{"@id":"https:\/\/ecosupplements.be\/fr\/produit\/biotine-1000mcg-120-comprimes\/#primaryimage"},"image":{"@id":"https:\/\/ecosupplements.be\/fr\/produit\/biotine-1000mcg-120-comprimes\/#primaryimage"},"thumbnailUrl":"https:\/\/ecosupplements.be\/wp-content\/uploads\/2025\/08\/Biotin-1000mcg-120-tablets.jpg","datePublished":"2022-06-28T09:12:43+00:00","dateModified":"2025-08-27T13:24:28+00:00","description":"Wij hebben een ruime keuze aan producten van Biotine, 1000mcg - 120 comprim\u00e9s . Winkel bij Eco Supplements altijd gratis verzending boven 100\u20ac","breadcrumb":{"@id":"https:\/\/ecosupplements.be\/fr\/produit\/biotine-1000mcg-120-comprimes\/#breadcrumb"},"inLanguage":"fr-FR","potentialAction":[{"@type":"ReadAction","target":["https:\/\/ecosupplements.be\/fr\/produit\/biotine-1000mcg-120-comprimes\/"]}]},{"@type":"ImageObject","inLanguage":"fr-FR","@id":"https:\/\/ecosupplements.be\/fr\/produit\/biotine-1000mcg-120-comprimes\/#primaryimage","url":"https:\/\/ecosupplements.be\/wp-content\/uploads\/2025\/08\/Biotin-1000mcg-120-tablets.jpg","contentUrl":"https:\/\/ecosupplements.be\/wp-content\/uploads\/2025\/08\/Biotin-1000mcg-120-tablets.jpg","width":335,"height":490},{"@type":"BreadcrumbList","@id":"https:\/\/ecosupplements.be\/fr\/produit\/biotine-1000mcg-120-comprimes\/#breadcrumb","itemListElement":[{"@type":"ListItem","position":1,"name":"Home","item":"https:\/\/ecosupplements.be\/fr\/"},{"@type":"ListItem","position":2,"name":"Boutique","item":"https:\/\/ecosupplements.be\/fr\/boutique\/"},{"@type":"ListItem","position":3,"name":"Biotine, 1000mcg &#8211; 120 comprim\u00e9s"}]},{"@type":"WebSite","@id":"https:\/\/ecosupplements.be\/fr\/#website","url":"https:\/\/ecosupplements.be\/fr\/","name":"ECO Supplements","description":"Eco Supplements - Gezonde supplementen","publisher":{"@id":"https:\/\/ecosupplements.be\/fr\/#organization"},"potentialAction":[{"@type":"SearchAction","target":{"@type":"EntryPoint","urlTemplate":"https:\/\/ecosupplements.be\/fr\/?s={search_term_string}"},"query-input":{"@type":"PropertyValueSpecification","valueRequired":true,"valueName":"search_term_string"}}],"inLanguage":"fr-FR"},{"@type":"Organization","@id":"https:\/\/ecosupplements.be\/fr\/#organization","name":"Eco Supplements","url":"https:\/\/ecosupplements.be\/fr\/","logo":{"@type":"ImageObject","inLanguage":"fr-FR","@id":"https:\/\/ecosupplements.be\/fr\/#\/schema\/logo\/image\/","url":"https:\/\/ecosupplements.be\/wp-content\/uploads\/2022\/06\/ecosupplement-family.png","contentUrl":"https:\/\/ecosupplements.be\/wp-content\/uploads\/2022\/06\/ecosupplement-family.png","width":593,"height":374,"caption":"Eco Supplements"},"image":{"@id":"https:\/\/ecosupplements.be\/fr\/#\/schema\/logo\/image\/"}}]},"product_brand":"Holland &amp; Barrett","product_price_amount":"2.16","product_price_currency":"EUR","og_availability":"instock","product_availability":"instock","product_retailer_item_id":"5059604471124","product_condition":"new"},"_links":{"self":[{"href":"https:\/\/ecosupplements.be\/fr\/wp-json\/wp\/v2\/product\/287475","targetHints":{"allow":["GET"]}}],"collection":[{"href":"https:\/\/ecosupplements.be\/fr\/wp-json\/wp\/v2\/product"}],"about":[{"href":"https:\/\/ecosupplements.be\/fr\/wp-json\/wp\/v2\/types\/product"}],"replies":[{"embeddable":true,"href":"https:\/\/ecosupplements.be\/fr\/wp-json\/wp\/v2\/comments?post=287475"}],"wp:featuredmedia":[{"embeddable":true,"href":"https:\/\/ecosupplements.be\/fr\/wp-json\/wp\/v2\/media\/245172"}],"wp:attachment":[{"href":"https:\/\/ecosupplements.be\/fr\/wp-json\/wp\/v2\/media?parent=287475"}],"wp:term":[{"taxonomy":"product_brand","embeddable":true,"href":"https:\/\/ecosupplements.be\/fr\/wp-json\/wp\/v2\/product_brand?post=287475"},{"taxonomy":"product_cat","embeddable":true,"href":"https:\/\/ecosupplements.be\/fr\/wp-json\/wp\/v2\/product_cat?post=287475"},{"taxonomy":"product_tag","embeddable":true,"href":"https:\/\/ecosupplements.be\/fr\/wp-json\/wp\/v2\/product_tag?post=287475"}],"curies":[{"name":"wp","href":"https:\/\/api.w.org\/{rel}","templated":true}]}}