{"id":287478,"date":"2024-03-06T21:52:09","date_gmt":"2024-03-06T20:52:09","guid":{"rendered":"https:\/\/ecosupplements.be\/product\/biotine-1000mcg-60-comprimes\/"},"modified":"2025-08-27T14:24:30","modified_gmt":"2025-08-27T13:24:30","slug":"biotine-1000mcg-60-comprimes","status":"publish","type":"product","link":"https:\/\/ecosupplements.be\/fr\/produit\/biotine-1000mcg-60-comprimes\/","title":{"rendered":"Biotine, 1000mcg &#8211; 60 comprim\u00e9s"},"content":{"rendered":"<h1>Biotin, 1000mcg \u2063- 60 tablets<\/h1>\n<p>La biotine, \u00e9galement connue sous le nom de vitamine B7, est un nutriment essentiel pour la sant\u00e9 de la peau, des cheveux et \u200ddes \u2064ongles. Elle joue un r\u00f4le\u200b important dans la production de\u200b k\u00e9ratine, \u200dune prot\u00e9ine qui renforce et\u200b prot\u00e8ge ces tissus.<\/p>\n<p>Les comprim\u00e9s de biotine de Holland &#038; Barrett contiennent 1000mcg de biotine pure par comprim\u00e9, ce qui en fait\u2063 un compl\u00e9ment alimentaire id\u00e9al pour \u200dceux qui cherchent \u00e0 \u2063am\u00e9liorer la \u2062sant\u00e9 de leurs\u2064 cheveux, de leur peau et de\u200d leurs \u2062ongles.<\/p>\n<h2>Ingr\u00e9dients cl\u00e9s<\/h2>\n<ul>\n<li>Biotine &#8211; 1000mcg\u200c par comprim\u00e9<\/li>\n<li>Cellulose microcristalline &#8211; un liant naturel pour les comprim\u00e9s<\/li>\n<li>St\u00e9arate de\u2064 magn\u00e9sium &#8211; un lubrifiant pour faciliter l&#8217;ingestion<\/li>\n<li>Silice &#8211; un agent anti-agglom\u00e9rant pour maintenir\u200c la qualit\u00e9 du produit<\/li>\n<\/ul>\n<h2>Avantages uniques<\/h2>\n<ul>\n<li>Renforce et prot\u00e8ge\u200d la peau, les cheveux et les ongles<\/li>\n<li>Contribue \u00e0 la production \u2062de \u2064k\u00e9ratine<\/li>\n<li>Comprim\u00e9s faciles\u200c \u00e0 avaler<\/li>\n<li>Convient aux v\u00e9g\u00e9tariens et v\u00e9g\u00e9taliens<\/li>\n<li>Fabriqu\u00e9 au Royaume-Uni\u200d selon les normes\u200c strictes de qualit\u00e9 et de s\u00e9curit\u00e9<\/li>\n<\/ul>\n<h2>Mode d&#8217;emploi<\/h2>\n<p>Prenez un comprim\u00e9 par jour avec de l&#8217;eau, \u200dde pr\u00e9f\u00e9rence pendant un repas.<\/p>\n<p>Il\u200d est recommand\u00e9 de suivre la dose quotidienne recommand\u00e9e et de ne pas d\u00e9passer la dose \u200cindiqu\u00e9e.<\/p>\n<h2>\u00c0 propos\u200b de la marque<\/h2>\n<p>Holland &#038; Barrett est une marque de confiance dans le domaine des compl\u00e9ments alimentaires depuis plus de 145 ans. Tous leurs produits sont fabriqu\u00e9s selon les\u2062 normes les plus strictes de qualit\u00e9 et de s\u00e9curit\u00e9, et sont soumis\u2063 \u00e0 des tests rigoureux pour garantir leur efficacit\u00e9 et leur puret\u00e9.<\/p>\n<p>Choisissez \u200cles comprim\u00e9s de biotine de Holland &#038; Barrett pour une peau, des cheveux et des ongles \u2064en\u2062 bonne sant\u00e9 et \u200dforts.<\/p>\n","protected":false},"excerpt":{"rendered":"<p>Biotin, 1000mcg \u2063- 60 tablets La biotine, \u00e9galement connue sous le nom de vitamine B7, est un nutriment essentiel pour la sant\u00e9 de la peau, des cheveux et \u200ddes \u2064ongles. Elle joue un r\u00f4le\u200b important dans la production de\u200b k\u00e9ratine, \u200dune prot\u00e9ine qui renforce et\u200b prot\u00e8ge ces tissus. Les comprim\u00e9s de biotine de Holland &#038; [&#8230;]\n","protected":false},"featured_media":262791,"comment_status":"open","ping_status":"open","template":"","meta":[],"product_brand":[4819],"product_cat":[5054,5055,5052],"product_tag":[],"class_list":{"0":"post-287478","1":"product","2":"type-product","3":"status-publish","4":"has-post-thumbnail","6":"product_brand-holland-barrett-2","7":"product_cat-nourriture-saine","8":"product_cat-produits-vegetaliens","9":"product_cat-sante-et-bien-etre","11":"first","12":"instock","13":"sale","14":"taxable","15":"shipping-taxable","16":"purchasable","17":"product-type-simple"},"yoast_head":"<!-- This site is optimized with the Yoast SEO Premium plugin v27.5 (Yoast SEO v27.5) - https:\/\/yoast.com\/product\/yoast-seo-premium-wordpress\/ -->\n<title>Biotine, 1000mcg - 60 comprim\u00e9s - ECO Supplements<\/title>\n<meta name=\"description\" content=\"Wij hebben een ruime keuze aan producten van Biotine, 1000mcg - 60 comprim\u00e9s . Winkel bij Eco Supplements altijd gratis verzending boven 100\u20ac\" \/>\n<meta name=\"robots\" content=\"index, follow, max-snippet:-1, max-image-preview:large, max-video-preview:-1\" \/>\n<link rel=\"canonical\" href=\"https:\/\/ecosupplements.be\/fr\/produit\/biotine-1000mcg-60-comprimes\/\" \/>\n<meta property=\"og:locale\" content=\"fr_FR\" \/>\n<meta property=\"og:type\" content=\"article\" \/>\n<meta property=\"og:title\" content=\"Biotine, 1000mcg - 60 comprim\u00e9s\" \/>\n<meta property=\"og:description\" content=\"Wij hebben een ruime keuze aan producten van Biotine, 1000mcg - 60 comprim\u00e9s . Winkel bij Eco Supplements altijd gratis verzending boven 100\u20ac\" \/>\n<meta property=\"og:url\" content=\"https:\/\/ecosupplements.be\/fr\/produit\/biotine-1000mcg-60-comprimes\/\" \/>\n<meta property=\"og:site_name\" content=\"ECO Supplements\" \/>\n<meta property=\"article:modified_time\" content=\"2025-08-27T13:24:30+00:00\" \/>\n<meta property=\"og:image\" content=\"https:\/\/ecosupplements.be\/wp-content\/uploads\/2025\/08\/Biotin-1000mcg-60-tablets-1.jpg\" \/>\n\t<meta property=\"og:image:width\" content=\"445\" \/>\n\t<meta property=\"og:image:height\" content=\"540\" \/>\n\t<meta property=\"og:image:type\" content=\"image\/jpeg\" \/>\n<meta name=\"twitter:card\" content=\"summary_large_image\" \/>\n<meta name=\"twitter:label1\" content=\"Prix\" \/>\n\t<meta name=\"twitter:data1\" content=\"1.29&nbsp;&euro;\" \/>\n\t<meta name=\"twitter:label2\" content=\"Disponibilit\u00e9\" \/>\n\t<meta name=\"twitter:data2\" content=\"En stock\" \/>\n<script type=\"application\/ld+json\" class=\"yoast-schema-graph\">{\"@context\":\"https:\\\/\\\/schema.org\",\"@graph\":[{\"@type\":[\"WebPage\",\"ItemPage\"],\"@id\":\"https:\\\/\\\/ecosupplements.be\\\/fr\\\/produit\\\/biotine-1000mcg-60-comprimes\\\/\",\"url\":\"https:\\\/\\\/ecosupplements.be\\\/fr\\\/produit\\\/biotine-1000mcg-60-comprimes\\\/\",\"name\":\"Biotine, 1000mcg - 60 comprim\u00e9s - ECO Supplements\",\"isPartOf\":{\"@id\":\"https:\\\/\\\/ecosupplements.be\\\/fr\\\/#website\"},\"primaryImageOfPage\":{\"@id\":\"https:\\\/\\\/ecosupplements.be\\\/fr\\\/produit\\\/biotine-1000mcg-60-comprimes\\\/#primaryimage\"},\"image\":{\"@id\":\"https:\\\/\\\/ecosupplements.be\\\/fr\\\/produit\\\/biotine-1000mcg-60-comprimes\\\/#primaryimage\"},\"thumbnailUrl\":\"https:\\\/\\\/ecosupplements.be\\\/wp-content\\\/uploads\\\/2025\\\/08\\\/Biotin-1000mcg-60-tablets.jpg\",\"datePublished\":\"2024-03-06T20:52:09+00:00\",\"dateModified\":\"2025-08-27T13:24:30+00:00\",\"description\":\"Wij hebben een ruime keuze aan producten van Biotine, 1000mcg - 60 comprim\u00e9s . Winkel bij Eco Supplements altijd gratis verzending boven 100\u20ac\",\"breadcrumb\":{\"@id\":\"https:\\\/\\\/ecosupplements.be\\\/fr\\\/produit\\\/biotine-1000mcg-60-comprimes\\\/#breadcrumb\"},\"inLanguage\":\"fr-FR\",\"potentialAction\":[{\"@type\":\"ReadAction\",\"target\":[\"https:\\\/\\\/ecosupplements.be\\\/fr\\\/produit\\\/biotine-1000mcg-60-comprimes\\\/\"]}]},{\"@type\":\"ImageObject\",\"inLanguage\":\"fr-FR\",\"@id\":\"https:\\\/\\\/ecosupplements.be\\\/fr\\\/produit\\\/biotine-1000mcg-60-comprimes\\\/#primaryimage\",\"url\":\"https:\\\/\\\/ecosupplements.be\\\/wp-content\\\/uploads\\\/2025\\\/08\\\/Biotin-1000mcg-60-tablets.jpg\",\"contentUrl\":\"https:\\\/\\\/ecosupplements.be\\\/wp-content\\\/uploads\\\/2025\\\/08\\\/Biotin-1000mcg-60-tablets.jpg\",\"width\":445,\"height\":540},{\"@type\":\"BreadcrumbList\",\"@id\":\"https:\\\/\\\/ecosupplements.be\\\/fr\\\/produit\\\/biotine-1000mcg-60-comprimes\\\/#breadcrumb\",\"itemListElement\":[{\"@type\":\"ListItem\",\"position\":1,\"name\":\"Home\",\"item\":\"https:\\\/\\\/ecosupplements.be\\\/fr\\\/\"},{\"@type\":\"ListItem\",\"position\":2,\"name\":\"Boutique\",\"item\":\"https:\\\/\\\/ecosupplements.be\\\/fr\\\/boutique\\\/\"},{\"@type\":\"ListItem\",\"position\":3,\"name\":\"Biotine, 1000mcg &#8211; 60 comprim\u00e9s\"}]},{\"@type\":\"WebSite\",\"@id\":\"https:\\\/\\\/ecosupplements.be\\\/fr\\\/#website\",\"url\":\"https:\\\/\\\/ecosupplements.be\\\/fr\\\/\",\"name\":\"ECO Supplements\",\"description\":\"Eco Supplements - Gezonde supplementen\",\"publisher\":{\"@id\":\"https:\\\/\\\/ecosupplements.be\\\/fr\\\/#organization\"},\"potentialAction\":[{\"@type\":\"SearchAction\",\"target\":{\"@type\":\"EntryPoint\",\"urlTemplate\":\"https:\\\/\\\/ecosupplements.be\\\/fr\\\/?s={search_term_string}\"},\"query-input\":{\"@type\":\"PropertyValueSpecification\",\"valueRequired\":true,\"valueName\":\"search_term_string\"}}],\"inLanguage\":\"fr-FR\"},{\"@type\":\"Organization\",\"@id\":\"https:\\\/\\\/ecosupplements.be\\\/fr\\\/#organization\",\"name\":\"Eco Supplements\",\"url\":\"https:\\\/\\\/ecosupplements.be\\\/fr\\\/\",\"logo\":{\"@type\":\"ImageObject\",\"inLanguage\":\"fr-FR\",\"@id\":\"https:\\\/\\\/ecosupplements.be\\\/fr\\\/#\\\/schema\\\/logo\\\/image\\\/\",\"url\":\"https:\\\/\\\/ecosupplements.be\\\/wp-content\\\/uploads\\\/2022\\\/06\\\/ecosupplement-family.png\",\"contentUrl\":\"https:\\\/\\\/ecosupplements.be\\\/wp-content\\\/uploads\\\/2022\\\/06\\\/ecosupplement-family.png\",\"width\":593,\"height\":374,\"caption\":\"Eco Supplements\"},\"image\":{\"@id\":\"https:\\\/\\\/ecosupplements.be\\\/fr\\\/#\\\/schema\\\/logo\\\/image\\\/\"}}]}<\/script>\n<meta property=\"product:brand\" content=\"Holland &amp; Barrett\" \/>\n<meta property=\"product:price:amount\" content=\"1.29\" \/>\n<meta property=\"product:price:currency\" content=\"EUR\" \/>\n<meta property=\"og:availability\" content=\"instock\" \/>\n<meta property=\"product:availability\" content=\"instock\" \/>\n<meta property=\"product:retailer_item_id\" content=\"5059604471117\" \/>\n<meta property=\"product:condition\" content=\"new\" \/>\n<!-- \/ Yoast SEO Premium plugin. -->","yoast_head_json":{"title":"Biotine, 1000mcg - 60 comprim\u00e9s - ECO Supplements","description":"Wij hebben een ruime keuze aan producten van Biotine, 1000mcg - 60 comprim\u00e9s . Winkel bij Eco Supplements altijd gratis verzending boven 100\u20ac","robots":{"index":"index","follow":"follow","max-snippet":"max-snippet:-1","max-image-preview":"max-image-preview:large","max-video-preview":"max-video-preview:-1"},"canonical":"https:\/\/ecosupplements.be\/fr\/produit\/biotine-1000mcg-60-comprimes\/","og_locale":"fr_FR","og_type":"article","og_title":"Biotine, 1000mcg - 60 comprim\u00e9s","og_description":"Wij hebben een ruime keuze aan producten van Biotine, 1000mcg - 60 comprim\u00e9s . Winkel bij Eco Supplements altijd gratis verzending boven 100\u20ac","og_url":"https:\/\/ecosupplements.be\/fr\/produit\/biotine-1000mcg-60-comprimes\/","og_site_name":"ECO Supplements","article_modified_time":"2025-08-27T13:24:30+00:00","og_image":[{"width":445,"height":540,"url":"https:\/\/ecosupplements.be\/wp-content\/uploads\/2025\/08\/Biotin-1000mcg-60-tablets-1.jpg","type":"image\/jpeg"}],"twitter_card":"summary_large_image","twitter_misc":{"Prix":"1.29&nbsp;&euro;","Disponibilit\u00e9":"En stock"},"schema":{"@context":"https:\/\/schema.org","@graph":[{"@type":["WebPage","ItemPage"],"@id":"https:\/\/ecosupplements.be\/fr\/produit\/biotine-1000mcg-60-comprimes\/","url":"https:\/\/ecosupplements.be\/fr\/produit\/biotine-1000mcg-60-comprimes\/","name":"Biotine, 1000mcg - 60 comprim\u00e9s - ECO Supplements","isPartOf":{"@id":"https:\/\/ecosupplements.be\/fr\/#website"},"primaryImageOfPage":{"@id":"https:\/\/ecosupplements.be\/fr\/produit\/biotine-1000mcg-60-comprimes\/#primaryimage"},"image":{"@id":"https:\/\/ecosupplements.be\/fr\/produit\/biotine-1000mcg-60-comprimes\/#primaryimage"},"thumbnailUrl":"https:\/\/ecosupplements.be\/wp-content\/uploads\/2025\/08\/Biotin-1000mcg-60-tablets.jpg","datePublished":"2024-03-06T20:52:09+00:00","dateModified":"2025-08-27T13:24:30+00:00","description":"Wij hebben een ruime keuze aan producten van Biotine, 1000mcg - 60 comprim\u00e9s . Winkel bij Eco Supplements altijd gratis verzending boven 100\u20ac","breadcrumb":{"@id":"https:\/\/ecosupplements.be\/fr\/produit\/biotine-1000mcg-60-comprimes\/#breadcrumb"},"inLanguage":"fr-FR","potentialAction":[{"@type":"ReadAction","target":["https:\/\/ecosupplements.be\/fr\/produit\/biotine-1000mcg-60-comprimes\/"]}]},{"@type":"ImageObject","inLanguage":"fr-FR","@id":"https:\/\/ecosupplements.be\/fr\/produit\/biotine-1000mcg-60-comprimes\/#primaryimage","url":"https:\/\/ecosupplements.be\/wp-content\/uploads\/2025\/08\/Biotin-1000mcg-60-tablets.jpg","contentUrl":"https:\/\/ecosupplements.be\/wp-content\/uploads\/2025\/08\/Biotin-1000mcg-60-tablets.jpg","width":445,"height":540},{"@type":"BreadcrumbList","@id":"https:\/\/ecosupplements.be\/fr\/produit\/biotine-1000mcg-60-comprimes\/#breadcrumb","itemListElement":[{"@type":"ListItem","position":1,"name":"Home","item":"https:\/\/ecosupplements.be\/fr\/"},{"@type":"ListItem","position":2,"name":"Boutique","item":"https:\/\/ecosupplements.be\/fr\/boutique\/"},{"@type":"ListItem","position":3,"name":"Biotine, 1000mcg &#8211; 60 comprim\u00e9s"}]},{"@type":"WebSite","@id":"https:\/\/ecosupplements.be\/fr\/#website","url":"https:\/\/ecosupplements.be\/fr\/","name":"ECO Supplements","description":"Eco Supplements - Gezonde supplementen","publisher":{"@id":"https:\/\/ecosupplements.be\/fr\/#organization"},"potentialAction":[{"@type":"SearchAction","target":{"@type":"EntryPoint","urlTemplate":"https:\/\/ecosupplements.be\/fr\/?s={search_term_string}"},"query-input":{"@type":"PropertyValueSpecification","valueRequired":true,"valueName":"search_term_string"}}],"inLanguage":"fr-FR"},{"@type":"Organization","@id":"https:\/\/ecosupplements.be\/fr\/#organization","name":"Eco Supplements","url":"https:\/\/ecosupplements.be\/fr\/","logo":{"@type":"ImageObject","inLanguage":"fr-FR","@id":"https:\/\/ecosupplements.be\/fr\/#\/schema\/logo\/image\/","url":"https:\/\/ecosupplements.be\/wp-content\/uploads\/2022\/06\/ecosupplement-family.png","contentUrl":"https:\/\/ecosupplements.be\/wp-content\/uploads\/2022\/06\/ecosupplement-family.png","width":593,"height":374,"caption":"Eco Supplements"},"image":{"@id":"https:\/\/ecosupplements.be\/fr\/#\/schema\/logo\/image\/"}}]},"product_brand":"Holland &amp; Barrett","product_price_amount":"1.29","product_price_currency":"EUR","og_availability":"instock","product_availability":"instock","product_retailer_item_id":"5059604471117","product_condition":"new"},"_links":{"self":[{"href":"https:\/\/ecosupplements.be\/fr\/wp-json\/wp\/v2\/product\/287478","targetHints":{"allow":["GET"]}}],"collection":[{"href":"https:\/\/ecosupplements.be\/fr\/wp-json\/wp\/v2\/product"}],"about":[{"href":"https:\/\/ecosupplements.be\/fr\/wp-json\/wp\/v2\/types\/product"}],"replies":[{"embeddable":true,"href":"https:\/\/ecosupplements.be\/fr\/wp-json\/wp\/v2\/comments?post=287478"}],"wp:featuredmedia":[{"embeddable":true,"href":"https:\/\/ecosupplements.be\/fr\/wp-json\/wp\/v2\/media\/262791"}],"wp:attachment":[{"href":"https:\/\/ecosupplements.be\/fr\/wp-json\/wp\/v2\/media?parent=287478"}],"wp:term":[{"taxonomy":"product_brand","embeddable":true,"href":"https:\/\/ecosupplements.be\/fr\/wp-json\/wp\/v2\/product_brand?post=287478"},{"taxonomy":"product_cat","embeddable":true,"href":"https:\/\/ecosupplements.be\/fr\/wp-json\/wp\/v2\/product_cat?post=287478"},{"taxonomy":"product_tag","embeddable":true,"href":"https:\/\/ecosupplements.be\/fr\/wp-json\/wp\/v2\/product_tag?post=287478"}],"curies":[{"name":"wp","href":"https:\/\/api.w.org\/{rel}","templated":true}]}}