{"id":287494,"date":"2022-07-30T22:02:04","date_gmt":"2022-07-30T21:02:04","guid":{"rendered":"https:\/\/ecosupplements.be\/product\/calcium-magnesium-et-vitamine-d-120-comprimes-vegetariens\/"},"modified":"2025-08-27T14:24:43","modified_gmt":"2025-08-27T13:24:43","slug":"calcium-magnesium-et-vitamine-d-120-comprimes-vegetariens","status":"publish","type":"product","link":"https:\/\/ecosupplements.be\/fr\/produit\/calcium-magnesium-et-vitamine-d-120-comprimes-vegetariens\/","title":{"rendered":"Calcium + Magn\u00e9sium et Vitamine D &#8211; 120 comprim\u00e9s v\u00e9g\u00e9tariens"},"content":{"rendered":"<h1>Calcium + Magnesium &#038; Vitamin D &#8211; 120 vegetarian tabs<\/h1>\n<p>Obtenez \u200dune\u2062 dose\u200d compl\u00e8te de nutriments essentiels pour la sant\u00e9 de vos os avec les comprim\u00e9s v\u00e9g\u00e9tariens\u2064 Calcium + Magnesium\u200c &#038; Vitamin D \u2063de \u2063Holland \u200c&#038; Barrett. Chaque bouteille contient 120 comprim\u00e9s, \u200bce qui vous permet de profiter \u200ddes bienfaits de ce suppl\u00e9ment pendant\u200b plusieurs mois.<\/p>\n<h2>Ingr\u00e9dients cl\u00e9s<\/h2>\n<ul>\n<li>Calcium \u2063- 1000 mg<\/li>\n<li>Magn\u00e9sium &#8211; 400 mg<\/li>\n<li>Vitamine \u2062D &#8211; 1000 UI<\/li>\n<\/ul>\n<p>Ce suppl\u00e9ment contient une combinaison puissante de calcium, de magn\u00e9sium et de vitamine D pour soutenir la sant\u00e9 de vos\u200c os. Le calcium est essentiel pour maintenir\u200d la densit\u00e9 osseuse et pr\u00e9venir\u2064 l&#8217;ost\u00e9oporose, tandis que le magn\u00e9sium aide \u00e0 \u2064absorber le calcium et \u200b\u00e0 renforcer les os. La vitamine D est \u00e9galement importante pour la sant\u00e9 des os, car\u2064 elle aide\u200b \u00e0 r\u00e9guler le taux de calcium \u2064dans le corps.<\/p>\n<h2>Avantages uniques<\/h2>\n<ul>\n<li>Formule v\u00e9g\u00e9tarienne \u200d- convient aux v\u00e9g\u00e9tariens \u2063et aux v\u00e9g\u00e9taliens<\/li>\n<li>Facile \u00e0\u2063 prendre &#8211; comprim\u00e9s \u00e0 avaler avec \u200dde l&#8217;eau<\/li>\n<li>Haute \u2063concentration de\u2062 nutriments &#8211; une dose compl\u00e8te en seulement 2 comprim\u00e9s par jour<\/li>\n<li>Sans gluten, bl\u00e9 \u200det \u200bproduits laitiers \u2063- convient aux personnes \u200dsouffrant d&#8217;allergies\u200d ou d&#8217;intol\u00e9rances alimentaires<\/li>\n<\/ul>\n<p>Les comprim\u00e9s Calcium + Magnesium &#038; Vitamin D de\u200c Holland &#038; Barrett sont sp\u00e9cialement formul\u00e9s pour r\u00e9pondre aux besoins des v\u00e9g\u00e9tariens et des v\u00e9g\u00e9taliens, en utilisant des ingr\u00e9dients d&#8217;origine v\u00e9g\u00e9tale.\u2063 Ils sont \u00e9galement sans gluten, bl\u00e9 et produits laitiers, ce qui les rend adapt\u00e9s aux personnes souffrant d&#8217;allergies ou d&#8217;intol\u00e9rances alimentaires.<\/p>\n<h2>Utilisation recommand\u00e9e<\/h2>\n<p>Prenez 2 comprim\u00e9s par jour avec de l&#8217;eau,\u200b de\u2064 pr\u00e9f\u00e9rence pendant un repas. Ne pas d\u00e9passer la \u2063dose recommand\u00e9e. Ce suppl\u00e9ment ne\u200d doit pas \u00eatre utilis\u00e9 comme substitut \u00e0 \u2062une alimentation \u00e9quilibr\u00e9e\u200b et vari\u00e9e.<\/p>\n<p>Prenez\u2064 soin de vos os avec les comprim\u00e9s Calcium + Magnesium &#038; Vitamin D de Holland &#038; Barrett. Commandez d\u00e8s maintenant et profitez d&#8217;une livraison rapide et gratuite au \u2062Royaume-Uni.<\/p>\n","protected":false},"excerpt":{"rendered":"<p>Calcium + Magnesium &#038; Vitamin D &#8211; 120 vegetarian tabs Obtenez \u200dune\u2062 dose\u200d compl\u00e8te de nutriments essentiels pour la sant\u00e9 de vos os avec les comprim\u00e9s v\u00e9g\u00e9tariens\u2064 Calcium + Magnesium\u200c &#038; Vitamin D \u2063de \u2063Holland \u200c&#038; Barrett. Chaque bouteille contient 120 comprim\u00e9s, \u200bce qui vous permet de profiter \u200ddes bienfaits de ce suppl\u00e9ment pendant\u200b plusieurs [&#8230;]\n","protected":false},"featured_media":260006,"comment_status":"open","ping_status":"open","template":"","meta":[],"product_brand":[4819],"product_cat":[5052,5053],"product_tag":[],"class_list":{"0":"post-287494","1":"product","2":"type-product","3":"status-publish","4":"has-post-thumbnail","6":"product_brand-holland-barrett-2","7":"product_cat-sante-et-bien-etre","8":"product_cat-vitamines-et-mineraux","10":"first","11":"instock","12":"sale","13":"taxable","14":"shipping-taxable","15":"purchasable","16":"product-type-simple"},"yoast_head":"<!-- This site is optimized with the Yoast SEO Premium plugin v27.3 (Yoast SEO v27.3) - https:\/\/yoast.com\/product\/yoast-seo-premium-wordpress\/ -->\n<title>Calcium + Magn\u00e9sium et Vitamine D - 120 comprim\u00e9s v\u00e9g\u00e9tariens - ECO Supplements<\/title>\n<meta name=\"description\" content=\"Wij hebben een ruime keuze aan producten van Calcium + Magn\u00e9sium et Vitamine D - 120 comprim\u00e9s v\u00e9g\u00e9tariens . Winkel bij Eco Supplements altijd gratis verzending boven 100\u20ac\" \/>\n<meta name=\"robots\" content=\"index, follow, max-snippet:-1, max-image-preview:large, max-video-preview:-1\" \/>\n<link rel=\"canonical\" href=\"https:\/\/ecosupplements.be\/fr\/produit\/calcium-magnesium-et-vitamine-d-120-comprimes-vegetariens\/\" \/>\n<meta property=\"og:locale\" content=\"fr_FR\" \/>\n<meta property=\"og:type\" content=\"article\" \/>\n<meta property=\"og:title\" content=\"Calcium + Magn\u00e9sium et Vitamine D - 120 comprim\u00e9s v\u00e9g\u00e9tariens\" \/>\n<meta property=\"og:description\" content=\"Wij hebben een ruime keuze aan producten van Calcium + Magn\u00e9sium et Vitamine D - 120 comprim\u00e9s v\u00e9g\u00e9tariens . Winkel bij Eco Supplements altijd gratis verzending boven 100\u20ac\" \/>\n<meta property=\"og:url\" content=\"https:\/\/ecosupplements.be\/fr\/produit\/calcium-magnesium-et-vitamine-d-120-comprimes-vegetariens\/\" \/>\n<meta property=\"og:site_name\" content=\"ECO Supplements\" \/>\n<meta property=\"article:modified_time\" content=\"2025-08-27T13:24:43+00:00\" \/>\n<meta property=\"og:image\" content=\"https:\/\/ecosupplements.be\/wp-content\/uploads\/2025\/08\/Calcium-Magnesium-Vitamin-D-120-vegetarian-tabs-1.jpg\" \/>\n\t<meta property=\"og:image:width\" content=\"522\" \/>\n\t<meta property=\"og:image:height\" content=\"713\" \/>\n\t<meta property=\"og:image:type\" content=\"image\/jpeg\" \/>\n<meta name=\"twitter:card\" content=\"summary_large_image\" \/>\n<meta name=\"twitter:label1\" content=\"Prix\" \/>\n\t<meta name=\"twitter:data1\" content=\"7.65&nbsp;&euro;\" \/>\n\t<meta name=\"twitter:label2\" content=\"Disponibilit\u00e9\" \/>\n\t<meta name=\"twitter:data2\" content=\"En stock\" \/>\n<script type=\"application\/ld+json\" class=\"yoast-schema-graph\">{\"@context\":\"https:\\\/\\\/schema.org\",\"@graph\":[{\"@type\":[\"WebPage\",\"ItemPage\"],\"@id\":\"https:\\\/\\\/ecosupplements.be\\\/fr\\\/produit\\\/calcium-magnesium-et-vitamine-d-120-comprimes-vegetariens\\\/\",\"url\":\"https:\\\/\\\/ecosupplements.be\\\/fr\\\/produit\\\/calcium-magnesium-et-vitamine-d-120-comprimes-vegetariens\\\/\",\"name\":\"Calcium + Magn\u00e9sium et Vitamine D - 120 comprim\u00e9s v\u00e9g\u00e9tariens - ECO Supplements\",\"isPartOf\":{\"@id\":\"https:\\\/\\\/ecosupplements.be\\\/fr\\\/#website\"},\"primaryImageOfPage\":{\"@id\":\"https:\\\/\\\/ecosupplements.be\\\/fr\\\/produit\\\/calcium-magnesium-et-vitamine-d-120-comprimes-vegetariens\\\/#primaryimage\"},\"image\":{\"@id\":\"https:\\\/\\\/ecosupplements.be\\\/fr\\\/produit\\\/calcium-magnesium-et-vitamine-d-120-comprimes-vegetariens\\\/#primaryimage\"},\"thumbnailUrl\":\"https:\\\/\\\/ecosupplements.be\\\/wp-content\\\/uploads\\\/2025\\\/08\\\/Calcium-Magnesium-Vitamin-D-120-vegetarian-tabs.jpg\",\"datePublished\":\"2022-07-30T21:02:04+00:00\",\"dateModified\":\"2025-08-27T13:24:43+00:00\",\"description\":\"Wij hebben een ruime keuze aan producten van Calcium + Magn\u00e9sium et Vitamine D - 120 comprim\u00e9s v\u00e9g\u00e9tariens . Winkel bij Eco Supplements altijd gratis verzending boven 100\u20ac\",\"breadcrumb\":{\"@id\":\"https:\\\/\\\/ecosupplements.be\\\/fr\\\/produit\\\/calcium-magnesium-et-vitamine-d-120-comprimes-vegetariens\\\/#breadcrumb\"},\"inLanguage\":\"fr-FR\",\"potentialAction\":[{\"@type\":\"ReadAction\",\"target\":[\"https:\\\/\\\/ecosupplements.be\\\/fr\\\/produit\\\/calcium-magnesium-et-vitamine-d-120-comprimes-vegetariens\\\/\"]}]},{\"@type\":\"ImageObject\",\"inLanguage\":\"fr-FR\",\"@id\":\"https:\\\/\\\/ecosupplements.be\\\/fr\\\/produit\\\/calcium-magnesium-et-vitamine-d-120-comprimes-vegetariens\\\/#primaryimage\",\"url\":\"https:\\\/\\\/ecosupplements.be\\\/wp-content\\\/uploads\\\/2025\\\/08\\\/Calcium-Magnesium-Vitamin-D-120-vegetarian-tabs.jpg\",\"contentUrl\":\"https:\\\/\\\/ecosupplements.be\\\/wp-content\\\/uploads\\\/2025\\\/08\\\/Calcium-Magnesium-Vitamin-D-120-vegetarian-tabs.jpg\",\"width\":522,\"height\":713},{\"@type\":\"BreadcrumbList\",\"@id\":\"https:\\\/\\\/ecosupplements.be\\\/fr\\\/produit\\\/calcium-magnesium-et-vitamine-d-120-comprimes-vegetariens\\\/#breadcrumb\",\"itemListElement\":[{\"@type\":\"ListItem\",\"position\":1,\"name\":\"Home\",\"item\":\"https:\\\/\\\/ecosupplements.be\\\/fr\\\/\"},{\"@type\":\"ListItem\",\"position\":2,\"name\":\"Boutique\",\"item\":\"https:\\\/\\\/ecosupplements.be\\\/fr\\\/boutique\\\/\"},{\"@type\":\"ListItem\",\"position\":3,\"name\":\"Calcium + Magn\u00e9sium et Vitamine D &#8211; 120 comprim\u00e9s v\u00e9g\u00e9tariens\"}]},{\"@type\":\"WebSite\",\"@id\":\"https:\\\/\\\/ecosupplements.be\\\/fr\\\/#website\",\"url\":\"https:\\\/\\\/ecosupplements.be\\\/fr\\\/\",\"name\":\"ECO Supplements\",\"description\":\"Eco Supplements - Gezonde supplementen\",\"publisher\":{\"@id\":\"https:\\\/\\\/ecosupplements.be\\\/fr\\\/#organization\"},\"potentialAction\":[{\"@type\":\"SearchAction\",\"target\":{\"@type\":\"EntryPoint\",\"urlTemplate\":\"https:\\\/\\\/ecosupplements.be\\\/fr\\\/?s={search_term_string}\"},\"query-input\":{\"@type\":\"PropertyValueSpecification\",\"valueRequired\":true,\"valueName\":\"search_term_string\"}}],\"inLanguage\":\"fr-FR\"},{\"@type\":\"Organization\",\"@id\":\"https:\\\/\\\/ecosupplements.be\\\/fr\\\/#organization\",\"name\":\"Eco Supplements\",\"url\":\"https:\\\/\\\/ecosupplements.be\\\/fr\\\/\",\"logo\":{\"@type\":\"ImageObject\",\"inLanguage\":\"fr-FR\",\"@id\":\"https:\\\/\\\/ecosupplements.be\\\/fr\\\/#\\\/schema\\\/logo\\\/image\\\/\",\"url\":\"https:\\\/\\\/ecosupplements.be\\\/wp-content\\\/uploads\\\/2022\\\/06\\\/ecosupplement-family.png\",\"contentUrl\":\"https:\\\/\\\/ecosupplements.be\\\/wp-content\\\/uploads\\\/2022\\\/06\\\/ecosupplement-family.png\",\"width\":593,\"height\":374,\"caption\":\"Eco Supplements\"},\"image\":{\"@id\":\"https:\\\/\\\/ecosupplements.be\\\/fr\\\/#\\\/schema\\\/logo\\\/image\\\/\"}}]}<\/script>\n<meta property=\"product:brand\" content=\"Holland &amp; Barrett\" \/>\n<meta property=\"product:price:amount\" content=\"7.65\" \/>\n<meta property=\"product:price:currency\" content=\"EUR\" \/>\n<meta property=\"og:availability\" content=\"instock\" \/>\n<meta property=\"product:availability\" content=\"instock\" \/>\n<meta property=\"product:retailer_item_id\" content=\"5059604469602\" \/>\n<meta property=\"product:condition\" content=\"new\" \/>\n<!-- \/ Yoast SEO Premium plugin. -->","yoast_head_json":{"title":"Calcium + Magn\u00e9sium et Vitamine D - 120 comprim\u00e9s v\u00e9g\u00e9tariens - ECO Supplements","description":"Wij hebben een ruime keuze aan producten van Calcium + Magn\u00e9sium et Vitamine D - 120 comprim\u00e9s v\u00e9g\u00e9tariens . Winkel bij Eco Supplements altijd gratis verzending boven 100\u20ac","robots":{"index":"index","follow":"follow","max-snippet":"max-snippet:-1","max-image-preview":"max-image-preview:large","max-video-preview":"max-video-preview:-1"},"canonical":"https:\/\/ecosupplements.be\/fr\/produit\/calcium-magnesium-et-vitamine-d-120-comprimes-vegetariens\/","og_locale":"fr_FR","og_type":"article","og_title":"Calcium + Magn\u00e9sium et Vitamine D - 120 comprim\u00e9s v\u00e9g\u00e9tariens","og_description":"Wij hebben een ruime keuze aan producten van Calcium + Magn\u00e9sium et Vitamine D - 120 comprim\u00e9s v\u00e9g\u00e9tariens . Winkel bij Eco Supplements altijd gratis verzending boven 100\u20ac","og_url":"https:\/\/ecosupplements.be\/fr\/produit\/calcium-magnesium-et-vitamine-d-120-comprimes-vegetariens\/","og_site_name":"ECO Supplements","article_modified_time":"2025-08-27T13:24:43+00:00","og_image":[{"width":522,"height":713,"url":"https:\/\/ecosupplements.be\/wp-content\/uploads\/2025\/08\/Calcium-Magnesium-Vitamin-D-120-vegetarian-tabs-1.jpg","type":"image\/jpeg"}],"twitter_card":"summary_large_image","twitter_misc":{"Prix":"7.65&nbsp;&euro;","Disponibilit\u00e9":"En stock"},"schema":{"@context":"https:\/\/schema.org","@graph":[{"@type":["WebPage","ItemPage"],"@id":"https:\/\/ecosupplements.be\/fr\/produit\/calcium-magnesium-et-vitamine-d-120-comprimes-vegetariens\/","url":"https:\/\/ecosupplements.be\/fr\/produit\/calcium-magnesium-et-vitamine-d-120-comprimes-vegetariens\/","name":"Calcium + Magn\u00e9sium et Vitamine D - 120 comprim\u00e9s v\u00e9g\u00e9tariens - ECO Supplements","isPartOf":{"@id":"https:\/\/ecosupplements.be\/fr\/#website"},"primaryImageOfPage":{"@id":"https:\/\/ecosupplements.be\/fr\/produit\/calcium-magnesium-et-vitamine-d-120-comprimes-vegetariens\/#primaryimage"},"image":{"@id":"https:\/\/ecosupplements.be\/fr\/produit\/calcium-magnesium-et-vitamine-d-120-comprimes-vegetariens\/#primaryimage"},"thumbnailUrl":"https:\/\/ecosupplements.be\/wp-content\/uploads\/2025\/08\/Calcium-Magnesium-Vitamin-D-120-vegetarian-tabs.jpg","datePublished":"2022-07-30T21:02:04+00:00","dateModified":"2025-08-27T13:24:43+00:00","description":"Wij hebben een ruime keuze aan producten van Calcium + Magn\u00e9sium et Vitamine D - 120 comprim\u00e9s v\u00e9g\u00e9tariens . Winkel bij Eco Supplements altijd gratis verzending boven 100\u20ac","breadcrumb":{"@id":"https:\/\/ecosupplements.be\/fr\/produit\/calcium-magnesium-et-vitamine-d-120-comprimes-vegetariens\/#breadcrumb"},"inLanguage":"fr-FR","potentialAction":[{"@type":"ReadAction","target":["https:\/\/ecosupplements.be\/fr\/produit\/calcium-magnesium-et-vitamine-d-120-comprimes-vegetariens\/"]}]},{"@type":"ImageObject","inLanguage":"fr-FR","@id":"https:\/\/ecosupplements.be\/fr\/produit\/calcium-magnesium-et-vitamine-d-120-comprimes-vegetariens\/#primaryimage","url":"https:\/\/ecosupplements.be\/wp-content\/uploads\/2025\/08\/Calcium-Magnesium-Vitamin-D-120-vegetarian-tabs.jpg","contentUrl":"https:\/\/ecosupplements.be\/wp-content\/uploads\/2025\/08\/Calcium-Magnesium-Vitamin-D-120-vegetarian-tabs.jpg","width":522,"height":713},{"@type":"BreadcrumbList","@id":"https:\/\/ecosupplements.be\/fr\/produit\/calcium-magnesium-et-vitamine-d-120-comprimes-vegetariens\/#breadcrumb","itemListElement":[{"@type":"ListItem","position":1,"name":"Home","item":"https:\/\/ecosupplements.be\/fr\/"},{"@type":"ListItem","position":2,"name":"Boutique","item":"https:\/\/ecosupplements.be\/fr\/boutique\/"},{"@type":"ListItem","position":3,"name":"Calcium + Magn\u00e9sium et Vitamine D &#8211; 120 comprim\u00e9s v\u00e9g\u00e9tariens"}]},{"@type":"WebSite","@id":"https:\/\/ecosupplements.be\/fr\/#website","url":"https:\/\/ecosupplements.be\/fr\/","name":"ECO Supplements","description":"Eco Supplements - Gezonde supplementen","publisher":{"@id":"https:\/\/ecosupplements.be\/fr\/#organization"},"potentialAction":[{"@type":"SearchAction","target":{"@type":"EntryPoint","urlTemplate":"https:\/\/ecosupplements.be\/fr\/?s={search_term_string}"},"query-input":{"@type":"PropertyValueSpecification","valueRequired":true,"valueName":"search_term_string"}}],"inLanguage":"fr-FR"},{"@type":"Organization","@id":"https:\/\/ecosupplements.be\/fr\/#organization","name":"Eco Supplements","url":"https:\/\/ecosupplements.be\/fr\/","logo":{"@type":"ImageObject","inLanguage":"fr-FR","@id":"https:\/\/ecosupplements.be\/fr\/#\/schema\/logo\/image\/","url":"https:\/\/ecosupplements.be\/wp-content\/uploads\/2022\/06\/ecosupplement-family.png","contentUrl":"https:\/\/ecosupplements.be\/wp-content\/uploads\/2022\/06\/ecosupplement-family.png","width":593,"height":374,"caption":"Eco Supplements"},"image":{"@id":"https:\/\/ecosupplements.be\/fr\/#\/schema\/logo\/image\/"}}]},"product_brand":"Holland &amp; Barrett","product_price_amount":"7.65","product_price_currency":"EUR","og_availability":"instock","product_availability":"instock","product_retailer_item_id":"5059604469602","product_condition":"new"},"_links":{"self":[{"href":"https:\/\/ecosupplements.be\/fr\/wp-json\/wp\/v2\/product\/287494","targetHints":{"allow":["GET"]}}],"collection":[{"href":"https:\/\/ecosupplements.be\/fr\/wp-json\/wp\/v2\/product"}],"about":[{"href":"https:\/\/ecosupplements.be\/fr\/wp-json\/wp\/v2\/types\/product"}],"replies":[{"embeddable":true,"href":"https:\/\/ecosupplements.be\/fr\/wp-json\/wp\/v2\/comments?post=287494"}],"wp:featuredmedia":[{"embeddable":true,"href":"https:\/\/ecosupplements.be\/fr\/wp-json\/wp\/v2\/media\/260006"}],"wp:attachment":[{"href":"https:\/\/ecosupplements.be\/fr\/wp-json\/wp\/v2\/media?parent=287494"}],"wp:term":[{"taxonomy":"product_brand","embeddable":true,"href":"https:\/\/ecosupplements.be\/fr\/wp-json\/wp\/v2\/product_brand?post=287494"},{"taxonomy":"product_cat","embeddable":true,"href":"https:\/\/ecosupplements.be\/fr\/wp-json\/wp\/v2\/product_cat?post=287494"},{"taxonomy":"product_tag","embeddable":true,"href":"https:\/\/ecosupplements.be\/fr\/wp-json\/wp\/v2\/product_tag?post=287494"}],"curies":[{"name":"wp","href":"https:\/\/api.w.org\/{rel}","templated":true}]}}