{"id":287497,"date":"2022-08-05T18:06:59","date_gmt":"2022-08-05T17:06:59","guid":{"rendered":"https:\/\/ecosupplements.be\/product\/zinc-et-cuivre-chelates-15mg-120-comprimes\/"},"modified":"2025-08-27T14:24:48","modified_gmt":"2025-08-27T13:24:48","slug":"zinc-et-cuivre-chelates-15mg-120-comprimes","status":"publish","type":"product","link":"https:\/\/ecosupplements.be\/fr\/produit\/zinc-et-cuivre-chelates-15mg-120-comprimes\/","title":{"rendered":"Zinc et Cuivre Ch\u00e9lat\u00e9s, 15mg &#8211; 120 comprim\u00e9s"},"content":{"rendered":"<h1>Chelated Zinc &#038; Copper, 15mg &#8211; 120 tabs<\/h1>\n<p>Obtenez une dose \u00e9quilibr\u00e9e de zinc et\u2064 de cuivre avec ces comprim\u00e9s de\u2062 Holland &#038; Barrett. Chaque comprim\u00e9\u200c contient 15mg de zinc et 2mg de cuivre, deux min\u00e9raux essentiels pour le\u200c bon fonctionnement de l&#8217;organisme.<\/p>\n<h2>Caract\u00e9ristiques sp\u00e9ciales:<\/h2>\n<ul>\n<li>Ch\u00e9lation pour \u200dune meilleure\u2062 absorption<\/li>\n<li>Formule \u00e9quilibr\u00e9e en zinc et en cuivre<\/li>\n<li>Convient aux v\u00e9g\u00e9tariens et v\u00e9g\u00e9taliens<\/li>\n<li>120 comprim\u00e9s par bouteille<\/li>\n<\/ul>\n<h2>Ingr\u00e9dients:<\/h2>\n<p>Chaque comprim\u00e9 contient 15mg de zinc et 2mg de cuivre, ainsi que des ingr\u00e9dients inactifs tels que le phosphate dicalcique, le st\u00e9arate de magn\u00e9sium et\u200d le dioxyde de silicium.<\/p>\n<h2>Avantages uniques:<\/h2>\n<p>Le zinc et le cuivre sont deux min\u00e9raux essentiels pour le bon fonctionnement\u2062 de l&#8217;organisme. Le zinc est impliqu\u00e9 dans de nombreuses fonctions,\u2062 notamment la \u200ccroissance et le d\u00e9veloppement, la cicatrisation des plaies, le syst\u00e8me immunitaire\u2062 et la \u200bsant\u00e9 de \u200dla peau.\u2063 Le\u200c cuivre, quant \u00e0 \u2062lui, joue un r\u00f4le important dans la formation \u2064des globules rouges et la \u2064sant\u00e9 des os et des tissus\u2063 conjonctifs.<\/p>\n<p>Ces comprim\u00e9s sont ch\u00e9lat\u00e9s, ce qui\u200c signifie que les min\u00e9raux sont li\u00e9s \u00e0 \u200bdes acides amin\u00e9s pour une meilleure absorption par l&#8217;organisme. Cela \u200cgarantit que votre corps peut b\u00e9n\u00e9ficier pleinement des bienfaits du zinc et du cuivre contenus dans chaque\u2062 comprim\u00e9.<\/p>\n<h2>Principales caract\u00e9ristiques:<\/h2>\n<ul>\n<li>Chaque comprim\u00e9 contient 15mg de zinc et 2mg de \u2064cuivre<\/li>\n<li>Ch\u00e9lation pour une meilleure absorption<\/li>\n<li>Convient aux\u200d v\u00e9g\u00e9tariens et\u2062 v\u00e9g\u00e9taliens<\/li>\n<li>120 comprim\u00e9s par bouteille<\/li>\n<li>Formule \u00e9quilibr\u00e9e en zinc et en \u200bcuivre<\/li>\n<\/ul>\n<p>Donnez \u00e0 votre corps les nutriments dont il a besoin avec les comprim\u00e9s\u2062 de Chelated Zinc &#038; Copper de Holland &#038; Barrett. Commandez d\u00e8s maintenant et profitez d&#8217;une sant\u00e9 optimale !<\/p>\n","protected":false},"excerpt":{"rendered":"<p>Chelated Zinc &#038; Copper, 15mg &#8211; 120 tabs Obtenez une dose \u00e9quilibr\u00e9e de zinc et\u2064 de cuivre avec ces comprim\u00e9s de\u2062 Holland &#038; Barrett. Chaque comprim\u00e9\u200c contient 15mg de zinc et 2mg de cuivre, deux min\u00e9raux essentiels pour le\u200c bon fonctionnement de l&#8217;organisme. Caract\u00e9ristiques sp\u00e9ciales: Ch\u00e9lation pour \u200dune meilleure\u2062 absorption Formule \u00e9quilibr\u00e9e en zinc et [&#8230;]\n","protected":false},"featured_media":260094,"comment_status":"open","ping_status":"open","template":"","meta":[],"product_brand":[4819],"product_cat":[5052,5053],"product_tag":[],"class_list":{"0":"post-287497","1":"product","2":"type-product","3":"status-publish","4":"has-post-thumbnail","6":"product_brand-holland-barrett-2","7":"product_cat-sante-et-bien-etre","8":"product_cat-vitamines-et-mineraux","10":"first","11":"instock","12":"taxable","13":"shipping-taxable","14":"purchasable","15":"product-type-simple"},"yoast_head":"<!-- This site is optimized with the Yoast SEO Premium plugin v27.3 (Yoast SEO v27.3) - https:\/\/yoast.com\/product\/yoast-seo-premium-wordpress\/ -->\n<title>Zinc et Cuivre Ch\u00e9lat\u00e9s, 15mg - 120 comprim\u00e9s - ECO Supplements<\/title>\n<meta name=\"description\" content=\"Wij hebben een ruime keuze aan producten van Zinc et Cuivre Ch\u00e9lat\u00e9s, 15mg - 120 comprim\u00e9s . Winkel bij Eco Supplements altijd gratis verzending boven 100\u20ac\" \/>\n<meta name=\"robots\" content=\"index, follow, max-snippet:-1, max-image-preview:large, max-video-preview:-1\" \/>\n<link rel=\"canonical\" href=\"https:\/\/ecosupplements.be\/fr\/produit\/zinc-et-cuivre-chelates-15mg-120-comprimes\/\" \/>\n<meta property=\"og:locale\" content=\"fr_FR\" \/>\n<meta property=\"og:type\" content=\"article\" \/>\n<meta property=\"og:title\" content=\"Zinc et Cuivre Ch\u00e9lat\u00e9s, 15mg - 120 comprim\u00e9s\" \/>\n<meta property=\"og:description\" content=\"Wij hebben een ruime keuze aan producten van Zinc et Cuivre Ch\u00e9lat\u00e9s, 15mg - 120 comprim\u00e9s . Winkel bij Eco Supplements altijd gratis verzending boven 100\u20ac\" \/>\n<meta property=\"og:url\" content=\"https:\/\/ecosupplements.be\/fr\/produit\/zinc-et-cuivre-chelates-15mg-120-comprimes\/\" \/>\n<meta property=\"og:site_name\" content=\"ECO Supplements\" \/>\n<meta property=\"article:modified_time\" content=\"2025-08-27T13:24:48+00:00\" \/>\n<meta property=\"og:image\" content=\"https:\/\/ecosupplements.be\/wp-content\/uploads\/2025\/08\/Chelated-Zinc-Copper-15mg-120-tablets-1.jpg\" \/>\n\t<meta property=\"og:image:width\" content=\"506\" \/>\n\t<meta property=\"og:image:height\" content=\"634\" \/>\n\t<meta property=\"og:image:type\" content=\"image\/jpeg\" \/>\n<meta name=\"twitter:card\" content=\"summary_large_image\" \/>\n<meta name=\"twitter:label1\" content=\"Prix\" \/>\n\t<meta name=\"twitter:data1\" content=\"3.08&nbsp;&euro;\" \/>\n\t<meta name=\"twitter:label2\" content=\"Disponibilit\u00e9\" \/>\n\t<meta name=\"twitter:data2\" content=\"En stock\" \/>\n<script type=\"application\/ld+json\" class=\"yoast-schema-graph\">{\"@context\":\"https:\\\/\\\/schema.org\",\"@graph\":[{\"@type\":[\"WebPage\",\"ItemPage\"],\"@id\":\"https:\\\/\\\/ecosupplements.be\\\/fr\\\/produit\\\/zinc-et-cuivre-chelates-15mg-120-comprimes\\\/\",\"url\":\"https:\\\/\\\/ecosupplements.be\\\/fr\\\/produit\\\/zinc-et-cuivre-chelates-15mg-120-comprimes\\\/\",\"name\":\"Zinc et Cuivre Ch\u00e9lat\u00e9s, 15mg - 120 comprim\u00e9s - ECO Supplements\",\"isPartOf\":{\"@id\":\"https:\\\/\\\/ecosupplements.be\\\/fr\\\/#website\"},\"primaryImageOfPage\":{\"@id\":\"https:\\\/\\\/ecosupplements.be\\\/fr\\\/produit\\\/zinc-et-cuivre-chelates-15mg-120-comprimes\\\/#primaryimage\"},\"image\":{\"@id\":\"https:\\\/\\\/ecosupplements.be\\\/fr\\\/produit\\\/zinc-et-cuivre-chelates-15mg-120-comprimes\\\/#primaryimage\"},\"thumbnailUrl\":\"https:\\\/\\\/ecosupplements.be\\\/wp-content\\\/uploads\\\/2025\\\/08\\\/Chelated-Zinc-Copper-15mg-120-tablets.jpg\",\"datePublished\":\"2022-08-05T17:06:59+00:00\",\"dateModified\":\"2025-08-27T13:24:48+00:00\",\"description\":\"Wij hebben een ruime keuze aan producten van Zinc et Cuivre Ch\u00e9lat\u00e9s, 15mg - 120 comprim\u00e9s . Winkel bij Eco Supplements altijd gratis verzending boven 100\u20ac\",\"breadcrumb\":{\"@id\":\"https:\\\/\\\/ecosupplements.be\\\/fr\\\/produit\\\/zinc-et-cuivre-chelates-15mg-120-comprimes\\\/#breadcrumb\"},\"inLanguage\":\"fr-FR\",\"potentialAction\":[{\"@type\":\"ReadAction\",\"target\":[\"https:\\\/\\\/ecosupplements.be\\\/fr\\\/produit\\\/zinc-et-cuivre-chelates-15mg-120-comprimes\\\/\"]}]},{\"@type\":\"ImageObject\",\"inLanguage\":\"fr-FR\",\"@id\":\"https:\\\/\\\/ecosupplements.be\\\/fr\\\/produit\\\/zinc-et-cuivre-chelates-15mg-120-comprimes\\\/#primaryimage\",\"url\":\"https:\\\/\\\/ecosupplements.be\\\/wp-content\\\/uploads\\\/2025\\\/08\\\/Chelated-Zinc-Copper-15mg-120-tablets.jpg\",\"contentUrl\":\"https:\\\/\\\/ecosupplements.be\\\/wp-content\\\/uploads\\\/2025\\\/08\\\/Chelated-Zinc-Copper-15mg-120-tablets.jpg\",\"width\":506,\"height\":634},{\"@type\":\"BreadcrumbList\",\"@id\":\"https:\\\/\\\/ecosupplements.be\\\/fr\\\/produit\\\/zinc-et-cuivre-chelates-15mg-120-comprimes\\\/#breadcrumb\",\"itemListElement\":[{\"@type\":\"ListItem\",\"position\":1,\"name\":\"Home\",\"item\":\"https:\\\/\\\/ecosupplements.be\\\/fr\\\/\"},{\"@type\":\"ListItem\",\"position\":2,\"name\":\"Boutique\",\"item\":\"https:\\\/\\\/ecosupplements.be\\\/fr\\\/boutique\\\/\"},{\"@type\":\"ListItem\",\"position\":3,\"name\":\"Zinc et Cuivre Ch\u00e9lat\u00e9s, 15mg &#8211; 120 comprim\u00e9s\"}]},{\"@type\":\"WebSite\",\"@id\":\"https:\\\/\\\/ecosupplements.be\\\/fr\\\/#website\",\"url\":\"https:\\\/\\\/ecosupplements.be\\\/fr\\\/\",\"name\":\"ECO Supplements\",\"description\":\"Eco Supplements - Gezonde supplementen\",\"publisher\":{\"@id\":\"https:\\\/\\\/ecosupplements.be\\\/fr\\\/#organization\"},\"potentialAction\":[{\"@type\":\"SearchAction\",\"target\":{\"@type\":\"EntryPoint\",\"urlTemplate\":\"https:\\\/\\\/ecosupplements.be\\\/fr\\\/?s={search_term_string}\"},\"query-input\":{\"@type\":\"PropertyValueSpecification\",\"valueRequired\":true,\"valueName\":\"search_term_string\"}}],\"inLanguage\":\"fr-FR\"},{\"@type\":\"Organization\",\"@id\":\"https:\\\/\\\/ecosupplements.be\\\/fr\\\/#organization\",\"name\":\"Eco Supplements\",\"url\":\"https:\\\/\\\/ecosupplements.be\\\/fr\\\/\",\"logo\":{\"@type\":\"ImageObject\",\"inLanguage\":\"fr-FR\",\"@id\":\"https:\\\/\\\/ecosupplements.be\\\/fr\\\/#\\\/schema\\\/logo\\\/image\\\/\",\"url\":\"https:\\\/\\\/ecosupplements.be\\\/wp-content\\\/uploads\\\/2022\\\/06\\\/ecosupplement-family.png\",\"contentUrl\":\"https:\\\/\\\/ecosupplements.be\\\/wp-content\\\/uploads\\\/2022\\\/06\\\/ecosupplement-family.png\",\"width\":593,\"height\":374,\"caption\":\"Eco Supplements\"},\"image\":{\"@id\":\"https:\\\/\\\/ecosupplements.be\\\/fr\\\/#\\\/schema\\\/logo\\\/image\\\/\"}}]}<\/script>\n<meta property=\"product:brand\" content=\"Holland &amp; Barrett\" \/>\n<meta property=\"product:price:amount\" content=\"3.08\" \/>\n<meta property=\"product:price:currency\" content=\"EUR\" \/>\n<meta property=\"og:availability\" content=\"instock\" \/>\n<meta property=\"product:availability\" content=\"instock\" \/>\n<meta property=\"product:retailer_item_id\" content=\"5059604472404\" \/>\n<meta property=\"product:condition\" content=\"new\" \/>\n<!-- \/ Yoast SEO Premium plugin. -->","yoast_head_json":{"title":"Zinc et Cuivre Ch\u00e9lat\u00e9s, 15mg - 120 comprim\u00e9s - ECO Supplements","description":"Wij hebben een ruime keuze aan producten van Zinc et Cuivre Ch\u00e9lat\u00e9s, 15mg - 120 comprim\u00e9s . Winkel bij Eco Supplements altijd gratis verzending boven 100\u20ac","robots":{"index":"index","follow":"follow","max-snippet":"max-snippet:-1","max-image-preview":"max-image-preview:large","max-video-preview":"max-video-preview:-1"},"canonical":"https:\/\/ecosupplements.be\/fr\/produit\/zinc-et-cuivre-chelates-15mg-120-comprimes\/","og_locale":"fr_FR","og_type":"article","og_title":"Zinc et Cuivre Ch\u00e9lat\u00e9s, 15mg - 120 comprim\u00e9s","og_description":"Wij hebben een ruime keuze aan producten van Zinc et Cuivre Ch\u00e9lat\u00e9s, 15mg - 120 comprim\u00e9s . Winkel bij Eco Supplements altijd gratis verzending boven 100\u20ac","og_url":"https:\/\/ecosupplements.be\/fr\/produit\/zinc-et-cuivre-chelates-15mg-120-comprimes\/","og_site_name":"ECO Supplements","article_modified_time":"2025-08-27T13:24:48+00:00","og_image":[{"width":506,"height":634,"url":"https:\/\/ecosupplements.be\/wp-content\/uploads\/2025\/08\/Chelated-Zinc-Copper-15mg-120-tablets-1.jpg","type":"image\/jpeg"}],"twitter_card":"summary_large_image","twitter_misc":{"Prix":"3.08&nbsp;&euro;","Disponibilit\u00e9":"En stock"},"schema":{"@context":"https:\/\/schema.org","@graph":[{"@type":["WebPage","ItemPage"],"@id":"https:\/\/ecosupplements.be\/fr\/produit\/zinc-et-cuivre-chelates-15mg-120-comprimes\/","url":"https:\/\/ecosupplements.be\/fr\/produit\/zinc-et-cuivre-chelates-15mg-120-comprimes\/","name":"Zinc et Cuivre Ch\u00e9lat\u00e9s, 15mg - 120 comprim\u00e9s - ECO Supplements","isPartOf":{"@id":"https:\/\/ecosupplements.be\/fr\/#website"},"primaryImageOfPage":{"@id":"https:\/\/ecosupplements.be\/fr\/produit\/zinc-et-cuivre-chelates-15mg-120-comprimes\/#primaryimage"},"image":{"@id":"https:\/\/ecosupplements.be\/fr\/produit\/zinc-et-cuivre-chelates-15mg-120-comprimes\/#primaryimage"},"thumbnailUrl":"https:\/\/ecosupplements.be\/wp-content\/uploads\/2025\/08\/Chelated-Zinc-Copper-15mg-120-tablets.jpg","datePublished":"2022-08-05T17:06:59+00:00","dateModified":"2025-08-27T13:24:48+00:00","description":"Wij hebben een ruime keuze aan producten van Zinc et Cuivre Ch\u00e9lat\u00e9s, 15mg - 120 comprim\u00e9s . Winkel bij Eco Supplements altijd gratis verzending boven 100\u20ac","breadcrumb":{"@id":"https:\/\/ecosupplements.be\/fr\/produit\/zinc-et-cuivre-chelates-15mg-120-comprimes\/#breadcrumb"},"inLanguage":"fr-FR","potentialAction":[{"@type":"ReadAction","target":["https:\/\/ecosupplements.be\/fr\/produit\/zinc-et-cuivre-chelates-15mg-120-comprimes\/"]}]},{"@type":"ImageObject","inLanguage":"fr-FR","@id":"https:\/\/ecosupplements.be\/fr\/produit\/zinc-et-cuivre-chelates-15mg-120-comprimes\/#primaryimage","url":"https:\/\/ecosupplements.be\/wp-content\/uploads\/2025\/08\/Chelated-Zinc-Copper-15mg-120-tablets.jpg","contentUrl":"https:\/\/ecosupplements.be\/wp-content\/uploads\/2025\/08\/Chelated-Zinc-Copper-15mg-120-tablets.jpg","width":506,"height":634},{"@type":"BreadcrumbList","@id":"https:\/\/ecosupplements.be\/fr\/produit\/zinc-et-cuivre-chelates-15mg-120-comprimes\/#breadcrumb","itemListElement":[{"@type":"ListItem","position":1,"name":"Home","item":"https:\/\/ecosupplements.be\/fr\/"},{"@type":"ListItem","position":2,"name":"Boutique","item":"https:\/\/ecosupplements.be\/fr\/boutique\/"},{"@type":"ListItem","position":3,"name":"Zinc et Cuivre Ch\u00e9lat\u00e9s, 15mg &#8211; 120 comprim\u00e9s"}]},{"@type":"WebSite","@id":"https:\/\/ecosupplements.be\/fr\/#website","url":"https:\/\/ecosupplements.be\/fr\/","name":"ECO Supplements","description":"Eco Supplements - Gezonde supplementen","publisher":{"@id":"https:\/\/ecosupplements.be\/fr\/#organization"},"potentialAction":[{"@type":"SearchAction","target":{"@type":"EntryPoint","urlTemplate":"https:\/\/ecosupplements.be\/fr\/?s={search_term_string}"},"query-input":{"@type":"PropertyValueSpecification","valueRequired":true,"valueName":"search_term_string"}}],"inLanguage":"fr-FR"},{"@type":"Organization","@id":"https:\/\/ecosupplements.be\/fr\/#organization","name":"Eco Supplements","url":"https:\/\/ecosupplements.be\/fr\/","logo":{"@type":"ImageObject","inLanguage":"fr-FR","@id":"https:\/\/ecosupplements.be\/fr\/#\/schema\/logo\/image\/","url":"https:\/\/ecosupplements.be\/wp-content\/uploads\/2022\/06\/ecosupplement-family.png","contentUrl":"https:\/\/ecosupplements.be\/wp-content\/uploads\/2022\/06\/ecosupplement-family.png","width":593,"height":374,"caption":"Eco Supplements"},"image":{"@id":"https:\/\/ecosupplements.be\/fr\/#\/schema\/logo\/image\/"}}]},"product_brand":"Holland &amp; Barrett","product_price_amount":"3.08","product_price_currency":"EUR","og_availability":"instock","product_availability":"instock","product_retailer_item_id":"5059604472404","product_condition":"new"},"_links":{"self":[{"href":"https:\/\/ecosupplements.be\/fr\/wp-json\/wp\/v2\/product\/287497","targetHints":{"allow":["GET"]}}],"collection":[{"href":"https:\/\/ecosupplements.be\/fr\/wp-json\/wp\/v2\/product"}],"about":[{"href":"https:\/\/ecosupplements.be\/fr\/wp-json\/wp\/v2\/types\/product"}],"replies":[{"embeddable":true,"href":"https:\/\/ecosupplements.be\/fr\/wp-json\/wp\/v2\/comments?post=287497"}],"wp:featuredmedia":[{"embeddable":true,"href":"https:\/\/ecosupplements.be\/fr\/wp-json\/wp\/v2\/media\/260094"}],"wp:attachment":[{"href":"https:\/\/ecosupplements.be\/fr\/wp-json\/wp\/v2\/media?parent=287497"}],"wp:term":[{"taxonomy":"product_brand","embeddable":true,"href":"https:\/\/ecosupplements.be\/fr\/wp-json\/wp\/v2\/product_brand?post=287497"},{"taxonomy":"product_cat","embeddable":true,"href":"https:\/\/ecosupplements.be\/fr\/wp-json\/wp\/v2\/product_cat?post=287497"},{"taxonomy":"product_tag","embeddable":true,"href":"https:\/\/ecosupplements.be\/fr\/wp-json\/wp\/v2\/product_tag?post=287497"}],"curies":[{"name":"wp","href":"https:\/\/api.w.org\/{rel}","templated":true}]}}