{"id":287509,"date":"2022-06-28T10:13:08","date_gmt":"2022-06-28T09:13:08","guid":{"rendered":"https:\/\/ecosupplements.be\/product\/nettoyage-du-colon-120-comprimes\/"},"modified":"2025-08-27T14:24:58","modified_gmt":"2025-08-27T13:24:58","slug":"nettoyage-du-colon-120-comprimes","status":"publish","type":"product","link":"https:\/\/ecosupplements.be\/fr\/produit\/nettoyage-du-colon-120-comprimes\/","title":{"rendered":"Nettoyage du c\u00f4lon &#8211; 120 comprim\u00e9s"},"content":{"rendered":"<h1>Nettoyez votre c\u00f4lon en profondeur avec Colon Cleanse de \u200bHolland &#038; Barrett<\/h1>\n<p>Le Colon Cleanse de Holland &#038; Barrett est un compl\u00e9ment \u200calimentaire naturel con\u00e7u pour \u2063nettoyer en profondeur votre\u2064 c\u00f4lon et am\u00e9liorer votre\u200d sant\u00e9 digestive. Avec 120 comprim\u00e9s\u200b par bouteille, vous pouvez profiter d&#8217;un nettoyage complet \u2062pendant plusieurs mois.<\/p>\n<h2>Ingr\u00e9dients naturels \u200bpour un nettoyage \u2063en douceur<\/h2>\n<p>Notre formule\u200b unique est compos\u00e9e d&#8217;ingr\u00e9dients\u200d naturels soigneusement s\u00e9lectionn\u00e9s pour\u2064 leur efficacit\u00e9 dans le nettoyage \u200bdu c\u00f4lon. Les principaux ingr\u00e9dients comprennent la racine de r\u00e9glisse, la racine de pissenlit, le psyllium et \u2062la feuille de s\u00e9n\u00e9. Ces ingr\u00e9dients travaillent ensemble\u2062 pour \u00e9liminer les toxines et les d\u00e9chets accumul\u00e9s dans votre c\u00f4lon, tout en apaisant\u200d et en nourrissant votre syst\u00e8me digestif.<\/p>\n<h2>Avantages \u200bpour la sant\u00e9<\/h2>\n<ul>\n<li>Nettoie en profondeur le c\u00f4lon pour une meilleure \u2062sant\u00e9 \u200bdigestive<\/li>\n<li>\u00c9limine les toxines \u200det les d\u00e9chets accumul\u00e9s<\/li>\n<li>Am\u00e9liore l&#8217;absorption des nutriments<\/li>\n<li>Apaise et nourrit \u2063le syst\u00e8me digestif<\/li>\n<li>Formule naturelle sans effets secondaires<\/li>\n<\/ul>\n<h2>Mode d&#8217;emploi<\/h2>\n<p>Pour profiter des bienfaits\u200d de Colon Cleanse, prenez 2 comprim\u00e9s par \u2063jour avec un grand verre d&#8217;eau. Pour de meilleurs r\u00e9sultats, utilisez en combinaison avec\u200b une alimentation \u00e9quilibr\u00e9e et une activit\u00e9 physique r\u00e9guli\u00e8re.<\/p>\n<p>Nettoyez votre \u2062c\u00f4lon en profondeur et am\u00e9liorez\u200c votre sant\u00e9 digestive avec Colon Cleanse de \u2064Holland &#038; Barrett. Commandez d\u00e8s maintenant et \u200cressentez la diff\u00e9rence !<\/p>\n","protected":false},"excerpt":{"rendered":"<p>Nettoyez votre c\u00f4lon en profondeur avec Colon Cleanse de \u200bHolland &#038; Barrett Le Colon Cleanse de Holland &#038; Barrett est un compl\u00e9ment \u200calimentaire naturel con\u00e7u pour \u2063nettoyer en profondeur votre\u2064 c\u00f4lon et am\u00e9liorer votre\u200d sant\u00e9 digestive. Avec 120 comprim\u00e9s\u200b par bouteille, vous pouvez profiter d&#8217;un nettoyage complet \u2062pendant plusieurs mois. Ingr\u00e9dients naturels \u200bpour un nettoyage [&#8230;]\n","protected":false},"featured_media":287510,"comment_status":"open","ping_status":"open","template":"","meta":[],"product_brand":[4819],"product_cat":[5087,5052],"product_tag":[],"class_list":{"0":"post-287509","1":"product","2":"type-product","3":"status-publish","4":"has-post-thumbnail","6":"product_brand-holland-barrett-2","7":"product_cat-sante-digestive-fibres","8":"product_cat-sante-et-bien-etre","10":"first","11":"outofstock","12":"taxable","13":"shipping-taxable","14":"purchasable","15":"product-type-simple"},"yoast_head":"<!-- This site is optimized with the Yoast SEO Premium plugin v27.3 (Yoast SEO v27.3) - https:\/\/yoast.com\/product\/yoast-seo-premium-wordpress\/ -->\n<title>Nettoyage du c\u00f4lon - 120 comprim\u00e9s - ECO Supplements<\/title>\n<meta name=\"description\" content=\"Wij hebben een ruime keuze aan producten van Nettoyage du c\u00f4lon - 120 comprim\u00e9s . Winkel bij Eco Supplements altijd gratis verzending boven 100\u20ac\" \/>\n<meta name=\"robots\" content=\"index, follow, max-snippet:-1, max-image-preview:large, max-video-preview:-1\" \/>\n<link rel=\"canonical\" href=\"https:\/\/ecosupplements.be\/fr\/produit\/nettoyage-du-colon-120-comprimes\/\" \/>\n<meta property=\"og:locale\" content=\"fr_FR\" \/>\n<meta property=\"og:type\" content=\"article\" \/>\n<meta property=\"og:title\" content=\"Nettoyage du c\u00f4lon - 120 comprim\u00e9s\" \/>\n<meta property=\"og:description\" content=\"Wij hebben een ruime keuze aan producten van Nettoyage du c\u00f4lon - 120 comprim\u00e9s . Winkel bij Eco Supplements altijd gratis verzending boven 100\u20ac\" \/>\n<meta property=\"og:url\" content=\"https:\/\/ecosupplements.be\/fr\/produit\/nettoyage-du-colon-120-comprimes\/\" \/>\n<meta property=\"og:site_name\" content=\"ECO Supplements\" \/>\n<meta property=\"article:modified_time\" content=\"2025-08-27T13:24:58+00:00\" \/>\n<meta property=\"og:image\" content=\"https:\/\/ecosupplements.be\/wp-content\/uploads\/2025\/08\/Colon-Cleanse-120-tabs-1.jpg\" \/>\n\t<meta property=\"og:image:width\" content=\"336\" \/>\n\t<meta property=\"og:image:height\" content=\"668\" \/>\n\t<meta property=\"og:image:type\" content=\"image\/jpeg\" \/>\n<meta name=\"twitter:card\" content=\"summary_large_image\" \/>\n<meta name=\"twitter:label1\" content=\"Prix\" \/>\n\t<meta name=\"twitter:data1\" content=\"3.50&nbsp;&euro;\" \/>\n\t<meta name=\"twitter:label2\" content=\"Disponibilit\u00e9\" \/>\n\t<meta name=\"twitter:data2\" content=\"Rupture de stock\" \/>\n<script type=\"application\/ld+json\" class=\"yoast-schema-graph\">{\"@context\":\"https:\\\/\\\/schema.org\",\"@graph\":[{\"@type\":[\"WebPage\",\"ItemPage\"],\"@id\":\"https:\\\/\\\/ecosupplements.be\\\/fr\\\/produit\\\/nettoyage-du-colon-120-comprimes\\\/\",\"url\":\"https:\\\/\\\/ecosupplements.be\\\/fr\\\/produit\\\/nettoyage-du-colon-120-comprimes\\\/\",\"name\":\"Nettoyage du c\u00f4lon - 120 comprim\u00e9s - ECO Supplements\",\"isPartOf\":{\"@id\":\"https:\\\/\\\/ecosupplements.be\\\/fr\\\/#website\"},\"primaryImageOfPage\":{\"@id\":\"https:\\\/\\\/ecosupplements.be\\\/fr\\\/produit\\\/nettoyage-du-colon-120-comprimes\\\/#primaryimage\"},\"image\":{\"@id\":\"https:\\\/\\\/ecosupplements.be\\\/fr\\\/produit\\\/nettoyage-du-colon-120-comprimes\\\/#primaryimage\"},\"thumbnailUrl\":\"https:\\\/\\\/ecosupplements.be\\\/wp-content\\\/uploads\\\/2025\\\/08\\\/Colon-Cleanse-120-tabs-1.jpg\",\"datePublished\":\"2022-06-28T09:13:08+00:00\",\"dateModified\":\"2025-08-27T13:24:58+00:00\",\"description\":\"Wij hebben een ruime keuze aan producten van Nettoyage du c\u00f4lon - 120 comprim\u00e9s . Winkel bij Eco Supplements altijd gratis verzending boven 100\u20ac\",\"breadcrumb\":{\"@id\":\"https:\\\/\\\/ecosupplements.be\\\/fr\\\/produit\\\/nettoyage-du-colon-120-comprimes\\\/#breadcrumb\"},\"inLanguage\":\"fr-FR\",\"potentialAction\":[{\"@type\":\"ReadAction\",\"target\":[\"https:\\\/\\\/ecosupplements.be\\\/fr\\\/produit\\\/nettoyage-du-colon-120-comprimes\\\/\"]}]},{\"@type\":\"ImageObject\",\"inLanguage\":\"fr-FR\",\"@id\":\"https:\\\/\\\/ecosupplements.be\\\/fr\\\/produit\\\/nettoyage-du-colon-120-comprimes\\\/#primaryimage\",\"url\":\"https:\\\/\\\/ecosupplements.be\\\/wp-content\\\/uploads\\\/2025\\\/08\\\/Colon-Cleanse-120-tabs-1.jpg\",\"contentUrl\":\"https:\\\/\\\/ecosupplements.be\\\/wp-content\\\/uploads\\\/2025\\\/08\\\/Colon-Cleanse-120-tabs-1.jpg\",\"width\":336,\"height\":668},{\"@type\":\"BreadcrumbList\",\"@id\":\"https:\\\/\\\/ecosupplements.be\\\/fr\\\/produit\\\/nettoyage-du-colon-120-comprimes\\\/#breadcrumb\",\"itemListElement\":[{\"@type\":\"ListItem\",\"position\":1,\"name\":\"Home\",\"item\":\"https:\\\/\\\/ecosupplements.be\\\/fr\\\/\"},{\"@type\":\"ListItem\",\"position\":2,\"name\":\"Boutique\",\"item\":\"https:\\\/\\\/ecosupplements.be\\\/fr\\\/boutique\\\/\"},{\"@type\":\"ListItem\",\"position\":3,\"name\":\"Nettoyage du c\u00f4lon &#8211; 120 comprim\u00e9s\"}]},{\"@type\":\"WebSite\",\"@id\":\"https:\\\/\\\/ecosupplements.be\\\/fr\\\/#website\",\"url\":\"https:\\\/\\\/ecosupplements.be\\\/fr\\\/\",\"name\":\"ECO Supplements\",\"description\":\"Eco Supplements - Gezonde supplementen\",\"publisher\":{\"@id\":\"https:\\\/\\\/ecosupplements.be\\\/fr\\\/#organization\"},\"potentialAction\":[{\"@type\":\"SearchAction\",\"target\":{\"@type\":\"EntryPoint\",\"urlTemplate\":\"https:\\\/\\\/ecosupplements.be\\\/fr\\\/?s={search_term_string}\"},\"query-input\":{\"@type\":\"PropertyValueSpecification\",\"valueRequired\":true,\"valueName\":\"search_term_string\"}}],\"inLanguage\":\"fr-FR\"},{\"@type\":\"Organization\",\"@id\":\"https:\\\/\\\/ecosupplements.be\\\/fr\\\/#organization\",\"name\":\"Eco Supplements\",\"url\":\"https:\\\/\\\/ecosupplements.be\\\/fr\\\/\",\"logo\":{\"@type\":\"ImageObject\",\"inLanguage\":\"fr-FR\",\"@id\":\"https:\\\/\\\/ecosupplements.be\\\/fr\\\/#\\\/schema\\\/logo\\\/image\\\/\",\"url\":\"https:\\\/\\\/ecosupplements.be\\\/wp-content\\\/uploads\\\/2022\\\/06\\\/ecosupplement-family.png\",\"contentUrl\":\"https:\\\/\\\/ecosupplements.be\\\/wp-content\\\/uploads\\\/2022\\\/06\\\/ecosupplement-family.png\",\"width\":593,\"height\":374,\"caption\":\"Eco Supplements\"},\"image\":{\"@id\":\"https:\\\/\\\/ecosupplements.be\\\/fr\\\/#\\\/schema\\\/logo\\\/image\\\/\"}}]}<\/script>\n<meta property=\"product:brand\" content=\"Holland &amp; Barrett\" \/>\n<meta property=\"product:price:amount\" content=\"3.50\" \/>\n<meta property=\"product:price:currency\" content=\"EUR\" \/>\n<meta property=\"og:availability\" content=\"out of stock\" \/>\n<meta property=\"product:availability\" content=\"out of stock\" \/>\n<meta property=\"product:retailer_item_id\" content=\"5059604471384\" \/>\n<meta property=\"product:condition\" content=\"new\" \/>\n<!-- \/ Yoast SEO Premium plugin. -->","yoast_head_json":{"title":"Nettoyage du c\u00f4lon - 120 comprim\u00e9s - ECO Supplements","description":"Wij hebben een ruime keuze aan producten van Nettoyage du c\u00f4lon - 120 comprim\u00e9s . Winkel bij Eco Supplements altijd gratis verzending boven 100\u20ac","robots":{"index":"index","follow":"follow","max-snippet":"max-snippet:-1","max-image-preview":"max-image-preview:large","max-video-preview":"max-video-preview:-1"},"canonical":"https:\/\/ecosupplements.be\/fr\/produit\/nettoyage-du-colon-120-comprimes\/","og_locale":"fr_FR","og_type":"article","og_title":"Nettoyage du c\u00f4lon - 120 comprim\u00e9s","og_description":"Wij hebben een ruime keuze aan producten van Nettoyage du c\u00f4lon - 120 comprim\u00e9s . Winkel bij Eco Supplements altijd gratis verzending boven 100\u20ac","og_url":"https:\/\/ecosupplements.be\/fr\/produit\/nettoyage-du-colon-120-comprimes\/","og_site_name":"ECO Supplements","article_modified_time":"2025-08-27T13:24:58+00:00","og_image":[{"width":336,"height":668,"url":"https:\/\/ecosupplements.be\/wp-content\/uploads\/2025\/08\/Colon-Cleanse-120-tabs-1.jpg","type":"image\/jpeg"}],"twitter_card":"summary_large_image","twitter_misc":{"Prix":"3.50&nbsp;&euro;","Disponibilit\u00e9":"Rupture de stock"},"schema":{"@context":"https:\/\/schema.org","@graph":[{"@type":["WebPage","ItemPage"],"@id":"https:\/\/ecosupplements.be\/fr\/produit\/nettoyage-du-colon-120-comprimes\/","url":"https:\/\/ecosupplements.be\/fr\/produit\/nettoyage-du-colon-120-comprimes\/","name":"Nettoyage du c\u00f4lon - 120 comprim\u00e9s - ECO Supplements","isPartOf":{"@id":"https:\/\/ecosupplements.be\/fr\/#website"},"primaryImageOfPage":{"@id":"https:\/\/ecosupplements.be\/fr\/produit\/nettoyage-du-colon-120-comprimes\/#primaryimage"},"image":{"@id":"https:\/\/ecosupplements.be\/fr\/produit\/nettoyage-du-colon-120-comprimes\/#primaryimage"},"thumbnailUrl":"https:\/\/ecosupplements.be\/wp-content\/uploads\/2025\/08\/Colon-Cleanse-120-tabs-1.jpg","datePublished":"2022-06-28T09:13:08+00:00","dateModified":"2025-08-27T13:24:58+00:00","description":"Wij hebben een ruime keuze aan producten van Nettoyage du c\u00f4lon - 120 comprim\u00e9s . Winkel bij Eco Supplements altijd gratis verzending boven 100\u20ac","breadcrumb":{"@id":"https:\/\/ecosupplements.be\/fr\/produit\/nettoyage-du-colon-120-comprimes\/#breadcrumb"},"inLanguage":"fr-FR","potentialAction":[{"@type":"ReadAction","target":["https:\/\/ecosupplements.be\/fr\/produit\/nettoyage-du-colon-120-comprimes\/"]}]},{"@type":"ImageObject","inLanguage":"fr-FR","@id":"https:\/\/ecosupplements.be\/fr\/produit\/nettoyage-du-colon-120-comprimes\/#primaryimage","url":"https:\/\/ecosupplements.be\/wp-content\/uploads\/2025\/08\/Colon-Cleanse-120-tabs-1.jpg","contentUrl":"https:\/\/ecosupplements.be\/wp-content\/uploads\/2025\/08\/Colon-Cleanse-120-tabs-1.jpg","width":336,"height":668},{"@type":"BreadcrumbList","@id":"https:\/\/ecosupplements.be\/fr\/produit\/nettoyage-du-colon-120-comprimes\/#breadcrumb","itemListElement":[{"@type":"ListItem","position":1,"name":"Home","item":"https:\/\/ecosupplements.be\/fr\/"},{"@type":"ListItem","position":2,"name":"Boutique","item":"https:\/\/ecosupplements.be\/fr\/boutique\/"},{"@type":"ListItem","position":3,"name":"Nettoyage du c\u00f4lon &#8211; 120 comprim\u00e9s"}]},{"@type":"WebSite","@id":"https:\/\/ecosupplements.be\/fr\/#website","url":"https:\/\/ecosupplements.be\/fr\/","name":"ECO Supplements","description":"Eco Supplements - Gezonde supplementen","publisher":{"@id":"https:\/\/ecosupplements.be\/fr\/#organization"},"potentialAction":[{"@type":"SearchAction","target":{"@type":"EntryPoint","urlTemplate":"https:\/\/ecosupplements.be\/fr\/?s={search_term_string}"},"query-input":{"@type":"PropertyValueSpecification","valueRequired":true,"valueName":"search_term_string"}}],"inLanguage":"fr-FR"},{"@type":"Organization","@id":"https:\/\/ecosupplements.be\/fr\/#organization","name":"Eco Supplements","url":"https:\/\/ecosupplements.be\/fr\/","logo":{"@type":"ImageObject","inLanguage":"fr-FR","@id":"https:\/\/ecosupplements.be\/fr\/#\/schema\/logo\/image\/","url":"https:\/\/ecosupplements.be\/wp-content\/uploads\/2022\/06\/ecosupplement-family.png","contentUrl":"https:\/\/ecosupplements.be\/wp-content\/uploads\/2022\/06\/ecosupplement-family.png","width":593,"height":374,"caption":"Eco Supplements"},"image":{"@id":"https:\/\/ecosupplements.be\/fr\/#\/schema\/logo\/image\/"}}]},"product_brand":"Holland &amp; Barrett","product_price_amount":"3.50","product_price_currency":"EUR","og_availability":"out of stock","product_availability":"out of stock","product_retailer_item_id":"5059604471384","product_condition":"new"},"_links":{"self":[{"href":"https:\/\/ecosupplements.be\/fr\/wp-json\/wp\/v2\/product\/287509","targetHints":{"allow":["GET"]}}],"collection":[{"href":"https:\/\/ecosupplements.be\/fr\/wp-json\/wp\/v2\/product"}],"about":[{"href":"https:\/\/ecosupplements.be\/fr\/wp-json\/wp\/v2\/types\/product"}],"replies":[{"embeddable":true,"href":"https:\/\/ecosupplements.be\/fr\/wp-json\/wp\/v2\/comments?post=287509"}],"wp:featuredmedia":[{"embeddable":true,"href":"https:\/\/ecosupplements.be\/fr\/wp-json\/wp\/v2\/media\/287510"}],"wp:attachment":[{"href":"https:\/\/ecosupplements.be\/fr\/wp-json\/wp\/v2\/media?parent=287509"}],"wp:term":[{"taxonomy":"product_brand","embeddable":true,"href":"https:\/\/ecosupplements.be\/fr\/wp-json\/wp\/v2\/product_brand?post=287509"},{"taxonomy":"product_cat","embeddable":true,"href":"https:\/\/ecosupplements.be\/fr\/wp-json\/wp\/v2\/product_cat?post=287509"},{"taxonomy":"product_tag","embeddable":true,"href":"https:\/\/ecosupplements.be\/fr\/wp-json\/wp\/v2\/product_tag?post=287509"}],"curies":[{"name":"wp","href":"https:\/\/api.w.org\/{rel}","templated":true}]}}