{"id":287515,"date":"2023-01-13T12:30:08","date_gmt":"2023-01-13T11:30:08","guid":{"rendered":"https:\/\/ecosupplements.be\/product\/coenzyme-q-10-50mg-30-comprimes\/"},"modified":"2025-08-27T14:25:03","modified_gmt":"2025-08-27T13:25:03","slug":"coenzyme-q-10-50mg-30-comprimes","status":"publish","type":"product","link":"https:\/\/ecosupplements.be\/fr\/produit\/coenzyme-q-10-50mg-30-comprimes\/","title":{"rendered":"Coenzyme Q-10, 50mg &#8211; 30 comprim\u00e9s"},"content":{"rendered":"<h1>CoQ-10, 50mg &#8211; 30 tabs<\/h1>\n<p>Le CoQ-10, \u00e9galement connu sous\u200d le nom \u200dde coenzyme Q10, est un antioxydant naturellement pr\u00e9sent dans le corps humain. Cependant, avec l&#8217;\u00e2ge, notre corps produit moins de CoQ-10,\u200c ce \u2063qui peut entra\u00eener une diminution de l&#8217;\u00e9nergie et\u2063 une augmentation des signes de vieillissement.<\/p>\n<p>Les comprim\u00e9s de CoQ-10 de Holland &#038; Barrett contiennent 50mg de coenzyme\u200d Q10 par comprim\u00e9, ce qui en fait un \u200ccompl\u00e9ment id\u00e9al pour soutenir la sant\u00e9 et le bien-\u00eatre g\u00e9n\u00e9ral. Chaque flacon contient 30 comprim\u00e9s,\u2063 soit un approvisionnement d&#8217;un mois.<\/p>\n<h2>Ingr\u00e9dients cl\u00e9s<\/h2>\n<ul>\n<li>Coenzyme\u200b Q10 &#8211; 50mg par comprim\u00e9<\/li>\n<li>Cellulose \u2063microcristalline &#8211; \u2063un liant naturel pour les comprim\u00e9s<\/li>\n<li>Dioxyde de silicium &#8211; un anti-agglom\u00e9rant\u200c pour assurer une distribution uniforme des ingr\u00e9dients<\/li>\n<li>St\u00e9arate de magn\u00e9sium \u200b- un\u2063 lubrifiant pour faciliter l&#8217;ingestion des comprim\u00e9s<\/li>\n<\/ul>\n<h2>Avantages uniques<\/h2>\n<p>Le CoQ-10 est \u200bun antioxydant puissant qui peut aider \u00e0 prot\u00e9ger les cellules contre les dommages caus\u00e9s par les radicaux libres. Il peut\u200d \u00e9galement soutenir \u2064la sant\u00e9 cardiovasculaire en aidant \u00e0 maintenir un taux de cholest\u00e9rol sain et en\u200c am\u00e9liorant la fonction cardiaque.<\/p>\n<p>En plus de ses bienfaits pour la sant\u00e9, le CoQ-10 peut \u00e9galement aider \u00e0 augmenter les niveaux d&#8217;\u00e9nergie et \u00e0 am\u00e9liorer la r\u00e9cup\u00e9ration musculaire apr\u00e8s l&#8217;exercice. Il peut \u00e9galement avoir des effets positifs sur la sant\u00e9 de la peau en r\u00e9duisant les signes de vieillissement et en\u2062 am\u00e9liorant l&#8217;\u00e9lasticit\u00e9 de \u200bla peau.<\/p>\n<h2>Utilisation recommand\u00e9e<\/h2>\n<p>Il est recommand\u00e9 de prendre un comprim\u00e9 de CoQ-10 par jour, de pr\u00e9f\u00e9rence \u2062avec un repas. Ne pas d\u00e9passer la dose\u200c quotidienne recommand\u00e9e.<\/p>\n<p>Conservez le flacon dans un endroit \u200dfrais et\u2064 sec, \u00e0 l&#8217;abri de la lumi\u00e8re directe du soleil. \u200cTenir hors de port\u00e9e des enfants.<\/p>\n<p>Si\u2064 vous\u200b \u00eates enceinte, allaitez ou\u2063 prenez des m\u00e9dicaments, veuillez consulter votre m\u00e9decin \u200bavant de prendre ce compl\u00e9ment alimentaire.<\/p>\n<p>Prenez soin \u200dde votre \u2064sant\u00e9 et de votre bien-\u00eatre avec les comprim\u00e9s de CoQ-10 de Holland \u200d&#038; Barrett.\u2064 Commandez d\u00e8s maintenant et profitez des bienfaits de ce \u200bpuissant antioxydant !<\/p>\n","protected":false},"excerpt":{"rendered":"<p>CoQ-10, 50mg &#8211; 30 tabs Le CoQ-10, \u00e9galement connu sous\u200d le nom \u200dde coenzyme Q10, est un antioxydant naturellement pr\u00e9sent dans le corps humain. Cependant, avec l&#8217;\u00e2ge, notre corps produit moins de CoQ-10,\u200c ce \u2063qui peut entra\u00eener une diminution de l&#8217;\u00e9nergie et\u2063 une augmentation des signes de vieillissement. Les comprim\u00e9s de CoQ-10 de Holland &#038; [&#8230;]\n","protected":false},"featured_media":261384,"comment_status":"open","ping_status":"open","template":"","meta":[],"product_brand":[4819],"product_cat":[5054,5055,5052],"product_tag":[],"class_list":{"0":"post-287515","1":"product","2":"type-product","3":"status-publish","4":"has-post-thumbnail","6":"product_brand-holland-barrett-2","7":"product_cat-nourriture-saine","8":"product_cat-produits-vegetaliens","9":"product_cat-sante-et-bien-etre","11":"first","12":"instock","13":"sale","14":"taxable","15":"shipping-taxable","16":"purchasable","17":"product-type-simple"},"yoast_head":"<!-- This site is optimized with the Yoast SEO Premium plugin v27.5 (Yoast SEO v27.5) - https:\/\/yoast.com\/product\/yoast-seo-premium-wordpress\/ -->\n<title>Coenzyme Q-10, 50mg - 30 comprim\u00e9s - ECO Supplements<\/title>\n<meta name=\"description\" content=\"Wij hebben een ruime keuze aan producten van Coenzyme Q-10, 50mg - 30 comprim\u00e9s . Winkel bij Eco Supplements altijd gratis verzending boven 100\u20ac\" \/>\n<meta name=\"robots\" content=\"index, follow, max-snippet:-1, max-image-preview:large, max-video-preview:-1\" \/>\n<link rel=\"canonical\" href=\"https:\/\/ecosupplements.be\/fr\/produit\/coenzyme-q-10-50mg-30-comprimes\/\" \/>\n<meta property=\"og:locale\" content=\"fr_FR\" \/>\n<meta property=\"og:type\" content=\"article\" \/>\n<meta property=\"og:title\" content=\"Coenzyme Q-10, 50mg - 30 comprim\u00e9s\" \/>\n<meta property=\"og:description\" content=\"Wij hebben een ruime keuze aan producten van Coenzyme Q-10, 50mg - 30 comprim\u00e9s . Winkel bij Eco Supplements altijd gratis verzending boven 100\u20ac\" \/>\n<meta property=\"og:url\" content=\"https:\/\/ecosupplements.be\/fr\/produit\/coenzyme-q-10-50mg-30-comprimes\/\" \/>\n<meta property=\"og:site_name\" content=\"ECO Supplements\" \/>\n<meta property=\"article:modified_time\" content=\"2025-08-27T13:25:03+00:00\" \/>\n<meta property=\"og:image\" content=\"https:\/\/ecosupplements.be\/wp-content\/uploads\/2025\/08\/CoQ-10-50mg-30-tabs.jpg\" \/>\n\t<meta property=\"og:image:width\" content=\"724\" \/>\n\t<meta property=\"og:image:height\" content=\"724\" \/>\n\t<meta property=\"og:image:type\" content=\"image\/jpeg\" \/>\n<meta name=\"twitter:card\" content=\"summary_large_image\" \/>\n<meta name=\"twitter:label1\" content=\"Prix\" \/>\n\t<meta name=\"twitter:data1\" content=\"6.46&nbsp;&euro;\" \/>\n\t<meta name=\"twitter:label2\" content=\"Disponibilit\u00e9\" \/>\n\t<meta name=\"twitter:data2\" content=\"En stock\" \/>\n<script type=\"application\/ld+json\" class=\"yoast-schema-graph\">{\"@context\":\"https:\\\/\\\/schema.org\",\"@graph\":[{\"@type\":[\"WebPage\",\"ItemPage\"],\"@id\":\"https:\\\/\\\/ecosupplements.be\\\/fr\\\/produit\\\/coenzyme-q-10-50mg-30-comprimes\\\/\",\"url\":\"https:\\\/\\\/ecosupplements.be\\\/fr\\\/produit\\\/coenzyme-q-10-50mg-30-comprimes\\\/\",\"name\":\"Coenzyme Q-10, 50mg - 30 comprim\u00e9s - ECO Supplements\",\"isPartOf\":{\"@id\":\"https:\\\/\\\/ecosupplements.be\\\/fr\\\/#website\"},\"primaryImageOfPage\":{\"@id\":\"https:\\\/\\\/ecosupplements.be\\\/fr\\\/produit\\\/coenzyme-q-10-50mg-30-comprimes\\\/#primaryimage\"},\"image\":{\"@id\":\"https:\\\/\\\/ecosupplements.be\\\/fr\\\/produit\\\/coenzyme-q-10-50mg-30-comprimes\\\/#primaryimage\"},\"thumbnailUrl\":\"https:\\\/\\\/ecosupplements.be\\\/wp-content\\\/uploads\\\/2025\\\/08\\\/CoQ-10-50mg-30-tabs-EAN-5059604473197.jpg\",\"datePublished\":\"2023-01-13T11:30:08+00:00\",\"dateModified\":\"2025-08-27T13:25:03+00:00\",\"description\":\"Wij hebben een ruime keuze aan producten van Coenzyme Q-10, 50mg - 30 comprim\u00e9s . Winkel bij Eco Supplements altijd gratis verzending boven 100\u20ac\",\"breadcrumb\":{\"@id\":\"https:\\\/\\\/ecosupplements.be\\\/fr\\\/produit\\\/coenzyme-q-10-50mg-30-comprimes\\\/#breadcrumb\"},\"inLanguage\":\"fr-FR\",\"potentialAction\":[{\"@type\":\"ReadAction\",\"target\":[\"https:\\\/\\\/ecosupplements.be\\\/fr\\\/produit\\\/coenzyme-q-10-50mg-30-comprimes\\\/\"]}]},{\"@type\":\"ImageObject\",\"inLanguage\":\"fr-FR\",\"@id\":\"https:\\\/\\\/ecosupplements.be\\\/fr\\\/produit\\\/coenzyme-q-10-50mg-30-comprimes\\\/#primaryimage\",\"url\":\"https:\\\/\\\/ecosupplements.be\\\/wp-content\\\/uploads\\\/2025\\\/08\\\/CoQ-10-50mg-30-tabs-EAN-5059604473197.jpg\",\"contentUrl\":\"https:\\\/\\\/ecosupplements.be\\\/wp-content\\\/uploads\\\/2025\\\/08\\\/CoQ-10-50mg-30-tabs-EAN-5059604473197.jpg\",\"width\":724,\"height\":724},{\"@type\":\"BreadcrumbList\",\"@id\":\"https:\\\/\\\/ecosupplements.be\\\/fr\\\/produit\\\/coenzyme-q-10-50mg-30-comprimes\\\/#breadcrumb\",\"itemListElement\":[{\"@type\":\"ListItem\",\"position\":1,\"name\":\"Home\",\"item\":\"https:\\\/\\\/ecosupplements.be\\\/fr\\\/\"},{\"@type\":\"ListItem\",\"position\":2,\"name\":\"Boutique\",\"item\":\"https:\\\/\\\/ecosupplements.be\\\/fr\\\/boutique\\\/\"},{\"@type\":\"ListItem\",\"position\":3,\"name\":\"Coenzyme Q-10, 50mg &#8211; 30 comprim\u00e9s\"}]},{\"@type\":\"WebSite\",\"@id\":\"https:\\\/\\\/ecosupplements.be\\\/fr\\\/#website\",\"url\":\"https:\\\/\\\/ecosupplements.be\\\/fr\\\/\",\"name\":\"ECO Supplements\",\"description\":\"Eco Supplements - Gezonde supplementen\",\"publisher\":{\"@id\":\"https:\\\/\\\/ecosupplements.be\\\/fr\\\/#organization\"},\"potentialAction\":[{\"@type\":\"SearchAction\",\"target\":{\"@type\":\"EntryPoint\",\"urlTemplate\":\"https:\\\/\\\/ecosupplements.be\\\/fr\\\/?s={search_term_string}\"},\"query-input\":{\"@type\":\"PropertyValueSpecification\",\"valueRequired\":true,\"valueName\":\"search_term_string\"}}],\"inLanguage\":\"fr-FR\"},{\"@type\":\"Organization\",\"@id\":\"https:\\\/\\\/ecosupplements.be\\\/fr\\\/#organization\",\"name\":\"Eco Supplements\",\"url\":\"https:\\\/\\\/ecosupplements.be\\\/fr\\\/\",\"logo\":{\"@type\":\"ImageObject\",\"inLanguage\":\"fr-FR\",\"@id\":\"https:\\\/\\\/ecosupplements.be\\\/fr\\\/#\\\/schema\\\/logo\\\/image\\\/\",\"url\":\"https:\\\/\\\/ecosupplements.be\\\/wp-content\\\/uploads\\\/2022\\\/06\\\/ecosupplement-family.png\",\"contentUrl\":\"https:\\\/\\\/ecosupplements.be\\\/wp-content\\\/uploads\\\/2022\\\/06\\\/ecosupplement-family.png\",\"width\":593,\"height\":374,\"caption\":\"Eco Supplements\"},\"image\":{\"@id\":\"https:\\\/\\\/ecosupplements.be\\\/fr\\\/#\\\/schema\\\/logo\\\/image\\\/\"}}]}<\/script>\n<meta property=\"product:brand\" content=\"Holland &amp; Barrett\" \/>\n<meta property=\"product:price:amount\" content=\"6.46\" \/>\n<meta property=\"product:price:currency\" content=\"EUR\" \/>\n<meta property=\"og:availability\" content=\"instock\" \/>\n<meta property=\"product:availability\" content=\"instock\" \/>\n<meta property=\"product:retailer_item_id\" content=\"5059604473197\" \/>\n<meta property=\"product:condition\" content=\"new\" \/>\n<!-- \/ Yoast SEO Premium plugin. -->","yoast_head_json":{"title":"Coenzyme Q-10, 50mg - 30 comprim\u00e9s - ECO Supplements","description":"Wij hebben een ruime keuze aan producten van Coenzyme Q-10, 50mg - 30 comprim\u00e9s . Winkel bij Eco Supplements altijd gratis verzending boven 100\u20ac","robots":{"index":"index","follow":"follow","max-snippet":"max-snippet:-1","max-image-preview":"max-image-preview:large","max-video-preview":"max-video-preview:-1"},"canonical":"https:\/\/ecosupplements.be\/fr\/produit\/coenzyme-q-10-50mg-30-comprimes\/","og_locale":"fr_FR","og_type":"article","og_title":"Coenzyme Q-10, 50mg - 30 comprim\u00e9s","og_description":"Wij hebben een ruime keuze aan producten van Coenzyme Q-10, 50mg - 30 comprim\u00e9s . Winkel bij Eco Supplements altijd gratis verzending boven 100\u20ac","og_url":"https:\/\/ecosupplements.be\/fr\/produit\/coenzyme-q-10-50mg-30-comprimes\/","og_site_name":"ECO Supplements","article_modified_time":"2025-08-27T13:25:03+00:00","og_image":[{"width":724,"height":724,"url":"https:\/\/ecosupplements.be\/wp-content\/uploads\/2025\/08\/CoQ-10-50mg-30-tabs.jpg","type":"image\/jpeg"}],"twitter_card":"summary_large_image","twitter_misc":{"Prix":"6.46&nbsp;&euro;","Disponibilit\u00e9":"En stock"},"schema":{"@context":"https:\/\/schema.org","@graph":[{"@type":["WebPage","ItemPage"],"@id":"https:\/\/ecosupplements.be\/fr\/produit\/coenzyme-q-10-50mg-30-comprimes\/","url":"https:\/\/ecosupplements.be\/fr\/produit\/coenzyme-q-10-50mg-30-comprimes\/","name":"Coenzyme Q-10, 50mg - 30 comprim\u00e9s - ECO Supplements","isPartOf":{"@id":"https:\/\/ecosupplements.be\/fr\/#website"},"primaryImageOfPage":{"@id":"https:\/\/ecosupplements.be\/fr\/produit\/coenzyme-q-10-50mg-30-comprimes\/#primaryimage"},"image":{"@id":"https:\/\/ecosupplements.be\/fr\/produit\/coenzyme-q-10-50mg-30-comprimes\/#primaryimage"},"thumbnailUrl":"https:\/\/ecosupplements.be\/wp-content\/uploads\/2025\/08\/CoQ-10-50mg-30-tabs-EAN-5059604473197.jpg","datePublished":"2023-01-13T11:30:08+00:00","dateModified":"2025-08-27T13:25:03+00:00","description":"Wij hebben een ruime keuze aan producten van Coenzyme Q-10, 50mg - 30 comprim\u00e9s . Winkel bij Eco Supplements altijd gratis verzending boven 100\u20ac","breadcrumb":{"@id":"https:\/\/ecosupplements.be\/fr\/produit\/coenzyme-q-10-50mg-30-comprimes\/#breadcrumb"},"inLanguage":"fr-FR","potentialAction":[{"@type":"ReadAction","target":["https:\/\/ecosupplements.be\/fr\/produit\/coenzyme-q-10-50mg-30-comprimes\/"]}]},{"@type":"ImageObject","inLanguage":"fr-FR","@id":"https:\/\/ecosupplements.be\/fr\/produit\/coenzyme-q-10-50mg-30-comprimes\/#primaryimage","url":"https:\/\/ecosupplements.be\/wp-content\/uploads\/2025\/08\/CoQ-10-50mg-30-tabs-EAN-5059604473197.jpg","contentUrl":"https:\/\/ecosupplements.be\/wp-content\/uploads\/2025\/08\/CoQ-10-50mg-30-tabs-EAN-5059604473197.jpg","width":724,"height":724},{"@type":"BreadcrumbList","@id":"https:\/\/ecosupplements.be\/fr\/produit\/coenzyme-q-10-50mg-30-comprimes\/#breadcrumb","itemListElement":[{"@type":"ListItem","position":1,"name":"Home","item":"https:\/\/ecosupplements.be\/fr\/"},{"@type":"ListItem","position":2,"name":"Boutique","item":"https:\/\/ecosupplements.be\/fr\/boutique\/"},{"@type":"ListItem","position":3,"name":"Coenzyme Q-10, 50mg &#8211; 30 comprim\u00e9s"}]},{"@type":"WebSite","@id":"https:\/\/ecosupplements.be\/fr\/#website","url":"https:\/\/ecosupplements.be\/fr\/","name":"ECO Supplements","description":"Eco Supplements - Gezonde supplementen","publisher":{"@id":"https:\/\/ecosupplements.be\/fr\/#organization"},"potentialAction":[{"@type":"SearchAction","target":{"@type":"EntryPoint","urlTemplate":"https:\/\/ecosupplements.be\/fr\/?s={search_term_string}"},"query-input":{"@type":"PropertyValueSpecification","valueRequired":true,"valueName":"search_term_string"}}],"inLanguage":"fr-FR"},{"@type":"Organization","@id":"https:\/\/ecosupplements.be\/fr\/#organization","name":"Eco Supplements","url":"https:\/\/ecosupplements.be\/fr\/","logo":{"@type":"ImageObject","inLanguage":"fr-FR","@id":"https:\/\/ecosupplements.be\/fr\/#\/schema\/logo\/image\/","url":"https:\/\/ecosupplements.be\/wp-content\/uploads\/2022\/06\/ecosupplement-family.png","contentUrl":"https:\/\/ecosupplements.be\/wp-content\/uploads\/2022\/06\/ecosupplement-family.png","width":593,"height":374,"caption":"Eco Supplements"},"image":{"@id":"https:\/\/ecosupplements.be\/fr\/#\/schema\/logo\/image\/"}}]},"product_brand":"Holland &amp; Barrett","product_price_amount":"6.46","product_price_currency":"EUR","og_availability":"instock","product_availability":"instock","product_retailer_item_id":"5059604473197","product_condition":"new"},"_links":{"self":[{"href":"https:\/\/ecosupplements.be\/fr\/wp-json\/wp\/v2\/product\/287515","targetHints":{"allow":["GET"]}}],"collection":[{"href":"https:\/\/ecosupplements.be\/fr\/wp-json\/wp\/v2\/product"}],"about":[{"href":"https:\/\/ecosupplements.be\/fr\/wp-json\/wp\/v2\/types\/product"}],"replies":[{"embeddable":true,"href":"https:\/\/ecosupplements.be\/fr\/wp-json\/wp\/v2\/comments?post=287515"}],"wp:featuredmedia":[{"embeddable":true,"href":"https:\/\/ecosupplements.be\/fr\/wp-json\/wp\/v2\/media\/261384"}],"wp:attachment":[{"href":"https:\/\/ecosupplements.be\/fr\/wp-json\/wp\/v2\/media?parent=287515"}],"wp:term":[{"taxonomy":"product_brand","embeddable":true,"href":"https:\/\/ecosupplements.be\/fr\/wp-json\/wp\/v2\/product_brand?post=287515"},{"taxonomy":"product_cat","embeddable":true,"href":"https:\/\/ecosupplements.be\/fr\/wp-json\/wp\/v2\/product_cat?post=287515"},{"taxonomy":"product_tag","embeddable":true,"href":"https:\/\/ecosupplements.be\/fr\/wp-json\/wp\/v2\/product_tag?post=287515"}],"curies":[{"name":"wp","href":"https:\/\/api.w.org\/{rel}","templated":true}]}}