{"id":287551,"date":"2022-06-28T10:13:27","date_gmt":"2022-06-28T09:13:27","guid":{"rendered":"https:\/\/ecosupplements.be\/product\/glucosamine-sulfate-forte-chondroitine-msm-collagene-180-comprimes\/"},"modified":"2025-08-27T14:25:40","modified_gmt":"2025-08-27T13:25:40","slug":"glucosamine-sulfate-forte-chondroitine-msm-collagene-180-comprimes","status":"publish","type":"product","link":"https:\/\/ecosupplements.be\/fr\/produit\/glucosamine-sulfate-forte-chondroitine-msm-collagene-180-comprimes\/","title":{"rendered":"Glucosamine Sulfate Forte + Chondro\u00eftine &#038; MSM + Collag\u00e8ne &#8211; 180 comprim\u00e9s"},"content":{"rendered":"<h1>High\u200b Strength Glucosamine\u200b Sulphate + Chondroitin &#038; MSM\u200d + Collagen &#8211; 180 tabs<\/h1>\n<p>Offrez \u00e0 vos articulations le\u200c soutien dont elles ont\u2062 besoin avec \u2062notre \u200cformule\u200c avanc\u00e9e de \u200bGlucosamine\u2064 Sulphate, Chondroitin, MSM et Collagen. \u2063Ces ingr\u00e9dients cl\u00e9s \u2062sont connus pour\u200c leurs propri\u00e9t\u00e9s b\u00e9n\u00e9fiques pour les articulations et \u200cpeuvent aider \u00e0 maintenir leur sant\u00e9 \u200det leur mobilit\u00e9.<\/p>\n<h2>Ingr\u00e9dients cl\u00e9s<\/h2>\n<ul>\n<li><strong>Glucosamine Sulphate<\/strong> &#8211; un compos\u00e9 naturel pr\u00e9sent dans le corps qui \u2064aide \u00e0 maintenir la sant\u00e9 des articulations en favorisant la production de cartilage.<\/li>\n<li><strong>Chondroitin<\/strong> &#8211; un compos\u00e9 pr\u00e9sent dans le\u2062 cartilage qui aide \u200b\u00e0 maintenir sa structure et \u2062sa\u2062 fonction.<\/li>\n<li><strong>MSM (m\u00e9thylsulfonylm\u00e9thane)<\/strong> &#8211; un compos\u00e9 soufr\u00e9 qui peut aider \u00e0 r\u00e9duire l&#8217;inflammation et \u00e0 soulager la\u2063 douleur articulaire.<\/li>\n<li><strong>Collag\u00e8ne<\/strong> &#8211; une prot\u00e9ine essentielle pour la\u2062 sant\u00e9 des\u200c articulations, qui peut aider \u2064\u00e0 maintenir \u2064leur \u00e9lasticit\u00e9 et leur r\u00e9sistance.<\/li>\n<\/ul>\n<h2>Avantages\u2063 uniques<\/h2>\n<ul>\n<li>Formule avanc\u00e9e\u200b avec \u200d4 ingr\u00e9dients cl\u00e9s\u2064 pour un \u200csoutien optimal des articulations.<\/li>\n<li>Haute\u2062 concentration \u2063de Glucosamine Sulphate pour une efficacit\u00e9 maximale.<\/li>\n<li>Contient \u00e9galement du Chondroitin,\u2064 du MSM et du Collag\u00e8ne pour \u2062une action synergique.<\/li>\n<li>Facile \u00e0 prendre avec\u2062 180 \u2062comprim\u00e9s \u200dpar bouteille pour une utilisation quotidienne.<\/li>\n<li>Convient aux v\u00e9g\u00e9tariens \u2064et ne\u2063 contient \u2062pas de gluten, de lactose ou de bl\u00e9.<\/li>\n<\/ul>\n<h2>Utilisation sugg\u00e9r\u00e9e<\/h2>\n<p>Prenez 2 comprim\u00e9s par jour avec de l&#8217;eau, de \u2062pr\u00e9f\u00e9rence pendant les repas. Ne pas d\u00e9passer la dose recommand\u00e9e.<\/p>\n<p>Offrez\u200d \u00e0 vos \u2064articulations \u200dle soutien\u200c dont\u2062 elles ont \u2063besoin avec notre formule avanc\u00e9e de Glucosamine Sulphate, Chondroitin, \u2064MSM \u2064et Collagen. Commandez d\u00e8s\u200c maintenant et profitez\u2063 d&#8217;une\u2062 meilleure\u200b sant\u00e9 \u2063articulaire !<\/p>\n","protected":false},"excerpt":{"rendered":"<p>High\u200b Strength Glucosamine\u200b Sulphate + Chondroitin &#038; MSM\u200d + Collagen &#8211; 180 tabs Offrez \u00e0 vos articulations le\u200c soutien dont elles ont\u2062 besoin avec \u2062notre \u200cformule\u200c avanc\u00e9e de \u200bGlucosamine\u2064 Sulphate, Chondroitin, MSM et Collagen. \u2063Ces ingr\u00e9dients cl\u00e9s \u2062sont connus pour\u200c leurs propri\u00e9t\u00e9s b\u00e9n\u00e9fiques pour les articulations et \u200cpeuvent aider \u00e0 maintenir leur sant\u00e9 \u200det leur [&#8230;]\n","protected":false},"featured_media":245463,"comment_status":"open","ping_status":"open","template":"","meta":[],"product_brand":[4819],"product_cat":[5052,5084],"product_tag":[],"class_list":{"0":"post-287551","1":"product","2":"type-product","3":"status-publish","4":"has-post-thumbnail","6":"product_brand-holland-barrett-2","7":"product_cat-sante-et-bien-etre","8":"product_cat-soutien-conjoint","10":"first","11":"instock","12":"taxable","13":"shipping-taxable","14":"purchasable","15":"product-type-simple"},"yoast_head":"<!-- This site is optimized with the Yoast SEO Premium plugin v27.3 (Yoast SEO v27.3) - https:\/\/yoast.com\/product\/yoast-seo-premium-wordpress\/ -->\n<title>Glucosamine Sulfate Forte + Chondro\u00eftine &amp; MSM + Collag\u00e8ne - 180 comprim\u00e9s - ECO Supplements<\/title>\n<meta name=\"description\" content=\"Wij hebben een ruime keuze aan producten van Glucosamine Sulfate Forte + Chondro\u00eftine &amp; MSM + Collag\u00e8ne - 180 comprim\u00e9s . Winkel bij Eco Supplements altijd gratis verzending boven 100\u20ac\" \/>\n<meta name=\"robots\" content=\"index, follow, max-snippet:-1, max-image-preview:large, max-video-preview:-1\" \/>\n<link rel=\"canonical\" href=\"https:\/\/ecosupplements.be\/fr\/produit\/glucosamine-sulfate-forte-chondroitine-msm-collagene-180-comprimes\/\" \/>\n<meta property=\"og:locale\" content=\"fr_FR\" \/>\n<meta property=\"og:type\" content=\"article\" \/>\n<meta property=\"og:title\" content=\"Glucosamine Sulfate Forte + Chondro\u00eftine &amp; MSM + Collag\u00e8ne - 180 comprim\u00e9s\" \/>\n<meta property=\"og:description\" content=\"Wij hebben een ruime keuze aan producten van Glucosamine Sulfate Forte + Chondro\u00eftine &amp; MSM + Collag\u00e8ne - 180 comprim\u00e9s . Winkel bij Eco Supplements altijd gratis verzending boven 100\u20ac\" \/>\n<meta property=\"og:url\" content=\"https:\/\/ecosupplements.be\/fr\/produit\/glucosamine-sulfate-forte-chondroitine-msm-collagene-180-comprimes\/\" \/>\n<meta property=\"og:site_name\" content=\"ECO Supplements\" \/>\n<meta property=\"article:modified_time\" content=\"2025-08-27T13:25:40+00:00\" \/>\n<meta property=\"og:image\" content=\"https:\/\/ecosupplements.be\/wp-content\/uploads\/2025\/08\/Glucosamine-Sulphate-High-Strength-180-tablets-1.jpg\" \/>\n\t<meta property=\"og:image:width\" content=\"361\" \/>\n\t<meta property=\"og:image:height\" content=\"658\" \/>\n\t<meta property=\"og:image:type\" content=\"image\/jpeg\" \/>\n<meta name=\"twitter:card\" content=\"summary_large_image\" \/>\n<meta name=\"twitter:label1\" content=\"Prix\" \/>\n\t<meta name=\"twitter:data1\" content=\"22.45&nbsp;&euro;\" \/>\n\t<meta name=\"twitter:label2\" content=\"Disponibilit\u00e9\" \/>\n\t<meta name=\"twitter:data2\" content=\"En stock\" \/>\n<script type=\"application\/ld+json\" class=\"yoast-schema-graph\">{\"@context\":\"https:\\\/\\\/schema.org\",\"@graph\":[{\"@type\":[\"WebPage\",\"ItemPage\"],\"@id\":\"https:\\\/\\\/ecosupplements.be\\\/fr\\\/produit\\\/glucosamine-sulfate-forte-chondroitine-msm-collagene-180-comprimes\\\/\",\"url\":\"https:\\\/\\\/ecosupplements.be\\\/fr\\\/produit\\\/glucosamine-sulfate-forte-chondroitine-msm-collagene-180-comprimes\\\/\",\"name\":\"Glucosamine Sulfate Forte + Chondro\u00eftine & MSM + Collag\u00e8ne - 180 comprim\u00e9s - ECO Supplements\",\"isPartOf\":{\"@id\":\"https:\\\/\\\/ecosupplements.be\\\/fr\\\/#website\"},\"primaryImageOfPage\":{\"@id\":\"https:\\\/\\\/ecosupplements.be\\\/fr\\\/produit\\\/glucosamine-sulfate-forte-chondroitine-msm-collagene-180-comprimes\\\/#primaryimage\"},\"image\":{\"@id\":\"https:\\\/\\\/ecosupplements.be\\\/fr\\\/produit\\\/glucosamine-sulfate-forte-chondroitine-msm-collagene-180-comprimes\\\/#primaryimage\"},\"thumbnailUrl\":\"https:\\\/\\\/ecosupplements.be\\\/wp-content\\\/uploads\\\/2025\\\/08\\\/Glucosamine-Sulphate-High-Strength-180-tablets.jpg\",\"datePublished\":\"2022-06-28T09:13:27+00:00\",\"dateModified\":\"2025-08-27T13:25:40+00:00\",\"description\":\"Wij hebben een ruime keuze aan producten van Glucosamine Sulfate Forte + Chondro\u00eftine & MSM + Collag\u00e8ne - 180 comprim\u00e9s . Winkel bij Eco Supplements altijd gratis verzending boven 100\u20ac\",\"breadcrumb\":{\"@id\":\"https:\\\/\\\/ecosupplements.be\\\/fr\\\/produit\\\/glucosamine-sulfate-forte-chondroitine-msm-collagene-180-comprimes\\\/#breadcrumb\"},\"inLanguage\":\"fr-FR\",\"potentialAction\":[{\"@type\":\"ReadAction\",\"target\":[\"https:\\\/\\\/ecosupplements.be\\\/fr\\\/produit\\\/glucosamine-sulfate-forte-chondroitine-msm-collagene-180-comprimes\\\/\"]}]},{\"@type\":\"ImageObject\",\"inLanguage\":\"fr-FR\",\"@id\":\"https:\\\/\\\/ecosupplements.be\\\/fr\\\/produit\\\/glucosamine-sulfate-forte-chondroitine-msm-collagene-180-comprimes\\\/#primaryimage\",\"url\":\"https:\\\/\\\/ecosupplements.be\\\/wp-content\\\/uploads\\\/2025\\\/08\\\/Glucosamine-Sulphate-High-Strength-180-tablets.jpg\",\"contentUrl\":\"https:\\\/\\\/ecosupplements.be\\\/wp-content\\\/uploads\\\/2025\\\/08\\\/Glucosamine-Sulphate-High-Strength-180-tablets.jpg\",\"width\":361,\"height\":658},{\"@type\":\"BreadcrumbList\",\"@id\":\"https:\\\/\\\/ecosupplements.be\\\/fr\\\/produit\\\/glucosamine-sulfate-forte-chondroitine-msm-collagene-180-comprimes\\\/#breadcrumb\",\"itemListElement\":[{\"@type\":\"ListItem\",\"position\":1,\"name\":\"Home\",\"item\":\"https:\\\/\\\/ecosupplements.be\\\/fr\\\/\"},{\"@type\":\"ListItem\",\"position\":2,\"name\":\"Boutique\",\"item\":\"https:\\\/\\\/ecosupplements.be\\\/fr\\\/boutique\\\/\"},{\"@type\":\"ListItem\",\"position\":3,\"name\":\"Glucosamine Sulfate Forte + Chondro\u00eftine &#038; MSM + Collag\u00e8ne &#8211; 180 comprim\u00e9s\"}]},{\"@type\":\"WebSite\",\"@id\":\"https:\\\/\\\/ecosupplements.be\\\/fr\\\/#website\",\"url\":\"https:\\\/\\\/ecosupplements.be\\\/fr\\\/\",\"name\":\"ECO Supplements\",\"description\":\"Eco Supplements - Gezonde supplementen\",\"publisher\":{\"@id\":\"https:\\\/\\\/ecosupplements.be\\\/fr\\\/#organization\"},\"potentialAction\":[{\"@type\":\"SearchAction\",\"target\":{\"@type\":\"EntryPoint\",\"urlTemplate\":\"https:\\\/\\\/ecosupplements.be\\\/fr\\\/?s={search_term_string}\"},\"query-input\":{\"@type\":\"PropertyValueSpecification\",\"valueRequired\":true,\"valueName\":\"search_term_string\"}}],\"inLanguage\":\"fr-FR\"},{\"@type\":\"Organization\",\"@id\":\"https:\\\/\\\/ecosupplements.be\\\/fr\\\/#organization\",\"name\":\"Eco Supplements\",\"url\":\"https:\\\/\\\/ecosupplements.be\\\/fr\\\/\",\"logo\":{\"@type\":\"ImageObject\",\"inLanguage\":\"fr-FR\",\"@id\":\"https:\\\/\\\/ecosupplements.be\\\/fr\\\/#\\\/schema\\\/logo\\\/image\\\/\",\"url\":\"https:\\\/\\\/ecosupplements.be\\\/wp-content\\\/uploads\\\/2022\\\/06\\\/ecosupplement-family.png\",\"contentUrl\":\"https:\\\/\\\/ecosupplements.be\\\/wp-content\\\/uploads\\\/2022\\\/06\\\/ecosupplement-family.png\",\"width\":593,\"height\":374,\"caption\":\"Eco Supplements\"},\"image\":{\"@id\":\"https:\\\/\\\/ecosupplements.be\\\/fr\\\/#\\\/schema\\\/logo\\\/image\\\/\"}}]}<\/script>\n<meta property=\"product:brand\" content=\"Holland &amp; Barrett\" \/>\n<meta property=\"product:price:amount\" content=\"22.45\" \/>\n<meta property=\"product:price:currency\" content=\"EUR\" \/>\n<meta property=\"og:availability\" content=\"instock\" \/>\n<meta property=\"product:availability\" content=\"instock\" \/>\n<meta property=\"product:retailer_item_id\" content=\"5059604470110\" \/>\n<meta property=\"product:condition\" content=\"new\" \/>\n<!-- \/ Yoast SEO Premium plugin. -->","yoast_head_json":{"title":"Glucosamine Sulfate Forte + Chondro\u00eftine & MSM + Collag\u00e8ne - 180 comprim\u00e9s - ECO Supplements","description":"Wij hebben een ruime keuze aan producten van Glucosamine Sulfate Forte + Chondro\u00eftine & MSM + Collag\u00e8ne - 180 comprim\u00e9s . Winkel bij Eco Supplements altijd gratis verzending boven 100\u20ac","robots":{"index":"index","follow":"follow","max-snippet":"max-snippet:-1","max-image-preview":"max-image-preview:large","max-video-preview":"max-video-preview:-1"},"canonical":"https:\/\/ecosupplements.be\/fr\/produit\/glucosamine-sulfate-forte-chondroitine-msm-collagene-180-comprimes\/","og_locale":"fr_FR","og_type":"article","og_title":"Glucosamine Sulfate Forte + Chondro\u00eftine & MSM + Collag\u00e8ne - 180 comprim\u00e9s","og_description":"Wij hebben een ruime keuze aan producten van Glucosamine Sulfate Forte + Chondro\u00eftine & MSM + Collag\u00e8ne - 180 comprim\u00e9s . Winkel bij Eco Supplements altijd gratis verzending boven 100\u20ac","og_url":"https:\/\/ecosupplements.be\/fr\/produit\/glucosamine-sulfate-forte-chondroitine-msm-collagene-180-comprimes\/","og_site_name":"ECO Supplements","article_modified_time":"2025-08-27T13:25:40+00:00","og_image":[{"width":361,"height":658,"url":"https:\/\/ecosupplements.be\/wp-content\/uploads\/2025\/08\/Glucosamine-Sulphate-High-Strength-180-tablets-1.jpg","type":"image\/jpeg"}],"twitter_card":"summary_large_image","twitter_misc":{"Prix":"22.45&nbsp;&euro;","Disponibilit\u00e9":"En stock"},"schema":{"@context":"https:\/\/schema.org","@graph":[{"@type":["WebPage","ItemPage"],"@id":"https:\/\/ecosupplements.be\/fr\/produit\/glucosamine-sulfate-forte-chondroitine-msm-collagene-180-comprimes\/","url":"https:\/\/ecosupplements.be\/fr\/produit\/glucosamine-sulfate-forte-chondroitine-msm-collagene-180-comprimes\/","name":"Glucosamine Sulfate Forte + Chondro\u00eftine & MSM + Collag\u00e8ne - 180 comprim\u00e9s - ECO Supplements","isPartOf":{"@id":"https:\/\/ecosupplements.be\/fr\/#website"},"primaryImageOfPage":{"@id":"https:\/\/ecosupplements.be\/fr\/produit\/glucosamine-sulfate-forte-chondroitine-msm-collagene-180-comprimes\/#primaryimage"},"image":{"@id":"https:\/\/ecosupplements.be\/fr\/produit\/glucosamine-sulfate-forte-chondroitine-msm-collagene-180-comprimes\/#primaryimage"},"thumbnailUrl":"https:\/\/ecosupplements.be\/wp-content\/uploads\/2025\/08\/Glucosamine-Sulphate-High-Strength-180-tablets.jpg","datePublished":"2022-06-28T09:13:27+00:00","dateModified":"2025-08-27T13:25:40+00:00","description":"Wij hebben een ruime keuze aan producten van Glucosamine Sulfate Forte + Chondro\u00eftine & MSM + Collag\u00e8ne - 180 comprim\u00e9s . Winkel bij Eco Supplements altijd gratis verzending boven 100\u20ac","breadcrumb":{"@id":"https:\/\/ecosupplements.be\/fr\/produit\/glucosamine-sulfate-forte-chondroitine-msm-collagene-180-comprimes\/#breadcrumb"},"inLanguage":"fr-FR","potentialAction":[{"@type":"ReadAction","target":["https:\/\/ecosupplements.be\/fr\/produit\/glucosamine-sulfate-forte-chondroitine-msm-collagene-180-comprimes\/"]}]},{"@type":"ImageObject","inLanguage":"fr-FR","@id":"https:\/\/ecosupplements.be\/fr\/produit\/glucosamine-sulfate-forte-chondroitine-msm-collagene-180-comprimes\/#primaryimage","url":"https:\/\/ecosupplements.be\/wp-content\/uploads\/2025\/08\/Glucosamine-Sulphate-High-Strength-180-tablets.jpg","contentUrl":"https:\/\/ecosupplements.be\/wp-content\/uploads\/2025\/08\/Glucosamine-Sulphate-High-Strength-180-tablets.jpg","width":361,"height":658},{"@type":"BreadcrumbList","@id":"https:\/\/ecosupplements.be\/fr\/produit\/glucosamine-sulfate-forte-chondroitine-msm-collagene-180-comprimes\/#breadcrumb","itemListElement":[{"@type":"ListItem","position":1,"name":"Home","item":"https:\/\/ecosupplements.be\/fr\/"},{"@type":"ListItem","position":2,"name":"Boutique","item":"https:\/\/ecosupplements.be\/fr\/boutique\/"},{"@type":"ListItem","position":3,"name":"Glucosamine Sulfate Forte + Chondro\u00eftine &#038; MSM + Collag\u00e8ne &#8211; 180 comprim\u00e9s"}]},{"@type":"WebSite","@id":"https:\/\/ecosupplements.be\/fr\/#website","url":"https:\/\/ecosupplements.be\/fr\/","name":"ECO Supplements","description":"Eco Supplements - Gezonde supplementen","publisher":{"@id":"https:\/\/ecosupplements.be\/fr\/#organization"},"potentialAction":[{"@type":"SearchAction","target":{"@type":"EntryPoint","urlTemplate":"https:\/\/ecosupplements.be\/fr\/?s={search_term_string}"},"query-input":{"@type":"PropertyValueSpecification","valueRequired":true,"valueName":"search_term_string"}}],"inLanguage":"fr-FR"},{"@type":"Organization","@id":"https:\/\/ecosupplements.be\/fr\/#organization","name":"Eco Supplements","url":"https:\/\/ecosupplements.be\/fr\/","logo":{"@type":"ImageObject","inLanguage":"fr-FR","@id":"https:\/\/ecosupplements.be\/fr\/#\/schema\/logo\/image\/","url":"https:\/\/ecosupplements.be\/wp-content\/uploads\/2022\/06\/ecosupplement-family.png","contentUrl":"https:\/\/ecosupplements.be\/wp-content\/uploads\/2022\/06\/ecosupplement-family.png","width":593,"height":374,"caption":"Eco Supplements"},"image":{"@id":"https:\/\/ecosupplements.be\/fr\/#\/schema\/logo\/image\/"}}]},"product_brand":"Holland &amp; Barrett","product_price_amount":"22.45","product_price_currency":"EUR","og_availability":"instock","product_availability":"instock","product_retailer_item_id":"5059604470110","product_condition":"new"},"_links":{"self":[{"href":"https:\/\/ecosupplements.be\/fr\/wp-json\/wp\/v2\/product\/287551","targetHints":{"allow":["GET"]}}],"collection":[{"href":"https:\/\/ecosupplements.be\/fr\/wp-json\/wp\/v2\/product"}],"about":[{"href":"https:\/\/ecosupplements.be\/fr\/wp-json\/wp\/v2\/types\/product"}],"replies":[{"embeddable":true,"href":"https:\/\/ecosupplements.be\/fr\/wp-json\/wp\/v2\/comments?post=287551"}],"wp:featuredmedia":[{"embeddable":true,"href":"https:\/\/ecosupplements.be\/fr\/wp-json\/wp\/v2\/media\/245463"}],"wp:attachment":[{"href":"https:\/\/ecosupplements.be\/fr\/wp-json\/wp\/v2\/media?parent=287551"}],"wp:term":[{"taxonomy":"product_brand","embeddable":true,"href":"https:\/\/ecosupplements.be\/fr\/wp-json\/wp\/v2\/product_brand?post=287551"},{"taxonomy":"product_cat","embeddable":true,"href":"https:\/\/ecosupplements.be\/fr\/wp-json\/wp\/v2\/product_cat?post=287551"},{"taxonomy":"product_tag","embeddable":true,"href":"https:\/\/ecosupplements.be\/fr\/wp-json\/wp\/v2\/product_tag?post=287551"}],"curies":[{"name":"wp","href":"https:\/\/api.w.org\/{rel}","templated":true}]}}