{"id":287587,"date":"2024-03-07T21:10:18","date_gmt":"2024-03-07T20:10:18","guid":{"rendered":"https:\/\/ecosupplements.be\/product\/vitamine-d-a-haute-puissance-3000-ui-120-comprimes\/"},"modified":"2025-08-27T14:26:22","modified_gmt":"2025-08-27T13:26:22","slug":"vitamine-d-a-haute-puissance-3000-ui-120-comprimes","status":"publish","type":"product","link":"https:\/\/ecosupplements.be\/fr\/produit\/vitamine-d-a-haute-puissance-3000-ui-120-comprimes\/","title":{"rendered":"Vitamine D \u00e0 haute puissance, 3000 UI &#8211; 120 comprim\u00e9s"},"content":{"rendered":"<h1>High Strength Vitamin D, 3000\u200b IU &#8211; 120 tablets<\/h1>\n<p>Obtenez votre dose quotidienne de vitamine D avec ces comprim\u00e9s hautement dos\u00e9s de 3000 UI. Fabriqu\u00e9s par\u200b la marque r\u00e9put\u00e9e Holland\u2062 &#038; Barrett, ces \u200ccomprim\u00e9s\u2064 sont un moyen pratique\u2063 et \u2063efficace \u200cde maintenir \u200cdes \u200cniveaux ad\u00e9quats de vitamine D dans votre corps.<\/p>\n<h2>Ingr\u00e9dients cl\u00e9s<\/h2>\n<ul>\n<li>Vitamine D3\u2063 (chol\u00e9calcif\u00e9rol) \u200b-\u200b 3000 UI<\/li>\n<li>Cellulose\u200d microcristalline<\/li>\n<li>Phosphate dicalcique<\/li>\n<li>St\u00e9arate de magn\u00e9sium<\/li>\n<\/ul>\n<p>Ces comprim\u00e9s sont formul\u00e9s \u200davec de la vitamine D3, la forme la plus facilement absorb\u00e9e de \u200dvitamine D \u200cpar le corps. La cellulose microcristalline et le\u2063 phosphate dicalcique sont\u2062 des ingr\u00e9dients couramment utilis\u00e9s dans les compl\u00e9ments alimentaires pour aider \u00e0 maintenir la stabilit\u00e9\u2062 et la qualit\u00e9 du produit. Le st\u00e9arate de magn\u00e9sium est un lubrifiant naturel\u2063 qui facilite l&#8217;ingestion\u200d des comprim\u00e9s.<\/p>\n<h2>Avantages uniques<\/h2>\n<ul>\n<li>Haute concentration de 3000 \u2063UI par comprim\u00e9<\/li>\n<li>Facile \u00e0 avaler<\/li>\n<li>Convient \u200baux v\u00e9g\u00e9tariens et v\u00e9g\u00e9taliens<\/li>\n<li>Fabriqu\u00e9 par une marque r\u00e9put\u00e9e<\/li>\n<\/ul>\n<p>Ces comprim\u00e9s \u2062hautement dos\u00e9s sont parfaits pour ceux qui ont des carences en vitamine\u2063 D ou qui ont du mal\u2063 \u00e0\u200c obtenir suffisamment de cette vitamine essentielle par le biais de\u200c leur alimentation ou de\u200b l&#8217;exposition au soleil. Ils sont \u00e9galement adapt\u00e9s aux \u2064r\u00e9gimes v\u00e9g\u00e9tariens et v\u00e9g\u00e9taliens, ce qui en fait un choix pratique pour \u2064un large \u00e9ventail de \u200cpersonnes.<\/p>\n<h2>Caract\u00e9ristiques principales<\/h2>\n<ul>\n<li>120 comprim\u00e9s\u200d par bouteille<\/li>\n<li>Facile \u00e0 \u200dint\u00e9grer dans votre routine quotidienne<\/li>\n<li>Con\u00e7u \u200dpour une \u200dabsorption optimale<\/li>\n<li>Ne contient pas de colorants artificiels, de saveurs ou de conservateurs<\/li>\n<\/ul>\n<p>Cette bouteille contient 120 comprim\u00e9s, ce \u200cqui vous\u2062 permet de\u2063 maintenir \u2064votre apport en vitamine D pendant plusieurs mois. Les comprim\u00e9s\u200d sont\u200d faciles \u00e0 avaler\u200d et peuvent \u00eatre pris\u200b avec de l&#8217;eau\u2062 ou un repas. Ils sont \u00e9galement formul\u00e9s pour une absorption optimale, ce qui signifie que votre corps peut facilement utiliser la vitamine D pour soutenir\u2062 votre sant\u00e9 et votre bien-\u00eatre.<\/p>\n<p>Enfin, ces \u2062comprim\u00e9s ne\u200b contiennent pas de colorants artificiels, de\u2064 saveurs ou \u2064de\u200b conservateurs, ce qui \u200ben \u200dfait un choix naturel\u2064 et sain pour votre corps.<\/p>\n<p>Prenez soin de votre sant\u00e9 avec ces comprim\u00e9s \u200chautement dos\u00e9s\u2064 de vitamine \u200bD de\u200b Holland &#038; Barrett. Commandez \u200bd\u00e8s maintenant et profitez des nombreux avantages \u2062de cette vitamine\u2063 essentielle pour votre corps.<\/p>\n","protected":false},"excerpt":{"rendered":"<p>High Strength Vitamin D, 3000\u200b IU &#8211; 120 tablets Obtenez votre dose quotidienne de vitamine D avec ces comprim\u00e9s hautement dos\u00e9s de 3000 UI. Fabriqu\u00e9s par\u200b la marque r\u00e9put\u00e9e Holland\u2062 &#038; Barrett, ces \u200ccomprim\u00e9s\u2064 sont un moyen pratique\u2063 et \u2063efficace \u200cde maintenir \u200cdes \u200cniveaux ad\u00e9quats de vitamine D dans votre corps. Ingr\u00e9dients cl\u00e9s Vitamine D3\u2063 [&#8230;]\n","protected":false},"featured_media":263993,"comment_status":"open","ping_status":"open","template":"","meta":[],"product_brand":[4819],"product_cat":[5052,5053],"product_tag":[],"class_list":{"0":"post-287587","1":"product","2":"type-product","3":"status-publish","4":"has-post-thumbnail","6":"product_brand-holland-barrett-2","7":"product_cat-sante-et-bien-etre","8":"product_cat-vitamines-et-mineraux","10":"first","11":"instock","12":"taxable","13":"shipping-taxable","14":"purchasable","15":"product-type-simple"},"yoast_head":"<!-- This site is optimized with the Yoast SEO Premium plugin v27.5 (Yoast SEO v27.5) - https:\/\/yoast.com\/product\/yoast-seo-premium-wordpress\/ -->\n<title>Vitamine D \u00e0 haute puissance, 3000 UI - 120 comprim\u00e9s - ECO Supplements<\/title>\n<meta name=\"description\" content=\"Wij hebben een ruime keuze aan producten van Vitamine D \u00e0 haute puissance, 3000 UI - 120 comprim\u00e9s . Winkel bij Eco Supplements altijd gratis verzending boven 100\u20ac\" \/>\n<meta name=\"robots\" content=\"index, follow, max-snippet:-1, max-image-preview:large, max-video-preview:-1\" \/>\n<link rel=\"canonical\" href=\"https:\/\/ecosupplements.be\/fr\/produit\/vitamine-d-a-haute-puissance-3000-ui-120-comprimes\/\" \/>\n<meta property=\"og:locale\" content=\"fr_FR\" \/>\n<meta property=\"og:type\" content=\"article\" \/>\n<meta property=\"og:title\" content=\"Vitamine D \u00e0 haute puissance, 3000 UI - 120 comprim\u00e9s\" \/>\n<meta property=\"og:description\" content=\"Wij hebben een ruime keuze aan producten van Vitamine D \u00e0 haute puissance, 3000 UI - 120 comprim\u00e9s . Winkel bij Eco Supplements altijd gratis verzending boven 100\u20ac\" \/>\n<meta property=\"og:url\" content=\"https:\/\/ecosupplements.be\/fr\/produit\/vitamine-d-a-haute-puissance-3000-ui-120-comprimes\/\" \/>\n<meta property=\"og:site_name\" content=\"ECO Supplements\" \/>\n<meta property=\"article:modified_time\" content=\"2025-08-27T13:26:22+00:00\" \/>\n<meta property=\"og:image\" content=\"https:\/\/ecosupplements.be\/wp-content\/uploads\/2025\/08\/High-Strength-Vitamin-D-3000-IU-120-tablets-1.jpg\" \/>\n\t<meta property=\"og:image:width\" content=\"399\" \/>\n\t<meta property=\"og:image:height\" content=\"600\" \/>\n\t<meta property=\"og:image:type\" content=\"image\/jpeg\" \/>\n<meta name=\"twitter:card\" content=\"summary_large_image\" \/>\n<meta name=\"twitter:label1\" content=\"Prix\" \/>\n\t<meta name=\"twitter:data1\" content=\"2.64&nbsp;&euro;\" \/>\n\t<meta name=\"twitter:label2\" content=\"Disponibilit\u00e9\" \/>\n\t<meta name=\"twitter:data2\" content=\"En stock\" \/>\n<script type=\"application\/ld+json\" class=\"yoast-schema-graph\">{\"@context\":\"https:\\\/\\\/schema.org\",\"@graph\":[{\"@type\":[\"WebPage\",\"ItemPage\"],\"@id\":\"https:\\\/\\\/ecosupplements.be\\\/fr\\\/produit\\\/vitamine-d-a-haute-puissance-3000-ui-120-comprimes\\\/\",\"url\":\"https:\\\/\\\/ecosupplements.be\\\/fr\\\/produit\\\/vitamine-d-a-haute-puissance-3000-ui-120-comprimes\\\/\",\"name\":\"Vitamine D \u00e0 haute puissance, 3000 UI - 120 comprim\u00e9s - ECO Supplements\",\"isPartOf\":{\"@id\":\"https:\\\/\\\/ecosupplements.be\\\/fr\\\/#website\"},\"primaryImageOfPage\":{\"@id\":\"https:\\\/\\\/ecosupplements.be\\\/fr\\\/produit\\\/vitamine-d-a-haute-puissance-3000-ui-120-comprimes\\\/#primaryimage\"},\"image\":{\"@id\":\"https:\\\/\\\/ecosupplements.be\\\/fr\\\/produit\\\/vitamine-d-a-haute-puissance-3000-ui-120-comprimes\\\/#primaryimage\"},\"thumbnailUrl\":\"https:\\\/\\\/ecosupplements.be\\\/wp-content\\\/uploads\\\/2025\\\/08\\\/High-Strength-Vitamin-D-3000-IU-120-tablets.jpg\",\"datePublished\":\"2024-03-07T20:10:18+00:00\",\"dateModified\":\"2025-08-27T13:26:22+00:00\",\"description\":\"Wij hebben een ruime keuze aan producten van Vitamine D \u00e0 haute puissance, 3000 UI - 120 comprim\u00e9s . Winkel bij Eco Supplements altijd gratis verzending boven 100\u20ac\",\"breadcrumb\":{\"@id\":\"https:\\\/\\\/ecosupplements.be\\\/fr\\\/produit\\\/vitamine-d-a-haute-puissance-3000-ui-120-comprimes\\\/#breadcrumb\"},\"inLanguage\":\"fr-FR\",\"potentialAction\":[{\"@type\":\"ReadAction\",\"target\":[\"https:\\\/\\\/ecosupplements.be\\\/fr\\\/produit\\\/vitamine-d-a-haute-puissance-3000-ui-120-comprimes\\\/\"]}]},{\"@type\":\"ImageObject\",\"inLanguage\":\"fr-FR\",\"@id\":\"https:\\\/\\\/ecosupplements.be\\\/fr\\\/produit\\\/vitamine-d-a-haute-puissance-3000-ui-120-comprimes\\\/#primaryimage\",\"url\":\"https:\\\/\\\/ecosupplements.be\\\/wp-content\\\/uploads\\\/2025\\\/08\\\/High-Strength-Vitamin-D-3000-IU-120-tablets.jpg\",\"contentUrl\":\"https:\\\/\\\/ecosupplements.be\\\/wp-content\\\/uploads\\\/2025\\\/08\\\/High-Strength-Vitamin-D-3000-IU-120-tablets.jpg\",\"width\":399,\"height\":600},{\"@type\":\"BreadcrumbList\",\"@id\":\"https:\\\/\\\/ecosupplements.be\\\/fr\\\/produit\\\/vitamine-d-a-haute-puissance-3000-ui-120-comprimes\\\/#breadcrumb\",\"itemListElement\":[{\"@type\":\"ListItem\",\"position\":1,\"name\":\"Home\",\"item\":\"https:\\\/\\\/ecosupplements.be\\\/fr\\\/\"},{\"@type\":\"ListItem\",\"position\":2,\"name\":\"Boutique\",\"item\":\"https:\\\/\\\/ecosupplements.be\\\/fr\\\/boutique\\\/\"},{\"@type\":\"ListItem\",\"position\":3,\"name\":\"Vitamine D \u00e0 haute puissance, 3000 UI &#8211; 120 comprim\u00e9s\"}]},{\"@type\":\"WebSite\",\"@id\":\"https:\\\/\\\/ecosupplements.be\\\/fr\\\/#website\",\"url\":\"https:\\\/\\\/ecosupplements.be\\\/fr\\\/\",\"name\":\"ECO Supplements\",\"description\":\"Eco Supplements - Gezonde supplementen\",\"publisher\":{\"@id\":\"https:\\\/\\\/ecosupplements.be\\\/fr\\\/#organization\"},\"potentialAction\":[{\"@type\":\"SearchAction\",\"target\":{\"@type\":\"EntryPoint\",\"urlTemplate\":\"https:\\\/\\\/ecosupplements.be\\\/fr\\\/?s={search_term_string}\"},\"query-input\":{\"@type\":\"PropertyValueSpecification\",\"valueRequired\":true,\"valueName\":\"search_term_string\"}}],\"inLanguage\":\"fr-FR\"},{\"@type\":\"Organization\",\"@id\":\"https:\\\/\\\/ecosupplements.be\\\/fr\\\/#organization\",\"name\":\"Eco Supplements\",\"url\":\"https:\\\/\\\/ecosupplements.be\\\/fr\\\/\",\"logo\":{\"@type\":\"ImageObject\",\"inLanguage\":\"fr-FR\",\"@id\":\"https:\\\/\\\/ecosupplements.be\\\/fr\\\/#\\\/schema\\\/logo\\\/image\\\/\",\"url\":\"https:\\\/\\\/ecosupplements.be\\\/wp-content\\\/uploads\\\/2022\\\/06\\\/ecosupplement-family.png\",\"contentUrl\":\"https:\\\/\\\/ecosupplements.be\\\/wp-content\\\/uploads\\\/2022\\\/06\\\/ecosupplement-family.png\",\"width\":593,\"height\":374,\"caption\":\"Eco Supplements\"},\"image\":{\"@id\":\"https:\\\/\\\/ecosupplements.be\\\/fr\\\/#\\\/schema\\\/logo\\\/image\\\/\"}}]}<\/script>\n<meta property=\"product:brand\" content=\"Holland &amp; Barrett\" \/>\n<meta property=\"product:price:amount\" content=\"2.64\" \/>\n<meta property=\"product:price:currency\" content=\"EUR\" \/>\n<meta property=\"og:availability\" content=\"instock\" \/>\n<meta property=\"product:availability\" content=\"instock\" \/>\n<meta property=\"product:retailer_item_id\" content=\"5059604469749\" \/>\n<meta property=\"product:condition\" content=\"new\" \/>\n<!-- \/ Yoast SEO Premium plugin. -->","yoast_head_json":{"title":"Vitamine D \u00e0 haute puissance, 3000 UI - 120 comprim\u00e9s - ECO Supplements","description":"Wij hebben een ruime keuze aan producten van Vitamine D \u00e0 haute puissance, 3000 UI - 120 comprim\u00e9s . Winkel bij Eco Supplements altijd gratis verzending boven 100\u20ac","robots":{"index":"index","follow":"follow","max-snippet":"max-snippet:-1","max-image-preview":"max-image-preview:large","max-video-preview":"max-video-preview:-1"},"canonical":"https:\/\/ecosupplements.be\/fr\/produit\/vitamine-d-a-haute-puissance-3000-ui-120-comprimes\/","og_locale":"fr_FR","og_type":"article","og_title":"Vitamine D \u00e0 haute puissance, 3000 UI - 120 comprim\u00e9s","og_description":"Wij hebben een ruime keuze aan producten van Vitamine D \u00e0 haute puissance, 3000 UI - 120 comprim\u00e9s . Winkel bij Eco Supplements altijd gratis verzending boven 100\u20ac","og_url":"https:\/\/ecosupplements.be\/fr\/produit\/vitamine-d-a-haute-puissance-3000-ui-120-comprimes\/","og_site_name":"ECO Supplements","article_modified_time":"2025-08-27T13:26:22+00:00","og_image":[{"width":399,"height":600,"url":"https:\/\/ecosupplements.be\/wp-content\/uploads\/2025\/08\/High-Strength-Vitamin-D-3000-IU-120-tablets-1.jpg","type":"image\/jpeg"}],"twitter_card":"summary_large_image","twitter_misc":{"Prix":"2.64&nbsp;&euro;","Disponibilit\u00e9":"En stock"},"schema":{"@context":"https:\/\/schema.org","@graph":[{"@type":["WebPage","ItemPage"],"@id":"https:\/\/ecosupplements.be\/fr\/produit\/vitamine-d-a-haute-puissance-3000-ui-120-comprimes\/","url":"https:\/\/ecosupplements.be\/fr\/produit\/vitamine-d-a-haute-puissance-3000-ui-120-comprimes\/","name":"Vitamine D \u00e0 haute puissance, 3000 UI - 120 comprim\u00e9s - ECO Supplements","isPartOf":{"@id":"https:\/\/ecosupplements.be\/fr\/#website"},"primaryImageOfPage":{"@id":"https:\/\/ecosupplements.be\/fr\/produit\/vitamine-d-a-haute-puissance-3000-ui-120-comprimes\/#primaryimage"},"image":{"@id":"https:\/\/ecosupplements.be\/fr\/produit\/vitamine-d-a-haute-puissance-3000-ui-120-comprimes\/#primaryimage"},"thumbnailUrl":"https:\/\/ecosupplements.be\/wp-content\/uploads\/2025\/08\/High-Strength-Vitamin-D-3000-IU-120-tablets.jpg","datePublished":"2024-03-07T20:10:18+00:00","dateModified":"2025-08-27T13:26:22+00:00","description":"Wij hebben een ruime keuze aan producten van Vitamine D \u00e0 haute puissance, 3000 UI - 120 comprim\u00e9s . Winkel bij Eco Supplements altijd gratis verzending boven 100\u20ac","breadcrumb":{"@id":"https:\/\/ecosupplements.be\/fr\/produit\/vitamine-d-a-haute-puissance-3000-ui-120-comprimes\/#breadcrumb"},"inLanguage":"fr-FR","potentialAction":[{"@type":"ReadAction","target":["https:\/\/ecosupplements.be\/fr\/produit\/vitamine-d-a-haute-puissance-3000-ui-120-comprimes\/"]}]},{"@type":"ImageObject","inLanguage":"fr-FR","@id":"https:\/\/ecosupplements.be\/fr\/produit\/vitamine-d-a-haute-puissance-3000-ui-120-comprimes\/#primaryimage","url":"https:\/\/ecosupplements.be\/wp-content\/uploads\/2025\/08\/High-Strength-Vitamin-D-3000-IU-120-tablets.jpg","contentUrl":"https:\/\/ecosupplements.be\/wp-content\/uploads\/2025\/08\/High-Strength-Vitamin-D-3000-IU-120-tablets.jpg","width":399,"height":600},{"@type":"BreadcrumbList","@id":"https:\/\/ecosupplements.be\/fr\/produit\/vitamine-d-a-haute-puissance-3000-ui-120-comprimes\/#breadcrumb","itemListElement":[{"@type":"ListItem","position":1,"name":"Home","item":"https:\/\/ecosupplements.be\/fr\/"},{"@type":"ListItem","position":2,"name":"Boutique","item":"https:\/\/ecosupplements.be\/fr\/boutique\/"},{"@type":"ListItem","position":3,"name":"Vitamine D \u00e0 haute puissance, 3000 UI &#8211; 120 comprim\u00e9s"}]},{"@type":"WebSite","@id":"https:\/\/ecosupplements.be\/fr\/#website","url":"https:\/\/ecosupplements.be\/fr\/","name":"ECO Supplements","description":"Eco Supplements - Gezonde supplementen","publisher":{"@id":"https:\/\/ecosupplements.be\/fr\/#organization"},"potentialAction":[{"@type":"SearchAction","target":{"@type":"EntryPoint","urlTemplate":"https:\/\/ecosupplements.be\/fr\/?s={search_term_string}"},"query-input":{"@type":"PropertyValueSpecification","valueRequired":true,"valueName":"search_term_string"}}],"inLanguage":"fr-FR"},{"@type":"Organization","@id":"https:\/\/ecosupplements.be\/fr\/#organization","name":"Eco Supplements","url":"https:\/\/ecosupplements.be\/fr\/","logo":{"@type":"ImageObject","inLanguage":"fr-FR","@id":"https:\/\/ecosupplements.be\/fr\/#\/schema\/logo\/image\/","url":"https:\/\/ecosupplements.be\/wp-content\/uploads\/2022\/06\/ecosupplement-family.png","contentUrl":"https:\/\/ecosupplements.be\/wp-content\/uploads\/2022\/06\/ecosupplement-family.png","width":593,"height":374,"caption":"Eco Supplements"},"image":{"@id":"https:\/\/ecosupplements.be\/fr\/#\/schema\/logo\/image\/"}}]},"product_brand":"Holland &amp; Barrett","product_price_amount":"2.64","product_price_currency":"EUR","og_availability":"instock","product_availability":"instock","product_retailer_item_id":"5059604469749","product_condition":"new"},"_links":{"self":[{"href":"https:\/\/ecosupplements.be\/fr\/wp-json\/wp\/v2\/product\/287587","targetHints":{"allow":["GET"]}}],"collection":[{"href":"https:\/\/ecosupplements.be\/fr\/wp-json\/wp\/v2\/product"}],"about":[{"href":"https:\/\/ecosupplements.be\/fr\/wp-json\/wp\/v2\/types\/product"}],"replies":[{"embeddable":true,"href":"https:\/\/ecosupplements.be\/fr\/wp-json\/wp\/v2\/comments?post=287587"}],"wp:featuredmedia":[{"embeddable":true,"href":"https:\/\/ecosupplements.be\/fr\/wp-json\/wp\/v2\/media\/263993"}],"wp:attachment":[{"href":"https:\/\/ecosupplements.be\/fr\/wp-json\/wp\/v2\/media?parent=287587"}],"wp:term":[{"taxonomy":"product_brand","embeddable":true,"href":"https:\/\/ecosupplements.be\/fr\/wp-json\/wp\/v2\/product_brand?post=287587"},{"taxonomy":"product_cat","embeddable":true,"href":"https:\/\/ecosupplements.be\/fr\/wp-json\/wp\/v2\/product_cat?post=287587"},{"taxonomy":"product_tag","embeddable":true,"href":"https:\/\/ecosupplements.be\/fr\/wp-json\/wp\/v2\/product_tag?post=287587"}],"curies":[{"name":"wp","href":"https:\/\/api.w.org\/{rel}","templated":true}]}}