{"id":287602,"date":"2024-03-07T21:10:55","date_gmt":"2024-03-07T20:10:55","guid":{"rendered":"https:\/\/ecosupplements.be\/product\/ginseng-coreen-1500mg-90-gelules\/"},"modified":"2025-08-27T14:26:35","modified_gmt":"2025-08-27T13:26:35","slug":"ginseng-coreen-1500mg-90-gelules","status":"publish","type":"product","link":"https:\/\/ecosupplements.be\/fr\/produit\/ginseng-coreen-1500mg-90-gelules\/","title":{"rendered":"Ginseng cor\u00e9en, 1500mg &#8211; 90 g\u00e9lules"},"content":{"rendered":"<h1> Korean Ginseng, 1500mg &#8211; 90 vcaps <\/h1>\n<p>  D\u00e9couvrez les bienfaits de la racine de ginseng cor\u00e9en avec ces capsules \u200cde 1500mg de\u2062 la marque Holland &#038; \u200bBarrett. Le ginseng\u200c cor\u00e9en est\u2063 une plante m\u00e9dicinale utilis\u00e9e depuis des si\u00e8cles en Asie pour ses propri\u00e9t\u00e9s stimulantes et adaptog\u00e8nes.\u2063 <\/p>\n<h2>  Ingr\u00e9dients <\/h2>\n<ul>\n<li>  1500mg de racine de ginseng cor\u00e9en par capsule \u200b <\/li>\n<li>  Autres ingr\u00e9dients: cellulose microcristalline, st\u00e9arate \u2063de magn\u00e9sium,\u200b dioxyde de \u200csilicium <\/li>\n<\/ul>\n<h2>  Avantages \u200cuniques <\/h2>\n<ul>\n<li>  Stimule l&#8217;\u00e9nergie \u200bet la vitalit\u00e9 <\/li>\n<li>  Aide \u00e0 am\u00e9liorer la\u200b concentration et la m\u00e9moire <\/li>\n<li>  Renforce le\u200c syst\u00e8me immunitaire <\/li>\n<li>  Favorise la\u2064 sant\u00e9 mentale et \u00e9motionnelle <\/li>\n<li>  \u200bAdaptog\u00e8ne naturel \u200bpour aider \u00e0 g\u00e9rer le stress <\/li>\n<\/ul>\n<h2>  Principales \u200dcaract\u00e9ristiques <\/h2>\n<ul>\n<li>  90 capsules par bouteille, pour un approvisionnement de 3 mois <\/li>\n<li>  Fabriqu\u00e9 au Royaume-Uni \u200bselon les normes de qualit\u00e9 les\u200b plus strictes\u2064 <\/li>\n<li>  Convient aux v\u00e9g\u00e9tariens \u200det v\u00e9g\u00e9taliens <\/li>\n<li>  \u2064Sans colorants, \u200dar\u00f4mes \u200dou\u2064 conservateurs artificiels <\/li>\n<li>  Sans gluten, bl\u00e9, soja, produits laitiers ou \u2064levure <\/li>\n<\/ul>\n<p>  Ajoutez\u200d le\u2064 ginseng cor\u00e9en \u00e0 votre \u2063routine quotidienne pour vous aider \u00e0 vous sentir plus \u00e9nergique, \u2063concentr\u00e9 et \u00e9quilibr\u00e9. \u200bCommandez \u2062d\u00e8s \u200bmaintenant ces capsules pratiques et \u2064profitez\u200d des bienfaits de cette plante \u2064m\u00e9dicinale \u2063ancestrale. <\/p>\n","protected":false},"excerpt":{"rendered":"<p>Korean Ginseng, 1500mg &#8211; 90 vcaps D\u00e9couvrez les bienfaits de la racine de ginseng cor\u00e9en avec ces capsules \u200cde 1500mg de\u2062 la marque Holland &#038; \u200bBarrett. Le ginseng\u200c cor\u00e9en est\u2063 une plante m\u00e9dicinale utilis\u00e9e depuis des si\u00e8cles en Asie pour ses propri\u00e9t\u00e9s stimulantes et adaptog\u00e8nes.\u2063 Ingr\u00e9dients 1500mg de racine de ginseng cor\u00e9en par capsule \u200b [&#8230;]\n","protected":false},"featured_media":263996,"comment_status":"open","ping_status":"open","template":"","meta":[],"product_brand":[4819],"product_cat":[5054,5055,5052],"product_tag":[],"class_list":{"0":"post-287602","1":"product","2":"type-product","3":"status-publish","4":"has-post-thumbnail","6":"product_brand-holland-barrett-2","7":"product_cat-nourriture-saine","8":"product_cat-produits-vegetaliens","9":"product_cat-sante-et-bien-etre","11":"first","12":"instock","13":"taxable","14":"shipping-taxable","15":"purchasable","16":"product-type-simple"},"yoast_head":"<!-- This site is optimized with the Yoast SEO Premium plugin v27.3 (Yoast SEO v27.3) - https:\/\/yoast.com\/product\/yoast-seo-premium-wordpress\/ -->\n<title>Ginseng cor\u00e9en, 1500mg - 90 g\u00e9lules - ECO Supplements<\/title>\n<meta name=\"description\" content=\"Wij hebben een ruime keuze aan producten van Ginseng cor\u00e9en, 1500mg - 90 g\u00e9lules . Winkel bij Eco Supplements altijd gratis verzending boven 100\u20ac\" \/>\n<meta name=\"robots\" content=\"index, follow, max-snippet:-1, max-image-preview:large, max-video-preview:-1\" \/>\n<link rel=\"canonical\" href=\"https:\/\/ecosupplements.be\/fr\/produit\/ginseng-coreen-1500mg-90-gelules\/\" \/>\n<meta property=\"og:locale\" content=\"fr_FR\" \/>\n<meta property=\"og:type\" content=\"article\" \/>\n<meta property=\"og:title\" content=\"Ginseng cor\u00e9en, 1500mg - 90 g\u00e9lules\" \/>\n<meta property=\"og:description\" content=\"Wij hebben een ruime keuze aan producten van Ginseng cor\u00e9en, 1500mg - 90 g\u00e9lules . Winkel bij Eco Supplements altijd gratis verzending boven 100\u20ac\" \/>\n<meta property=\"og:url\" content=\"https:\/\/ecosupplements.be\/fr\/produit\/ginseng-coreen-1500mg-90-gelules\/\" \/>\n<meta property=\"og:site_name\" content=\"ECO Supplements\" \/>\n<meta property=\"article:modified_time\" content=\"2025-08-27T13:26:35+00:00\" \/>\n<meta property=\"og:image\" content=\"https:\/\/ecosupplements.be\/wp-content\/uploads\/2025\/08\/Korean-Ginseng-1500mg-90-vcaps-1.jpg\" \/>\n\t<meta property=\"og:image:width\" content=\"405\" \/>\n\t<meta property=\"og:image:height\" content=\"559\" \/>\n\t<meta property=\"og:image:type\" content=\"image\/jpeg\" \/>\n<meta name=\"twitter:card\" content=\"summary_large_image\" \/>\n<meta name=\"twitter:label1\" content=\"Prix\" \/>\n\t<meta name=\"twitter:data1\" content=\"8.61&nbsp;&euro;\" \/>\n\t<meta name=\"twitter:label2\" content=\"Disponibilit\u00e9\" \/>\n\t<meta name=\"twitter:data2\" content=\"En stock\" \/>\n<script type=\"application\/ld+json\" class=\"yoast-schema-graph\">{\"@context\":\"https:\\\/\\\/schema.org\",\"@graph\":[{\"@type\":[\"WebPage\",\"ItemPage\"],\"@id\":\"https:\\\/\\\/ecosupplements.be\\\/fr\\\/produit\\\/ginseng-coreen-1500mg-90-gelules\\\/\",\"url\":\"https:\\\/\\\/ecosupplements.be\\\/fr\\\/produit\\\/ginseng-coreen-1500mg-90-gelules\\\/\",\"name\":\"Ginseng cor\u00e9en, 1500mg - 90 g\u00e9lules - ECO Supplements\",\"isPartOf\":{\"@id\":\"https:\\\/\\\/ecosupplements.be\\\/fr\\\/#website\"},\"primaryImageOfPage\":{\"@id\":\"https:\\\/\\\/ecosupplements.be\\\/fr\\\/produit\\\/ginseng-coreen-1500mg-90-gelules\\\/#primaryimage\"},\"image\":{\"@id\":\"https:\\\/\\\/ecosupplements.be\\\/fr\\\/produit\\\/ginseng-coreen-1500mg-90-gelules\\\/#primaryimage\"},\"thumbnailUrl\":\"https:\\\/\\\/ecosupplements.be\\\/wp-content\\\/uploads\\\/2025\\\/08\\\/Korean-Ginseng-1500mg-90-vcaps.jpg\",\"datePublished\":\"2024-03-07T20:10:55+00:00\",\"dateModified\":\"2025-08-27T13:26:35+00:00\",\"description\":\"Wij hebben een ruime keuze aan producten van Ginseng cor\u00e9en, 1500mg - 90 g\u00e9lules . Winkel bij Eco Supplements altijd gratis verzending boven 100\u20ac\",\"breadcrumb\":{\"@id\":\"https:\\\/\\\/ecosupplements.be\\\/fr\\\/produit\\\/ginseng-coreen-1500mg-90-gelules\\\/#breadcrumb\"},\"inLanguage\":\"fr-FR\",\"potentialAction\":[{\"@type\":\"ReadAction\",\"target\":[\"https:\\\/\\\/ecosupplements.be\\\/fr\\\/produit\\\/ginseng-coreen-1500mg-90-gelules\\\/\"]}]},{\"@type\":\"ImageObject\",\"inLanguage\":\"fr-FR\",\"@id\":\"https:\\\/\\\/ecosupplements.be\\\/fr\\\/produit\\\/ginseng-coreen-1500mg-90-gelules\\\/#primaryimage\",\"url\":\"https:\\\/\\\/ecosupplements.be\\\/wp-content\\\/uploads\\\/2025\\\/08\\\/Korean-Ginseng-1500mg-90-vcaps.jpg\",\"contentUrl\":\"https:\\\/\\\/ecosupplements.be\\\/wp-content\\\/uploads\\\/2025\\\/08\\\/Korean-Ginseng-1500mg-90-vcaps.jpg\",\"width\":405,\"height\":559},{\"@type\":\"BreadcrumbList\",\"@id\":\"https:\\\/\\\/ecosupplements.be\\\/fr\\\/produit\\\/ginseng-coreen-1500mg-90-gelules\\\/#breadcrumb\",\"itemListElement\":[{\"@type\":\"ListItem\",\"position\":1,\"name\":\"Home\",\"item\":\"https:\\\/\\\/ecosupplements.be\\\/fr\\\/\"},{\"@type\":\"ListItem\",\"position\":2,\"name\":\"Boutique\",\"item\":\"https:\\\/\\\/ecosupplements.be\\\/fr\\\/boutique\\\/\"},{\"@type\":\"ListItem\",\"position\":3,\"name\":\"Ginseng cor\u00e9en, 1500mg &#8211; 90 g\u00e9lules\"}]},{\"@type\":\"WebSite\",\"@id\":\"https:\\\/\\\/ecosupplements.be\\\/fr\\\/#website\",\"url\":\"https:\\\/\\\/ecosupplements.be\\\/fr\\\/\",\"name\":\"ECO Supplements\",\"description\":\"Eco Supplements - Gezonde supplementen\",\"publisher\":{\"@id\":\"https:\\\/\\\/ecosupplements.be\\\/fr\\\/#organization\"},\"potentialAction\":[{\"@type\":\"SearchAction\",\"target\":{\"@type\":\"EntryPoint\",\"urlTemplate\":\"https:\\\/\\\/ecosupplements.be\\\/fr\\\/?s={search_term_string}\"},\"query-input\":{\"@type\":\"PropertyValueSpecification\",\"valueRequired\":true,\"valueName\":\"search_term_string\"}}],\"inLanguage\":\"fr-FR\"},{\"@type\":\"Organization\",\"@id\":\"https:\\\/\\\/ecosupplements.be\\\/fr\\\/#organization\",\"name\":\"Eco Supplements\",\"url\":\"https:\\\/\\\/ecosupplements.be\\\/fr\\\/\",\"logo\":{\"@type\":\"ImageObject\",\"inLanguage\":\"fr-FR\",\"@id\":\"https:\\\/\\\/ecosupplements.be\\\/fr\\\/#\\\/schema\\\/logo\\\/image\\\/\",\"url\":\"https:\\\/\\\/ecosupplements.be\\\/wp-content\\\/uploads\\\/2022\\\/06\\\/ecosupplement-family.png\",\"contentUrl\":\"https:\\\/\\\/ecosupplements.be\\\/wp-content\\\/uploads\\\/2022\\\/06\\\/ecosupplement-family.png\",\"width\":593,\"height\":374,\"caption\":\"Eco Supplements\"},\"image\":{\"@id\":\"https:\\\/\\\/ecosupplements.be\\\/fr\\\/#\\\/schema\\\/logo\\\/image\\\/\"}}]}<\/script>\n<meta property=\"product:brand\" content=\"Holland &amp; Barrett\" \/>\n<meta property=\"product:price:amount\" content=\"8.61\" \/>\n<meta property=\"product:price:currency\" content=\"EUR\" \/>\n<meta property=\"og:availability\" content=\"instock\" \/>\n<meta property=\"product:availability\" content=\"instock\" \/>\n<meta property=\"product:retailer_item_id\" content=\"5059604602832\" \/>\n<meta property=\"product:condition\" content=\"new\" \/>\n<!-- \/ Yoast SEO Premium plugin. -->","yoast_head_json":{"title":"Ginseng cor\u00e9en, 1500mg - 90 g\u00e9lules - ECO Supplements","description":"Wij hebben een ruime keuze aan producten van Ginseng cor\u00e9en, 1500mg - 90 g\u00e9lules . Winkel bij Eco Supplements altijd gratis verzending boven 100\u20ac","robots":{"index":"index","follow":"follow","max-snippet":"max-snippet:-1","max-image-preview":"max-image-preview:large","max-video-preview":"max-video-preview:-1"},"canonical":"https:\/\/ecosupplements.be\/fr\/produit\/ginseng-coreen-1500mg-90-gelules\/","og_locale":"fr_FR","og_type":"article","og_title":"Ginseng cor\u00e9en, 1500mg - 90 g\u00e9lules","og_description":"Wij hebben een ruime keuze aan producten van Ginseng cor\u00e9en, 1500mg - 90 g\u00e9lules . Winkel bij Eco Supplements altijd gratis verzending boven 100\u20ac","og_url":"https:\/\/ecosupplements.be\/fr\/produit\/ginseng-coreen-1500mg-90-gelules\/","og_site_name":"ECO Supplements","article_modified_time":"2025-08-27T13:26:35+00:00","og_image":[{"width":405,"height":559,"url":"https:\/\/ecosupplements.be\/wp-content\/uploads\/2025\/08\/Korean-Ginseng-1500mg-90-vcaps-1.jpg","type":"image\/jpeg"}],"twitter_card":"summary_large_image","twitter_misc":{"Prix":"8.61&nbsp;&euro;","Disponibilit\u00e9":"En stock"},"schema":{"@context":"https:\/\/schema.org","@graph":[{"@type":["WebPage","ItemPage"],"@id":"https:\/\/ecosupplements.be\/fr\/produit\/ginseng-coreen-1500mg-90-gelules\/","url":"https:\/\/ecosupplements.be\/fr\/produit\/ginseng-coreen-1500mg-90-gelules\/","name":"Ginseng cor\u00e9en, 1500mg - 90 g\u00e9lules - ECO Supplements","isPartOf":{"@id":"https:\/\/ecosupplements.be\/fr\/#website"},"primaryImageOfPage":{"@id":"https:\/\/ecosupplements.be\/fr\/produit\/ginseng-coreen-1500mg-90-gelules\/#primaryimage"},"image":{"@id":"https:\/\/ecosupplements.be\/fr\/produit\/ginseng-coreen-1500mg-90-gelules\/#primaryimage"},"thumbnailUrl":"https:\/\/ecosupplements.be\/wp-content\/uploads\/2025\/08\/Korean-Ginseng-1500mg-90-vcaps.jpg","datePublished":"2024-03-07T20:10:55+00:00","dateModified":"2025-08-27T13:26:35+00:00","description":"Wij hebben een ruime keuze aan producten van Ginseng cor\u00e9en, 1500mg - 90 g\u00e9lules . Winkel bij Eco Supplements altijd gratis verzending boven 100\u20ac","breadcrumb":{"@id":"https:\/\/ecosupplements.be\/fr\/produit\/ginseng-coreen-1500mg-90-gelules\/#breadcrumb"},"inLanguage":"fr-FR","potentialAction":[{"@type":"ReadAction","target":["https:\/\/ecosupplements.be\/fr\/produit\/ginseng-coreen-1500mg-90-gelules\/"]}]},{"@type":"ImageObject","inLanguage":"fr-FR","@id":"https:\/\/ecosupplements.be\/fr\/produit\/ginseng-coreen-1500mg-90-gelules\/#primaryimage","url":"https:\/\/ecosupplements.be\/wp-content\/uploads\/2025\/08\/Korean-Ginseng-1500mg-90-vcaps.jpg","contentUrl":"https:\/\/ecosupplements.be\/wp-content\/uploads\/2025\/08\/Korean-Ginseng-1500mg-90-vcaps.jpg","width":405,"height":559},{"@type":"BreadcrumbList","@id":"https:\/\/ecosupplements.be\/fr\/produit\/ginseng-coreen-1500mg-90-gelules\/#breadcrumb","itemListElement":[{"@type":"ListItem","position":1,"name":"Home","item":"https:\/\/ecosupplements.be\/fr\/"},{"@type":"ListItem","position":2,"name":"Boutique","item":"https:\/\/ecosupplements.be\/fr\/boutique\/"},{"@type":"ListItem","position":3,"name":"Ginseng cor\u00e9en, 1500mg &#8211; 90 g\u00e9lules"}]},{"@type":"WebSite","@id":"https:\/\/ecosupplements.be\/fr\/#website","url":"https:\/\/ecosupplements.be\/fr\/","name":"ECO Supplements","description":"Eco Supplements - Gezonde supplementen","publisher":{"@id":"https:\/\/ecosupplements.be\/fr\/#organization"},"potentialAction":[{"@type":"SearchAction","target":{"@type":"EntryPoint","urlTemplate":"https:\/\/ecosupplements.be\/fr\/?s={search_term_string}"},"query-input":{"@type":"PropertyValueSpecification","valueRequired":true,"valueName":"search_term_string"}}],"inLanguage":"fr-FR"},{"@type":"Organization","@id":"https:\/\/ecosupplements.be\/fr\/#organization","name":"Eco Supplements","url":"https:\/\/ecosupplements.be\/fr\/","logo":{"@type":"ImageObject","inLanguage":"fr-FR","@id":"https:\/\/ecosupplements.be\/fr\/#\/schema\/logo\/image\/","url":"https:\/\/ecosupplements.be\/wp-content\/uploads\/2022\/06\/ecosupplement-family.png","contentUrl":"https:\/\/ecosupplements.be\/wp-content\/uploads\/2022\/06\/ecosupplement-family.png","width":593,"height":374,"caption":"Eco Supplements"},"image":{"@id":"https:\/\/ecosupplements.be\/fr\/#\/schema\/logo\/image\/"}}]},"product_brand":"Holland &amp; Barrett","product_price_amount":"8.61","product_price_currency":"EUR","og_availability":"instock","product_availability":"instock","product_retailer_item_id":"5059604602832","product_condition":"new"},"_links":{"self":[{"href":"https:\/\/ecosupplements.be\/fr\/wp-json\/wp\/v2\/product\/287602","targetHints":{"allow":["GET"]}}],"collection":[{"href":"https:\/\/ecosupplements.be\/fr\/wp-json\/wp\/v2\/product"}],"about":[{"href":"https:\/\/ecosupplements.be\/fr\/wp-json\/wp\/v2\/types\/product"}],"replies":[{"embeddable":true,"href":"https:\/\/ecosupplements.be\/fr\/wp-json\/wp\/v2\/comments?post=287602"}],"wp:featuredmedia":[{"embeddable":true,"href":"https:\/\/ecosupplements.be\/fr\/wp-json\/wp\/v2\/media\/263996"}],"wp:attachment":[{"href":"https:\/\/ecosupplements.be\/fr\/wp-json\/wp\/v2\/media?parent=287602"}],"wp:term":[{"taxonomy":"product_brand","embeddable":true,"href":"https:\/\/ecosupplements.be\/fr\/wp-json\/wp\/v2\/product_brand?post=287602"},{"taxonomy":"product_cat","embeddable":true,"href":"https:\/\/ecosupplements.be\/fr\/wp-json\/wp\/v2\/product_cat?post=287602"},{"taxonomy":"product_tag","embeddable":true,"href":"https:\/\/ecosupplements.be\/fr\/wp-json\/wp\/v2\/product_tag?post=287602"}],"curies":[{"name":"wp","href":"https:\/\/api.w.org\/{rel}","templated":true}]}}