{"id":287614,"date":"2022-09-09T13:09:38","date_gmt":"2022-09-09T12:09:38","guid":{"rendered":"https:\/\/ecosupplements.be\/product\/citrate-de-magnesium-300mg-90-comprimes\/"},"modified":"2025-08-27T14:26:46","modified_gmt":"2025-08-27T13:26:46","slug":"citrate-de-magnesium-300mg-90-comprimes","status":"publish","type":"product","link":"https:\/\/ecosupplements.be\/fr\/produit\/citrate-de-magnesium-300mg-90-comprimes\/","title":{"rendered":"Citrate de magn\u00e9sium, 300mg &#8211; 90 comprim\u00e9s"},"content":{"rendered":"<h1>Magnesium Citrate, 300mg\u2062 &#8211; 90 \u2064tabs<\/h1>\n<p>Le \u2063Magnesium Citrate\u200d de \u200cHolland\u200b &#038; Barrett est un compl\u00e9ment alimentaire hautement dos\u00e9 en magn\u00e9sium, avec 300mg \u200dpar comprim\u00e9. \u200dLe \u200cmagn\u00e9sium est un min\u00e9ral essentiel pour le bon fonctionnement \u2062de notre corps, il participe \u00e0 de nombreuses fonctions telles que la r\u00e9gulation du syst\u00e8me \u200dnerveux, la sant\u00e9\u200c des os\u2062 et des\u2062 muscles, ainsi que la production d&#8217;\u00e9nergie.<\/p>\n<h2>Ingr\u00e9dients<\/h2>\n<ul>\n<li>Magn\u00e9sium (sous \u200cforme de \u200ccitrate)<\/li>\n<li>Cellulose microcristalline<\/li>\n<li>Acide \u200cst\u00e9arique<\/li>\n<li>St\u00e9arate \u200dde magn\u00e9sium<\/li>\n<li>Silice<\/li>\n<\/ul>\n<p>Ce produit ne\u200c contient pas \u200dde colorants, d&#8217;ar\u00f4mes ou de conservateurs\u2063 artificiels. \u200cIl \u200cconvient aux v\u00e9g\u00e9tariens \u200bet ne\u200b contient pas de gluten, de bl\u00e9, de lactose\u200d ou de levure.<\/p>\n<h2>Avantages uniques<\/h2>\n<p>Le Magnesium Citrate de Holland &#038; Barrett \u200dest formul\u00e9 avec du magn\u00e9sium sous forme de citrate, \u2063qui\u2062 est \u200cune forme hautement biodisponible et facilement absorb\u00e9e \u200dpar le corps. Cela signifie que\u200d vous pouvez profiter pleinement des bienfaits du magn\u00e9sium \u200dsans avoir \u00e0\u200c prendre \u200bde fortes doses.<\/p>\n<p>De plus, ce produit est fabriqu\u00e9 au Royaume-Uni selon les normes de qualit\u00e9\u2064 les plus \u2064strictes, garantissant ainsi un produit de haute\u200d qualit\u00e9\u200c et s\u00fbr \u00e0 consommer.<\/p>\n<h2>Caract\u00e9ristiques principales<\/h2>\n<ul>\n<li>300mg de magn\u00e9sium par comprim\u00e9<\/li>\n<li>Formule hautement biodisponible<\/li>\n<li>Convient aux v\u00e9g\u00e9tariens<\/li>\n<li>Sans gluten, \u200dbl\u00e9, lactose ou levure<\/li>\n<li>Fabriqu\u00e9\u200b au Royaume-Uni\u2062 selon\u2062 les\u200c normes \u200dde qualit\u00e9 les\u2064 plus strictes<\/li>\n<\/ul>\n<p>Prenez soin de votre sant\u00e9 et de votre bien-\u00eatre en\u200d ajoutant le Magnesium Citrate de \u200bHolland\u200b &#038; Barrett \u00e0 votre routine quotidienne.\u2063 Avec sa formule hautement dos\u00e9e et facilement \u200cabsorbable, il vous aidera \u2062\u00e0 maintenir un niveau \u2064optimal de magn\u00e9sium dans\u200c votre \u2063corps pour une\u200b sant\u00e9 \u2064globale optimale.<\/p>\n","protected":false},"excerpt":{"rendered":"<p>Magnesium Citrate, 300mg\u2062 &#8211; 90 \u2064tabs Le \u2063Magnesium Citrate\u200d de \u200cHolland\u200b &#038; Barrett est un compl\u00e9ment alimentaire hautement dos\u00e9 en magn\u00e9sium, avec 300mg \u200dpar comprim\u00e9. \u200dLe \u200cmagn\u00e9sium est un min\u00e9ral essentiel pour le bon fonctionnement \u2062de notre corps, il participe \u00e0 de nombreuses fonctions telles que la r\u00e9gulation du syst\u00e8me \u200dnerveux, la sant\u00e9\u200c des os\u2062 [&#8230;]\n","protected":false},"featured_media":260770,"comment_status":"open","ping_status":"open","template":"","meta":[],"product_brand":[4819],"product_cat":[5052,5053],"product_tag":[],"class_list":{"0":"post-287614","1":"product","2":"type-product","3":"status-publish","4":"has-post-thumbnail","6":"product_brand-holland-barrett-2","7":"product_cat-sante-et-bien-etre","8":"product_cat-vitamines-et-mineraux","10":"first","11":"instock","12":"sale","13":"taxable","14":"shipping-taxable","15":"purchasable","16":"product-type-simple"},"yoast_head":"<!-- This site is optimized with the Yoast SEO Premium plugin v27.3 (Yoast SEO v27.3) - https:\/\/yoast.com\/product\/yoast-seo-premium-wordpress\/ -->\n<title>Citrate de magn\u00e9sium, 300mg - 90 comprim\u00e9s - ECO Supplements<\/title>\n<meta name=\"description\" content=\"Wij hebben een ruime keuze aan producten van Citrate de magn\u00e9sium, 300mg - 90 comprim\u00e9s . Winkel bij Eco Supplements altijd gratis verzending boven 100\u20ac\" \/>\n<meta name=\"robots\" content=\"index, follow, max-snippet:-1, max-image-preview:large, max-video-preview:-1\" \/>\n<link rel=\"canonical\" href=\"https:\/\/ecosupplements.be\/fr\/produit\/citrate-de-magnesium-300mg-90-comprimes\/\" \/>\n<meta property=\"og:locale\" content=\"fr_FR\" \/>\n<meta property=\"og:type\" content=\"article\" \/>\n<meta property=\"og:title\" content=\"Citrate de magn\u00e9sium, 300mg - 90 comprim\u00e9s\" \/>\n<meta property=\"og:description\" content=\"Wij hebben een ruime keuze aan producten van Citrate de magn\u00e9sium, 300mg - 90 comprim\u00e9s . Winkel bij Eco Supplements altijd gratis verzending boven 100\u20ac\" \/>\n<meta property=\"og:url\" content=\"https:\/\/ecosupplements.be\/fr\/produit\/citrate-de-magnesium-300mg-90-comprimes\/\" \/>\n<meta property=\"og:site_name\" content=\"ECO Supplements\" \/>\n<meta property=\"article:modified_time\" content=\"2025-08-27T13:26:46+00:00\" \/>\n<meta property=\"og:image\" content=\"https:\/\/ecosupplements.be\/wp-content\/uploads\/2025\/08\/Magnesium-Citrate-300mg-90-tabs-1.jpg\" \/>\n\t<meta property=\"og:image:width\" content=\"537\" \/>\n\t<meta property=\"og:image:height\" content=\"710\" \/>\n\t<meta property=\"og:image:type\" content=\"image\/jpeg\" \/>\n<meta name=\"twitter:card\" content=\"summary_large_image\" \/>\n<meta name=\"twitter:label1\" content=\"Prix\" \/>\n\t<meta name=\"twitter:data1\" content=\"4.77&nbsp;&euro;\" \/>\n\t<meta name=\"twitter:label2\" content=\"Disponibilit\u00e9\" \/>\n\t<meta name=\"twitter:data2\" content=\"En stock\" \/>\n<script type=\"application\/ld+json\" class=\"yoast-schema-graph\">{\"@context\":\"https:\\\/\\\/schema.org\",\"@graph\":[{\"@type\":[\"WebPage\",\"ItemPage\"],\"@id\":\"https:\\\/\\\/ecosupplements.be\\\/fr\\\/produit\\\/citrate-de-magnesium-300mg-90-comprimes\\\/\",\"url\":\"https:\\\/\\\/ecosupplements.be\\\/fr\\\/produit\\\/citrate-de-magnesium-300mg-90-comprimes\\\/\",\"name\":\"Citrate de magn\u00e9sium, 300mg - 90 comprim\u00e9s - ECO Supplements\",\"isPartOf\":{\"@id\":\"https:\\\/\\\/ecosupplements.be\\\/fr\\\/#website\"},\"primaryImageOfPage\":{\"@id\":\"https:\\\/\\\/ecosupplements.be\\\/fr\\\/produit\\\/citrate-de-magnesium-300mg-90-comprimes\\\/#primaryimage\"},\"image\":{\"@id\":\"https:\\\/\\\/ecosupplements.be\\\/fr\\\/produit\\\/citrate-de-magnesium-300mg-90-comprimes\\\/#primaryimage\"},\"thumbnailUrl\":\"https:\\\/\\\/ecosupplements.be\\\/wp-content\\\/uploads\\\/2025\\\/08\\\/Magnesium-Citrate-300mg-90-tabs.jpg\",\"datePublished\":\"2022-09-09T12:09:38+00:00\",\"dateModified\":\"2025-08-27T13:26:46+00:00\",\"description\":\"Wij hebben een ruime keuze aan producten van Citrate de magn\u00e9sium, 300mg - 90 comprim\u00e9s . Winkel bij Eco Supplements altijd gratis verzending boven 100\u20ac\",\"breadcrumb\":{\"@id\":\"https:\\\/\\\/ecosupplements.be\\\/fr\\\/produit\\\/citrate-de-magnesium-300mg-90-comprimes\\\/#breadcrumb\"},\"inLanguage\":\"fr-FR\",\"potentialAction\":[{\"@type\":\"ReadAction\",\"target\":[\"https:\\\/\\\/ecosupplements.be\\\/fr\\\/produit\\\/citrate-de-magnesium-300mg-90-comprimes\\\/\"]}]},{\"@type\":\"ImageObject\",\"inLanguage\":\"fr-FR\",\"@id\":\"https:\\\/\\\/ecosupplements.be\\\/fr\\\/produit\\\/citrate-de-magnesium-300mg-90-comprimes\\\/#primaryimage\",\"url\":\"https:\\\/\\\/ecosupplements.be\\\/wp-content\\\/uploads\\\/2025\\\/08\\\/Magnesium-Citrate-300mg-90-tabs.jpg\",\"contentUrl\":\"https:\\\/\\\/ecosupplements.be\\\/wp-content\\\/uploads\\\/2025\\\/08\\\/Magnesium-Citrate-300mg-90-tabs.jpg\",\"width\":537,\"height\":710},{\"@type\":\"BreadcrumbList\",\"@id\":\"https:\\\/\\\/ecosupplements.be\\\/fr\\\/produit\\\/citrate-de-magnesium-300mg-90-comprimes\\\/#breadcrumb\",\"itemListElement\":[{\"@type\":\"ListItem\",\"position\":1,\"name\":\"Home\",\"item\":\"https:\\\/\\\/ecosupplements.be\\\/fr\\\/\"},{\"@type\":\"ListItem\",\"position\":2,\"name\":\"Boutique\",\"item\":\"https:\\\/\\\/ecosupplements.be\\\/fr\\\/boutique\\\/\"},{\"@type\":\"ListItem\",\"position\":3,\"name\":\"Citrate de magn\u00e9sium, 300mg &#8211; 90 comprim\u00e9s\"}]},{\"@type\":\"WebSite\",\"@id\":\"https:\\\/\\\/ecosupplements.be\\\/fr\\\/#website\",\"url\":\"https:\\\/\\\/ecosupplements.be\\\/fr\\\/\",\"name\":\"ECO Supplements\",\"description\":\"Eco Supplements - Gezonde supplementen\",\"publisher\":{\"@id\":\"https:\\\/\\\/ecosupplements.be\\\/fr\\\/#organization\"},\"potentialAction\":[{\"@type\":\"SearchAction\",\"target\":{\"@type\":\"EntryPoint\",\"urlTemplate\":\"https:\\\/\\\/ecosupplements.be\\\/fr\\\/?s={search_term_string}\"},\"query-input\":{\"@type\":\"PropertyValueSpecification\",\"valueRequired\":true,\"valueName\":\"search_term_string\"}}],\"inLanguage\":\"fr-FR\"},{\"@type\":\"Organization\",\"@id\":\"https:\\\/\\\/ecosupplements.be\\\/fr\\\/#organization\",\"name\":\"Eco Supplements\",\"url\":\"https:\\\/\\\/ecosupplements.be\\\/fr\\\/\",\"logo\":{\"@type\":\"ImageObject\",\"inLanguage\":\"fr-FR\",\"@id\":\"https:\\\/\\\/ecosupplements.be\\\/fr\\\/#\\\/schema\\\/logo\\\/image\\\/\",\"url\":\"https:\\\/\\\/ecosupplements.be\\\/wp-content\\\/uploads\\\/2022\\\/06\\\/ecosupplement-family.png\",\"contentUrl\":\"https:\\\/\\\/ecosupplements.be\\\/wp-content\\\/uploads\\\/2022\\\/06\\\/ecosupplement-family.png\",\"width\":593,\"height\":374,\"caption\":\"Eco Supplements\"},\"image\":{\"@id\":\"https:\\\/\\\/ecosupplements.be\\\/fr\\\/#\\\/schema\\\/logo\\\/image\\\/\"}}]}<\/script>\n<meta property=\"product:brand\" content=\"Holland &amp; Barrett\" \/>\n<meta property=\"product:price:amount\" content=\"4.77\" \/>\n<meta property=\"product:price:currency\" content=\"EUR\" \/>\n<meta property=\"og:availability\" content=\"instock\" \/>\n<meta property=\"product:availability\" content=\"instock\" \/>\n<meta property=\"product:retailer_item_id\" content=\"5059604469510\" \/>\n<meta property=\"product:condition\" content=\"new\" \/>\n<!-- \/ Yoast SEO Premium plugin. -->","yoast_head_json":{"title":"Citrate de magn\u00e9sium, 300mg - 90 comprim\u00e9s - ECO Supplements","description":"Wij hebben een ruime keuze aan producten van Citrate de magn\u00e9sium, 300mg - 90 comprim\u00e9s . Winkel bij Eco Supplements altijd gratis verzending boven 100\u20ac","robots":{"index":"index","follow":"follow","max-snippet":"max-snippet:-1","max-image-preview":"max-image-preview:large","max-video-preview":"max-video-preview:-1"},"canonical":"https:\/\/ecosupplements.be\/fr\/produit\/citrate-de-magnesium-300mg-90-comprimes\/","og_locale":"fr_FR","og_type":"article","og_title":"Citrate de magn\u00e9sium, 300mg - 90 comprim\u00e9s","og_description":"Wij hebben een ruime keuze aan producten van Citrate de magn\u00e9sium, 300mg - 90 comprim\u00e9s . Winkel bij Eco Supplements altijd gratis verzending boven 100\u20ac","og_url":"https:\/\/ecosupplements.be\/fr\/produit\/citrate-de-magnesium-300mg-90-comprimes\/","og_site_name":"ECO Supplements","article_modified_time":"2025-08-27T13:26:46+00:00","og_image":[{"width":537,"height":710,"url":"https:\/\/ecosupplements.be\/wp-content\/uploads\/2025\/08\/Magnesium-Citrate-300mg-90-tabs-1.jpg","type":"image\/jpeg"}],"twitter_card":"summary_large_image","twitter_misc":{"Prix":"4.77&nbsp;&euro;","Disponibilit\u00e9":"En stock"},"schema":{"@context":"https:\/\/schema.org","@graph":[{"@type":["WebPage","ItemPage"],"@id":"https:\/\/ecosupplements.be\/fr\/produit\/citrate-de-magnesium-300mg-90-comprimes\/","url":"https:\/\/ecosupplements.be\/fr\/produit\/citrate-de-magnesium-300mg-90-comprimes\/","name":"Citrate de magn\u00e9sium, 300mg - 90 comprim\u00e9s - ECO Supplements","isPartOf":{"@id":"https:\/\/ecosupplements.be\/fr\/#website"},"primaryImageOfPage":{"@id":"https:\/\/ecosupplements.be\/fr\/produit\/citrate-de-magnesium-300mg-90-comprimes\/#primaryimage"},"image":{"@id":"https:\/\/ecosupplements.be\/fr\/produit\/citrate-de-magnesium-300mg-90-comprimes\/#primaryimage"},"thumbnailUrl":"https:\/\/ecosupplements.be\/wp-content\/uploads\/2025\/08\/Magnesium-Citrate-300mg-90-tabs.jpg","datePublished":"2022-09-09T12:09:38+00:00","dateModified":"2025-08-27T13:26:46+00:00","description":"Wij hebben een ruime keuze aan producten van Citrate de magn\u00e9sium, 300mg - 90 comprim\u00e9s . Winkel bij Eco Supplements altijd gratis verzending boven 100\u20ac","breadcrumb":{"@id":"https:\/\/ecosupplements.be\/fr\/produit\/citrate-de-magnesium-300mg-90-comprimes\/#breadcrumb"},"inLanguage":"fr-FR","potentialAction":[{"@type":"ReadAction","target":["https:\/\/ecosupplements.be\/fr\/produit\/citrate-de-magnesium-300mg-90-comprimes\/"]}]},{"@type":"ImageObject","inLanguage":"fr-FR","@id":"https:\/\/ecosupplements.be\/fr\/produit\/citrate-de-magnesium-300mg-90-comprimes\/#primaryimage","url":"https:\/\/ecosupplements.be\/wp-content\/uploads\/2025\/08\/Magnesium-Citrate-300mg-90-tabs.jpg","contentUrl":"https:\/\/ecosupplements.be\/wp-content\/uploads\/2025\/08\/Magnesium-Citrate-300mg-90-tabs.jpg","width":537,"height":710},{"@type":"BreadcrumbList","@id":"https:\/\/ecosupplements.be\/fr\/produit\/citrate-de-magnesium-300mg-90-comprimes\/#breadcrumb","itemListElement":[{"@type":"ListItem","position":1,"name":"Home","item":"https:\/\/ecosupplements.be\/fr\/"},{"@type":"ListItem","position":2,"name":"Boutique","item":"https:\/\/ecosupplements.be\/fr\/boutique\/"},{"@type":"ListItem","position":3,"name":"Citrate de magn\u00e9sium, 300mg &#8211; 90 comprim\u00e9s"}]},{"@type":"WebSite","@id":"https:\/\/ecosupplements.be\/fr\/#website","url":"https:\/\/ecosupplements.be\/fr\/","name":"ECO Supplements","description":"Eco Supplements - Gezonde supplementen","publisher":{"@id":"https:\/\/ecosupplements.be\/fr\/#organization"},"potentialAction":[{"@type":"SearchAction","target":{"@type":"EntryPoint","urlTemplate":"https:\/\/ecosupplements.be\/fr\/?s={search_term_string}"},"query-input":{"@type":"PropertyValueSpecification","valueRequired":true,"valueName":"search_term_string"}}],"inLanguage":"fr-FR"},{"@type":"Organization","@id":"https:\/\/ecosupplements.be\/fr\/#organization","name":"Eco Supplements","url":"https:\/\/ecosupplements.be\/fr\/","logo":{"@type":"ImageObject","inLanguage":"fr-FR","@id":"https:\/\/ecosupplements.be\/fr\/#\/schema\/logo\/image\/","url":"https:\/\/ecosupplements.be\/wp-content\/uploads\/2022\/06\/ecosupplement-family.png","contentUrl":"https:\/\/ecosupplements.be\/wp-content\/uploads\/2022\/06\/ecosupplement-family.png","width":593,"height":374,"caption":"Eco Supplements"},"image":{"@id":"https:\/\/ecosupplements.be\/fr\/#\/schema\/logo\/image\/"}}]},"product_brand":"Holland &amp; Barrett","product_price_amount":"4.77","product_price_currency":"EUR","og_availability":"instock","product_availability":"instock","product_retailer_item_id":"5059604469510","product_condition":"new"},"_links":{"self":[{"href":"https:\/\/ecosupplements.be\/fr\/wp-json\/wp\/v2\/product\/287614","targetHints":{"allow":["GET"]}}],"collection":[{"href":"https:\/\/ecosupplements.be\/fr\/wp-json\/wp\/v2\/product"}],"about":[{"href":"https:\/\/ecosupplements.be\/fr\/wp-json\/wp\/v2\/types\/product"}],"replies":[{"embeddable":true,"href":"https:\/\/ecosupplements.be\/fr\/wp-json\/wp\/v2\/comments?post=287614"}],"wp:featuredmedia":[{"embeddable":true,"href":"https:\/\/ecosupplements.be\/fr\/wp-json\/wp\/v2\/media\/260770"}],"wp:attachment":[{"href":"https:\/\/ecosupplements.be\/fr\/wp-json\/wp\/v2\/media?parent=287614"}],"wp:term":[{"taxonomy":"product_brand","embeddable":true,"href":"https:\/\/ecosupplements.be\/fr\/wp-json\/wp\/v2\/product_brand?post=287614"},{"taxonomy":"product_cat","embeddable":true,"href":"https:\/\/ecosupplements.be\/fr\/wp-json\/wp\/v2\/product_cat?post=287614"},{"taxonomy":"product_tag","embeddable":true,"href":"https:\/\/ecosupplements.be\/fr\/wp-json\/wp\/v2\/product_tag?post=287614"}],"curies":[{"name":"wp","href":"https:\/\/api.w.org\/{rel}","templated":true}]}}