{"id":287617,"date":"2022-06-28T10:13:44","date_gmt":"2022-06-28T09:13:44","guid":{"rendered":"https:\/\/ecosupplements.be\/product\/magnesium-avec-zinc-90-comprimes\/"},"modified":"2025-08-27T14:26:53","modified_gmt":"2025-08-27T13:26:53","slug":"magnesium-avec-zinc-90-comprimes","status":"publish","type":"product","link":"https:\/\/ecosupplements.be\/fr\/produit\/magnesium-avec-zinc-90-comprimes\/","title":{"rendered":"Magn\u00e9sium avec Zinc &#8211; 90 comprim\u00e9s"},"content":{"rendered":"<h1>Magnesium with Zinc &#8211; 90 tabs<\/h1>\n<p>Le \u200cMagnesium with Zinc de Holland &#038; Barrett est un compl\u00e9ment alimentaire essentiel pour maintenir une bonne sant\u00e9 \u2064et un bien-\u00eatre g\u00e9n\u00e9ral. Chaque comprim\u00e9 \u200bcontient\u2063 un\u2064 m\u00e9lange \u200d\u00e9quilibr\u00e9 de magn\u00e9sium et de \u2062zinc, deux min\u00e9raux essentiels pour le\u2064 bon fonctionnement de notre corps.<\/p>\n<h2>Caract\u00e9ristiques \u2062sp\u00e9ciales:<\/h2>\n<ul>\n<li>Contient\u200b 90 comprim\u00e9s \u2064par bouteille<\/li>\n<li>Chaque comprim\u00e9 contient 250\u2062 mg de magn\u00e9sium\u2063 et 15 mg \u2063de zinc<\/li>\n<li>Convient \u2062aux v\u00e9g\u00e9tariens\u200d et v\u00e9g\u00e9taliens<\/li>\n<li>Sans gluten, bl\u00e9, levure, lactose ou soja<\/li>\n<li>Fabriqu\u00e9 au Royaume-Uni\u2062 selon les normes strictes de qualit\u00e9<\/li>\n<\/ul>\n<h2>Ingr\u00e9dients:<\/h2>\n<p>Chaque comprim\u00e9 contient:<\/p>\n<ul>\n<li>250 mg de \u200dmagn\u00e9sium (oxyde de magn\u00e9sium)<\/li>\n<li>15 mg de zinc (oxyde de zinc)<\/li>\n<\/ul>\n<p>Autres ingr\u00e9dients: cellulose microcristalline, \u2062acide\u2064 st\u00e9arique v\u00e9g\u00e9tal, dioxyde de silicium, st\u00e9arate de magn\u00e9sium\u200b v\u00e9g\u00e9tal.<\/p>\n<h2>Avantages uniques:<\/h2>\n<p>Le magn\u00e9sium et le \u2062zinc sont deux min\u00e9raux essentiels pour notre corps. Le magn\u00e9sium est impliqu\u00e9 dans plus de\u2063 300\u200b r\u00e9actions enzymatiques\u200b et joue un r\u00f4le important dans la sant\u00e9 des os, des muscles et \u2062du\u200d syst\u00e8me nerveux. Le zinc, quant \u00e0 lui, \u200cest n\u00e9cessaire pour le bon fonctionnement du syst\u00e8me immunitaire, la cicatrisation \u200bdes \u200cplaies et la sant\u00e9 de la peau.<\/p>\n<p>Ce compl\u00e9ment alimentaire est id\u00e9al pour les personnes qui ont une carence en magn\u00e9sium ou en zinc, ainsi que pour \u2064celles qui cherchent \u00e0 maintenir une bonne sant\u00e9 et \u200bun bien-\u00eatre \u2063g\u00e9n\u00e9ral. Il peut \u00e9galement\u2063 \u00eatre\u2062 b\u00e9n\u00e9fique \u2062pour les sportifs, les personnes \u200d\u00e2g\u00e9es et les femmes enceintes ou allaitantes.<\/p>\n<h2>Conseils d&#8217;utilisation:<\/h2>\n<p>Prenez un comprim\u00e9 par jour, de pr\u00e9f\u00e9rence avec un repas. Ne \u2062pas d\u00e9passer la dose\u200b recommand\u00e9e. Ce compl\u00e9ment alimentaire ne doit pas \u00eatre utilis\u00e9 comme substitut \u00e0 une\u2062 alimentation \u00e9quilibr\u00e9e et vari\u00e9e.<\/p>\n<p>Conservez dans un endroit frais et sec, \u00e0 l&#8217;abri de la \u200blumi\u00e8re directe du \u200bsoleil. \u200cTenir hors de port\u00e9e des enfants.<\/p>\n<p>Si vous \u00eates enceinte, allaitante, prenez des m\u00e9dicaments ou avez des\u200c probl\u00e8mes \u2062de sant\u00e9, veuillez consulter votre m\u00e9decin avant de prendre ce compl\u00e9ment alimentaire.<\/p>\n<p>Ne\u2063 convient pas aux enfants de moins de 12 \u2064ans.<\/p>\n<p>Si vous ressentez \u2062des effets ind\u00e9sirables, \u200darr\u00eatez de prendre \u200dce compl\u00e9ment alimentaire et\u200b consultez un m\u00e9decin.<\/p>\n<p>Ne pas utiliser si\u2064 le sceau sous le bouchon \u200best \u2064endommag\u00e9 ou manquant.<\/p>\n<p>Pour \u2064une efficacit\u00e9 optimale, il est \u200drecommand\u00e9 de suivre une alimentation \u00e9quilibr\u00e9e et de faire de l&#8217;exercice r\u00e9guli\u00e8rement.<\/p>\n<p>Prenez soin de votre\u200b sant\u00e9 \u2064avec le Magnesium with\u200b Zinc de Holland &#038; Barrett.<\/p>\n","protected":false},"excerpt":{"rendered":"<p>Magnesium with Zinc &#8211; 90 tabs Le \u200cMagnesium with Zinc de Holland &#038; Barrett est un compl\u00e9ment alimentaire essentiel pour maintenir une bonne sant\u00e9 \u2064et un bien-\u00eatre g\u00e9n\u00e9ral. Chaque comprim\u00e9 \u200bcontient\u2063 un\u2064 m\u00e9lange \u200d\u00e9quilibr\u00e9 de magn\u00e9sium et de \u2062zinc, deux min\u00e9raux essentiels pour le\u2064 bon fonctionnement de notre corps. Caract\u00e9ristiques \u2062sp\u00e9ciales: Contient\u200b 90 comprim\u00e9s \u2064par [&#8230;]\n","protected":false},"featured_media":245547,"comment_status":"open","ping_status":"open","template":"","meta":[],"product_brand":[4819],"product_cat":[5052,5053],"product_tag":[],"class_list":{"0":"post-287617","1":"product","2":"type-product","3":"status-publish","4":"has-post-thumbnail","6":"product_brand-holland-barrett-2","7":"product_cat-sante-et-bien-etre","8":"product_cat-vitamines-et-mineraux","10":"first","11":"instock","12":"taxable","13":"shipping-taxable","14":"purchasable","15":"product-type-simple"},"yoast_head":"<!-- This site is optimized with the Yoast SEO Premium plugin v27.3 (Yoast SEO v27.3) - https:\/\/yoast.com\/product\/yoast-seo-premium-wordpress\/ -->\n<title>Magn\u00e9sium avec Zinc - 90 comprim\u00e9s - ECO Supplements<\/title>\n<meta name=\"description\" content=\"Wij hebben een ruime keuze aan producten van Magn\u00e9sium avec Zinc - 90 comprim\u00e9s . Winkel bij Eco Supplements altijd gratis verzending boven 100\u20ac\" \/>\n<meta name=\"robots\" content=\"index, follow, max-snippet:-1, max-image-preview:large, max-video-preview:-1\" \/>\n<link rel=\"canonical\" href=\"https:\/\/ecosupplements.be\/fr\/produit\/magnesium-avec-zinc-90-comprimes\/\" \/>\n<meta property=\"og:locale\" content=\"fr_FR\" \/>\n<meta property=\"og:type\" content=\"article\" \/>\n<meta property=\"og:title\" content=\"Magn\u00e9sium avec Zinc - 90 comprim\u00e9s\" \/>\n<meta property=\"og:description\" content=\"Wij hebben een ruime keuze aan producten van Magn\u00e9sium avec Zinc - 90 comprim\u00e9s . Winkel bij Eco Supplements altijd gratis verzending boven 100\u20ac\" \/>\n<meta property=\"og:url\" content=\"https:\/\/ecosupplements.be\/fr\/produit\/magnesium-avec-zinc-90-comprimes\/\" \/>\n<meta property=\"og:site_name\" content=\"ECO Supplements\" \/>\n<meta property=\"article:modified_time\" content=\"2025-08-27T13:26:53+00:00\" \/>\n<meta property=\"og:image\" content=\"https:\/\/ecosupplements.be\/wp-content\/uploads\/2025\/08\/Magnesium-with-Zinc-90-tabs-1.jpg\" \/>\n\t<meta property=\"og:image:width\" content=\"363\" \/>\n\t<meta property=\"og:image:height\" content=\"663\" \/>\n\t<meta property=\"og:image:type\" content=\"image\/jpeg\" \/>\n<meta name=\"twitter:card\" content=\"summary_large_image\" \/>\n<meta name=\"twitter:label1\" content=\"Prix\" \/>\n\t<meta name=\"twitter:data1\" content=\"4.12&nbsp;&euro;\" \/>\n\t<meta name=\"twitter:label2\" content=\"Disponibilit\u00e9\" \/>\n\t<meta name=\"twitter:data2\" content=\"En stock\" \/>\n<script type=\"application\/ld+json\" class=\"yoast-schema-graph\">{\"@context\":\"https:\\\/\\\/schema.org\",\"@graph\":[{\"@type\":[\"WebPage\",\"ItemPage\"],\"@id\":\"https:\\\/\\\/ecosupplements.be\\\/fr\\\/produit\\\/magnesium-avec-zinc-90-comprimes\\\/\",\"url\":\"https:\\\/\\\/ecosupplements.be\\\/fr\\\/produit\\\/magnesium-avec-zinc-90-comprimes\\\/\",\"name\":\"Magn\u00e9sium avec Zinc - 90 comprim\u00e9s - ECO Supplements\",\"isPartOf\":{\"@id\":\"https:\\\/\\\/ecosupplements.be\\\/fr\\\/#website\"},\"primaryImageOfPage\":{\"@id\":\"https:\\\/\\\/ecosupplements.be\\\/fr\\\/produit\\\/magnesium-avec-zinc-90-comprimes\\\/#primaryimage\"},\"image\":{\"@id\":\"https:\\\/\\\/ecosupplements.be\\\/fr\\\/produit\\\/magnesium-avec-zinc-90-comprimes\\\/#primaryimage\"},\"thumbnailUrl\":\"https:\\\/\\\/ecosupplements.be\\\/wp-content\\\/uploads\\\/2025\\\/08\\\/Magnesium-with-Zinc-90-tabs.jpg\",\"datePublished\":\"2022-06-28T09:13:44+00:00\",\"dateModified\":\"2025-08-27T13:26:53+00:00\",\"description\":\"Wij hebben een ruime keuze aan producten van Magn\u00e9sium avec Zinc - 90 comprim\u00e9s . Winkel bij Eco Supplements altijd gratis verzending boven 100\u20ac\",\"breadcrumb\":{\"@id\":\"https:\\\/\\\/ecosupplements.be\\\/fr\\\/produit\\\/magnesium-avec-zinc-90-comprimes\\\/#breadcrumb\"},\"inLanguage\":\"fr-FR\",\"potentialAction\":[{\"@type\":\"ReadAction\",\"target\":[\"https:\\\/\\\/ecosupplements.be\\\/fr\\\/produit\\\/magnesium-avec-zinc-90-comprimes\\\/\"]}]},{\"@type\":\"ImageObject\",\"inLanguage\":\"fr-FR\",\"@id\":\"https:\\\/\\\/ecosupplements.be\\\/fr\\\/produit\\\/magnesium-avec-zinc-90-comprimes\\\/#primaryimage\",\"url\":\"https:\\\/\\\/ecosupplements.be\\\/wp-content\\\/uploads\\\/2025\\\/08\\\/Magnesium-with-Zinc-90-tabs.jpg\",\"contentUrl\":\"https:\\\/\\\/ecosupplements.be\\\/wp-content\\\/uploads\\\/2025\\\/08\\\/Magnesium-with-Zinc-90-tabs.jpg\",\"width\":363,\"height\":663},{\"@type\":\"BreadcrumbList\",\"@id\":\"https:\\\/\\\/ecosupplements.be\\\/fr\\\/produit\\\/magnesium-avec-zinc-90-comprimes\\\/#breadcrumb\",\"itemListElement\":[{\"@type\":\"ListItem\",\"position\":1,\"name\":\"Home\",\"item\":\"https:\\\/\\\/ecosupplements.be\\\/fr\\\/\"},{\"@type\":\"ListItem\",\"position\":2,\"name\":\"Boutique\",\"item\":\"https:\\\/\\\/ecosupplements.be\\\/fr\\\/boutique\\\/\"},{\"@type\":\"ListItem\",\"position\":3,\"name\":\"Magn\u00e9sium avec Zinc &#8211; 90 comprim\u00e9s\"}]},{\"@type\":\"WebSite\",\"@id\":\"https:\\\/\\\/ecosupplements.be\\\/fr\\\/#website\",\"url\":\"https:\\\/\\\/ecosupplements.be\\\/fr\\\/\",\"name\":\"ECO Supplements\",\"description\":\"Eco Supplements - Gezonde supplementen\",\"publisher\":{\"@id\":\"https:\\\/\\\/ecosupplements.be\\\/fr\\\/#organization\"},\"potentialAction\":[{\"@type\":\"SearchAction\",\"target\":{\"@type\":\"EntryPoint\",\"urlTemplate\":\"https:\\\/\\\/ecosupplements.be\\\/fr\\\/?s={search_term_string}\"},\"query-input\":{\"@type\":\"PropertyValueSpecification\",\"valueRequired\":true,\"valueName\":\"search_term_string\"}}],\"inLanguage\":\"fr-FR\"},{\"@type\":\"Organization\",\"@id\":\"https:\\\/\\\/ecosupplements.be\\\/fr\\\/#organization\",\"name\":\"Eco Supplements\",\"url\":\"https:\\\/\\\/ecosupplements.be\\\/fr\\\/\",\"logo\":{\"@type\":\"ImageObject\",\"inLanguage\":\"fr-FR\",\"@id\":\"https:\\\/\\\/ecosupplements.be\\\/fr\\\/#\\\/schema\\\/logo\\\/image\\\/\",\"url\":\"https:\\\/\\\/ecosupplements.be\\\/wp-content\\\/uploads\\\/2022\\\/06\\\/ecosupplement-family.png\",\"contentUrl\":\"https:\\\/\\\/ecosupplements.be\\\/wp-content\\\/uploads\\\/2022\\\/06\\\/ecosupplement-family.png\",\"width\":593,\"height\":374,\"caption\":\"Eco Supplements\"},\"image\":{\"@id\":\"https:\\\/\\\/ecosupplements.be\\\/fr\\\/#\\\/schema\\\/logo\\\/image\\\/\"}}]}<\/script>\n<meta property=\"product:brand\" content=\"Holland &amp; Barrett\" \/>\n<meta property=\"product:price:amount\" content=\"4.12\" \/>\n<meta property=\"product:price:currency\" content=\"EUR\" \/>\n<meta property=\"og:availability\" content=\"instock\" \/>\n<meta property=\"product:availability\" content=\"instock\" \/>\n<meta property=\"product:retailer_item_id\" content=\"5059604469503\" \/>\n<meta property=\"product:condition\" content=\"new\" \/>\n<!-- \/ Yoast SEO Premium plugin. -->","yoast_head_json":{"title":"Magn\u00e9sium avec Zinc - 90 comprim\u00e9s - ECO Supplements","description":"Wij hebben een ruime keuze aan producten van Magn\u00e9sium avec Zinc - 90 comprim\u00e9s . Winkel bij Eco Supplements altijd gratis verzending boven 100\u20ac","robots":{"index":"index","follow":"follow","max-snippet":"max-snippet:-1","max-image-preview":"max-image-preview:large","max-video-preview":"max-video-preview:-1"},"canonical":"https:\/\/ecosupplements.be\/fr\/produit\/magnesium-avec-zinc-90-comprimes\/","og_locale":"fr_FR","og_type":"article","og_title":"Magn\u00e9sium avec Zinc - 90 comprim\u00e9s","og_description":"Wij hebben een ruime keuze aan producten van Magn\u00e9sium avec Zinc - 90 comprim\u00e9s . Winkel bij Eco Supplements altijd gratis verzending boven 100\u20ac","og_url":"https:\/\/ecosupplements.be\/fr\/produit\/magnesium-avec-zinc-90-comprimes\/","og_site_name":"ECO Supplements","article_modified_time":"2025-08-27T13:26:53+00:00","og_image":[{"width":363,"height":663,"url":"https:\/\/ecosupplements.be\/wp-content\/uploads\/2025\/08\/Magnesium-with-Zinc-90-tabs-1.jpg","type":"image\/jpeg"}],"twitter_card":"summary_large_image","twitter_misc":{"Prix":"4.12&nbsp;&euro;","Disponibilit\u00e9":"En stock"},"schema":{"@context":"https:\/\/schema.org","@graph":[{"@type":["WebPage","ItemPage"],"@id":"https:\/\/ecosupplements.be\/fr\/produit\/magnesium-avec-zinc-90-comprimes\/","url":"https:\/\/ecosupplements.be\/fr\/produit\/magnesium-avec-zinc-90-comprimes\/","name":"Magn\u00e9sium avec Zinc - 90 comprim\u00e9s - ECO Supplements","isPartOf":{"@id":"https:\/\/ecosupplements.be\/fr\/#website"},"primaryImageOfPage":{"@id":"https:\/\/ecosupplements.be\/fr\/produit\/magnesium-avec-zinc-90-comprimes\/#primaryimage"},"image":{"@id":"https:\/\/ecosupplements.be\/fr\/produit\/magnesium-avec-zinc-90-comprimes\/#primaryimage"},"thumbnailUrl":"https:\/\/ecosupplements.be\/wp-content\/uploads\/2025\/08\/Magnesium-with-Zinc-90-tabs.jpg","datePublished":"2022-06-28T09:13:44+00:00","dateModified":"2025-08-27T13:26:53+00:00","description":"Wij hebben een ruime keuze aan producten van Magn\u00e9sium avec Zinc - 90 comprim\u00e9s . Winkel bij Eco Supplements altijd gratis verzending boven 100\u20ac","breadcrumb":{"@id":"https:\/\/ecosupplements.be\/fr\/produit\/magnesium-avec-zinc-90-comprimes\/#breadcrumb"},"inLanguage":"fr-FR","potentialAction":[{"@type":"ReadAction","target":["https:\/\/ecosupplements.be\/fr\/produit\/magnesium-avec-zinc-90-comprimes\/"]}]},{"@type":"ImageObject","inLanguage":"fr-FR","@id":"https:\/\/ecosupplements.be\/fr\/produit\/magnesium-avec-zinc-90-comprimes\/#primaryimage","url":"https:\/\/ecosupplements.be\/wp-content\/uploads\/2025\/08\/Magnesium-with-Zinc-90-tabs.jpg","contentUrl":"https:\/\/ecosupplements.be\/wp-content\/uploads\/2025\/08\/Magnesium-with-Zinc-90-tabs.jpg","width":363,"height":663},{"@type":"BreadcrumbList","@id":"https:\/\/ecosupplements.be\/fr\/produit\/magnesium-avec-zinc-90-comprimes\/#breadcrumb","itemListElement":[{"@type":"ListItem","position":1,"name":"Home","item":"https:\/\/ecosupplements.be\/fr\/"},{"@type":"ListItem","position":2,"name":"Boutique","item":"https:\/\/ecosupplements.be\/fr\/boutique\/"},{"@type":"ListItem","position":3,"name":"Magn\u00e9sium avec Zinc &#8211; 90 comprim\u00e9s"}]},{"@type":"WebSite","@id":"https:\/\/ecosupplements.be\/fr\/#website","url":"https:\/\/ecosupplements.be\/fr\/","name":"ECO Supplements","description":"Eco Supplements - Gezonde supplementen","publisher":{"@id":"https:\/\/ecosupplements.be\/fr\/#organization"},"potentialAction":[{"@type":"SearchAction","target":{"@type":"EntryPoint","urlTemplate":"https:\/\/ecosupplements.be\/fr\/?s={search_term_string}"},"query-input":{"@type":"PropertyValueSpecification","valueRequired":true,"valueName":"search_term_string"}}],"inLanguage":"fr-FR"},{"@type":"Organization","@id":"https:\/\/ecosupplements.be\/fr\/#organization","name":"Eco Supplements","url":"https:\/\/ecosupplements.be\/fr\/","logo":{"@type":"ImageObject","inLanguage":"fr-FR","@id":"https:\/\/ecosupplements.be\/fr\/#\/schema\/logo\/image\/","url":"https:\/\/ecosupplements.be\/wp-content\/uploads\/2022\/06\/ecosupplement-family.png","contentUrl":"https:\/\/ecosupplements.be\/wp-content\/uploads\/2022\/06\/ecosupplement-family.png","width":593,"height":374,"caption":"Eco Supplements"},"image":{"@id":"https:\/\/ecosupplements.be\/fr\/#\/schema\/logo\/image\/"}}]},"product_brand":"Holland &amp; Barrett","product_price_amount":"4.12","product_price_currency":"EUR","og_availability":"instock","product_availability":"instock","product_retailer_item_id":"5059604469503","product_condition":"new"},"_links":{"self":[{"href":"https:\/\/ecosupplements.be\/fr\/wp-json\/wp\/v2\/product\/287617","targetHints":{"allow":["GET"]}}],"collection":[{"href":"https:\/\/ecosupplements.be\/fr\/wp-json\/wp\/v2\/product"}],"about":[{"href":"https:\/\/ecosupplements.be\/fr\/wp-json\/wp\/v2\/types\/product"}],"replies":[{"embeddable":true,"href":"https:\/\/ecosupplements.be\/fr\/wp-json\/wp\/v2\/comments?post=287617"}],"wp:featuredmedia":[{"embeddable":true,"href":"https:\/\/ecosupplements.be\/fr\/wp-json\/wp\/v2\/media\/245547"}],"wp:attachment":[{"href":"https:\/\/ecosupplements.be\/fr\/wp-json\/wp\/v2\/media?parent=287617"}],"wp:term":[{"taxonomy":"product_brand","embeddable":true,"href":"https:\/\/ecosupplements.be\/fr\/wp-json\/wp\/v2\/product_brand?post=287617"},{"taxonomy":"product_cat","embeddable":true,"href":"https:\/\/ecosupplements.be\/fr\/wp-json\/wp\/v2\/product_cat?post=287617"},{"taxonomy":"product_tag","embeddable":true,"href":"https:\/\/ecosupplements.be\/fr\/wp-json\/wp\/v2\/product_tag?post=287617"}],"curies":[{"name":"wp","href":"https:\/\/api.w.org\/{rel}","templated":true}]}}