{"id":287623,"date":"2024-03-07T21:31:24","date_gmt":"2024-03-07T20:31:24","guid":{"rendered":"https:\/\/ecosupplements.be\/product\/max-force-glucosamine-sulfate-chondroitine-et-msm-collagene-180-comprimes\/"},"modified":"2025-08-27T14:26:58","modified_gmt":"2025-08-27T13:26:58","slug":"max-force-glucosamine-sulfate-chondroitine-et-msm-collagene-180-comprimes","status":"publish","type":"product","link":"https:\/\/ecosupplements.be\/fr\/produit\/max-force-glucosamine-sulfate-chondroitine-et-msm-collagene-180-comprimes\/","title":{"rendered":"Max Force Glucosamine Sulfate + Chondro\u00eftine et MSM + Collag\u00e8ne &#8211; 180 comprim\u00e9s"},"content":{"rendered":"<h1>Max Strength Glucosamine\u200b Sulphate +\u2062 Chondroitin &#038; MSM + Collagen &#8211; 180 tablets<\/h1>\n<p>Offrez \u00e0 vos articulations le soutien dont \u2063elles ont besoin \u2064avec \u2063les comprim\u00e9s Max Strength Glucosamine Sulphate + Chondroitin &#038; MSM + Collagen de Holland &#038; Barrett. Cette formule puissante combine quatre ingr\u00e9dients cl\u00e9s pour aider\u2063 \u00e0 maintenir \u2063la sant\u00e9 et la mobilit\u00e9 des articulations.<\/p>\n<h2>Ingr\u00e9dients \u200bcl\u00e9s:<\/h2>\n<ul>\n<li><strong>Glucosamine Sulphate:<\/strong> un\u200c compos\u00e9 naturel pr\u00e9sent dans le corps qui aide \u00e0\u2063 maintenir \u2063la sant\u00e9 des articulations en favorisant la production de cartilage.<\/li>\n<li><strong>Chondroitin:<\/strong> un\u200c compos\u00e9 pr\u00e9sent\u2062 dans le cartilage qui aide \u00e0 \u2062maintenir sa\u200b structure et sa fonction.<\/li>\n<li><strong>MSM (m\u00e9thylsulfonylm\u00e9thane):<\/strong> un compos\u00e9 soufr\u00e9 qui peut aider \u00e0 r\u00e9duire \u200dl&#8217;inflammation et \u00e0 soulager la douleur articulaire.<\/li>\n<li><strong>Collag\u00e8ne:<\/strong> une prot\u00e9ine essentielle\u200d pour la \u2064sant\u00e9 des articulations, qui aide \u00e0 maintenir leur \u00e9lasticit\u00e9 et leur r\u00e9sistance.<\/li>\n<\/ul>\n<h2>Avantages uniques:<\/h2>\n<ul>\n<li>Formule\u200c puissante avec\u200b quatre\u200b ingr\u00e9dients cl\u00e9s \u2064pour\u2064 soutenir la sant\u00e9 des\u200b articulations.<\/li>\n<li>Contient du collag\u00e8ne pour aider \u00e0 maintenir l&#8217;\u00e9lasticit\u00e9 et\u2064 la r\u00e9sistance des articulations.<\/li>\n<li>Peut aider \u00e0 r\u00e9duire l&#8217;inflammation et \u00e0 soulager la douleur \u200carticulaire.<\/li>\n<li>Facile \u00e0 prendre avec seulement deux comprim\u00e9s par jour.<\/li>\n<li>Convient aux v\u00e9g\u00e9tariens et ne contient pas de gluten, de lactose ou de bl\u00e9.<\/li>\n<\/ul>\n<h2>Conseils \u200bd&#8217;utilisation:<\/h2>\n<p>Prenez deux \u2063comprim\u00e9s par jour\u200c avec de l&#8217;eau. Ne pas d\u00e9passer la dose\u200b recommand\u00e9e. Ce produit\u2062 n&#8217;est pas recommand\u00e9 pour les femmes enceintes ou allaitantes. Si vous prenez des m\u00e9dicaments, consultez \u200bvotre m\u00e9decin\u2062 avant \u200cde prendre ce produit.<\/p>\n<p>Conservez dans un endroit frais et sec, \u00e0 l&#8217;abri de la lumi\u00e8re directe du soleil. Tenir hors de\u2062 port\u00e9e des enfants.<\/p>\n<p>Offrez \u00e0 vos articulations le soutien dont \u2064elles ont besoin \u2063avec les comprim\u00e9s Max \u200dStrength Glucosamine Sulphate + Chondroitin &#038; MSM + Collagen\u200b de Holland &#038; Barrett. Commandez d\u00e8s maintenant et profitez d&#8217;une\u200d meilleure sant\u00e9 articulaire !<\/p>\n","protected":false},"excerpt":{"rendered":"<p>Max Strength Glucosamine\u200b Sulphate +\u2062 Chondroitin &#038; MSM + Collagen &#8211; 180 tablets Offrez \u00e0 vos articulations le soutien dont \u2063elles ont besoin \u2064avec \u2063les comprim\u00e9s Max Strength Glucosamine Sulphate + Chondroitin &#038; MSM + Collagen de Holland &#038; Barrett. Cette formule puissante combine quatre ingr\u00e9dients cl\u00e9s pour aider\u2063 \u00e0 maintenir \u2063la sant\u00e9 et la [&#8230;]\n","protected":false},"featured_media":264008,"comment_status":"open","ping_status":"open","template":"","meta":[],"product_brand":[4819],"product_cat":[5052,5084],"product_tag":[],"class_list":{"0":"post-287623","1":"product","2":"type-product","3":"status-publish","4":"has-post-thumbnail","6":"product_brand-holland-barrett-2","7":"product_cat-sante-et-bien-etre","8":"product_cat-soutien-conjoint","10":"first","11":"outofstock","12":"taxable","13":"shipping-taxable","14":"purchasable","15":"product-type-simple"},"yoast_head":"<!-- This site is optimized with the Yoast SEO Premium plugin v27.3 (Yoast SEO v27.3) - https:\/\/yoast.com\/product\/yoast-seo-premium-wordpress\/ -->\n<title>Max Force Glucosamine Sulfate + Chondro\u00eftine et MSM + Collag\u00e8ne - 180 comprim\u00e9s - ECO Supplements<\/title>\n<meta name=\"description\" content=\"Wij hebben een ruime keuze aan producten van Max Force Glucosamine Sulfate + Chondro\u00eftine et MSM + Collag\u00e8ne - 180 comprim\u00e9s . Winkel bij Eco Supplements altijd gratis verzending boven 100\u20ac\" \/>\n<meta name=\"robots\" content=\"index, follow, max-snippet:-1, max-image-preview:large, max-video-preview:-1\" \/>\n<link rel=\"canonical\" href=\"https:\/\/ecosupplements.be\/fr\/produit\/max-force-glucosamine-sulfate-chondroitine-et-msm-collagene-180-comprimes\/\" \/>\n<meta property=\"og:locale\" content=\"fr_FR\" \/>\n<meta property=\"og:type\" content=\"article\" \/>\n<meta property=\"og:title\" content=\"Max Force Glucosamine Sulfate + Chondro\u00eftine et MSM + Collag\u00e8ne - 180 comprim\u00e9s\" \/>\n<meta property=\"og:description\" content=\"Wij hebben een ruime keuze aan producten van Max Force Glucosamine Sulfate + Chondro\u00eftine et MSM + Collag\u00e8ne - 180 comprim\u00e9s . Winkel bij Eco Supplements altijd gratis verzending boven 100\u20ac\" \/>\n<meta property=\"og:url\" content=\"https:\/\/ecosupplements.be\/fr\/produit\/max-force-glucosamine-sulfate-chondroitine-et-msm-collagene-180-comprimes\/\" \/>\n<meta property=\"og:site_name\" content=\"ECO Supplements\" \/>\n<meta property=\"article:modified_time\" content=\"2025-08-27T13:26:58+00:00\" \/>\n<meta property=\"og:image\" content=\"https:\/\/ecosupplements.be\/wp-content\/uploads\/2025\/08\/Max-Strength-Glucosamine-Sulphate-Chondroitin-MSM-Collagen-180-tablets-1.jpg\" \/>\n\t<meta property=\"og:image:width\" content=\"360\" \/>\n\t<meta property=\"og:image:height\" content=\"574\" \/>\n\t<meta property=\"og:image:type\" content=\"image\/jpeg\" \/>\n<meta name=\"twitter:card\" content=\"summary_large_image\" \/>\n<meta name=\"twitter:label1\" content=\"Prix\" \/>\n\t<meta name=\"twitter:data1\" content=\"23.52&nbsp;&euro;\" \/>\n\t<meta name=\"twitter:label2\" content=\"Disponibilit\u00e9\" \/>\n\t<meta name=\"twitter:data2\" content=\"Rupture de stock\" \/>\n<script type=\"application\/ld+json\" class=\"yoast-schema-graph\">{\"@context\":\"https:\\\/\\\/schema.org\",\"@graph\":[{\"@type\":[\"WebPage\",\"ItemPage\"],\"@id\":\"https:\\\/\\\/ecosupplements.be\\\/fr\\\/produit\\\/max-force-glucosamine-sulfate-chondroitine-et-msm-collagene-180-comprimes\\\/\",\"url\":\"https:\\\/\\\/ecosupplements.be\\\/fr\\\/produit\\\/max-force-glucosamine-sulfate-chondroitine-et-msm-collagene-180-comprimes\\\/\",\"name\":\"Max Force Glucosamine Sulfate + Chondro\u00eftine et MSM + Collag\u00e8ne - 180 comprim\u00e9s - ECO Supplements\",\"isPartOf\":{\"@id\":\"https:\\\/\\\/ecosupplements.be\\\/fr\\\/#website\"},\"primaryImageOfPage\":{\"@id\":\"https:\\\/\\\/ecosupplements.be\\\/fr\\\/produit\\\/max-force-glucosamine-sulfate-chondroitine-et-msm-collagene-180-comprimes\\\/#primaryimage\"},\"image\":{\"@id\":\"https:\\\/\\\/ecosupplements.be\\\/fr\\\/produit\\\/max-force-glucosamine-sulfate-chondroitine-et-msm-collagene-180-comprimes\\\/#primaryimage\"},\"thumbnailUrl\":\"https:\\\/\\\/ecosupplements.be\\\/wp-content\\\/uploads\\\/2025\\\/08\\\/Max-Strength-Glucosamine-Sulphate-Chondroitin-MSM-Collagen-180-tablets.jpg\",\"datePublished\":\"2024-03-07T20:31:24+00:00\",\"dateModified\":\"2025-08-27T13:26:58+00:00\",\"description\":\"Wij hebben een ruime keuze aan producten van Max Force Glucosamine Sulfate + Chondro\u00eftine et MSM + Collag\u00e8ne - 180 comprim\u00e9s . Winkel bij Eco Supplements altijd gratis verzending boven 100\u20ac\",\"breadcrumb\":{\"@id\":\"https:\\\/\\\/ecosupplements.be\\\/fr\\\/produit\\\/max-force-glucosamine-sulfate-chondroitine-et-msm-collagene-180-comprimes\\\/#breadcrumb\"},\"inLanguage\":\"fr-FR\",\"potentialAction\":[{\"@type\":\"ReadAction\",\"target\":[\"https:\\\/\\\/ecosupplements.be\\\/fr\\\/produit\\\/max-force-glucosamine-sulfate-chondroitine-et-msm-collagene-180-comprimes\\\/\"]}]},{\"@type\":\"ImageObject\",\"inLanguage\":\"fr-FR\",\"@id\":\"https:\\\/\\\/ecosupplements.be\\\/fr\\\/produit\\\/max-force-glucosamine-sulfate-chondroitine-et-msm-collagene-180-comprimes\\\/#primaryimage\",\"url\":\"https:\\\/\\\/ecosupplements.be\\\/wp-content\\\/uploads\\\/2025\\\/08\\\/Max-Strength-Glucosamine-Sulphate-Chondroitin-MSM-Collagen-180-tablets.jpg\",\"contentUrl\":\"https:\\\/\\\/ecosupplements.be\\\/wp-content\\\/uploads\\\/2025\\\/08\\\/Max-Strength-Glucosamine-Sulphate-Chondroitin-MSM-Collagen-180-tablets.jpg\",\"width\":360,\"height\":574},{\"@type\":\"BreadcrumbList\",\"@id\":\"https:\\\/\\\/ecosupplements.be\\\/fr\\\/produit\\\/max-force-glucosamine-sulfate-chondroitine-et-msm-collagene-180-comprimes\\\/#breadcrumb\",\"itemListElement\":[{\"@type\":\"ListItem\",\"position\":1,\"name\":\"Home\",\"item\":\"https:\\\/\\\/ecosupplements.be\\\/fr\\\/\"},{\"@type\":\"ListItem\",\"position\":2,\"name\":\"Boutique\",\"item\":\"https:\\\/\\\/ecosupplements.be\\\/fr\\\/boutique\\\/\"},{\"@type\":\"ListItem\",\"position\":3,\"name\":\"Max Force Glucosamine Sulfate + Chondro\u00eftine et MSM + Collag\u00e8ne &#8211; 180 comprim\u00e9s\"}]},{\"@type\":\"WebSite\",\"@id\":\"https:\\\/\\\/ecosupplements.be\\\/fr\\\/#website\",\"url\":\"https:\\\/\\\/ecosupplements.be\\\/fr\\\/\",\"name\":\"ECO Supplements\",\"description\":\"Eco Supplements - Gezonde supplementen\",\"publisher\":{\"@id\":\"https:\\\/\\\/ecosupplements.be\\\/fr\\\/#organization\"},\"potentialAction\":[{\"@type\":\"SearchAction\",\"target\":{\"@type\":\"EntryPoint\",\"urlTemplate\":\"https:\\\/\\\/ecosupplements.be\\\/fr\\\/?s={search_term_string}\"},\"query-input\":{\"@type\":\"PropertyValueSpecification\",\"valueRequired\":true,\"valueName\":\"search_term_string\"}}],\"inLanguage\":\"fr-FR\"},{\"@type\":\"Organization\",\"@id\":\"https:\\\/\\\/ecosupplements.be\\\/fr\\\/#organization\",\"name\":\"Eco Supplements\",\"url\":\"https:\\\/\\\/ecosupplements.be\\\/fr\\\/\",\"logo\":{\"@type\":\"ImageObject\",\"inLanguage\":\"fr-FR\",\"@id\":\"https:\\\/\\\/ecosupplements.be\\\/fr\\\/#\\\/schema\\\/logo\\\/image\\\/\",\"url\":\"https:\\\/\\\/ecosupplements.be\\\/wp-content\\\/uploads\\\/2022\\\/06\\\/ecosupplement-family.png\",\"contentUrl\":\"https:\\\/\\\/ecosupplements.be\\\/wp-content\\\/uploads\\\/2022\\\/06\\\/ecosupplement-family.png\",\"width\":593,\"height\":374,\"caption\":\"Eco Supplements\"},\"image\":{\"@id\":\"https:\\\/\\\/ecosupplements.be\\\/fr\\\/#\\\/schema\\\/logo\\\/image\\\/\"}}]}<\/script>\n<meta property=\"product:brand\" content=\"Holland &amp; Barrett\" \/>\n<meta property=\"product:price:amount\" content=\"23.52\" \/>\n<meta property=\"product:price:currency\" content=\"EUR\" \/>\n<meta property=\"og:availability\" content=\"out of stock\" \/>\n<meta property=\"product:availability\" content=\"out of stock\" \/>\n<meta property=\"product:retailer_item_id\" content=\"5059604470141\" \/>\n<meta property=\"product:condition\" content=\"new\" \/>\n<!-- \/ Yoast SEO Premium plugin. -->","yoast_head_json":{"title":"Max Force Glucosamine Sulfate + Chondro\u00eftine et MSM + Collag\u00e8ne - 180 comprim\u00e9s - ECO Supplements","description":"Wij hebben een ruime keuze aan producten van Max Force Glucosamine Sulfate + Chondro\u00eftine et MSM + Collag\u00e8ne - 180 comprim\u00e9s . Winkel bij Eco Supplements altijd gratis verzending boven 100\u20ac","robots":{"index":"index","follow":"follow","max-snippet":"max-snippet:-1","max-image-preview":"max-image-preview:large","max-video-preview":"max-video-preview:-1"},"canonical":"https:\/\/ecosupplements.be\/fr\/produit\/max-force-glucosamine-sulfate-chondroitine-et-msm-collagene-180-comprimes\/","og_locale":"fr_FR","og_type":"article","og_title":"Max Force Glucosamine Sulfate + Chondro\u00eftine et MSM + Collag\u00e8ne - 180 comprim\u00e9s","og_description":"Wij hebben een ruime keuze aan producten van Max Force Glucosamine Sulfate + Chondro\u00eftine et MSM + Collag\u00e8ne - 180 comprim\u00e9s . Winkel bij Eco Supplements altijd gratis verzending boven 100\u20ac","og_url":"https:\/\/ecosupplements.be\/fr\/produit\/max-force-glucosamine-sulfate-chondroitine-et-msm-collagene-180-comprimes\/","og_site_name":"ECO Supplements","article_modified_time":"2025-08-27T13:26:58+00:00","og_image":[{"width":360,"height":574,"url":"https:\/\/ecosupplements.be\/wp-content\/uploads\/2025\/08\/Max-Strength-Glucosamine-Sulphate-Chondroitin-MSM-Collagen-180-tablets-1.jpg","type":"image\/jpeg"}],"twitter_card":"summary_large_image","twitter_misc":{"Prix":"23.52&nbsp;&euro;","Disponibilit\u00e9":"Rupture de stock"},"schema":{"@context":"https:\/\/schema.org","@graph":[{"@type":["WebPage","ItemPage"],"@id":"https:\/\/ecosupplements.be\/fr\/produit\/max-force-glucosamine-sulfate-chondroitine-et-msm-collagene-180-comprimes\/","url":"https:\/\/ecosupplements.be\/fr\/produit\/max-force-glucosamine-sulfate-chondroitine-et-msm-collagene-180-comprimes\/","name":"Max Force Glucosamine Sulfate + Chondro\u00eftine et MSM + Collag\u00e8ne - 180 comprim\u00e9s - ECO Supplements","isPartOf":{"@id":"https:\/\/ecosupplements.be\/fr\/#website"},"primaryImageOfPage":{"@id":"https:\/\/ecosupplements.be\/fr\/produit\/max-force-glucosamine-sulfate-chondroitine-et-msm-collagene-180-comprimes\/#primaryimage"},"image":{"@id":"https:\/\/ecosupplements.be\/fr\/produit\/max-force-glucosamine-sulfate-chondroitine-et-msm-collagene-180-comprimes\/#primaryimage"},"thumbnailUrl":"https:\/\/ecosupplements.be\/wp-content\/uploads\/2025\/08\/Max-Strength-Glucosamine-Sulphate-Chondroitin-MSM-Collagen-180-tablets.jpg","datePublished":"2024-03-07T20:31:24+00:00","dateModified":"2025-08-27T13:26:58+00:00","description":"Wij hebben een ruime keuze aan producten van Max Force Glucosamine Sulfate + Chondro\u00eftine et MSM + Collag\u00e8ne - 180 comprim\u00e9s . Winkel bij Eco Supplements altijd gratis verzending boven 100\u20ac","breadcrumb":{"@id":"https:\/\/ecosupplements.be\/fr\/produit\/max-force-glucosamine-sulfate-chondroitine-et-msm-collagene-180-comprimes\/#breadcrumb"},"inLanguage":"fr-FR","potentialAction":[{"@type":"ReadAction","target":["https:\/\/ecosupplements.be\/fr\/produit\/max-force-glucosamine-sulfate-chondroitine-et-msm-collagene-180-comprimes\/"]}]},{"@type":"ImageObject","inLanguage":"fr-FR","@id":"https:\/\/ecosupplements.be\/fr\/produit\/max-force-glucosamine-sulfate-chondroitine-et-msm-collagene-180-comprimes\/#primaryimage","url":"https:\/\/ecosupplements.be\/wp-content\/uploads\/2025\/08\/Max-Strength-Glucosamine-Sulphate-Chondroitin-MSM-Collagen-180-tablets.jpg","contentUrl":"https:\/\/ecosupplements.be\/wp-content\/uploads\/2025\/08\/Max-Strength-Glucosamine-Sulphate-Chondroitin-MSM-Collagen-180-tablets.jpg","width":360,"height":574},{"@type":"BreadcrumbList","@id":"https:\/\/ecosupplements.be\/fr\/produit\/max-force-glucosamine-sulfate-chondroitine-et-msm-collagene-180-comprimes\/#breadcrumb","itemListElement":[{"@type":"ListItem","position":1,"name":"Home","item":"https:\/\/ecosupplements.be\/fr\/"},{"@type":"ListItem","position":2,"name":"Boutique","item":"https:\/\/ecosupplements.be\/fr\/boutique\/"},{"@type":"ListItem","position":3,"name":"Max Force Glucosamine Sulfate + Chondro\u00eftine et MSM + Collag\u00e8ne &#8211; 180 comprim\u00e9s"}]},{"@type":"WebSite","@id":"https:\/\/ecosupplements.be\/fr\/#website","url":"https:\/\/ecosupplements.be\/fr\/","name":"ECO Supplements","description":"Eco Supplements - Gezonde supplementen","publisher":{"@id":"https:\/\/ecosupplements.be\/fr\/#organization"},"potentialAction":[{"@type":"SearchAction","target":{"@type":"EntryPoint","urlTemplate":"https:\/\/ecosupplements.be\/fr\/?s={search_term_string}"},"query-input":{"@type":"PropertyValueSpecification","valueRequired":true,"valueName":"search_term_string"}}],"inLanguage":"fr-FR"},{"@type":"Organization","@id":"https:\/\/ecosupplements.be\/fr\/#organization","name":"Eco Supplements","url":"https:\/\/ecosupplements.be\/fr\/","logo":{"@type":"ImageObject","inLanguage":"fr-FR","@id":"https:\/\/ecosupplements.be\/fr\/#\/schema\/logo\/image\/","url":"https:\/\/ecosupplements.be\/wp-content\/uploads\/2022\/06\/ecosupplement-family.png","contentUrl":"https:\/\/ecosupplements.be\/wp-content\/uploads\/2022\/06\/ecosupplement-family.png","width":593,"height":374,"caption":"Eco Supplements"},"image":{"@id":"https:\/\/ecosupplements.be\/fr\/#\/schema\/logo\/image\/"}}]},"product_brand":"Holland &amp; Barrett","product_price_amount":"23.52","product_price_currency":"EUR","og_availability":"out of stock","product_availability":"out of stock","product_retailer_item_id":"5059604470141","product_condition":"new"},"_links":{"self":[{"href":"https:\/\/ecosupplements.be\/fr\/wp-json\/wp\/v2\/product\/287623","targetHints":{"allow":["GET"]}}],"collection":[{"href":"https:\/\/ecosupplements.be\/fr\/wp-json\/wp\/v2\/product"}],"about":[{"href":"https:\/\/ecosupplements.be\/fr\/wp-json\/wp\/v2\/types\/product"}],"replies":[{"embeddable":true,"href":"https:\/\/ecosupplements.be\/fr\/wp-json\/wp\/v2\/comments?post=287623"}],"wp:featuredmedia":[{"embeddable":true,"href":"https:\/\/ecosupplements.be\/fr\/wp-json\/wp\/v2\/media\/264008"}],"wp:attachment":[{"href":"https:\/\/ecosupplements.be\/fr\/wp-json\/wp\/v2\/media?parent=287623"}],"wp:term":[{"taxonomy":"product_brand","embeddable":true,"href":"https:\/\/ecosupplements.be\/fr\/wp-json\/wp\/v2\/product_brand?post=287623"},{"taxonomy":"product_cat","embeddable":true,"href":"https:\/\/ecosupplements.be\/fr\/wp-json\/wp\/v2\/product_cat?post=287623"},{"taxonomy":"product_tag","embeddable":true,"href":"https:\/\/ecosupplements.be\/fr\/wp-json\/wp\/v2\/product_tag?post=287623"}],"curies":[{"name":"wp","href":"https:\/\/api.w.org\/{rel}","templated":true}]}}