{"id":287659,"date":"2023-02-08T14:29:40","date_gmt":"2023-02-08T13:29:40","guid":{"rendered":"https:\/\/ecosupplements.be\/product\/huile-de-poisson-omega-3-1000mg-240-capsules\/"},"modified":"2025-08-27T14:27:33","modified_gmt":"2025-08-27T13:27:33","slug":"huile-de-poisson-omega-3-1000mg-240-capsules","status":"publish","type":"product","link":"https:\/\/ecosupplements.be\/fr\/produit\/huile-de-poisson-omega-3-1000mg-240-capsules\/","title":{"rendered":"Huile de poisson Omega 3, 1000mg &#8211; 240 capsules"},"content":{"rendered":"<h1>Omega\u2063 3 Fish \u2063Oil, 1000mg &#8211; 240 caps<\/h1>\n<p>Obtenez votre dose quotidienne d&#8217;acides gras essentiels avec les capsules d&#8217;huile de poisson Omega 3\u2064 de Holland &#038; Barrett. Chaque capsule contient 1000mg d&#8217;huile \u200cde poisson pure, provenant de \u2064poissons sauvages de haute qualit\u00e9 p\u00each\u00e9s dans les eaux froides et pures de \u200cl&#8217;oc\u00e9an Atlantique.<\/p>\n<h2>Caract\u00e9ristiques \u2062sp\u00e9ciales:<\/h2>\n<ul>\n<li>Chaque capsule contient 1000mg\u200b d&#8217;huile de poisson pure<\/li>\n<li>Provenant de poissons sauvages de haute qualit\u00e9<\/li>\n<li>P\u00each\u00e9s dans les eaux froides et pures de l&#8217;oc\u00e9an Atlantique<\/li>\n<li>Contient des acides gras essentiels om\u00e9ga-3<\/li>\n<li>Facile \u00e0 avaler<\/li>\n<\/ul>\n<h2>Ingr\u00e9dients:<\/h2>\n<p>Huile de\u200d poisson, g\u00e9latine, glyc\u00e9rine, eau purifi\u00e9e.<\/p>\n<h2>Avantages uniques:<\/h2>\n<p>Les acides gras om\u00e9ga-3 sont essentiels pour maintenir une bonne sant\u00e9 et un\u2064 bien-\u00eatre g\u00e9n\u00e9ral. Ils \u2064aident \u00e0 \u2062maintenir un c\u0153ur en \u2062bonne sant\u00e9, \u00e0\u200b r\u00e9duire l&#8217;inflammation \u200bet \u00e0 am\u00e9liorer la \u2064fonction c\u00e9r\u00e9brale. Les capsules d&#8217;huile de poisson Omega 3 de\u2063 Holland &#038; Barrett sont une \u200bsource\u200d naturelle et pratique d&#8217;acides gras essentiels pour vous\u2064 aider \u00e0 maintenir\u2062 un mode de vie sain.<\/p>\n<h2>Principales caract\u00e9ristiques:<\/h2>\n<ul>\n<li>240\u200d capsules par bouteille<\/li>\n<li>Chaque capsule contient 1000mg d&#8217;huile de poisson \u2062pure<\/li>\n<li>Facile \u00e0 avaler<\/li>\n<li>Source\u200b naturelle d&#8217;acides gras\u200b essentiels om\u00e9ga-3<\/li>\n<li>Convient aux v\u00e9g\u00e9tariens<\/li>\n<\/ul>\n<p>Prenez soin de votre sant\u00e9 avec \u2063les capsules d&#8217;huile de poisson Omega \u20633 de Holland &#038; Barrett. Commandez d\u00e8s maintenant\u2063 et profitez\u2063 des bienfaits de ces acides gras essentiels pour une vie saine et \u00e9quilibr\u00e9e.<\/p>\n","protected":false},"excerpt":{"rendered":"<p>Omega\u2063 3 Fish \u2063Oil, 1000mg &#8211; 240 caps Obtenez votre dose quotidienne d&#8217;acides gras essentiels avec les capsules d&#8217;huile de poisson Omega 3\u2064 de Holland &#038; Barrett. Chaque capsule contient 1000mg d&#8217;huile \u200cde poisson pure, provenant de \u2064poissons sauvages de haute qualit\u00e9 p\u00each\u00e9s dans les eaux froides et pures de \u200cl&#8217;oc\u00e9an Atlantique. Caract\u00e9ristiques \u2062sp\u00e9ciales: Chaque [&#8230;]\n","protected":false},"featured_media":262283,"comment_status":"open","ping_status":"open","template":"","meta":[],"product_brand":[4819],"product_cat":[5082,5052,5053],"product_tag":[],"class_list":{"0":"post-287659","1":"product","2":"type-product","3":"status-publish","4":"has-post-thumbnail","6":"product_brand-holland-barrett-2","7":"product_cat-omegas-efa-cla-huiles","8":"product_cat-sante-et-bien-etre","9":"product_cat-vitamines-et-mineraux","11":"first","12":"instock","13":"taxable","14":"shipping-taxable","15":"purchasable","16":"product-type-simple"},"yoast_head":"<!-- This site is optimized with the Yoast SEO Premium plugin v27.3 (Yoast SEO v27.3) - https:\/\/yoast.com\/product\/yoast-seo-premium-wordpress\/ -->\n<title>Huile de poisson Omega 3, 1000mg - 240 capsules - ECO Supplements<\/title>\n<meta name=\"description\" content=\"Wij hebben een ruime keuze aan producten van Huile de poisson Omega 3, 1000mg - 240 capsules . Winkel bij Eco Supplements altijd gratis verzending boven 100\u20ac\" \/>\n<meta name=\"robots\" content=\"index, follow, max-snippet:-1, max-image-preview:large, max-video-preview:-1\" \/>\n<link rel=\"canonical\" href=\"https:\/\/ecosupplements.be\/fr\/produit\/huile-de-poisson-omega-3-1000mg-240-capsules\/\" \/>\n<meta property=\"og:locale\" content=\"fr_FR\" \/>\n<meta property=\"og:type\" content=\"article\" \/>\n<meta property=\"og:title\" content=\"Huile de poisson Omega 3, 1000mg - 240 capsules\" \/>\n<meta property=\"og:description\" content=\"Wij hebben een ruime keuze aan producten van Huile de poisson Omega 3, 1000mg - 240 capsules . Winkel bij Eco Supplements altijd gratis verzending boven 100\u20ac\" \/>\n<meta property=\"og:url\" content=\"https:\/\/ecosupplements.be\/fr\/produit\/huile-de-poisson-omega-3-1000mg-240-capsules\/\" \/>\n<meta property=\"og:site_name\" content=\"ECO Supplements\" \/>\n<meta property=\"article:modified_time\" content=\"2025-08-27T13:27:33+00:00\" \/>\n<meta property=\"og:image\" content=\"https:\/\/ecosupplements.be\/wp-content\/uploads\/2025\/08\/Omega-3-Fish-Oil-1000mg-240-caps-1.jpg\" \/>\n\t<meta property=\"og:image:width\" content=\"523\" \/>\n\t<meta property=\"og:image:height\" content=\"721\" \/>\n\t<meta property=\"og:image:type\" content=\"image\/jpeg\" \/>\n<meta name=\"twitter:card\" content=\"summary_large_image\" \/>\n<meta name=\"twitter:label1\" content=\"Prix\" \/>\n\t<meta name=\"twitter:data1\" content=\"27.18&nbsp;&euro;\" \/>\n\t<meta name=\"twitter:label2\" content=\"Disponibilit\u00e9\" \/>\n\t<meta name=\"twitter:data2\" content=\"En stock\" \/>\n<script type=\"application\/ld+json\" class=\"yoast-schema-graph\">{\"@context\":\"https:\\\/\\\/schema.org\",\"@graph\":[{\"@type\":[\"WebPage\",\"ItemPage\"],\"@id\":\"https:\\\/\\\/ecosupplements.be\\\/fr\\\/produit\\\/huile-de-poisson-omega-3-1000mg-240-capsules\\\/\",\"url\":\"https:\\\/\\\/ecosupplements.be\\\/fr\\\/produit\\\/huile-de-poisson-omega-3-1000mg-240-capsules\\\/\",\"name\":\"Huile de poisson Omega 3, 1000mg - 240 capsules - ECO Supplements\",\"isPartOf\":{\"@id\":\"https:\\\/\\\/ecosupplements.be\\\/fr\\\/#website\"},\"primaryImageOfPage\":{\"@id\":\"https:\\\/\\\/ecosupplements.be\\\/fr\\\/produit\\\/huile-de-poisson-omega-3-1000mg-240-capsules\\\/#primaryimage\"},\"image\":{\"@id\":\"https:\\\/\\\/ecosupplements.be\\\/fr\\\/produit\\\/huile-de-poisson-omega-3-1000mg-240-capsules\\\/#primaryimage\"},\"thumbnailUrl\":\"https:\\\/\\\/ecosupplements.be\\\/wp-content\\\/uploads\\\/2025\\\/08\\\/Omega-3-Fish-Oil-1000mg-240-caps.jpg\",\"datePublished\":\"2023-02-08T13:29:40+00:00\",\"dateModified\":\"2025-08-27T13:27:33+00:00\",\"description\":\"Wij hebben een ruime keuze aan producten van Huile de poisson Omega 3, 1000mg - 240 capsules . Winkel bij Eco Supplements altijd gratis verzending boven 100\u20ac\",\"breadcrumb\":{\"@id\":\"https:\\\/\\\/ecosupplements.be\\\/fr\\\/produit\\\/huile-de-poisson-omega-3-1000mg-240-capsules\\\/#breadcrumb\"},\"inLanguage\":\"fr-FR\",\"potentialAction\":[{\"@type\":\"ReadAction\",\"target\":[\"https:\\\/\\\/ecosupplements.be\\\/fr\\\/produit\\\/huile-de-poisson-omega-3-1000mg-240-capsules\\\/\"]}]},{\"@type\":\"ImageObject\",\"inLanguage\":\"fr-FR\",\"@id\":\"https:\\\/\\\/ecosupplements.be\\\/fr\\\/produit\\\/huile-de-poisson-omega-3-1000mg-240-capsules\\\/#primaryimage\",\"url\":\"https:\\\/\\\/ecosupplements.be\\\/wp-content\\\/uploads\\\/2025\\\/08\\\/Omega-3-Fish-Oil-1000mg-240-caps.jpg\",\"contentUrl\":\"https:\\\/\\\/ecosupplements.be\\\/wp-content\\\/uploads\\\/2025\\\/08\\\/Omega-3-Fish-Oil-1000mg-240-caps.jpg\",\"width\":523,\"height\":721},{\"@type\":\"BreadcrumbList\",\"@id\":\"https:\\\/\\\/ecosupplements.be\\\/fr\\\/produit\\\/huile-de-poisson-omega-3-1000mg-240-capsules\\\/#breadcrumb\",\"itemListElement\":[{\"@type\":\"ListItem\",\"position\":1,\"name\":\"Home\",\"item\":\"https:\\\/\\\/ecosupplements.be\\\/fr\\\/\"},{\"@type\":\"ListItem\",\"position\":2,\"name\":\"Boutique\",\"item\":\"https:\\\/\\\/ecosupplements.be\\\/fr\\\/boutique\\\/\"},{\"@type\":\"ListItem\",\"position\":3,\"name\":\"Huile de poisson Omega 3, 1000mg &#8211; 240 capsules\"}]},{\"@type\":\"WebSite\",\"@id\":\"https:\\\/\\\/ecosupplements.be\\\/fr\\\/#website\",\"url\":\"https:\\\/\\\/ecosupplements.be\\\/fr\\\/\",\"name\":\"ECO Supplements\",\"description\":\"Eco Supplements - Gezonde supplementen\",\"publisher\":{\"@id\":\"https:\\\/\\\/ecosupplements.be\\\/fr\\\/#organization\"},\"potentialAction\":[{\"@type\":\"SearchAction\",\"target\":{\"@type\":\"EntryPoint\",\"urlTemplate\":\"https:\\\/\\\/ecosupplements.be\\\/fr\\\/?s={search_term_string}\"},\"query-input\":{\"@type\":\"PropertyValueSpecification\",\"valueRequired\":true,\"valueName\":\"search_term_string\"}}],\"inLanguage\":\"fr-FR\"},{\"@type\":\"Organization\",\"@id\":\"https:\\\/\\\/ecosupplements.be\\\/fr\\\/#organization\",\"name\":\"Eco Supplements\",\"url\":\"https:\\\/\\\/ecosupplements.be\\\/fr\\\/\",\"logo\":{\"@type\":\"ImageObject\",\"inLanguage\":\"fr-FR\",\"@id\":\"https:\\\/\\\/ecosupplements.be\\\/fr\\\/#\\\/schema\\\/logo\\\/image\\\/\",\"url\":\"https:\\\/\\\/ecosupplements.be\\\/wp-content\\\/uploads\\\/2022\\\/06\\\/ecosupplement-family.png\",\"contentUrl\":\"https:\\\/\\\/ecosupplements.be\\\/wp-content\\\/uploads\\\/2022\\\/06\\\/ecosupplement-family.png\",\"width\":593,\"height\":374,\"caption\":\"Eco Supplements\"},\"image\":{\"@id\":\"https:\\\/\\\/ecosupplements.be\\\/fr\\\/#\\\/schema\\\/logo\\\/image\\\/\"}}]}<\/script>\n<meta property=\"product:brand\" content=\"Holland &amp; Barrett\" \/>\n<meta property=\"product:price:amount\" content=\"27.18\" \/>\n<meta property=\"product:price:currency\" content=\"EUR\" \/>\n<meta property=\"og:availability\" content=\"instock\" \/>\n<meta property=\"product:availability\" content=\"instock\" \/>\n<meta property=\"product:retailer_item_id\" content=\"5059604473081\" \/>\n<meta property=\"product:condition\" content=\"new\" \/>\n<!-- \/ Yoast SEO Premium plugin. -->","yoast_head_json":{"title":"Huile de poisson Omega 3, 1000mg - 240 capsules - ECO Supplements","description":"Wij hebben een ruime keuze aan producten van Huile de poisson Omega 3, 1000mg - 240 capsules . Winkel bij Eco Supplements altijd gratis verzending boven 100\u20ac","robots":{"index":"index","follow":"follow","max-snippet":"max-snippet:-1","max-image-preview":"max-image-preview:large","max-video-preview":"max-video-preview:-1"},"canonical":"https:\/\/ecosupplements.be\/fr\/produit\/huile-de-poisson-omega-3-1000mg-240-capsules\/","og_locale":"fr_FR","og_type":"article","og_title":"Huile de poisson Omega 3, 1000mg - 240 capsules","og_description":"Wij hebben een ruime keuze aan producten van Huile de poisson Omega 3, 1000mg - 240 capsules . Winkel bij Eco Supplements altijd gratis verzending boven 100\u20ac","og_url":"https:\/\/ecosupplements.be\/fr\/produit\/huile-de-poisson-omega-3-1000mg-240-capsules\/","og_site_name":"ECO Supplements","article_modified_time":"2025-08-27T13:27:33+00:00","og_image":[{"width":523,"height":721,"url":"https:\/\/ecosupplements.be\/wp-content\/uploads\/2025\/08\/Omega-3-Fish-Oil-1000mg-240-caps-1.jpg","type":"image\/jpeg"}],"twitter_card":"summary_large_image","twitter_misc":{"Prix":"27.18&nbsp;&euro;","Disponibilit\u00e9":"En stock"},"schema":{"@context":"https:\/\/schema.org","@graph":[{"@type":["WebPage","ItemPage"],"@id":"https:\/\/ecosupplements.be\/fr\/produit\/huile-de-poisson-omega-3-1000mg-240-capsules\/","url":"https:\/\/ecosupplements.be\/fr\/produit\/huile-de-poisson-omega-3-1000mg-240-capsules\/","name":"Huile de poisson Omega 3, 1000mg - 240 capsules - ECO Supplements","isPartOf":{"@id":"https:\/\/ecosupplements.be\/fr\/#website"},"primaryImageOfPage":{"@id":"https:\/\/ecosupplements.be\/fr\/produit\/huile-de-poisson-omega-3-1000mg-240-capsules\/#primaryimage"},"image":{"@id":"https:\/\/ecosupplements.be\/fr\/produit\/huile-de-poisson-omega-3-1000mg-240-capsules\/#primaryimage"},"thumbnailUrl":"https:\/\/ecosupplements.be\/wp-content\/uploads\/2025\/08\/Omega-3-Fish-Oil-1000mg-240-caps.jpg","datePublished":"2023-02-08T13:29:40+00:00","dateModified":"2025-08-27T13:27:33+00:00","description":"Wij hebben een ruime keuze aan producten van Huile de poisson Omega 3, 1000mg - 240 capsules . Winkel bij Eco Supplements altijd gratis verzending boven 100\u20ac","breadcrumb":{"@id":"https:\/\/ecosupplements.be\/fr\/produit\/huile-de-poisson-omega-3-1000mg-240-capsules\/#breadcrumb"},"inLanguage":"fr-FR","potentialAction":[{"@type":"ReadAction","target":["https:\/\/ecosupplements.be\/fr\/produit\/huile-de-poisson-omega-3-1000mg-240-capsules\/"]}]},{"@type":"ImageObject","inLanguage":"fr-FR","@id":"https:\/\/ecosupplements.be\/fr\/produit\/huile-de-poisson-omega-3-1000mg-240-capsules\/#primaryimage","url":"https:\/\/ecosupplements.be\/wp-content\/uploads\/2025\/08\/Omega-3-Fish-Oil-1000mg-240-caps.jpg","contentUrl":"https:\/\/ecosupplements.be\/wp-content\/uploads\/2025\/08\/Omega-3-Fish-Oil-1000mg-240-caps.jpg","width":523,"height":721},{"@type":"BreadcrumbList","@id":"https:\/\/ecosupplements.be\/fr\/produit\/huile-de-poisson-omega-3-1000mg-240-capsules\/#breadcrumb","itemListElement":[{"@type":"ListItem","position":1,"name":"Home","item":"https:\/\/ecosupplements.be\/fr\/"},{"@type":"ListItem","position":2,"name":"Boutique","item":"https:\/\/ecosupplements.be\/fr\/boutique\/"},{"@type":"ListItem","position":3,"name":"Huile de poisson Omega 3, 1000mg &#8211; 240 capsules"}]},{"@type":"WebSite","@id":"https:\/\/ecosupplements.be\/fr\/#website","url":"https:\/\/ecosupplements.be\/fr\/","name":"ECO Supplements","description":"Eco Supplements - Gezonde supplementen","publisher":{"@id":"https:\/\/ecosupplements.be\/fr\/#organization"},"potentialAction":[{"@type":"SearchAction","target":{"@type":"EntryPoint","urlTemplate":"https:\/\/ecosupplements.be\/fr\/?s={search_term_string}"},"query-input":{"@type":"PropertyValueSpecification","valueRequired":true,"valueName":"search_term_string"}}],"inLanguage":"fr-FR"},{"@type":"Organization","@id":"https:\/\/ecosupplements.be\/fr\/#organization","name":"Eco Supplements","url":"https:\/\/ecosupplements.be\/fr\/","logo":{"@type":"ImageObject","inLanguage":"fr-FR","@id":"https:\/\/ecosupplements.be\/fr\/#\/schema\/logo\/image\/","url":"https:\/\/ecosupplements.be\/wp-content\/uploads\/2022\/06\/ecosupplement-family.png","contentUrl":"https:\/\/ecosupplements.be\/wp-content\/uploads\/2022\/06\/ecosupplement-family.png","width":593,"height":374,"caption":"Eco Supplements"},"image":{"@id":"https:\/\/ecosupplements.be\/fr\/#\/schema\/logo\/image\/"}}]},"product_brand":"Holland &amp; Barrett","product_price_amount":"27.18","product_price_currency":"EUR","og_availability":"instock","product_availability":"instock","product_retailer_item_id":"5059604473081","product_condition":"new"},"_links":{"self":[{"href":"https:\/\/ecosupplements.be\/fr\/wp-json\/wp\/v2\/product\/287659","targetHints":{"allow":["GET"]}}],"collection":[{"href":"https:\/\/ecosupplements.be\/fr\/wp-json\/wp\/v2\/product"}],"about":[{"href":"https:\/\/ecosupplements.be\/fr\/wp-json\/wp\/v2\/types\/product"}],"replies":[{"embeddable":true,"href":"https:\/\/ecosupplements.be\/fr\/wp-json\/wp\/v2\/comments?post=287659"}],"wp:featuredmedia":[{"embeddable":true,"href":"https:\/\/ecosupplements.be\/fr\/wp-json\/wp\/v2\/media\/262283"}],"wp:attachment":[{"href":"https:\/\/ecosupplements.be\/fr\/wp-json\/wp\/v2\/media?parent=287659"}],"wp:term":[{"taxonomy":"product_brand","embeddable":true,"href":"https:\/\/ecosupplements.be\/fr\/wp-json\/wp\/v2\/product_brand?post=287659"},{"taxonomy":"product_cat","embeddable":true,"href":"https:\/\/ecosupplements.be\/fr\/wp-json\/wp\/v2\/product_cat?post=287659"},{"taxonomy":"product_tag","embeddable":true,"href":"https:\/\/ecosupplements.be\/fr\/wp-json\/wp\/v2\/product_tag?post=287659"}],"curies":[{"name":"wp","href":"https:\/\/api.w.org\/{rel}","templated":true}]}}