{"id":287704,"date":"2023-01-13T12:32:44","date_gmt":"2023-01-13T11:32:44","guid":{"rendered":"https:\/\/ecosupplements.be\/product\/vitamine-b3-100mg-120-comprimes\/"},"modified":"2025-08-27T14:28:20","modified_gmt":"2025-08-27T13:28:20","slug":"vitamine-b3-100mg-120-comprimes","status":"publish","type":"product","link":"https:\/\/ecosupplements.be\/fr\/produit\/vitamine-b3-100mg-120-comprimes\/","title":{"rendered":"Vitamine B3, 100mg &#8211; 120 comprim\u00e9s"},"content":{"rendered":"<h1>Vit B3, 100mg \u2064- 120 tabs<\/h1>\n<p>Obtenez votre dose quotidienne de vitamine B3 avec ces comprim\u00e9s pratiques de 100mg. Fabriqu\u00e9s \u2064par la \u2062marque r\u00e9put\u00e9e\u2064 Holland &#038; Barrett, ces\u2062 comprim\u00e9s sont un moyen facile et efficace de maintenir un niveau ad\u00e9quat de vitamine B3 dans votre \u2064corps.<\/p>\n<h2>Caract\u00e9ristiques sp\u00e9ciales:<\/h2>\n<ul>\n<li>Chaque comprim\u00e9 contient 100mg de vitamine B3<\/li>\n<li>120 comprim\u00e9s par bouteille, pour un approvisionnement de\u2062 4 mois<\/li>\n<li>Fabriqu\u00e9 par la marque r\u00e9put\u00e9e Holland &#038; Barrett<\/li>\n<li>Convient aux v\u00e9g\u00e9tariens et v\u00e9g\u00e9taliens<\/li>\n<\/ul>\n<h2>Ingr\u00e9dients:<\/h2>\n<p>Chaque comprim\u00e9 contient 100mg de vitamine B3 (niacinamide). Les autres \u200cingr\u00e9dients comprennent le \u200bphosphate dicalcique, la cellulose microcristalline, l&#8217;acide \u200dst\u00e9arique v\u00e9g\u00e9tal, le st\u00e9arate de magn\u00e9sium\u2064 v\u00e9g\u00e9tal\u2064 et \u2064le dioxyde de silicium.<\/p>\n<h2>Avantages \u2062uniques:<\/h2>\n<p>La vitamine B3, \u00e9galement connue sous le nom de niacine, est un nutriment essentiel pour le\u200d bon fonctionnement de notre corps. Elle joue un r\u00f4le \u200bimportant dans la production d&#8217;\u00e9nergie, la sant\u00e9 de la peau, la digestion et la sant\u00e9 mentale. Les comprim\u00e9s de vitamine B3 de Holland\u200c &#038; Barrett sont une excellente source \u200dde cette vitamine\u200c importante, vous aidant \u00e0 maintenir\u2063 un mode de vie \u200csain et \u200cactif.<\/p>\n<h2>Principales caract\u00e9ristiques:<\/h2>\n<ul>\n<li>Contribue \u00e0 la production d&#8217;\u00e9nergie<\/li>\n<li>Contribue \u200d\u00e0 \u2064la sant\u00e9 de la peau<\/li>\n<li>Aide \u00e0 maintenir \u2064une digestion saine<\/li>\n<li>Peut am\u00e9liorer la sant\u00e9 mentale<\/li>\n<li>Convient aux \u200dv\u00e9g\u00e9tariens et v\u00e9g\u00e9taliens<\/li>\n<\/ul>\n<p>Prenez un comprim\u00e9 par jour avec de l&#8217;eau, de\u2063 pr\u00e9f\u00e9rence pendant un repas. Ne pas d\u00e9passer la\u2063 dose \u200drecommand\u00e9e.\u2064 Conservez dans un endroit frais et sec, \u00e0 l&#8217;abri de la \u200blumi\u00e8re directe du soleil. Tenir hors de port\u00e9e des enfants.<\/p>\n<p>Obtenez votre dose quotidienne de vitamine B3 avec ces comprim\u00e9s pratiques de 100mg de\u2062 Holland &#038; Barrett. Commandez d\u00e8s\u200d maintenant et profitez des bienfaits de cette vitamine\u2064 essentielle pour votre\u200d sant\u00e9 et votre bien-\u00eatre.<\/p>\n","protected":false},"excerpt":{"rendered":"<p>Vit B3, 100mg \u2064- 120 tabs Obtenez votre dose quotidienne de vitamine B3 avec ces comprim\u00e9s pratiques de 100mg. Fabriqu\u00e9s \u2064par la \u2062marque r\u00e9put\u00e9e\u2064 Holland &#038; Barrett, ces\u2062 comprim\u00e9s sont un moyen facile et efficace de maintenir un niveau ad\u00e9quat de vitamine B3 dans votre \u2064corps. Caract\u00e9ristiques sp\u00e9ciales: Chaque comprim\u00e9 contient 100mg de vitamine B3 [&#8230;]\n","protected":false},"featured_media":261426,"comment_status":"open","ping_status":"open","template":"","meta":[],"product_brand":[4819],"product_cat":[5052,5053],"product_tag":[],"class_list":{"0":"post-287704","1":"product","2":"type-product","3":"status-publish","4":"has-post-thumbnail","6":"product_brand-holland-barrett-2","7":"product_cat-sante-et-bien-etre","8":"product_cat-vitamines-et-mineraux","10":"first","11":"instock","12":"sale","13":"taxable","14":"shipping-taxable","15":"purchasable","16":"product-type-simple"},"yoast_head":"<!-- This site is optimized with the Yoast SEO Premium plugin v27.3 (Yoast SEO v27.3) - https:\/\/yoast.com\/product\/yoast-seo-premium-wordpress\/ -->\n<title>Vitamine B3, 100mg - 120 comprim\u00e9s - ECO Supplements<\/title>\n<meta name=\"description\" content=\"Wij hebben een ruime keuze aan producten van Vitamine B3, 100mg - 120 comprim\u00e9s . Winkel bij Eco Supplements altijd gratis verzending boven 100\u20ac\" \/>\n<meta name=\"robots\" content=\"index, follow, max-snippet:-1, max-image-preview:large, max-video-preview:-1\" \/>\n<link rel=\"canonical\" href=\"https:\/\/ecosupplements.be\/fr\/produit\/vitamine-b3-100mg-120-comprimes\/\" \/>\n<meta property=\"og:locale\" content=\"fr_FR\" \/>\n<meta property=\"og:type\" content=\"article\" \/>\n<meta property=\"og:title\" content=\"Vitamine B3, 100mg - 120 comprim\u00e9s\" \/>\n<meta property=\"og:description\" content=\"Wij hebben een ruime keuze aan producten van Vitamine B3, 100mg - 120 comprim\u00e9s . Winkel bij Eco Supplements altijd gratis verzending boven 100\u20ac\" \/>\n<meta property=\"og:url\" content=\"https:\/\/ecosupplements.be\/fr\/produit\/vitamine-b3-100mg-120-comprimes\/\" \/>\n<meta property=\"og:site_name\" content=\"ECO Supplements\" \/>\n<meta property=\"article:modified_time\" content=\"2025-08-27T13:28:20+00:00\" \/>\n<meta property=\"og:image\" content=\"https:\/\/ecosupplements.be\/wp-content\/uploads\/2025\/08\/Vit-B3-100mg-120-tabs.jpg\" \/>\n\t<meta property=\"og:image:width\" content=\"724\" \/>\n\t<meta property=\"og:image:height\" content=\"724\" \/>\n\t<meta property=\"og:image:type\" content=\"image\/jpeg\" \/>\n<meta name=\"twitter:card\" content=\"summary_large_image\" \/>\n<meta name=\"twitter:label1\" content=\"Prix\" \/>\n\t<meta name=\"twitter:data1\" content=\"2.55&nbsp;&euro;\" \/>\n\t<meta name=\"twitter:label2\" content=\"Disponibilit\u00e9\" \/>\n\t<meta name=\"twitter:data2\" content=\"En stock\" \/>\n<script type=\"application\/ld+json\" class=\"yoast-schema-graph\">{\"@context\":\"https:\\\/\\\/schema.org\",\"@graph\":[{\"@type\":[\"WebPage\",\"ItemPage\"],\"@id\":\"https:\\\/\\\/ecosupplements.be\\\/fr\\\/produit\\\/vitamine-b3-100mg-120-comprimes\\\/\",\"url\":\"https:\\\/\\\/ecosupplements.be\\\/fr\\\/produit\\\/vitamine-b3-100mg-120-comprimes\\\/\",\"name\":\"Vitamine B3, 100mg - 120 comprim\u00e9s - ECO Supplements\",\"isPartOf\":{\"@id\":\"https:\\\/\\\/ecosupplements.be\\\/fr\\\/#website\"},\"primaryImageOfPage\":{\"@id\":\"https:\\\/\\\/ecosupplements.be\\\/fr\\\/produit\\\/vitamine-b3-100mg-120-comprimes\\\/#primaryimage\"},\"image\":{\"@id\":\"https:\\\/\\\/ecosupplements.be\\\/fr\\\/produit\\\/vitamine-b3-100mg-120-comprimes\\\/#primaryimage\"},\"thumbnailUrl\":\"https:\\\/\\\/ecosupplements.be\\\/wp-content\\\/uploads\\\/2025\\\/08\\\/Vit-B3-100mg-120-tabs-EAN-5059604602917.jpg\",\"datePublished\":\"2023-01-13T11:32:44+00:00\",\"dateModified\":\"2025-08-27T13:28:20+00:00\",\"description\":\"Wij hebben een ruime keuze aan producten van Vitamine B3, 100mg - 120 comprim\u00e9s . Winkel bij Eco Supplements altijd gratis verzending boven 100\u20ac\",\"breadcrumb\":{\"@id\":\"https:\\\/\\\/ecosupplements.be\\\/fr\\\/produit\\\/vitamine-b3-100mg-120-comprimes\\\/#breadcrumb\"},\"inLanguage\":\"fr-FR\",\"potentialAction\":[{\"@type\":\"ReadAction\",\"target\":[\"https:\\\/\\\/ecosupplements.be\\\/fr\\\/produit\\\/vitamine-b3-100mg-120-comprimes\\\/\"]}]},{\"@type\":\"ImageObject\",\"inLanguage\":\"fr-FR\",\"@id\":\"https:\\\/\\\/ecosupplements.be\\\/fr\\\/produit\\\/vitamine-b3-100mg-120-comprimes\\\/#primaryimage\",\"url\":\"https:\\\/\\\/ecosupplements.be\\\/wp-content\\\/uploads\\\/2025\\\/08\\\/Vit-B3-100mg-120-tabs-EAN-5059604602917.jpg\",\"contentUrl\":\"https:\\\/\\\/ecosupplements.be\\\/wp-content\\\/uploads\\\/2025\\\/08\\\/Vit-B3-100mg-120-tabs-EAN-5059604602917.jpg\",\"width\":724,\"height\":724},{\"@type\":\"BreadcrumbList\",\"@id\":\"https:\\\/\\\/ecosupplements.be\\\/fr\\\/produit\\\/vitamine-b3-100mg-120-comprimes\\\/#breadcrumb\",\"itemListElement\":[{\"@type\":\"ListItem\",\"position\":1,\"name\":\"Home\",\"item\":\"https:\\\/\\\/ecosupplements.be\\\/fr\\\/\"},{\"@type\":\"ListItem\",\"position\":2,\"name\":\"Boutique\",\"item\":\"https:\\\/\\\/ecosupplements.be\\\/fr\\\/boutique\\\/\"},{\"@type\":\"ListItem\",\"position\":3,\"name\":\"Vitamine B3, 100mg &#8211; 120 comprim\u00e9s\"}]},{\"@type\":\"WebSite\",\"@id\":\"https:\\\/\\\/ecosupplements.be\\\/fr\\\/#website\",\"url\":\"https:\\\/\\\/ecosupplements.be\\\/fr\\\/\",\"name\":\"ECO Supplements\",\"description\":\"Eco Supplements - Gezonde supplementen\",\"publisher\":{\"@id\":\"https:\\\/\\\/ecosupplements.be\\\/fr\\\/#organization\"},\"potentialAction\":[{\"@type\":\"SearchAction\",\"target\":{\"@type\":\"EntryPoint\",\"urlTemplate\":\"https:\\\/\\\/ecosupplements.be\\\/fr\\\/?s={search_term_string}\"},\"query-input\":{\"@type\":\"PropertyValueSpecification\",\"valueRequired\":true,\"valueName\":\"search_term_string\"}}],\"inLanguage\":\"fr-FR\"},{\"@type\":\"Organization\",\"@id\":\"https:\\\/\\\/ecosupplements.be\\\/fr\\\/#organization\",\"name\":\"Eco Supplements\",\"url\":\"https:\\\/\\\/ecosupplements.be\\\/fr\\\/\",\"logo\":{\"@type\":\"ImageObject\",\"inLanguage\":\"fr-FR\",\"@id\":\"https:\\\/\\\/ecosupplements.be\\\/fr\\\/#\\\/schema\\\/logo\\\/image\\\/\",\"url\":\"https:\\\/\\\/ecosupplements.be\\\/wp-content\\\/uploads\\\/2022\\\/06\\\/ecosupplement-family.png\",\"contentUrl\":\"https:\\\/\\\/ecosupplements.be\\\/wp-content\\\/uploads\\\/2022\\\/06\\\/ecosupplement-family.png\",\"width\":593,\"height\":374,\"caption\":\"Eco Supplements\"},\"image\":{\"@id\":\"https:\\\/\\\/ecosupplements.be\\\/fr\\\/#\\\/schema\\\/logo\\\/image\\\/\"}}]}<\/script>\n<meta property=\"product:brand\" content=\"Holland &amp; Barrett\" \/>\n<meta property=\"product:price:amount\" content=\"2.55\" \/>\n<meta property=\"product:price:currency\" content=\"EUR\" \/>\n<meta property=\"og:availability\" content=\"instock\" \/>\n<meta property=\"product:availability\" content=\"instock\" \/>\n<meta property=\"product:retailer_item_id\" content=\"5059604602917\" \/>\n<meta property=\"product:condition\" content=\"new\" \/>\n<!-- \/ Yoast SEO Premium plugin. -->","yoast_head_json":{"title":"Vitamine B3, 100mg - 120 comprim\u00e9s - ECO Supplements","description":"Wij hebben een ruime keuze aan producten van Vitamine B3, 100mg - 120 comprim\u00e9s . Winkel bij Eco Supplements altijd gratis verzending boven 100\u20ac","robots":{"index":"index","follow":"follow","max-snippet":"max-snippet:-1","max-image-preview":"max-image-preview:large","max-video-preview":"max-video-preview:-1"},"canonical":"https:\/\/ecosupplements.be\/fr\/produit\/vitamine-b3-100mg-120-comprimes\/","og_locale":"fr_FR","og_type":"article","og_title":"Vitamine B3, 100mg - 120 comprim\u00e9s","og_description":"Wij hebben een ruime keuze aan producten van Vitamine B3, 100mg - 120 comprim\u00e9s . Winkel bij Eco Supplements altijd gratis verzending boven 100\u20ac","og_url":"https:\/\/ecosupplements.be\/fr\/produit\/vitamine-b3-100mg-120-comprimes\/","og_site_name":"ECO Supplements","article_modified_time":"2025-08-27T13:28:20+00:00","og_image":[{"width":724,"height":724,"url":"https:\/\/ecosupplements.be\/wp-content\/uploads\/2025\/08\/Vit-B3-100mg-120-tabs.jpg","type":"image\/jpeg"}],"twitter_card":"summary_large_image","twitter_misc":{"Prix":"2.55&nbsp;&euro;","Disponibilit\u00e9":"En stock"},"schema":{"@context":"https:\/\/schema.org","@graph":[{"@type":["WebPage","ItemPage"],"@id":"https:\/\/ecosupplements.be\/fr\/produit\/vitamine-b3-100mg-120-comprimes\/","url":"https:\/\/ecosupplements.be\/fr\/produit\/vitamine-b3-100mg-120-comprimes\/","name":"Vitamine B3, 100mg - 120 comprim\u00e9s - ECO Supplements","isPartOf":{"@id":"https:\/\/ecosupplements.be\/fr\/#website"},"primaryImageOfPage":{"@id":"https:\/\/ecosupplements.be\/fr\/produit\/vitamine-b3-100mg-120-comprimes\/#primaryimage"},"image":{"@id":"https:\/\/ecosupplements.be\/fr\/produit\/vitamine-b3-100mg-120-comprimes\/#primaryimage"},"thumbnailUrl":"https:\/\/ecosupplements.be\/wp-content\/uploads\/2025\/08\/Vit-B3-100mg-120-tabs-EAN-5059604602917.jpg","datePublished":"2023-01-13T11:32:44+00:00","dateModified":"2025-08-27T13:28:20+00:00","description":"Wij hebben een ruime keuze aan producten van Vitamine B3, 100mg - 120 comprim\u00e9s . Winkel bij Eco Supplements altijd gratis verzending boven 100\u20ac","breadcrumb":{"@id":"https:\/\/ecosupplements.be\/fr\/produit\/vitamine-b3-100mg-120-comprimes\/#breadcrumb"},"inLanguage":"fr-FR","potentialAction":[{"@type":"ReadAction","target":["https:\/\/ecosupplements.be\/fr\/produit\/vitamine-b3-100mg-120-comprimes\/"]}]},{"@type":"ImageObject","inLanguage":"fr-FR","@id":"https:\/\/ecosupplements.be\/fr\/produit\/vitamine-b3-100mg-120-comprimes\/#primaryimage","url":"https:\/\/ecosupplements.be\/wp-content\/uploads\/2025\/08\/Vit-B3-100mg-120-tabs-EAN-5059604602917.jpg","contentUrl":"https:\/\/ecosupplements.be\/wp-content\/uploads\/2025\/08\/Vit-B3-100mg-120-tabs-EAN-5059604602917.jpg","width":724,"height":724},{"@type":"BreadcrumbList","@id":"https:\/\/ecosupplements.be\/fr\/produit\/vitamine-b3-100mg-120-comprimes\/#breadcrumb","itemListElement":[{"@type":"ListItem","position":1,"name":"Home","item":"https:\/\/ecosupplements.be\/fr\/"},{"@type":"ListItem","position":2,"name":"Boutique","item":"https:\/\/ecosupplements.be\/fr\/boutique\/"},{"@type":"ListItem","position":3,"name":"Vitamine B3, 100mg &#8211; 120 comprim\u00e9s"}]},{"@type":"WebSite","@id":"https:\/\/ecosupplements.be\/fr\/#website","url":"https:\/\/ecosupplements.be\/fr\/","name":"ECO Supplements","description":"Eco Supplements - Gezonde supplementen","publisher":{"@id":"https:\/\/ecosupplements.be\/fr\/#organization"},"potentialAction":[{"@type":"SearchAction","target":{"@type":"EntryPoint","urlTemplate":"https:\/\/ecosupplements.be\/fr\/?s={search_term_string}"},"query-input":{"@type":"PropertyValueSpecification","valueRequired":true,"valueName":"search_term_string"}}],"inLanguage":"fr-FR"},{"@type":"Organization","@id":"https:\/\/ecosupplements.be\/fr\/#organization","name":"Eco Supplements","url":"https:\/\/ecosupplements.be\/fr\/","logo":{"@type":"ImageObject","inLanguage":"fr-FR","@id":"https:\/\/ecosupplements.be\/fr\/#\/schema\/logo\/image\/","url":"https:\/\/ecosupplements.be\/wp-content\/uploads\/2022\/06\/ecosupplement-family.png","contentUrl":"https:\/\/ecosupplements.be\/wp-content\/uploads\/2022\/06\/ecosupplement-family.png","width":593,"height":374,"caption":"Eco Supplements"},"image":{"@id":"https:\/\/ecosupplements.be\/fr\/#\/schema\/logo\/image\/"}}]},"product_brand":"Holland &amp; Barrett","product_price_amount":"2.55","product_price_currency":"EUR","og_availability":"instock","product_availability":"instock","product_retailer_item_id":"5059604602917","product_condition":"new"},"_links":{"self":[{"href":"https:\/\/ecosupplements.be\/fr\/wp-json\/wp\/v2\/product\/287704","targetHints":{"allow":["GET"]}}],"collection":[{"href":"https:\/\/ecosupplements.be\/fr\/wp-json\/wp\/v2\/product"}],"about":[{"href":"https:\/\/ecosupplements.be\/fr\/wp-json\/wp\/v2\/types\/product"}],"replies":[{"embeddable":true,"href":"https:\/\/ecosupplements.be\/fr\/wp-json\/wp\/v2\/comments?post=287704"}],"wp:featuredmedia":[{"embeddable":true,"href":"https:\/\/ecosupplements.be\/fr\/wp-json\/wp\/v2\/media\/261426"}],"wp:attachment":[{"href":"https:\/\/ecosupplements.be\/fr\/wp-json\/wp\/v2\/media?parent=287704"}],"wp:term":[{"taxonomy":"product_brand","embeddable":true,"href":"https:\/\/ecosupplements.be\/fr\/wp-json\/wp\/v2\/product_brand?post=287704"},{"taxonomy":"product_cat","embeddable":true,"href":"https:\/\/ecosupplements.be\/fr\/wp-json\/wp\/v2\/product_cat?post=287704"},{"taxonomy":"product_tag","embeddable":true,"href":"https:\/\/ecosupplements.be\/fr\/wp-json\/wp\/v2\/product_tag?post=287704"}],"curies":[{"name":"wp","href":"https:\/\/api.w.org\/{rel}","templated":true}]}}