{"id":287788,"date":"2024-03-07T23:20:27","date_gmt":"2024-03-07T22:20:27","guid":{"rendered":"https:\/\/ecosupplements.be\/product\/n-acetyl-cysteine-500mg-60-gelules-vegetales\/"},"modified":"2025-08-27T14:29:53","modified_gmt":"2025-08-27T13:29:53","slug":"n-acetyl-cysteine-500mg-60-gelules-vegetales","status":"publish","type":"product","link":"https:\/\/ecosupplements.be\/fr\/produit\/n-acetyl-cysteine-500mg-60-gelules-vegetales\/","title":{"rendered":"N-Ac\u00e9tyl-Cyst\u00e9ine, 500mg &#8211; 60 g\u00e9lules v\u00e9g\u00e9tales"},"content":{"rendered":"<h1>N-A-C, 500mg &#8211; 60 vcaps<\/h1>\n<p>Le N-A-C, 500mg &#8211; 60 vcaps de Jarrow Formulas est un compl\u00e9ment \u2063alimentaire de haute qualit\u00e9 qui fournit une dose puissante de N-ac\u00e9tylcyst\u00e9ine (NAC) pour soutenir la \u200dsant\u00e9 globale et le bien-\u00eatre. \u2063Chaque capsule v\u00e9g\u00e9tale contient 500mg de NAC pur, un acide amin\u00e9 naturellement pr\u00e9sent dans\u2063 le corps et un pr\u00e9curseur de la glutathion, un antioxydant essentiel pour la d\u00e9toxification et la\u200b sant\u00e9 cellulaire.<\/p>\n<h2>Ingr\u00e9dients cl\u00e9s<\/h2>\n<ul>\n<li>N-ac\u00e9tylcyst\u00e9ine \u2063(NAC) &#8211; 500mg<\/li>\n<li>Cellulose v\u00e9g\u00e9tale\u200b (capsule)<\/li>\n<li>St\u00e9arate\u200b de magn\u00e9sium (source v\u00e9g\u00e9tale)<\/li>\n<li>Silice<\/li>\n<\/ul>\n<p>Ce produit ne contient pas de\u200c bl\u00e9, de gluten, de \u200csoja, de produits laitiers,\u2063 d&#8217;\u0153ufs, de poisson \/ crustac\u00e9s \/ mollusques ou \u200cd&#8217;arachides \/ noix.<\/p>\n<h2>Avantages uniques<\/h2>\n<p>Le N-A-C, 500mg &#8211; 60 vcaps \u200bde Jarrow Formulas est un compl\u00e9ment\u200b alimentaire de haute qualit\u00e9 qui\u2062 offre de nombreux avantages pour la sant\u00e9, notamment :<\/p>\n<ul>\n<li>Soutien antioxydant &#8211; \u2063Le NAC est un pr\u00e9curseur de la\u200c glutathion, \u2062un\u2064 antioxydant puissant qui aide \u00e0 prot\u00e9ger les cellules \u2062contre les \u2063dommages caus\u00e9s par les \u2064radicaux libres.<\/li>\n<li>D\u00e9toxification \u200c- Le NAC \u200dest \u00e9galement \u2063connu pour ses propri\u00e9t\u00e9s de d\u00e9toxification,\u2064 aidant \u00e0 \u00e9liminer \u2063les toxines et les \u200bm\u00e9taux lourds du \u200bcorps.<\/li>\n<li>Soutien\u2063 immunitaire &#8211; Le NAC peut aider \u00e0 renforcer le syst\u00e8me immunitaire en augmentant \u2062les \u2064niveaux\u2062 de \u200bglutathion, qui joue un r\u00f4le important dans\u2063 la fonction immunitaire.<\/li>\n<li>Soutien respiratoire &#8211; Le NAC peut aider \u00e0 soulager les sympt\u00f4mes\u200b respiratoires en favorisant la production de mucus et \u2064en r\u00e9duisant l&#8217;inflammation dans les voies respiratoires.<\/li>\n<\/ul>\n<h2>Utilisation sugg\u00e9r\u00e9e<\/h2>\n<p>Prenez\u2064 1 capsule \u200bpar jour avec de l&#8217;eau ou selon les directives d&#8217;un professionnel\u2064 de la sant\u00e9 qualifi\u00e9.<\/p>\n<p>Le\u2063 N-A-C, 500mg &#8211; \u206460 vcaps de Jarrow\u200b Formulas \u200dest un compl\u00e9ment alimentaire de haute qualit\u00e9 qui\u2063 peut \u00eatre utilis\u00e9 par les adultes en \u2064bonne sant\u00e9 pour soutenir leur sant\u00e9 globale\u2062 et\u2063 leur \u200cbien-\u00eatre. \u200bIl est \u00e9galement id\u00e9al pour les personnes souhaitant renforcer leur \u200csyst\u00e8me immunitaire, d\u00e9toxifier leur corps ou \u2064soulager les sympt\u00f4mes respiratoires.<\/p>\n<p>Ne \u2064pas\u2062 d\u00e9passer la dose recommand\u00e9e.\u200d Consultez un professionnel de la \u200dsant\u00e9 avant de prendre ce produit si vous \u200d\u00eates\u200d enceinte, allaitez, prenez des \u2064m\u00e9dicaments ou si vous avez un probl\u00e8me\u200c de\u2063 sant\u00e9. Tenir\u2064 hors de port\u00e9e des\u200d enfants.<\/p>\n<p>Commandez d\u00e8s maintenant le N-A-C,\u2062 500mg &#8211; 60 vcaps de Jarrow Formulas et profitez des nombreux avantages pour la \u2063sant\u00e9\u2063 qu&#8217;il \u200coffre !<\/p>\n","protected":false},"excerpt":{"rendered":"<p>N-A-C, 500mg &#8211; 60 vcaps Le N-A-C, 500mg &#8211; 60 vcaps de Jarrow Formulas est un compl\u00e9ment \u2063alimentaire de haute qualit\u00e9 qui fournit une dose puissante de N-ac\u00e9tylcyst\u00e9ine (NAC) pour soutenir la \u200dsant\u00e9 globale et le bien-\u00eatre. \u2063Chaque capsule v\u00e9g\u00e9tale contient 500mg de NAC pur, un acide amin\u00e9 naturellement pr\u00e9sent dans\u2063 le corps et un [&#8230;]\n","protected":false},"featured_media":264062,"comment_status":"open","ping_status":"open","template":"","meta":[],"product_brand":[4717],"product_cat":[5067,5052,5153],"product_tag":[],"class_list":{"0":"post-287788","1":"product","2":"type-product","3":"status-publish","4":"has-post-thumbnail","6":"product_brand-jarrow-formulas-2","7":"product_cat-acides-amines-et-bcaa","8":"product_cat-sante-et-bien-etre","9":"product_cat-soutien-du-foie","11":"first","12":"instock","13":"taxable","14":"shipping-taxable","15":"purchasable","16":"product-type-simple"},"yoast_head":"<!-- This site is optimized with the Yoast SEO Premium plugin v27.3 (Yoast SEO v27.3) - https:\/\/yoast.com\/product\/yoast-seo-premium-wordpress\/ -->\n<title>N-Ac\u00e9tyl-Cyst\u00e9ine, 500mg - 60 g\u00e9lules v\u00e9g\u00e9tales - ECO Supplements<\/title>\n<meta name=\"description\" content=\"Wij hebben een ruime keuze aan producten van N-Ac\u00e9tyl-Cyst\u00e9ine, 500mg - 60 g\u00e9lules v\u00e9g\u00e9tales . Winkel bij Eco Supplements altijd gratis verzending boven 100\u20ac\" \/>\n<meta name=\"robots\" content=\"index, follow, max-snippet:-1, max-image-preview:large, max-video-preview:-1\" \/>\n<link rel=\"canonical\" href=\"https:\/\/ecosupplements.be\/fr\/produit\/n-acetyl-cysteine-500mg-60-gelules-vegetales\/\" \/>\n<meta property=\"og:locale\" content=\"fr_FR\" \/>\n<meta property=\"og:type\" content=\"article\" \/>\n<meta property=\"og:title\" content=\"N-Ac\u00e9tyl-Cyst\u00e9ine, 500mg - 60 g\u00e9lules v\u00e9g\u00e9tales\" \/>\n<meta property=\"og:description\" content=\"Wij hebben een ruime keuze aan producten van N-Ac\u00e9tyl-Cyst\u00e9ine, 500mg - 60 g\u00e9lules v\u00e9g\u00e9tales . Winkel bij Eco Supplements altijd gratis verzending boven 100\u20ac\" \/>\n<meta property=\"og:url\" content=\"https:\/\/ecosupplements.be\/fr\/produit\/n-acetyl-cysteine-500mg-60-gelules-vegetales\/\" \/>\n<meta property=\"og:site_name\" content=\"ECO Supplements\" \/>\n<meta property=\"article:modified_time\" content=\"2025-08-27T13:29:53+00:00\" \/>\n<meta property=\"og:image\" content=\"https:\/\/ecosupplements.be\/wp-content\/uploads\/2025\/08\/N-A-C-500mg-60-vcaps-1.jpg\" \/>\n\t<meta property=\"og:image:width\" content=\"324\" \/>\n\t<meta property=\"og:image:height\" content=\"600\" \/>\n\t<meta property=\"og:image:type\" content=\"image\/jpeg\" \/>\n<meta name=\"twitter:card\" content=\"summary_large_image\" \/>\n<meta name=\"twitter:label1\" content=\"Prix\" \/>\n\t<meta name=\"twitter:data1\" content=\"15.26&nbsp;&euro;\" \/>\n\t<meta name=\"twitter:label2\" content=\"Disponibilit\u00e9\" \/>\n\t<meta name=\"twitter:data2\" content=\"En stock\" \/>\n<script type=\"application\/ld+json\" class=\"yoast-schema-graph\">{\"@context\":\"https:\\\/\\\/schema.org\",\"@graph\":[{\"@type\":[\"WebPage\",\"ItemPage\"],\"@id\":\"https:\\\/\\\/ecosupplements.be\\\/fr\\\/produit\\\/n-acetyl-cysteine-500mg-60-gelules-vegetales\\\/\",\"url\":\"https:\\\/\\\/ecosupplements.be\\\/fr\\\/produit\\\/n-acetyl-cysteine-500mg-60-gelules-vegetales\\\/\",\"name\":\"N-Ac\u00e9tyl-Cyst\u00e9ine, 500mg - 60 g\u00e9lules v\u00e9g\u00e9tales - ECO Supplements\",\"isPartOf\":{\"@id\":\"https:\\\/\\\/ecosupplements.be\\\/fr\\\/#website\"},\"primaryImageOfPage\":{\"@id\":\"https:\\\/\\\/ecosupplements.be\\\/fr\\\/produit\\\/n-acetyl-cysteine-500mg-60-gelules-vegetales\\\/#primaryimage\"},\"image\":{\"@id\":\"https:\\\/\\\/ecosupplements.be\\\/fr\\\/produit\\\/n-acetyl-cysteine-500mg-60-gelules-vegetales\\\/#primaryimage\"},\"thumbnailUrl\":\"https:\\\/\\\/ecosupplements.be\\\/wp-content\\\/uploads\\\/2025\\\/08\\\/N-A-C-500mg-60-vcaps.jpg\",\"datePublished\":\"2024-03-07T22:20:27+00:00\",\"dateModified\":\"2025-08-27T13:29:53+00:00\",\"description\":\"Wij hebben een ruime keuze aan producten van N-Ac\u00e9tyl-Cyst\u00e9ine, 500mg - 60 g\u00e9lules v\u00e9g\u00e9tales . Winkel bij Eco Supplements altijd gratis verzending boven 100\u20ac\",\"breadcrumb\":{\"@id\":\"https:\\\/\\\/ecosupplements.be\\\/fr\\\/produit\\\/n-acetyl-cysteine-500mg-60-gelules-vegetales\\\/#breadcrumb\"},\"inLanguage\":\"fr-FR\",\"potentialAction\":[{\"@type\":\"ReadAction\",\"target\":[\"https:\\\/\\\/ecosupplements.be\\\/fr\\\/produit\\\/n-acetyl-cysteine-500mg-60-gelules-vegetales\\\/\"]}]},{\"@type\":\"ImageObject\",\"inLanguage\":\"fr-FR\",\"@id\":\"https:\\\/\\\/ecosupplements.be\\\/fr\\\/produit\\\/n-acetyl-cysteine-500mg-60-gelules-vegetales\\\/#primaryimage\",\"url\":\"https:\\\/\\\/ecosupplements.be\\\/wp-content\\\/uploads\\\/2025\\\/08\\\/N-A-C-500mg-60-vcaps.jpg\",\"contentUrl\":\"https:\\\/\\\/ecosupplements.be\\\/wp-content\\\/uploads\\\/2025\\\/08\\\/N-A-C-500mg-60-vcaps.jpg\",\"width\":324,\"height\":600},{\"@type\":\"BreadcrumbList\",\"@id\":\"https:\\\/\\\/ecosupplements.be\\\/fr\\\/produit\\\/n-acetyl-cysteine-500mg-60-gelules-vegetales\\\/#breadcrumb\",\"itemListElement\":[{\"@type\":\"ListItem\",\"position\":1,\"name\":\"Home\",\"item\":\"https:\\\/\\\/ecosupplements.be\\\/fr\\\/\"},{\"@type\":\"ListItem\",\"position\":2,\"name\":\"Boutique\",\"item\":\"https:\\\/\\\/ecosupplements.be\\\/fr\\\/boutique\\\/\"},{\"@type\":\"ListItem\",\"position\":3,\"name\":\"N-Ac\u00e9tyl-Cyst\u00e9ine, 500mg &#8211; 60 g\u00e9lules v\u00e9g\u00e9tales\"}]},{\"@type\":\"WebSite\",\"@id\":\"https:\\\/\\\/ecosupplements.be\\\/fr\\\/#website\",\"url\":\"https:\\\/\\\/ecosupplements.be\\\/fr\\\/\",\"name\":\"ECO Supplements\",\"description\":\"Eco Supplements - Gezonde supplementen\",\"publisher\":{\"@id\":\"https:\\\/\\\/ecosupplements.be\\\/fr\\\/#organization\"},\"potentialAction\":[{\"@type\":\"SearchAction\",\"target\":{\"@type\":\"EntryPoint\",\"urlTemplate\":\"https:\\\/\\\/ecosupplements.be\\\/fr\\\/?s={search_term_string}\"},\"query-input\":{\"@type\":\"PropertyValueSpecification\",\"valueRequired\":true,\"valueName\":\"search_term_string\"}}],\"inLanguage\":\"fr-FR\"},{\"@type\":\"Organization\",\"@id\":\"https:\\\/\\\/ecosupplements.be\\\/fr\\\/#organization\",\"name\":\"Eco Supplements\",\"url\":\"https:\\\/\\\/ecosupplements.be\\\/fr\\\/\",\"logo\":{\"@type\":\"ImageObject\",\"inLanguage\":\"fr-FR\",\"@id\":\"https:\\\/\\\/ecosupplements.be\\\/fr\\\/#\\\/schema\\\/logo\\\/image\\\/\",\"url\":\"https:\\\/\\\/ecosupplements.be\\\/wp-content\\\/uploads\\\/2022\\\/06\\\/ecosupplement-family.png\",\"contentUrl\":\"https:\\\/\\\/ecosupplements.be\\\/wp-content\\\/uploads\\\/2022\\\/06\\\/ecosupplement-family.png\",\"width\":593,\"height\":374,\"caption\":\"Eco Supplements\"},\"image\":{\"@id\":\"https:\\\/\\\/ecosupplements.be\\\/fr\\\/#\\\/schema\\\/logo\\\/image\\\/\"}}]}<\/script>\n<meta property=\"product:brand\" content=\"Jarrow Formulas\" \/>\n<meta property=\"product:price:amount\" content=\"15.26\" \/>\n<meta property=\"product:price:currency\" content=\"EUR\" \/>\n<meta property=\"og:availability\" content=\"instock\" \/>\n<meta property=\"product:availability\" content=\"instock\" \/>\n<meta property=\"product:retailer_item_id\" content=\"790011077060\" \/>\n<meta property=\"product:condition\" content=\"new\" \/>\n<!-- \/ Yoast SEO Premium plugin. -->","yoast_head_json":{"title":"N-Ac\u00e9tyl-Cyst\u00e9ine, 500mg - 60 g\u00e9lules v\u00e9g\u00e9tales - ECO Supplements","description":"Wij hebben een ruime keuze aan producten van N-Ac\u00e9tyl-Cyst\u00e9ine, 500mg - 60 g\u00e9lules v\u00e9g\u00e9tales . Winkel bij Eco Supplements altijd gratis verzending boven 100\u20ac","robots":{"index":"index","follow":"follow","max-snippet":"max-snippet:-1","max-image-preview":"max-image-preview:large","max-video-preview":"max-video-preview:-1"},"canonical":"https:\/\/ecosupplements.be\/fr\/produit\/n-acetyl-cysteine-500mg-60-gelules-vegetales\/","og_locale":"fr_FR","og_type":"article","og_title":"N-Ac\u00e9tyl-Cyst\u00e9ine, 500mg - 60 g\u00e9lules v\u00e9g\u00e9tales","og_description":"Wij hebben een ruime keuze aan producten van N-Ac\u00e9tyl-Cyst\u00e9ine, 500mg - 60 g\u00e9lules v\u00e9g\u00e9tales . Winkel bij Eco Supplements altijd gratis verzending boven 100\u20ac","og_url":"https:\/\/ecosupplements.be\/fr\/produit\/n-acetyl-cysteine-500mg-60-gelules-vegetales\/","og_site_name":"ECO Supplements","article_modified_time":"2025-08-27T13:29:53+00:00","og_image":[{"width":324,"height":600,"url":"https:\/\/ecosupplements.be\/wp-content\/uploads\/2025\/08\/N-A-C-500mg-60-vcaps-1.jpg","type":"image\/jpeg"}],"twitter_card":"summary_large_image","twitter_misc":{"Prix":"15.26&nbsp;&euro;","Disponibilit\u00e9":"En stock"},"schema":{"@context":"https:\/\/schema.org","@graph":[{"@type":["WebPage","ItemPage"],"@id":"https:\/\/ecosupplements.be\/fr\/produit\/n-acetyl-cysteine-500mg-60-gelules-vegetales\/","url":"https:\/\/ecosupplements.be\/fr\/produit\/n-acetyl-cysteine-500mg-60-gelules-vegetales\/","name":"N-Ac\u00e9tyl-Cyst\u00e9ine, 500mg - 60 g\u00e9lules v\u00e9g\u00e9tales - ECO Supplements","isPartOf":{"@id":"https:\/\/ecosupplements.be\/fr\/#website"},"primaryImageOfPage":{"@id":"https:\/\/ecosupplements.be\/fr\/produit\/n-acetyl-cysteine-500mg-60-gelules-vegetales\/#primaryimage"},"image":{"@id":"https:\/\/ecosupplements.be\/fr\/produit\/n-acetyl-cysteine-500mg-60-gelules-vegetales\/#primaryimage"},"thumbnailUrl":"https:\/\/ecosupplements.be\/wp-content\/uploads\/2025\/08\/N-A-C-500mg-60-vcaps.jpg","datePublished":"2024-03-07T22:20:27+00:00","dateModified":"2025-08-27T13:29:53+00:00","description":"Wij hebben een ruime keuze aan producten van N-Ac\u00e9tyl-Cyst\u00e9ine, 500mg - 60 g\u00e9lules v\u00e9g\u00e9tales . Winkel bij Eco Supplements altijd gratis verzending boven 100\u20ac","breadcrumb":{"@id":"https:\/\/ecosupplements.be\/fr\/produit\/n-acetyl-cysteine-500mg-60-gelules-vegetales\/#breadcrumb"},"inLanguage":"fr-FR","potentialAction":[{"@type":"ReadAction","target":["https:\/\/ecosupplements.be\/fr\/produit\/n-acetyl-cysteine-500mg-60-gelules-vegetales\/"]}]},{"@type":"ImageObject","inLanguage":"fr-FR","@id":"https:\/\/ecosupplements.be\/fr\/produit\/n-acetyl-cysteine-500mg-60-gelules-vegetales\/#primaryimage","url":"https:\/\/ecosupplements.be\/wp-content\/uploads\/2025\/08\/N-A-C-500mg-60-vcaps.jpg","contentUrl":"https:\/\/ecosupplements.be\/wp-content\/uploads\/2025\/08\/N-A-C-500mg-60-vcaps.jpg","width":324,"height":600},{"@type":"BreadcrumbList","@id":"https:\/\/ecosupplements.be\/fr\/produit\/n-acetyl-cysteine-500mg-60-gelules-vegetales\/#breadcrumb","itemListElement":[{"@type":"ListItem","position":1,"name":"Home","item":"https:\/\/ecosupplements.be\/fr\/"},{"@type":"ListItem","position":2,"name":"Boutique","item":"https:\/\/ecosupplements.be\/fr\/boutique\/"},{"@type":"ListItem","position":3,"name":"N-Ac\u00e9tyl-Cyst\u00e9ine, 500mg &#8211; 60 g\u00e9lules v\u00e9g\u00e9tales"}]},{"@type":"WebSite","@id":"https:\/\/ecosupplements.be\/fr\/#website","url":"https:\/\/ecosupplements.be\/fr\/","name":"ECO Supplements","description":"Eco Supplements - Gezonde supplementen","publisher":{"@id":"https:\/\/ecosupplements.be\/fr\/#organization"},"potentialAction":[{"@type":"SearchAction","target":{"@type":"EntryPoint","urlTemplate":"https:\/\/ecosupplements.be\/fr\/?s={search_term_string}"},"query-input":{"@type":"PropertyValueSpecification","valueRequired":true,"valueName":"search_term_string"}}],"inLanguage":"fr-FR"},{"@type":"Organization","@id":"https:\/\/ecosupplements.be\/fr\/#organization","name":"Eco Supplements","url":"https:\/\/ecosupplements.be\/fr\/","logo":{"@type":"ImageObject","inLanguage":"fr-FR","@id":"https:\/\/ecosupplements.be\/fr\/#\/schema\/logo\/image\/","url":"https:\/\/ecosupplements.be\/wp-content\/uploads\/2022\/06\/ecosupplement-family.png","contentUrl":"https:\/\/ecosupplements.be\/wp-content\/uploads\/2022\/06\/ecosupplement-family.png","width":593,"height":374,"caption":"Eco Supplements"},"image":{"@id":"https:\/\/ecosupplements.be\/fr\/#\/schema\/logo\/image\/"}}]},"product_brand":"Jarrow Formulas","product_price_amount":"15.26","product_price_currency":"EUR","og_availability":"instock","product_availability":"instock","product_retailer_item_id":"790011077060","product_condition":"new"},"_links":{"self":[{"href":"https:\/\/ecosupplements.be\/fr\/wp-json\/wp\/v2\/product\/287788","targetHints":{"allow":["GET"]}}],"collection":[{"href":"https:\/\/ecosupplements.be\/fr\/wp-json\/wp\/v2\/product"}],"about":[{"href":"https:\/\/ecosupplements.be\/fr\/wp-json\/wp\/v2\/types\/product"}],"replies":[{"embeddable":true,"href":"https:\/\/ecosupplements.be\/fr\/wp-json\/wp\/v2\/comments?post=287788"}],"wp:featuredmedia":[{"embeddable":true,"href":"https:\/\/ecosupplements.be\/fr\/wp-json\/wp\/v2\/media\/264062"}],"wp:attachment":[{"href":"https:\/\/ecosupplements.be\/fr\/wp-json\/wp\/v2\/media?parent=287788"}],"wp:term":[{"taxonomy":"product_brand","embeddable":true,"href":"https:\/\/ecosupplements.be\/fr\/wp-json\/wp\/v2\/product_brand?post=287788"},{"taxonomy":"product_cat","embeddable":true,"href":"https:\/\/ecosupplements.be\/fr\/wp-json\/wp\/v2\/product_cat?post=287788"},{"taxonomy":"product_tag","embeddable":true,"href":"https:\/\/ecosupplements.be\/fr\/wp-json\/wp\/v2\/product_tag?post=287788"}],"curies":[{"name":"wp","href":"https:\/\/api.w.org\/{rel}","templated":true}]}}