{"id":287842,"date":"2022-06-28T10:16:16","date_gmt":"2022-06-28T09:16:16","guid":{"rendered":"https:\/\/ecosupplements.be\/product\/huile-de-graines-noires-125-ml\/"},"modified":"2025-08-27T14:30:54","modified_gmt":"2025-08-27T13:30:54","slug":"huile-de-graines-noires-125-ml","status":"publish","type":"product","link":"https:\/\/ecosupplements.be\/fr\/produit\/huile-de-graines-noires-125-ml\/","title":{"rendered":"Huile de graines noires &#8211; 125 ml"},"content":{"rendered":"<h1>D\u00e9couvrez les bienfaits de l&#8217;huile de graines noires avec KIKI Health<\/h1>\n<p>L&#8217;huile de graines noires, \u00e9galement connue sous le nom d&#8217;huile de \u200bcumin noir, est un\u2063 rem\u00e8de naturel utilis\u00e9 depuis des si\u00e8cles pour ses nombreux bienfaits\u2063 pour la\u200c sant\u00e9. KIKI\u200d Health a cr\u00e9\u00e9 une huile de graines noires de qualit\u00e9 sup\u00e9rieure, press\u00e9e \u00e0 froid \u00e0 partir de graines de nigelle de premi\u00e8re qualit\u00e9,\u200c pour vous offrir tous les avantages de cette\u200c huile pr\u00e9cieuse.<\/p>\n<h2>Les caract\u00e9ristiques sp\u00e9ciales de l&#8217;huile de\u200c graines noires KIKI \u200dHealth<\/h2>\n<ul>\n<li>Press\u00e9e \u00e0 froid \u00e0 partir de graines de nigelle de premi\u00e8re qualit\u00e9<\/li>\n<li>100% pure et naturelle<\/li>\n<li>Non\u2064 raffin\u00e9e et non \u2062filtr\u00e9e<\/li>\n<li>Contient des acides\u200c gras essentiels, des vitamines et des min\u00e9raux<\/li>\n<li>Convient aux v\u00e9g\u00e9taliens et aux v\u00e9g\u00e9tariens<\/li>\n<\/ul>\n<h2>Ingr\u00e9dients cl\u00e9s<\/h2>\n<p>L&#8217;huile de graines noires KIKI Health\u2064 est riche \u200den acides gras essentiels, notamment en acide linol\u00e9ique et \u200cen acide \u200bol\u00e9ique, ainsi\u2064 qu&#8217;en vitamines et en \u2063min\u00e9raux tels que\u200d la vitamine E, le fer, le calcium\u2062 et le zinc. Ces nutriments\u2063 essentiels aident \u00e0 maintenir une peau, des cheveux \u2062et des ongles sains, ainsi\u200d qu&#8217;\u00e0 renforcer le syst\u00e8me\u200c immunitaire.<\/p>\n<h2>Les avantages uniques de l&#8217;huile de graines noires<\/h2>\n<p>L&#8217;huile de graines noires est connue pour ses propri\u00e9t\u00e9s anti-inflammatoires, antioxydantes et antibact\u00e9riennes. Elle peut aider \u00e0 soulager les sympt\u00f4mes de l&#8217;asthme, \u200c\u00e0 am\u00e9liorer la digestion, \u00e0 renforcer le syst\u00e8me immunitaire et \u00e0\u200b favoriser une peau saine. Elle est \u00e9galement utilis\u00e9e pour ses propri\u00e9t\u00e9s anti-\u00e2ge et pour \u2063stimuler la croissance des cheveux.<\/p>\n<h2>Comment utiliser \u200dl&#8217;huile de graines noires KIKI Health<\/h2>\n<p>Il est recommand\u00e9 de \u2062prendre une cuill\u00e8re \u00e0 caf\u00e9 d&#8217;huile de graines noires par jour, de pr\u00e9f\u00e9rence \u2063le matin \u00e0 jeun. Vous pouvez \u00e9galement l&#8217;utiliser\u2064 en application topique pour hydrater et nourrir la peau \u2064et les cheveux.<\/p>\n<p>Offrez \u00e0 votre\u2062 corps tous les bienfaits de l&#8217;huile de graines noires avec\u200c KIKI Health. Commandez d\u00e8s maintenant votre \u2064flacon de 125 ml et profitez d&#8217;une sant\u00e9 optimale et d&#8217;une beaut\u00e9 naturelle.<\/p>\n","protected":false},"excerpt":{"rendered":"<p>D\u00e9couvrez les bienfaits de l&#8217;huile de graines noires avec KIKI Health L&#8217;huile de graines noires, \u00e9galement connue sous le nom d&#8217;huile de \u200bcumin noir, est un\u2063 rem\u00e8de naturel utilis\u00e9 depuis des si\u00e8cles pour ses nombreux bienfaits\u2063 pour la\u200c sant\u00e9. KIKI\u200d Health a cr\u00e9\u00e9 une huile de graines noires de qualit\u00e9 sup\u00e9rieure, press\u00e9e \u00e0 froid \u00e0 [&#8230;]\n","protected":false},"featured_media":246740,"comment_status":"open","ping_status":"open","template":"","meta":[],"product_brand":[4722],"product_cat":[5054,5055,5052],"product_tag":[],"class_list":{"0":"post-287842","1":"product","2":"type-product","3":"status-publish","4":"has-post-thumbnail","6":"product_brand-kiki-health-2","7":"product_cat-nourriture-saine","8":"product_cat-produits-vegetaliens","9":"product_cat-sante-et-bien-etre","11":"first","12":"instock","13":"taxable","14":"shipping-taxable","15":"purchasable","16":"product-type-simple"},"yoast_head":"<!-- This site is optimized with the Yoast SEO Premium plugin v27.5 (Yoast SEO v27.5) - https:\/\/yoast.com\/product\/yoast-seo-premium-wordpress\/ -->\n<title>Huile de graines noires - 125 ml - ECO Supplements<\/title>\n<meta name=\"description\" content=\"Wij hebben een ruime keuze aan producten van Huile de graines noires - 125 ml . Winkel bij Eco Supplements altijd gratis verzending boven 100\u20ac\" \/>\n<meta name=\"robots\" content=\"index, follow, max-snippet:-1, max-image-preview:large, max-video-preview:-1\" \/>\n<link rel=\"canonical\" href=\"https:\/\/ecosupplements.be\/fr\/produit\/huile-de-graines-noires-125-ml\/\" \/>\n<meta property=\"og:locale\" content=\"fr_FR\" \/>\n<meta property=\"og:type\" content=\"article\" \/>\n<meta property=\"og:title\" content=\"Huile de graines noires - 125 ml\" \/>\n<meta property=\"og:description\" content=\"Wij hebben een ruime keuze aan producten van Huile de graines noires - 125 ml . Winkel bij Eco Supplements altijd gratis verzending boven 100\u20ac\" \/>\n<meta property=\"og:url\" content=\"https:\/\/ecosupplements.be\/fr\/produit\/huile-de-graines-noires-125-ml\/\" \/>\n<meta property=\"og:site_name\" content=\"ECO Supplements\" \/>\n<meta property=\"article:modified_time\" content=\"2025-08-27T13:30:54+00:00\" \/>\n<meta property=\"og:image\" content=\"https:\/\/ecosupplements.be\/wp-content\/uploads\/2025\/08\/Black-Seed-Oil-125-ml-1.jpg\" \/>\n\t<meta property=\"og:image:width\" content=\"700\" \/>\n\t<meta property=\"og:image:height\" content=\"699\" \/>\n\t<meta property=\"og:image:type\" content=\"image\/jpeg\" \/>\n<meta name=\"twitter:card\" content=\"summary_large_image\" \/>\n<meta name=\"twitter:label1\" content=\"Prix\" \/>\n\t<meta name=\"twitter:data1\" content=\"18.88&nbsp;&euro;\" \/>\n\t<meta name=\"twitter:label2\" content=\"Disponibilit\u00e9\" \/>\n\t<meta name=\"twitter:data2\" content=\"En stock\" \/>\n<script type=\"application\/ld+json\" class=\"yoast-schema-graph\">{\"@context\":\"https:\\\/\\\/schema.org\",\"@graph\":[{\"@type\":[\"WebPage\",\"ItemPage\"],\"@id\":\"https:\\\/\\\/ecosupplements.be\\\/fr\\\/produit\\\/huile-de-graines-noires-125-ml\\\/\",\"url\":\"https:\\\/\\\/ecosupplements.be\\\/fr\\\/produit\\\/huile-de-graines-noires-125-ml\\\/\",\"name\":\"Huile de graines noires - 125 ml - ECO Supplements\",\"isPartOf\":{\"@id\":\"https:\\\/\\\/ecosupplements.be\\\/fr\\\/#website\"},\"primaryImageOfPage\":{\"@id\":\"https:\\\/\\\/ecosupplements.be\\\/fr\\\/produit\\\/huile-de-graines-noires-125-ml\\\/#primaryimage\"},\"image\":{\"@id\":\"https:\\\/\\\/ecosupplements.be\\\/fr\\\/produit\\\/huile-de-graines-noires-125-ml\\\/#primaryimage\"},\"thumbnailUrl\":\"https:\\\/\\\/ecosupplements.be\\\/wp-content\\\/uploads\\\/2025\\\/08\\\/Black-Seed-Oil-125-ml.jpg\",\"datePublished\":\"2022-06-28T09:16:16+00:00\",\"dateModified\":\"2025-08-27T13:30:54+00:00\",\"description\":\"Wij hebben een ruime keuze aan producten van Huile de graines noires - 125 ml . Winkel bij Eco Supplements altijd gratis verzending boven 100\u20ac\",\"breadcrumb\":{\"@id\":\"https:\\\/\\\/ecosupplements.be\\\/fr\\\/produit\\\/huile-de-graines-noires-125-ml\\\/#breadcrumb\"},\"inLanguage\":\"fr-FR\",\"potentialAction\":[{\"@type\":\"ReadAction\",\"target\":[\"https:\\\/\\\/ecosupplements.be\\\/fr\\\/produit\\\/huile-de-graines-noires-125-ml\\\/\"]}]},{\"@type\":\"ImageObject\",\"inLanguage\":\"fr-FR\",\"@id\":\"https:\\\/\\\/ecosupplements.be\\\/fr\\\/produit\\\/huile-de-graines-noires-125-ml\\\/#primaryimage\",\"url\":\"https:\\\/\\\/ecosupplements.be\\\/wp-content\\\/uploads\\\/2025\\\/08\\\/Black-Seed-Oil-125-ml.jpg\",\"contentUrl\":\"https:\\\/\\\/ecosupplements.be\\\/wp-content\\\/uploads\\\/2025\\\/08\\\/Black-Seed-Oil-125-ml.jpg\",\"width\":700,\"height\":699},{\"@type\":\"BreadcrumbList\",\"@id\":\"https:\\\/\\\/ecosupplements.be\\\/fr\\\/produit\\\/huile-de-graines-noires-125-ml\\\/#breadcrumb\",\"itemListElement\":[{\"@type\":\"ListItem\",\"position\":1,\"name\":\"Home\",\"item\":\"https:\\\/\\\/ecosupplements.be\\\/fr\\\/\"},{\"@type\":\"ListItem\",\"position\":2,\"name\":\"Boutique\",\"item\":\"https:\\\/\\\/ecosupplements.be\\\/fr\\\/boutique\\\/\"},{\"@type\":\"ListItem\",\"position\":3,\"name\":\"Huile de graines noires &#8211; 125 ml\"}]},{\"@type\":\"WebSite\",\"@id\":\"https:\\\/\\\/ecosupplements.be\\\/fr\\\/#website\",\"url\":\"https:\\\/\\\/ecosupplements.be\\\/fr\\\/\",\"name\":\"ECO Supplements\",\"description\":\"Eco Supplements - Gezonde supplementen\",\"publisher\":{\"@id\":\"https:\\\/\\\/ecosupplements.be\\\/fr\\\/#organization\"},\"potentialAction\":[{\"@type\":\"SearchAction\",\"target\":{\"@type\":\"EntryPoint\",\"urlTemplate\":\"https:\\\/\\\/ecosupplements.be\\\/fr\\\/?s={search_term_string}\"},\"query-input\":{\"@type\":\"PropertyValueSpecification\",\"valueRequired\":true,\"valueName\":\"search_term_string\"}}],\"inLanguage\":\"fr-FR\"},{\"@type\":\"Organization\",\"@id\":\"https:\\\/\\\/ecosupplements.be\\\/fr\\\/#organization\",\"name\":\"Eco Supplements\",\"url\":\"https:\\\/\\\/ecosupplements.be\\\/fr\\\/\",\"logo\":{\"@type\":\"ImageObject\",\"inLanguage\":\"fr-FR\",\"@id\":\"https:\\\/\\\/ecosupplements.be\\\/fr\\\/#\\\/schema\\\/logo\\\/image\\\/\",\"url\":\"https:\\\/\\\/ecosupplements.be\\\/wp-content\\\/uploads\\\/2022\\\/06\\\/ecosupplement-family.png\",\"contentUrl\":\"https:\\\/\\\/ecosupplements.be\\\/wp-content\\\/uploads\\\/2022\\\/06\\\/ecosupplement-family.png\",\"width\":593,\"height\":374,\"caption\":\"Eco Supplements\"},\"image\":{\"@id\":\"https:\\\/\\\/ecosupplements.be\\\/fr\\\/#\\\/schema\\\/logo\\\/image\\\/\"}}]}<\/script>\n<meta property=\"product:brand\" content=\"KIKI Health\" \/>\n<meta property=\"product:price:amount\" content=\"18.88\" \/>\n<meta property=\"product:price:currency\" content=\"EUR\" \/>\n<meta property=\"og:availability\" content=\"instock\" \/>\n<meta property=\"product:availability\" content=\"instock\" \/>\n<meta property=\"product:retailer_item_id\" content=\"5060018515069\" \/>\n<meta property=\"product:condition\" content=\"new\" \/>\n<!-- \/ Yoast SEO Premium plugin. -->","yoast_head_json":{"title":"Huile de graines noires - 125 ml - ECO Supplements","description":"Wij hebben een ruime keuze aan producten van Huile de graines noires - 125 ml . Winkel bij Eco Supplements altijd gratis verzending boven 100\u20ac","robots":{"index":"index","follow":"follow","max-snippet":"max-snippet:-1","max-image-preview":"max-image-preview:large","max-video-preview":"max-video-preview:-1"},"canonical":"https:\/\/ecosupplements.be\/fr\/produit\/huile-de-graines-noires-125-ml\/","og_locale":"fr_FR","og_type":"article","og_title":"Huile de graines noires - 125 ml","og_description":"Wij hebben een ruime keuze aan producten van Huile de graines noires - 125 ml . Winkel bij Eco Supplements altijd gratis verzending boven 100\u20ac","og_url":"https:\/\/ecosupplements.be\/fr\/produit\/huile-de-graines-noires-125-ml\/","og_site_name":"ECO Supplements","article_modified_time":"2025-08-27T13:30:54+00:00","og_image":[{"width":700,"height":699,"url":"https:\/\/ecosupplements.be\/wp-content\/uploads\/2025\/08\/Black-Seed-Oil-125-ml-1.jpg","type":"image\/jpeg"}],"twitter_card":"summary_large_image","twitter_misc":{"Prix":"18.88&nbsp;&euro;","Disponibilit\u00e9":"En stock"},"schema":{"@context":"https:\/\/schema.org","@graph":[{"@type":["WebPage","ItemPage"],"@id":"https:\/\/ecosupplements.be\/fr\/produit\/huile-de-graines-noires-125-ml\/","url":"https:\/\/ecosupplements.be\/fr\/produit\/huile-de-graines-noires-125-ml\/","name":"Huile de graines noires - 125 ml - ECO Supplements","isPartOf":{"@id":"https:\/\/ecosupplements.be\/fr\/#website"},"primaryImageOfPage":{"@id":"https:\/\/ecosupplements.be\/fr\/produit\/huile-de-graines-noires-125-ml\/#primaryimage"},"image":{"@id":"https:\/\/ecosupplements.be\/fr\/produit\/huile-de-graines-noires-125-ml\/#primaryimage"},"thumbnailUrl":"https:\/\/ecosupplements.be\/wp-content\/uploads\/2025\/08\/Black-Seed-Oil-125-ml.jpg","datePublished":"2022-06-28T09:16:16+00:00","dateModified":"2025-08-27T13:30:54+00:00","description":"Wij hebben een ruime keuze aan producten van Huile de graines noires - 125 ml . Winkel bij Eco Supplements altijd gratis verzending boven 100\u20ac","breadcrumb":{"@id":"https:\/\/ecosupplements.be\/fr\/produit\/huile-de-graines-noires-125-ml\/#breadcrumb"},"inLanguage":"fr-FR","potentialAction":[{"@type":"ReadAction","target":["https:\/\/ecosupplements.be\/fr\/produit\/huile-de-graines-noires-125-ml\/"]}]},{"@type":"ImageObject","inLanguage":"fr-FR","@id":"https:\/\/ecosupplements.be\/fr\/produit\/huile-de-graines-noires-125-ml\/#primaryimage","url":"https:\/\/ecosupplements.be\/wp-content\/uploads\/2025\/08\/Black-Seed-Oil-125-ml.jpg","contentUrl":"https:\/\/ecosupplements.be\/wp-content\/uploads\/2025\/08\/Black-Seed-Oil-125-ml.jpg","width":700,"height":699},{"@type":"BreadcrumbList","@id":"https:\/\/ecosupplements.be\/fr\/produit\/huile-de-graines-noires-125-ml\/#breadcrumb","itemListElement":[{"@type":"ListItem","position":1,"name":"Home","item":"https:\/\/ecosupplements.be\/fr\/"},{"@type":"ListItem","position":2,"name":"Boutique","item":"https:\/\/ecosupplements.be\/fr\/boutique\/"},{"@type":"ListItem","position":3,"name":"Huile de graines noires &#8211; 125 ml"}]},{"@type":"WebSite","@id":"https:\/\/ecosupplements.be\/fr\/#website","url":"https:\/\/ecosupplements.be\/fr\/","name":"ECO Supplements","description":"Eco Supplements - Gezonde supplementen","publisher":{"@id":"https:\/\/ecosupplements.be\/fr\/#organization"},"potentialAction":[{"@type":"SearchAction","target":{"@type":"EntryPoint","urlTemplate":"https:\/\/ecosupplements.be\/fr\/?s={search_term_string}"},"query-input":{"@type":"PropertyValueSpecification","valueRequired":true,"valueName":"search_term_string"}}],"inLanguage":"fr-FR"},{"@type":"Organization","@id":"https:\/\/ecosupplements.be\/fr\/#organization","name":"Eco Supplements","url":"https:\/\/ecosupplements.be\/fr\/","logo":{"@type":"ImageObject","inLanguage":"fr-FR","@id":"https:\/\/ecosupplements.be\/fr\/#\/schema\/logo\/image\/","url":"https:\/\/ecosupplements.be\/wp-content\/uploads\/2022\/06\/ecosupplement-family.png","contentUrl":"https:\/\/ecosupplements.be\/wp-content\/uploads\/2022\/06\/ecosupplement-family.png","width":593,"height":374,"caption":"Eco Supplements"},"image":{"@id":"https:\/\/ecosupplements.be\/fr\/#\/schema\/logo\/image\/"}}]},"product_brand":"KIKI Health","product_price_amount":"18.88","product_price_currency":"EUR","og_availability":"instock","product_availability":"instock","product_retailer_item_id":"5060018515069","product_condition":"new"},"_links":{"self":[{"href":"https:\/\/ecosupplements.be\/fr\/wp-json\/wp\/v2\/product\/287842","targetHints":{"allow":["GET"]}}],"collection":[{"href":"https:\/\/ecosupplements.be\/fr\/wp-json\/wp\/v2\/product"}],"about":[{"href":"https:\/\/ecosupplements.be\/fr\/wp-json\/wp\/v2\/types\/product"}],"replies":[{"embeddable":true,"href":"https:\/\/ecosupplements.be\/fr\/wp-json\/wp\/v2\/comments?post=287842"}],"wp:featuredmedia":[{"embeddable":true,"href":"https:\/\/ecosupplements.be\/fr\/wp-json\/wp\/v2\/media\/246740"}],"wp:attachment":[{"href":"https:\/\/ecosupplements.be\/fr\/wp-json\/wp\/v2\/media?parent=287842"}],"wp:term":[{"taxonomy":"product_brand","embeddable":true,"href":"https:\/\/ecosupplements.be\/fr\/wp-json\/wp\/v2\/product_brand?post=287842"},{"taxonomy":"product_cat","embeddable":true,"href":"https:\/\/ecosupplements.be\/fr\/wp-json\/wp\/v2\/product_cat?post=287842"},{"taxonomy":"product_tag","embeddable":true,"href":"https:\/\/ecosupplements.be\/fr\/wp-json\/wp\/v2\/product_tag?post=287842"}],"curies":[{"name":"wp","href":"https:\/\/api.w.org\/{rel}","templated":true}]}}