{"id":287845,"date":"2022-06-28T10:16:16","date_gmt":"2022-06-28T09:16:16","guid":{"rendered":"https:\/\/ecosupplements.be\/product\/gummies-pour-enfants-body-biotics-175mg-30-bonbons-gelifies\/"},"modified":"2025-08-27T14:30:57","modified_gmt":"2025-08-27T13:30:57","slug":"gummies-pour-enfants-body-biotics-175mg-30-bonbons-gelifies","status":"publish","type":"product","link":"https:\/\/ecosupplements.be\/fr\/produit\/gummies-pour-enfants-body-biotics-175mg-30-bonbons-gelifies\/","title":{"rendered":"Gummies pour enfants Body Biotics, 175mg &#8211; 30 bonbons g\u00e9lifi\u00e9s"},"content":{"rendered":"<h1>Body\u2063 Biotics Gummies pour enfants, 175mg\u200b -\u200d 30 gummies<\/h1>\n<p>Les Body Biotics\u200c Gummies pour\u200b enfants de \u2063la \u200bmarque KIKI Health sont des compl\u00e9ments alimentaires sp\u00e9cialement\u200d con\u00e7us pour les enfants. Chaque bouch\u00e9e d\u00e9licieuse contient 175mg de\u200c probiotiques, pour aider \u00e0 maintenir une\u200b flore intestinale saine et \u00e9quilibr\u00e9e \u2062chez les enfants.<\/p>\n<p>Ces gummies sont \u200dfabriqu\u00e9s \u00e0 partir d&#8217;ingr\u00e9dients naturels et\u2063 biologiques, sans colorants ni ar\u00f4mes\u200c artificiels. Ils sont \u00e9galement\u2062 sans gluten,\u2064 sans lactose\u200c et sans OGM, pour convenir \u00e0 tous les enfants, m\u00eame les plus \u200dsensibles.<\/p>\n<p>Les probiotiques\u200b contenus dans ces \u2063gummies sont des micro-organismes vivants b\u00e9n\u00e9fiques pour la sant\u00e9\u2062 intestinale. Ils aident \u00e0 renforcer le syst\u00e8me \u200dimmunitaire, \u00e0 \u2063am\u00e9liorer la digestion et \u00e0 pr\u00e9venir\u2064 les troubles gastro-intestinaux\u2063 tels\u2063 que les ballonnements et les diarrh\u00e9es.<\/p>\n<p>En \u200cplus\u200d de leurs bienfaits\u200d pour la sant\u00e9, ces gummies sont\u2063 \u00e9galement\u200b d\u00e9licieux ! Leur texture\u2062 moelleuse\u200b et\u200d leur go\u00fbt \u200bfruit\u00e9 en font un plaisir \u00e0 consommer pour les \u200denfants. Ils sont \u00e9galement faciles \u00e0 m\u00e2cher \u200det \u00e0 avaler, ce qui en fait\u2062 un compl\u00e9ment alimentaire id\u00e9al pour\u200b les enfants qui ont \u2063du mal \u00e0 prendre des\u200d comprim\u00e9s.<\/p>\n<p>Chaque pot contient \u206230 gummies, soit une cure d&#8217;un mois pour\u2063 votre enfant. Ils sont pratiques \u00e0 \u2062emporter \u200bpartout avec vous, que\u200d ce soit \u00e0 \u200cl&#8217;\u00e9cole, \u2063en voyage ou lors d&#8217;activit\u00e9s en \u2063plein air.<\/p>\n<p>Offrez \u00e0 votre enfant une flore intestinale saine et \u00e9quilibr\u00e9e\u2063 avec les Body Biotics Gummies pour enfants de KIKI Health. Un compl\u00e9ment alimentaire \u2062naturel, \u200dd\u00e9licieux et efficace pour prendre soin de la sant\u00e9 de votre enfant.<\/p>\n","protected":false},"excerpt":{"rendered":"<p>Body\u2063 Biotics Gummies pour enfants, 175mg\u200b -\u200d 30 gummies Les Body Biotics\u200c Gummies pour\u200b enfants de \u2063la \u200bmarque KIKI Health sont des compl\u00e9ments alimentaires sp\u00e9cialement\u200d con\u00e7us pour les enfants. Chaque bouch\u00e9e d\u00e9licieuse contient 175mg de\u200c probiotiques, pour aider \u00e0 maintenir une\u200b flore intestinale saine et \u00e9quilibr\u00e9e \u2062chez les enfants. Ces gummies sont \u200dfabriqu\u00e9s \u00e0 partir [&#8230;]\n","protected":false},"featured_media":246743,"comment_status":"open","ping_status":"open","template":"","meta":[],"product_brand":[4722],"product_cat":[5054,5055,5116,5052],"product_tag":[],"class_list":{"0":"post-287845","1":"product","2":"type-product","3":"status-publish","4":"has-post-thumbnail","6":"product_brand-kiki-health-2","7":"product_cat-nourriture-saine","8":"product_cat-produits-vegetaliens","9":"product_cat-sante-des-enfants","10":"product_cat-sante-et-bien-etre","12":"first","13":"instock","14":"taxable","15":"shipping-taxable","16":"purchasable","17":"product-type-simple"},"yoast_head":"<!-- This site is optimized with the Yoast SEO Premium plugin v27.3 (Yoast SEO v27.3) - https:\/\/yoast.com\/product\/yoast-seo-premium-wordpress\/ -->\n<title>Gummies pour enfants Body Biotics, 175mg - 30 bonbons g\u00e9lifi\u00e9s - ECO Supplements<\/title>\n<meta name=\"description\" content=\"Wij hebben een ruime keuze aan producten van Gummies pour enfants Body Biotics, 175mg - 30 bonbons g\u00e9lifi\u00e9s . Winkel bij Eco Supplements altijd gratis verzending boven 100\u20ac\" \/>\n<meta name=\"robots\" content=\"index, follow, max-snippet:-1, max-image-preview:large, max-video-preview:-1\" \/>\n<link rel=\"canonical\" href=\"https:\/\/ecosupplements.be\/fr\/produit\/gummies-pour-enfants-body-biotics-175mg-30-bonbons-gelifies\/\" \/>\n<meta property=\"og:locale\" content=\"fr_FR\" \/>\n<meta property=\"og:type\" content=\"article\" \/>\n<meta property=\"og:title\" content=\"Gummies pour enfants Body Biotics, 175mg - 30 bonbons g\u00e9lifi\u00e9s\" \/>\n<meta property=\"og:description\" content=\"Wij hebben een ruime keuze aan producten van Gummies pour enfants Body Biotics, 175mg - 30 bonbons g\u00e9lifi\u00e9s . Winkel bij Eco Supplements altijd gratis verzending boven 100\u20ac\" \/>\n<meta property=\"og:url\" content=\"https:\/\/ecosupplements.be\/fr\/produit\/gummies-pour-enfants-body-biotics-175mg-30-bonbons-gelifies\/\" \/>\n<meta property=\"og:site_name\" content=\"ECO Supplements\" \/>\n<meta property=\"article:modified_time\" content=\"2025-08-27T13:30:57+00:00\" \/>\n<meta property=\"og:image\" content=\"https:\/\/ecosupplements.be\/wp-content\/uploads\/2025\/08\/Body-Biotics-Gummies-for-Children-175mg-30-gummies-1.jpg\" \/>\n\t<meta property=\"og:image:width\" content=\"500\" \/>\n\t<meta property=\"og:image:height\" content=\"500\" \/>\n\t<meta property=\"og:image:type\" content=\"image\/jpeg\" \/>\n<meta name=\"twitter:card\" content=\"summary_large_image\" \/>\n<meta name=\"twitter:label1\" content=\"Prix\" \/>\n\t<meta name=\"twitter:data1\" content=\"14.46&nbsp;&euro;\" \/>\n\t<meta name=\"twitter:label2\" content=\"Disponibilit\u00e9\" \/>\n\t<meta name=\"twitter:data2\" content=\"En stock\" \/>\n<script type=\"application\/ld+json\" class=\"yoast-schema-graph\">{\"@context\":\"https:\\\/\\\/schema.org\",\"@graph\":[{\"@type\":[\"WebPage\",\"ItemPage\"],\"@id\":\"https:\\\/\\\/ecosupplements.be\\\/fr\\\/produit\\\/gummies-pour-enfants-body-biotics-175mg-30-bonbons-gelifies\\\/\",\"url\":\"https:\\\/\\\/ecosupplements.be\\\/fr\\\/produit\\\/gummies-pour-enfants-body-biotics-175mg-30-bonbons-gelifies\\\/\",\"name\":\"Gummies pour enfants Body Biotics, 175mg - 30 bonbons g\u00e9lifi\u00e9s - ECO Supplements\",\"isPartOf\":{\"@id\":\"https:\\\/\\\/ecosupplements.be\\\/fr\\\/#website\"},\"primaryImageOfPage\":{\"@id\":\"https:\\\/\\\/ecosupplements.be\\\/fr\\\/produit\\\/gummies-pour-enfants-body-biotics-175mg-30-bonbons-gelifies\\\/#primaryimage\"},\"image\":{\"@id\":\"https:\\\/\\\/ecosupplements.be\\\/fr\\\/produit\\\/gummies-pour-enfants-body-biotics-175mg-30-bonbons-gelifies\\\/#primaryimage\"},\"thumbnailUrl\":\"https:\\\/\\\/ecosupplements.be\\\/wp-content\\\/uploads\\\/2025\\\/08\\\/Body-Biotics-Gummies-for-Children-175mg-30-gummies.jpg\",\"datePublished\":\"2022-06-28T09:16:16+00:00\",\"dateModified\":\"2025-08-27T13:30:57+00:00\",\"description\":\"Wij hebben een ruime keuze aan producten van Gummies pour enfants Body Biotics, 175mg - 30 bonbons g\u00e9lifi\u00e9s . Winkel bij Eco Supplements altijd gratis verzending boven 100\u20ac\",\"breadcrumb\":{\"@id\":\"https:\\\/\\\/ecosupplements.be\\\/fr\\\/produit\\\/gummies-pour-enfants-body-biotics-175mg-30-bonbons-gelifies\\\/#breadcrumb\"},\"inLanguage\":\"fr-FR\",\"potentialAction\":[{\"@type\":\"ReadAction\",\"target\":[\"https:\\\/\\\/ecosupplements.be\\\/fr\\\/produit\\\/gummies-pour-enfants-body-biotics-175mg-30-bonbons-gelifies\\\/\"]}]},{\"@type\":\"ImageObject\",\"inLanguage\":\"fr-FR\",\"@id\":\"https:\\\/\\\/ecosupplements.be\\\/fr\\\/produit\\\/gummies-pour-enfants-body-biotics-175mg-30-bonbons-gelifies\\\/#primaryimage\",\"url\":\"https:\\\/\\\/ecosupplements.be\\\/wp-content\\\/uploads\\\/2025\\\/08\\\/Body-Biotics-Gummies-for-Children-175mg-30-gummies.jpg\",\"contentUrl\":\"https:\\\/\\\/ecosupplements.be\\\/wp-content\\\/uploads\\\/2025\\\/08\\\/Body-Biotics-Gummies-for-Children-175mg-30-gummies.jpg\",\"width\":500,\"height\":500},{\"@type\":\"BreadcrumbList\",\"@id\":\"https:\\\/\\\/ecosupplements.be\\\/fr\\\/produit\\\/gummies-pour-enfants-body-biotics-175mg-30-bonbons-gelifies\\\/#breadcrumb\",\"itemListElement\":[{\"@type\":\"ListItem\",\"position\":1,\"name\":\"Home\",\"item\":\"https:\\\/\\\/ecosupplements.be\\\/fr\\\/\"},{\"@type\":\"ListItem\",\"position\":2,\"name\":\"Boutique\",\"item\":\"https:\\\/\\\/ecosupplements.be\\\/fr\\\/boutique\\\/\"},{\"@type\":\"ListItem\",\"position\":3,\"name\":\"Gummies pour enfants Body Biotics, 175mg &#8211; 30 bonbons g\u00e9lifi\u00e9s\"}]},{\"@type\":\"WebSite\",\"@id\":\"https:\\\/\\\/ecosupplements.be\\\/fr\\\/#website\",\"url\":\"https:\\\/\\\/ecosupplements.be\\\/fr\\\/\",\"name\":\"ECO Supplements\",\"description\":\"Eco Supplements - Gezonde supplementen\",\"publisher\":{\"@id\":\"https:\\\/\\\/ecosupplements.be\\\/fr\\\/#organization\"},\"potentialAction\":[{\"@type\":\"SearchAction\",\"target\":{\"@type\":\"EntryPoint\",\"urlTemplate\":\"https:\\\/\\\/ecosupplements.be\\\/fr\\\/?s={search_term_string}\"},\"query-input\":{\"@type\":\"PropertyValueSpecification\",\"valueRequired\":true,\"valueName\":\"search_term_string\"}}],\"inLanguage\":\"fr-FR\"},{\"@type\":\"Organization\",\"@id\":\"https:\\\/\\\/ecosupplements.be\\\/fr\\\/#organization\",\"name\":\"Eco Supplements\",\"url\":\"https:\\\/\\\/ecosupplements.be\\\/fr\\\/\",\"logo\":{\"@type\":\"ImageObject\",\"inLanguage\":\"fr-FR\",\"@id\":\"https:\\\/\\\/ecosupplements.be\\\/fr\\\/#\\\/schema\\\/logo\\\/image\\\/\",\"url\":\"https:\\\/\\\/ecosupplements.be\\\/wp-content\\\/uploads\\\/2022\\\/06\\\/ecosupplement-family.png\",\"contentUrl\":\"https:\\\/\\\/ecosupplements.be\\\/wp-content\\\/uploads\\\/2022\\\/06\\\/ecosupplement-family.png\",\"width\":593,\"height\":374,\"caption\":\"Eco Supplements\"},\"image\":{\"@id\":\"https:\\\/\\\/ecosupplements.be\\\/fr\\\/#\\\/schema\\\/logo\\\/image\\\/\"}}]}<\/script>\n<meta property=\"product:brand\" content=\"KIKI Health\" \/>\n<meta property=\"product:price:amount\" content=\"14.46\" \/>\n<meta property=\"product:price:currency\" content=\"EUR\" \/>\n<meta property=\"og:availability\" content=\"instock\" \/>\n<meta property=\"product:availability\" content=\"instock\" \/>\n<meta property=\"product:retailer_item_id\" content=\"5060018515045\" \/>\n<meta property=\"product:condition\" content=\"new\" \/>\n<!-- \/ Yoast SEO Premium plugin. -->","yoast_head_json":{"title":"Gummies pour enfants Body Biotics, 175mg - 30 bonbons g\u00e9lifi\u00e9s - ECO Supplements","description":"Wij hebben een ruime keuze aan producten van Gummies pour enfants Body Biotics, 175mg - 30 bonbons g\u00e9lifi\u00e9s . Winkel bij Eco Supplements altijd gratis verzending boven 100\u20ac","robots":{"index":"index","follow":"follow","max-snippet":"max-snippet:-1","max-image-preview":"max-image-preview:large","max-video-preview":"max-video-preview:-1"},"canonical":"https:\/\/ecosupplements.be\/fr\/produit\/gummies-pour-enfants-body-biotics-175mg-30-bonbons-gelifies\/","og_locale":"fr_FR","og_type":"article","og_title":"Gummies pour enfants Body Biotics, 175mg - 30 bonbons g\u00e9lifi\u00e9s","og_description":"Wij hebben een ruime keuze aan producten van Gummies pour enfants Body Biotics, 175mg - 30 bonbons g\u00e9lifi\u00e9s . Winkel bij Eco Supplements altijd gratis verzending boven 100\u20ac","og_url":"https:\/\/ecosupplements.be\/fr\/produit\/gummies-pour-enfants-body-biotics-175mg-30-bonbons-gelifies\/","og_site_name":"ECO Supplements","article_modified_time":"2025-08-27T13:30:57+00:00","og_image":[{"width":500,"height":500,"url":"https:\/\/ecosupplements.be\/wp-content\/uploads\/2025\/08\/Body-Biotics-Gummies-for-Children-175mg-30-gummies-1.jpg","type":"image\/jpeg"}],"twitter_card":"summary_large_image","twitter_misc":{"Prix":"14.46&nbsp;&euro;","Disponibilit\u00e9":"En stock"},"schema":{"@context":"https:\/\/schema.org","@graph":[{"@type":["WebPage","ItemPage"],"@id":"https:\/\/ecosupplements.be\/fr\/produit\/gummies-pour-enfants-body-biotics-175mg-30-bonbons-gelifies\/","url":"https:\/\/ecosupplements.be\/fr\/produit\/gummies-pour-enfants-body-biotics-175mg-30-bonbons-gelifies\/","name":"Gummies pour enfants Body Biotics, 175mg - 30 bonbons g\u00e9lifi\u00e9s - ECO Supplements","isPartOf":{"@id":"https:\/\/ecosupplements.be\/fr\/#website"},"primaryImageOfPage":{"@id":"https:\/\/ecosupplements.be\/fr\/produit\/gummies-pour-enfants-body-biotics-175mg-30-bonbons-gelifies\/#primaryimage"},"image":{"@id":"https:\/\/ecosupplements.be\/fr\/produit\/gummies-pour-enfants-body-biotics-175mg-30-bonbons-gelifies\/#primaryimage"},"thumbnailUrl":"https:\/\/ecosupplements.be\/wp-content\/uploads\/2025\/08\/Body-Biotics-Gummies-for-Children-175mg-30-gummies.jpg","datePublished":"2022-06-28T09:16:16+00:00","dateModified":"2025-08-27T13:30:57+00:00","description":"Wij hebben een ruime keuze aan producten van Gummies pour enfants Body Biotics, 175mg - 30 bonbons g\u00e9lifi\u00e9s . Winkel bij Eco Supplements altijd gratis verzending boven 100\u20ac","breadcrumb":{"@id":"https:\/\/ecosupplements.be\/fr\/produit\/gummies-pour-enfants-body-biotics-175mg-30-bonbons-gelifies\/#breadcrumb"},"inLanguage":"fr-FR","potentialAction":[{"@type":"ReadAction","target":["https:\/\/ecosupplements.be\/fr\/produit\/gummies-pour-enfants-body-biotics-175mg-30-bonbons-gelifies\/"]}]},{"@type":"ImageObject","inLanguage":"fr-FR","@id":"https:\/\/ecosupplements.be\/fr\/produit\/gummies-pour-enfants-body-biotics-175mg-30-bonbons-gelifies\/#primaryimage","url":"https:\/\/ecosupplements.be\/wp-content\/uploads\/2025\/08\/Body-Biotics-Gummies-for-Children-175mg-30-gummies.jpg","contentUrl":"https:\/\/ecosupplements.be\/wp-content\/uploads\/2025\/08\/Body-Biotics-Gummies-for-Children-175mg-30-gummies.jpg","width":500,"height":500},{"@type":"BreadcrumbList","@id":"https:\/\/ecosupplements.be\/fr\/produit\/gummies-pour-enfants-body-biotics-175mg-30-bonbons-gelifies\/#breadcrumb","itemListElement":[{"@type":"ListItem","position":1,"name":"Home","item":"https:\/\/ecosupplements.be\/fr\/"},{"@type":"ListItem","position":2,"name":"Boutique","item":"https:\/\/ecosupplements.be\/fr\/boutique\/"},{"@type":"ListItem","position":3,"name":"Gummies pour enfants Body Biotics, 175mg &#8211; 30 bonbons g\u00e9lifi\u00e9s"}]},{"@type":"WebSite","@id":"https:\/\/ecosupplements.be\/fr\/#website","url":"https:\/\/ecosupplements.be\/fr\/","name":"ECO Supplements","description":"Eco Supplements - Gezonde supplementen","publisher":{"@id":"https:\/\/ecosupplements.be\/fr\/#organization"},"potentialAction":[{"@type":"SearchAction","target":{"@type":"EntryPoint","urlTemplate":"https:\/\/ecosupplements.be\/fr\/?s={search_term_string}"},"query-input":{"@type":"PropertyValueSpecification","valueRequired":true,"valueName":"search_term_string"}}],"inLanguage":"fr-FR"},{"@type":"Organization","@id":"https:\/\/ecosupplements.be\/fr\/#organization","name":"Eco Supplements","url":"https:\/\/ecosupplements.be\/fr\/","logo":{"@type":"ImageObject","inLanguage":"fr-FR","@id":"https:\/\/ecosupplements.be\/fr\/#\/schema\/logo\/image\/","url":"https:\/\/ecosupplements.be\/wp-content\/uploads\/2022\/06\/ecosupplement-family.png","contentUrl":"https:\/\/ecosupplements.be\/wp-content\/uploads\/2022\/06\/ecosupplement-family.png","width":593,"height":374,"caption":"Eco Supplements"},"image":{"@id":"https:\/\/ecosupplements.be\/fr\/#\/schema\/logo\/image\/"}}]},"product_brand":"KIKI Health","product_price_amount":"14.46","product_price_currency":"EUR","og_availability":"instock","product_availability":"instock","product_retailer_item_id":"5060018515045","product_condition":"new"},"_links":{"self":[{"href":"https:\/\/ecosupplements.be\/fr\/wp-json\/wp\/v2\/product\/287845","targetHints":{"allow":["GET"]}}],"collection":[{"href":"https:\/\/ecosupplements.be\/fr\/wp-json\/wp\/v2\/product"}],"about":[{"href":"https:\/\/ecosupplements.be\/fr\/wp-json\/wp\/v2\/types\/product"}],"replies":[{"embeddable":true,"href":"https:\/\/ecosupplements.be\/fr\/wp-json\/wp\/v2\/comments?post=287845"}],"wp:featuredmedia":[{"embeddable":true,"href":"https:\/\/ecosupplements.be\/fr\/wp-json\/wp\/v2\/media\/246743"}],"wp:attachment":[{"href":"https:\/\/ecosupplements.be\/fr\/wp-json\/wp\/v2\/media?parent=287845"}],"wp:term":[{"taxonomy":"product_brand","embeddable":true,"href":"https:\/\/ecosupplements.be\/fr\/wp-json\/wp\/v2\/product_brand?post=287845"},{"taxonomy":"product_cat","embeddable":true,"href":"https:\/\/ecosupplements.be\/fr\/wp-json\/wp\/v2\/product_cat?post=287845"},{"taxonomy":"product_tag","embeddable":true,"href":"https:\/\/ecosupplements.be\/fr\/wp-json\/wp\/v2\/product_tag?post=287845"}],"curies":[{"name":"wp","href":"https:\/\/api.w.org\/{rel}","templated":true}]}}