{"id":287848,"date":"2022-06-28T10:16:16","date_gmt":"2022-06-28T09:16:16","guid":{"rendered":"https:\/\/ecosupplements.be\/product\/gummies-pour-enfants-body-biotics-175mg-60-gommes\/"},"modified":"2025-08-27T14:30:59","modified_gmt":"2025-08-27T13:30:59","slug":"gummies-pour-enfants-body-biotics-175mg-60-gommes","status":"publish","type":"product","link":"https:\/\/ecosupplements.be\/fr\/produit\/gummies-pour-enfants-body-biotics-175mg-60-gommes\/","title":{"rendered":"Gummies pour enfants Body Biotics, 175mg &#8211; 60 gommes"},"content":{"rendered":"<h1>Body Biotics Gummies \u2062pour enfants, 175mg\u200b &#8211; 60 gummies<\/h1>\n<p>Les Body Biotics Gummies pour enfants \u200cde la \u2062marque KIKI Health\u2064 sont des compl\u00e9ments alimentaires sp\u00e9cialement con\u00e7us pour les enfants. Chaque bouch\u00e9e d\u00e9licieuse contient 175mg de probiotiques, pour \u2062aider \u00e0 maintenir une flore intestinale saine\u2062 et \u00e9quilibr\u00e9e \u200cchez les enfants.<\/p>\n<p>Ces gummies sont fabriqu\u00e9s \u00e0 partir d&#8217;ingr\u00e9dients naturels et biologiques, sans colorants ni ar\u00f4mes artificiels. Ils sont \u00e9galement sans gluten, sans lactose\u200b et sans\u200d OGM, ce qui \u200den fait un choix id\u00e9al pour les\u200c enfants ayant des sensibilit\u00e9s alimentaires.<\/p>\n<p>Les probiotiques \u2062contenus dans ces gummies sont des micro-organismes vivants \u2064b\u00e9n\u00e9fiques pour \u2063la\u200c sant\u00e9 intestinale. Ils aident\u2063 \u00e0 renforcer le syst\u00e8me immunitaire, \u00e0 am\u00e9liorer la\u200b digestion et\u2064 \u00e0 pr\u00e9venir\u200d les troubles gastro-intestinaux tels que les ballonnements et les diarrh\u00e9es.<\/p>\n<p>En plus de leurs bienfaits\u200d pour la sant\u00e9, ces gummies sont \u00e9galement d\u00e9licieux \u200d! Leur forme\u200b en ourson et leur\u200d go\u00fbt fruit\u00e9 en font un \u200cplaisir \u00e0 \u2062consommer \u2062pour les\u2064 enfants. Ils sont \u2063\u00e9galement \u200bfaciles \u00e0 m\u00e2cher, \u200cce qui les rend \u2062adapt\u00e9s aux enfants de tous \u2064\u00e2ges.<\/p>\n<p>Chaque pot contient 60 gummies, ce qui \u200b\u00e9quivaut \u00e0 un approvisionnement de 30 jours pour un \u200cenfant. Les parents peuvent \u00eatre rassur\u00e9s en sachant que leurs enfants re\u00e7oivent une dose quotidienne de probiotiques essentiels pour leur sant\u00e9.<\/p>\n<p>Les\u200c Body Biotics \u200dGummies pour enfants de KIKI Health sont\u200b un moyen pratique et agr\u00e9able d&#8217;apporter des \u200bprobiotiques \u00e0 votre enfant. Offrez-leur une flore intestinale saine et\u2064 \u00e9quilibr\u00e9e d\u00e8s\u200d aujourd&#8217;hui \u200cavec ces\u2063 d\u00e9licieux gummies !<\/p>\n","protected":false},"excerpt":{"rendered":"<p>Body Biotics Gummies \u2062pour enfants, 175mg\u200b &#8211; 60 gummies Les Body Biotics Gummies pour enfants \u200cde la \u2062marque KIKI Health\u2064 sont des compl\u00e9ments alimentaires sp\u00e9cialement con\u00e7us pour les enfants. Chaque bouch\u00e9e d\u00e9licieuse contient 175mg de probiotiques, pour \u2062aider \u00e0 maintenir une flore intestinale saine\u2062 et \u00e9quilibr\u00e9e \u200cchez les enfants. Ces gummies sont fabriqu\u00e9s \u00e0 partir [&#8230;]\n","protected":false},"featured_media":246746,"comment_status":"open","ping_status":"open","template":"","meta":[],"product_brand":[4722],"product_cat":[5054,5055,5116,5052],"product_tag":[],"class_list":{"0":"post-287848","1":"product","2":"type-product","3":"status-publish","4":"has-post-thumbnail","6":"product_brand-kiki-health-2","7":"product_cat-nourriture-saine","8":"product_cat-produits-vegetaliens","9":"product_cat-sante-des-enfants","10":"product_cat-sante-et-bien-etre","12":"first","13":"instock","14":"sale","15":"taxable","16":"shipping-taxable","17":"purchasable","18":"product-type-simple"},"yoast_head":"<!-- This site is optimized with the Yoast SEO Premium plugin v27.3 (Yoast SEO v27.3) - https:\/\/yoast.com\/product\/yoast-seo-premium-wordpress\/ -->\n<title>Gummies pour enfants Body Biotics, 175mg - 60 gommes - ECO Supplements<\/title>\n<meta name=\"description\" content=\"Wij hebben een ruime keuze aan producten van Gummies pour enfants Body Biotics, 175mg - 60 gommes . Winkel bij Eco Supplements altijd gratis verzending boven 100\u20ac\" \/>\n<meta name=\"robots\" content=\"index, follow, max-snippet:-1, max-image-preview:large, max-video-preview:-1\" \/>\n<link rel=\"canonical\" href=\"https:\/\/ecosupplements.be\/fr\/produit\/gummies-pour-enfants-body-biotics-175mg-60-gommes\/\" \/>\n<meta property=\"og:locale\" content=\"fr_FR\" \/>\n<meta property=\"og:type\" content=\"article\" \/>\n<meta property=\"og:title\" content=\"Gummies pour enfants Body Biotics, 175mg - 60 gommes\" \/>\n<meta property=\"og:description\" content=\"Wij hebben een ruime keuze aan producten van Gummies pour enfants Body Biotics, 175mg - 60 gommes . Winkel bij Eco Supplements altijd gratis verzending boven 100\u20ac\" \/>\n<meta property=\"og:url\" content=\"https:\/\/ecosupplements.be\/fr\/produit\/gummies-pour-enfants-body-biotics-175mg-60-gommes\/\" \/>\n<meta property=\"og:site_name\" content=\"ECO Supplements\" \/>\n<meta property=\"article:modified_time\" content=\"2025-08-27T13:30:59+00:00\" \/>\n<meta property=\"og:image\" content=\"https:\/\/ecosupplements.be\/wp-content\/uploads\/2025\/08\/Body-Biotics-Gummies-for-Children-175mg-60-gummies-1.jpg\" \/>\n\t<meta property=\"og:image:width\" content=\"600\" \/>\n\t<meta property=\"og:image:height\" content=\"600\" \/>\n\t<meta property=\"og:image:type\" content=\"image\/jpeg\" \/>\n<meta name=\"twitter:card\" content=\"summary_large_image\" \/>\n<meta name=\"twitter:label1\" content=\"Prix\" \/>\n\t<meta name=\"twitter:data1\" content=\"23.68&nbsp;&euro;\" \/>\n\t<meta name=\"twitter:label2\" content=\"Disponibilit\u00e9\" \/>\n\t<meta name=\"twitter:data2\" content=\"En stock\" \/>\n<script type=\"application\/ld+json\" class=\"yoast-schema-graph\">{\"@context\":\"https:\\\/\\\/schema.org\",\"@graph\":[{\"@type\":[\"WebPage\",\"ItemPage\"],\"@id\":\"https:\\\/\\\/ecosupplements.be\\\/fr\\\/produit\\\/gummies-pour-enfants-body-biotics-175mg-60-gommes\\\/\",\"url\":\"https:\\\/\\\/ecosupplements.be\\\/fr\\\/produit\\\/gummies-pour-enfants-body-biotics-175mg-60-gommes\\\/\",\"name\":\"Gummies pour enfants Body Biotics, 175mg - 60 gommes - ECO Supplements\",\"isPartOf\":{\"@id\":\"https:\\\/\\\/ecosupplements.be\\\/fr\\\/#website\"},\"primaryImageOfPage\":{\"@id\":\"https:\\\/\\\/ecosupplements.be\\\/fr\\\/produit\\\/gummies-pour-enfants-body-biotics-175mg-60-gommes\\\/#primaryimage\"},\"image\":{\"@id\":\"https:\\\/\\\/ecosupplements.be\\\/fr\\\/produit\\\/gummies-pour-enfants-body-biotics-175mg-60-gommes\\\/#primaryimage\"},\"thumbnailUrl\":\"https:\\\/\\\/ecosupplements.be\\\/wp-content\\\/uploads\\\/2025\\\/08\\\/Body-Biotics-Gummies-for-Children-175mg-60-gummies.jpg\",\"datePublished\":\"2022-06-28T09:16:16+00:00\",\"dateModified\":\"2025-08-27T13:30:59+00:00\",\"description\":\"Wij hebben een ruime keuze aan producten van Gummies pour enfants Body Biotics, 175mg - 60 gommes . Winkel bij Eco Supplements altijd gratis verzending boven 100\u20ac\",\"breadcrumb\":{\"@id\":\"https:\\\/\\\/ecosupplements.be\\\/fr\\\/produit\\\/gummies-pour-enfants-body-biotics-175mg-60-gommes\\\/#breadcrumb\"},\"inLanguage\":\"fr-FR\",\"potentialAction\":[{\"@type\":\"ReadAction\",\"target\":[\"https:\\\/\\\/ecosupplements.be\\\/fr\\\/produit\\\/gummies-pour-enfants-body-biotics-175mg-60-gommes\\\/\"]}]},{\"@type\":\"ImageObject\",\"inLanguage\":\"fr-FR\",\"@id\":\"https:\\\/\\\/ecosupplements.be\\\/fr\\\/produit\\\/gummies-pour-enfants-body-biotics-175mg-60-gommes\\\/#primaryimage\",\"url\":\"https:\\\/\\\/ecosupplements.be\\\/wp-content\\\/uploads\\\/2025\\\/08\\\/Body-Biotics-Gummies-for-Children-175mg-60-gummies.jpg\",\"contentUrl\":\"https:\\\/\\\/ecosupplements.be\\\/wp-content\\\/uploads\\\/2025\\\/08\\\/Body-Biotics-Gummies-for-Children-175mg-60-gummies.jpg\",\"width\":600,\"height\":600},{\"@type\":\"BreadcrumbList\",\"@id\":\"https:\\\/\\\/ecosupplements.be\\\/fr\\\/produit\\\/gummies-pour-enfants-body-biotics-175mg-60-gommes\\\/#breadcrumb\",\"itemListElement\":[{\"@type\":\"ListItem\",\"position\":1,\"name\":\"Home\",\"item\":\"https:\\\/\\\/ecosupplements.be\\\/fr\\\/\"},{\"@type\":\"ListItem\",\"position\":2,\"name\":\"Boutique\",\"item\":\"https:\\\/\\\/ecosupplements.be\\\/fr\\\/boutique\\\/\"},{\"@type\":\"ListItem\",\"position\":3,\"name\":\"Gummies pour enfants Body Biotics, 175mg &#8211; 60 gommes\"}]},{\"@type\":\"WebSite\",\"@id\":\"https:\\\/\\\/ecosupplements.be\\\/fr\\\/#website\",\"url\":\"https:\\\/\\\/ecosupplements.be\\\/fr\\\/\",\"name\":\"ECO Supplements\",\"description\":\"Eco Supplements - Gezonde supplementen\",\"publisher\":{\"@id\":\"https:\\\/\\\/ecosupplements.be\\\/fr\\\/#organization\"},\"potentialAction\":[{\"@type\":\"SearchAction\",\"target\":{\"@type\":\"EntryPoint\",\"urlTemplate\":\"https:\\\/\\\/ecosupplements.be\\\/fr\\\/?s={search_term_string}\"},\"query-input\":{\"@type\":\"PropertyValueSpecification\",\"valueRequired\":true,\"valueName\":\"search_term_string\"}}],\"inLanguage\":\"fr-FR\"},{\"@type\":\"Organization\",\"@id\":\"https:\\\/\\\/ecosupplements.be\\\/fr\\\/#organization\",\"name\":\"Eco Supplements\",\"url\":\"https:\\\/\\\/ecosupplements.be\\\/fr\\\/\",\"logo\":{\"@type\":\"ImageObject\",\"inLanguage\":\"fr-FR\",\"@id\":\"https:\\\/\\\/ecosupplements.be\\\/fr\\\/#\\\/schema\\\/logo\\\/image\\\/\",\"url\":\"https:\\\/\\\/ecosupplements.be\\\/wp-content\\\/uploads\\\/2022\\\/06\\\/ecosupplement-family.png\",\"contentUrl\":\"https:\\\/\\\/ecosupplements.be\\\/wp-content\\\/uploads\\\/2022\\\/06\\\/ecosupplement-family.png\",\"width\":593,\"height\":374,\"caption\":\"Eco Supplements\"},\"image\":{\"@id\":\"https:\\\/\\\/ecosupplements.be\\\/fr\\\/#\\\/schema\\\/logo\\\/image\\\/\"}}]}<\/script>\n<meta property=\"product:brand\" content=\"KIKI Health\" \/>\n<meta property=\"product:price:amount\" content=\"23.68\" \/>\n<meta property=\"product:price:currency\" content=\"EUR\" \/>\n<meta property=\"og:availability\" content=\"instock\" \/>\n<meta property=\"product:availability\" content=\"instock\" \/>\n<meta property=\"product:retailer_item_id\" content=\"5060018515052\" \/>\n<meta property=\"product:condition\" content=\"new\" \/>\n<!-- \/ Yoast SEO Premium plugin. -->","yoast_head_json":{"title":"Gummies pour enfants Body Biotics, 175mg - 60 gommes - ECO Supplements","description":"Wij hebben een ruime keuze aan producten van Gummies pour enfants Body Biotics, 175mg - 60 gommes . Winkel bij Eco Supplements altijd gratis verzending boven 100\u20ac","robots":{"index":"index","follow":"follow","max-snippet":"max-snippet:-1","max-image-preview":"max-image-preview:large","max-video-preview":"max-video-preview:-1"},"canonical":"https:\/\/ecosupplements.be\/fr\/produit\/gummies-pour-enfants-body-biotics-175mg-60-gommes\/","og_locale":"fr_FR","og_type":"article","og_title":"Gummies pour enfants Body Biotics, 175mg - 60 gommes","og_description":"Wij hebben een ruime keuze aan producten van Gummies pour enfants Body Biotics, 175mg - 60 gommes . Winkel bij Eco Supplements altijd gratis verzending boven 100\u20ac","og_url":"https:\/\/ecosupplements.be\/fr\/produit\/gummies-pour-enfants-body-biotics-175mg-60-gommes\/","og_site_name":"ECO Supplements","article_modified_time":"2025-08-27T13:30:59+00:00","og_image":[{"width":600,"height":600,"url":"https:\/\/ecosupplements.be\/wp-content\/uploads\/2025\/08\/Body-Biotics-Gummies-for-Children-175mg-60-gummies-1.jpg","type":"image\/jpeg"}],"twitter_card":"summary_large_image","twitter_misc":{"Prix":"23.68&nbsp;&euro;","Disponibilit\u00e9":"En stock"},"schema":{"@context":"https:\/\/schema.org","@graph":[{"@type":["WebPage","ItemPage"],"@id":"https:\/\/ecosupplements.be\/fr\/produit\/gummies-pour-enfants-body-biotics-175mg-60-gommes\/","url":"https:\/\/ecosupplements.be\/fr\/produit\/gummies-pour-enfants-body-biotics-175mg-60-gommes\/","name":"Gummies pour enfants Body Biotics, 175mg - 60 gommes - ECO Supplements","isPartOf":{"@id":"https:\/\/ecosupplements.be\/fr\/#website"},"primaryImageOfPage":{"@id":"https:\/\/ecosupplements.be\/fr\/produit\/gummies-pour-enfants-body-biotics-175mg-60-gommes\/#primaryimage"},"image":{"@id":"https:\/\/ecosupplements.be\/fr\/produit\/gummies-pour-enfants-body-biotics-175mg-60-gommes\/#primaryimage"},"thumbnailUrl":"https:\/\/ecosupplements.be\/wp-content\/uploads\/2025\/08\/Body-Biotics-Gummies-for-Children-175mg-60-gummies.jpg","datePublished":"2022-06-28T09:16:16+00:00","dateModified":"2025-08-27T13:30:59+00:00","description":"Wij hebben een ruime keuze aan producten van Gummies pour enfants Body Biotics, 175mg - 60 gommes . Winkel bij Eco Supplements altijd gratis verzending boven 100\u20ac","breadcrumb":{"@id":"https:\/\/ecosupplements.be\/fr\/produit\/gummies-pour-enfants-body-biotics-175mg-60-gommes\/#breadcrumb"},"inLanguage":"fr-FR","potentialAction":[{"@type":"ReadAction","target":["https:\/\/ecosupplements.be\/fr\/produit\/gummies-pour-enfants-body-biotics-175mg-60-gommes\/"]}]},{"@type":"ImageObject","inLanguage":"fr-FR","@id":"https:\/\/ecosupplements.be\/fr\/produit\/gummies-pour-enfants-body-biotics-175mg-60-gommes\/#primaryimage","url":"https:\/\/ecosupplements.be\/wp-content\/uploads\/2025\/08\/Body-Biotics-Gummies-for-Children-175mg-60-gummies.jpg","contentUrl":"https:\/\/ecosupplements.be\/wp-content\/uploads\/2025\/08\/Body-Biotics-Gummies-for-Children-175mg-60-gummies.jpg","width":600,"height":600},{"@type":"BreadcrumbList","@id":"https:\/\/ecosupplements.be\/fr\/produit\/gummies-pour-enfants-body-biotics-175mg-60-gommes\/#breadcrumb","itemListElement":[{"@type":"ListItem","position":1,"name":"Home","item":"https:\/\/ecosupplements.be\/fr\/"},{"@type":"ListItem","position":2,"name":"Boutique","item":"https:\/\/ecosupplements.be\/fr\/boutique\/"},{"@type":"ListItem","position":3,"name":"Gummies pour enfants Body Biotics, 175mg &#8211; 60 gommes"}]},{"@type":"WebSite","@id":"https:\/\/ecosupplements.be\/fr\/#website","url":"https:\/\/ecosupplements.be\/fr\/","name":"ECO Supplements","description":"Eco Supplements - Gezonde supplementen","publisher":{"@id":"https:\/\/ecosupplements.be\/fr\/#organization"},"potentialAction":[{"@type":"SearchAction","target":{"@type":"EntryPoint","urlTemplate":"https:\/\/ecosupplements.be\/fr\/?s={search_term_string}"},"query-input":{"@type":"PropertyValueSpecification","valueRequired":true,"valueName":"search_term_string"}}],"inLanguage":"fr-FR"},{"@type":"Organization","@id":"https:\/\/ecosupplements.be\/fr\/#organization","name":"Eco Supplements","url":"https:\/\/ecosupplements.be\/fr\/","logo":{"@type":"ImageObject","inLanguage":"fr-FR","@id":"https:\/\/ecosupplements.be\/fr\/#\/schema\/logo\/image\/","url":"https:\/\/ecosupplements.be\/wp-content\/uploads\/2022\/06\/ecosupplement-family.png","contentUrl":"https:\/\/ecosupplements.be\/wp-content\/uploads\/2022\/06\/ecosupplement-family.png","width":593,"height":374,"caption":"Eco Supplements"},"image":{"@id":"https:\/\/ecosupplements.be\/fr\/#\/schema\/logo\/image\/"}}]},"product_brand":"KIKI Health","product_price_amount":"23.68","product_price_currency":"EUR","og_availability":"instock","product_availability":"instock","product_retailer_item_id":"5060018515052","product_condition":"new"},"_links":{"self":[{"href":"https:\/\/ecosupplements.be\/fr\/wp-json\/wp\/v2\/product\/287848","targetHints":{"allow":["GET"]}}],"collection":[{"href":"https:\/\/ecosupplements.be\/fr\/wp-json\/wp\/v2\/product"}],"about":[{"href":"https:\/\/ecosupplements.be\/fr\/wp-json\/wp\/v2\/types\/product"}],"replies":[{"embeddable":true,"href":"https:\/\/ecosupplements.be\/fr\/wp-json\/wp\/v2\/comments?post=287848"}],"wp:featuredmedia":[{"embeddable":true,"href":"https:\/\/ecosupplements.be\/fr\/wp-json\/wp\/v2\/media\/246746"}],"wp:attachment":[{"href":"https:\/\/ecosupplements.be\/fr\/wp-json\/wp\/v2\/media?parent=287848"}],"wp:term":[{"taxonomy":"product_brand","embeddable":true,"href":"https:\/\/ecosupplements.be\/fr\/wp-json\/wp\/v2\/product_brand?post=287848"},{"taxonomy":"product_cat","embeddable":true,"href":"https:\/\/ecosupplements.be\/fr\/wp-json\/wp\/v2\/product_cat?post=287848"},{"taxonomy":"product_tag","embeddable":true,"href":"https:\/\/ecosupplements.be\/fr\/wp-json\/wp\/v2\/product_tag?post=287848"}],"curies":[{"name":"wp","href":"https:\/\/api.w.org\/{rel}","templated":true}]}}