{"id":287869,"date":"2024-03-06T22:09:39","date_gmt":"2024-03-06T21:09:39","guid":{"rendered":"https:\/\/ecosupplements.be\/product\/inuline-biologique-250g\/"},"modified":"2025-08-27T14:31:21","modified_gmt":"2025-08-27T13:31:21","slug":"inuline-biologique-250g","status":"publish","type":"product","link":"https:\/\/ecosupplements.be\/fr\/produit\/inuline-biologique-250g\/","title":{"rendered":"Inuline biologique &#8211; 250g"},"content":{"rendered":"<h1>Description du \u200dproduit:<\/h1>\n<p>Le \u2064Inulin Organic de la marque KIKI Health est un\u2062 compl\u00e9ment alimentaire naturel et biologique qui peut\u200d \u00eatre\u200b ajout\u00e9 \u2064\u00e0 \u200dvotre alimentation quotidienne pour am\u00e9liorer\u200b votre sant\u00e9 et votre bien-\u00eatre. Ce produit est \u2063fabriqu\u00e9 \u200b\u00e0\u200c partir de racines de chicor\u00e9e biologiques \u2063et\u2064 est\u2064 riche en fibres solubles, ce qui en fait un excellent choix pour ceux qui\u2062 cherchent\u200b \u00e0 augmenter leur apport en fibres.<\/p>\n<h2>Caract\u00e9ristiques\u200b sp\u00e9ciales:<\/h2>\n<ul>\n<li>Produit biologique certifi\u00e9 par la Soil Association<\/li>\n<li>Sans gluten, sans \u200dlactose et\u200c sans\u200c OGM<\/li>\n<li>Convient aux \u2063v\u00e9g\u00e9taliens\u2063 et v\u00e9g\u00e9tariens<\/li>\n<li>Sans additifs \u2063ni conservateurs artificiels<\/li>\n<\/ul>\n<h2>Ingr\u00e9dients:<\/h2>\n<p>Inulin biologique (racines de chicor\u00e9e)<\/p>\n<h2>Avantages uniques:<\/h2>\n<p>Le Inulin Organic \u2064de KIKI Health est une source naturelle de fibres \u200dsolubles qui peut aider \u00e0 maintenir un syst\u00e8me digestif \u200csain et \u00e0 r\u00e9guler\u200c le taux de \u2064sucre dans\u2062 le sang. Il peut \u00e9galement contribuer \u00e0 la perte\u2062 de\u200c poids\u2063 en augmentant la sensation de sati\u00e9t\u00e9 et en r\u00e9duisant les fringales. De plus, ce produit peut\u2062 favoriser \u200dla croissance de bonnes bact\u00e9ries dans l&#8217;intestin, ce qui peut renforcer le\u200c syst\u00e8me\u200b immunitaire et am\u00e9liorer la sant\u00e9 globale.<\/p>\n<h2>Principales caract\u00e9ristiques:<\/h2>\n<ul>\n<li>Contient 100% \u2063d&#8217;inuline \u2064biologique<\/li>\n<li>Sans saveurs ni \u200c\u00e9dulcorants \u200dajout\u00e9s<\/li>\n<li>Facile \u00e0 incorporer dans votre alimentation quotidienne<\/li>\n<li>Peut \u00eatre utilis\u00e9 dans\u200d les boissons, les \u200bsmoothies, les c\u00e9r\u00e9ales\u200d et plus encore<\/li>\n<li>Emballage recyclable et respectueux de l&#8217;environnement<\/li>\n<\/ul>\n<p>Ajoutez le Inulin Organic de KIKI Health \u00e0 \u2064votre alimentation pour profiter\u200b de ses nombreux\u2063 bienfaits pour la sant\u00e9. Avec sa certification biologique et \u200dsa liste d&#8217;ingr\u00e9dients simples,\u2063 vous pouvez \u00eatre s\u00fbr de \u200cconsommer un\u2062 produit de qualit\u00e9 sup\u00e9rieure pour am\u00e9liorer votre bien-\u00eatre. Essayez-le d\u00e8s aujourd&#8217;hui et \u2063ressentez la \u200bdiff\u00e9rence !<\/p>\n","protected":false},"excerpt":{"rendered":"<p>Description du \u200dproduit: Le \u2064Inulin Organic de la marque KIKI Health est un\u2062 compl\u00e9ment alimentaire naturel et biologique qui peut\u200d \u00eatre\u200b ajout\u00e9 \u2064\u00e0 \u200dvotre alimentation quotidienne pour am\u00e9liorer\u200b votre sant\u00e9 et votre bien-\u00eatre. Ce produit est \u2063fabriqu\u00e9 \u200b\u00e0\u200c partir de racines de chicor\u00e9e biologiques \u2063et\u2064 est\u2064 riche en fibres solubles, ce qui en fait un [&#8230;]\n","protected":false},"featured_media":262857,"comment_status":"open","ping_status":"open","template":"","meta":[],"product_brand":[4722],"product_cat":[5054,5055,5052],"product_tag":[],"class_list":{"0":"post-287869","1":"product","2":"type-product","3":"status-publish","4":"has-post-thumbnail","6":"product_brand-kiki-health-2","7":"product_cat-nourriture-saine","8":"product_cat-produits-vegetaliens","9":"product_cat-sante-et-bien-etre","11":"first","12":"instock","13":"taxable","14":"shipping-taxable","15":"purchasable","16":"product-type-simple"},"yoast_head":"<!-- This site is optimized with the Yoast SEO Premium plugin v27.5 (Yoast SEO v27.5) - https:\/\/yoast.com\/product\/yoast-seo-premium-wordpress\/ -->\n<title>Inuline biologique - 250g - ECO Supplements<\/title>\n<meta name=\"description\" content=\"Wij hebben een ruime keuze aan producten van Inuline biologique - 250g . Winkel bij Eco Supplements altijd gratis verzending boven 100\u20ac\" \/>\n<meta name=\"robots\" content=\"index, follow, max-snippet:-1, max-image-preview:large, max-video-preview:-1\" \/>\n<link rel=\"canonical\" href=\"https:\/\/ecosupplements.be\/fr\/produit\/inuline-biologique-250g\/\" \/>\n<meta property=\"og:locale\" content=\"fr_FR\" \/>\n<meta property=\"og:type\" content=\"article\" \/>\n<meta property=\"og:title\" content=\"Inuline biologique - 250g\" \/>\n<meta property=\"og:description\" content=\"Wij hebben een ruime keuze aan producten van Inuline biologique - 250g . Winkel bij Eco Supplements altijd gratis verzending boven 100\u20ac\" \/>\n<meta property=\"og:url\" content=\"https:\/\/ecosupplements.be\/fr\/produit\/inuline-biologique-250g\/\" \/>\n<meta property=\"og:site_name\" content=\"ECO Supplements\" \/>\n<meta property=\"article:modified_time\" content=\"2025-08-27T13:31:21+00:00\" \/>\n<meta property=\"og:image\" content=\"https:\/\/ecosupplements.be\/wp-content\/uploads\/2025\/08\/Inulin-Organic-250g-1.jpg\" \/>\n\t<meta property=\"og:image:width\" content=\"600\" \/>\n\t<meta property=\"og:image:height\" content=\"600\" \/>\n\t<meta property=\"og:image:type\" content=\"image\/jpeg\" \/>\n<meta name=\"twitter:card\" content=\"summary_large_image\" \/>\n<meta name=\"twitter:label1\" content=\"Prix\" \/>\n\t<meta name=\"twitter:data1\" content=\"16.76&nbsp;&euro;\" \/>\n\t<meta name=\"twitter:label2\" content=\"Disponibilit\u00e9\" \/>\n\t<meta name=\"twitter:data2\" content=\"En stock\" \/>\n<script type=\"application\/ld+json\" class=\"yoast-schema-graph\">{\"@context\":\"https:\\\/\\\/schema.org\",\"@graph\":[{\"@type\":[\"WebPage\",\"ItemPage\"],\"@id\":\"https:\\\/\\\/ecosupplements.be\\\/fr\\\/produit\\\/inuline-biologique-250g\\\/\",\"url\":\"https:\\\/\\\/ecosupplements.be\\\/fr\\\/produit\\\/inuline-biologique-250g\\\/\",\"name\":\"Inuline biologique - 250g - ECO Supplements\",\"isPartOf\":{\"@id\":\"https:\\\/\\\/ecosupplements.be\\\/fr\\\/#website\"},\"primaryImageOfPage\":{\"@id\":\"https:\\\/\\\/ecosupplements.be\\\/fr\\\/produit\\\/inuline-biologique-250g\\\/#primaryimage\"},\"image\":{\"@id\":\"https:\\\/\\\/ecosupplements.be\\\/fr\\\/produit\\\/inuline-biologique-250g\\\/#primaryimage\"},\"thumbnailUrl\":\"https:\\\/\\\/ecosupplements.be\\\/wp-content\\\/uploads\\\/2025\\\/08\\\/Inulin-Organic-250g.jpg\",\"datePublished\":\"2024-03-06T21:09:39+00:00\",\"dateModified\":\"2025-08-27T13:31:21+00:00\",\"description\":\"Wij hebben een ruime keuze aan producten van Inuline biologique - 250g . Winkel bij Eco Supplements altijd gratis verzending boven 100\u20ac\",\"breadcrumb\":{\"@id\":\"https:\\\/\\\/ecosupplements.be\\\/fr\\\/produit\\\/inuline-biologique-250g\\\/#breadcrumb\"},\"inLanguage\":\"fr-FR\",\"potentialAction\":[{\"@type\":\"ReadAction\",\"target\":[\"https:\\\/\\\/ecosupplements.be\\\/fr\\\/produit\\\/inuline-biologique-250g\\\/\"]}]},{\"@type\":\"ImageObject\",\"inLanguage\":\"fr-FR\",\"@id\":\"https:\\\/\\\/ecosupplements.be\\\/fr\\\/produit\\\/inuline-biologique-250g\\\/#primaryimage\",\"url\":\"https:\\\/\\\/ecosupplements.be\\\/wp-content\\\/uploads\\\/2025\\\/08\\\/Inulin-Organic-250g.jpg\",\"contentUrl\":\"https:\\\/\\\/ecosupplements.be\\\/wp-content\\\/uploads\\\/2025\\\/08\\\/Inulin-Organic-250g.jpg\",\"width\":600,\"height\":600},{\"@type\":\"BreadcrumbList\",\"@id\":\"https:\\\/\\\/ecosupplements.be\\\/fr\\\/produit\\\/inuline-biologique-250g\\\/#breadcrumb\",\"itemListElement\":[{\"@type\":\"ListItem\",\"position\":1,\"name\":\"Home\",\"item\":\"https:\\\/\\\/ecosupplements.be\\\/fr\\\/\"},{\"@type\":\"ListItem\",\"position\":2,\"name\":\"Boutique\",\"item\":\"https:\\\/\\\/ecosupplements.be\\\/fr\\\/boutique\\\/\"},{\"@type\":\"ListItem\",\"position\":3,\"name\":\"Inuline biologique &#8211; 250g\"}]},{\"@type\":\"WebSite\",\"@id\":\"https:\\\/\\\/ecosupplements.be\\\/fr\\\/#website\",\"url\":\"https:\\\/\\\/ecosupplements.be\\\/fr\\\/\",\"name\":\"ECO Supplements\",\"description\":\"Eco Supplements - Gezonde supplementen\",\"publisher\":{\"@id\":\"https:\\\/\\\/ecosupplements.be\\\/fr\\\/#organization\"},\"potentialAction\":[{\"@type\":\"SearchAction\",\"target\":{\"@type\":\"EntryPoint\",\"urlTemplate\":\"https:\\\/\\\/ecosupplements.be\\\/fr\\\/?s={search_term_string}\"},\"query-input\":{\"@type\":\"PropertyValueSpecification\",\"valueRequired\":true,\"valueName\":\"search_term_string\"}}],\"inLanguage\":\"fr-FR\"},{\"@type\":\"Organization\",\"@id\":\"https:\\\/\\\/ecosupplements.be\\\/fr\\\/#organization\",\"name\":\"Eco Supplements\",\"url\":\"https:\\\/\\\/ecosupplements.be\\\/fr\\\/\",\"logo\":{\"@type\":\"ImageObject\",\"inLanguage\":\"fr-FR\",\"@id\":\"https:\\\/\\\/ecosupplements.be\\\/fr\\\/#\\\/schema\\\/logo\\\/image\\\/\",\"url\":\"https:\\\/\\\/ecosupplements.be\\\/wp-content\\\/uploads\\\/2022\\\/06\\\/ecosupplement-family.png\",\"contentUrl\":\"https:\\\/\\\/ecosupplements.be\\\/wp-content\\\/uploads\\\/2022\\\/06\\\/ecosupplement-family.png\",\"width\":593,\"height\":374,\"caption\":\"Eco Supplements\"},\"image\":{\"@id\":\"https:\\\/\\\/ecosupplements.be\\\/fr\\\/#\\\/schema\\\/logo\\\/image\\\/\"}}]}<\/script>\n<meta property=\"product:brand\" content=\"KIKI Health\" \/>\n<meta property=\"product:price:amount\" content=\"16.76\" \/>\n<meta property=\"product:price:currency\" content=\"EUR\" \/>\n<meta property=\"og:availability\" content=\"instock\" \/>\n<meta property=\"product:availability\" content=\"instock\" \/>\n<meta property=\"product:retailer_item_id\" content=\"5060018515847\" \/>\n<meta property=\"product:condition\" content=\"new\" \/>\n<!-- \/ Yoast SEO Premium plugin. -->","yoast_head_json":{"title":"Inuline biologique - 250g - ECO Supplements","description":"Wij hebben een ruime keuze aan producten van Inuline biologique - 250g . Winkel bij Eco Supplements altijd gratis verzending boven 100\u20ac","robots":{"index":"index","follow":"follow","max-snippet":"max-snippet:-1","max-image-preview":"max-image-preview:large","max-video-preview":"max-video-preview:-1"},"canonical":"https:\/\/ecosupplements.be\/fr\/produit\/inuline-biologique-250g\/","og_locale":"fr_FR","og_type":"article","og_title":"Inuline biologique - 250g","og_description":"Wij hebben een ruime keuze aan producten van Inuline biologique - 250g . Winkel bij Eco Supplements altijd gratis verzending boven 100\u20ac","og_url":"https:\/\/ecosupplements.be\/fr\/produit\/inuline-biologique-250g\/","og_site_name":"ECO Supplements","article_modified_time":"2025-08-27T13:31:21+00:00","og_image":[{"width":600,"height":600,"url":"https:\/\/ecosupplements.be\/wp-content\/uploads\/2025\/08\/Inulin-Organic-250g-1.jpg","type":"image\/jpeg"}],"twitter_card":"summary_large_image","twitter_misc":{"Prix":"16.76&nbsp;&euro;","Disponibilit\u00e9":"En stock"},"schema":{"@context":"https:\/\/schema.org","@graph":[{"@type":["WebPage","ItemPage"],"@id":"https:\/\/ecosupplements.be\/fr\/produit\/inuline-biologique-250g\/","url":"https:\/\/ecosupplements.be\/fr\/produit\/inuline-biologique-250g\/","name":"Inuline biologique - 250g - ECO Supplements","isPartOf":{"@id":"https:\/\/ecosupplements.be\/fr\/#website"},"primaryImageOfPage":{"@id":"https:\/\/ecosupplements.be\/fr\/produit\/inuline-biologique-250g\/#primaryimage"},"image":{"@id":"https:\/\/ecosupplements.be\/fr\/produit\/inuline-biologique-250g\/#primaryimage"},"thumbnailUrl":"https:\/\/ecosupplements.be\/wp-content\/uploads\/2025\/08\/Inulin-Organic-250g.jpg","datePublished":"2024-03-06T21:09:39+00:00","dateModified":"2025-08-27T13:31:21+00:00","description":"Wij hebben een ruime keuze aan producten van Inuline biologique - 250g . Winkel bij Eco Supplements altijd gratis verzending boven 100\u20ac","breadcrumb":{"@id":"https:\/\/ecosupplements.be\/fr\/produit\/inuline-biologique-250g\/#breadcrumb"},"inLanguage":"fr-FR","potentialAction":[{"@type":"ReadAction","target":["https:\/\/ecosupplements.be\/fr\/produit\/inuline-biologique-250g\/"]}]},{"@type":"ImageObject","inLanguage":"fr-FR","@id":"https:\/\/ecosupplements.be\/fr\/produit\/inuline-biologique-250g\/#primaryimage","url":"https:\/\/ecosupplements.be\/wp-content\/uploads\/2025\/08\/Inulin-Organic-250g.jpg","contentUrl":"https:\/\/ecosupplements.be\/wp-content\/uploads\/2025\/08\/Inulin-Organic-250g.jpg","width":600,"height":600},{"@type":"BreadcrumbList","@id":"https:\/\/ecosupplements.be\/fr\/produit\/inuline-biologique-250g\/#breadcrumb","itemListElement":[{"@type":"ListItem","position":1,"name":"Home","item":"https:\/\/ecosupplements.be\/fr\/"},{"@type":"ListItem","position":2,"name":"Boutique","item":"https:\/\/ecosupplements.be\/fr\/boutique\/"},{"@type":"ListItem","position":3,"name":"Inuline biologique &#8211; 250g"}]},{"@type":"WebSite","@id":"https:\/\/ecosupplements.be\/fr\/#website","url":"https:\/\/ecosupplements.be\/fr\/","name":"ECO Supplements","description":"Eco Supplements - Gezonde supplementen","publisher":{"@id":"https:\/\/ecosupplements.be\/fr\/#organization"},"potentialAction":[{"@type":"SearchAction","target":{"@type":"EntryPoint","urlTemplate":"https:\/\/ecosupplements.be\/fr\/?s={search_term_string}"},"query-input":{"@type":"PropertyValueSpecification","valueRequired":true,"valueName":"search_term_string"}}],"inLanguage":"fr-FR"},{"@type":"Organization","@id":"https:\/\/ecosupplements.be\/fr\/#organization","name":"Eco Supplements","url":"https:\/\/ecosupplements.be\/fr\/","logo":{"@type":"ImageObject","inLanguage":"fr-FR","@id":"https:\/\/ecosupplements.be\/fr\/#\/schema\/logo\/image\/","url":"https:\/\/ecosupplements.be\/wp-content\/uploads\/2022\/06\/ecosupplement-family.png","contentUrl":"https:\/\/ecosupplements.be\/wp-content\/uploads\/2022\/06\/ecosupplement-family.png","width":593,"height":374,"caption":"Eco Supplements"},"image":{"@id":"https:\/\/ecosupplements.be\/fr\/#\/schema\/logo\/image\/"}}]},"product_brand":"KIKI Health","product_price_amount":"16.76","product_price_currency":"EUR","og_availability":"instock","product_availability":"instock","product_retailer_item_id":"5060018515847","product_condition":"new"},"_links":{"self":[{"href":"https:\/\/ecosupplements.be\/fr\/wp-json\/wp\/v2\/product\/287869","targetHints":{"allow":["GET"]}}],"collection":[{"href":"https:\/\/ecosupplements.be\/fr\/wp-json\/wp\/v2\/product"}],"about":[{"href":"https:\/\/ecosupplements.be\/fr\/wp-json\/wp\/v2\/types\/product"}],"replies":[{"embeddable":true,"href":"https:\/\/ecosupplements.be\/fr\/wp-json\/wp\/v2\/comments?post=287869"}],"wp:featuredmedia":[{"embeddable":true,"href":"https:\/\/ecosupplements.be\/fr\/wp-json\/wp\/v2\/media\/262857"}],"wp:attachment":[{"href":"https:\/\/ecosupplements.be\/fr\/wp-json\/wp\/v2\/media?parent=287869"}],"wp:term":[{"taxonomy":"product_brand","embeddable":true,"href":"https:\/\/ecosupplements.be\/fr\/wp-json\/wp\/v2\/product_brand?post=287869"},{"taxonomy":"product_cat","embeddable":true,"href":"https:\/\/ecosupplements.be\/fr\/wp-json\/wp\/v2\/product_cat?post=287869"},{"taxonomy":"product_tag","embeddable":true,"href":"https:\/\/ecosupplements.be\/fr\/wp-json\/wp\/v2\/product_tag?post=287869"}],"curies":[{"name":"wp","href":"https:\/\/api.w.org\/{rel}","templated":true}]}}