{"id":287884,"date":"2024-03-08T01:00:31","date_gmt":"2024-03-08T00:00:31","guid":{"rendered":"https:\/\/ecosupplements.be\/product\/zinc-liquide-50-ml\/"},"modified":"2025-08-27T14:31:34","modified_gmt":"2025-08-27T13:31:34","slug":"zinc-liquide-50-ml","status":"publish","type":"product","link":"https:\/\/ecosupplements.be\/fr\/produit\/zinc-liquide-50-ml\/","title":{"rendered":"Zinc liquide &#8211; 50 ml"},"content":{"rendered":"<h1>Liquid Zinc &#8211; 50 ml<\/h1>\n<p>Le Liquid Zinc de la marque KIKI\u200b Health est un compl\u00e9ment alimentaire\u200c hautement concentr\u00e9\u2062 en zinc,\u2063 un min\u00e9ral essentiel pour le \u2062bon fonctionnement de\u200d notre organisme. Ce\u2064 produit est\u200c fabriqu\u00e9\u2064 au Royaume-Uni avec des \u200dingr\u00e9dients de qualit\u00e9 sup\u00e9rieure.<\/p>\n<h2>Caract\u00e9ristiques sp\u00e9ciales<\/h2>\n<ul>\n<li>Formule liquide hautement concentr\u00e9e<\/li>\n<li>Contient du zinc sous\u2062 forme de citrate, facilement absorbable par l&#8217;organisme<\/li>\n<li>Convient aux v\u00e9g\u00e9tariens et v\u00e9g\u00e9taliens<\/li>\n<li>Sans gluten, sans bl\u00e9, sans lactose, sans soja, sans OGM<\/li>\n<\/ul>\n<h2>Ingr\u00e9dients<\/h2>\n<p>Chaque dose de 5 gouttes (0,25 ml) contient 15 mg de zinc sous forme de citrate. Les autres ingr\u00e9dients sont de l&#8217;eau purifi\u00e9e et de l&#8217;acide citrique.<\/p>\n<h2>Avantages uniques<\/h2>\n<p>Le zinc est un min\u00e9ral essentiel pour de nombreuses fonctions de notre corps, notamment pour le syst\u00e8me immunitaire, la sant\u00e9 de la peau, la vision, la fertilit\u00e9 et la reproduction. Le Liquid Zinc de KIKI Health est une \u2062excellente source de zinc hautement absorbable, ce\u200d qui en fait un compl\u00e9ment id\u00e9al pour maintenir un bon \u00e9quilibre nutritionnel.<\/p>\n<h2>Principales\u2064 caract\u00e9ristiques<\/h2>\n<ul>\n<li>Flacon de\u2063 50 ml avec compte-gouttes pour une \u2062utilisation facile<\/li>\n<li>Formule hautement concentr\u00e9e pour une\u200b dose \u2062efficace\u200d en seulement 5\u2063 gouttes<\/li>\n<li>Convient\u200d \u00e0 tous les \u00e2ges et \u00e0 tous les modes de vie<\/li>\n<li>Produit fabriqu\u00e9 au Royaume-Uni avec des ingr\u00e9dients de qualit\u00e9 sup\u00e9rieure<\/li>\n<\/ul>\n<p>Ajoutez le Liquid Zinc de KIKI\u200d Health \u00e0\u200b votre routine quotidienne pour maintenir un bon\u2063 \u00e9quilibre en zinc\u200c et \u200cprofiter de tous ses bienfaits pour la sant\u00e9. Commandez d\u00e8s maintenant et d\u00e9couvrez par vous-m\u00eame les avantages de ce \u200dcompl\u00e9ment alimentaire de qualit\u00e9 sup\u00e9rieure.<\/p>\n","protected":false},"excerpt":{"rendered":"<p>Liquid Zinc &#8211; 50 ml Le Liquid Zinc de la marque KIKI\u200b Health est un compl\u00e9ment alimentaire\u200c hautement concentr\u00e9\u2062 en zinc,\u2063 un min\u00e9ral essentiel pour le \u2062bon fonctionnement de\u200d notre organisme. Ce\u2064 produit est\u200c fabriqu\u00e9\u2064 au Royaume-Uni avec des \u200dingr\u00e9dients de qualit\u00e9 sup\u00e9rieure. Caract\u00e9ristiques sp\u00e9ciales Formule liquide hautement concentr\u00e9e Contient du zinc sous\u2062 forme de [&#8230;]\n","protected":false},"featured_media":264116,"comment_status":"open","ping_status":"open","template":"","meta":[],"product_brand":[4722],"product_cat":[5052,5053],"product_tag":[],"class_list":{"0":"post-287884","1":"product","2":"type-product","3":"status-publish","4":"has-post-thumbnail","6":"product_brand-kiki-health-2","7":"product_cat-sante-et-bien-etre","8":"product_cat-vitamines-et-mineraux","10":"first","11":"instock","12":"taxable","13":"shipping-taxable","14":"purchasable","15":"product-type-simple"},"yoast_head":"<!-- This site is optimized with the Yoast SEO Premium plugin v27.3 (Yoast SEO v27.3) - https:\/\/yoast.com\/product\/yoast-seo-premium-wordpress\/ -->\n<title>Zinc liquide - 50 ml - ECO Supplements<\/title>\n<meta name=\"description\" content=\"Wij hebben een ruime keuze aan producten van Zinc liquide - 50 ml . Winkel bij Eco Supplements altijd gratis verzending boven 100\u20ac\" \/>\n<meta name=\"robots\" content=\"index, follow, max-snippet:-1, max-image-preview:large, max-video-preview:-1\" \/>\n<link rel=\"canonical\" href=\"https:\/\/ecosupplements.be\/fr\/produit\/zinc-liquide-50-ml\/\" \/>\n<meta property=\"og:locale\" content=\"fr_FR\" \/>\n<meta property=\"og:type\" content=\"article\" \/>\n<meta property=\"og:title\" content=\"Zinc liquide - 50 ml\" \/>\n<meta property=\"og:description\" content=\"Wij hebben een ruime keuze aan producten van Zinc liquide - 50 ml . Winkel bij Eco Supplements altijd gratis verzending boven 100\u20ac\" \/>\n<meta property=\"og:url\" content=\"https:\/\/ecosupplements.be\/fr\/produit\/zinc-liquide-50-ml\/\" \/>\n<meta property=\"og:site_name\" content=\"ECO Supplements\" \/>\n<meta property=\"article:modified_time\" content=\"2025-08-27T13:31:34+00:00\" \/>\n<meta property=\"og:image\" content=\"https:\/\/ecosupplements.be\/wp-content\/uploads\/2025\/08\/Liquid-Zinc-50-ml-1.jpg\" \/>\n\t<meta property=\"og:image:width\" content=\"600\" \/>\n\t<meta property=\"og:image:height\" content=\"600\" \/>\n\t<meta property=\"og:image:type\" content=\"image\/jpeg\" \/>\n<meta name=\"twitter:card\" content=\"summary_large_image\" \/>\n<meta name=\"twitter:label1\" content=\"Prix\" \/>\n\t<meta name=\"twitter:data1\" content=\"23.15&nbsp;&euro;\" \/>\n\t<meta name=\"twitter:label2\" content=\"Disponibilit\u00e9\" \/>\n\t<meta name=\"twitter:data2\" content=\"En stock\" \/>\n<script type=\"application\/ld+json\" class=\"yoast-schema-graph\">{\"@context\":\"https:\\\/\\\/schema.org\",\"@graph\":[{\"@type\":[\"WebPage\",\"ItemPage\"],\"@id\":\"https:\\\/\\\/ecosupplements.be\\\/fr\\\/produit\\\/zinc-liquide-50-ml\\\/\",\"url\":\"https:\\\/\\\/ecosupplements.be\\\/fr\\\/produit\\\/zinc-liquide-50-ml\\\/\",\"name\":\"Zinc liquide - 50 ml - ECO Supplements\",\"isPartOf\":{\"@id\":\"https:\\\/\\\/ecosupplements.be\\\/fr\\\/#website\"},\"primaryImageOfPage\":{\"@id\":\"https:\\\/\\\/ecosupplements.be\\\/fr\\\/produit\\\/zinc-liquide-50-ml\\\/#primaryimage\"},\"image\":{\"@id\":\"https:\\\/\\\/ecosupplements.be\\\/fr\\\/produit\\\/zinc-liquide-50-ml\\\/#primaryimage\"},\"thumbnailUrl\":\"https:\\\/\\\/ecosupplements.be\\\/wp-content\\\/uploads\\\/2025\\\/08\\\/Liquid-Zinc-50-ml.jpg\",\"datePublished\":\"2024-03-08T00:00:31+00:00\",\"dateModified\":\"2025-08-27T13:31:34+00:00\",\"description\":\"Wij hebben een ruime keuze aan producten van Zinc liquide - 50 ml . Winkel bij Eco Supplements altijd gratis verzending boven 100\u20ac\",\"breadcrumb\":{\"@id\":\"https:\\\/\\\/ecosupplements.be\\\/fr\\\/produit\\\/zinc-liquide-50-ml\\\/#breadcrumb\"},\"inLanguage\":\"fr-FR\",\"potentialAction\":[{\"@type\":\"ReadAction\",\"target\":[\"https:\\\/\\\/ecosupplements.be\\\/fr\\\/produit\\\/zinc-liquide-50-ml\\\/\"]}]},{\"@type\":\"ImageObject\",\"inLanguage\":\"fr-FR\",\"@id\":\"https:\\\/\\\/ecosupplements.be\\\/fr\\\/produit\\\/zinc-liquide-50-ml\\\/#primaryimage\",\"url\":\"https:\\\/\\\/ecosupplements.be\\\/wp-content\\\/uploads\\\/2025\\\/08\\\/Liquid-Zinc-50-ml.jpg\",\"contentUrl\":\"https:\\\/\\\/ecosupplements.be\\\/wp-content\\\/uploads\\\/2025\\\/08\\\/Liquid-Zinc-50-ml.jpg\",\"width\":600,\"height\":600},{\"@type\":\"BreadcrumbList\",\"@id\":\"https:\\\/\\\/ecosupplements.be\\\/fr\\\/produit\\\/zinc-liquide-50-ml\\\/#breadcrumb\",\"itemListElement\":[{\"@type\":\"ListItem\",\"position\":1,\"name\":\"Home\",\"item\":\"https:\\\/\\\/ecosupplements.be\\\/fr\\\/\"},{\"@type\":\"ListItem\",\"position\":2,\"name\":\"Boutique\",\"item\":\"https:\\\/\\\/ecosupplements.be\\\/fr\\\/boutique\\\/\"},{\"@type\":\"ListItem\",\"position\":3,\"name\":\"Zinc liquide &#8211; 50 ml\"}]},{\"@type\":\"WebSite\",\"@id\":\"https:\\\/\\\/ecosupplements.be\\\/fr\\\/#website\",\"url\":\"https:\\\/\\\/ecosupplements.be\\\/fr\\\/\",\"name\":\"ECO Supplements\",\"description\":\"Eco Supplements - Gezonde supplementen\",\"publisher\":{\"@id\":\"https:\\\/\\\/ecosupplements.be\\\/fr\\\/#organization\"},\"potentialAction\":[{\"@type\":\"SearchAction\",\"target\":{\"@type\":\"EntryPoint\",\"urlTemplate\":\"https:\\\/\\\/ecosupplements.be\\\/fr\\\/?s={search_term_string}\"},\"query-input\":{\"@type\":\"PropertyValueSpecification\",\"valueRequired\":true,\"valueName\":\"search_term_string\"}}],\"inLanguage\":\"fr-FR\"},{\"@type\":\"Organization\",\"@id\":\"https:\\\/\\\/ecosupplements.be\\\/fr\\\/#organization\",\"name\":\"Eco Supplements\",\"url\":\"https:\\\/\\\/ecosupplements.be\\\/fr\\\/\",\"logo\":{\"@type\":\"ImageObject\",\"inLanguage\":\"fr-FR\",\"@id\":\"https:\\\/\\\/ecosupplements.be\\\/fr\\\/#\\\/schema\\\/logo\\\/image\\\/\",\"url\":\"https:\\\/\\\/ecosupplements.be\\\/wp-content\\\/uploads\\\/2022\\\/06\\\/ecosupplement-family.png\",\"contentUrl\":\"https:\\\/\\\/ecosupplements.be\\\/wp-content\\\/uploads\\\/2022\\\/06\\\/ecosupplement-family.png\",\"width\":593,\"height\":374,\"caption\":\"Eco Supplements\"},\"image\":{\"@id\":\"https:\\\/\\\/ecosupplements.be\\\/fr\\\/#\\\/schema\\\/logo\\\/image\\\/\"}}]}<\/script>\n<meta property=\"product:brand\" content=\"KIKI Health\" \/>\n<meta property=\"product:price:amount\" content=\"23.15\" \/>\n<meta property=\"product:price:currency\" content=\"EUR\" \/>\n<meta property=\"og:availability\" content=\"instock\" \/>\n<meta property=\"product:availability\" content=\"instock\" \/>\n<meta property=\"product:retailer_item_id\" content=\"5060018515557\" \/>\n<meta property=\"product:condition\" content=\"new\" \/>\n<!-- \/ Yoast SEO Premium plugin. -->","yoast_head_json":{"title":"Zinc liquide - 50 ml - ECO Supplements","description":"Wij hebben een ruime keuze aan producten van Zinc liquide - 50 ml . Winkel bij Eco Supplements altijd gratis verzending boven 100\u20ac","robots":{"index":"index","follow":"follow","max-snippet":"max-snippet:-1","max-image-preview":"max-image-preview:large","max-video-preview":"max-video-preview:-1"},"canonical":"https:\/\/ecosupplements.be\/fr\/produit\/zinc-liquide-50-ml\/","og_locale":"fr_FR","og_type":"article","og_title":"Zinc liquide - 50 ml","og_description":"Wij hebben een ruime keuze aan producten van Zinc liquide - 50 ml . Winkel bij Eco Supplements altijd gratis verzending boven 100\u20ac","og_url":"https:\/\/ecosupplements.be\/fr\/produit\/zinc-liquide-50-ml\/","og_site_name":"ECO Supplements","article_modified_time":"2025-08-27T13:31:34+00:00","og_image":[{"width":600,"height":600,"url":"https:\/\/ecosupplements.be\/wp-content\/uploads\/2025\/08\/Liquid-Zinc-50-ml-1.jpg","type":"image\/jpeg"}],"twitter_card":"summary_large_image","twitter_misc":{"Prix":"23.15&nbsp;&euro;","Disponibilit\u00e9":"En stock"},"schema":{"@context":"https:\/\/schema.org","@graph":[{"@type":["WebPage","ItemPage"],"@id":"https:\/\/ecosupplements.be\/fr\/produit\/zinc-liquide-50-ml\/","url":"https:\/\/ecosupplements.be\/fr\/produit\/zinc-liquide-50-ml\/","name":"Zinc liquide - 50 ml - ECO Supplements","isPartOf":{"@id":"https:\/\/ecosupplements.be\/fr\/#website"},"primaryImageOfPage":{"@id":"https:\/\/ecosupplements.be\/fr\/produit\/zinc-liquide-50-ml\/#primaryimage"},"image":{"@id":"https:\/\/ecosupplements.be\/fr\/produit\/zinc-liquide-50-ml\/#primaryimage"},"thumbnailUrl":"https:\/\/ecosupplements.be\/wp-content\/uploads\/2025\/08\/Liquid-Zinc-50-ml.jpg","datePublished":"2024-03-08T00:00:31+00:00","dateModified":"2025-08-27T13:31:34+00:00","description":"Wij hebben een ruime keuze aan producten van Zinc liquide - 50 ml . Winkel bij Eco Supplements altijd gratis verzending boven 100\u20ac","breadcrumb":{"@id":"https:\/\/ecosupplements.be\/fr\/produit\/zinc-liquide-50-ml\/#breadcrumb"},"inLanguage":"fr-FR","potentialAction":[{"@type":"ReadAction","target":["https:\/\/ecosupplements.be\/fr\/produit\/zinc-liquide-50-ml\/"]}]},{"@type":"ImageObject","inLanguage":"fr-FR","@id":"https:\/\/ecosupplements.be\/fr\/produit\/zinc-liquide-50-ml\/#primaryimage","url":"https:\/\/ecosupplements.be\/wp-content\/uploads\/2025\/08\/Liquid-Zinc-50-ml.jpg","contentUrl":"https:\/\/ecosupplements.be\/wp-content\/uploads\/2025\/08\/Liquid-Zinc-50-ml.jpg","width":600,"height":600},{"@type":"BreadcrumbList","@id":"https:\/\/ecosupplements.be\/fr\/produit\/zinc-liquide-50-ml\/#breadcrumb","itemListElement":[{"@type":"ListItem","position":1,"name":"Home","item":"https:\/\/ecosupplements.be\/fr\/"},{"@type":"ListItem","position":2,"name":"Boutique","item":"https:\/\/ecosupplements.be\/fr\/boutique\/"},{"@type":"ListItem","position":3,"name":"Zinc liquide &#8211; 50 ml"}]},{"@type":"WebSite","@id":"https:\/\/ecosupplements.be\/fr\/#website","url":"https:\/\/ecosupplements.be\/fr\/","name":"ECO Supplements","description":"Eco Supplements - Gezonde supplementen","publisher":{"@id":"https:\/\/ecosupplements.be\/fr\/#organization"},"potentialAction":[{"@type":"SearchAction","target":{"@type":"EntryPoint","urlTemplate":"https:\/\/ecosupplements.be\/fr\/?s={search_term_string}"},"query-input":{"@type":"PropertyValueSpecification","valueRequired":true,"valueName":"search_term_string"}}],"inLanguage":"fr-FR"},{"@type":"Organization","@id":"https:\/\/ecosupplements.be\/fr\/#organization","name":"Eco Supplements","url":"https:\/\/ecosupplements.be\/fr\/","logo":{"@type":"ImageObject","inLanguage":"fr-FR","@id":"https:\/\/ecosupplements.be\/fr\/#\/schema\/logo\/image\/","url":"https:\/\/ecosupplements.be\/wp-content\/uploads\/2022\/06\/ecosupplement-family.png","contentUrl":"https:\/\/ecosupplements.be\/wp-content\/uploads\/2022\/06\/ecosupplement-family.png","width":593,"height":374,"caption":"Eco Supplements"},"image":{"@id":"https:\/\/ecosupplements.be\/fr\/#\/schema\/logo\/image\/"}}]},"product_brand":"KIKI Health","product_price_amount":"23.15","product_price_currency":"EUR","og_availability":"instock","product_availability":"instock","product_retailer_item_id":"5060018515557","product_condition":"new"},"_links":{"self":[{"href":"https:\/\/ecosupplements.be\/fr\/wp-json\/wp\/v2\/product\/287884","targetHints":{"allow":["GET"]}}],"collection":[{"href":"https:\/\/ecosupplements.be\/fr\/wp-json\/wp\/v2\/product"}],"about":[{"href":"https:\/\/ecosupplements.be\/fr\/wp-json\/wp\/v2\/types\/product"}],"replies":[{"embeddable":true,"href":"https:\/\/ecosupplements.be\/fr\/wp-json\/wp\/v2\/comments?post=287884"}],"wp:featuredmedia":[{"embeddable":true,"href":"https:\/\/ecosupplements.be\/fr\/wp-json\/wp\/v2\/media\/264116"}],"wp:attachment":[{"href":"https:\/\/ecosupplements.be\/fr\/wp-json\/wp\/v2\/media?parent=287884"}],"wp:term":[{"taxonomy":"product_brand","embeddable":true,"href":"https:\/\/ecosupplements.be\/fr\/wp-json\/wp\/v2\/product_brand?post=287884"},{"taxonomy":"product_cat","embeddable":true,"href":"https:\/\/ecosupplements.be\/fr\/wp-json\/wp\/v2\/product_cat?post=287884"},{"taxonomy":"product_tag","embeddable":true,"href":"https:\/\/ecosupplements.be\/fr\/wp-json\/wp\/v2\/product_tag?post=287884"}],"curies":[{"name":"wp","href":"https:\/\/api.w.org\/{rel}","templated":true}]}}