{"id":287905,"date":"2024-04-12T02:40:17","date_gmt":"2024-04-12T01:40:17","guid":{"rendered":"https:\/\/ecosupplements.be\/product\/resveratrol-60-gelules-2\/"},"modified":"2025-08-27T14:31:53","modified_gmt":"2025-08-27T13:31:53","slug":"resveratrol-60-gelules-2","status":"publish","type":"product","link":"https:\/\/ecosupplements.be\/fr\/produit\/resveratrol-60-gelules-2\/","title":{"rendered":"Resv\u00e9ratrol &#8211; 60 g\u00e9lules"},"content":{"rendered":"<h1>Resveratrol\u200d &#8211; 60 vcaps<\/h1>\n<p>Le Resveratrol de\u200b KIKI Health est un\u2063 compl\u00e9ment alimentaire hautement concentr\u00e9 en antioxydants, con\u00e7u pour soutenir la sant\u00e9 globale et le bien-\u00eatre. \u2063Chaque capsule v\u00e9g\u00e9tale \u200dcontient 250 mg de resv\u00e9ratrol pur,\u200b extrait de \u2064la peau de raisin rouge et de\u2062 la racine de renou\u00e9e du\u200d Japon.<\/p>\n<h2>Caract\u00e9ristiques sp\u00e9ciales:<\/h2>\n<ul>\n<li>Contient 250 \u200bmg de resv\u00e9ratrol \u2062pur par capsule<\/li>\n<li>Extrait de la peau de raisin rouge et de la racine de renou\u00e9e du Japon<\/li>\n<li>Haute concentration en\u200b antioxydants<\/li>\n<li>Convient aux v\u00e9g\u00e9tariens et v\u00e9g\u00e9taliens<\/li>\n<li>Fabriqu\u00e9 au Royaume-Uni<\/li>\n<\/ul>\n<h2>Ingr\u00e9dients:<\/h2>\n<p>Resv\u00e9ratrol (extrait\u200b de \u200bpeau de raisin rouge et\u2062 de racine de renou\u00e9e du Japon), capsule v\u00e9g\u00e9tale (hydroxypropylm\u00e9thylcellulose).<\/p>\n<h2>Avantages uniques:<\/h2>\n<p>Le resv\u00e9ratrol est un puissant antioxydant qui peut aider \u00e0 prot\u00e9ger \u2063les cellules contre les dommages caus\u00e9s par les\u2063 radicaux libres. Il peut \u00e9galement soutenir la sant\u00e9 cardiovasculaire, la fonction cognitive et la sant\u00e9 de\u200c la peau.<\/p>\n<p>Ce compl\u00e9ment alimentaire hautement concentr\u00e9 en resv\u00e9ratrol est \u200did\u00e9al pour ceux qui cherchent \u00e0 \u2063renforcer leur\u2062 syst\u00e8me immunitaire et \u00e0 am\u00e9liorer leur sant\u00e9 globale. Il est \u00e9galement adapt\u00e9 \u2064aux v\u00e9g\u00e9tariens et v\u00e9g\u00e9taliens, et est fabriqu\u00e9 au Royaume-Uni\u200c selon les normes de qualit\u00e9 les plus \u00e9lev\u00e9es.<\/p>\n<h2>Conseils d&#8217;utilisation:<\/h2>\n<p>Prenez \u20631 capsule par jour avec de l&#8217;eau, de pr\u00e9f\u00e9rence pendant un repas.<\/p>\n<p>Ne \u2063pas d\u00e9passer la dose recommand\u00e9e.\u2064 Ce \u2064compl\u00e9ment \u200balimentaire\u200d ne doit pas \u00eatre utilis\u00e9 comme \u2062substitut \u00e0 une alimentation vari\u00e9e \u200bet \u200d\u00e9quilibr\u00e9e. Tenir \u2063hors de port\u00e9e des enfants. Consultez \u200bun \u2063professionnel\u200d de sant\u00e9 \u200davant de prendre ce produit si\u2062 vous \u00eates enceinte, allaitez ou si vous prenez des m\u00e9dicaments.<\/p>\n<p>Conservez \u2064dans un \u200cendroit frais et sec, \u00e0 l&#8217;abri de la lumi\u00e8re directe du \u2063soleil.<\/p>\n<p>Offrez \u00e0 votre corps un soutien antioxydant puissant avec \u200ble Resveratrol de KIKI Health. Commandez d\u00e8s maintenant et profitez\u2064 d&#8217;une\u2063 sant\u00e9 \u200boptimale et d&#8217;un bien-\u00eatre g\u00e9n\u00e9ral am\u00e9lior\u00e9.<\/p>\n","protected":false},"excerpt":{"rendered":"<p>Resveratrol\u200d &#8211; 60 vcaps Le Resveratrol de\u200b KIKI Health est un\u2063 compl\u00e9ment alimentaire hautement concentr\u00e9 en antioxydants, con\u00e7u pour soutenir la sant\u00e9 globale et le bien-\u00eatre. \u2063Chaque capsule v\u00e9g\u00e9tale \u200dcontient 250 mg de resv\u00e9ratrol pur,\u200b extrait de \u2064la peau de raisin rouge et de\u2062 la racine de renou\u00e9e du\u200d Japon. Caract\u00e9ristiques sp\u00e9ciales: Contient 250 \u200bmg [&#8230;]\n","protected":false},"featured_media":265364,"comment_status":"open","ping_status":"open","template":"","meta":[],"product_brand":[4722],"product_cat":[5054,5055,5052],"product_tag":[],"class_list":{"0":"post-287905","1":"product","2":"type-product","3":"status-publish","4":"has-post-thumbnail","6":"product_brand-kiki-health-2","7":"product_cat-nourriture-saine","8":"product_cat-produits-vegetaliens","9":"product_cat-sante-et-bien-etre","11":"first","12":"instock","13":"taxable","14":"shipping-taxable","15":"purchasable","16":"product-type-simple"},"yoast_head":"<!-- This site is optimized with the Yoast SEO Premium plugin v27.3 (Yoast SEO v27.3) - https:\/\/yoast.com\/product\/yoast-seo-premium-wordpress\/ -->\n<title>Resv\u00e9ratrol - 60 g\u00e9lules - ECO Supplements<\/title>\n<meta name=\"description\" content=\"Wij hebben een ruime keuze aan producten van Resv\u00e9ratrol - 60 g\u00e9lules . Winkel bij Eco Supplements altijd gratis verzending boven 100\u20ac\" \/>\n<meta name=\"robots\" content=\"index, follow, max-snippet:-1, max-image-preview:large, max-video-preview:-1\" \/>\n<link rel=\"canonical\" href=\"https:\/\/ecosupplements.be\/fr\/produit\/resveratrol-60-gelules-2\/\" \/>\n<meta property=\"og:locale\" content=\"fr_FR\" \/>\n<meta property=\"og:type\" content=\"article\" \/>\n<meta property=\"og:title\" content=\"Resv\u00e9ratrol - 60 g\u00e9lules\" \/>\n<meta property=\"og:description\" content=\"Wij hebben een ruime keuze aan producten van Resv\u00e9ratrol - 60 g\u00e9lules . Winkel bij Eco Supplements altijd gratis verzending boven 100\u20ac\" \/>\n<meta property=\"og:url\" content=\"https:\/\/ecosupplements.be\/fr\/produit\/resveratrol-60-gelules-2\/\" \/>\n<meta property=\"og:site_name\" content=\"ECO Supplements\" \/>\n<meta property=\"article:modified_time\" content=\"2025-08-27T13:31:53+00:00\" \/>\n<meta property=\"og:image\" content=\"https:\/\/ecosupplements.be\/wp-content\/uploads\/2025\/08\/Resveratrol-60-vcaps-3.jpg\" \/>\n\t<meta property=\"og:image:width\" content=\"600\" \/>\n\t<meta property=\"og:image:height\" content=\"600\" \/>\n\t<meta property=\"og:image:type\" content=\"image\/jpeg\" \/>\n<meta name=\"twitter:card\" content=\"summary_large_image\" \/>\n<meta name=\"twitter:label1\" content=\"Prix\" \/>\n\t<meta name=\"twitter:data1\" content=\"33.01&nbsp;&euro;\" \/>\n\t<meta name=\"twitter:label2\" content=\"Disponibilit\u00e9\" \/>\n\t<meta name=\"twitter:data2\" content=\"En stock\" \/>\n<script type=\"application\/ld+json\" class=\"yoast-schema-graph\">{\"@context\":\"https:\\\/\\\/schema.org\",\"@graph\":[{\"@type\":[\"WebPage\",\"ItemPage\"],\"@id\":\"https:\\\/\\\/ecosupplements.be\\\/fr\\\/produit\\\/resveratrol-60-gelules-2\\\/\",\"url\":\"https:\\\/\\\/ecosupplements.be\\\/fr\\\/produit\\\/resveratrol-60-gelules-2\\\/\",\"name\":\"Resv\u00e9ratrol - 60 g\u00e9lules - ECO Supplements\",\"isPartOf\":{\"@id\":\"https:\\\/\\\/ecosupplements.be\\\/fr\\\/#website\"},\"primaryImageOfPage\":{\"@id\":\"https:\\\/\\\/ecosupplements.be\\\/fr\\\/produit\\\/resveratrol-60-gelules-2\\\/#primaryimage\"},\"image\":{\"@id\":\"https:\\\/\\\/ecosupplements.be\\\/fr\\\/produit\\\/resveratrol-60-gelules-2\\\/#primaryimage\"},\"thumbnailUrl\":\"https:\\\/\\\/ecosupplements.be\\\/wp-content\\\/uploads\\\/2025\\\/08\\\/Resveratrol-60-vcaps-1.jpg\",\"datePublished\":\"2024-04-12T01:40:17+00:00\",\"dateModified\":\"2025-08-27T13:31:53+00:00\",\"description\":\"Wij hebben een ruime keuze aan producten van Resv\u00e9ratrol - 60 g\u00e9lules . Winkel bij Eco Supplements altijd gratis verzending boven 100\u20ac\",\"breadcrumb\":{\"@id\":\"https:\\\/\\\/ecosupplements.be\\\/fr\\\/produit\\\/resveratrol-60-gelules-2\\\/#breadcrumb\"},\"inLanguage\":\"fr-FR\",\"potentialAction\":[{\"@type\":\"ReadAction\",\"target\":[\"https:\\\/\\\/ecosupplements.be\\\/fr\\\/produit\\\/resveratrol-60-gelules-2\\\/\"]}]},{\"@type\":\"ImageObject\",\"inLanguage\":\"fr-FR\",\"@id\":\"https:\\\/\\\/ecosupplements.be\\\/fr\\\/produit\\\/resveratrol-60-gelules-2\\\/#primaryimage\",\"url\":\"https:\\\/\\\/ecosupplements.be\\\/wp-content\\\/uploads\\\/2025\\\/08\\\/Resveratrol-60-vcaps-1.jpg\",\"contentUrl\":\"https:\\\/\\\/ecosupplements.be\\\/wp-content\\\/uploads\\\/2025\\\/08\\\/Resveratrol-60-vcaps-1.jpg\",\"width\":600,\"height\":600},{\"@type\":\"BreadcrumbList\",\"@id\":\"https:\\\/\\\/ecosupplements.be\\\/fr\\\/produit\\\/resveratrol-60-gelules-2\\\/#breadcrumb\",\"itemListElement\":[{\"@type\":\"ListItem\",\"position\":1,\"name\":\"Home\",\"item\":\"https:\\\/\\\/ecosupplements.be\\\/fr\\\/\"},{\"@type\":\"ListItem\",\"position\":2,\"name\":\"Boutique\",\"item\":\"https:\\\/\\\/ecosupplements.be\\\/fr\\\/boutique\\\/\"},{\"@type\":\"ListItem\",\"position\":3,\"name\":\"Resv\u00e9ratrol &#8211; 60 g\u00e9lules\"}]},{\"@type\":\"WebSite\",\"@id\":\"https:\\\/\\\/ecosupplements.be\\\/fr\\\/#website\",\"url\":\"https:\\\/\\\/ecosupplements.be\\\/fr\\\/\",\"name\":\"ECO Supplements\",\"description\":\"Eco Supplements - Gezonde supplementen\",\"publisher\":{\"@id\":\"https:\\\/\\\/ecosupplements.be\\\/fr\\\/#organization\"},\"potentialAction\":[{\"@type\":\"SearchAction\",\"target\":{\"@type\":\"EntryPoint\",\"urlTemplate\":\"https:\\\/\\\/ecosupplements.be\\\/fr\\\/?s={search_term_string}\"},\"query-input\":{\"@type\":\"PropertyValueSpecification\",\"valueRequired\":true,\"valueName\":\"search_term_string\"}}],\"inLanguage\":\"fr-FR\"},{\"@type\":\"Organization\",\"@id\":\"https:\\\/\\\/ecosupplements.be\\\/fr\\\/#organization\",\"name\":\"Eco Supplements\",\"url\":\"https:\\\/\\\/ecosupplements.be\\\/fr\\\/\",\"logo\":{\"@type\":\"ImageObject\",\"inLanguage\":\"fr-FR\",\"@id\":\"https:\\\/\\\/ecosupplements.be\\\/fr\\\/#\\\/schema\\\/logo\\\/image\\\/\",\"url\":\"https:\\\/\\\/ecosupplements.be\\\/wp-content\\\/uploads\\\/2022\\\/06\\\/ecosupplement-family.png\",\"contentUrl\":\"https:\\\/\\\/ecosupplements.be\\\/wp-content\\\/uploads\\\/2022\\\/06\\\/ecosupplement-family.png\",\"width\":593,\"height\":374,\"caption\":\"Eco Supplements\"},\"image\":{\"@id\":\"https:\\\/\\\/ecosupplements.be\\\/fr\\\/#\\\/schema\\\/logo\\\/image\\\/\"}}]}<\/script>\n<meta property=\"product:brand\" content=\"KIKI Health\" \/>\n<meta property=\"product:price:amount\" content=\"33.01\" \/>\n<meta property=\"product:price:currency\" content=\"EUR\" \/>\n<meta property=\"og:availability\" content=\"instock\" \/>\n<meta property=\"product:availability\" content=\"instock\" \/>\n<meta property=\"product:retailer_item_id\" content=\"5060018516578\" \/>\n<meta property=\"product:condition\" content=\"new\" \/>\n<!-- \/ Yoast SEO Premium plugin. -->","yoast_head_json":{"title":"Resv\u00e9ratrol - 60 g\u00e9lules - ECO Supplements","description":"Wij hebben een ruime keuze aan producten van Resv\u00e9ratrol - 60 g\u00e9lules . Winkel bij Eco Supplements altijd gratis verzending boven 100\u20ac","robots":{"index":"index","follow":"follow","max-snippet":"max-snippet:-1","max-image-preview":"max-image-preview:large","max-video-preview":"max-video-preview:-1"},"canonical":"https:\/\/ecosupplements.be\/fr\/produit\/resveratrol-60-gelules-2\/","og_locale":"fr_FR","og_type":"article","og_title":"Resv\u00e9ratrol - 60 g\u00e9lules","og_description":"Wij hebben een ruime keuze aan producten van Resv\u00e9ratrol - 60 g\u00e9lules . Winkel bij Eco Supplements altijd gratis verzending boven 100\u20ac","og_url":"https:\/\/ecosupplements.be\/fr\/produit\/resveratrol-60-gelules-2\/","og_site_name":"ECO Supplements","article_modified_time":"2025-08-27T13:31:53+00:00","og_image":[{"width":600,"height":600,"url":"https:\/\/ecosupplements.be\/wp-content\/uploads\/2025\/08\/Resveratrol-60-vcaps-3.jpg","type":"image\/jpeg"}],"twitter_card":"summary_large_image","twitter_misc":{"Prix":"33.01&nbsp;&euro;","Disponibilit\u00e9":"En stock"},"schema":{"@context":"https:\/\/schema.org","@graph":[{"@type":["WebPage","ItemPage"],"@id":"https:\/\/ecosupplements.be\/fr\/produit\/resveratrol-60-gelules-2\/","url":"https:\/\/ecosupplements.be\/fr\/produit\/resveratrol-60-gelules-2\/","name":"Resv\u00e9ratrol - 60 g\u00e9lules - ECO Supplements","isPartOf":{"@id":"https:\/\/ecosupplements.be\/fr\/#website"},"primaryImageOfPage":{"@id":"https:\/\/ecosupplements.be\/fr\/produit\/resveratrol-60-gelules-2\/#primaryimage"},"image":{"@id":"https:\/\/ecosupplements.be\/fr\/produit\/resveratrol-60-gelules-2\/#primaryimage"},"thumbnailUrl":"https:\/\/ecosupplements.be\/wp-content\/uploads\/2025\/08\/Resveratrol-60-vcaps-1.jpg","datePublished":"2024-04-12T01:40:17+00:00","dateModified":"2025-08-27T13:31:53+00:00","description":"Wij hebben een ruime keuze aan producten van Resv\u00e9ratrol - 60 g\u00e9lules . Winkel bij Eco Supplements altijd gratis verzending boven 100\u20ac","breadcrumb":{"@id":"https:\/\/ecosupplements.be\/fr\/produit\/resveratrol-60-gelules-2\/#breadcrumb"},"inLanguage":"fr-FR","potentialAction":[{"@type":"ReadAction","target":["https:\/\/ecosupplements.be\/fr\/produit\/resveratrol-60-gelules-2\/"]}]},{"@type":"ImageObject","inLanguage":"fr-FR","@id":"https:\/\/ecosupplements.be\/fr\/produit\/resveratrol-60-gelules-2\/#primaryimage","url":"https:\/\/ecosupplements.be\/wp-content\/uploads\/2025\/08\/Resveratrol-60-vcaps-1.jpg","contentUrl":"https:\/\/ecosupplements.be\/wp-content\/uploads\/2025\/08\/Resveratrol-60-vcaps-1.jpg","width":600,"height":600},{"@type":"BreadcrumbList","@id":"https:\/\/ecosupplements.be\/fr\/produit\/resveratrol-60-gelules-2\/#breadcrumb","itemListElement":[{"@type":"ListItem","position":1,"name":"Home","item":"https:\/\/ecosupplements.be\/fr\/"},{"@type":"ListItem","position":2,"name":"Boutique","item":"https:\/\/ecosupplements.be\/fr\/boutique\/"},{"@type":"ListItem","position":3,"name":"Resv\u00e9ratrol &#8211; 60 g\u00e9lules"}]},{"@type":"WebSite","@id":"https:\/\/ecosupplements.be\/fr\/#website","url":"https:\/\/ecosupplements.be\/fr\/","name":"ECO Supplements","description":"Eco Supplements - Gezonde supplementen","publisher":{"@id":"https:\/\/ecosupplements.be\/fr\/#organization"},"potentialAction":[{"@type":"SearchAction","target":{"@type":"EntryPoint","urlTemplate":"https:\/\/ecosupplements.be\/fr\/?s={search_term_string}"},"query-input":{"@type":"PropertyValueSpecification","valueRequired":true,"valueName":"search_term_string"}}],"inLanguage":"fr-FR"},{"@type":"Organization","@id":"https:\/\/ecosupplements.be\/fr\/#organization","name":"Eco Supplements","url":"https:\/\/ecosupplements.be\/fr\/","logo":{"@type":"ImageObject","inLanguage":"fr-FR","@id":"https:\/\/ecosupplements.be\/fr\/#\/schema\/logo\/image\/","url":"https:\/\/ecosupplements.be\/wp-content\/uploads\/2022\/06\/ecosupplement-family.png","contentUrl":"https:\/\/ecosupplements.be\/wp-content\/uploads\/2022\/06\/ecosupplement-family.png","width":593,"height":374,"caption":"Eco Supplements"},"image":{"@id":"https:\/\/ecosupplements.be\/fr\/#\/schema\/logo\/image\/"}}]},"product_brand":"KIKI Health","product_price_amount":"33.01","product_price_currency":"EUR","og_availability":"instock","product_availability":"instock","product_retailer_item_id":"5060018516578","product_condition":"new"},"_links":{"self":[{"href":"https:\/\/ecosupplements.be\/fr\/wp-json\/wp\/v2\/product\/287905","targetHints":{"allow":["GET"]}}],"collection":[{"href":"https:\/\/ecosupplements.be\/fr\/wp-json\/wp\/v2\/product"}],"about":[{"href":"https:\/\/ecosupplements.be\/fr\/wp-json\/wp\/v2\/types\/product"}],"replies":[{"embeddable":true,"href":"https:\/\/ecosupplements.be\/fr\/wp-json\/wp\/v2\/comments?post=287905"}],"wp:featuredmedia":[{"embeddable":true,"href":"https:\/\/ecosupplements.be\/fr\/wp-json\/wp\/v2\/media\/265364"}],"wp:attachment":[{"href":"https:\/\/ecosupplements.be\/fr\/wp-json\/wp\/v2\/media?parent=287905"}],"wp:term":[{"taxonomy":"product_brand","embeddable":true,"href":"https:\/\/ecosupplements.be\/fr\/wp-json\/wp\/v2\/product_brand?post=287905"},{"taxonomy":"product_cat","embeddable":true,"href":"https:\/\/ecosupplements.be\/fr\/wp-json\/wp\/v2\/product_cat?post=287905"},{"taxonomy":"product_tag","embeddable":true,"href":"https:\/\/ecosupplements.be\/fr\/wp-json\/wp\/v2\/product_tag?post=287905"}],"curies":[{"name":"wp","href":"https:\/\/api.w.org\/{rel}","templated":true}]}}