{"id":287908,"date":"2022-10-05T23:55:58","date_gmt":"2022-10-05T22:55:58","guid":{"rendered":"https:\/\/ecosupplements.be\/product\/kelp-de-mer-biologique-500mg-90-capsules\/"},"modified":"2025-08-27T14:31:56","modified_gmt":"2025-08-27T13:31:56","slug":"kelp-de-mer-biologique-500mg-90-capsules","status":"publish","type":"product","link":"https:\/\/ecosupplements.be\/fr\/produit\/kelp-de-mer-biologique-500mg-90-capsules\/","title":{"rendered":"Kelp de mer biologique, 500mg &#8211; 90 capsules"},"content":{"rendered":"<h1>D\u00e9couvrez\u200c les bienfaits de la \u2062Sea Kelp Organic de \u2063KIKI\u200b Health<\/h1>\n<p>La Sea Kelp Organic de\u2064 KIKI \u2064Health est un compl\u00e9ment alimentaire naturel et biologique qui contient 500mg de poudre de varech par capsule. Le varech est\u2062 une algue marine riche en nutriments et en\u2064 min\u00e9raux essentiels pour la \u2063sant\u00e9.<\/p>\n<h2>Ingr\u00e9dients de qualit\u00e9 \u200dsup\u00e9rieure<\/h2>\n<p>Ce produit est \u2064fabriqu\u00e9\u2063 \u00e0 partir \u2063de varech biologique r\u00e9colt\u00e9\u200b dans les eaux pures et cristallines de\u200c l&#8217;Atlantique Nord. Il \u200cest ensuite s\u00e9ch\u00e9 et broy\u00e9 pour en faire une\u200c poudre fine, pr\u00e9servant ainsi tous \u2063ses nutriments et ses bienfaits pour la sant\u00e9.<\/p>\n<h2>Des bienfaits pour la sant\u00e9<\/h2>\n<p>La Sea Kelp \u2064Organic de \u200cKIKI Health est riche en iode, un min\u00e9ral \u2064essentiel pour le bon fonctionnement de\u2064 la glande thyro\u00efde. Elle contient \u00e9galement des vitamines B, C et E, ainsi que \u2063des \u200bmin\u00e9raux\u2062 tels que \u200cle calcium, le magn\u00e9sium et le fer.<\/p>\n<p>Ce compl\u00e9ment alimentaire peut aider \u00e0 maintenir\u200d un m\u00e9tabolisme sain, \u00e0 renforcer\u200d le \u200bsyst\u00e8me immunitaire \u200cet \u00e0 am\u00e9liorer \u200dla sant\u00e9 de la peau, des cheveux\u2063 et des ongles. Il peut \u00e9galement contribuer \u00e0 r\u00e9duire la fatigue et \u00e0\u2064 augmenter l&#8217;\u00e9nergie.<\/p>\n<h2>Facile \u00e0\u2062 prendre<\/h2>\n<p>Chaque bouteille contient 90 capsules v\u00e9g\u00e9tales,\u2064 ce \u200dqui \u00e9quivaut \u2064\u00e0 un approvisionnement de 3\u2062 mois. Les capsules sont faciles \u00e0 \u2063avaler et conviennent aux v\u00e9g\u00e9tariens \u200cet\u2062 aux \u2063v\u00e9g\u00e9taliens.<\/p>\n<h2>Utilisation sugg\u00e9r\u00e9e<\/h2>\n<p>Il est recommand\u00e9 de prendre 1 \u00e0 2 capsules par jour\u2062 avec de l&#8217;eau, de pr\u00e9f\u00e9rence pendant les \u2063repas. Ne pas d\u00e9passer la dose quotidienne recommand\u00e9e.<\/p>\n<h2>Essayez la \u2062Sea Kelp \u200bOrganic \u2063de KIKI Health d\u00e8s aujourd&#8217;hui<\/h2>\n<p>Ajoutez la\u2063 Sea Kelp Organic de KIKI Health \u00e0 votre routine\u2063 quotidienne pour \u200cb\u00e9n\u00e9ficier de ses nombreux bienfaits pour la \u2064sant\u00e9. Commandez d\u00e8s\u2063 maintenant et profitez d&#8217;un produit \u2064naturel et biologique de qualit\u00e9 \u2063sup\u00e9rieure.<\/p>\n","protected":false},"excerpt":{"rendered":"<p>D\u00e9couvrez\u200c les bienfaits de la \u2062Sea Kelp Organic de \u2063KIKI\u200b Health La Sea Kelp Organic de\u2064 KIKI \u2064Health est un compl\u00e9ment alimentaire naturel et biologique qui contient 500mg de poudre de varech par capsule. Le varech est\u2062 une algue marine riche en nutriments et en\u2064 min\u00e9raux essentiels pour la \u2063sant\u00e9. Ingr\u00e9dients de qualit\u00e9 \u200dsup\u00e9rieure Ce [&#8230;]\n","protected":false},"featured_media":260969,"comment_status":"open","ping_status":"open","template":"","meta":[],"product_brand":[4722],"product_cat":[5064,5052,5053],"product_tag":[],"class_list":{"0":"post-287908","1":"product","2":"type-product","3":"status-publish","4":"has-post-thumbnail","6":"product_brand-kiki-health-2","7":"product_cat-mineraux-simples","8":"product_cat-sante-et-bien-etre","9":"product_cat-vitamines-et-mineraux","11":"first","12":"instock","13":"sale","14":"taxable","15":"shipping-taxable","16":"purchasable","17":"product-type-simple"},"yoast_head":"<!-- This site is optimized with the Yoast SEO Premium plugin v27.5 (Yoast SEO v27.5) - https:\/\/yoast.com\/product\/yoast-seo-premium-wordpress\/ -->\n<title>Kelp de mer biologique, 500mg - 90 capsules - ECO Supplements<\/title>\n<meta name=\"description\" content=\"Wij hebben een ruime keuze aan producten van Kelp de mer biologique, 500mg - 90 capsules . Winkel bij Eco Supplements altijd gratis verzending boven 100\u20ac\" \/>\n<meta name=\"robots\" content=\"index, follow, max-snippet:-1, max-image-preview:large, max-video-preview:-1\" \/>\n<link rel=\"canonical\" href=\"https:\/\/ecosupplements.be\/fr\/produit\/kelp-de-mer-biologique-500mg-90-capsules\/\" \/>\n<meta property=\"og:locale\" content=\"fr_FR\" \/>\n<meta property=\"og:type\" content=\"article\" \/>\n<meta property=\"og:title\" content=\"Kelp de mer biologique, 500mg - 90 capsules\" \/>\n<meta property=\"og:description\" content=\"Wij hebben een ruime keuze aan producten van Kelp de mer biologique, 500mg - 90 capsules . Winkel bij Eco Supplements altijd gratis verzending boven 100\u20ac\" \/>\n<meta property=\"og:url\" content=\"https:\/\/ecosupplements.be\/fr\/produit\/kelp-de-mer-biologique-500mg-90-capsules\/\" \/>\n<meta property=\"og:site_name\" content=\"ECO Supplements\" \/>\n<meta property=\"article:modified_time\" content=\"2025-08-27T13:31:56+00:00\" \/>\n<meta property=\"og:image\" content=\"https:\/\/ecosupplements.be\/wp-content\/uploads\/2025\/08\/Sea-Kelp-Organic-500mg-90-caps-1.jpg\" \/>\n\t<meta property=\"og:image:width\" content=\"700\" \/>\n\t<meta property=\"og:image:height\" content=\"700\" \/>\n\t<meta property=\"og:image:type\" content=\"image\/jpeg\" \/>\n<meta name=\"twitter:card\" content=\"summary_large_image\" \/>\n<meta name=\"twitter:label1\" content=\"Prix\" \/>\n\t<meta name=\"twitter:data1\" content=\"15.38&nbsp;&euro;\" \/>\n\t<meta name=\"twitter:label2\" content=\"Disponibilit\u00e9\" \/>\n\t<meta name=\"twitter:data2\" content=\"En stock\" \/>\n<script type=\"application\/ld+json\" class=\"yoast-schema-graph\">{\"@context\":\"https:\\\/\\\/schema.org\",\"@graph\":[{\"@type\":[\"WebPage\",\"ItemPage\"],\"@id\":\"https:\\\/\\\/ecosupplements.be\\\/fr\\\/produit\\\/kelp-de-mer-biologique-500mg-90-capsules\\\/\",\"url\":\"https:\\\/\\\/ecosupplements.be\\\/fr\\\/produit\\\/kelp-de-mer-biologique-500mg-90-capsules\\\/\",\"name\":\"Kelp de mer biologique, 500mg - 90 capsules - ECO Supplements\",\"isPartOf\":{\"@id\":\"https:\\\/\\\/ecosupplements.be\\\/fr\\\/#website\"},\"primaryImageOfPage\":{\"@id\":\"https:\\\/\\\/ecosupplements.be\\\/fr\\\/produit\\\/kelp-de-mer-biologique-500mg-90-capsules\\\/#primaryimage\"},\"image\":{\"@id\":\"https:\\\/\\\/ecosupplements.be\\\/fr\\\/produit\\\/kelp-de-mer-biologique-500mg-90-capsules\\\/#primaryimage\"},\"thumbnailUrl\":\"https:\\\/\\\/ecosupplements.be\\\/wp-content\\\/uploads\\\/2025\\\/08\\\/Sea-Kelp-Organic-500mg-90-caps.jpg\",\"datePublished\":\"2022-10-05T22:55:58+00:00\",\"dateModified\":\"2025-08-27T13:31:56+00:00\",\"description\":\"Wij hebben een ruime keuze aan producten van Kelp de mer biologique, 500mg - 90 capsules . Winkel bij Eco Supplements altijd gratis verzending boven 100\u20ac\",\"breadcrumb\":{\"@id\":\"https:\\\/\\\/ecosupplements.be\\\/fr\\\/produit\\\/kelp-de-mer-biologique-500mg-90-capsules\\\/#breadcrumb\"},\"inLanguage\":\"fr-FR\",\"potentialAction\":[{\"@type\":\"ReadAction\",\"target\":[\"https:\\\/\\\/ecosupplements.be\\\/fr\\\/produit\\\/kelp-de-mer-biologique-500mg-90-capsules\\\/\"]}]},{\"@type\":\"ImageObject\",\"inLanguage\":\"fr-FR\",\"@id\":\"https:\\\/\\\/ecosupplements.be\\\/fr\\\/produit\\\/kelp-de-mer-biologique-500mg-90-capsules\\\/#primaryimage\",\"url\":\"https:\\\/\\\/ecosupplements.be\\\/wp-content\\\/uploads\\\/2025\\\/08\\\/Sea-Kelp-Organic-500mg-90-caps.jpg\",\"contentUrl\":\"https:\\\/\\\/ecosupplements.be\\\/wp-content\\\/uploads\\\/2025\\\/08\\\/Sea-Kelp-Organic-500mg-90-caps.jpg\",\"width\":700,\"height\":700},{\"@type\":\"BreadcrumbList\",\"@id\":\"https:\\\/\\\/ecosupplements.be\\\/fr\\\/produit\\\/kelp-de-mer-biologique-500mg-90-capsules\\\/#breadcrumb\",\"itemListElement\":[{\"@type\":\"ListItem\",\"position\":1,\"name\":\"Home\",\"item\":\"https:\\\/\\\/ecosupplements.be\\\/fr\\\/\"},{\"@type\":\"ListItem\",\"position\":2,\"name\":\"Boutique\",\"item\":\"https:\\\/\\\/ecosupplements.be\\\/fr\\\/boutique\\\/\"},{\"@type\":\"ListItem\",\"position\":3,\"name\":\"Kelp de mer biologique, 500mg &#8211; 90 capsules\"}]},{\"@type\":\"WebSite\",\"@id\":\"https:\\\/\\\/ecosupplements.be\\\/fr\\\/#website\",\"url\":\"https:\\\/\\\/ecosupplements.be\\\/fr\\\/\",\"name\":\"ECO Supplements\",\"description\":\"Eco Supplements - Gezonde supplementen\",\"publisher\":{\"@id\":\"https:\\\/\\\/ecosupplements.be\\\/fr\\\/#organization\"},\"potentialAction\":[{\"@type\":\"SearchAction\",\"target\":{\"@type\":\"EntryPoint\",\"urlTemplate\":\"https:\\\/\\\/ecosupplements.be\\\/fr\\\/?s={search_term_string}\"},\"query-input\":{\"@type\":\"PropertyValueSpecification\",\"valueRequired\":true,\"valueName\":\"search_term_string\"}}],\"inLanguage\":\"fr-FR\"},{\"@type\":\"Organization\",\"@id\":\"https:\\\/\\\/ecosupplements.be\\\/fr\\\/#organization\",\"name\":\"Eco Supplements\",\"url\":\"https:\\\/\\\/ecosupplements.be\\\/fr\\\/\",\"logo\":{\"@type\":\"ImageObject\",\"inLanguage\":\"fr-FR\",\"@id\":\"https:\\\/\\\/ecosupplements.be\\\/fr\\\/#\\\/schema\\\/logo\\\/image\\\/\",\"url\":\"https:\\\/\\\/ecosupplements.be\\\/wp-content\\\/uploads\\\/2022\\\/06\\\/ecosupplement-family.png\",\"contentUrl\":\"https:\\\/\\\/ecosupplements.be\\\/wp-content\\\/uploads\\\/2022\\\/06\\\/ecosupplement-family.png\",\"width\":593,\"height\":374,\"caption\":\"Eco Supplements\"},\"image\":{\"@id\":\"https:\\\/\\\/ecosupplements.be\\\/fr\\\/#\\\/schema\\\/logo\\\/image\\\/\"}}]}<\/script>\n<meta property=\"product:brand\" content=\"KIKI Health\" \/>\n<meta property=\"product:price:amount\" content=\"15.38\" \/>\n<meta property=\"product:price:currency\" content=\"EUR\" \/>\n<meta property=\"og:availability\" content=\"instock\" \/>\n<meta property=\"product:availability\" content=\"instock\" \/>\n<meta property=\"product:retailer_item_id\" content=\"5060018515328\" \/>\n<meta property=\"product:condition\" content=\"new\" \/>\n<!-- \/ Yoast SEO Premium plugin. -->","yoast_head_json":{"title":"Kelp de mer biologique, 500mg - 90 capsules - ECO Supplements","description":"Wij hebben een ruime keuze aan producten van Kelp de mer biologique, 500mg - 90 capsules . Winkel bij Eco Supplements altijd gratis verzending boven 100\u20ac","robots":{"index":"index","follow":"follow","max-snippet":"max-snippet:-1","max-image-preview":"max-image-preview:large","max-video-preview":"max-video-preview:-1"},"canonical":"https:\/\/ecosupplements.be\/fr\/produit\/kelp-de-mer-biologique-500mg-90-capsules\/","og_locale":"fr_FR","og_type":"article","og_title":"Kelp de mer biologique, 500mg - 90 capsules","og_description":"Wij hebben een ruime keuze aan producten van Kelp de mer biologique, 500mg - 90 capsules . Winkel bij Eco Supplements altijd gratis verzending boven 100\u20ac","og_url":"https:\/\/ecosupplements.be\/fr\/produit\/kelp-de-mer-biologique-500mg-90-capsules\/","og_site_name":"ECO Supplements","article_modified_time":"2025-08-27T13:31:56+00:00","og_image":[{"width":700,"height":700,"url":"https:\/\/ecosupplements.be\/wp-content\/uploads\/2025\/08\/Sea-Kelp-Organic-500mg-90-caps-1.jpg","type":"image\/jpeg"}],"twitter_card":"summary_large_image","twitter_misc":{"Prix":"15.38&nbsp;&euro;","Disponibilit\u00e9":"En stock"},"schema":{"@context":"https:\/\/schema.org","@graph":[{"@type":["WebPage","ItemPage"],"@id":"https:\/\/ecosupplements.be\/fr\/produit\/kelp-de-mer-biologique-500mg-90-capsules\/","url":"https:\/\/ecosupplements.be\/fr\/produit\/kelp-de-mer-biologique-500mg-90-capsules\/","name":"Kelp de mer biologique, 500mg - 90 capsules - ECO Supplements","isPartOf":{"@id":"https:\/\/ecosupplements.be\/fr\/#website"},"primaryImageOfPage":{"@id":"https:\/\/ecosupplements.be\/fr\/produit\/kelp-de-mer-biologique-500mg-90-capsules\/#primaryimage"},"image":{"@id":"https:\/\/ecosupplements.be\/fr\/produit\/kelp-de-mer-biologique-500mg-90-capsules\/#primaryimage"},"thumbnailUrl":"https:\/\/ecosupplements.be\/wp-content\/uploads\/2025\/08\/Sea-Kelp-Organic-500mg-90-caps.jpg","datePublished":"2022-10-05T22:55:58+00:00","dateModified":"2025-08-27T13:31:56+00:00","description":"Wij hebben een ruime keuze aan producten van Kelp de mer biologique, 500mg - 90 capsules . Winkel bij Eco Supplements altijd gratis verzending boven 100\u20ac","breadcrumb":{"@id":"https:\/\/ecosupplements.be\/fr\/produit\/kelp-de-mer-biologique-500mg-90-capsules\/#breadcrumb"},"inLanguage":"fr-FR","potentialAction":[{"@type":"ReadAction","target":["https:\/\/ecosupplements.be\/fr\/produit\/kelp-de-mer-biologique-500mg-90-capsules\/"]}]},{"@type":"ImageObject","inLanguage":"fr-FR","@id":"https:\/\/ecosupplements.be\/fr\/produit\/kelp-de-mer-biologique-500mg-90-capsules\/#primaryimage","url":"https:\/\/ecosupplements.be\/wp-content\/uploads\/2025\/08\/Sea-Kelp-Organic-500mg-90-caps.jpg","contentUrl":"https:\/\/ecosupplements.be\/wp-content\/uploads\/2025\/08\/Sea-Kelp-Organic-500mg-90-caps.jpg","width":700,"height":700},{"@type":"BreadcrumbList","@id":"https:\/\/ecosupplements.be\/fr\/produit\/kelp-de-mer-biologique-500mg-90-capsules\/#breadcrumb","itemListElement":[{"@type":"ListItem","position":1,"name":"Home","item":"https:\/\/ecosupplements.be\/fr\/"},{"@type":"ListItem","position":2,"name":"Boutique","item":"https:\/\/ecosupplements.be\/fr\/boutique\/"},{"@type":"ListItem","position":3,"name":"Kelp de mer biologique, 500mg &#8211; 90 capsules"}]},{"@type":"WebSite","@id":"https:\/\/ecosupplements.be\/fr\/#website","url":"https:\/\/ecosupplements.be\/fr\/","name":"ECO Supplements","description":"Eco Supplements - Gezonde supplementen","publisher":{"@id":"https:\/\/ecosupplements.be\/fr\/#organization"},"potentialAction":[{"@type":"SearchAction","target":{"@type":"EntryPoint","urlTemplate":"https:\/\/ecosupplements.be\/fr\/?s={search_term_string}"},"query-input":{"@type":"PropertyValueSpecification","valueRequired":true,"valueName":"search_term_string"}}],"inLanguage":"fr-FR"},{"@type":"Organization","@id":"https:\/\/ecosupplements.be\/fr\/#organization","name":"Eco Supplements","url":"https:\/\/ecosupplements.be\/fr\/","logo":{"@type":"ImageObject","inLanguage":"fr-FR","@id":"https:\/\/ecosupplements.be\/fr\/#\/schema\/logo\/image\/","url":"https:\/\/ecosupplements.be\/wp-content\/uploads\/2022\/06\/ecosupplement-family.png","contentUrl":"https:\/\/ecosupplements.be\/wp-content\/uploads\/2022\/06\/ecosupplement-family.png","width":593,"height":374,"caption":"Eco Supplements"},"image":{"@id":"https:\/\/ecosupplements.be\/fr\/#\/schema\/logo\/image\/"}}]},"product_brand":"KIKI Health","product_price_amount":"15.38","product_price_currency":"EUR","og_availability":"instock","product_availability":"instock","product_retailer_item_id":"5060018515328","product_condition":"new"},"_links":{"self":[{"href":"https:\/\/ecosupplements.be\/fr\/wp-json\/wp\/v2\/product\/287908","targetHints":{"allow":["GET"]}}],"collection":[{"href":"https:\/\/ecosupplements.be\/fr\/wp-json\/wp\/v2\/product"}],"about":[{"href":"https:\/\/ecosupplements.be\/fr\/wp-json\/wp\/v2\/types\/product"}],"replies":[{"embeddable":true,"href":"https:\/\/ecosupplements.be\/fr\/wp-json\/wp\/v2\/comments?post=287908"}],"wp:featuredmedia":[{"embeddable":true,"href":"https:\/\/ecosupplements.be\/fr\/wp-json\/wp\/v2\/media\/260969"}],"wp:attachment":[{"href":"https:\/\/ecosupplements.be\/fr\/wp-json\/wp\/v2\/media?parent=287908"}],"wp:term":[{"taxonomy":"product_brand","embeddable":true,"href":"https:\/\/ecosupplements.be\/fr\/wp-json\/wp\/v2\/product_brand?post=287908"},{"taxonomy":"product_cat","embeddable":true,"href":"https:\/\/ecosupplements.be\/fr\/wp-json\/wp\/v2\/product_cat?post=287908"},{"taxonomy":"product_tag","embeddable":true,"href":"https:\/\/ecosupplements.be\/fr\/wp-json\/wp\/v2\/product_tag?post=287908"}],"curies":[{"name":"wp","href":"https:\/\/api.w.org\/{rel}","templated":true}]}}