{"id":287911,"date":"2023-01-16T00:20:04","date_gmt":"2023-01-15T23:20:04","guid":{"rendered":"https:\/\/ecosupplements.be\/product\/mousse-de-mer-biologique-500mg-90-capsules\/"},"modified":"2025-08-27T14:31:58","modified_gmt":"2025-08-27T13:31:58","slug":"mousse-de-mer-biologique-500mg-90-capsules","status":"publish","type":"product","link":"https:\/\/ecosupplements.be\/fr\/produit\/mousse-de-mer-biologique-500mg-90-capsules\/","title":{"rendered":"Mousse de mer biologique, 500mg &#8211; 90 capsules"},"content":{"rendered":"<h1>D\u00e9couvrez les bienfaits de la\u2064 mer avec Sea Moss Organic de KIKI Health<\/h1>\n<p>Sea Moss\u2062 Organic de KIKI Health\u200d est un compl\u00e9ment alimentaire \u00e0 base \u2063de mousse de mer biologique, \u00e9galement connue sous le nom de mousse irlandaise. Cette \u200dplante\u2062 marine est r\u00e9colt\u00e9e \u00e0 la main dans les\u2063 eaux cristallines de l&#8217;Atlantique Nord et est s\u00e9ch\u00e9e naturellement pour pr\u00e9server ses nutriments essentiels.<\/p>\n<h2>Des ingr\u00e9dients \u2062naturels \u200dpour une sant\u00e9 optimale<\/h2>\n<p>Chaque capsule de Sea Moss Organic contient 500mg de mousse de mer biologique pure, sans\u2064 aucun additif ni conservateur. Cette plante est\u200c riche en \u200cmin\u00e9raux tels que le calcium, le\u2062 magn\u00e9sium,\u2063 le potassium et\u200b le fer, ainsi qu&#8217;en vitamines A, C, E et K. Elle\u2063 est \u00e9galement une source naturelle d&#8217;acides gras om\u00e9ga-3 et om\u00e9ga-6.<\/p>\n<h2>Les bienfaits de la mousse de mer<\/h2>\n<p>La mousse \u200dde mer est connue\u2062 pour ses\u200d nombreux \u200cbienfaits pour\u200d la sant\u00e9. Elle \u2063peut aider \u00e0 renforcer \u2064le syst\u00e8me immunitaire,\u200d \u00e0 am\u00e9liorer la digestion et \u00e0 favoriser une peau saine.\u2064 Elle est\u200c \u00e9galement r\u00e9put\u00e9e pour ses\u2064 propri\u00e9t\u00e9s anti-inflammatoires et antioxydantes, qui peuvent contribuer \u00e0 r\u00e9duire les risques\u2064 de maladies chroniques.<\/p>\n<h2>Un compl\u00e9ment alimentaire pratique et facile \u00e0 utiliser<\/h2>\n<p>Sea Moss Organic est pr\u00e9sent\u00e9 sous forme de capsules faciles\u2063 \u00e0 avaler, ce qui en fait \u200dun compl\u00e9ment alimentaire pratique pour une \u2064utilisation quotidienne. Chaque flacon contient 90 capsules, soit un approvisionnement pour\u200d 3 mois. Il est\u2062 recommand\u00e9 de prendre 1 \u00e0\u2062 2 capsules par jour avec\u200c de l&#8217;eau.<\/p>\n<p>Offrez \u00e0 \u2062votre corps les bienfaits \u2064de la mer avec Sea Moss Organic de KIKI Health. Commandez d\u00e8s maintenant et profitez d&#8217;une sant\u00e9 \u2062optimale\u2063 gr\u00e2ce \u00e0 ce compl\u00e9ment alimentaire naturel et biologique.<\/p>\n","protected":false},"excerpt":{"rendered":"<p>D\u00e9couvrez les bienfaits de la\u2064 mer avec Sea Moss Organic de KIKI Health Sea Moss\u2062 Organic de KIKI Health\u200d est un compl\u00e9ment alimentaire \u00e0 base \u2063de mousse de mer biologique, \u00e9galement connue sous le nom de mousse irlandaise. Cette \u200dplante\u2062 marine est r\u00e9colt\u00e9e \u00e0 la main dans les\u2063 eaux cristallines de l&#8217;Atlantique Nord et est [&#8230;]\n","protected":false},"featured_media":261522,"comment_status":"open","ping_status":"open","template":"","meta":[],"product_brand":[4722],"product_cat":[5119,5052],"product_tag":[],"class_list":{"0":"post-287911","1":"product","2":"type-product","3":"status-publish","4":"has-post-thumbnail","6":"product_brand-kiki-health-2","7":"product_cat-amelioration-de-lhumeur","8":"product_cat-sante-et-bien-etre","10":"first","11":"instock","12":"taxable","13":"shipping-taxable","14":"purchasable","15":"product-type-simple"},"yoast_head":"<!-- This site is optimized with the Yoast SEO Premium plugin v27.3 (Yoast SEO v27.3) - https:\/\/yoast.com\/product\/yoast-seo-premium-wordpress\/ -->\n<title>Mousse de mer biologique, 500mg - 90 capsules - ECO Supplements<\/title>\n<meta name=\"description\" content=\"Wij hebben een ruime keuze aan producten van Mousse de mer biologique, 500mg - 90 capsules . Winkel bij Eco Supplements altijd gratis verzending boven 100\u20ac\" \/>\n<meta name=\"robots\" content=\"index, follow, max-snippet:-1, max-image-preview:large, max-video-preview:-1\" \/>\n<link rel=\"canonical\" href=\"https:\/\/ecosupplements.be\/fr\/produit\/mousse-de-mer-biologique-500mg-90-capsules\/\" \/>\n<meta property=\"og:locale\" content=\"fr_FR\" \/>\n<meta property=\"og:type\" content=\"article\" \/>\n<meta property=\"og:title\" content=\"Mousse de mer biologique, 500mg - 90 capsules\" \/>\n<meta property=\"og:description\" content=\"Wij hebben een ruime keuze aan producten van Mousse de mer biologique, 500mg - 90 capsules . Winkel bij Eco Supplements altijd gratis verzending boven 100\u20ac\" \/>\n<meta property=\"og:url\" content=\"https:\/\/ecosupplements.be\/fr\/produit\/mousse-de-mer-biologique-500mg-90-capsules\/\" \/>\n<meta property=\"og:site_name\" content=\"ECO Supplements\" \/>\n<meta property=\"article:modified_time\" content=\"2025-08-27T13:31:58+00:00\" \/>\n<meta property=\"og:image\" content=\"https:\/\/ecosupplements.be\/wp-content\/uploads\/2025\/08\/Sea-Moss-Organic-500mg-90-caps-1.jpg\" \/>\n\t<meta property=\"og:image:width\" content=\"600\" \/>\n\t<meta property=\"og:image:height\" content=\"600\" \/>\n\t<meta property=\"og:image:type\" content=\"image\/jpeg\" \/>\n<meta name=\"twitter:card\" content=\"summary_large_image\" \/>\n<meta name=\"twitter:label1\" content=\"Prix\" \/>\n\t<meta name=\"twitter:data1\" content=\"19.24&nbsp;&euro;\" \/>\n\t<meta name=\"twitter:label2\" content=\"Disponibilit\u00e9\" \/>\n\t<meta name=\"twitter:data2\" content=\"En stock\" \/>\n<script type=\"application\/ld+json\" class=\"yoast-schema-graph\">{\"@context\":\"https:\\\/\\\/schema.org\",\"@graph\":[{\"@type\":[\"WebPage\",\"ItemPage\"],\"@id\":\"https:\\\/\\\/ecosupplements.be\\\/fr\\\/produit\\\/mousse-de-mer-biologique-500mg-90-capsules\\\/\",\"url\":\"https:\\\/\\\/ecosupplements.be\\\/fr\\\/produit\\\/mousse-de-mer-biologique-500mg-90-capsules\\\/\",\"name\":\"Mousse de mer biologique, 500mg - 90 capsules - ECO Supplements\",\"isPartOf\":{\"@id\":\"https:\\\/\\\/ecosupplements.be\\\/fr\\\/#website\"},\"primaryImageOfPage\":{\"@id\":\"https:\\\/\\\/ecosupplements.be\\\/fr\\\/produit\\\/mousse-de-mer-biologique-500mg-90-capsules\\\/#primaryimage\"},\"image\":{\"@id\":\"https:\\\/\\\/ecosupplements.be\\\/fr\\\/produit\\\/mousse-de-mer-biologique-500mg-90-capsules\\\/#primaryimage\"},\"thumbnailUrl\":\"https:\\\/\\\/ecosupplements.be\\\/wp-content\\\/uploads\\\/2025\\\/08\\\/Sea-Moss-Organic-500mg-90-caps.jpg\",\"datePublished\":\"2023-01-15T23:20:04+00:00\",\"dateModified\":\"2025-08-27T13:31:58+00:00\",\"description\":\"Wij hebben een ruime keuze aan producten van Mousse de mer biologique, 500mg - 90 capsules . Winkel bij Eco Supplements altijd gratis verzending boven 100\u20ac\",\"breadcrumb\":{\"@id\":\"https:\\\/\\\/ecosupplements.be\\\/fr\\\/produit\\\/mousse-de-mer-biologique-500mg-90-capsules\\\/#breadcrumb\"},\"inLanguage\":\"fr-FR\",\"potentialAction\":[{\"@type\":\"ReadAction\",\"target\":[\"https:\\\/\\\/ecosupplements.be\\\/fr\\\/produit\\\/mousse-de-mer-biologique-500mg-90-capsules\\\/\"]}]},{\"@type\":\"ImageObject\",\"inLanguage\":\"fr-FR\",\"@id\":\"https:\\\/\\\/ecosupplements.be\\\/fr\\\/produit\\\/mousse-de-mer-biologique-500mg-90-capsules\\\/#primaryimage\",\"url\":\"https:\\\/\\\/ecosupplements.be\\\/wp-content\\\/uploads\\\/2025\\\/08\\\/Sea-Moss-Organic-500mg-90-caps.jpg\",\"contentUrl\":\"https:\\\/\\\/ecosupplements.be\\\/wp-content\\\/uploads\\\/2025\\\/08\\\/Sea-Moss-Organic-500mg-90-caps.jpg\",\"width\":600,\"height\":600},{\"@type\":\"BreadcrumbList\",\"@id\":\"https:\\\/\\\/ecosupplements.be\\\/fr\\\/produit\\\/mousse-de-mer-biologique-500mg-90-capsules\\\/#breadcrumb\",\"itemListElement\":[{\"@type\":\"ListItem\",\"position\":1,\"name\":\"Home\",\"item\":\"https:\\\/\\\/ecosupplements.be\\\/fr\\\/\"},{\"@type\":\"ListItem\",\"position\":2,\"name\":\"Boutique\",\"item\":\"https:\\\/\\\/ecosupplements.be\\\/fr\\\/boutique\\\/\"},{\"@type\":\"ListItem\",\"position\":3,\"name\":\"Mousse de mer biologique, 500mg &#8211; 90 capsules\"}]},{\"@type\":\"WebSite\",\"@id\":\"https:\\\/\\\/ecosupplements.be\\\/fr\\\/#website\",\"url\":\"https:\\\/\\\/ecosupplements.be\\\/fr\\\/\",\"name\":\"ECO Supplements\",\"description\":\"Eco Supplements - Gezonde supplementen\",\"publisher\":{\"@id\":\"https:\\\/\\\/ecosupplements.be\\\/fr\\\/#organization\"},\"potentialAction\":[{\"@type\":\"SearchAction\",\"target\":{\"@type\":\"EntryPoint\",\"urlTemplate\":\"https:\\\/\\\/ecosupplements.be\\\/fr\\\/?s={search_term_string}\"},\"query-input\":{\"@type\":\"PropertyValueSpecification\",\"valueRequired\":true,\"valueName\":\"search_term_string\"}}],\"inLanguage\":\"fr-FR\"},{\"@type\":\"Organization\",\"@id\":\"https:\\\/\\\/ecosupplements.be\\\/fr\\\/#organization\",\"name\":\"Eco Supplements\",\"url\":\"https:\\\/\\\/ecosupplements.be\\\/fr\\\/\",\"logo\":{\"@type\":\"ImageObject\",\"inLanguage\":\"fr-FR\",\"@id\":\"https:\\\/\\\/ecosupplements.be\\\/fr\\\/#\\\/schema\\\/logo\\\/image\\\/\",\"url\":\"https:\\\/\\\/ecosupplements.be\\\/wp-content\\\/uploads\\\/2022\\\/06\\\/ecosupplement-family.png\",\"contentUrl\":\"https:\\\/\\\/ecosupplements.be\\\/wp-content\\\/uploads\\\/2022\\\/06\\\/ecosupplement-family.png\",\"width\":593,\"height\":374,\"caption\":\"Eco Supplements\"},\"image\":{\"@id\":\"https:\\\/\\\/ecosupplements.be\\\/fr\\\/#\\\/schema\\\/logo\\\/image\\\/\"}}]}<\/script>\n<meta property=\"product:brand\" content=\"KIKI Health\" \/>\n<meta property=\"product:price:amount\" content=\"19.24\" \/>\n<meta property=\"product:price:currency\" content=\"EUR\" \/>\n<meta property=\"og:availability\" content=\"instock\" \/>\n<meta property=\"product:availability\" content=\"instock\" \/>\n<meta property=\"product:retailer_item_id\" content=\"5060018515496\" \/>\n<meta property=\"product:condition\" content=\"new\" \/>\n<!-- \/ Yoast SEO Premium plugin. -->","yoast_head_json":{"title":"Mousse de mer biologique, 500mg - 90 capsules - ECO Supplements","description":"Wij hebben een ruime keuze aan producten van Mousse de mer biologique, 500mg - 90 capsules . Winkel bij Eco Supplements altijd gratis verzending boven 100\u20ac","robots":{"index":"index","follow":"follow","max-snippet":"max-snippet:-1","max-image-preview":"max-image-preview:large","max-video-preview":"max-video-preview:-1"},"canonical":"https:\/\/ecosupplements.be\/fr\/produit\/mousse-de-mer-biologique-500mg-90-capsules\/","og_locale":"fr_FR","og_type":"article","og_title":"Mousse de mer biologique, 500mg - 90 capsules","og_description":"Wij hebben een ruime keuze aan producten van Mousse de mer biologique, 500mg - 90 capsules . Winkel bij Eco Supplements altijd gratis verzending boven 100\u20ac","og_url":"https:\/\/ecosupplements.be\/fr\/produit\/mousse-de-mer-biologique-500mg-90-capsules\/","og_site_name":"ECO Supplements","article_modified_time":"2025-08-27T13:31:58+00:00","og_image":[{"width":600,"height":600,"url":"https:\/\/ecosupplements.be\/wp-content\/uploads\/2025\/08\/Sea-Moss-Organic-500mg-90-caps-1.jpg","type":"image\/jpeg"}],"twitter_card":"summary_large_image","twitter_misc":{"Prix":"19.24&nbsp;&euro;","Disponibilit\u00e9":"En stock"},"schema":{"@context":"https:\/\/schema.org","@graph":[{"@type":["WebPage","ItemPage"],"@id":"https:\/\/ecosupplements.be\/fr\/produit\/mousse-de-mer-biologique-500mg-90-capsules\/","url":"https:\/\/ecosupplements.be\/fr\/produit\/mousse-de-mer-biologique-500mg-90-capsules\/","name":"Mousse de mer biologique, 500mg - 90 capsules - ECO Supplements","isPartOf":{"@id":"https:\/\/ecosupplements.be\/fr\/#website"},"primaryImageOfPage":{"@id":"https:\/\/ecosupplements.be\/fr\/produit\/mousse-de-mer-biologique-500mg-90-capsules\/#primaryimage"},"image":{"@id":"https:\/\/ecosupplements.be\/fr\/produit\/mousse-de-mer-biologique-500mg-90-capsules\/#primaryimage"},"thumbnailUrl":"https:\/\/ecosupplements.be\/wp-content\/uploads\/2025\/08\/Sea-Moss-Organic-500mg-90-caps.jpg","datePublished":"2023-01-15T23:20:04+00:00","dateModified":"2025-08-27T13:31:58+00:00","description":"Wij hebben een ruime keuze aan producten van Mousse de mer biologique, 500mg - 90 capsules . Winkel bij Eco Supplements altijd gratis verzending boven 100\u20ac","breadcrumb":{"@id":"https:\/\/ecosupplements.be\/fr\/produit\/mousse-de-mer-biologique-500mg-90-capsules\/#breadcrumb"},"inLanguage":"fr-FR","potentialAction":[{"@type":"ReadAction","target":["https:\/\/ecosupplements.be\/fr\/produit\/mousse-de-mer-biologique-500mg-90-capsules\/"]}]},{"@type":"ImageObject","inLanguage":"fr-FR","@id":"https:\/\/ecosupplements.be\/fr\/produit\/mousse-de-mer-biologique-500mg-90-capsules\/#primaryimage","url":"https:\/\/ecosupplements.be\/wp-content\/uploads\/2025\/08\/Sea-Moss-Organic-500mg-90-caps.jpg","contentUrl":"https:\/\/ecosupplements.be\/wp-content\/uploads\/2025\/08\/Sea-Moss-Organic-500mg-90-caps.jpg","width":600,"height":600},{"@type":"BreadcrumbList","@id":"https:\/\/ecosupplements.be\/fr\/produit\/mousse-de-mer-biologique-500mg-90-capsules\/#breadcrumb","itemListElement":[{"@type":"ListItem","position":1,"name":"Home","item":"https:\/\/ecosupplements.be\/fr\/"},{"@type":"ListItem","position":2,"name":"Boutique","item":"https:\/\/ecosupplements.be\/fr\/boutique\/"},{"@type":"ListItem","position":3,"name":"Mousse de mer biologique, 500mg &#8211; 90 capsules"}]},{"@type":"WebSite","@id":"https:\/\/ecosupplements.be\/fr\/#website","url":"https:\/\/ecosupplements.be\/fr\/","name":"ECO Supplements","description":"Eco Supplements - Gezonde supplementen","publisher":{"@id":"https:\/\/ecosupplements.be\/fr\/#organization"},"potentialAction":[{"@type":"SearchAction","target":{"@type":"EntryPoint","urlTemplate":"https:\/\/ecosupplements.be\/fr\/?s={search_term_string}"},"query-input":{"@type":"PropertyValueSpecification","valueRequired":true,"valueName":"search_term_string"}}],"inLanguage":"fr-FR"},{"@type":"Organization","@id":"https:\/\/ecosupplements.be\/fr\/#organization","name":"Eco Supplements","url":"https:\/\/ecosupplements.be\/fr\/","logo":{"@type":"ImageObject","inLanguage":"fr-FR","@id":"https:\/\/ecosupplements.be\/fr\/#\/schema\/logo\/image\/","url":"https:\/\/ecosupplements.be\/wp-content\/uploads\/2022\/06\/ecosupplement-family.png","contentUrl":"https:\/\/ecosupplements.be\/wp-content\/uploads\/2022\/06\/ecosupplement-family.png","width":593,"height":374,"caption":"Eco Supplements"},"image":{"@id":"https:\/\/ecosupplements.be\/fr\/#\/schema\/logo\/image\/"}}]},"product_brand":"KIKI Health","product_price_amount":"19.24","product_price_currency":"EUR","og_availability":"instock","product_availability":"instock","product_retailer_item_id":"5060018515496","product_condition":"new"},"_links":{"self":[{"href":"https:\/\/ecosupplements.be\/fr\/wp-json\/wp\/v2\/product\/287911","targetHints":{"allow":["GET"]}}],"collection":[{"href":"https:\/\/ecosupplements.be\/fr\/wp-json\/wp\/v2\/product"}],"about":[{"href":"https:\/\/ecosupplements.be\/fr\/wp-json\/wp\/v2\/types\/product"}],"replies":[{"embeddable":true,"href":"https:\/\/ecosupplements.be\/fr\/wp-json\/wp\/v2\/comments?post=287911"}],"wp:featuredmedia":[{"embeddable":true,"href":"https:\/\/ecosupplements.be\/fr\/wp-json\/wp\/v2\/media\/261522"}],"wp:attachment":[{"href":"https:\/\/ecosupplements.be\/fr\/wp-json\/wp\/v2\/media?parent=287911"}],"wp:term":[{"taxonomy":"product_brand","embeddable":true,"href":"https:\/\/ecosupplements.be\/fr\/wp-json\/wp\/v2\/product_brand?post=287911"},{"taxonomy":"product_cat","embeddable":true,"href":"https:\/\/ecosupplements.be\/fr\/wp-json\/wp\/v2\/product_cat?post=287911"},{"taxonomy":"product_tag","embeddable":true,"href":"https:\/\/ecosupplements.be\/fr\/wp-json\/wp\/v2\/product_tag?post=287911"}],"curies":[{"name":"wp","href":"https:\/\/api.w.org\/{rel}","templated":true}]}}