{"id":287935,"date":"2024-03-08T02:01:30","date_gmt":"2024-03-08T01:01:30","guid":{"rendered":"https:\/\/ecosupplements.be\/product\/formule-energie-adrenaline-120-gelules\/"},"modified":"2025-08-27T14:32:25","modified_gmt":"2025-08-27T13:32:25","slug":"formule-energie-adrenaline-120-gelules","status":"publish","type":"product","link":"https:\/\/ecosupplements.be\/fr\/produit\/formule-energie-adrenaline-120-gelules\/","title":{"rendered":"Formule \u00c9nergie Adr\u00e9naline &#8211; 120 g\u00e9lules"},"content":{"rendered":"<h1>Adrenal Energy \u2064Formula &#8211; 120 \u2062vcaps<\/h1>\n<p>Boostez votre \u00e9nergie\u200d et soutenez votre sant\u00e9 surr\u00e9nale\u200b avec\u2063 la formule Adrenal Energy de Life Extension. Ces 120 \u2064capsules v\u00e9g\u00e9tales\u200b contiennent une combinaison unique d&#8217;ingr\u00e9dients \u2064naturels pour\u2064 aider \u00e0 maintenir un \u2062niveau d&#8217;\u00e9nergie optimal et \u00e0 r\u00e9duire \u2063le stress sur les \u200dglandes surr\u00e9nales.<\/p>\n<h2>Caract\u00e9ristiques sp\u00e9ciales:<\/h2>\n<ul>\n<li>Formule compl\u00e8te \u2063pour soutenir \u200bla sant\u00e9 des glandes surr\u00e9nales<\/li>\n<li>Contient des extraits \u200bde plantes adaptog\u00e8nes pour aider \u00e0 g\u00e9rer \u2062le \u200dstress<\/li>\n<li>Comprend de la vitamine C, du magn\u00e9sium et du zinc pour soutenir\u200c la fonction surr\u00e9nale<\/li>\n<li>Contient \u00e9galement de la \u200bL-th\u00e9anine pour favoriser\u200d la relaxation et la concentration<\/li>\n<li>Formule v\u00e9g\u00e9tarienne et sans OGM<\/li>\n<\/ul>\n<h2>Ingr\u00e9dients\u200c cl\u00e9s:<\/h2>\n<p>La formule Adrenal \u2063Energy contient une combinaison d&#8217;extraits de plantes adaptog\u00e8nes, de\u200b vitamines et de min\u00e9raux pour soutenir la sant\u00e9\u200d des glandes surr\u00e9nales et aider \u200c\u00e0 g\u00e9rer le stress. Voici quelques-uns des ingr\u00e9dients cl\u00e9s:<\/p>\n<ul>\n<li>Rhodiola rosea: une plante adaptog\u00e8ne qui peut\u200d aider \u00e0 r\u00e9duire \u200bla fatigue et \u00e0 am\u00e9liorer\u200b la\u200d r\u00e9sistance au stress<\/li>\n<li>Ashwagandha: une plante utilis\u00e9e en m\u00e9decine ayurv\u00e9dique pour ses\u2063 propri\u00e9t\u00e9s anti-stress et \u200b\u00e9nergisantes<\/li>\n<li>Vitamine C: \u200cun antioxydant important pour la sant\u00e9 des glandes surr\u00e9nales et la production d&#8217;\u00e9nergie<\/li>\n<li>Magn\u00e9sium: un min\u00e9ral essentiel pour la fonction\u2062 surr\u00e9nale et la\u200b gestion\u2063 du \u200dstress<\/li>\n<li>Zinc: un min\u00e9ral important pour la sant\u00e9 des glandes surr\u00e9nales et \u2063la r\u00e9ponse au stress<\/li>\n<li>L-th\u00e9anine:\u200b un acide amin\u00e9 qui\u2062 peut\u2063 aider \u00e0 \u2064favoriser la relaxation\u200d et\u2063 la concentration<\/li>\n<\/ul>\n<h2>Avantages uniques:<\/h2>\n<p>La formule Adrenal Energy de Life Extension offre une approche compl\u00e8te pour soutenir la sant\u00e9 des glandes surr\u00e9nales\u2063 et g\u00e9rer le stress. En utilisant \u200cdes ingr\u00e9dients naturels et \u200b\u00e9prouv\u00e9s, cette formule \u2062peut aider \u00e0 am\u00e9liorer l&#8217;\u00e9nergie, la r\u00e9sistance au stress \u200bet la sant\u00e9 globale.<\/p>\n<p>De plus, cette formule est v\u00e9g\u00e9tarienne et \u200dne contient pas d&#8217;OGM, ce qui en \u2064fait un \u2062choix \u2064id\u00e9al\u2063 pour les personnes soucieuses de \u200cleur\u2064 sant\u00e9 et de\u200c l&#8217;environnement.<\/p>\n<h2>Conseils d&#8217;utilisation:<\/h2>\n<p>Prenez \u20622 \u2064capsules par\u2062 jour avec de la\u200c nourriture, \u2062ou\u200c selon \u200bles recommandations\u2062 d&#8217;un professionnel de la sant\u00e9. Pour de meilleurs r\u00e9sultats, utilisez r\u00e9guli\u00e8rement pendant au \u200bmoins 6 semaines.<\/p>\n<p>Donnez \u00e0 votre corps le\u200c soutien dont il a besoin pour g\u00e9rer le stress et maintenir un niveau \u2064d&#8217;\u00e9nergie optimal avec la formule Adrenal Energy de Life \u2063Extension. Commandez d\u00e8s maintenant et ressentez \u2063la \u200cdiff\u00e9rence !<\/p>\n","protected":false},"excerpt":{"rendered":"<p>Adrenal Energy \u2064Formula &#8211; 120 \u2062vcaps Boostez votre \u00e9nergie\u200d et soutenez votre sant\u00e9 surr\u00e9nale\u200b avec\u2063 la formule Adrenal Energy de Life Extension. Ces 120 \u2064capsules v\u00e9g\u00e9tales\u200b contiennent une combinaison unique d&#8217;ingr\u00e9dients \u2064naturels pour\u2064 aider \u00e0 maintenir un \u2062niveau d&#8217;\u00e9nergie optimal et \u00e0 r\u00e9duire \u2063le stress sur les \u200dglandes surr\u00e9nales. Caract\u00e9ristiques sp\u00e9ciales: Formule compl\u00e8te \u2063pour soutenir [&#8230;]\n","protected":false},"featured_media":264140,"comment_status":"open","ping_status":"open","template":"","meta":[],"product_brand":[4723],"product_cat":[5078,5052],"product_tag":[],"class_list":{"0":"post-287935","1":"product","2":"type-product","3":"status-publish","4":"has-post-thumbnail","6":"product_brand-life-extension-2","7":"product_cat-formule-speciale","8":"product_cat-sante-et-bien-etre","10":"first","11":"outofstock","12":"taxable","13":"shipping-taxable","14":"purchasable","15":"product-type-simple"},"yoast_head":"<!-- This site is optimized with the Yoast SEO Premium plugin v27.3 (Yoast SEO v27.3) - https:\/\/yoast.com\/product\/yoast-seo-premium-wordpress\/ -->\n<title>Formule \u00c9nergie Adr\u00e9naline - 120 g\u00e9lules - ECO Supplements<\/title>\n<meta name=\"description\" content=\"Wij hebben een ruime keuze aan producten van Formule \u00c9nergie Adr\u00e9naline - 120 g\u00e9lules . Winkel bij Eco Supplements altijd gratis verzending boven 100\u20ac\" \/>\n<meta name=\"robots\" content=\"index, follow, max-snippet:-1, max-image-preview:large, max-video-preview:-1\" \/>\n<link rel=\"canonical\" href=\"https:\/\/ecosupplements.be\/fr\/produit\/formule-energie-adrenaline-120-gelules\/\" \/>\n<meta property=\"og:locale\" content=\"fr_FR\" \/>\n<meta property=\"og:type\" content=\"article\" \/>\n<meta property=\"og:title\" content=\"Formule \u00c9nergie Adr\u00e9naline - 120 g\u00e9lules\" \/>\n<meta property=\"og:description\" content=\"Wij hebben een ruime keuze aan producten van Formule \u00c9nergie Adr\u00e9naline - 120 g\u00e9lules . Winkel bij Eco Supplements altijd gratis verzending boven 100\u20ac\" \/>\n<meta property=\"og:url\" content=\"https:\/\/ecosupplements.be\/fr\/produit\/formule-energie-adrenaline-120-gelules\/\" \/>\n<meta property=\"og:site_name\" content=\"ECO Supplements\" \/>\n<meta property=\"article:modified_time\" content=\"2025-08-27T13:32:25+00:00\" \/>\n<meta property=\"og:image\" content=\"https:\/\/ecosupplements.be\/wp-content\/uploads\/2025\/08\/Adrenal-Energy-Formula-120-vcaps-EAN-737870163008-1.jpg\" \/>\n\t<meta property=\"og:image:width\" content=\"296\" \/>\n\t<meta property=\"og:image:height\" content=\"457\" \/>\n\t<meta property=\"og:image:type\" content=\"image\/jpeg\" \/>\n<meta name=\"twitter:card\" content=\"summary_large_image\" \/>\n<meta name=\"twitter:label1\" content=\"Prix\" \/>\n\t<meta name=\"twitter:data1\" content=\"48.65&nbsp;&euro;\" \/>\n\t<meta name=\"twitter:label2\" content=\"Disponibilit\u00e9\" \/>\n\t<meta name=\"twitter:data2\" content=\"Rupture de stock\" \/>\n<script type=\"application\/ld+json\" class=\"yoast-schema-graph\">{\"@context\":\"https:\\\/\\\/schema.org\",\"@graph\":[{\"@type\":[\"WebPage\",\"ItemPage\"],\"@id\":\"https:\\\/\\\/ecosupplements.be\\\/fr\\\/produit\\\/formule-energie-adrenaline-120-gelules\\\/\",\"url\":\"https:\\\/\\\/ecosupplements.be\\\/fr\\\/produit\\\/formule-energie-adrenaline-120-gelules\\\/\",\"name\":\"Formule \u00c9nergie Adr\u00e9naline - 120 g\u00e9lules - ECO Supplements\",\"isPartOf\":{\"@id\":\"https:\\\/\\\/ecosupplements.be\\\/fr\\\/#website\"},\"primaryImageOfPage\":{\"@id\":\"https:\\\/\\\/ecosupplements.be\\\/fr\\\/produit\\\/formule-energie-adrenaline-120-gelules\\\/#primaryimage\"},\"image\":{\"@id\":\"https:\\\/\\\/ecosupplements.be\\\/fr\\\/produit\\\/formule-energie-adrenaline-120-gelules\\\/#primaryimage\"},\"thumbnailUrl\":\"https:\\\/\\\/ecosupplements.be\\\/wp-content\\\/uploads\\\/2025\\\/08\\\/Adrenal-Energy-Formula-120-vcaps-EAN-737870163008.jpg\",\"datePublished\":\"2024-03-08T01:01:30+00:00\",\"dateModified\":\"2025-08-27T13:32:25+00:00\",\"description\":\"Wij hebben een ruime keuze aan producten van Formule \u00c9nergie Adr\u00e9naline - 120 g\u00e9lules . Winkel bij Eco Supplements altijd gratis verzending boven 100\u20ac\",\"breadcrumb\":{\"@id\":\"https:\\\/\\\/ecosupplements.be\\\/fr\\\/produit\\\/formule-energie-adrenaline-120-gelules\\\/#breadcrumb\"},\"inLanguage\":\"fr-FR\",\"potentialAction\":[{\"@type\":\"ReadAction\",\"target\":[\"https:\\\/\\\/ecosupplements.be\\\/fr\\\/produit\\\/formule-energie-adrenaline-120-gelules\\\/\"]}]},{\"@type\":\"ImageObject\",\"inLanguage\":\"fr-FR\",\"@id\":\"https:\\\/\\\/ecosupplements.be\\\/fr\\\/produit\\\/formule-energie-adrenaline-120-gelules\\\/#primaryimage\",\"url\":\"https:\\\/\\\/ecosupplements.be\\\/wp-content\\\/uploads\\\/2025\\\/08\\\/Adrenal-Energy-Formula-120-vcaps-EAN-737870163008.jpg\",\"contentUrl\":\"https:\\\/\\\/ecosupplements.be\\\/wp-content\\\/uploads\\\/2025\\\/08\\\/Adrenal-Energy-Formula-120-vcaps-EAN-737870163008.jpg\",\"width\":296,\"height\":457},{\"@type\":\"BreadcrumbList\",\"@id\":\"https:\\\/\\\/ecosupplements.be\\\/fr\\\/produit\\\/formule-energie-adrenaline-120-gelules\\\/#breadcrumb\",\"itemListElement\":[{\"@type\":\"ListItem\",\"position\":1,\"name\":\"Home\",\"item\":\"https:\\\/\\\/ecosupplements.be\\\/fr\\\/\"},{\"@type\":\"ListItem\",\"position\":2,\"name\":\"Boutique\",\"item\":\"https:\\\/\\\/ecosupplements.be\\\/fr\\\/boutique\\\/\"},{\"@type\":\"ListItem\",\"position\":3,\"name\":\"Formule \u00c9nergie Adr\u00e9naline &#8211; 120 g\u00e9lules\"}]},{\"@type\":\"WebSite\",\"@id\":\"https:\\\/\\\/ecosupplements.be\\\/fr\\\/#website\",\"url\":\"https:\\\/\\\/ecosupplements.be\\\/fr\\\/\",\"name\":\"ECO Supplements\",\"description\":\"Eco Supplements - Gezonde supplementen\",\"publisher\":{\"@id\":\"https:\\\/\\\/ecosupplements.be\\\/fr\\\/#organization\"},\"potentialAction\":[{\"@type\":\"SearchAction\",\"target\":{\"@type\":\"EntryPoint\",\"urlTemplate\":\"https:\\\/\\\/ecosupplements.be\\\/fr\\\/?s={search_term_string}\"},\"query-input\":{\"@type\":\"PropertyValueSpecification\",\"valueRequired\":true,\"valueName\":\"search_term_string\"}}],\"inLanguage\":\"fr-FR\"},{\"@type\":\"Organization\",\"@id\":\"https:\\\/\\\/ecosupplements.be\\\/fr\\\/#organization\",\"name\":\"Eco Supplements\",\"url\":\"https:\\\/\\\/ecosupplements.be\\\/fr\\\/\",\"logo\":{\"@type\":\"ImageObject\",\"inLanguage\":\"fr-FR\",\"@id\":\"https:\\\/\\\/ecosupplements.be\\\/fr\\\/#\\\/schema\\\/logo\\\/image\\\/\",\"url\":\"https:\\\/\\\/ecosupplements.be\\\/wp-content\\\/uploads\\\/2022\\\/06\\\/ecosupplement-family.png\",\"contentUrl\":\"https:\\\/\\\/ecosupplements.be\\\/wp-content\\\/uploads\\\/2022\\\/06\\\/ecosupplement-family.png\",\"width\":593,\"height\":374,\"caption\":\"Eco Supplements\"},\"image\":{\"@id\":\"https:\\\/\\\/ecosupplements.be\\\/fr\\\/#\\\/schema\\\/logo\\\/image\\\/\"}}]}<\/script>\n<meta property=\"product:brand\" content=\"Life Extension\" \/>\n<meta property=\"product:price:amount\" content=\"48.65\" \/>\n<meta property=\"product:price:currency\" content=\"EUR\" \/>\n<meta property=\"og:availability\" content=\"out of stock\" \/>\n<meta property=\"product:availability\" content=\"out of stock\" \/>\n<meta property=\"product:retailer_item_id\" content=\"737870163008\" \/>\n<meta property=\"product:condition\" content=\"new\" \/>\n<!-- \/ Yoast SEO Premium plugin. -->","yoast_head_json":{"title":"Formule \u00c9nergie Adr\u00e9naline - 120 g\u00e9lules - ECO Supplements","description":"Wij hebben een ruime keuze aan producten van Formule \u00c9nergie Adr\u00e9naline - 120 g\u00e9lules . Winkel bij Eco Supplements altijd gratis verzending boven 100\u20ac","robots":{"index":"index","follow":"follow","max-snippet":"max-snippet:-1","max-image-preview":"max-image-preview:large","max-video-preview":"max-video-preview:-1"},"canonical":"https:\/\/ecosupplements.be\/fr\/produit\/formule-energie-adrenaline-120-gelules\/","og_locale":"fr_FR","og_type":"article","og_title":"Formule \u00c9nergie Adr\u00e9naline - 120 g\u00e9lules","og_description":"Wij hebben een ruime keuze aan producten van Formule \u00c9nergie Adr\u00e9naline - 120 g\u00e9lules . Winkel bij Eco Supplements altijd gratis verzending boven 100\u20ac","og_url":"https:\/\/ecosupplements.be\/fr\/produit\/formule-energie-adrenaline-120-gelules\/","og_site_name":"ECO Supplements","article_modified_time":"2025-08-27T13:32:25+00:00","og_image":[{"width":296,"height":457,"url":"https:\/\/ecosupplements.be\/wp-content\/uploads\/2025\/08\/Adrenal-Energy-Formula-120-vcaps-EAN-737870163008-1.jpg","type":"image\/jpeg"}],"twitter_card":"summary_large_image","twitter_misc":{"Prix":"48.65&nbsp;&euro;","Disponibilit\u00e9":"Rupture de stock"},"schema":{"@context":"https:\/\/schema.org","@graph":[{"@type":["WebPage","ItemPage"],"@id":"https:\/\/ecosupplements.be\/fr\/produit\/formule-energie-adrenaline-120-gelules\/","url":"https:\/\/ecosupplements.be\/fr\/produit\/formule-energie-adrenaline-120-gelules\/","name":"Formule \u00c9nergie Adr\u00e9naline - 120 g\u00e9lules - ECO Supplements","isPartOf":{"@id":"https:\/\/ecosupplements.be\/fr\/#website"},"primaryImageOfPage":{"@id":"https:\/\/ecosupplements.be\/fr\/produit\/formule-energie-adrenaline-120-gelules\/#primaryimage"},"image":{"@id":"https:\/\/ecosupplements.be\/fr\/produit\/formule-energie-adrenaline-120-gelules\/#primaryimage"},"thumbnailUrl":"https:\/\/ecosupplements.be\/wp-content\/uploads\/2025\/08\/Adrenal-Energy-Formula-120-vcaps-EAN-737870163008.jpg","datePublished":"2024-03-08T01:01:30+00:00","dateModified":"2025-08-27T13:32:25+00:00","description":"Wij hebben een ruime keuze aan producten van Formule \u00c9nergie Adr\u00e9naline - 120 g\u00e9lules . Winkel bij Eco Supplements altijd gratis verzending boven 100\u20ac","breadcrumb":{"@id":"https:\/\/ecosupplements.be\/fr\/produit\/formule-energie-adrenaline-120-gelules\/#breadcrumb"},"inLanguage":"fr-FR","potentialAction":[{"@type":"ReadAction","target":["https:\/\/ecosupplements.be\/fr\/produit\/formule-energie-adrenaline-120-gelules\/"]}]},{"@type":"ImageObject","inLanguage":"fr-FR","@id":"https:\/\/ecosupplements.be\/fr\/produit\/formule-energie-adrenaline-120-gelules\/#primaryimage","url":"https:\/\/ecosupplements.be\/wp-content\/uploads\/2025\/08\/Adrenal-Energy-Formula-120-vcaps-EAN-737870163008.jpg","contentUrl":"https:\/\/ecosupplements.be\/wp-content\/uploads\/2025\/08\/Adrenal-Energy-Formula-120-vcaps-EAN-737870163008.jpg","width":296,"height":457},{"@type":"BreadcrumbList","@id":"https:\/\/ecosupplements.be\/fr\/produit\/formule-energie-adrenaline-120-gelules\/#breadcrumb","itemListElement":[{"@type":"ListItem","position":1,"name":"Home","item":"https:\/\/ecosupplements.be\/fr\/"},{"@type":"ListItem","position":2,"name":"Boutique","item":"https:\/\/ecosupplements.be\/fr\/boutique\/"},{"@type":"ListItem","position":3,"name":"Formule \u00c9nergie Adr\u00e9naline &#8211; 120 g\u00e9lules"}]},{"@type":"WebSite","@id":"https:\/\/ecosupplements.be\/fr\/#website","url":"https:\/\/ecosupplements.be\/fr\/","name":"ECO Supplements","description":"Eco Supplements - Gezonde supplementen","publisher":{"@id":"https:\/\/ecosupplements.be\/fr\/#organization"},"potentialAction":[{"@type":"SearchAction","target":{"@type":"EntryPoint","urlTemplate":"https:\/\/ecosupplements.be\/fr\/?s={search_term_string}"},"query-input":{"@type":"PropertyValueSpecification","valueRequired":true,"valueName":"search_term_string"}}],"inLanguage":"fr-FR"},{"@type":"Organization","@id":"https:\/\/ecosupplements.be\/fr\/#organization","name":"Eco Supplements","url":"https:\/\/ecosupplements.be\/fr\/","logo":{"@type":"ImageObject","inLanguage":"fr-FR","@id":"https:\/\/ecosupplements.be\/fr\/#\/schema\/logo\/image\/","url":"https:\/\/ecosupplements.be\/wp-content\/uploads\/2022\/06\/ecosupplement-family.png","contentUrl":"https:\/\/ecosupplements.be\/wp-content\/uploads\/2022\/06\/ecosupplement-family.png","width":593,"height":374,"caption":"Eco Supplements"},"image":{"@id":"https:\/\/ecosupplements.be\/fr\/#\/schema\/logo\/image\/"}}]},"product_brand":"Life Extension","product_price_amount":"48.65","product_price_currency":"EUR","og_availability":"out of stock","product_availability":"out of stock","product_retailer_item_id":"737870163008","product_condition":"new"},"_links":{"self":[{"href":"https:\/\/ecosupplements.be\/fr\/wp-json\/wp\/v2\/product\/287935","targetHints":{"allow":["GET"]}}],"collection":[{"href":"https:\/\/ecosupplements.be\/fr\/wp-json\/wp\/v2\/product"}],"about":[{"href":"https:\/\/ecosupplements.be\/fr\/wp-json\/wp\/v2\/types\/product"}],"replies":[{"embeddable":true,"href":"https:\/\/ecosupplements.be\/fr\/wp-json\/wp\/v2\/comments?post=287935"}],"wp:featuredmedia":[{"embeddable":true,"href":"https:\/\/ecosupplements.be\/fr\/wp-json\/wp\/v2\/media\/264140"}],"wp:attachment":[{"href":"https:\/\/ecosupplements.be\/fr\/wp-json\/wp\/v2\/media?parent=287935"}],"wp:term":[{"taxonomy":"product_brand","embeddable":true,"href":"https:\/\/ecosupplements.be\/fr\/wp-json\/wp\/v2\/product_brand?post=287935"},{"taxonomy":"product_cat","embeddable":true,"href":"https:\/\/ecosupplements.be\/fr\/wp-json\/wp\/v2\/product_cat?post=287935"},{"taxonomy":"product_tag","embeddable":true,"href":"https:\/\/ecosupplements.be\/fr\/wp-json\/wp\/v2\/product_tag?post=287935"}],"curies":[{"name":"wp","href":"https:\/\/api.w.org\/{rel}","templated":true}]}}