{"id":287950,"date":"2022-07-01T13:10:31","date_gmt":"2022-07-01T12:10:31","guid":{"rendered":"https:\/\/ecosupplements.be\/product\/controle-du-corps-et-de-lappetit-30-gelules\/"},"modified":"2025-08-27T14:32:40","modified_gmt":"2025-08-27T13:32:40","slug":"controle-du-corps-et-de-lappetit-30-gelules","status":"publish","type":"product","link":"https:\/\/ecosupplements.be\/fr\/produit\/controle-du-corps-et-de-lappetit-30-gelules\/","title":{"rendered":"Contr\u00f4le du corps et de l&#8217;app\u00e9tit &#8211; 30 g\u00e9lules"},"content":{"rendered":"<h1>Body Trim and Appetite Control &#8211; 30 vcaps<\/h1>\n<p>Le \u2064Body Trim and Appetite Control de Life Extension\u2064 est un compl\u00e9ment alimentaire con\u00e7u pour aider \u00e0 contr\u00f4ler l&#8217;app\u00e9tit et \u00e0 maintenir un poids sant\u00e9. Cette formule unique\u2064 combine des ingr\u00e9dients naturels pour soutenir un \u200dm\u00e9tabolisme\u2063 sain et r\u00e9duire les fringales.<\/p>\n<h2>Caract\u00e9ristiques sp\u00e9ciales:<\/h2>\n<ul>\n<li>Formule naturelle pour contr\u00f4ler\u200c l&#8217;app\u00e9tit<\/li>\n<li>Contient des ingr\u00e9dients pour soutenir un m\u00e9tabolisme sain<\/li>\n<li>Aide \u00e0\u2064 r\u00e9duire les fringales et\u2062 les envies de sucre<\/li>\n<li>Facile \u00e0 prendre avec seulement 1 capsule par jour<\/li>\n<li>Convient aux\u2064 v\u00e9g\u00e9tariens et v\u00e9g\u00e9taliens<\/li>\n<\/ul>\n<h2>Ingr\u00e9dients cl\u00e9s:<\/h2>\n<p>Body Trim and Appetite Control contient une combinaison\u2062 d&#8217;ingr\u00e9dients\u2063 naturels\u200b pour \u200caider \u00e0 contr\u00f4ler l&#8217;app\u00e9tit\u2062 et \u00e0 maintenir un poids sant\u00e9:<\/p>\n<ul>\n<li>Extrait de graines de caroube: riche en fibres,\u2062 cet ingr\u00e9dient aide \u00e0 r\u00e9duire l&#8217;app\u00e9tit\u200d et \u00e0 augmenter la sensation de sati\u00e9t\u00e9.<\/li>\n<li>Extrait \u200bde th\u00e9 vert: riche \u2062en antioxydants, cet ingr\u00e9dient peut aider \u00e0 stimuler le m\u00e9tabolisme\u200c et \u2062\u00e0 br\u00fbler les graisses.<\/li>\n<li>Extrait de haricot blanc: cet ingr\u00e9dient\u200c peut aider \u00e0 bloquer\u2064 l&#8217;absorption des glucides, ce \u200cqui peut contribuer \u00e0 \u200dla\u2064 perte de poids.<\/li>\n<li>Extrait \u2063de caf\u00e9 vert: riche en acide chlorog\u00e9nique, cet ingr\u00e9dient peut \u2062aider \u00e0 r\u00e9duire l&#8217;absorption des\u2063 graisses et \u00e0 r\u00e9guler \u200bla glyc\u00e9mie.<\/li>\n<\/ul>\n<h2>Avantages uniques:<\/h2>\n<p>Body Trim and Appetite \u200cControl offre une \u200dapproche naturelle pour contr\u00f4ler l&#8217;app\u00e9tit et maintenir un poids sant\u00e9. En utilisant des ingr\u00e9dients\u200c naturels et \u00e9prouv\u00e9s, cette formule peut aider \u200b\u00e0 r\u00e9duire les fringales et \u200b\u00e0 soutenir un m\u00e9tabolisme sain, sans effets secondaires ind\u00e9sirables.<\/p>\n<h2>Mode d&#8217;emploi:<\/h2>\n<p>Prenez \u20621 capsule par jour avec de \u2062l&#8217;eau, de \u200cpr\u00e9f\u00e9rence avant un repas. Pour de meilleurs r\u00e9sultats, combinez avec une alimentation \u2064\u00e9quilibr\u00e9e et de l&#8217;exercice r\u00e9gulier.<\/p>\n<p>Convient aux v\u00e9g\u00e9tariens et v\u00e9g\u00e9taliens.<\/p>\n<p>Ne pas d\u00e9passer la dose recommand\u00e9e. Consultez votre m\u00e9decin avant de prendre ce produit\u200d si \u200cvous \u00eates enceinte, allaitez ou si vous prenez des m\u00e9dicaments.<\/p>\n<p>Conservez dans un\u200c endroit frais et sec, \u00e0 \u200bl&#8217;abri \u2062de la lumi\u00e8re \u2063directe du soleil.<\/p>\n<p>Ne \u200cpas \u2062utiliser si l&#8217;opercule de s\u00e9curit\u00e9 est endommag\u00e9 ou manquant.<\/p>\n<p>Si \u2064vous rencontrez des effets ind\u00e9sirables, \u200darr\u00eatez \u2064imm\u00e9diatement l&#8217;utilisation et consultez votre m\u00e9decin.<\/p>\n<p>Ne pas utiliser si vous \u00eates allergique \u00e0\u2063 l&#8217;un des ingr\u00e9dients.<\/p>\n<p>Conserver hors de port\u00e9e des enfants.<\/p>\n<p>Ne pas utiliser si vous \u00eates en\u200d dessous \u2062de 18 ans.<\/p>\n<p>En cas de doute, consultez votre m\u00e9decin avant de prendre ce produit.<\/p>\n<p>Ne pas\u200c utiliser si vous \u00eates allergique \u2064\u00e0 l&#8217;un des ingr\u00e9dients.<\/p>\n<p>Conserver hors\u2063 de port\u00e9e des enfants.<\/p>\n<p>Ne pas utiliser si vous \u00eates en dessous de 18 ans.<\/p>\n","protected":false},"excerpt":{"rendered":"<p>Body Trim and Appetite Control &#8211; 30 vcaps Le \u2064Body Trim and Appetite Control de Life Extension\u2064 est un compl\u00e9ment alimentaire con\u00e7u pour aider \u00e0 contr\u00f4ler l&#8217;app\u00e9tit et \u00e0 maintenir un poids sant\u00e9. Cette formule unique\u2064 combine des ingr\u00e9dients naturels pour soutenir un \u200dm\u00e9tabolisme\u2063 sain et r\u00e9duire les fringales. Caract\u00e9ristiques sp\u00e9ciales: Formule naturelle pour contr\u00f4ler\u200c [&#8230;]\n","protected":false},"featured_media":259498,"comment_status":"open","ping_status":"open","template":"","meta":[],"product_brand":[4723],"product_cat":[5051,5052],"product_tag":[],"class_list":{"0":"post-287950","1":"product","2":"type-product","3":"status-publish","4":"has-post-thumbnail","6":"product_brand-life-extension-2","7":"product_cat-minceur-et-gestion-du-poids","8":"product_cat-sante-et-bien-etre","10":"first","11":"instock","12":"sale","13":"taxable","14":"shipping-taxable","15":"purchasable","16":"product-type-simple"},"yoast_head":"<!-- This site is optimized with the Yoast SEO Premium plugin v27.3 (Yoast SEO v27.3) - https:\/\/yoast.com\/product\/yoast-seo-premium-wordpress\/ -->\n<title>Contr\u00f4le du corps et de l&#039;app\u00e9tit - 30 g\u00e9lules - ECO Supplements<\/title>\n<meta name=\"description\" content=\"Wij hebben een ruime keuze aan producten van Contr\u00f4le du corps et de l&#039;app\u00e9tit - 30 g\u00e9lules . Winkel bij Eco Supplements altijd gratis verzending boven 100\u20ac\" \/>\n<meta name=\"robots\" content=\"index, follow, max-snippet:-1, max-image-preview:large, max-video-preview:-1\" \/>\n<link rel=\"canonical\" href=\"https:\/\/ecosupplements.be\/fr\/produit\/controle-du-corps-et-de-lappetit-30-gelules\/\" \/>\n<meta property=\"og:locale\" content=\"fr_FR\" \/>\n<meta property=\"og:type\" content=\"article\" \/>\n<meta property=\"og:title\" content=\"Contr\u00f4le du corps et de l&#039;app\u00e9tit - 30 g\u00e9lules\" \/>\n<meta property=\"og:description\" content=\"Wij hebben een ruime keuze aan producten van Contr\u00f4le du corps et de l&#039;app\u00e9tit - 30 g\u00e9lules . Winkel bij Eco Supplements altijd gratis verzending boven 100\u20ac\" \/>\n<meta property=\"og:url\" content=\"https:\/\/ecosupplements.be\/fr\/produit\/controle-du-corps-et-de-lappetit-30-gelules\/\" \/>\n<meta property=\"og:site_name\" content=\"ECO Supplements\" \/>\n<meta property=\"article:modified_time\" content=\"2025-08-27T13:32:40+00:00\" \/>\n<meta property=\"og:image\" content=\"https:\/\/ecosupplements.be\/wp-content\/uploads\/2025\/08\/Body-Trim-and-Appetite-Control-30-vcaps-1.jpg\" \/>\n\t<meta property=\"og:image:width\" content=\"299\" \/>\n\t<meta property=\"og:image:height\" content=\"600\" \/>\n\t<meta property=\"og:image:type\" content=\"image\/jpeg\" \/>\n<meta name=\"twitter:card\" content=\"summary_large_image\" \/>\n<meta name=\"twitter:label1\" content=\"Prix\" \/>\n\t<meta name=\"twitter:data1\" content=\"23.95&nbsp;&euro;\" \/>\n\t<meta name=\"twitter:label2\" content=\"Disponibilit\u00e9\" \/>\n\t<meta name=\"twitter:data2\" content=\"En stock\" \/>\n<script type=\"application\/ld+json\" class=\"yoast-schema-graph\">{\"@context\":\"https:\\\/\\\/schema.org\",\"@graph\":[{\"@type\":[\"WebPage\",\"ItemPage\"],\"@id\":\"https:\\\/\\\/ecosupplements.be\\\/fr\\\/produit\\\/controle-du-corps-et-de-lappetit-30-gelules\\\/\",\"url\":\"https:\\\/\\\/ecosupplements.be\\\/fr\\\/produit\\\/controle-du-corps-et-de-lappetit-30-gelules\\\/\",\"name\":\"Contr\u00f4le du corps et de l'app\u00e9tit - 30 g\u00e9lules - ECO Supplements\",\"isPartOf\":{\"@id\":\"https:\\\/\\\/ecosupplements.be\\\/fr\\\/#website\"},\"primaryImageOfPage\":{\"@id\":\"https:\\\/\\\/ecosupplements.be\\\/fr\\\/produit\\\/controle-du-corps-et-de-lappetit-30-gelules\\\/#primaryimage\"},\"image\":{\"@id\":\"https:\\\/\\\/ecosupplements.be\\\/fr\\\/produit\\\/controle-du-corps-et-de-lappetit-30-gelules\\\/#primaryimage\"},\"thumbnailUrl\":\"https:\\\/\\\/ecosupplements.be\\\/wp-content\\\/uploads\\\/2025\\\/08\\\/Body-Trim-and-Appetite-Control-30-vcaps.jpg\",\"datePublished\":\"2022-07-01T12:10:31+00:00\",\"dateModified\":\"2025-08-27T13:32:40+00:00\",\"description\":\"Wij hebben een ruime keuze aan producten van Contr\u00f4le du corps et de l'app\u00e9tit - 30 g\u00e9lules . Winkel bij Eco Supplements altijd gratis verzending boven 100\u20ac\",\"breadcrumb\":{\"@id\":\"https:\\\/\\\/ecosupplements.be\\\/fr\\\/produit\\\/controle-du-corps-et-de-lappetit-30-gelules\\\/#breadcrumb\"},\"inLanguage\":\"fr-FR\",\"potentialAction\":[{\"@type\":\"ReadAction\",\"target\":[\"https:\\\/\\\/ecosupplements.be\\\/fr\\\/produit\\\/controle-du-corps-et-de-lappetit-30-gelules\\\/\"]}]},{\"@type\":\"ImageObject\",\"inLanguage\":\"fr-FR\",\"@id\":\"https:\\\/\\\/ecosupplements.be\\\/fr\\\/produit\\\/controle-du-corps-et-de-lappetit-30-gelules\\\/#primaryimage\",\"url\":\"https:\\\/\\\/ecosupplements.be\\\/wp-content\\\/uploads\\\/2025\\\/08\\\/Body-Trim-and-Appetite-Control-30-vcaps.jpg\",\"contentUrl\":\"https:\\\/\\\/ecosupplements.be\\\/wp-content\\\/uploads\\\/2025\\\/08\\\/Body-Trim-and-Appetite-Control-30-vcaps.jpg\",\"width\":299,\"height\":600},{\"@type\":\"BreadcrumbList\",\"@id\":\"https:\\\/\\\/ecosupplements.be\\\/fr\\\/produit\\\/controle-du-corps-et-de-lappetit-30-gelules\\\/#breadcrumb\",\"itemListElement\":[{\"@type\":\"ListItem\",\"position\":1,\"name\":\"Home\",\"item\":\"https:\\\/\\\/ecosupplements.be\\\/fr\\\/\"},{\"@type\":\"ListItem\",\"position\":2,\"name\":\"Boutique\",\"item\":\"https:\\\/\\\/ecosupplements.be\\\/fr\\\/boutique\\\/\"},{\"@type\":\"ListItem\",\"position\":3,\"name\":\"Contr\u00f4le du corps et de l&#8217;app\u00e9tit &#8211; 30 g\u00e9lules\"}]},{\"@type\":\"WebSite\",\"@id\":\"https:\\\/\\\/ecosupplements.be\\\/fr\\\/#website\",\"url\":\"https:\\\/\\\/ecosupplements.be\\\/fr\\\/\",\"name\":\"ECO Supplements\",\"description\":\"Eco Supplements - Gezonde supplementen\",\"publisher\":{\"@id\":\"https:\\\/\\\/ecosupplements.be\\\/fr\\\/#organization\"},\"potentialAction\":[{\"@type\":\"SearchAction\",\"target\":{\"@type\":\"EntryPoint\",\"urlTemplate\":\"https:\\\/\\\/ecosupplements.be\\\/fr\\\/?s={search_term_string}\"},\"query-input\":{\"@type\":\"PropertyValueSpecification\",\"valueRequired\":true,\"valueName\":\"search_term_string\"}}],\"inLanguage\":\"fr-FR\"},{\"@type\":\"Organization\",\"@id\":\"https:\\\/\\\/ecosupplements.be\\\/fr\\\/#organization\",\"name\":\"Eco Supplements\",\"url\":\"https:\\\/\\\/ecosupplements.be\\\/fr\\\/\",\"logo\":{\"@type\":\"ImageObject\",\"inLanguage\":\"fr-FR\",\"@id\":\"https:\\\/\\\/ecosupplements.be\\\/fr\\\/#\\\/schema\\\/logo\\\/image\\\/\",\"url\":\"https:\\\/\\\/ecosupplements.be\\\/wp-content\\\/uploads\\\/2022\\\/06\\\/ecosupplement-family.png\",\"contentUrl\":\"https:\\\/\\\/ecosupplements.be\\\/wp-content\\\/uploads\\\/2022\\\/06\\\/ecosupplement-family.png\",\"width\":593,\"height\":374,\"caption\":\"Eco Supplements\"},\"image\":{\"@id\":\"https:\\\/\\\/ecosupplements.be\\\/fr\\\/#\\\/schema\\\/logo\\\/image\\\/\"}}]}<\/script>\n<meta property=\"product:brand\" content=\"Life Extension\" \/>\n<meta property=\"product:price:amount\" content=\"23.95\" \/>\n<meta property=\"product:price:currency\" content=\"EUR\" \/>\n<meta property=\"og:availability\" content=\"instock\" \/>\n<meta property=\"product:availability\" content=\"instock\" \/>\n<meta property=\"product:retailer_item_id\" content=\"737870250432\" \/>\n<meta property=\"product:condition\" content=\"new\" \/>\n<!-- \/ Yoast SEO Premium plugin. -->","yoast_head_json":{"title":"Contr\u00f4le du corps et de l'app\u00e9tit - 30 g\u00e9lules - ECO Supplements","description":"Wij hebben een ruime keuze aan producten van Contr\u00f4le du corps et de l'app\u00e9tit - 30 g\u00e9lules . Winkel bij Eco Supplements altijd gratis verzending boven 100\u20ac","robots":{"index":"index","follow":"follow","max-snippet":"max-snippet:-1","max-image-preview":"max-image-preview:large","max-video-preview":"max-video-preview:-1"},"canonical":"https:\/\/ecosupplements.be\/fr\/produit\/controle-du-corps-et-de-lappetit-30-gelules\/","og_locale":"fr_FR","og_type":"article","og_title":"Contr\u00f4le du corps et de l'app\u00e9tit - 30 g\u00e9lules","og_description":"Wij hebben een ruime keuze aan producten van Contr\u00f4le du corps et de l'app\u00e9tit - 30 g\u00e9lules . Winkel bij Eco Supplements altijd gratis verzending boven 100\u20ac","og_url":"https:\/\/ecosupplements.be\/fr\/produit\/controle-du-corps-et-de-lappetit-30-gelules\/","og_site_name":"ECO Supplements","article_modified_time":"2025-08-27T13:32:40+00:00","og_image":[{"width":299,"height":600,"url":"https:\/\/ecosupplements.be\/wp-content\/uploads\/2025\/08\/Body-Trim-and-Appetite-Control-30-vcaps-1.jpg","type":"image\/jpeg"}],"twitter_card":"summary_large_image","twitter_misc":{"Prix":"23.95&nbsp;&euro;","Disponibilit\u00e9":"En stock"},"schema":{"@context":"https:\/\/schema.org","@graph":[{"@type":["WebPage","ItemPage"],"@id":"https:\/\/ecosupplements.be\/fr\/produit\/controle-du-corps-et-de-lappetit-30-gelules\/","url":"https:\/\/ecosupplements.be\/fr\/produit\/controle-du-corps-et-de-lappetit-30-gelules\/","name":"Contr\u00f4le du corps et de l'app\u00e9tit - 30 g\u00e9lules - ECO Supplements","isPartOf":{"@id":"https:\/\/ecosupplements.be\/fr\/#website"},"primaryImageOfPage":{"@id":"https:\/\/ecosupplements.be\/fr\/produit\/controle-du-corps-et-de-lappetit-30-gelules\/#primaryimage"},"image":{"@id":"https:\/\/ecosupplements.be\/fr\/produit\/controle-du-corps-et-de-lappetit-30-gelules\/#primaryimage"},"thumbnailUrl":"https:\/\/ecosupplements.be\/wp-content\/uploads\/2025\/08\/Body-Trim-and-Appetite-Control-30-vcaps.jpg","datePublished":"2022-07-01T12:10:31+00:00","dateModified":"2025-08-27T13:32:40+00:00","description":"Wij hebben een ruime keuze aan producten van Contr\u00f4le du corps et de l'app\u00e9tit - 30 g\u00e9lules . Winkel bij Eco Supplements altijd gratis verzending boven 100\u20ac","breadcrumb":{"@id":"https:\/\/ecosupplements.be\/fr\/produit\/controle-du-corps-et-de-lappetit-30-gelules\/#breadcrumb"},"inLanguage":"fr-FR","potentialAction":[{"@type":"ReadAction","target":["https:\/\/ecosupplements.be\/fr\/produit\/controle-du-corps-et-de-lappetit-30-gelules\/"]}]},{"@type":"ImageObject","inLanguage":"fr-FR","@id":"https:\/\/ecosupplements.be\/fr\/produit\/controle-du-corps-et-de-lappetit-30-gelules\/#primaryimage","url":"https:\/\/ecosupplements.be\/wp-content\/uploads\/2025\/08\/Body-Trim-and-Appetite-Control-30-vcaps.jpg","contentUrl":"https:\/\/ecosupplements.be\/wp-content\/uploads\/2025\/08\/Body-Trim-and-Appetite-Control-30-vcaps.jpg","width":299,"height":600},{"@type":"BreadcrumbList","@id":"https:\/\/ecosupplements.be\/fr\/produit\/controle-du-corps-et-de-lappetit-30-gelules\/#breadcrumb","itemListElement":[{"@type":"ListItem","position":1,"name":"Home","item":"https:\/\/ecosupplements.be\/fr\/"},{"@type":"ListItem","position":2,"name":"Boutique","item":"https:\/\/ecosupplements.be\/fr\/boutique\/"},{"@type":"ListItem","position":3,"name":"Contr\u00f4le du corps et de l&#8217;app\u00e9tit &#8211; 30 g\u00e9lules"}]},{"@type":"WebSite","@id":"https:\/\/ecosupplements.be\/fr\/#website","url":"https:\/\/ecosupplements.be\/fr\/","name":"ECO Supplements","description":"Eco Supplements - Gezonde supplementen","publisher":{"@id":"https:\/\/ecosupplements.be\/fr\/#organization"},"potentialAction":[{"@type":"SearchAction","target":{"@type":"EntryPoint","urlTemplate":"https:\/\/ecosupplements.be\/fr\/?s={search_term_string}"},"query-input":{"@type":"PropertyValueSpecification","valueRequired":true,"valueName":"search_term_string"}}],"inLanguage":"fr-FR"},{"@type":"Organization","@id":"https:\/\/ecosupplements.be\/fr\/#organization","name":"Eco Supplements","url":"https:\/\/ecosupplements.be\/fr\/","logo":{"@type":"ImageObject","inLanguage":"fr-FR","@id":"https:\/\/ecosupplements.be\/fr\/#\/schema\/logo\/image\/","url":"https:\/\/ecosupplements.be\/wp-content\/uploads\/2022\/06\/ecosupplement-family.png","contentUrl":"https:\/\/ecosupplements.be\/wp-content\/uploads\/2022\/06\/ecosupplement-family.png","width":593,"height":374,"caption":"Eco Supplements"},"image":{"@id":"https:\/\/ecosupplements.be\/fr\/#\/schema\/logo\/image\/"}}]},"product_brand":"Life Extension","product_price_amount":"23.95","product_price_currency":"EUR","og_availability":"instock","product_availability":"instock","product_retailer_item_id":"737870250432","product_condition":"new"},"_links":{"self":[{"href":"https:\/\/ecosupplements.be\/fr\/wp-json\/wp\/v2\/product\/287950","targetHints":{"allow":["GET"]}}],"collection":[{"href":"https:\/\/ecosupplements.be\/fr\/wp-json\/wp\/v2\/product"}],"about":[{"href":"https:\/\/ecosupplements.be\/fr\/wp-json\/wp\/v2\/types\/product"}],"replies":[{"embeddable":true,"href":"https:\/\/ecosupplements.be\/fr\/wp-json\/wp\/v2\/comments?post=287950"}],"wp:featuredmedia":[{"embeddable":true,"href":"https:\/\/ecosupplements.be\/fr\/wp-json\/wp\/v2\/media\/259498"}],"wp:attachment":[{"href":"https:\/\/ecosupplements.be\/fr\/wp-json\/wp\/v2\/media?parent=287950"}],"wp:term":[{"taxonomy":"product_brand","embeddable":true,"href":"https:\/\/ecosupplements.be\/fr\/wp-json\/wp\/v2\/product_brand?post=287950"},{"taxonomy":"product_cat","embeddable":true,"href":"https:\/\/ecosupplements.be\/fr\/wp-json\/wp\/v2\/product_cat?post=287950"},{"taxonomy":"product_tag","embeddable":true,"href":"https:\/\/ecosupplements.be\/fr\/wp-json\/wp\/v2\/product_tag?post=287950"}],"curies":[{"name":"wp","href":"https:\/\/api.w.org\/{rel}","templated":true}]}}