{"id":287965,"date":"2024-03-08T03:10:31","date_gmt":"2024-03-08T02:10:31","guid":{"rendered":"https:\/\/ecosupplements.be\/product\/defense-quotidienne-de-la-peau-30-gelules\/"},"modified":"2025-08-27T14:32:55","modified_gmt":"2025-08-27T13:32:55","slug":"defense-quotidienne-de-la-peau-30-gelules","status":"publish","type":"product","link":"https:\/\/ecosupplements.be\/fr\/produit\/defense-quotidienne-de-la-peau-30-gelules\/","title":{"rendered":"D\u00e9fense Quotidienne de la Peau &#8211; 30 g\u00e9lules"},"content":{"rendered":"<h1>Daily Skin \u2062Defense &#8211; 30 vcaps<\/h1>\n<p>Prot\u00e9gez votre peau de l&#8217;int\u00e9rieur avec Daily Skin \u200dDefense de Life Extension. Ces capsules v\u00e9g\u00e9tales \u200dcontiennent une formule unique d&#8217;ingr\u00e9dients naturels pour aider \u00e0 maintenir une peau saine et \u00e9clatante.<\/p>\n<h2>Caract\u00e9ristiques\u2064 sp\u00e9ciales:<\/h2>\n<ul>\n<li>Contient\u200c des antioxydants puissants pour prot\u00e9ger \u200cla peau contre les\u200d dommages caus\u00e9s par les radicaux libres<\/li>\n<li>Formule \u00e0 base de plantes pour une approche naturelle\u2062 de la sant\u00e9 de la peau<\/li>\n<li>Contient de la vitamine C pour soutenir la production de collag\u00e8ne et maintenir l&#8217;\u00e9lasticit\u00e9 de la peau<\/li>\n<li>Enrichi en extrait de th\u00e9 \u2063vert pour ses\u200b propri\u00e9t\u00e9s anti-inflammatoires\u200b et anti-\u00e2ge<\/li>\n<\/ul>\n<h2>Ingr\u00e9dients cl\u00e9s:<\/h2>\n<p>Chaque capsule de \u2062Daily Skin Defense contient:<\/p>\n<ul>\n<li>1000 mg de vitamine C<\/li>\n<li>200 mg d&#8217;extrait de th\u00e9 vert<\/li>\n<li>100 mg d&#8217;extrait de p\u00e9pins\u200b de \u200braisin<\/li>\n<li>50 mg d&#8217;extrait de grenade<\/li>\n<li>50 mg d&#8217;extrait de myrtille<\/li>\n<\/ul>\n<p>Ces ingr\u00e9dients ont \u00e9t\u00e9 soigneusement s\u00e9lectionn\u00e9s pour leurs propri\u00e9t\u00e9s b\u00e9n\u00e9fiques pour la peau. Ensemble, ils aident \u00e0\u200c prot\u00e9ger la peau contre les dommages environnementaux, \u00e0 r\u00e9duire l&#8217;inflammation et \u00e0 maintenir\u200b une peau saine et jeune.<\/p>\n<h2>Avantages\u2063 uniques:<\/h2>\n<ul>\n<li>Prot\u00e8ge la\u2064 peau contre les dommages caus\u00e9s par les radicaux \u200dlibres<\/li>\n<li>Am\u00e9liore l&#8217;\u00e9lasticit\u00e9 de la peau pour une apparence plus jeune<\/li>\n<li>Renforce la\u200c barri\u00e8re cutan\u00e9e pour une peau plus r\u00e9sistante<\/li>\n<li>Contribue \u00e0 une peau plus lumineuse et \u200cplus \u00e9clatante<\/li>\n<li>Formule v\u00e9g\u00e9tale sans ingr\u00e9dients \u2062artificiels<\/li>\n<\/ul>\n<p>Avec\u2062 Daily Skin Defense, vous pouvez prendre soin de votre \u2062peau de l&#8217;int\u00e9rieur. Prot\u00e9gez-la contre les \u2062agressions\u200b ext\u00e9rieures et maintenez une peau\u2064 saine et radieuse avec \u200ccette formule naturelle et puissante.<\/p>\n","protected":false},"excerpt":{"rendered":"<p>Daily Skin \u2062Defense &#8211; 30 vcaps Prot\u00e9gez votre peau de l&#8217;int\u00e9rieur avec Daily Skin \u200dDefense de Life Extension. Ces capsules v\u00e9g\u00e9tales \u200dcontiennent une formule unique d&#8217;ingr\u00e9dients naturels pour aider \u00e0 maintenir une peau saine et \u00e9clatante. Caract\u00e9ristiques\u2064 sp\u00e9ciales: Contient\u200c des antioxydants puissants pour prot\u00e9ger \u200cla peau contre les\u200d dommages caus\u00e9s par les radicaux libres Formule [&#8230;]\n","protected":false},"featured_media":264155,"comment_status":"open","ping_status":"open","template":"","meta":[],"product_brand":[4723],"product_cat":[5052,5185],"product_tag":[],"class_list":{"0":"post-287965","1":"product","2":"type-product","3":"status-publish","4":"has-post-thumbnail","6":"product_brand-life-extension-2","7":"product_cat-sante-et-bien-etre","8":"product_cat-une-peau-saine","10":"first","11":"instock","12":"taxable","13":"shipping-taxable","14":"purchasable","15":"product-type-simple"},"yoast_head":"<!-- This site is optimized with the Yoast SEO Premium plugin v27.5 (Yoast SEO v27.5) - https:\/\/yoast.com\/product\/yoast-seo-premium-wordpress\/ -->\n<title>D\u00e9fense Quotidienne de la Peau - 30 g\u00e9lules - ECO Supplements<\/title>\n<meta name=\"description\" content=\"Wij hebben een ruime keuze aan producten van D\u00e9fense Quotidienne de la Peau - 30 g\u00e9lules . Winkel bij Eco Supplements altijd gratis verzending boven 100\u20ac\" \/>\n<meta name=\"robots\" content=\"index, follow, max-snippet:-1, max-image-preview:large, max-video-preview:-1\" \/>\n<link rel=\"canonical\" href=\"https:\/\/ecosupplements.be\/fr\/produit\/defense-quotidienne-de-la-peau-30-gelules\/\" \/>\n<meta property=\"og:locale\" content=\"fr_FR\" \/>\n<meta property=\"og:type\" content=\"article\" \/>\n<meta property=\"og:title\" content=\"D\u00e9fense Quotidienne de la Peau - 30 g\u00e9lules\" \/>\n<meta property=\"og:description\" content=\"Wij hebben een ruime keuze aan producten van D\u00e9fense Quotidienne de la Peau - 30 g\u00e9lules . Winkel bij Eco Supplements altijd gratis verzending boven 100\u20ac\" \/>\n<meta property=\"og:url\" content=\"https:\/\/ecosupplements.be\/fr\/produit\/defense-quotidienne-de-la-peau-30-gelules\/\" \/>\n<meta property=\"og:site_name\" content=\"ECO Supplements\" \/>\n<meta property=\"article:modified_time\" content=\"2025-08-27T13:32:55+00:00\" \/>\n<meta property=\"og:image\" content=\"https:\/\/ecosupplements.be\/wp-content\/uploads\/2025\/08\/Daily-Skin-Defense-30-vcaps-1.jpg\" \/>\n\t<meta property=\"og:image:width\" content=\"320\" \/>\n\t<meta property=\"og:image:height\" content=\"435\" \/>\n\t<meta property=\"og:image:type\" content=\"image\/jpeg\" \/>\n<meta name=\"twitter:card\" content=\"summary_large_image\" \/>\n<meta name=\"twitter:label1\" content=\"Prix\" \/>\n\t<meta name=\"twitter:data1\" content=\"34.43&nbsp;&euro;\" \/>\n\t<meta name=\"twitter:label2\" content=\"Disponibilit\u00e9\" \/>\n\t<meta name=\"twitter:data2\" content=\"En stock\" \/>\n<script type=\"application\/ld+json\" class=\"yoast-schema-graph\">{\"@context\":\"https:\\\/\\\/schema.org\",\"@graph\":[{\"@type\":[\"WebPage\",\"ItemPage\"],\"@id\":\"https:\\\/\\\/ecosupplements.be\\\/fr\\\/produit\\\/defense-quotidienne-de-la-peau-30-gelules\\\/\",\"url\":\"https:\\\/\\\/ecosupplements.be\\\/fr\\\/produit\\\/defense-quotidienne-de-la-peau-30-gelules\\\/\",\"name\":\"D\u00e9fense Quotidienne de la Peau - 30 g\u00e9lules - ECO Supplements\",\"isPartOf\":{\"@id\":\"https:\\\/\\\/ecosupplements.be\\\/fr\\\/#website\"},\"primaryImageOfPage\":{\"@id\":\"https:\\\/\\\/ecosupplements.be\\\/fr\\\/produit\\\/defense-quotidienne-de-la-peau-30-gelules\\\/#primaryimage\"},\"image\":{\"@id\":\"https:\\\/\\\/ecosupplements.be\\\/fr\\\/produit\\\/defense-quotidienne-de-la-peau-30-gelules\\\/#primaryimage\"},\"thumbnailUrl\":\"https:\\\/\\\/ecosupplements.be\\\/wp-content\\\/uploads\\\/2025\\\/08\\\/Daily-Skin-Defense-30-vcaps.jpg\",\"datePublished\":\"2024-03-08T02:10:31+00:00\",\"dateModified\":\"2025-08-27T13:32:55+00:00\",\"description\":\"Wij hebben een ruime keuze aan producten van D\u00e9fense Quotidienne de la Peau - 30 g\u00e9lules . Winkel bij Eco Supplements altijd gratis verzending boven 100\u20ac\",\"breadcrumb\":{\"@id\":\"https:\\\/\\\/ecosupplements.be\\\/fr\\\/produit\\\/defense-quotidienne-de-la-peau-30-gelules\\\/#breadcrumb\"},\"inLanguage\":\"fr-FR\",\"potentialAction\":[{\"@type\":\"ReadAction\",\"target\":[\"https:\\\/\\\/ecosupplements.be\\\/fr\\\/produit\\\/defense-quotidienne-de-la-peau-30-gelules\\\/\"]}]},{\"@type\":\"ImageObject\",\"inLanguage\":\"fr-FR\",\"@id\":\"https:\\\/\\\/ecosupplements.be\\\/fr\\\/produit\\\/defense-quotidienne-de-la-peau-30-gelules\\\/#primaryimage\",\"url\":\"https:\\\/\\\/ecosupplements.be\\\/wp-content\\\/uploads\\\/2025\\\/08\\\/Daily-Skin-Defense-30-vcaps.jpg\",\"contentUrl\":\"https:\\\/\\\/ecosupplements.be\\\/wp-content\\\/uploads\\\/2025\\\/08\\\/Daily-Skin-Defense-30-vcaps.jpg\",\"width\":320,\"height\":435},{\"@type\":\"BreadcrumbList\",\"@id\":\"https:\\\/\\\/ecosupplements.be\\\/fr\\\/produit\\\/defense-quotidienne-de-la-peau-30-gelules\\\/#breadcrumb\",\"itemListElement\":[{\"@type\":\"ListItem\",\"position\":1,\"name\":\"Home\",\"item\":\"https:\\\/\\\/ecosupplements.be\\\/fr\\\/\"},{\"@type\":\"ListItem\",\"position\":2,\"name\":\"Boutique\",\"item\":\"https:\\\/\\\/ecosupplements.be\\\/fr\\\/boutique\\\/\"},{\"@type\":\"ListItem\",\"position\":3,\"name\":\"D\u00e9fense Quotidienne de la Peau &#8211; 30 g\u00e9lules\"}]},{\"@type\":\"WebSite\",\"@id\":\"https:\\\/\\\/ecosupplements.be\\\/fr\\\/#website\",\"url\":\"https:\\\/\\\/ecosupplements.be\\\/fr\\\/\",\"name\":\"ECO Supplements\",\"description\":\"Eco Supplements - Gezonde supplementen\",\"publisher\":{\"@id\":\"https:\\\/\\\/ecosupplements.be\\\/fr\\\/#organization\"},\"potentialAction\":[{\"@type\":\"SearchAction\",\"target\":{\"@type\":\"EntryPoint\",\"urlTemplate\":\"https:\\\/\\\/ecosupplements.be\\\/fr\\\/?s={search_term_string}\"},\"query-input\":{\"@type\":\"PropertyValueSpecification\",\"valueRequired\":true,\"valueName\":\"search_term_string\"}}],\"inLanguage\":\"fr-FR\"},{\"@type\":\"Organization\",\"@id\":\"https:\\\/\\\/ecosupplements.be\\\/fr\\\/#organization\",\"name\":\"Eco Supplements\",\"url\":\"https:\\\/\\\/ecosupplements.be\\\/fr\\\/\",\"logo\":{\"@type\":\"ImageObject\",\"inLanguage\":\"fr-FR\",\"@id\":\"https:\\\/\\\/ecosupplements.be\\\/fr\\\/#\\\/schema\\\/logo\\\/image\\\/\",\"url\":\"https:\\\/\\\/ecosupplements.be\\\/wp-content\\\/uploads\\\/2022\\\/06\\\/ecosupplement-family.png\",\"contentUrl\":\"https:\\\/\\\/ecosupplements.be\\\/wp-content\\\/uploads\\\/2022\\\/06\\\/ecosupplement-family.png\",\"width\":593,\"height\":374,\"caption\":\"Eco Supplements\"},\"image\":{\"@id\":\"https:\\\/\\\/ecosupplements.be\\\/fr\\\/#\\\/schema\\\/logo\\\/image\\\/\"}}]}<\/script>\n<meta property=\"product:brand\" content=\"Life Extension\" \/>\n<meta property=\"product:price:amount\" content=\"34.43\" \/>\n<meta property=\"product:price:currency\" content=\"EUR\" \/>\n<meta property=\"og:availability\" content=\"instock\" \/>\n<meta property=\"product:availability\" content=\"instock\" \/>\n<meta property=\"product:retailer_item_id\" content=\"737870242338\" \/>\n<meta property=\"product:condition\" content=\"new\" \/>\n<!-- \/ Yoast SEO Premium plugin. -->","yoast_head_json":{"title":"D\u00e9fense Quotidienne de la Peau - 30 g\u00e9lules - ECO Supplements","description":"Wij hebben een ruime keuze aan producten van D\u00e9fense Quotidienne de la Peau - 30 g\u00e9lules . Winkel bij Eco Supplements altijd gratis verzending boven 100\u20ac","robots":{"index":"index","follow":"follow","max-snippet":"max-snippet:-1","max-image-preview":"max-image-preview:large","max-video-preview":"max-video-preview:-1"},"canonical":"https:\/\/ecosupplements.be\/fr\/produit\/defense-quotidienne-de-la-peau-30-gelules\/","og_locale":"fr_FR","og_type":"article","og_title":"D\u00e9fense Quotidienne de la Peau - 30 g\u00e9lules","og_description":"Wij hebben een ruime keuze aan producten van D\u00e9fense Quotidienne de la Peau - 30 g\u00e9lules . Winkel bij Eco Supplements altijd gratis verzending boven 100\u20ac","og_url":"https:\/\/ecosupplements.be\/fr\/produit\/defense-quotidienne-de-la-peau-30-gelules\/","og_site_name":"ECO Supplements","article_modified_time":"2025-08-27T13:32:55+00:00","og_image":[{"width":320,"height":435,"url":"https:\/\/ecosupplements.be\/wp-content\/uploads\/2025\/08\/Daily-Skin-Defense-30-vcaps-1.jpg","type":"image\/jpeg"}],"twitter_card":"summary_large_image","twitter_misc":{"Prix":"34.43&nbsp;&euro;","Disponibilit\u00e9":"En stock"},"schema":{"@context":"https:\/\/schema.org","@graph":[{"@type":["WebPage","ItemPage"],"@id":"https:\/\/ecosupplements.be\/fr\/produit\/defense-quotidienne-de-la-peau-30-gelules\/","url":"https:\/\/ecosupplements.be\/fr\/produit\/defense-quotidienne-de-la-peau-30-gelules\/","name":"D\u00e9fense Quotidienne de la Peau - 30 g\u00e9lules - ECO Supplements","isPartOf":{"@id":"https:\/\/ecosupplements.be\/fr\/#website"},"primaryImageOfPage":{"@id":"https:\/\/ecosupplements.be\/fr\/produit\/defense-quotidienne-de-la-peau-30-gelules\/#primaryimage"},"image":{"@id":"https:\/\/ecosupplements.be\/fr\/produit\/defense-quotidienne-de-la-peau-30-gelules\/#primaryimage"},"thumbnailUrl":"https:\/\/ecosupplements.be\/wp-content\/uploads\/2025\/08\/Daily-Skin-Defense-30-vcaps.jpg","datePublished":"2024-03-08T02:10:31+00:00","dateModified":"2025-08-27T13:32:55+00:00","description":"Wij hebben een ruime keuze aan producten van D\u00e9fense Quotidienne de la Peau - 30 g\u00e9lules . Winkel bij Eco Supplements altijd gratis verzending boven 100\u20ac","breadcrumb":{"@id":"https:\/\/ecosupplements.be\/fr\/produit\/defense-quotidienne-de-la-peau-30-gelules\/#breadcrumb"},"inLanguage":"fr-FR","potentialAction":[{"@type":"ReadAction","target":["https:\/\/ecosupplements.be\/fr\/produit\/defense-quotidienne-de-la-peau-30-gelules\/"]}]},{"@type":"ImageObject","inLanguage":"fr-FR","@id":"https:\/\/ecosupplements.be\/fr\/produit\/defense-quotidienne-de-la-peau-30-gelules\/#primaryimage","url":"https:\/\/ecosupplements.be\/wp-content\/uploads\/2025\/08\/Daily-Skin-Defense-30-vcaps.jpg","contentUrl":"https:\/\/ecosupplements.be\/wp-content\/uploads\/2025\/08\/Daily-Skin-Defense-30-vcaps.jpg","width":320,"height":435},{"@type":"BreadcrumbList","@id":"https:\/\/ecosupplements.be\/fr\/produit\/defense-quotidienne-de-la-peau-30-gelules\/#breadcrumb","itemListElement":[{"@type":"ListItem","position":1,"name":"Home","item":"https:\/\/ecosupplements.be\/fr\/"},{"@type":"ListItem","position":2,"name":"Boutique","item":"https:\/\/ecosupplements.be\/fr\/boutique\/"},{"@type":"ListItem","position":3,"name":"D\u00e9fense Quotidienne de la Peau &#8211; 30 g\u00e9lules"}]},{"@type":"WebSite","@id":"https:\/\/ecosupplements.be\/fr\/#website","url":"https:\/\/ecosupplements.be\/fr\/","name":"ECO Supplements","description":"Eco Supplements - Gezonde supplementen","publisher":{"@id":"https:\/\/ecosupplements.be\/fr\/#organization"},"potentialAction":[{"@type":"SearchAction","target":{"@type":"EntryPoint","urlTemplate":"https:\/\/ecosupplements.be\/fr\/?s={search_term_string}"},"query-input":{"@type":"PropertyValueSpecification","valueRequired":true,"valueName":"search_term_string"}}],"inLanguage":"fr-FR"},{"@type":"Organization","@id":"https:\/\/ecosupplements.be\/fr\/#organization","name":"Eco Supplements","url":"https:\/\/ecosupplements.be\/fr\/","logo":{"@type":"ImageObject","inLanguage":"fr-FR","@id":"https:\/\/ecosupplements.be\/fr\/#\/schema\/logo\/image\/","url":"https:\/\/ecosupplements.be\/wp-content\/uploads\/2022\/06\/ecosupplement-family.png","contentUrl":"https:\/\/ecosupplements.be\/wp-content\/uploads\/2022\/06\/ecosupplement-family.png","width":593,"height":374,"caption":"Eco Supplements"},"image":{"@id":"https:\/\/ecosupplements.be\/fr\/#\/schema\/logo\/image\/"}}]},"product_brand":"Life Extension","product_price_amount":"34.43","product_price_currency":"EUR","og_availability":"instock","product_availability":"instock","product_retailer_item_id":"737870242338","product_condition":"new"},"_links":{"self":[{"href":"https:\/\/ecosupplements.be\/fr\/wp-json\/wp\/v2\/product\/287965","targetHints":{"allow":["GET"]}}],"collection":[{"href":"https:\/\/ecosupplements.be\/fr\/wp-json\/wp\/v2\/product"}],"about":[{"href":"https:\/\/ecosupplements.be\/fr\/wp-json\/wp\/v2\/types\/product"}],"replies":[{"embeddable":true,"href":"https:\/\/ecosupplements.be\/fr\/wp-json\/wp\/v2\/comments?post=287965"}],"wp:featuredmedia":[{"embeddable":true,"href":"https:\/\/ecosupplements.be\/fr\/wp-json\/wp\/v2\/media\/264155"}],"wp:attachment":[{"href":"https:\/\/ecosupplements.be\/fr\/wp-json\/wp\/v2\/media?parent=287965"}],"wp:term":[{"taxonomy":"product_brand","embeddable":true,"href":"https:\/\/ecosupplements.be\/fr\/wp-json\/wp\/v2\/product_brand?post=287965"},{"taxonomy":"product_cat","embeddable":true,"href":"https:\/\/ecosupplements.be\/fr\/wp-json\/wp\/v2\/product_cat?post=287965"},{"taxonomy":"product_tag","embeddable":true,"href":"https:\/\/ecosupplements.be\/fr\/wp-json\/wp\/v2\/product_tag?post=287965"}],"curies":[{"name":"wp","href":"https:\/\/api.w.org\/{rel}","templated":true}]}}