{"id":287974,"date":"2022-07-01T13:11:29","date_gmt":"2022-07-01T12:11:29","guid":{"rendered":"https:\/\/ecosupplements.be\/product\/extrait-de-the-vert-mega-legerement-cafeine-100-gelules\/"},"modified":"2025-08-27T14:33:03","modified_gmt":"2025-08-27T13:33:03","slug":"extrait-de-the-vert-mega-legerement-cafeine-100-gelules","status":"publish","type":"product","link":"https:\/\/ecosupplements.be\/fr\/produit\/extrait-de-the-vert-mega-legerement-cafeine-100-gelules\/","title":{"rendered":"Extrait de th\u00e9 vert m\u00e9ga l\u00e9g\u00e8rement caf\u00e9in\u00e9 &#8211; 100 g\u00e9lules"},"content":{"rendered":"<h1>Lightly \u200bCaffeinated Mega Green\u2063 Tea \u2062Extract &#8211; 100 vcaps<\/h1>\n<p>Le Lightly Caffeinated Mega Green Tea Extract de Life Extension est un compl\u00e9ment alimentaire \u00e0 base d&#8217;extrait\u200c de th\u00e9 vert hautement concentr\u00e9.\u200c Chaque capsule contient 725\u2062 mg \u2062d&#8217;extrait \u2063de th\u00e9 vert,\u200d ce\u2064 qui \u00e9quivaut \u00e0 environ 6 \u00e0 \u200d8 tasses de th\u00e9 vert. Ce produit est \u200bfabriqu\u00e9 aux \u00c9tats-Unis et est id\u00e9al pour les personnes qui \u2064cherchent \u200d\u00e0 augmenter\u2062 leur consommation de th\u00e9 vert sans avoir \u00e0 boire plusieurs tasses par jour.<\/p>\n<h2>Caract\u00e9ristiques \u200csp\u00e9ciales:<\/h2>\n<ul>\n<li>Contient 725 mg d&#8217;extrait de th\u00e9 vert\u200c par \u2062capsule<\/li>\n<li>\u00c9quivalent \u00e0 environ 6 \u00e0\u200c 8 tasses de\u200d th\u00e9 vert<\/li>\n<li>Contient une faible quantit\u00e9 de caf\u00e9ine\u200c pour un effet \u2062stimulant l\u00e9ger<\/li>\n<li>Fabriqu\u00e9 aux \u00c9tats-Unis<\/li>\n<\/ul>\n<h2>Ingr\u00e9dients:<\/h2>\n<p>Chaque capsule contient 725 mg d&#8217;extrait de\u200d th\u00e9 vert (Camellia \u2064sinensis) (feuille) [standardis\u00e9 \u00e0 98% de polyph\u00e9nols totaux, 45% d&#8217;EGCG (\u00e9pigallocat\u00e9chine gallate)]. Autres ingr\u00e9dients: cellulose v\u00e9g\u00e9tale\u200b (capsule), farine de riz, st\u00e9arate\u200d de magn\u00e9sium, silice.<\/p>\n<h2>Avantages uniques:<\/h2>\n<p>Le th\u00e9 vert \u200cest connu\u2063 pour ses nombreux bienfaits pour\u2064 la sant\u00e9, notamment pour ses propri\u00e9t\u00e9s \u200cantioxydantes et anti-inflammatoires. Cependant, il\u200b peut \u00eatre difficile\u200d de consommer suffisamment\u2064 de th\u00e9\u200c vert pour en ressentir les effets b\u00e9n\u00e9fiques. Le Lightly\u2063 Caffeinated Mega Green Tea Extract de Life Extension offre une solution pratique\u200c et\u2062 efficace en fournissant une dose \u00e9lev\u00e9e d&#8217;extrait de th\u00e9 vert dans une seule\u2062 capsule. De plus, sa\u2062 faible teneur en caf\u00e9ine en fait un choix id\u00e9al pour ceux qui sont sensibles \u00e0 la caf\u00e9ine ou qui cherchent \u00e0 r\u00e9duire leur consommation de caf\u00e9ine.<\/p>\n<h2>Principales\u200b caract\u00e9ristiques:<\/h2>\n<ul>\n<li>Compl\u00e9ment alimentaire \u00e0 base d&#8217;extrait \u200bde th\u00e9 vert hautement\u2063 concentr\u00e9<\/li>\n<li>Contient une dose \u00e9lev\u00e9e d&#8217;extrait de th\u00e9 vert dans chaque capsule<\/li>\n<li>Faible teneur en caf\u00e9ine\u200c pour\u200b un effet stimulant l\u00e9ger<\/li>\n<li>Id\u00e9al pour ceux qui cherchent \u00e0 augmenter leur \u200dconsommation de th\u00e9 vert sans\u200c boire plusieurs tasses \u200dpar\u200d jour<\/li>\n<li>Offre de\u200b nombreux bienfaits pour \u2062la sant\u00e9 gr\u00e2ce \u00e0 ses \u200bpropri\u00e9t\u00e9s antioxydantes et anti-inflammatoires<\/li>\n<\/ul>\n<p>Ajoutez le Lightly\u200b Caffeinated Mega Green Tea Extract de Life Extension \u00e0 votre routine \u2064quotidienne pour profiter des bienfaits du th\u00e9 vert de mani\u00e8re pratique et \u200cefficace. Commandez d\u00e8s maintenant et d\u00e9couvrez par vous-m\u00eame pourquoi le\u200d th\u00e9 vert est si populaire pour ses propri\u00e9t\u00e9s b\u00e9n\u00e9fiques pour la sant\u00e9.<\/p>\n","protected":false},"excerpt":{"rendered":"<p>Lightly \u200bCaffeinated Mega Green\u2063 Tea \u2062Extract &#8211; 100 vcaps Le Lightly Caffeinated Mega Green Tea Extract de Life Extension est un compl\u00e9ment alimentaire \u00e0 base d&#8217;extrait\u200c de th\u00e9 vert hautement concentr\u00e9.\u200c Chaque capsule contient 725\u2062 mg \u2062d&#8217;extrait \u2063de th\u00e9 vert,\u200d ce\u2064 qui \u00e9quivaut \u00e0 environ 6 \u00e0 \u200d8 tasses de th\u00e9 vert. Ce produit est [&#8230;]\n","protected":false},"featured_media":259513,"comment_status":"open","ping_status":"open","template":"","meta":[],"product_brand":[4723],"product_cat":[5052,5094,5053],"product_tag":[],"class_list":{"0":"post-287974","1":"product","2":"type-product","3":"status-publish","4":"has-post-thumbnail","6":"product_brand-life-extension-2","7":"product_cat-sante-et-bien-etre","8":"product_cat-supplements-a-base-de-plantes","9":"product_cat-vitamines-et-mineraux","11":"first","12":"instock","13":"taxable","14":"shipping-taxable","15":"purchasable","16":"product-type-simple"},"yoast_head":"<!-- This site is optimized with the Yoast SEO Premium plugin v27.3 (Yoast SEO v27.3) - https:\/\/yoast.com\/product\/yoast-seo-premium-wordpress\/ -->\n<title>Extrait de th\u00e9 vert m\u00e9ga l\u00e9g\u00e8rement caf\u00e9in\u00e9 - 100 g\u00e9lules - ECO Supplements<\/title>\n<meta name=\"description\" content=\"Wij hebben een ruime keuze aan producten van Extrait de th\u00e9 vert m\u00e9ga l\u00e9g\u00e8rement caf\u00e9in\u00e9 - 100 g\u00e9lules . Winkel bij Eco Supplements altijd gratis verzending boven 100\u20ac\" \/>\n<meta name=\"robots\" content=\"index, follow, max-snippet:-1, max-image-preview:large, max-video-preview:-1\" \/>\n<link rel=\"canonical\" href=\"https:\/\/ecosupplements.be\/fr\/produit\/extrait-de-the-vert-mega-legerement-cafeine-100-gelules\/\" \/>\n<meta property=\"og:locale\" content=\"fr_FR\" \/>\n<meta property=\"og:type\" content=\"article\" \/>\n<meta property=\"og:title\" content=\"Extrait de th\u00e9 vert m\u00e9ga l\u00e9g\u00e8rement caf\u00e9in\u00e9 - 100 g\u00e9lules\" \/>\n<meta property=\"og:description\" content=\"Wij hebben een ruime keuze aan producten van Extrait de th\u00e9 vert m\u00e9ga l\u00e9g\u00e8rement caf\u00e9in\u00e9 - 100 g\u00e9lules . Winkel bij Eco Supplements altijd gratis verzending boven 100\u20ac\" \/>\n<meta property=\"og:url\" content=\"https:\/\/ecosupplements.be\/fr\/produit\/extrait-de-the-vert-mega-legerement-cafeine-100-gelules\/\" \/>\n<meta property=\"og:site_name\" content=\"ECO Supplements\" \/>\n<meta property=\"article:modified_time\" content=\"2025-08-27T13:33:03+00:00\" \/>\n<meta property=\"og:image\" content=\"https:\/\/ecosupplements.be\/wp-content\/uploads\/2025\/08\/Lightly-Caffeinated-Mega-Green-Tea-Extract-100-vcaps-1.jpg\" \/>\n\t<meta property=\"og:image:width\" content=\"332\" \/>\n\t<meta property=\"og:image:height\" content=\"600\" \/>\n\t<meta property=\"og:image:type\" content=\"image\/jpeg\" \/>\n<meta name=\"twitter:card\" content=\"summary_large_image\" \/>\n<meta name=\"twitter:label1\" content=\"Prix\" \/>\n\t<meta name=\"twitter:data1\" content=\"29.44&nbsp;&euro;\" \/>\n\t<meta name=\"twitter:label2\" content=\"Disponibilit\u00e9\" \/>\n\t<meta name=\"twitter:data2\" content=\"En stock\" \/>\n<script type=\"application\/ld+json\" class=\"yoast-schema-graph\">{\"@context\":\"https:\\\/\\\/schema.org\",\"@graph\":[{\"@type\":[\"WebPage\",\"ItemPage\"],\"@id\":\"https:\\\/\\\/ecosupplements.be\\\/fr\\\/produit\\\/extrait-de-the-vert-mega-legerement-cafeine-100-gelules\\\/\",\"url\":\"https:\\\/\\\/ecosupplements.be\\\/fr\\\/produit\\\/extrait-de-the-vert-mega-legerement-cafeine-100-gelules\\\/\",\"name\":\"Extrait de th\u00e9 vert m\u00e9ga l\u00e9g\u00e8rement caf\u00e9in\u00e9 - 100 g\u00e9lules - ECO Supplements\",\"isPartOf\":{\"@id\":\"https:\\\/\\\/ecosupplements.be\\\/fr\\\/#website\"},\"primaryImageOfPage\":{\"@id\":\"https:\\\/\\\/ecosupplements.be\\\/fr\\\/produit\\\/extrait-de-the-vert-mega-legerement-cafeine-100-gelules\\\/#primaryimage\"},\"image\":{\"@id\":\"https:\\\/\\\/ecosupplements.be\\\/fr\\\/produit\\\/extrait-de-the-vert-mega-legerement-cafeine-100-gelules\\\/#primaryimage\"},\"thumbnailUrl\":\"https:\\\/\\\/ecosupplements.be\\\/wp-content\\\/uploads\\\/2025\\\/08\\\/Lightly-Caffeinated-Mega-Green-Tea-Extract-100-vcaps.jpg\",\"datePublished\":\"2022-07-01T12:11:29+00:00\",\"dateModified\":\"2025-08-27T13:33:03+00:00\",\"description\":\"Wij hebben een ruime keuze aan producten van Extrait de th\u00e9 vert m\u00e9ga l\u00e9g\u00e8rement caf\u00e9in\u00e9 - 100 g\u00e9lules . Winkel bij Eco Supplements altijd gratis verzending boven 100\u20ac\",\"breadcrumb\":{\"@id\":\"https:\\\/\\\/ecosupplements.be\\\/fr\\\/produit\\\/extrait-de-the-vert-mega-legerement-cafeine-100-gelules\\\/#breadcrumb\"},\"inLanguage\":\"fr-FR\",\"potentialAction\":[{\"@type\":\"ReadAction\",\"target\":[\"https:\\\/\\\/ecosupplements.be\\\/fr\\\/produit\\\/extrait-de-the-vert-mega-legerement-cafeine-100-gelules\\\/\"]}]},{\"@type\":\"ImageObject\",\"inLanguage\":\"fr-FR\",\"@id\":\"https:\\\/\\\/ecosupplements.be\\\/fr\\\/produit\\\/extrait-de-the-vert-mega-legerement-cafeine-100-gelules\\\/#primaryimage\",\"url\":\"https:\\\/\\\/ecosupplements.be\\\/wp-content\\\/uploads\\\/2025\\\/08\\\/Lightly-Caffeinated-Mega-Green-Tea-Extract-100-vcaps.jpg\",\"contentUrl\":\"https:\\\/\\\/ecosupplements.be\\\/wp-content\\\/uploads\\\/2025\\\/08\\\/Lightly-Caffeinated-Mega-Green-Tea-Extract-100-vcaps.jpg\",\"width\":332,\"height\":600},{\"@type\":\"BreadcrumbList\",\"@id\":\"https:\\\/\\\/ecosupplements.be\\\/fr\\\/produit\\\/extrait-de-the-vert-mega-legerement-cafeine-100-gelules\\\/#breadcrumb\",\"itemListElement\":[{\"@type\":\"ListItem\",\"position\":1,\"name\":\"Home\",\"item\":\"https:\\\/\\\/ecosupplements.be\\\/fr\\\/\"},{\"@type\":\"ListItem\",\"position\":2,\"name\":\"Boutique\",\"item\":\"https:\\\/\\\/ecosupplements.be\\\/fr\\\/boutique\\\/\"},{\"@type\":\"ListItem\",\"position\":3,\"name\":\"Extrait de th\u00e9 vert m\u00e9ga l\u00e9g\u00e8rement caf\u00e9in\u00e9 &#8211; 100 g\u00e9lules\"}]},{\"@type\":\"WebSite\",\"@id\":\"https:\\\/\\\/ecosupplements.be\\\/fr\\\/#website\",\"url\":\"https:\\\/\\\/ecosupplements.be\\\/fr\\\/\",\"name\":\"ECO Supplements\",\"description\":\"Eco Supplements - Gezonde supplementen\",\"publisher\":{\"@id\":\"https:\\\/\\\/ecosupplements.be\\\/fr\\\/#organization\"},\"potentialAction\":[{\"@type\":\"SearchAction\",\"target\":{\"@type\":\"EntryPoint\",\"urlTemplate\":\"https:\\\/\\\/ecosupplements.be\\\/fr\\\/?s={search_term_string}\"},\"query-input\":{\"@type\":\"PropertyValueSpecification\",\"valueRequired\":true,\"valueName\":\"search_term_string\"}}],\"inLanguage\":\"fr-FR\"},{\"@type\":\"Organization\",\"@id\":\"https:\\\/\\\/ecosupplements.be\\\/fr\\\/#organization\",\"name\":\"Eco Supplements\",\"url\":\"https:\\\/\\\/ecosupplements.be\\\/fr\\\/\",\"logo\":{\"@type\":\"ImageObject\",\"inLanguage\":\"fr-FR\",\"@id\":\"https:\\\/\\\/ecosupplements.be\\\/fr\\\/#\\\/schema\\\/logo\\\/image\\\/\",\"url\":\"https:\\\/\\\/ecosupplements.be\\\/wp-content\\\/uploads\\\/2022\\\/06\\\/ecosupplement-family.png\",\"contentUrl\":\"https:\\\/\\\/ecosupplements.be\\\/wp-content\\\/uploads\\\/2022\\\/06\\\/ecosupplement-family.png\",\"width\":593,\"height\":374,\"caption\":\"Eco Supplements\"},\"image\":{\"@id\":\"https:\\\/\\\/ecosupplements.be\\\/fr\\\/#\\\/schema\\\/logo\\\/image\\\/\"}}]}<\/script>\n<meta property=\"product:brand\" content=\"Life Extension\" \/>\n<meta property=\"product:price:amount\" content=\"29.44\" \/>\n<meta property=\"product:price:currency\" content=\"EUR\" \/>\n<meta property=\"og:availability\" content=\"instock\" \/>\n<meta property=\"product:availability\" content=\"instock\" \/>\n<meta property=\"product:retailer_item_id\" content=\"737870953104\" \/>\n<meta property=\"product:condition\" content=\"new\" \/>\n<!-- \/ Yoast SEO Premium plugin. -->","yoast_head_json":{"title":"Extrait de th\u00e9 vert m\u00e9ga l\u00e9g\u00e8rement caf\u00e9in\u00e9 - 100 g\u00e9lules - ECO Supplements","description":"Wij hebben een ruime keuze aan producten van Extrait de th\u00e9 vert m\u00e9ga l\u00e9g\u00e8rement caf\u00e9in\u00e9 - 100 g\u00e9lules . Winkel bij Eco Supplements altijd gratis verzending boven 100\u20ac","robots":{"index":"index","follow":"follow","max-snippet":"max-snippet:-1","max-image-preview":"max-image-preview:large","max-video-preview":"max-video-preview:-1"},"canonical":"https:\/\/ecosupplements.be\/fr\/produit\/extrait-de-the-vert-mega-legerement-cafeine-100-gelules\/","og_locale":"fr_FR","og_type":"article","og_title":"Extrait de th\u00e9 vert m\u00e9ga l\u00e9g\u00e8rement caf\u00e9in\u00e9 - 100 g\u00e9lules","og_description":"Wij hebben een ruime keuze aan producten van Extrait de th\u00e9 vert m\u00e9ga l\u00e9g\u00e8rement caf\u00e9in\u00e9 - 100 g\u00e9lules . Winkel bij Eco Supplements altijd gratis verzending boven 100\u20ac","og_url":"https:\/\/ecosupplements.be\/fr\/produit\/extrait-de-the-vert-mega-legerement-cafeine-100-gelules\/","og_site_name":"ECO Supplements","article_modified_time":"2025-08-27T13:33:03+00:00","og_image":[{"width":332,"height":600,"url":"https:\/\/ecosupplements.be\/wp-content\/uploads\/2025\/08\/Lightly-Caffeinated-Mega-Green-Tea-Extract-100-vcaps-1.jpg","type":"image\/jpeg"}],"twitter_card":"summary_large_image","twitter_misc":{"Prix":"29.44&nbsp;&euro;","Disponibilit\u00e9":"En stock"},"schema":{"@context":"https:\/\/schema.org","@graph":[{"@type":["WebPage","ItemPage"],"@id":"https:\/\/ecosupplements.be\/fr\/produit\/extrait-de-the-vert-mega-legerement-cafeine-100-gelules\/","url":"https:\/\/ecosupplements.be\/fr\/produit\/extrait-de-the-vert-mega-legerement-cafeine-100-gelules\/","name":"Extrait de th\u00e9 vert m\u00e9ga l\u00e9g\u00e8rement caf\u00e9in\u00e9 - 100 g\u00e9lules - ECO Supplements","isPartOf":{"@id":"https:\/\/ecosupplements.be\/fr\/#website"},"primaryImageOfPage":{"@id":"https:\/\/ecosupplements.be\/fr\/produit\/extrait-de-the-vert-mega-legerement-cafeine-100-gelules\/#primaryimage"},"image":{"@id":"https:\/\/ecosupplements.be\/fr\/produit\/extrait-de-the-vert-mega-legerement-cafeine-100-gelules\/#primaryimage"},"thumbnailUrl":"https:\/\/ecosupplements.be\/wp-content\/uploads\/2025\/08\/Lightly-Caffeinated-Mega-Green-Tea-Extract-100-vcaps.jpg","datePublished":"2022-07-01T12:11:29+00:00","dateModified":"2025-08-27T13:33:03+00:00","description":"Wij hebben een ruime keuze aan producten van Extrait de th\u00e9 vert m\u00e9ga l\u00e9g\u00e8rement caf\u00e9in\u00e9 - 100 g\u00e9lules . Winkel bij Eco Supplements altijd gratis verzending boven 100\u20ac","breadcrumb":{"@id":"https:\/\/ecosupplements.be\/fr\/produit\/extrait-de-the-vert-mega-legerement-cafeine-100-gelules\/#breadcrumb"},"inLanguage":"fr-FR","potentialAction":[{"@type":"ReadAction","target":["https:\/\/ecosupplements.be\/fr\/produit\/extrait-de-the-vert-mega-legerement-cafeine-100-gelules\/"]}]},{"@type":"ImageObject","inLanguage":"fr-FR","@id":"https:\/\/ecosupplements.be\/fr\/produit\/extrait-de-the-vert-mega-legerement-cafeine-100-gelules\/#primaryimage","url":"https:\/\/ecosupplements.be\/wp-content\/uploads\/2025\/08\/Lightly-Caffeinated-Mega-Green-Tea-Extract-100-vcaps.jpg","contentUrl":"https:\/\/ecosupplements.be\/wp-content\/uploads\/2025\/08\/Lightly-Caffeinated-Mega-Green-Tea-Extract-100-vcaps.jpg","width":332,"height":600},{"@type":"BreadcrumbList","@id":"https:\/\/ecosupplements.be\/fr\/produit\/extrait-de-the-vert-mega-legerement-cafeine-100-gelules\/#breadcrumb","itemListElement":[{"@type":"ListItem","position":1,"name":"Home","item":"https:\/\/ecosupplements.be\/fr\/"},{"@type":"ListItem","position":2,"name":"Boutique","item":"https:\/\/ecosupplements.be\/fr\/boutique\/"},{"@type":"ListItem","position":3,"name":"Extrait de th\u00e9 vert m\u00e9ga l\u00e9g\u00e8rement caf\u00e9in\u00e9 &#8211; 100 g\u00e9lules"}]},{"@type":"WebSite","@id":"https:\/\/ecosupplements.be\/fr\/#website","url":"https:\/\/ecosupplements.be\/fr\/","name":"ECO Supplements","description":"Eco Supplements - Gezonde supplementen","publisher":{"@id":"https:\/\/ecosupplements.be\/fr\/#organization"},"potentialAction":[{"@type":"SearchAction","target":{"@type":"EntryPoint","urlTemplate":"https:\/\/ecosupplements.be\/fr\/?s={search_term_string}"},"query-input":{"@type":"PropertyValueSpecification","valueRequired":true,"valueName":"search_term_string"}}],"inLanguage":"fr-FR"},{"@type":"Organization","@id":"https:\/\/ecosupplements.be\/fr\/#organization","name":"Eco Supplements","url":"https:\/\/ecosupplements.be\/fr\/","logo":{"@type":"ImageObject","inLanguage":"fr-FR","@id":"https:\/\/ecosupplements.be\/fr\/#\/schema\/logo\/image\/","url":"https:\/\/ecosupplements.be\/wp-content\/uploads\/2022\/06\/ecosupplement-family.png","contentUrl":"https:\/\/ecosupplements.be\/wp-content\/uploads\/2022\/06\/ecosupplement-family.png","width":593,"height":374,"caption":"Eco Supplements"},"image":{"@id":"https:\/\/ecosupplements.be\/fr\/#\/schema\/logo\/image\/"}}]},"product_brand":"Life Extension","product_price_amount":"29.44","product_price_currency":"EUR","og_availability":"instock","product_availability":"instock","product_retailer_item_id":"737870953104","product_condition":"new"},"_links":{"self":[{"href":"https:\/\/ecosupplements.be\/fr\/wp-json\/wp\/v2\/product\/287974","targetHints":{"allow":["GET"]}}],"collection":[{"href":"https:\/\/ecosupplements.be\/fr\/wp-json\/wp\/v2\/product"}],"about":[{"href":"https:\/\/ecosupplements.be\/fr\/wp-json\/wp\/v2\/types\/product"}],"replies":[{"embeddable":true,"href":"https:\/\/ecosupplements.be\/fr\/wp-json\/wp\/v2\/comments?post=287974"}],"wp:featuredmedia":[{"embeddable":true,"href":"https:\/\/ecosupplements.be\/fr\/wp-json\/wp\/v2\/media\/259513"}],"wp:attachment":[{"href":"https:\/\/ecosupplements.be\/fr\/wp-json\/wp\/v2\/media?parent=287974"}],"wp:term":[{"taxonomy":"product_brand","embeddable":true,"href":"https:\/\/ecosupplements.be\/fr\/wp-json\/wp\/v2\/product_brand?post=287974"},{"taxonomy":"product_cat","embeddable":true,"href":"https:\/\/ecosupplements.be\/fr\/wp-json\/wp\/v2\/product_cat?post=287974"},{"taxonomy":"product_tag","embeddable":true,"href":"https:\/\/ecosupplements.be\/fr\/wp-json\/wp\/v2\/product_tag?post=287974"}],"curies":[{"name":"wp","href":"https:\/\/api.w.org\/{rel}","templated":true}]}}