{"id":287980,"date":"2022-07-14T20:56:40","date_gmt":"2022-07-14T19:56:40","guid":{"rendered":"https:\/\/ecosupplements.be\/product\/vitamine-d3-liquide-50mcg-29-ml\/"},"modified":"2025-08-27T14:33:11","modified_gmt":"2025-08-27T13:33:11","slug":"vitamine-d3-liquide-50mcg-29-ml","status":"publish","type":"product","link":"https:\/\/ecosupplements.be\/fr\/produit\/vitamine-d3-liquide-50mcg-29-ml\/","title":{"rendered":"Vitamine D3 liquide, 50mcg &#8211; 29 ml"},"content":{"rendered":"<h1> Liquid Vitamin D3, 50mcg &#8211; 29 ml. \u200c <\/h1>\n<p>  Obtenez \u200cvotre dose quotidienne\u200c de vitamine D3 \u2064avec ce suppl\u00e9ment liquide de Life Extension. Chaque bouteille contient 29 ml de vitamine D3 \u200bhautement \u2062absorbable, offrant\u200b 50mcg\u2064 par\u2063 dose.\u200b La vitamine D3 est essentielle pour maintenir une bonne sant\u00e9, en\u200b particulier \u200dpour la sant\u00e9 des \u200dos et des dents, la fonction \u2064immunitaire et la sant\u00e9\u200c cardiovasculaire. <\/p>\n<h2>  Caract\u00e9ristiques sp\u00e9ciales: <\/h2>\n<ul>\n<li>  50mcg de\u200c vitamine D3 par dose <\/li>\n<li>  Formule\u2064 liquide hautement absorbable <\/li>\n<li>  Sans gluten et sans OGM\u2063 <\/li>\n<li>  \u2063Fabriqu\u00e9 aux \u00c9tats-Unis <\/li>\n<\/ul>\n<h2>  Ingr\u00e9dients: <\/h2>\n<p>  \u200dVitamine D3 (sous forme de\u2062 chol\u00e9calcif\u00e9rol), huile d&#8217;olive extra vierge, antioxydant \u2063: \u200dtocoph\u00e9rols mixtes. <\/p>\n<h2>  Avantages uniques: <\/h2>\n<ul>\n<li>  La vitamine D3 est essentielle pour\u200b la\u2062 sant\u00e9 des os et des dents <\/li>\n<li>  Aide \u00e0 maintenir une fonction immunitaire saine <\/li>\n<li>  Favorise la sant\u00e9 cardiovasculaire <\/li>\n<li>  Formule liquide hautement absorbable pour une efficacit\u00e9 maximale \u200b <\/li>\n<\/ul>\n<h2>  \u2062Principales caract\u00e9ristiques: <\/h2>\n<ul>\n<li>  Contient 29 ml de vitamine D3 par bouteille <\/li>\n<li>  \u200c Offre 50mcg \u200dde vitamine D3 par dose <\/li>\n<li>  Facile \u00e0\u200b utiliser avec une pipette pour une\u200d mesure pr\u00e9cise <\/li>\n<li>  Sans gluten \u200bet sans OGM pour une formule pure et s\u00fbre <\/li>\n<\/ul>\n<p>  \u200c Ajoutez \u200cfacilement de la vitamine D3 \u200d\u00e0\u200b votre \u2064routine quotidienne avec ce \u200bsuppl\u00e9ment liquide pratique \u2062de Life\u200d Extension. Fabriqu\u00e9 aux \u00c9tats-Unis avec des ingr\u00e9dients de haute qualit\u00e9, il est id\u00e9al pour maintenir\u2062 une bonne sant\u00e9 et un bien-\u00eatre g\u00e9n\u00e9ral. Commandez d\u00e8s maintenant et profitez des \u200bbienfaits\u2062 de la vitamine D3 ! <\/p>\n","protected":false},"excerpt":{"rendered":"<p>Liquid Vitamin D3, 50mcg &#8211; 29 ml. \u200c Obtenez \u200cvotre dose quotidienne\u200c de vitamine D3 \u2064avec ce suppl\u00e9ment liquide de Life Extension. Chaque bouteille contient 29 ml de vitamine D3 \u200bhautement \u2062absorbable, offrant\u200b 50mcg\u2064 par\u2063 dose.\u200b La vitamine D3 est essentielle pour maintenir une bonne sant\u00e9, en\u200b particulier \u200dpour la sant\u00e9 des \u200dos et des [&#8230;]\n","protected":false},"featured_media":259652,"comment_status":"open","ping_status":"open","template":"","meta":[],"product_brand":[4723],"product_cat":[5052,5053,5059],"product_tag":[],"class_list":{"0":"post-287980","1":"product","2":"type-product","3":"status-publish","4":"has-post-thumbnail","6":"product_brand-life-extension-2","7":"product_cat-sante-et-bien-etre","8":"product_cat-vitamines-et-mineraux","9":"product_cat-vitamines-simples","11":"first","12":"instock","13":"taxable","14":"shipping-taxable","15":"purchasable","16":"product-type-simple"},"yoast_head":"<!-- This site is optimized with the Yoast SEO Premium plugin v27.3 (Yoast SEO v27.3) - https:\/\/yoast.com\/product\/yoast-seo-premium-wordpress\/ -->\n<title>Vitamine D3 liquide, 50mcg - 29 ml - ECO Supplements<\/title>\n<meta name=\"description\" content=\"Wij hebben een ruime keuze aan producten van Vitamine D3 liquide, 50mcg - 29 ml . Winkel bij Eco Supplements altijd gratis verzending boven 100\u20ac\" \/>\n<meta name=\"robots\" content=\"index, follow, max-snippet:-1, max-image-preview:large, max-video-preview:-1\" \/>\n<link rel=\"canonical\" href=\"https:\/\/ecosupplements.be\/fr\/produit\/vitamine-d3-liquide-50mcg-29-ml\/\" \/>\n<meta property=\"og:locale\" content=\"fr_FR\" \/>\n<meta property=\"og:type\" content=\"article\" \/>\n<meta property=\"og:title\" content=\"Vitamine D3 liquide, 50mcg - 29 ml\" \/>\n<meta property=\"og:description\" content=\"Wij hebben een ruime keuze aan producten van Vitamine D3 liquide, 50mcg - 29 ml . Winkel bij Eco Supplements altijd gratis verzending boven 100\u20ac\" \/>\n<meta property=\"og:url\" content=\"https:\/\/ecosupplements.be\/fr\/produit\/vitamine-d3-liquide-50mcg-29-ml\/\" \/>\n<meta property=\"og:site_name\" content=\"ECO Supplements\" \/>\n<meta property=\"article:modified_time\" content=\"2025-08-27T13:33:11+00:00\" \/>\n<meta property=\"og:image\" content=\"https:\/\/ecosupplements.be\/wp-content\/uploads\/2025\/08\/Liquid-Vitamin-D3-50mcg-29-ml-1.jpg\" \/>\n\t<meta property=\"og:image:width\" content=\"512\" \/>\n\t<meta property=\"og:image:height\" content=\"512\" \/>\n\t<meta property=\"og:image:type\" content=\"image\/jpeg\" \/>\n<meta name=\"twitter:card\" content=\"summary_large_image\" \/>\n<meta name=\"twitter:label1\" content=\"Prix\" \/>\n\t<meta name=\"twitter:data1\" content=\"29.36&nbsp;&euro;\" \/>\n\t<meta name=\"twitter:label2\" content=\"Disponibilit\u00e9\" \/>\n\t<meta name=\"twitter:data2\" content=\"En stock\" \/>\n<script type=\"application\/ld+json\" class=\"yoast-schema-graph\">{\"@context\":\"https:\\\/\\\/schema.org\",\"@graph\":[{\"@type\":[\"WebPage\",\"ItemPage\"],\"@id\":\"https:\\\/\\\/ecosupplements.be\\\/fr\\\/produit\\\/vitamine-d3-liquide-50mcg-29-ml\\\/\",\"url\":\"https:\\\/\\\/ecosupplements.be\\\/fr\\\/produit\\\/vitamine-d3-liquide-50mcg-29-ml\\\/\",\"name\":\"Vitamine D3 liquide, 50mcg - 29 ml - ECO Supplements\",\"isPartOf\":{\"@id\":\"https:\\\/\\\/ecosupplements.be\\\/fr\\\/#website\"},\"primaryImageOfPage\":{\"@id\":\"https:\\\/\\\/ecosupplements.be\\\/fr\\\/produit\\\/vitamine-d3-liquide-50mcg-29-ml\\\/#primaryimage\"},\"image\":{\"@id\":\"https:\\\/\\\/ecosupplements.be\\\/fr\\\/produit\\\/vitamine-d3-liquide-50mcg-29-ml\\\/#primaryimage\"},\"thumbnailUrl\":\"https:\\\/\\\/ecosupplements.be\\\/wp-content\\\/uploads\\\/2025\\\/08\\\/Liquid-Vitamin-D3-50mcg-29-ml.jpg\",\"datePublished\":\"2022-07-14T19:56:40+00:00\",\"dateModified\":\"2025-08-27T13:33:11+00:00\",\"description\":\"Wij hebben een ruime keuze aan producten van Vitamine D3 liquide, 50mcg - 29 ml . Winkel bij Eco Supplements altijd gratis verzending boven 100\u20ac\",\"breadcrumb\":{\"@id\":\"https:\\\/\\\/ecosupplements.be\\\/fr\\\/produit\\\/vitamine-d3-liquide-50mcg-29-ml\\\/#breadcrumb\"},\"inLanguage\":\"fr-FR\",\"potentialAction\":[{\"@type\":\"ReadAction\",\"target\":[\"https:\\\/\\\/ecosupplements.be\\\/fr\\\/produit\\\/vitamine-d3-liquide-50mcg-29-ml\\\/\"]}]},{\"@type\":\"ImageObject\",\"inLanguage\":\"fr-FR\",\"@id\":\"https:\\\/\\\/ecosupplements.be\\\/fr\\\/produit\\\/vitamine-d3-liquide-50mcg-29-ml\\\/#primaryimage\",\"url\":\"https:\\\/\\\/ecosupplements.be\\\/wp-content\\\/uploads\\\/2025\\\/08\\\/Liquid-Vitamin-D3-50mcg-29-ml.jpg\",\"contentUrl\":\"https:\\\/\\\/ecosupplements.be\\\/wp-content\\\/uploads\\\/2025\\\/08\\\/Liquid-Vitamin-D3-50mcg-29-ml.jpg\",\"width\":512,\"height\":512},{\"@type\":\"BreadcrumbList\",\"@id\":\"https:\\\/\\\/ecosupplements.be\\\/fr\\\/produit\\\/vitamine-d3-liquide-50mcg-29-ml\\\/#breadcrumb\",\"itemListElement\":[{\"@type\":\"ListItem\",\"position\":1,\"name\":\"Home\",\"item\":\"https:\\\/\\\/ecosupplements.be\\\/fr\\\/\"},{\"@type\":\"ListItem\",\"position\":2,\"name\":\"Boutique\",\"item\":\"https:\\\/\\\/ecosupplements.be\\\/fr\\\/boutique\\\/\"},{\"@type\":\"ListItem\",\"position\":3,\"name\":\"Vitamine D3 liquide, 50mcg &#8211; 29 ml\"}]},{\"@type\":\"WebSite\",\"@id\":\"https:\\\/\\\/ecosupplements.be\\\/fr\\\/#website\",\"url\":\"https:\\\/\\\/ecosupplements.be\\\/fr\\\/\",\"name\":\"ECO Supplements\",\"description\":\"Eco Supplements - Gezonde supplementen\",\"publisher\":{\"@id\":\"https:\\\/\\\/ecosupplements.be\\\/fr\\\/#organization\"},\"potentialAction\":[{\"@type\":\"SearchAction\",\"target\":{\"@type\":\"EntryPoint\",\"urlTemplate\":\"https:\\\/\\\/ecosupplements.be\\\/fr\\\/?s={search_term_string}\"},\"query-input\":{\"@type\":\"PropertyValueSpecification\",\"valueRequired\":true,\"valueName\":\"search_term_string\"}}],\"inLanguage\":\"fr-FR\"},{\"@type\":\"Organization\",\"@id\":\"https:\\\/\\\/ecosupplements.be\\\/fr\\\/#organization\",\"name\":\"Eco Supplements\",\"url\":\"https:\\\/\\\/ecosupplements.be\\\/fr\\\/\",\"logo\":{\"@type\":\"ImageObject\",\"inLanguage\":\"fr-FR\",\"@id\":\"https:\\\/\\\/ecosupplements.be\\\/fr\\\/#\\\/schema\\\/logo\\\/image\\\/\",\"url\":\"https:\\\/\\\/ecosupplements.be\\\/wp-content\\\/uploads\\\/2022\\\/06\\\/ecosupplement-family.png\",\"contentUrl\":\"https:\\\/\\\/ecosupplements.be\\\/wp-content\\\/uploads\\\/2022\\\/06\\\/ecosupplement-family.png\",\"width\":593,\"height\":374,\"caption\":\"Eco Supplements\"},\"image\":{\"@id\":\"https:\\\/\\\/ecosupplements.be\\\/fr\\\/#\\\/schema\\\/logo\\\/image\\\/\"}}]}<\/script>\n<meta property=\"product:brand\" content=\"Life Extension\" \/>\n<meta property=\"product:price:amount\" content=\"29.36\" \/>\n<meta property=\"product:price:currency\" content=\"EUR\" \/>\n<meta property=\"og:availability\" content=\"instock\" \/>\n<meta property=\"product:availability\" content=\"instock\" \/>\n<meta property=\"product:retailer_item_id\" content=\"737870224419\" \/>\n<meta property=\"product:condition\" content=\"new\" \/>\n<!-- \/ Yoast SEO Premium plugin. -->","yoast_head_json":{"title":"Vitamine D3 liquide, 50mcg - 29 ml - ECO Supplements","description":"Wij hebben een ruime keuze aan producten van Vitamine D3 liquide, 50mcg - 29 ml . Winkel bij Eco Supplements altijd gratis verzending boven 100\u20ac","robots":{"index":"index","follow":"follow","max-snippet":"max-snippet:-1","max-image-preview":"max-image-preview:large","max-video-preview":"max-video-preview:-1"},"canonical":"https:\/\/ecosupplements.be\/fr\/produit\/vitamine-d3-liquide-50mcg-29-ml\/","og_locale":"fr_FR","og_type":"article","og_title":"Vitamine D3 liquide, 50mcg - 29 ml","og_description":"Wij hebben een ruime keuze aan producten van Vitamine D3 liquide, 50mcg - 29 ml . Winkel bij Eco Supplements altijd gratis verzending boven 100\u20ac","og_url":"https:\/\/ecosupplements.be\/fr\/produit\/vitamine-d3-liquide-50mcg-29-ml\/","og_site_name":"ECO Supplements","article_modified_time":"2025-08-27T13:33:11+00:00","og_image":[{"width":512,"height":512,"url":"https:\/\/ecosupplements.be\/wp-content\/uploads\/2025\/08\/Liquid-Vitamin-D3-50mcg-29-ml-1.jpg","type":"image\/jpeg"}],"twitter_card":"summary_large_image","twitter_misc":{"Prix":"29.36&nbsp;&euro;","Disponibilit\u00e9":"En stock"},"schema":{"@context":"https:\/\/schema.org","@graph":[{"@type":["WebPage","ItemPage"],"@id":"https:\/\/ecosupplements.be\/fr\/produit\/vitamine-d3-liquide-50mcg-29-ml\/","url":"https:\/\/ecosupplements.be\/fr\/produit\/vitamine-d3-liquide-50mcg-29-ml\/","name":"Vitamine D3 liquide, 50mcg - 29 ml - ECO Supplements","isPartOf":{"@id":"https:\/\/ecosupplements.be\/fr\/#website"},"primaryImageOfPage":{"@id":"https:\/\/ecosupplements.be\/fr\/produit\/vitamine-d3-liquide-50mcg-29-ml\/#primaryimage"},"image":{"@id":"https:\/\/ecosupplements.be\/fr\/produit\/vitamine-d3-liquide-50mcg-29-ml\/#primaryimage"},"thumbnailUrl":"https:\/\/ecosupplements.be\/wp-content\/uploads\/2025\/08\/Liquid-Vitamin-D3-50mcg-29-ml.jpg","datePublished":"2022-07-14T19:56:40+00:00","dateModified":"2025-08-27T13:33:11+00:00","description":"Wij hebben een ruime keuze aan producten van Vitamine D3 liquide, 50mcg - 29 ml . Winkel bij Eco Supplements altijd gratis verzending boven 100\u20ac","breadcrumb":{"@id":"https:\/\/ecosupplements.be\/fr\/produit\/vitamine-d3-liquide-50mcg-29-ml\/#breadcrumb"},"inLanguage":"fr-FR","potentialAction":[{"@type":"ReadAction","target":["https:\/\/ecosupplements.be\/fr\/produit\/vitamine-d3-liquide-50mcg-29-ml\/"]}]},{"@type":"ImageObject","inLanguage":"fr-FR","@id":"https:\/\/ecosupplements.be\/fr\/produit\/vitamine-d3-liquide-50mcg-29-ml\/#primaryimage","url":"https:\/\/ecosupplements.be\/wp-content\/uploads\/2025\/08\/Liquid-Vitamin-D3-50mcg-29-ml.jpg","contentUrl":"https:\/\/ecosupplements.be\/wp-content\/uploads\/2025\/08\/Liquid-Vitamin-D3-50mcg-29-ml.jpg","width":512,"height":512},{"@type":"BreadcrumbList","@id":"https:\/\/ecosupplements.be\/fr\/produit\/vitamine-d3-liquide-50mcg-29-ml\/#breadcrumb","itemListElement":[{"@type":"ListItem","position":1,"name":"Home","item":"https:\/\/ecosupplements.be\/fr\/"},{"@type":"ListItem","position":2,"name":"Boutique","item":"https:\/\/ecosupplements.be\/fr\/boutique\/"},{"@type":"ListItem","position":3,"name":"Vitamine D3 liquide, 50mcg &#8211; 29 ml"}]},{"@type":"WebSite","@id":"https:\/\/ecosupplements.be\/fr\/#website","url":"https:\/\/ecosupplements.be\/fr\/","name":"ECO Supplements","description":"Eco Supplements - Gezonde supplementen","publisher":{"@id":"https:\/\/ecosupplements.be\/fr\/#organization"},"potentialAction":[{"@type":"SearchAction","target":{"@type":"EntryPoint","urlTemplate":"https:\/\/ecosupplements.be\/fr\/?s={search_term_string}"},"query-input":{"@type":"PropertyValueSpecification","valueRequired":true,"valueName":"search_term_string"}}],"inLanguage":"fr-FR"},{"@type":"Organization","@id":"https:\/\/ecosupplements.be\/fr\/#organization","name":"Eco Supplements","url":"https:\/\/ecosupplements.be\/fr\/","logo":{"@type":"ImageObject","inLanguage":"fr-FR","@id":"https:\/\/ecosupplements.be\/fr\/#\/schema\/logo\/image\/","url":"https:\/\/ecosupplements.be\/wp-content\/uploads\/2022\/06\/ecosupplement-family.png","contentUrl":"https:\/\/ecosupplements.be\/wp-content\/uploads\/2022\/06\/ecosupplement-family.png","width":593,"height":374,"caption":"Eco Supplements"},"image":{"@id":"https:\/\/ecosupplements.be\/fr\/#\/schema\/logo\/image\/"}}]},"product_brand":"Life Extension","product_price_amount":"29.36","product_price_currency":"EUR","og_availability":"instock","product_availability":"instock","product_retailer_item_id":"737870224419","product_condition":"new"},"_links":{"self":[{"href":"https:\/\/ecosupplements.be\/fr\/wp-json\/wp\/v2\/product\/287980","targetHints":{"allow":["GET"]}}],"collection":[{"href":"https:\/\/ecosupplements.be\/fr\/wp-json\/wp\/v2\/product"}],"about":[{"href":"https:\/\/ecosupplements.be\/fr\/wp-json\/wp\/v2\/types\/product"}],"replies":[{"embeddable":true,"href":"https:\/\/ecosupplements.be\/fr\/wp-json\/wp\/v2\/comments?post=287980"}],"wp:featuredmedia":[{"embeddable":true,"href":"https:\/\/ecosupplements.be\/fr\/wp-json\/wp\/v2\/media\/259652"}],"wp:attachment":[{"href":"https:\/\/ecosupplements.be\/fr\/wp-json\/wp\/v2\/media?parent=287980"}],"wp:term":[{"taxonomy":"product_brand","embeddable":true,"href":"https:\/\/ecosupplements.be\/fr\/wp-json\/wp\/v2\/product_brand?post=287980"},{"taxonomy":"product_cat","embeddable":true,"href":"https:\/\/ecosupplements.be\/fr\/wp-json\/wp\/v2\/product_cat?post=287980"},{"taxonomy":"product_tag","embeddable":true,"href":"https:\/\/ecosupplements.be\/fr\/wp-json\/wp\/v2\/product_tag?post=287980"}],"curies":[{"name":"wp","href":"https:\/\/api.w.org\/{rel}","templated":true}]}}