{"id":287986,"date":"2022-07-14T20:56:58","date_gmt":"2022-07-14T19:56:58","guid":{"rendered":"https:\/\/ecosupplements.be\/product\/melatonine-300mcg-100-gelules\/"},"modified":"2025-08-27T14:33:16","modified_gmt":"2025-08-27T13:33:16","slug":"melatonine-300mcg-100-gelules","status":"publish","type":"product","link":"https:\/\/ecosupplements.be\/fr\/produit\/melatonine-300mcg-100-gelules\/","title":{"rendered":"M\u00e9latonine, 300mcg &#8211; 100 g\u00e9lules"},"content":{"rendered":"<h1>Melatonin, 300mcg \u200c- 100 vcaps<\/h1>\n<p>La m\u00e9latonine est une hormone naturelle produite par la glande pin\u00e9ale dans le cerveau.\u2063 Elle joue un r\u00f4le important dans la r\u00e9gulation du cycle veille-sommeil et\u2064 est souvent appel\u00e9e &#8220;hormone du sommeil&#8221;. Cependant, la m\u00e9latonine a \u00e9galement d&#8217;autres fonctions importantes dans\u200b le corps, telles que \u200bla r\u00e9gulation du syst\u00e8me immunitaire et la protection contre le\u2062 stress\u200c oxydatif.<\/p>\n<p>Les niveaux de m\u00e9latonine dans \u2064le corps diminuent avec l&#8217;\u00e2ge, ce qui peut entra\u00eener des probl\u00e8mes de sommeil et d&#8217;autres\u200b probl\u00e8mes de \u2064sant\u00e9.\u200c C&#8217;est pourquoi il peut \u00eatre b\u00e9n\u00e9fique de prendre un suppl\u00e9ment de m\u00e9latonine\u200c pour maintenir des niveaux sains de\u200c cette hormone.<\/p>\n<p>Les \u2062capsules de\u2062 m\u00e9latonine de Life Extension contiennent 300mcg de m\u00e9latonine pure par capsule, ce qui en fait un\u2064 dosage id\u00e9al pour ceux qui cherchent \u00e0 am\u00e9liorer\u2062 leur sommeil et leur sant\u00e9 globale. Ce suppl\u00e9ment est \u00e9galement \u200bv\u00e9g\u00e9tarien et sans gluten, ce qui le rend adapt\u00e9 \u00e0 un large public.<\/p>\n<h2>Ingr\u00e9dients cl\u00e9s:<\/h2>\n<ul>\n<li>M\u00e9latonine pure &#8211; 300mcg\u2062 par \u2064capsule<\/li>\n<li>V\u00e9g\u00e9tarien et sans gluten<\/li>\n<li>Produit aux \u00c9tats-Unis<\/li>\n<\/ul>\n<h2>Avantages pour la sant\u00e9:<\/h2>\n<ul>\n<li>Am\u00e9liore la qualit\u00e9 du sommeil<\/li>\n<li>R\u00e9gule le cycle veille-sommeil<\/li>\n<li>Soutient \u200ble syst\u00e8me immunitaire<\/li>\n<li>Prot\u00e8ge contre le stress\u2063 oxydatif<\/li>\n<li>Convient \u00e0 un large public<\/li>\n<\/ul>\n<p>Prendre une capsule de\u200d m\u00e9latonine 30 minutes avant le\u2063 coucher peut aider \u00e0 am\u00e9liorer la qualit\u00e9 du sommeil et \u00e0 r\u00e9guler le cycle veille-sommeil. En \u2062plus de ses bienfaits pour le sommeil, la m\u00e9latonine peut \u00e9galement soutenir le\u2063 syst\u00e8me immunitaire et prot\u00e9ger contre le \u200dstress oxydatif, ce qui en fait un suppl\u00e9ment polyvalent pour la sant\u00e9\u2062 globale.<\/p>\n<p>Choisissez la m\u00e9latonine de\u2062 Life Extension pour un sommeil r\u00e9parateur et une sant\u00e9 optimale.<\/p>\n","protected":false},"excerpt":{"rendered":"<p>Melatonin, 300mcg \u200c- 100 vcaps La m\u00e9latonine est une hormone naturelle produite par la glande pin\u00e9ale dans le cerveau.\u2063 Elle joue un r\u00f4le important dans la r\u00e9gulation du cycle veille-sommeil et\u2064 est souvent appel\u00e9e &#8220;hormone du sommeil&#8221;. Cependant, la m\u00e9latonine a \u00e9galement d&#8217;autres fonctions importantes dans\u200b le corps, telles que \u200bla r\u00e9gulation du syst\u00e8me immunitaire [&#8230;]\n","protected":false},"featured_media":259658,"comment_status":"open","ping_status":"open","template":"","meta":[],"product_brand":[4723],"product_cat":[5159,5160,5052,5123],"product_tag":[],"class_list":{"0":"post-287986","1":"product","2":"type-product","3":"status-publish","4":"has-post-thumbnail","6":"product_brand-life-extension-2","7":"product_cat-aide-au-sommeil","8":"product_cat-melatonine-aide-au-sommeil","9":"product_cat-sante-et-bien-etre","10":"product_cat-soutien-du-systeme-immunitaire","12":"first","13":"instock","14":"taxable","15":"shipping-taxable","16":"purchasable","17":"product-type-simple"},"yoast_head":"<!-- This site is optimized with the Yoast SEO Premium plugin v27.3 (Yoast SEO v27.3) - https:\/\/yoast.com\/product\/yoast-seo-premium-wordpress\/ -->\n<title>M\u00e9latonine, 300mcg - 100 g\u00e9lules - ECO Supplements<\/title>\n<meta name=\"description\" content=\"Wij hebben een ruime keuze aan producten van M\u00e9latonine, 300mcg - 100 g\u00e9lules . Winkel bij Eco Supplements altijd gratis verzending boven 100\u20ac\" \/>\n<meta name=\"robots\" content=\"index, follow, max-snippet:-1, max-image-preview:large, max-video-preview:-1\" \/>\n<link rel=\"canonical\" href=\"https:\/\/ecosupplements.be\/fr\/produit\/melatonine-300mcg-100-gelules\/\" \/>\n<meta property=\"og:locale\" content=\"fr_FR\" \/>\n<meta property=\"og:type\" content=\"article\" \/>\n<meta property=\"og:title\" content=\"M\u00e9latonine, 300mcg - 100 g\u00e9lules\" \/>\n<meta property=\"og:description\" content=\"Wij hebben een ruime keuze aan producten van M\u00e9latonine, 300mcg - 100 g\u00e9lules . Winkel bij Eco Supplements altijd gratis verzending boven 100\u20ac\" \/>\n<meta property=\"og:url\" content=\"https:\/\/ecosupplements.be\/fr\/produit\/melatonine-300mcg-100-gelules\/\" \/>\n<meta property=\"og:site_name\" content=\"ECO Supplements\" \/>\n<meta property=\"article:modified_time\" content=\"2025-08-27T13:33:16+00:00\" \/>\n<meta property=\"og:image\" content=\"https:\/\/ecosupplements.be\/wp-content\/uploads\/2025\/08\/Melatonin-300mcg-100-vcaps-1.jpg\" \/>\n\t<meta property=\"og:image:width\" content=\"229\" \/>\n\t<meta property=\"og:image:height\" content=\"418\" \/>\n\t<meta property=\"og:image:type\" content=\"image\/jpeg\" \/>\n<meta name=\"twitter:card\" content=\"summary_large_image\" \/>\n<meta name=\"twitter:label1\" content=\"Prix\" \/>\n\t<meta name=\"twitter:data1\" content=\"12.88&nbsp;&euro;\" \/>\n\t<meta name=\"twitter:label2\" content=\"Disponibilit\u00e9\" \/>\n\t<meta name=\"twitter:data2\" content=\"En stock\" \/>\n<script type=\"application\/ld+json\" class=\"yoast-schema-graph\">{\"@context\":\"https:\\\/\\\/schema.org\",\"@graph\":[{\"@type\":[\"WebPage\",\"ItemPage\"],\"@id\":\"https:\\\/\\\/ecosupplements.be\\\/fr\\\/produit\\\/melatonine-300mcg-100-gelules\\\/\",\"url\":\"https:\\\/\\\/ecosupplements.be\\\/fr\\\/produit\\\/melatonine-300mcg-100-gelules\\\/\",\"name\":\"M\u00e9latonine, 300mcg - 100 g\u00e9lules - ECO Supplements\",\"isPartOf\":{\"@id\":\"https:\\\/\\\/ecosupplements.be\\\/fr\\\/#website\"},\"primaryImageOfPage\":{\"@id\":\"https:\\\/\\\/ecosupplements.be\\\/fr\\\/produit\\\/melatonine-300mcg-100-gelules\\\/#primaryimage\"},\"image\":{\"@id\":\"https:\\\/\\\/ecosupplements.be\\\/fr\\\/produit\\\/melatonine-300mcg-100-gelules\\\/#primaryimage\"},\"thumbnailUrl\":\"https:\\\/\\\/ecosupplements.be\\\/wp-content\\\/uploads\\\/2025\\\/08\\\/Melatonin-300mcg-100-vcaps.jpg\",\"datePublished\":\"2022-07-14T19:56:58+00:00\",\"dateModified\":\"2025-08-27T13:33:16+00:00\",\"description\":\"Wij hebben een ruime keuze aan producten van M\u00e9latonine, 300mcg - 100 g\u00e9lules . Winkel bij Eco Supplements altijd gratis verzending boven 100\u20ac\",\"breadcrumb\":{\"@id\":\"https:\\\/\\\/ecosupplements.be\\\/fr\\\/produit\\\/melatonine-300mcg-100-gelules\\\/#breadcrumb\"},\"inLanguage\":\"fr-FR\",\"potentialAction\":[{\"@type\":\"ReadAction\",\"target\":[\"https:\\\/\\\/ecosupplements.be\\\/fr\\\/produit\\\/melatonine-300mcg-100-gelules\\\/\"]}]},{\"@type\":\"ImageObject\",\"inLanguage\":\"fr-FR\",\"@id\":\"https:\\\/\\\/ecosupplements.be\\\/fr\\\/produit\\\/melatonine-300mcg-100-gelules\\\/#primaryimage\",\"url\":\"https:\\\/\\\/ecosupplements.be\\\/wp-content\\\/uploads\\\/2025\\\/08\\\/Melatonin-300mcg-100-vcaps.jpg\",\"contentUrl\":\"https:\\\/\\\/ecosupplements.be\\\/wp-content\\\/uploads\\\/2025\\\/08\\\/Melatonin-300mcg-100-vcaps.jpg\",\"width\":229,\"height\":418},{\"@type\":\"BreadcrumbList\",\"@id\":\"https:\\\/\\\/ecosupplements.be\\\/fr\\\/produit\\\/melatonine-300mcg-100-gelules\\\/#breadcrumb\",\"itemListElement\":[{\"@type\":\"ListItem\",\"position\":1,\"name\":\"Home\",\"item\":\"https:\\\/\\\/ecosupplements.be\\\/fr\\\/\"},{\"@type\":\"ListItem\",\"position\":2,\"name\":\"Boutique\",\"item\":\"https:\\\/\\\/ecosupplements.be\\\/fr\\\/boutique\\\/\"},{\"@type\":\"ListItem\",\"position\":3,\"name\":\"M\u00e9latonine, 300mcg &#8211; 100 g\u00e9lules\"}]},{\"@type\":\"WebSite\",\"@id\":\"https:\\\/\\\/ecosupplements.be\\\/fr\\\/#website\",\"url\":\"https:\\\/\\\/ecosupplements.be\\\/fr\\\/\",\"name\":\"ECO Supplements\",\"description\":\"Eco Supplements - Gezonde supplementen\",\"publisher\":{\"@id\":\"https:\\\/\\\/ecosupplements.be\\\/fr\\\/#organization\"},\"potentialAction\":[{\"@type\":\"SearchAction\",\"target\":{\"@type\":\"EntryPoint\",\"urlTemplate\":\"https:\\\/\\\/ecosupplements.be\\\/fr\\\/?s={search_term_string}\"},\"query-input\":{\"@type\":\"PropertyValueSpecification\",\"valueRequired\":true,\"valueName\":\"search_term_string\"}}],\"inLanguage\":\"fr-FR\"},{\"@type\":\"Organization\",\"@id\":\"https:\\\/\\\/ecosupplements.be\\\/fr\\\/#organization\",\"name\":\"Eco Supplements\",\"url\":\"https:\\\/\\\/ecosupplements.be\\\/fr\\\/\",\"logo\":{\"@type\":\"ImageObject\",\"inLanguage\":\"fr-FR\",\"@id\":\"https:\\\/\\\/ecosupplements.be\\\/fr\\\/#\\\/schema\\\/logo\\\/image\\\/\",\"url\":\"https:\\\/\\\/ecosupplements.be\\\/wp-content\\\/uploads\\\/2022\\\/06\\\/ecosupplement-family.png\",\"contentUrl\":\"https:\\\/\\\/ecosupplements.be\\\/wp-content\\\/uploads\\\/2022\\\/06\\\/ecosupplement-family.png\",\"width\":593,\"height\":374,\"caption\":\"Eco Supplements\"},\"image\":{\"@id\":\"https:\\\/\\\/ecosupplements.be\\\/fr\\\/#\\\/schema\\\/logo\\\/image\\\/\"}}]}<\/script>\n<meta property=\"product:brand\" content=\"Life Extension\" \/>\n<meta property=\"product:price:amount\" content=\"12.88\" \/>\n<meta property=\"product:price:currency\" content=\"EUR\" \/>\n<meta property=\"og:availability\" content=\"instock\" \/>\n<meta property=\"product:availability\" content=\"instock\" \/>\n<meta property=\"product:retailer_item_id\" content=\"737870166818\" \/>\n<meta property=\"product:condition\" content=\"new\" \/>\n<!-- \/ Yoast SEO Premium plugin. -->","yoast_head_json":{"title":"M\u00e9latonine, 300mcg - 100 g\u00e9lules - ECO Supplements","description":"Wij hebben een ruime keuze aan producten van M\u00e9latonine, 300mcg - 100 g\u00e9lules . Winkel bij Eco Supplements altijd gratis verzending boven 100\u20ac","robots":{"index":"index","follow":"follow","max-snippet":"max-snippet:-1","max-image-preview":"max-image-preview:large","max-video-preview":"max-video-preview:-1"},"canonical":"https:\/\/ecosupplements.be\/fr\/produit\/melatonine-300mcg-100-gelules\/","og_locale":"fr_FR","og_type":"article","og_title":"M\u00e9latonine, 300mcg - 100 g\u00e9lules","og_description":"Wij hebben een ruime keuze aan producten van M\u00e9latonine, 300mcg - 100 g\u00e9lules . Winkel bij Eco Supplements altijd gratis verzending boven 100\u20ac","og_url":"https:\/\/ecosupplements.be\/fr\/produit\/melatonine-300mcg-100-gelules\/","og_site_name":"ECO Supplements","article_modified_time":"2025-08-27T13:33:16+00:00","og_image":[{"width":229,"height":418,"url":"https:\/\/ecosupplements.be\/wp-content\/uploads\/2025\/08\/Melatonin-300mcg-100-vcaps-1.jpg","type":"image\/jpeg"}],"twitter_card":"summary_large_image","twitter_misc":{"Prix":"12.88&nbsp;&euro;","Disponibilit\u00e9":"En stock"},"schema":{"@context":"https:\/\/schema.org","@graph":[{"@type":["WebPage","ItemPage"],"@id":"https:\/\/ecosupplements.be\/fr\/produit\/melatonine-300mcg-100-gelules\/","url":"https:\/\/ecosupplements.be\/fr\/produit\/melatonine-300mcg-100-gelules\/","name":"M\u00e9latonine, 300mcg - 100 g\u00e9lules - ECO Supplements","isPartOf":{"@id":"https:\/\/ecosupplements.be\/fr\/#website"},"primaryImageOfPage":{"@id":"https:\/\/ecosupplements.be\/fr\/produit\/melatonine-300mcg-100-gelules\/#primaryimage"},"image":{"@id":"https:\/\/ecosupplements.be\/fr\/produit\/melatonine-300mcg-100-gelules\/#primaryimage"},"thumbnailUrl":"https:\/\/ecosupplements.be\/wp-content\/uploads\/2025\/08\/Melatonin-300mcg-100-vcaps.jpg","datePublished":"2022-07-14T19:56:58+00:00","dateModified":"2025-08-27T13:33:16+00:00","description":"Wij hebben een ruime keuze aan producten van M\u00e9latonine, 300mcg - 100 g\u00e9lules . Winkel bij Eco Supplements altijd gratis verzending boven 100\u20ac","breadcrumb":{"@id":"https:\/\/ecosupplements.be\/fr\/produit\/melatonine-300mcg-100-gelules\/#breadcrumb"},"inLanguage":"fr-FR","potentialAction":[{"@type":"ReadAction","target":["https:\/\/ecosupplements.be\/fr\/produit\/melatonine-300mcg-100-gelules\/"]}]},{"@type":"ImageObject","inLanguage":"fr-FR","@id":"https:\/\/ecosupplements.be\/fr\/produit\/melatonine-300mcg-100-gelules\/#primaryimage","url":"https:\/\/ecosupplements.be\/wp-content\/uploads\/2025\/08\/Melatonin-300mcg-100-vcaps.jpg","contentUrl":"https:\/\/ecosupplements.be\/wp-content\/uploads\/2025\/08\/Melatonin-300mcg-100-vcaps.jpg","width":229,"height":418},{"@type":"BreadcrumbList","@id":"https:\/\/ecosupplements.be\/fr\/produit\/melatonine-300mcg-100-gelules\/#breadcrumb","itemListElement":[{"@type":"ListItem","position":1,"name":"Home","item":"https:\/\/ecosupplements.be\/fr\/"},{"@type":"ListItem","position":2,"name":"Boutique","item":"https:\/\/ecosupplements.be\/fr\/boutique\/"},{"@type":"ListItem","position":3,"name":"M\u00e9latonine, 300mcg &#8211; 100 g\u00e9lules"}]},{"@type":"WebSite","@id":"https:\/\/ecosupplements.be\/fr\/#website","url":"https:\/\/ecosupplements.be\/fr\/","name":"ECO Supplements","description":"Eco Supplements - Gezonde supplementen","publisher":{"@id":"https:\/\/ecosupplements.be\/fr\/#organization"},"potentialAction":[{"@type":"SearchAction","target":{"@type":"EntryPoint","urlTemplate":"https:\/\/ecosupplements.be\/fr\/?s={search_term_string}"},"query-input":{"@type":"PropertyValueSpecification","valueRequired":true,"valueName":"search_term_string"}}],"inLanguage":"fr-FR"},{"@type":"Organization","@id":"https:\/\/ecosupplements.be\/fr\/#organization","name":"Eco Supplements","url":"https:\/\/ecosupplements.be\/fr\/","logo":{"@type":"ImageObject","inLanguage":"fr-FR","@id":"https:\/\/ecosupplements.be\/fr\/#\/schema\/logo\/image\/","url":"https:\/\/ecosupplements.be\/wp-content\/uploads\/2022\/06\/ecosupplement-family.png","contentUrl":"https:\/\/ecosupplements.be\/wp-content\/uploads\/2022\/06\/ecosupplement-family.png","width":593,"height":374,"caption":"Eco Supplements"},"image":{"@id":"https:\/\/ecosupplements.be\/fr\/#\/schema\/logo\/image\/"}}]},"product_brand":"Life Extension","product_price_amount":"12.88","product_price_currency":"EUR","og_availability":"instock","product_availability":"instock","product_retailer_item_id":"737870166818","product_condition":"new"},"_links":{"self":[{"href":"https:\/\/ecosupplements.be\/fr\/wp-json\/wp\/v2\/product\/287986","targetHints":{"allow":["GET"]}}],"collection":[{"href":"https:\/\/ecosupplements.be\/fr\/wp-json\/wp\/v2\/product"}],"about":[{"href":"https:\/\/ecosupplements.be\/fr\/wp-json\/wp\/v2\/types\/product"}],"replies":[{"embeddable":true,"href":"https:\/\/ecosupplements.be\/fr\/wp-json\/wp\/v2\/comments?post=287986"}],"wp:featuredmedia":[{"embeddable":true,"href":"https:\/\/ecosupplements.be\/fr\/wp-json\/wp\/v2\/media\/259658"}],"wp:attachment":[{"href":"https:\/\/ecosupplements.be\/fr\/wp-json\/wp\/v2\/media?parent=287986"}],"wp:term":[{"taxonomy":"product_brand","embeddable":true,"href":"https:\/\/ecosupplements.be\/fr\/wp-json\/wp\/v2\/product_brand?post=287986"},{"taxonomy":"product_cat","embeddable":true,"href":"https:\/\/ecosupplements.be\/fr\/wp-json\/wp\/v2\/product_cat?post=287986"},{"taxonomy":"product_tag","embeddable":true,"href":"https:\/\/ecosupplements.be\/fr\/wp-json\/wp\/v2\/product_tag?post=287986"}],"curies":[{"name":"wp","href":"https:\/\/api.w.org\/{rel}","templated":true}]}}